
{"id":221,"date":"2023-10-19T10:33:51","date_gmt":"2023-10-19T08:33:51","guid":{"rendered":"https:\/\/immobilierlocal.ch\/c\/221-2\/"},"modified":"2024-08-05T20:21:21","modified_gmt":"2024-08-05T18:21:21","slug":"estimation-immobiliere-a-chavornay","status":"publish","type":"page","link":"https:\/\/www.immobilierlocal.ch\/c\/estimation-immobiliere-canton-vaud\/estimation-immobiliere-a-chavornay\/","title":{"rendered":"Estimation immobili\u00e8re \u00e0 Chavornay"},"content":{"rendered":"<p>B\u00e9n\u00e9ficiez d&rsquo;une estimation en ligne gratuite et pr\u00e9cise \u00e0 Chavornay. Si n\u00e9cessaire, un expert viendra sur place pour r\u00e9aliser une estimation plus pr\u00e9cise de votre bien. Vendre son bien avec Immobilierlocal, c&rsquo;est la garantie de vendre son bien \u00e0 un tr\u00e8s bon prix et en toute tranquillit\u00e9.<\/p>\n\n<h2>Derni\u00e8res estimations \u00e0 Chavornay par secteur<\/h2>\n<div class=\"estimates-lastest\"><ul><li>Pour un appartement 6.5 pi\u00e8ces \u00e0 Chavornay, surface pond\u00e9r\u00e9e (m\u00b2) : 95, orientation Ouest, avec balcon, transports fr\u00e9quence limit\u00e9e, avec parking, commodit\u00e9s et \u00e9coles limit\u00e9es, situation ordinaire, CHF 6'917 \/ m\u00b2<\/li><li>Pour un appartement 5.5 pi\u00e8ces \u00e0 Chavornay, surface pond\u00e9r\u00e9e (m\u00b2) : 110, orientation Ouest, sans balcon, transports fr\u00e9quence limit\u00e9e, avec parking, commodit\u00e9s et \u00e9coles limit\u00e9es, situation ordinaire, CHF 7'091 \/ m\u00b2<\/li><li>Pour un appartement 5 pi\u00e8ces \u00e0 Chavornay, surface pond\u00e9r\u00e9e (m\u00b2) : 115, orientation Ouest, sans balcon, transports fr\u00e9quence limit\u00e9e, avec parking, commodit\u00e9s et \u00e9coles limit\u00e9es, situation ordinaire, CHF 6'935 \/ m\u00b2<\/li><\/ul><\/div>\n<h2>Estimation de la valeur des maisons \u00e0 Chavornay selon le nombre de pi\u00e8ces<\/h2>\n<div class=\"estimates-room\"><ul><li>Pour une maison 6 pi\u00e8ces \u00e0 Chavornay, volume (m\u00b3) : 607.5 et terrain (m\u00b2) : 1100, transports fr\u00e9quence limit\u00e9e, commodit\u00e9s et \u00e9coles limit\u00e9es, situation ordinaire, CHF 10'674 \/ m\u00b2<\/li><li>Pour une maison 6 pi\u00e8ces \u00e0 Chavornay, volume (m\u00b3) : 832.5 et terrain (m\u00b2) : 350, transports fr\u00e9quence limit\u00e9e, commodit\u00e9s et \u00e9coles limit\u00e9es, situation ordinaire, CHF 5'423 \/ m\u00b2<\/li><li>Pour une maison 4.5 pi\u00e8ces \u00e0 Chavornay, volume (m\u00b3) : 607.5 et terrain (m\u00b2) : 650, transports fr\u00e9quence limit\u00e9e, commodit\u00e9s et \u00e9coles limit\u00e9es, situation ordinaire, CHF 7'720 \/ m\u00b2<\/li><\/ul><\/div><div class=\"iframe-text\">Estimer maintenant votre bien immobilier<\/div><iframe id=\"estimer\" src=\"https:\/\/www.immobilierlocal.ch\/estimer?iframe=1\" frameborder=\"0\" loading=\"lazy\" width=\"100%\" height=\"1000\" style=\"overflow-x:hidden;\" referrerpolicy=\"no-referrer-when-downgrade\" title=\"Estimation immobili\u00e8re\"><\/iframe>\n<h2>Comment conna\u00eetre la valeur de son bien immobilier \u00e0 Chavornay ?<\/h2>\n<h3>1. Estimation offerte de votre maison \u00e0 Chavornay en ligne avec Immobilierlocal<\/h3>\n<p>Utilisez notre logiciel d&rsquo;estimation en ligne pour savoir la valeur de votre logement en quelques clics.<\/p>\n<p>Vous devez nous procurer votre adresse et les \u00e9l\u00e9ments de votre propri\u00e9t\u00e9, comme :<\/p>\n<ul>\n<li>L&rsquo;environnement de la maison (acc\u00e8s aux services de transport, vis \u00e0 vis, pr\u00e9sence des commerces&#8230;).<\/li>\n<li>L&rsquo;orientation.<\/li>\n<li>Le nombre de pi\u00e8ces.<\/li>\n<li>La surface habitable.<\/li>\n<li>Les dimensions du terrain.<\/li>\n<li>L&rsquo;ann\u00e9e de construction de la maison.<\/li>\n<li>L\u2019\u00e9tat g\u00e9n\u00e9ral de votre bien.<\/li>\n<li>Les travaux effectu\u00e9s dans votre maison et leur ann\u00e9e.<\/li>\n<\/ul>\n<h3>2. Estimation gratuite de votre appartement \u00e0 Chavornay sur internet avec Immobilierlocal<\/h3>\n<p>Profitez d&rsquo;une estimation rapide de votre appartement \u00e0 Chavornay en 5 clics.<\/p>\n<p>Afin de recevoir la meilleure estimation, vous devrez fournir les \u00e9l\u00e9ments de votre appartement, apr\u00e8s avoir ins\u00e9r\u00e9 votre adresse, comme :<\/p>\n<ul>\n<li>L&rsquo;environnement de votre appartement.<\/li>\n<li>L&rsquo;exposition de l&rsquo;appartement.<\/li>\n<li>Le nombre de pi\u00e8ces.<\/li>\n<li>Les diff\u00e9rentes surfaces (habitable, garage, balcon&#8230;).<\/li>\n<li>Parking int\u00e9rieur et\/ou ext\u00e9rieur.<\/li>\n<li>Date de construction.<\/li>\n<li>L\u2019\u00e9tat g\u00e9n\u00e9ral.<\/li>\n<li>Les diff\u00e9rentes r\u00e9novations effectu\u00e9es.<\/li>\n<li>Le montant du \u00abfonds de r\u00e9novation PPE\u00bb.<\/li>\n<\/ul>\n<h3>3. R\u00e9aliser une \u00e9valuation immobili\u00e8re de sa demeure par un agent immobilier \u00e0 Chavornay<\/h3>\n<p>Nous disposons diff\u00e9rents agents immobiliers \u00e0 Chavornay qui se d\u00e9placent chez vous pour inspecter votre maison avant d&rsquo;\u00e9tablir une \u00e9valuation de votre maison. Il \u00e9tudiera \u00e9galement certains documents tels que les plans cadastraux ou le registre foncier pour vous donner une estimation la plus d\u00e9taill\u00e9e possible.<\/p>\n<p>L\u2019estimation tient aussi compte de l&rsquo;\u00e9tat du march\u00e9 immobilier de Chavornay pour vous fournir la valeur de votre propri\u00e9t\u00e9. Une fois l\u2019expertise accomplie, des astuces vous seront donn\u00e9es pour valoriser votre propri\u00e9t\u00e9.<\/p>\n<p>Profitez d\u00e8s \u00e0 pr\u00e9sent d&rsquo;une estimation pr\u00e9cise et sans engagement de votre bien immobilier avec Immobilierlocal.<\/p>\n<h3>4. Est-il int\u00e9ressant de comparer son bien avec les biens similaires en vente \u00e0 Chavornay ?<\/h3>\n<p>Oui, il est recommand\u00e9 d&rsquo;inspecter les autres biens mis en vente, comparer votre propri\u00e9t\u00e9 avec les annonces immobili\u00e8res similaires \u00e0 Chavornay vous apporte des donn\u00e9es sur la valorisation de votre maison ou appartement.<\/p>\n<h2>Comment vendre son bien immobilier au meilleur prix \u00e0 Chavornay ?<\/h2>\n<p>Pour vendre rapidement votre bien immobilier, contactez Immobilierlocal !<\/p>\n<h3>1. Pourquoi faire confiance \u00e0 un sp\u00e9cialiste comme Immobilierlocal ?<\/h3>\n<p>Immobilierlocal vous met en contact avec un sp\u00e9cialiste qui s&rsquo;occupe de la ville de Chavornay.<\/p>\n<h3>2. Obtenez une \u00e9valuation pr\u00e9cise et qui prend en compte la situation immobili\u00e8re actuelle<\/h3>\n<p>Immobilierlocal et ses collaborateurs examinent le march\u00e9 actuel en tenant compte des annonces et des biens r\u00e9cemment vendus, afin de vous proposer le prix de vente le meilleur prix de vente.<\/p>\n<h3>3. Sublimer votre propri\u00e9t\u00e9 avec Immobilierlocal<\/h3>\n<p>Afin de mettre en valeur votre propri\u00e9t\u00e9, nous organisons des s\u00e9ances photo avec des professionnels de votre appartement ou de votre maison \u00e0 Chavornay.<\/p>\n<h3>4. Augmenter la visibilit\u00e9 de votre maison ou appartement et le nombre de potentiels acqu\u00e9reurs sur internet<\/h3>\n<p>Immobilierlocal et ses collaborateurs vous permettent de diffuser votre annonce sur de nombreux portails web sp\u00e9cialis\u00e9s dans l\u2019immobilier afin de la montrer \u00e0 un maximum de personnes.<\/p>\n<h3>5. Choisissez la meilleure offre<\/h3>\n<p>Nos experts re\u00e7oivent les offres, analysent les propositions et vous proposent la meilleure offre.<\/p>\n<h3>6. N\u00e9gociez le meilleur prix<\/h3>\n<p>Notre agent rassemble l&rsquo;ensemble des documents et informations possibles pour mettre votre bien en valeur afin de le vendre au meilleur prix, voici la liste des documents n\u00e9cessaires :<\/p>\n<ul>\n<li>Les factures de r\u00e9novations,<\/li>\n<li>les plans architecturaux,<\/li>\n<li>la liste des avantages environnementaux (commerces, \u00e9coles de proximit\u00e9&#8230;),<\/li>\n<li>le d\u00e9veloppement \u00e9conomique \u00e0 Chavornay et de sa r\u00e9gion.<\/li>\n<\/ul>\n<h2>Quel est l&rsquo;\u00e9tat du march\u00e9 immobilier \u00e0 Chavornay ?<\/h2>\n<h3>Estimation du prix de vente des maisons \u00e0 Chavornay<\/h3>\n<p class=\"estimates-house-range\">Les prix des maisons \u00e0 Chavornay varient de CHF 1'003'309 \u00e0 CHF 1'441'052 en moyenne.<\/p>\n<h3>Estimation du prix de vente des appartements \u00e0 Chavornay<\/h3>\n<p class=\"estimates-house-range\">Les prix des appartements \u00e0 Chavornay varient de CHF 690'364 \u00e0 CHF 797'487 en moyenne.<\/p>\n<h3>Estimation de la valeur des terrains \u00e0 Chavornay<\/h3>\n<p class=\"estimates-land\">Les prix moyens des terrains \u00e0 Chavornay sont de CHF 631 \/ m\u00b2 (prix par m\u00e8tre carr\u00e9).<\/p>\n<h2>Questions fr\u00e9quentes sur l&rsquo;\u00e9valuation immobili\u00e8re<\/h2>\n<h3>Quel est le tarif d&rsquo;une \u00e9valuation immobili\u00e8re \u00e0 Chavornay ?<\/h3>\n<p>A Chavornay, cela peut varier entre CHF 150 et CHF 1500. Cela va d\u00e9pendre de la nature de votre bien et de sa taille.<\/p>\n<p>Toutefois, gr\u00e2ce \u00e0 notre outil d&rsquo;estimation en ligne de notre agence Immobilierlocal, vous n&rsquo;aurez rien \u00e0 payer ! Notre outil a \u00e9t\u00e9 confectionn\u00e9 pendant plusieurs ann\u00e9es pour qu&rsquo;il soit le plus fiable et pr\u00e9cis possible. Il prend en compte l&rsquo;\u00e9tat du march\u00e9 actuel et des particularit\u00e9s de votre bien.<\/p>\n<h3>Qui peut \u00e9valuer un bien immobilier \u00e0 Chavornay ?<\/h3>\n<p>Si vous voulez avoir une estimation plus pr\u00e9cise, il sera n\u00e9cessaire de faire appel \u00e0 un expert qui se rend \u00e0 votre domicile pour \u00e9tudier votre bien. Cette personne peut \u00eatre un agent immobilier, un architecte ou vous pouvez \u00e9galement en discuter avec votre banque.<\/p>\n<h3>Comment se d\u00e9roule l&rsquo;\u00e9valuation d&rsquo;un bien \u00e0 Chavornay ?<\/h3>\n<ol>\n<li>Pour commencer : l&rsquo;expert se d\u00e9place sur place pour effectuer une inspection d\u00e9taill\u00e9e de votre bien immobilier.<\/li>\n<li>Par la suite : il \u00e9tudie les textes en lien avec l&rsquo;achat et l&rsquo;entretien de votre propri\u00e9t\u00e9.<\/li>\n<li>Il r\u00e9alise une \u00e9tude approfondie du march\u00e9 immobilier en confrontant votre propri\u00e9t\u00e9 aux propri\u00e9t\u00e9s actuellement en vente et en examinant les prix des ventes effectu\u00e9es r\u00e9cemment \u00e0 Chavornay.<\/li>\n<li>Et pour terminer, il vous donnera un bilan complet ainsi qu&rsquo;une estimation pr\u00e9cise du prix de vente de votre propri\u00e9t\u00e9.<\/li>\n<\/ol>\n<h3>Comment b\u00e9n\u00e9ficier d&rsquo;une \u00e9valuation de son bien gratuitement \u00e0 Chavornay<\/h3>\n<p>Utilisez l&rsquo;outil d&rsquo;estimation totalement gratuit de notre entreprise Immobilierlocal ! Vous pouvez \u00e9galement contacter nos experts de l&rsquo;immobilier pour une estimation.<\/p>\n<h3>Quels facteurs influencent la valeur de mon bien \u00e0 Chavornay ?<\/h3>\n<p>Il existe de nombreux facteurs qui influencent le prix de vente d&rsquo;une propri\u00e9t\u00e9 immobili\u00e8re \u00e0 Chavornay. Voici une liste des facteurs les plus importants :<\/p>\n<ul>\n<li>Le tourisme,<\/li>\n<li>le d\u00e9veloppement \u00e9conomique de la ville,<\/li>\n<li>Le nombre d&rsquo;offres et de demandes,<\/li>\n<li>la proximit\u00e9 des commodit\u00e9s.<\/li>\n<\/ul>\n<h3>De quelle fa\u00e7on accro\u00eetre le prix de vente de ma maison et de mon appartement ?<\/h3>\n<p>Pour augmenter le prix de vente de votre bien immobilier, suivez ces conseils :<\/p>\n<ul>\n<li>Assurez-vous que votre bien soit irr\u00e9prochable.<\/li>\n<li>Assurez-vous de ranger la totalit\u00e9 de vos pi\u00e8ces et arrangez l&rsquo;espace pour permettre aux acheteurs de se projeter facilement.<\/li>\n<li>Accentuez les forces de votre habitation.<\/li>\n<li>Assurez-vous de valoriser le terrain si vous avez une maison.<\/li>\n<\/ul>\n<h3>Quelle conduite \u00e0 avoir vis-\u00e0-vis d\u2019un potentiel acqu\u00e9reur ?<\/h3>\n<ul>\n<li>Parlez-lui des diff\u00e9rents atouts de votre bien.<\/li>\n<li>R\u00e9pondez aux questions sans divulguer de fausses indications.<\/li>\n<li>Soyez \u00e0 l&rsquo;\u00e9coute de l&rsquo;acqu\u00e9reur et ne cherchez pas \u00e0 le contredire.<\/li>\n<\/ul>\n<h3>Quels sont les documents \u00e0 avoir pour estimer ma propri\u00e9t\u00e9 immobili\u00e8re ?<\/h3>\n<ul>\n<li>Police assurance incendie compl\u00e8te<\/li>\n<li>Plan de niveau (si disponible)<\/li>\n<li>Travaux, factures (si disponible)<\/li>\n<li>Registre foncier (si disponible)<\/li>\n<li>Cadastre (si disponible)<\/li>\n<li>Descriptif de construction (si disponible)<\/li>\n<li>\u00c9ventuellement : plan d\u2019affectation et le r\u00e8glement de construction<\/li>\n<\/ul>\n<p>Pour les objets en PPE :<\/p>\n<ul>\n<li>Police assurance incendie compl\u00e8te de l\u2019immeuble (\u00e0 demander \u00e0 l\u2019administrateur)<\/li>\n<li>R\u00e8glement PPE<\/li>\n<li>Comptes PPE (3 derni\u00e8res ann\u00e9es)<\/li>\n<\/ul>\n<p>Estimation similaire dans les villes proches, comme : <br \/> La Praz, Arnex-sur-Orbe, Croy, Romainm\u00f4tier, Premier, Vaulion, Juriens, Bretonni\u00e8res, Vallorbe, Ballaigues, Orbe, Agiez, Bofflens, Montcherand, L'Abergement, Sergey, La Russille, Les Cl\u00e9es, Lignerolle, Valeyres-sous-Rances, Bavois, Corcelles-sur-Chavornay, Rances, Baulmes.<\/p>\n","protected":false},"excerpt":{"rendered":"<p>B\u00e9n\u00e9ficiez d&rsquo;une estimation en ligne gratuite et pr\u00e9cise \u00e0 Chavornay. Si n\u00e9cessaire, un expert viendra sur place pour r\u00e9aliser une estimation plus pr\u00e9cise de votre bien. Vendre son bien avec Immobilierlocal, c&rsquo;est la garantie de vendre son bien \u00e0 un tr\u00e8s bon prix et en toute tranquillit\u00e9. Derni\u00e8res estimations \u00e0 Chavornay par secteur Estimation de [&hellip;]<\/p>\n","protected":false},"author":3,"featured_media":354,"parent":149,"menu_order":0,"comment_status":"closed","ping_status":"closed","template":"","meta":{"footnotes":""},"categories":[6],"profession":[],"location":[10],"canton":[],"class_list":["post-221","page","type-page","status-publish","has-post-thumbnail","hentry","category-estimation"],"yoast_head":"<!-- This site is optimized with the Yoast SEO Premium plugin v23.0 (Yoast SEO v27.4) - https:\/\/yoast.com\/product\/yoast-seo-premium-wordpress\/ -->\n<title>Estimation immobili\u00e8re \u00e0 Chavornay mai 2026 gratuite &amp; rapide - Immobilierlocal<\/title>\n<meta name=\"description\" content=\"D\u00e9couvrez le Prix moyen au m\u00b2 \u00e0 Chavornay en mai 2026 \u2705 Estimation gratuite de votre bien \u2705 Derni\u00e8res \u00e9volutions du march\u00e9.\" \/>\n<meta name=\"robots\" content=\"index, follow, max-snippet:-1, max-image-preview:large, max-video-preview:-1\" \/>\n<link rel=\"canonical\" href=\"https:\/\/www.immobilierlocal.ch\/c\/estimation-immobiliere-canton-vaud\/estimation-immobiliere-a-chavornay\/\" \/>\n<meta property=\"og:locale\" content=\"fr_FR\" \/>\n<meta property=\"og:type\" content=\"article\" \/>\n<meta property=\"og:title\" content=\"Estimation immobili\u00e8re \u00e0 Chavornay mai 2026 gratuite &amp; rapide\" \/>\n<meta property=\"og:description\" content=\"D\u00e9couvrez le Prix moyen au m\u00b2 \u00e0 Chavornay en mai 2026 \u2705 Estimation gratuite de votre bien \u2705 Derni\u00e8res \u00e9volutions du march\u00e9.\" \/>\n<meta property=\"og:url\" content=\"https:\/\/www.immobilierlocal.ch\/c\/estimation-immobiliere-canton-vaud\/estimation-immobiliere-a-chavornay\/\" \/>\n<meta property=\"og:site_name\" content=\"Immobilierlocal\" \/>\n<meta property=\"article:modified_time\" content=\"2024-08-05T18:21:21+00:00\" \/>\n<meta property=\"og:image\" content=\"https:\/\/www.immobilierlocal.ch\/c\/wp-content\/uploads\/2023\/10\/estimation-immobiliere-a-chavornay-scaled.jpg\" \/>\n\t<meta property=\"og:image:width\" content=\"2560\" \/>\n\t<meta property=\"og:image:height\" content=\"817\" \/>\n\t<meta property=\"og:image:type\" content=\"image\/jpeg\" \/>\n<meta name=\"twitter:card\" content=\"summary_large_image\" \/>\n<meta name=\"twitter:label1\" content=\"Dur\u00e9e de lecture estim\u00e9e\" \/>\n\t<meta name=\"twitter:data1\" content=\"6 minutes\" \/>\n<script type=\"application\/ld+json\" class=\"yoast-schema-graph\">{\"@context\":\"https:\\\/\\\/schema.org\",\"@graph\":[{\"@type\":\"WebPage\",\"@id\":\"https:\\\/\\\/www.immobilierlocal.ch\\\/c\\\/estimation-immobiliere-canton-vaud\\\/estimation-immobiliere-a-chavornay\\\/\",\"url\":\"https:\\\/\\\/www.immobilierlocal.ch\\\/c\\\/estimation-immobiliere-canton-vaud\\\/estimation-immobiliere-a-chavornay\\\/\",\"name\":\"Estimation immobili\u00e8re \u00e0 Chavornay - Immobilierlocal\",\"isPartOf\":{\"@id\":\"https:\\\/\\\/www.immobilierlocal.ch\\\/c\\\/#website\"},\"primaryImageOfPage\":{\"@id\":\"https:\\\/\\\/www.immobilierlocal.ch\\\/c\\\/estimation-immobiliere-canton-vaud\\\/estimation-immobiliere-a-chavornay\\\/#primaryimage\"},\"image\":{\"@id\":\"https:\\\/\\\/www.immobilierlocal.ch\\\/c\\\/estimation-immobiliere-canton-vaud\\\/estimation-immobiliere-a-chavornay\\\/#primaryimage\"},\"thumbnailUrl\":\"https:\\\/\\\/www.immobilierlocal.ch\\\/c\\\/wp-content\\\/uploads\\\/2023\\\/10\\\/estimation-immobiliere-a-chavornay-scaled.jpg\",\"datePublished\":\"2023-10-19T08:33:51+00:00\",\"dateModified\":\"2024-08-05T18:21:21+00:00\",\"breadcrumb\":{\"@id\":\"https:\\\/\\\/www.immobilierlocal.ch\\\/c\\\/estimation-immobiliere-canton-vaud\\\/estimation-immobiliere-a-chavornay\\\/#breadcrumb\"},\"inLanguage\":\"fr-FR\",\"potentialAction\":[{\"@type\":\"ReadAction\",\"target\":[\"https:\\\/\\\/www.immobilierlocal.ch\\\/c\\\/estimation-immobiliere-canton-vaud\\\/estimation-immobiliere-a-chavornay\\\/\"]}]},{\"@type\":\"ImageObject\",\"inLanguage\":\"fr-FR\",\"@id\":\"https:\\\/\\\/www.immobilierlocal.ch\\\/c\\\/estimation-immobiliere-canton-vaud\\\/estimation-immobiliere-a-chavornay\\\/#primaryimage\",\"url\":\"https:\\\/\\\/www.immobilierlocal.ch\\\/c\\\/wp-content\\\/uploads\\\/2023\\\/10\\\/estimation-immobiliere-a-chavornay-scaled.jpg\",\"contentUrl\":\"https:\\\/\\\/www.immobilierlocal.ch\\\/c\\\/wp-content\\\/uploads\\\/2023\\\/10\\\/estimation-immobiliere-a-chavornay-scaled.jpg\",\"width\":2560,\"height\":817,\"caption\":\"Estimation immobili\u00e8re \u00e0 Chavornay\"},{\"@type\":\"BreadcrumbList\",\"@id\":\"https:\\\/\\\/www.immobilierlocal.ch\\\/c\\\/estimation-immobiliere-canton-vaud\\\/estimation-immobiliere-a-chavornay\\\/#breadcrumb\",\"itemListElement\":[{\"@type\":\"ListItem\",\"position\":1,\"name\":\"Accueil\",\"item\":\"https:\\\/\\\/www.immobilierlocal.ch\\\/c\\\/\"},{\"@type\":\"ListItem\",\"position\":2,\"name\":\"Estimation immobili\u00e8re dans le canton de Vaud\",\"item\":\"https:\\\/\\\/www.immobilierlocal.ch\\\/c\\\/estimation-immobiliere-canton-vaud\\\/\"},{\"@type\":\"ListItem\",\"position\":3,\"name\":\"Estimation immobili\u00e8re \u00e0 Chavornay\"}]},{\"@type\":\"WebSite\",\"@id\":\"https:\\\/\\\/www.immobilierlocal.ch\\\/c\\\/#website\",\"url\":\"https:\\\/\\\/www.immobilierlocal.ch\\\/c\\\/\",\"name\":\"Immobilierlocal\",\"description\":\"\",\"publisher\":{\"@id\":\"https:\\\/\\\/www.immobilierlocal.ch\\\/c\\\/#organization\"},\"potentialAction\":[{\"@type\":\"SearchAction\",\"target\":{\"@type\":\"EntryPoint\",\"urlTemplate\":\"https:\\\/\\\/www.immobilierlocal.ch\\\/c\\\/?s={search_term_string}\"},\"query-input\":{\"@type\":\"PropertyValueSpecification\",\"valueRequired\":true,\"valueName\":\"search_term_string\"}}],\"inLanguage\":\"fr-FR\"},{\"@type\":\"Organization\",\"@id\":\"https:\\\/\\\/www.immobilierlocal.ch\\\/c\\\/#organization\",\"name\":\"Immobilierlocal\",\"url\":\"https:\\\/\\\/www.immobilierlocal.ch\\\/c\\\/\",\"logo\":{\"@type\":\"ImageObject\",\"inLanguage\":\"fr-FR\",\"@id\":\"https:\\\/\\\/www.immobilierlocal.ch\\\/c\\\/#\\\/schema\\\/logo\\\/image\\\/\",\"url\":\"https:\\\/\\\/www.immobilierlocal.ch\\\/c\\\/wp-content\\\/uploads\\\/2023\\\/10\\\/logo-immobilierlocal-h.svg\",\"contentUrl\":\"https:\\\/\\\/www.immobilierlocal.ch\\\/c\\\/wp-content\\\/uploads\\\/2023\\\/10\\\/logo-immobilierlocal-h.svg\",\"caption\":\"Immobilierlocal\"},\"image\":{\"@id\":\"https:\\\/\\\/www.immobilierlocal.ch\\\/c\\\/#\\\/schema\\\/logo\\\/image\\\/\"}}]}<\/script>\n<!-- \/ Yoast SEO Premium plugin. -->","yoast_head_json":{"title":"Estimation immobili\u00e8re \u00e0 Chavornay mai 2026 gratuite & rapide - Immobilierlocal","description":"D\u00e9couvrez le Prix moyen au m\u00b2 \u00e0 Chavornay en mai 2026 \u2705 Estimation gratuite de votre bien \u2705 Derni\u00e8res \u00e9volutions du march\u00e9.","robots":{"index":"index","follow":"follow","max-snippet":"max-snippet:-1","max-image-preview":"max-image-preview:large","max-video-preview":"max-video-preview:-1"},"canonical":"https:\/\/www.immobilierlocal.ch\/c\/estimation-immobiliere-canton-vaud\/estimation-immobiliere-a-chavornay\/","og_locale":"fr_FR","og_type":"article","og_title":"Estimation immobili\u00e8re \u00e0 Chavornay mai 2026 gratuite & rapide","og_description":"D\u00e9couvrez le Prix moyen au m\u00b2 \u00e0 Chavornay en mai 2026 \u2705 Estimation gratuite de votre bien \u2705 Derni\u00e8res \u00e9volutions du march\u00e9.","og_url":"https:\/\/www.immobilierlocal.ch\/c\/estimation-immobiliere-canton-vaud\/estimation-immobiliere-a-chavornay\/","og_site_name":"Immobilierlocal","article_modified_time":"2024-08-05T18:21:21+00:00","og_image":[{"width":2560,"height":817,"url":"https:\/\/www.immobilierlocal.ch\/c\/wp-content\/uploads\/2023\/10\/estimation-immobiliere-a-chavornay-scaled.jpg","type":"image\/jpeg"}],"twitter_card":"summary_large_image","twitter_misc":{"Dur\u00e9e de lecture estim\u00e9e":"6 minutes"},"schema":{"@context":"https:\/\/schema.org","@graph":[{"@type":"WebPage","@id":"https:\/\/www.immobilierlocal.ch\/c\/estimation-immobiliere-canton-vaud\/estimation-immobiliere-a-chavornay\/","url":"https:\/\/www.immobilierlocal.ch\/c\/estimation-immobiliere-canton-vaud\/estimation-immobiliere-a-chavornay\/","name":"Estimation immobili\u00e8re \u00e0 Chavornay - Immobilierlocal","isPartOf":{"@id":"https:\/\/www.immobilierlocal.ch\/c\/#website"},"primaryImageOfPage":{"@id":"https:\/\/www.immobilierlocal.ch\/c\/estimation-immobiliere-canton-vaud\/estimation-immobiliere-a-chavornay\/#primaryimage"},"image":{"@id":"https:\/\/www.immobilierlocal.ch\/c\/estimation-immobiliere-canton-vaud\/estimation-immobiliere-a-chavornay\/#primaryimage"},"thumbnailUrl":"https:\/\/www.immobilierlocal.ch\/c\/wp-content\/uploads\/2023\/10\/estimation-immobiliere-a-chavornay-scaled.jpg","datePublished":"2023-10-19T08:33:51+00:00","dateModified":"2024-08-05T18:21:21+00:00","breadcrumb":{"@id":"https:\/\/www.immobilierlocal.ch\/c\/estimation-immobiliere-canton-vaud\/estimation-immobiliere-a-chavornay\/#breadcrumb"},"inLanguage":"fr-FR","potentialAction":[{"@type":"ReadAction","target":["https:\/\/www.immobilierlocal.ch\/c\/estimation-immobiliere-canton-vaud\/estimation-immobiliere-a-chavornay\/"]}]},{"@type":"ImageObject","inLanguage":"fr-FR","@id":"https:\/\/www.immobilierlocal.ch\/c\/estimation-immobiliere-canton-vaud\/estimation-immobiliere-a-chavornay\/#primaryimage","url":"https:\/\/www.immobilierlocal.ch\/c\/wp-content\/uploads\/2023\/10\/estimation-immobiliere-a-chavornay-scaled.jpg","contentUrl":"https:\/\/www.immobilierlocal.ch\/c\/wp-content\/uploads\/2023\/10\/estimation-immobiliere-a-chavornay-scaled.jpg","width":2560,"height":817,"caption":"Estimation immobili\u00e8re \u00e0 Chavornay"},{"@type":"BreadcrumbList","@id":"https:\/\/www.immobilierlocal.ch\/c\/estimation-immobiliere-canton-vaud\/estimation-immobiliere-a-chavornay\/#breadcrumb","itemListElement":[{"@type":"ListItem","position":1,"name":"Accueil","item":"https:\/\/www.immobilierlocal.ch\/c\/"},{"@type":"ListItem","position":2,"name":"Estimation immobili\u00e8re dans le canton de Vaud","item":"https:\/\/www.immobilierlocal.ch\/c\/estimation-immobiliere-canton-vaud\/"},{"@type":"ListItem","position":3,"name":"Estimation immobili\u00e8re \u00e0 Chavornay"}]},{"@type":"WebSite","@id":"https:\/\/www.immobilierlocal.ch\/c\/#website","url":"https:\/\/www.immobilierlocal.ch\/c\/","name":"Immobilierlocal","description":"","publisher":{"@id":"https:\/\/www.immobilierlocal.ch\/c\/#organization"},"potentialAction":[{"@type":"SearchAction","target":{"@type":"EntryPoint","urlTemplate":"https:\/\/www.immobilierlocal.ch\/c\/?s={search_term_string}"},"query-input":{"@type":"PropertyValueSpecification","valueRequired":true,"valueName":"search_term_string"}}],"inLanguage":"fr-FR"},{"@type":"Organization","@id":"https:\/\/www.immobilierlocal.ch\/c\/#organization","name":"Immobilierlocal","url":"https:\/\/www.immobilierlocal.ch\/c\/","logo":{"@type":"ImageObject","inLanguage":"fr-FR","@id":"https:\/\/www.immobilierlocal.ch\/c\/#\/schema\/logo\/image\/","url":"https:\/\/www.immobilierlocal.ch\/c\/wp-content\/uploads\/2023\/10\/logo-immobilierlocal-h.svg","contentUrl":"https:\/\/www.immobilierlocal.ch\/c\/wp-content\/uploads\/2023\/10\/logo-immobilierlocal-h.svg","caption":"Immobilierlocal"},"image":{"@id":"https:\/\/www.immobilierlocal.ch\/c\/#\/schema\/logo\/image\/"}}]}},"_links":{"self":[{"href":"https:\/\/www.immobilierlocal.ch\/c\/wp-json\/wp\/v2\/pages\/221","targetHints":{"allow":["GET"]}}],"collection":[{"href":"https:\/\/www.immobilierlocal.ch\/c\/wp-json\/wp\/v2\/pages"}],"about":[{"href":"https:\/\/www.immobilierlocal.ch\/c\/wp-json\/wp\/v2\/types\/page"}],"author":[{"embeddable":true,"href":"https:\/\/www.immobilierlocal.ch\/c\/wp-json\/wp\/v2\/users\/3"}],"replies":[{"embeddable":true,"href":"https:\/\/www.immobilierlocal.ch\/c\/wp-json\/wp\/v2\/comments?post=221"}],"version-history":[{"count":0,"href":"https:\/\/www.immobilierlocal.ch\/c\/wp-json\/wp\/v2\/pages\/221\/revisions"}],"up":[{"embeddable":true,"href":"https:\/\/www.immobilierlocal.ch\/c\/wp-json\/wp\/v2\/pages\/149"}],"wp:featuredmedia":[{"embeddable":true,"href":"https:\/\/www.immobilierlocal.ch\/c\/wp-json\/wp\/v2\/media\/354"}],"wp:attachment":[{"href":"https:\/\/www.immobilierlocal.ch\/c\/wp-json\/wp\/v2\/media?parent=221"}],"wp:term":[{"taxonomy":"category","embeddable":true,"href":"https:\/\/www.immobilierlocal.ch\/c\/wp-json\/wp\/v2\/categories?post=221"},{"taxonomy":"profession","embeddable":true,"href":"https:\/\/www.immobilierlocal.ch\/c\/wp-json\/wp\/v2\/profession?post=221"},{"taxonomy":"location","embeddable":true,"href":"https:\/\/www.immobilierlocal.ch\/c\/wp-json\/wp\/v2\/location?post=221"},{"taxonomy":"canton","embeddable":true,"href":"https:\/\/www.immobilierlocal.ch\/c\/wp-json\/wp\/v2\/canton?post=221"}],"curies":[{"name":"wp","href":"https:\/\/api.w.org\/{rel}","templated":true}]}}