
{"id":219,"date":"2023-10-19T10:33:51","date_gmt":"2023-10-19T08:33:51","guid":{"rendered":"https:\/\/immobilierlocal.ch\/c\/219-2\/"},"modified":"2026-04-03T20:04:02","modified_gmt":"2026-04-03T18:04:02","slug":"estimation-immobiliere-a-bussigny-pres-lausanne","status":"publish","type":"page","link":"https:\/\/www.immobilierlocal.ch\/c\/estimation-immobiliere-canton-vaud\/estimation-immobiliere-a-bussigny-pres-lausanne\/","title":{"rendered":"Estimation immobili\u00e8re \u00e0 Bussigny"},"content":{"rendered":"<p>Utilisez Immobilierlocal pour obtenir une estimation rapide et pr\u00e9cise de la valeur immobili\u00e8re de votre bien \u00e0 Bussigny. En cas de besoin, un sp\u00e9cialiste viendra chez vous pour proc\u00e9der \u00e0 une estimation plus pr\u00e9cise de votre domicile. Vendre sa maison ou sa propri\u00e9t\u00e9 avec Immobilierlocal, c&rsquo;est la garantie de vendre son bien au meilleur prix et en toute simplicit\u00e9.<\/p>\n\n<h2>Derni\u00e8res estimations \u00e0 Bussigny par secteur<\/h2>\n<div class=\"estimates-lastest\"><ul><li>Pour un appartement 6 pi\u00e8ces \u00e0 Bussigny, surface pond\u00e9r\u00e9e (m\u00b2) : 110, orientation Ouest, avec balcon, transports fr\u00e9quence soutenue, avec parking, commodit\u00e9s et \u00e9coles nombreuses, situation ordinaire, CHF 9'432 \/ m\u00b2<\/li><li>Pour un appartement 6.5 pi\u00e8ces \u00e0 Bussigny, surface pond\u00e9r\u00e9e (m\u00b2) : 110, orientation Sud-Est\/Ouest, avec balcon, transports fr\u00e9quence r\u00e9guli\u00e8re, avec parking, commodit\u00e9s et \u00e9coles nombreuses, situation ordinaire, CHF 9'583 \/ m\u00b2<\/li><li>Pour un appartement 5.5 pi\u00e8ces \u00e0 Bussigny, surface pond\u00e9r\u00e9e (m\u00b2) : 100, orientation Sud-Est\/Ouest, sans balcon, transports fr\u00e9quence soutenue, avec parking, commodit\u00e9s et \u00e9coles nombreuses, situation ordinaire, CHF 9'391 \/ m\u00b2<\/li><\/ul><\/div>\n<h2>Estimation des prix des maisons \u00e0 Bussigny selon le nombre de pi\u00e8ces<\/h2>\n<div class=\"estimates-room\"><ul><li>Pour une maison 6.5 pi\u00e8ces \u00e0 Bussigny, volume (m\u00b3) : 1170 et terrain (m\u00b2) : 500, transports fr\u00e9quence soutenue, commodit\u00e9s et \u00e9coles nombreuses, situation ordinaire, CHF 5'596 \/ m\u00b2<\/li><li>Pour une maison 4.5 pi\u00e8ces \u00e0 Bussigny, volume (m\u00b3) : 945 et terrain (m\u00b2) : 950, transports fr\u00e9quence r\u00e9guli\u00e8re, commodit\u00e9s et \u00e9coles nombreuses, situation ordinaire, CHF 8'800 \/ m\u00b2<\/li><li>Pour une maison 5.5 pi\u00e8ces \u00e0 Bussigny, volume (m\u00b3) : 832.5 et terrain (m\u00b2) : 1100, transports fr\u00e9quence soutenue, commodit\u00e9s et \u00e9coles nombreuses, situation ordinaire, CHF 11'576 \/ m\u00b2<\/li><\/ul><\/div><div class=\"iframe-text\">Estimer maintenant votre bien immobilier<\/div><iframe id=\"estimer\" src=\"https:\/\/www.immobilierlocal.ch\/estimer?iframe=1\" frameborder=\"0\" loading=\"lazy\" width=\"100%\" height=\"1000\" style=\"overflow-x:hidden;\" referrerpolicy=\"no-referrer-when-downgrade\" title=\"Estimation immobili\u00e8re\"><\/iframe>\n<h2>Comment faire \u00e9valuer la valeur d&rsquo;un bien immobilier \u00e0 Bussigny ?<\/h2>\n<h3>1. Estimation gratuite de votre maison \u00e0 Bussigny en ligne avec notre soci\u00e9t\u00e9 Immobilierlocal<\/h3>\n<p>Profitez de notre outil d&rsquo;estimation en ligne pour savoir la valeur de votre logement en moins de 5 minutes.<\/p>\n<p>Pour une \u00e9valuation pr\u00e9cise, nous devrons \u00e9galement conna\u00eetre les caract\u00e9ristiques suivantes :<\/p>\n<ul>\n<li>La situation (environnement, vue et transports).<\/li>\n<li>L&rsquo;orientation et l&rsquo;exposition de la maison.<\/li>\n<li>Le nombre de pi\u00e8ces.<\/li>\n<li>La surface habitable.<\/li>\n<li>Les dimensions du terrain.<\/li>\n<li>L&rsquo;ann\u00e9e de construction de la maison.<\/li>\n<li>L\u2019\u00e9tat g\u00e9n\u00e9ral de votre maison.<\/li>\n<li>Les travaux effectu\u00e9s dans votre maison et leur ann\u00e9e.<\/li>\n<\/ul>\n<h3>2. Estimation gratuite de votre appartement \u00e0 Bussigny en ligne avec Immobilierlocal<\/h3>\n<p>B\u00e9n\u00e9ficiez d&rsquo;une \u00e9valuation rapide de votre logement \u00e0 Bussigny en quelques clics.<\/p>\n<p>Pour recevoir une estimation pr\u00e9cise, vous devez fournir les \u00e9l\u00e9ments de votre logement, apr\u00e8s avoir indiqu\u00e9 votre adresse, comme :<\/p>\n<ul>\n<li>La situation (environnement, vue et transports).<\/li>\n<li>L\u2019orientation.<\/li>\n<li>Le nombre de pi\u00e8ces.<\/li>\n<li>Les diff\u00e9rentes surfaces (habitable, garage, balcon&#8230;).<\/li>\n<li>Parking int\u00e9rieur et\/ou ext\u00e9rieur.<\/li>\n<li>L\u2019ann\u00e9e de construction.<\/li>\n<li>L\u2019\u00e9tat g\u00e9n\u00e9ral.<\/li>\n<li>L\u2019ann\u00e9e et le co\u00fbt des derni\u00e8res r\u00e9novations.<\/li>\n<li>Le montant du \u00abfonds de r\u00e9novation PPE\u00bb.<\/li>\n<\/ul>\n<h3>3. Proc\u00e9der \u00e0 une \u00e9valuation immobili\u00e8re de sa maison par un expert \u00e0 Bussigny<\/h3>\n<p>Nos experts install\u00e9s \u00e0 Bussigny se d\u00e9placent \u00e0 votre domicile pour effectuer une appr\u00e9ciation de votre appartement ou de votre maison. En \u00e9tudiant certains documents tels que le registre foncier, les plans d&rsquo;architecte et le plan cadastral, ils vous fournissent une \u00e9valuation pr\u00e9cise et compl\u00e8te.<\/p>\n<p>Pour r\u00e9aliser notre \u00e9valuation, nous consid\u00e9rons \u00e9galement l&rsquo;\u00e9tat du march\u00e9 immobilier \u00e0 Bussigny. Nous serons \u00e0 vos c\u00f4t\u00e9s afin de vous fournir certains conseils afin de valoriser au maximum votre propri\u00e9t\u00e9 \u00e0 Bussigny.<\/p>\n<p>Faites appel \u00e0 Immobilierlocal et recevez d\u00e8s \u00e0 pr\u00e9sent une \u00e9valuation de votre bien.<\/p>\n<h3>4. Est-il pertinent d\u2019analyser les biens semblables en vente \u00e0 Bussigny ?<\/h3>\n<p>Oui, il est recommand\u00e9 d\u2019analyser les biens semblables, comparer votre bien avec les annonces immobili\u00e8res similaires \u00e0 Bussigny vous apporte des donn\u00e9es sur la valorisation de votre bien.<\/p>\n<h2>Comment vendre son bien immobilier au meilleur prix \u00e0 Bussigny ?<\/h2>\n<p>Avec Immobilierlocal, vous confiez la vente de votre bien \u00e0 des professionnels de l&rsquo;immobilier ! Vous avez l&rsquo;assurance d&rsquo;une vente rapide au meilleur prix.<\/p>\n<h3>1. Pourquoi contacter un sp\u00e9cialiste comme Immobilierlocal ?<\/h3>\n<p>Immobilierlocal permet de vous mettre en contact avec un sp\u00e9cialiste qui s&rsquo;occupe de la ville de Bussigny.<\/p>\n<h3>2. Obtenez une \u00e9valuation pr\u00e9cise et adapt\u00e9e \u00e0 la situation immobili\u00e8re actuelle<\/h3>\n<p>Notre agence Immobilierlocal recense toutes les annonces \u00e0 Bussigny ainsi que l&rsquo;ensemble des biens qui ont derni\u00e8rement trouv\u00e9 un acqu\u00e9reur. Cela nous permet d&rsquo;obtenir une analyse tr\u00e8s fine du march\u00e9 immobilier, et de vous proposer le bon prix de vente.<\/p>\n<h3>3. Mettez en valeur votre propri\u00e9t\u00e9<\/h3>\n<p>Immobilierlocal et ses collaborateurs organisent des s\u00e9ances photo pour mettre en avant les atouts de votre propri\u00e9t\u00e9.<\/p>\n<h3>4. Augmenter la visibilit\u00e9 de votre bien et le nombre de potentiels acqu\u00e9reurs sur internet<\/h3>\n<p>Immobilierlocal et ses partenaires vous offrent la possibilit\u00e9 de diffuser votre annonce sur nos nombreux sites web sp\u00e9cialis\u00e9s dans l\u2019immobilier afin de la montrer \u00e0 un maximum de personnes.<\/p>\n<h3>5. S\u00e9lectionnez la meilleure offre<\/h3>\n<p>Nos experts re\u00e7oivent les offres, analysent les propositions et vous proposent la meilleure offre.<\/p>\n<h3>6. N\u00e9gociez le meilleur prix<\/h3>\n<p>Notre agent r\u00e9pertorie tous les documents et les informations possibles pour vous mettre en position de force afin de le vendre le plus cher possible, voici les documents et les informations n\u00e9cessaires :<\/p>\n<ul>\n<li>Les r\u00e9novations effectu\u00e9es et les factures associ\u00e9es,<\/li>\n<li>les plans architecturaux,<\/li>\n<li>la liste des avantages environnementaux (commerces, \u00e9coles de proximit\u00e9&#8230;),<\/li>\n<li>le d\u00e9veloppement \u00e9conomique \u00e0 Bussigny et de sa r\u00e9gion.<\/li>\n<\/ul>\n<h2>Quelles sont les tendances du march\u00e9 immobilier \u00e0 Bussigny ?<\/h2>\n<h3>Estimation de la valeur des maisons \u00e0 Bussigny<\/h3>\n<p class=\"estimates-house-range\">Les prix des maisons \u00e0 Bussigny varient de CHF 1'454'950 \u00e0 CHF 2'141'573 en moyenne.<\/p>\n<h3>\u00c9valuation du prix de vente des appartements \u00e0 Bussigny<\/h3>\n<p class=\"estimates-house-range\">Les prix des appartements \u00e0 Bussigny varient de CHF 939'101 \u00e0 CHF 1'084'689 en moyenne.<\/p>\n<h3>Estimation du prix des terrains \u00e0 Bussigny<\/h3>\n<p class=\"estimates-land\">Les prix moyens des terrains \u00e0 Bussigny sont de CHF 1'009 \/ m\u00b2 (prix par m\u00e8tre carr\u00e9).<\/p>\n<h2>Questions fr\u00e9quentes sur l&rsquo;\u00e9valuation immobili\u00e8re<\/h2>\n<h3>Combien co\u00fbte une \u00e9valuation immobili\u00e8re \u00e0 Bussigny ?<\/h3>\n<p>Le tarif d&rsquo;une \u00e9valuation immobili\u00e8re \u00e0 Bussigny varie en fonction de la complexit\u00e9 du bien. Que vous ayez un logement de luxe ou une maison plus classique, les frais peuvent osciller entre CHF 150 \u00e0 CHF 1&rsquo;500.<\/p>\n<p>En revanche, gr\u00e2ce \u00e0 notre simulateur d&rsquo;estimation en ligne de notre soci\u00e9t\u00e9 Immobilierlocal, vous n&rsquo;avez rien \u00e0 payer ! Notre outil a \u00e9t\u00e9 confectionn\u00e9 durant plusieurs ann\u00e9es pour qu&rsquo;il soit le plus fiable et pr\u00e9cis possible. Il prend en compte l&rsquo;\u00e9tat du march\u00e9 actuel et des sp\u00e9cificit\u00e9s de votre bien.<\/p>\n<h3>Qui peut estimer une propri\u00e9taire immobili\u00e8re \u00e0 Bussigny ?<\/h3>\n<p>Si vous d\u00e9sirez avoir une estimation plus pr\u00e9cise, il sera n\u00e9cessaire de faire appel \u00e0 un sp\u00e9cialiste qui se rend \u00e0 votre domicile pour analyser votre logement. Cette personne peut \u00eatre un agent immobilier, un architecte ou vous pouvez aussi en discuter avec votre banque.<\/p>\n<h3>Comment un agent immobilier \u00e9value une propri\u00e9t\u00e9 \u00e0 Bussigny ?<\/h3>\n<ol>\n<li>Pour la premi\u00e8re \u00e9tape, un agent immobilier se d\u00e9place chez vous afin d&rsquo;effectuer une visite compl\u00e8te du bien en vente.<\/li>\n<li>Apr\u00e8s cela : il analyse les dossiers en lien avec l&rsquo;achat et l&rsquo;entretien de votre propri\u00e9t\u00e9.<\/li>\n<li>Il effectue une analyse approfondie du march\u00e9 immobilier en confrontant votre propri\u00e9t\u00e9 aux propri\u00e9t\u00e9s actuellement disponibles et en examinant les prix des ventes pass\u00e9es \u00e0 Bussigny.<\/li>\n<li>Derni\u00e8rement, il vous donnera un rapport complet et une \u00e9valuation pr\u00e9cise de la valeur de votre bien immobilier.<\/li>\n<\/ol>\n<h3>Comment faire \u00e9valuer un bien immobilier gratuitement \u00e0 Bussigny ?<\/h3>\n<p>Profitez d&rsquo;une \u00e9valuation gratuite et d\u00e9taill\u00e9e en moins de 3 minutes gr\u00e2ce \u00e0 l&rsquo;outil d&rsquo;\u00e9valuation Immobilierlocal, ou prenez contact avec l&rsquo;un de nos experts pour avoir une \u00e9valuation gratuite de votre bien, sans aucun engagement.<\/p>\n<h3>Quels facteurs influencent la valeur de mon bien \u00e0 Bussigny ?<\/h3>\n<p>Il y a diff\u00e9rents crit\u00e8res qui font \u00e9voluer le prix de vente d&rsquo;une propri\u00e9t\u00e9 immobili\u00e8re \u00e0 Bussigny. Voici une liste des crit\u00e8res les plus importants :<\/p>\n<ul>\n<li>l&rsquo;attrait touristique de la ville,<\/li>\n<li>le d\u00e9veloppement \u00e9conomique de la r\u00e9gion,<\/li>\n<li>l\u2019offre et demande,<\/li>\n<li>la proximit\u00e9 des commodit\u00e9s.<\/li>\n<\/ul>\n<h3>Comment augmenter la valeur de ma maison et de mon appartement ?<\/h3>\n<p>Pour augmenter le prix de vente de votre bien, voici plusieurs conseils \u00e0 ne pas n\u00e9gliger :<\/p>\n<ul>\n<li>Votre bien doit toujours \u00eatre impeccable pour les photos et au moment des visites.<\/li>\n<li>Rangez et organisez toutes vos affaires de fa\u00e7on \u00e0 ce que les visiteurs se projettent facilement dans le bien.<\/li>\n<li>Mettez en avant les points forts de votre habitation.<\/li>\n<li>Si vous avez une maison, mettez en valeur le terrain.<\/li>\n<\/ul>\n<h3>Comment se comporter face \u00e0 un potentiel acheteur ?<\/h3>\n<ul>\n<li>Parlez-lui des diff\u00e9rents atouts de votre bien.<\/li>\n<li>R\u00e9pondez \u00e0 ses interrogations clairement et honn\u00eatement.<\/li>\n<li>\u00c9coutez les propos de l\u2019acheteur et allez dans son sens sans le contredire.<\/li>\n<\/ul>\n<h3>Quels sont les dossiers \u00e0 avoir pour estimer ma propri\u00e9t\u00e9 immobili\u00e8re ?<\/h3>\n<ul>\n<li>Police assurance incendie compl\u00e8te<\/li>\n<li>Plan de niveau (si disponible)<\/li>\n<li>factures des diff\u00e9rents travaux r\u00e9alis\u00e9s (si disponible)<\/li>\n<li>Registre foncier (si disponible)<\/li>\n<li>Cadastre (si disponible)<\/li>\n<li>Descriptif de construction (si disponible)<\/li>\n<li>\u00c9ventuellement : plan d\u2019affectation et le r\u00e8glement de construction<\/li>\n<\/ul>\n<p>Pour les objets en PPE :<\/p>\n<ul>\n<li>Police assurance incendie compl\u00e8te de l\u2019immeuble (\u00e0 demander \u00e0 l\u2019administrateur)<\/li>\n<li>R\u00e8glement PPE<\/li>\n<li>Comptes PPE (3 derni\u00e8res ann\u00e9es)<\/li>\n<\/ul>\n<p>Estimation similaire dans les villes proches, comme :<br \/>\nChavannes-pr\u00e8s-Renens, Ecublens VD, St-Sulpice VD, Denges, Echandens, Lonay, Pr\u00e9verenges, Villars-Ste-Croix, Morges, Echichens, St-Saphorin-sur-Morges, Colombier VD, Vullierens, Bremblens, Romanel-sur-Morges, Aclens, Monnaz, Vaux-sur-Morges, Clarmont, Reverolle, Tolochenaz, Lully VD, Chigny, Vufflens-le-Ch\u00e2teau, Denens, Bussy-Chardonney, St-Prex, Lussy-sur-Morges.<\/p>\n","protected":false},"excerpt":{"rendered":"<p>Utilisez Immobilierlocal pour obtenir une estimation rapide et pr\u00e9cise de la valeur immobili\u00e8re de votre bien \u00e0 Bussigny. En cas de besoin, un sp\u00e9cialiste viendra chez vous pour proc\u00e9der \u00e0 une estimation plus pr\u00e9cise de votre domicile. Vendre sa maison ou sa propri\u00e9t\u00e9 avec Immobilierlocal, c&rsquo;est la garantie de vendre son bien au meilleur prix [&hellip;]<\/p>\n","protected":false},"author":3,"featured_media":352,"parent":149,"menu_order":0,"comment_status":"closed","ping_status":"closed","template":"","meta":{"footnotes":""},"categories":[6],"profession":[],"location":[8],"canton":[],"class_list":["post-219","page","type-page","status-publish","has-post-thumbnail","hentry","category-estimation"],"yoast_head":"<!-- This site is optimized with the Yoast SEO Premium plugin v23.0 (Yoast SEO v27.4) - https:\/\/yoast.com\/product\/yoast-seo-premium-wordpress\/ -->\n<title>Estimation immobili\u00e8re \u00e0 Bussigny mai 2026 gratuite &amp; rapide - Immobilierlocal<\/title>\n<meta name=\"description\" content=\"D\u00e9couvrez le Prix moyen au m\u00b2 \u00e0 Bussigny en mai 2026 \u2705 Estimation gratuite de votre bien \u2705 Derni\u00e8res \u00e9volutions du march\u00e9.\" \/>\n<meta name=\"robots\" content=\"index, follow, max-snippet:-1, max-image-preview:large, max-video-preview:-1\" \/>\n<link rel=\"canonical\" href=\"https:\/\/www.immobilierlocal.ch\/c\/estimation-immobiliere-canton-vaud\/estimation-immobiliere-a-bussigny-pres-lausanne\/\" \/>\n<meta property=\"og:locale\" content=\"fr_FR\" \/>\n<meta property=\"og:type\" content=\"article\" \/>\n<meta property=\"og:title\" content=\"Estimation immobili\u00e8re \u00e0 Bussigny mai 2026 gratuite &amp; rapide\" \/>\n<meta property=\"og:description\" content=\"D\u00e9couvrez le Prix moyen au m\u00b2 \u00e0 Bussigny en mai 2026 \u2705 Estimation gratuite de votre bien \u2705 Derni\u00e8res \u00e9volutions du march\u00e9.\" \/>\n<meta property=\"og:url\" content=\"https:\/\/www.immobilierlocal.ch\/c\/estimation-immobiliere-canton-vaud\/estimation-immobiliere-a-bussigny-pres-lausanne\/\" \/>\n<meta property=\"og:site_name\" content=\"Immobilierlocal\" \/>\n<meta property=\"article:modified_time\" content=\"2026-04-03T18:04:02+00:00\" \/>\n<meta property=\"og:image\" content=\"https:\/\/www.immobilierlocal.ch\/c\/wp-content\/uploads\/2023\/10\/estimation-immobiliere-a-bussigny-pres-lausanne-scaled.jpg\" \/>\n\t<meta property=\"og:image:width\" content=\"2560\" \/>\n\t<meta property=\"og:image:height\" content=\"817\" \/>\n\t<meta property=\"og:image:type\" content=\"image\/jpeg\" \/>\n<meta name=\"twitter:card\" content=\"summary_large_image\" \/>\n<meta name=\"twitter:label1\" content=\"Dur\u00e9e de lecture estim\u00e9e\" \/>\n\t<meta name=\"twitter:data1\" content=\"7 minutes\" \/>\n<script type=\"application\/ld+json\" class=\"yoast-schema-graph\">{\"@context\":\"https:\\\/\\\/schema.org\",\"@graph\":[{\"@type\":\"WebPage\",\"@id\":\"https:\\\/\\\/www.immobilierlocal.ch\\\/c\\\/estimation-immobiliere-canton-vaud\\\/estimation-immobiliere-a-bussigny-pres-lausanne\\\/\",\"url\":\"https:\\\/\\\/www.immobilierlocal.ch\\\/c\\\/estimation-immobiliere-canton-vaud\\\/estimation-immobiliere-a-bussigny-pres-lausanne\\\/\",\"name\":\"Estimation immobili\u00e8re \u00e0 Bussigny - Immobilierlocal\",\"isPartOf\":{\"@id\":\"https:\\\/\\\/www.immobilierlocal.ch\\\/c\\\/#website\"},\"primaryImageOfPage\":{\"@id\":\"https:\\\/\\\/www.immobilierlocal.ch\\\/c\\\/estimation-immobiliere-canton-vaud\\\/estimation-immobiliere-a-bussigny-pres-lausanne\\\/#primaryimage\"},\"image\":{\"@id\":\"https:\\\/\\\/www.immobilierlocal.ch\\\/c\\\/estimation-immobiliere-canton-vaud\\\/estimation-immobiliere-a-bussigny-pres-lausanne\\\/#primaryimage\"},\"thumbnailUrl\":\"https:\\\/\\\/www.immobilierlocal.ch\\\/c\\\/wp-content\\\/uploads\\\/2023\\\/10\\\/estimation-immobiliere-a-bussigny-pres-lausanne-scaled.jpg\",\"datePublished\":\"2023-10-19T08:33:51+00:00\",\"dateModified\":\"2026-04-03T18:04:02+00:00\",\"breadcrumb\":{\"@id\":\"https:\\\/\\\/www.immobilierlocal.ch\\\/c\\\/estimation-immobiliere-canton-vaud\\\/estimation-immobiliere-a-bussigny-pres-lausanne\\\/#breadcrumb\"},\"inLanguage\":\"fr-FR\",\"potentialAction\":[{\"@type\":\"ReadAction\",\"target\":[\"https:\\\/\\\/www.immobilierlocal.ch\\\/c\\\/estimation-immobiliere-canton-vaud\\\/estimation-immobiliere-a-bussigny-pres-lausanne\\\/\"]}]},{\"@type\":\"ImageObject\",\"inLanguage\":\"fr-FR\",\"@id\":\"https:\\\/\\\/www.immobilierlocal.ch\\\/c\\\/estimation-immobiliere-canton-vaud\\\/estimation-immobiliere-a-bussigny-pres-lausanne\\\/#primaryimage\",\"url\":\"https:\\\/\\\/www.immobilierlocal.ch\\\/c\\\/wp-content\\\/uploads\\\/2023\\\/10\\\/estimation-immobiliere-a-bussigny-pres-lausanne-scaled.jpg\",\"contentUrl\":\"https:\\\/\\\/www.immobilierlocal.ch\\\/c\\\/wp-content\\\/uploads\\\/2023\\\/10\\\/estimation-immobiliere-a-bussigny-pres-lausanne-scaled.jpg\",\"width\":2560,\"height\":817,\"caption\":\"Estimation immobili\u00e8re \u00e0 Bussigny\"},{\"@type\":\"BreadcrumbList\",\"@id\":\"https:\\\/\\\/www.immobilierlocal.ch\\\/c\\\/estimation-immobiliere-canton-vaud\\\/estimation-immobiliere-a-bussigny-pres-lausanne\\\/#breadcrumb\",\"itemListElement\":[{\"@type\":\"ListItem\",\"position\":1,\"name\":\"Accueil\",\"item\":\"https:\\\/\\\/www.immobilierlocal.ch\\\/c\\\/\"},{\"@type\":\"ListItem\",\"position\":2,\"name\":\"Estimation immobili\u00e8re dans le canton de Vaud\",\"item\":\"https:\\\/\\\/www.immobilierlocal.ch\\\/c\\\/estimation-immobiliere-canton-vaud\\\/\"},{\"@type\":\"ListItem\",\"position\":3,\"name\":\"Estimation immobili\u00e8re \u00e0 Bussigny\"}]},{\"@type\":\"WebSite\",\"@id\":\"https:\\\/\\\/www.immobilierlocal.ch\\\/c\\\/#website\",\"url\":\"https:\\\/\\\/www.immobilierlocal.ch\\\/c\\\/\",\"name\":\"Immobilierlocal\",\"description\":\"\",\"publisher\":{\"@id\":\"https:\\\/\\\/www.immobilierlocal.ch\\\/c\\\/#organization\"},\"potentialAction\":[{\"@type\":\"SearchAction\",\"target\":{\"@type\":\"EntryPoint\",\"urlTemplate\":\"https:\\\/\\\/www.immobilierlocal.ch\\\/c\\\/?s={search_term_string}\"},\"query-input\":{\"@type\":\"PropertyValueSpecification\",\"valueRequired\":true,\"valueName\":\"search_term_string\"}}],\"inLanguage\":\"fr-FR\"},{\"@type\":\"Organization\",\"@id\":\"https:\\\/\\\/www.immobilierlocal.ch\\\/c\\\/#organization\",\"name\":\"Immobilierlocal\",\"url\":\"https:\\\/\\\/www.immobilierlocal.ch\\\/c\\\/\",\"logo\":{\"@type\":\"ImageObject\",\"inLanguage\":\"fr-FR\",\"@id\":\"https:\\\/\\\/www.immobilierlocal.ch\\\/c\\\/#\\\/schema\\\/logo\\\/image\\\/\",\"url\":\"https:\\\/\\\/www.immobilierlocal.ch\\\/c\\\/wp-content\\\/uploads\\\/2023\\\/10\\\/logo-immobilierlocal-h.svg\",\"contentUrl\":\"https:\\\/\\\/www.immobilierlocal.ch\\\/c\\\/wp-content\\\/uploads\\\/2023\\\/10\\\/logo-immobilierlocal-h.svg\",\"caption\":\"Immobilierlocal\"},\"image\":{\"@id\":\"https:\\\/\\\/www.immobilierlocal.ch\\\/c\\\/#\\\/schema\\\/logo\\\/image\\\/\"}}]}<\/script>\n<!-- \/ Yoast SEO Premium plugin. -->","yoast_head_json":{"title":"Estimation immobili\u00e8re \u00e0 Bussigny mai 2026 gratuite & rapide - Immobilierlocal","description":"D\u00e9couvrez le Prix moyen au m\u00b2 \u00e0 Bussigny en mai 2026 \u2705 Estimation gratuite de votre bien \u2705 Derni\u00e8res \u00e9volutions du march\u00e9.","robots":{"index":"index","follow":"follow","max-snippet":"max-snippet:-1","max-image-preview":"max-image-preview:large","max-video-preview":"max-video-preview:-1"},"canonical":"https:\/\/www.immobilierlocal.ch\/c\/estimation-immobiliere-canton-vaud\/estimation-immobiliere-a-bussigny-pres-lausanne\/","og_locale":"fr_FR","og_type":"article","og_title":"Estimation immobili\u00e8re \u00e0 Bussigny mai 2026 gratuite & rapide","og_description":"D\u00e9couvrez le Prix moyen au m\u00b2 \u00e0 Bussigny en mai 2026 \u2705 Estimation gratuite de votre bien \u2705 Derni\u00e8res \u00e9volutions du march\u00e9.","og_url":"https:\/\/www.immobilierlocal.ch\/c\/estimation-immobiliere-canton-vaud\/estimation-immobiliere-a-bussigny-pres-lausanne\/","og_site_name":"Immobilierlocal","article_modified_time":"2026-04-03T18:04:02+00:00","og_image":[{"width":2560,"height":817,"url":"https:\/\/www.immobilierlocal.ch\/c\/wp-content\/uploads\/2023\/10\/estimation-immobiliere-a-bussigny-pres-lausanne-scaled.jpg","type":"image\/jpeg"}],"twitter_card":"summary_large_image","twitter_misc":{"Dur\u00e9e de lecture estim\u00e9e":"7 minutes"},"schema":{"@context":"https:\/\/schema.org","@graph":[{"@type":"WebPage","@id":"https:\/\/www.immobilierlocal.ch\/c\/estimation-immobiliere-canton-vaud\/estimation-immobiliere-a-bussigny-pres-lausanne\/","url":"https:\/\/www.immobilierlocal.ch\/c\/estimation-immobiliere-canton-vaud\/estimation-immobiliere-a-bussigny-pres-lausanne\/","name":"Estimation immobili\u00e8re \u00e0 Bussigny - Immobilierlocal","isPartOf":{"@id":"https:\/\/www.immobilierlocal.ch\/c\/#website"},"primaryImageOfPage":{"@id":"https:\/\/www.immobilierlocal.ch\/c\/estimation-immobiliere-canton-vaud\/estimation-immobiliere-a-bussigny-pres-lausanne\/#primaryimage"},"image":{"@id":"https:\/\/www.immobilierlocal.ch\/c\/estimation-immobiliere-canton-vaud\/estimation-immobiliere-a-bussigny-pres-lausanne\/#primaryimage"},"thumbnailUrl":"https:\/\/www.immobilierlocal.ch\/c\/wp-content\/uploads\/2023\/10\/estimation-immobiliere-a-bussigny-pres-lausanne-scaled.jpg","datePublished":"2023-10-19T08:33:51+00:00","dateModified":"2026-04-03T18:04:02+00:00","breadcrumb":{"@id":"https:\/\/www.immobilierlocal.ch\/c\/estimation-immobiliere-canton-vaud\/estimation-immobiliere-a-bussigny-pres-lausanne\/#breadcrumb"},"inLanguage":"fr-FR","potentialAction":[{"@type":"ReadAction","target":["https:\/\/www.immobilierlocal.ch\/c\/estimation-immobiliere-canton-vaud\/estimation-immobiliere-a-bussigny-pres-lausanne\/"]}]},{"@type":"ImageObject","inLanguage":"fr-FR","@id":"https:\/\/www.immobilierlocal.ch\/c\/estimation-immobiliere-canton-vaud\/estimation-immobiliere-a-bussigny-pres-lausanne\/#primaryimage","url":"https:\/\/www.immobilierlocal.ch\/c\/wp-content\/uploads\/2023\/10\/estimation-immobiliere-a-bussigny-pres-lausanne-scaled.jpg","contentUrl":"https:\/\/www.immobilierlocal.ch\/c\/wp-content\/uploads\/2023\/10\/estimation-immobiliere-a-bussigny-pres-lausanne-scaled.jpg","width":2560,"height":817,"caption":"Estimation immobili\u00e8re \u00e0 Bussigny"},{"@type":"BreadcrumbList","@id":"https:\/\/www.immobilierlocal.ch\/c\/estimation-immobiliere-canton-vaud\/estimation-immobiliere-a-bussigny-pres-lausanne\/#breadcrumb","itemListElement":[{"@type":"ListItem","position":1,"name":"Accueil","item":"https:\/\/www.immobilierlocal.ch\/c\/"},{"@type":"ListItem","position":2,"name":"Estimation immobili\u00e8re dans le canton de Vaud","item":"https:\/\/www.immobilierlocal.ch\/c\/estimation-immobiliere-canton-vaud\/"},{"@type":"ListItem","position":3,"name":"Estimation immobili\u00e8re \u00e0 Bussigny"}]},{"@type":"WebSite","@id":"https:\/\/www.immobilierlocal.ch\/c\/#website","url":"https:\/\/www.immobilierlocal.ch\/c\/","name":"Immobilierlocal","description":"","publisher":{"@id":"https:\/\/www.immobilierlocal.ch\/c\/#organization"},"potentialAction":[{"@type":"SearchAction","target":{"@type":"EntryPoint","urlTemplate":"https:\/\/www.immobilierlocal.ch\/c\/?s={search_term_string}"},"query-input":{"@type":"PropertyValueSpecification","valueRequired":true,"valueName":"search_term_string"}}],"inLanguage":"fr-FR"},{"@type":"Organization","@id":"https:\/\/www.immobilierlocal.ch\/c\/#organization","name":"Immobilierlocal","url":"https:\/\/www.immobilierlocal.ch\/c\/","logo":{"@type":"ImageObject","inLanguage":"fr-FR","@id":"https:\/\/www.immobilierlocal.ch\/c\/#\/schema\/logo\/image\/","url":"https:\/\/www.immobilierlocal.ch\/c\/wp-content\/uploads\/2023\/10\/logo-immobilierlocal-h.svg","contentUrl":"https:\/\/www.immobilierlocal.ch\/c\/wp-content\/uploads\/2023\/10\/logo-immobilierlocal-h.svg","caption":"Immobilierlocal"},"image":{"@id":"https:\/\/www.immobilierlocal.ch\/c\/#\/schema\/logo\/image\/"}}]}},"_links":{"self":[{"href":"https:\/\/www.immobilierlocal.ch\/c\/wp-json\/wp\/v2\/pages\/219","targetHints":{"allow":["GET"]}}],"collection":[{"href":"https:\/\/www.immobilierlocal.ch\/c\/wp-json\/wp\/v2\/pages"}],"about":[{"href":"https:\/\/www.immobilierlocal.ch\/c\/wp-json\/wp\/v2\/types\/page"}],"author":[{"embeddable":true,"href":"https:\/\/www.immobilierlocal.ch\/c\/wp-json\/wp\/v2\/users\/3"}],"replies":[{"embeddable":true,"href":"https:\/\/www.immobilierlocal.ch\/c\/wp-json\/wp\/v2\/comments?post=219"}],"version-history":[{"count":0,"href":"https:\/\/www.immobilierlocal.ch\/c\/wp-json\/wp\/v2\/pages\/219\/revisions"}],"up":[{"embeddable":true,"href":"https:\/\/www.immobilierlocal.ch\/c\/wp-json\/wp\/v2\/pages\/149"}],"wp:featuredmedia":[{"embeddable":true,"href":"https:\/\/www.immobilierlocal.ch\/c\/wp-json\/wp\/v2\/media\/352"}],"wp:attachment":[{"href":"https:\/\/www.immobilierlocal.ch\/c\/wp-json\/wp\/v2\/media?parent=219"}],"wp:term":[{"taxonomy":"category","embeddable":true,"href":"https:\/\/www.immobilierlocal.ch\/c\/wp-json\/wp\/v2\/categories?post=219"},{"taxonomy":"profession","embeddable":true,"href":"https:\/\/www.immobilierlocal.ch\/c\/wp-json\/wp\/v2\/profession?post=219"},{"taxonomy":"location","embeddable":true,"href":"https:\/\/www.immobilierlocal.ch\/c\/wp-json\/wp\/v2\/location?post=219"},{"taxonomy":"canton","embeddable":true,"href":"https:\/\/www.immobilierlocal.ch\/c\/wp-json\/wp\/v2\/canton?post=219"}],"curies":[{"name":"wp","href":"https:\/\/api.w.org\/{rel}","templated":true}]}}