
{"id":217,"date":"2023-10-19T10:33:49","date_gmt":"2023-10-19T08:33:49","guid":{"rendered":"https:\/\/immobilierlocal.ch\/c\/217-2\/"},"modified":"2024-08-05T20:28:32","modified_gmt":"2024-08-05T18:28:32","slug":"estimation-immobiliere-a-pully","status":"publish","type":"page","link":"https:\/\/www.immobilierlocal.ch\/c\/estimation-immobiliere-canton-vaud\/estimation-immobiliere-a-pully\/","title":{"rendered":"Estimation immobili\u00e8re \u00e0 Pully"},"content":{"rendered":"<p>\u00c9valuez facilement le prix de votre domicile \u00e0 Pully avec Immobilierlocal. Nous avons \u00e9galement \u00e0 disposition des agents immobiliers qui se d\u00e9placent chez vous afin de vous procurer une estimation plus pr\u00e9cise de votre bien. Mettez en vente ou acqu\u00e9rez votre propri\u00e9t\u00e9 immobili\u00e8re \u00e0 un tarif imbattable, en toute confiance avec Immobilierlocal.<\/p>\n\n<h2>Derni\u00e8res estimations \u00e0 Pully par secteur<\/h2>\n<div class=\"estimates-lastest\"><ul><li>Pour un appartement 5.5 pi\u00e8ces \u00e0 Pully, surface pond\u00e9r\u00e9e (m\u00b2) : 110, orientation Ouest, sans balcon, transports fr\u00e9quence soutenue, sans parking, commodit\u00e9s et \u00e9coles nombreuses, situation ordinaire, CHF 14'531 \/ m\u00b2<\/li><li>Pour un appartement 5 pi\u00e8ces \u00e0 Pully, surface pond\u00e9r\u00e9e (m\u00b2) : 105, orientation Ouest, avec balcon, transports fr\u00e9quence r\u00e9guli\u00e8re, avec parking, commodit\u00e9s et \u00e9coles nombreuses, situation ordinaire, CHF 12'471 \/ m\u00b2<\/li><li>Pour un appartement 5.5 pi\u00e8ces \u00e0 Pully, surface pond\u00e9r\u00e9e (m\u00b2) : 120, orientation Ouest, avec balcon, transports fr\u00e9quence r\u00e9guli\u00e8re, avec parking, commodit\u00e9s et \u00e9coles nombreuses, situation ordinaire, CHF 11'288 \/ m\u00b2<\/li><\/ul><\/div>\n<h2>Evaluation des prix des maisons \u00e0 Pully selon le nombre de pi\u00e8ces<\/h2>\n<div class=\"estimates-room\"><ul><li>Pour une maison 5 pi\u00e8ces \u00e0 Pully, volume (m\u00b3) : 832.5 et terrain (m\u00b2) : 650, transports fr\u00e9quence r\u00e9guli\u00e8re, commodit\u00e9s et \u00e9coles nombreuses, situation ordinaire, CHF 12'933 \/ m\u00b2<\/li><li>Pour une maison 4.5 pi\u00e8ces \u00e0 Pully, volume (m\u00b3) : 1170 et terrain (m\u00b2) : 650, transports fr\u00e9quence soutenue, commodit\u00e9s et \u00e9coles nombreuses, situation ordinaire, CHF 10'658 \/ m\u00b2<\/li><li>Pour une maison 4.5 pi\u00e8ces \u00e0 Pully, volume (m\u00b3) : 1057.5 et terrain (m\u00b2) : 650, transports fr\u00e9quence soutenue, commodit\u00e9s et \u00e9coles nombreuses, situation ordinaire, CHF 12'387 \/ m\u00b2<\/li><\/ul><\/div><div class=\"iframe-text\">Estimer maintenant votre bien immobilier<\/div><iframe id=\"estimer\" src=\"https:\/\/www.immobilierlocal.ch\/estimer?iframe=1\" frameborder=\"0\" loading=\"lazy\" width=\"100%\" height=\"1000\" style=\"overflow-x:hidden;\" referrerpolicy=\"no-referrer-when-downgrade\" title=\"Estimation immobili\u00e8re\"><\/iframe>\n<h2>Comment faire \u00e9valuer la valeur d&rsquo;un bien immobilier \u00e0 Pully ?<\/h2>\n<h3>1. \u00c9valuation gratuite de votre maison \u00e0 Pully en ligne avec notre soci\u00e9t\u00e9 Immobilierlocal<\/h3>\n<p>D\u00e9couvrez la valeur financi\u00e8re de votre propri\u00e9t\u00e9 en moins de 5 minutes avec notre logiciel d&rsquo;estimation en ligne gratuit.<\/p>\n<p>Pour une \u00e9valuation pr\u00e9cise, nous devrons \u00e9galement conna\u00eetre les caract\u00e9ristiques suivantes :<\/p>\n<ul>\n<li>L&rsquo;environnement de la maison (acc\u00e8s aux transports, vis \u00e0 vis, pr\u00e9sence d&rsquo;\u00e9coles et de commerces&#8230;).<\/li>\n<li>L&rsquo;exposition de la maison.<\/li>\n<li>Le nombre de pi\u00e8ces.<\/li>\n<li>La surface habitable ou le volume.<\/li>\n<li>La surface du terrain.<\/li>\n<li>L\u2019ann\u00e9e de construction.<\/li>\n<li>L\u2019\u00e9tat g\u00e9n\u00e9ral de votre maison.<\/li>\n<li>L\u2019ann\u00e9e et le co\u00fbt des derni\u00e8res r\u00e9novations, des plus-values et\/ou des am\u00e9nagements.<\/li>\n<\/ul>\n<h3>2. \u00c9valuation offerte de votre appartement \u00e0 Pully en ligne avec Immobilierlocal<\/h3>\n<p>Pour conna\u00eetre la valeur immobili\u00e8re de votre appartement \u00e0 Pully, utilisez notre outil en ligne d&rsquo;\u00e9valuation immobili\u00e8re. En quelques minutes vous aurez connaissance de la valeur de votre appartement.<\/p>\n<p>Dans le but d&rsquo;\u00eatre plus fiable dans l&rsquo;\u00e9valuation de la valeur de votre bien, nous aurons besoin de certains documents ou certaines informations :<\/p>\n<ul>\n<li>La situation (environnement, vue et transports).<\/li>\n<li>L\u2019orientation.<\/li>\n<li>Le nombre de pi\u00e8ces.<\/li>\n<li>Les surfaces (habitable, balcon et cave).<\/li>\n<li>Parking int\u00e9rieur et\/ou ext\u00e9rieur.<\/li>\n<li>L\u2019ann\u00e9e de construction.<\/li>\n<li>L\u2019\u00e9tat g\u00e9n\u00e9ral.<\/li>\n<li>L\u2019ann\u00e9e et le co\u00fbt des derni\u00e8res r\u00e9novations.<\/li>\n<li>Le montant du \u00abfonds de r\u00e9novation PPE\u00bb.<\/li>\n<\/ul>\n<h3>3. Faire estimer sa maison ou son appartement par un agent immobilier \u00e0 Pully<\/h3>\n<p>Nos sp\u00e9cialistes situ\u00e9s \u00e0 Pully se rendent chez vous pour accomplir une estimation de votre demeure ou de votre appartement. En \u00e9tudiant certains dossiers tels que le registre foncier, les plans d&rsquo;architecte et le plan cadastral, ils vous procurent un rapport d&rsquo;estimation complet.<\/p>\n<p>Pour proc\u00e9der \u00e0 notre \u00e9valuation, nous consid\u00e9rons aussi l&rsquo;\u00e9tat du march\u00e9 immobilier \u00e0 Pully. Nous serons \u00e0 vos c\u00f4t\u00e9s pour vous fournir certains conseils afin d&rsquo;augmenter la valeur de votre propri\u00e9t\u00e9 \u00e0 Pully.<\/p>\n<p>B\u00e9n\u00e9ficiez d\u00e8s \u00e0 pr\u00e9sent d&rsquo;une \u00e9valuation r\u00e9elle et sans engagement de votre bien immobilier avec Immobilierlocal.<\/p>\n<h3>4. Est-il pertinent d\u2019analyser les biens semblables en vente \u00e0 Pully ?<\/h3>\n<p>Oui, il est int\u00e9ressant d\u2019analyser les autres biens mis en vente, comparer votre propri\u00e9t\u00e9 avec les annonces immobili\u00e8res similaires \u00e0 Pully vous apporte des donn\u00e9es sur la valorisation de votre propri\u00e9t\u00e9.<\/p>\n<h2>Comment vendre son bien immobilier au meilleur prix \u00e0 Pully ?<\/h2>\n<p>Pour vendre rapidement votre bien immobilier, faites confiance \u00e0 Immobilierlocal !<\/p>\n<h3>1. Pourquoi contacter un sp\u00e9cialiste comme Immobilierlocal ?<\/h3>\n<p>Immobilierlocal permet de vous mettre en relation avec un agent immobilier qui s&rsquo;occupe de la ville de Pully.<\/p>\n<h3>2. Obtenez une estimation pr\u00e9cise et adapt\u00e9e au march\u00e9 immobilier actuel<\/h3>\n<p>Notre agence Immobilierlocal r\u00e9pertorie toutes les propri\u00e9t\u00e9s en vente \u00e0 Pully ainsi que l&rsquo;ensemble des biens qui ont r\u00e9cemment trouv\u00e9 un acqu\u00e9reur. Cela nous permet d&rsquo;avoir une analyse tr\u00e8s pr\u00e9cise du march\u00e9 immobilier, et de vous proposer le meilleur prix de vente.<\/p>\n<h3>3. Mettez en valeur votre propri\u00e9t\u00e9<\/h3>\n<p>Immobilierlocal et ses partenaires effectuent des s\u00e9ances photo pour sublimer votre propri\u00e9t\u00e9.<\/p>\n<h3>4. Augmenter la visibilit\u00e9 de votre maison ou appartement et le nombre de potentiels acheteurs sur internet<\/h3>\n<p>Immobilierlocal et ses collaborateurs vous offrent la possibilit\u00e9 de diffuser votre annonce sur nos nombreux sites web sp\u00e9cialis\u00e9s dans l\u2019immobilier pour la pr\u00e9senter au maximum d\u2019acheteurs potentiels.<\/p>\n<h3>5. S\u00e9lectionnez l&rsquo;offre la plus int\u00e9ressante<\/h3>\n<p>Nos \u00e9quipes re\u00e7oivent les offres et analysent les propositions pour vous proposer la meilleure offre.<\/p>\n<h3>6. \u00catre en position de force lors des n\u00e9gociations<\/h3>\n<p>Afin d&rsquo;\u00eatre dans un rapport de force au moment de n\u00e9gocier le prix avec un possible acheteur, notre sp\u00e9cialiste aura besoin de mettre en valeur les atouts de votre bien. Pour cela, il doit conna\u00eetre les \u00e9l\u00e9ments suivants :<\/p>\n<ul>\n<li>Les r\u00e9novations effectu\u00e9es et les factures associ\u00e9es,<\/li>\n<li>les plans architecturaux,<\/li>\n<li>les avantages environnementaux,<\/li>\n<li>Le d\u00e9veloppement \u00e9conomique r\u00e9gional.<\/li>\n<\/ul>\n<h2>Quel est l&rsquo;\u00e9tat du march\u00e9 immobilier \u00e0 Pully ?<\/h2>\n<h3>\u00c9valuation de la valeur des maisons \u00e0 Pully<\/h3>\n<p class=\"estimates-house-range\">Les prix des maisons \u00e0 Pully varient de CHF 2'392'654 \u00e0 CHF 2'910'861 en moyenne.<\/p>\n<h3>Estimation de la valeur des appartements \u00e0 Pully<\/h3>\n<p class=\"estimates-house-range\">Les prix des appartements \u00e0 Pully varient de CHF 1'340'628 \u00e0 CHF 1'598'387 en moyenne.<\/p>\n<h3>Estimation de la valeur des terrains \u00e0 Pully<\/h3>\n<p class=\"estimates-land\">Les prix moyens des terrains \u00e0 Pully sont de CHF 2'382 \/ m\u00b2 (prix par m\u00e8tre carr\u00e9).<\/p>\n<h2>Questions fr\u00e9quentes sur l&rsquo;\u00e9valuation immobili\u00e8re<\/h2>\n<h3>Combien co\u00fbte une estimation immobili\u00e8re \u00e0 Pully ?<\/h3>\n<p>Le prix d&rsquo;une estimation immobili\u00e8re \u00e0 Pully fluctue selon la complexit\u00e9 du bien. Que vous ayez un logement de luxe ou une maison standard, les co\u00fbts peuvent osciller entre CHF 150 \u00e0 CHF 1&rsquo;500.<\/p>\n<p>Cependant, avec notre simulateur d&rsquo;estimation en ligne de notre soci\u00e9t\u00e9 Immobilierlocal, vous n&rsquo;aurez rien \u00e0 payer ! Notre instrument a \u00e9t\u00e9 \u00e9labor\u00e9 pendant plusieurs ann\u00e9es pour qu&rsquo;il soit le plus fiable possible. Il prend en compte l&rsquo;\u00e9tat du march\u00e9 actuel et des sp\u00e9cificit\u00e9s de votre propri\u00e9t\u00e9.<\/p>\n<h3>Qui peut estimer un bien immobilier \u00e0 Pully ?<\/h3>\n<p>Pour une \u00e9valuation immobili\u00e8re pr\u00e9cise, vous avez plusieurs solutions, vous pouvez faire appel \u00e0 un expert dans les estimations immobili\u00e8res, \u00e0 un architecte, \u00e0 un courtier en immobilier ou encore \u00e0 une banque.<\/p>\n<h3>Comment un agent immobilier \u00e9value une propri\u00e9t\u00e9 \u00e0 Pully ?<\/h3>\n<ol>\n<li>Tout d&rsquo;abord : l&rsquo;agent immobilier se rend \u00e0 votre domicile pour proc\u00e9der \u00e0 une visite d\u00e9taill\u00e9e de votre bien immobilier.<\/li>\n<li>Apr\u00e8s cela : il regarde les documents en lien avec l&rsquo;achat et l&rsquo;entretien de votre bien.<\/li>\n<li>Il effectue une \u00e9tude compl\u00e8te de la situation immobili\u00e8re en comparant votre bien aux autres biens actuellement en vente et en \u00e9tudiant les prix des ventes pass\u00e9es \u00e0 Pully.<\/li>\n<li>Enfin, il vous remettra un rapport complet et une estimation fiable de la valeur de votre propri\u00e9t\u00e9 immobili\u00e8re.<\/li>\n<\/ol>\n<h3>Comment b\u00e9n\u00e9ficier d&rsquo;une \u00e9valuation de son bien gratuitement \u00e0 Pully<\/h3>\n<p>Obtenez une \u00e9valuation gratuite et pr\u00e9cise en moins de 3 minutes gr\u00e2ce \u00e0 l&rsquo;outil d&rsquo;estimation Immobilierlocal, ou prenez contact avec l&rsquo;un de nos experts pour obtenir une estimation gratuite de votre bien, sans aucun engagement.<\/p>\n<h3>Quels facteurs influencent la valeur de ma propri\u00e9t\u00e9 \u00e0 Pully ?<\/h3>\n<p>La valeur de vente d&rsquo;une propri\u00e9t\u00e9 immobili\u00e8re r\u00e9sulte forc\u00e9ment de diff\u00e9rents crit\u00e8res, qui peuvent fluctuer selon les p\u00e9riodes. Voici une liste des principaux crit\u00e8res pouvant faire \u00e9voluer le march\u00e9 immobilier \u00e0 Pully :<\/p>\n<ul>\n<li>Le tourisme,<\/li>\n<li>le d\u00e9veloppement \u00e9conomique de la r\u00e9gion,<\/li>\n<li>l\u2019offre et demande,<\/li>\n<li>la proximit\u00e9 des commodit\u00e9s.<\/li>\n<\/ul>\n<h3>Comment augmenter le prix de vente de ma maison et de mon appartement ?<\/h3>\n<p>Pour faire \u00e9voluer la valeur de votre bien immobilier, voici plusieurs recommandations \u00e0 ne pas n\u00e9gliger :<\/p>\n<ul>\n<li>Assurez-vous que votre bien soit irr\u00e9prochable.<\/li>\n<li>Assurez-vous de ranger la totalit\u00e9 de vos pi\u00e8ces et arrangez l&rsquo;espace afin de permettre aux acqu\u00e9reurs de pouvoir se projeter.<\/li>\n<li>Accentuez les atouts de votre habitation.<\/li>\n<li>Assurez-vous de valoriser le terrain si vous avez une maison.<\/li>\n<\/ul>\n<h3>De quelle fa\u00e7on agir face \u00e0 un potentiel acqu\u00e9reur ?<\/h3>\n<ul>\n<li>Parlez-lui des diff\u00e9rentes forces de votre bien.<\/li>\n<li>R\u00e9pondez \u00e0 ses questions pr\u00e9cis\u00e9ment et honn\u00eatement.<\/li>\n<li>\u00c9coutez les propos de l&rsquo;acqu\u00e9reur et allez dans son sens sans le contredire.<\/li>\n<\/ul>\n<h3>Quels sont les documents \u00e0 poss\u00e9der afin d&rsquo;\u00e9valuer mon bien immobilier ?<\/h3>\n<ul>\n<li>Police assurance incendie compl\u00e8te<\/li>\n<li>Plan de niveau (si disponible)<\/li>\n<li>Travaux, factures (si disponible)<\/li>\n<li>Registre foncier (si disponible)<\/li>\n<li>Cadastre (si disponible)<\/li>\n<li>Descriptif de construction (si disponible)<\/li>\n<li>\u00c9ventuellement : plan d\u2019affectation et le r\u00e8glement de construction<\/li>\n<\/ul>\n<p>Pour les objets en PPE :<\/p>\n<ul>\n<li>Police assurance incendie compl\u00e8te de l\u2019immeuble (\u00e0 demander \u00e0 l\u2019administrateur)<\/li>\n<li>R\u00e8glement PPE<\/li>\n<li>Comptes PPE (3 derni\u00e8res ann\u00e9es)<\/li>\n<\/ul>\n<p>Estimation similaire dans les villes proches, comme : <br \/> Les Monts-de-Pully, La Croix (Lutry), Belmont-sur-Lausanne, La Conversion, Paudex, Lutry.<\/p>\n","protected":false},"excerpt":{"rendered":"<p>\u00c9valuez facilement le prix de votre domicile \u00e0 Pully avec Immobilierlocal. Nous avons \u00e9galement \u00e0 disposition des agents immobiliers qui se d\u00e9placent chez vous afin de vous procurer une estimation plus pr\u00e9cise de votre bien. Mettez en vente ou acqu\u00e9rez votre propri\u00e9t\u00e9 immobili\u00e8re \u00e0 un tarif imbattable, en toute confiance avec Immobilierlocal. Derni\u00e8res estimations \u00e0 [&hellip;]<\/p>\n","protected":false},"author":3,"featured_media":389,"parent":149,"menu_order":0,"comment_status":"closed","ping_status":"closed","template":"","meta":{"footnotes":""},"categories":[6],"profession":[],"location":[44],"canton":[],"class_list":["post-217","page","type-page","status-publish","has-post-thumbnail","hentry","category-estimation"],"yoast_head":"<!-- This site is optimized with the Yoast SEO Premium plugin v23.0 (Yoast SEO v27.3) - https:\/\/yoast.com\/product\/yoast-seo-premium-wordpress\/ -->\n<title>Estimation immobili\u00e8re \u00e0 Pully avril 2026 gratuite &amp; rapide - Immobilierlocal<\/title>\n<meta name=\"description\" content=\"D\u00e9couvrez le Prix moyen au m\u00b2 \u00e0 Pully en avril 2026 \u2705 Estimation gratuite de votre bien \u2705 Derni\u00e8res \u00e9volutions du march\u00e9.\" \/>\n<meta name=\"robots\" content=\"index, follow, max-snippet:-1, max-image-preview:large, max-video-preview:-1\" \/>\n<link rel=\"canonical\" href=\"https:\/\/www.immobilierlocal.ch\/c\/estimation-immobiliere-canton-vaud\/estimation-immobiliere-a-pully\/\" \/>\n<meta property=\"og:locale\" content=\"fr_FR\" \/>\n<meta property=\"og:type\" content=\"article\" \/>\n<meta property=\"og:title\" content=\"Estimation immobili\u00e8re \u00e0 Pully avril 2026 gratuite &amp; rapide\" \/>\n<meta property=\"og:description\" content=\"D\u00e9couvrez le Prix moyen au m\u00b2 \u00e0 Pully en avril 2026 \u2705 Estimation gratuite de votre bien \u2705 Derni\u00e8res \u00e9volutions du march\u00e9.\" \/>\n<meta property=\"og:url\" content=\"https:\/\/www.immobilierlocal.ch\/c\/estimation-immobiliere-canton-vaud\/estimation-immobiliere-a-pully\/\" \/>\n<meta property=\"og:site_name\" content=\"Immobilierlocal\" \/>\n<meta property=\"article:modified_time\" content=\"2024-08-05T18:28:32+00:00\" \/>\n<meta property=\"og:image\" content=\"https:\/\/www.immobilierlocal.ch\/c\/wp-content\/uploads\/2023\/10\/estimation-immobiliere-a-pully-scaled.jpg\" \/>\n\t<meta property=\"og:image:width\" content=\"2560\" \/>\n\t<meta property=\"og:image:height\" content=\"817\" \/>\n\t<meta property=\"og:image:type\" content=\"image\/jpeg\" \/>\n<meta name=\"twitter:card\" content=\"summary_large_image\" \/>\n<meta name=\"twitter:label1\" content=\"Dur\u00e9e de lecture estim\u00e9e\" \/>\n\t<meta name=\"twitter:data1\" content=\"7 minutes\" \/>\n<script type=\"application\/ld+json\" class=\"yoast-schema-graph\">{\"@context\":\"https:\\\/\\\/schema.org\",\"@graph\":[{\"@type\":\"WebPage\",\"@id\":\"https:\\\/\\\/www.immobilierlocal.ch\\\/c\\\/estimation-immobiliere-canton-vaud\\\/estimation-immobiliere-a-pully\\\/\",\"url\":\"https:\\\/\\\/www.immobilierlocal.ch\\\/c\\\/estimation-immobiliere-canton-vaud\\\/estimation-immobiliere-a-pully\\\/\",\"name\":\"Estimation immobili\u00e8re \u00e0 Pully - Immobilierlocal\",\"isPartOf\":{\"@id\":\"https:\\\/\\\/www.immobilierlocal.ch\\\/c\\\/#website\"},\"primaryImageOfPage\":{\"@id\":\"https:\\\/\\\/www.immobilierlocal.ch\\\/c\\\/estimation-immobiliere-canton-vaud\\\/estimation-immobiliere-a-pully\\\/#primaryimage\"},\"image\":{\"@id\":\"https:\\\/\\\/www.immobilierlocal.ch\\\/c\\\/estimation-immobiliere-canton-vaud\\\/estimation-immobiliere-a-pully\\\/#primaryimage\"},\"thumbnailUrl\":\"https:\\\/\\\/www.immobilierlocal.ch\\\/c\\\/wp-content\\\/uploads\\\/2023\\\/10\\\/estimation-immobiliere-a-pully-scaled.jpg\",\"datePublished\":\"2023-10-19T08:33:49+00:00\",\"dateModified\":\"2024-08-05T18:28:32+00:00\",\"description\":\"Estimer le prix de votre appartement ou de votre maison \u00e0 Pully avec notre logiciel d'estimation en ligne gratuit.\",\"breadcrumb\":{\"@id\":\"https:\\\/\\\/www.immobilierlocal.ch\\\/c\\\/estimation-immobiliere-canton-vaud\\\/estimation-immobiliere-a-pully\\\/#breadcrumb\"},\"inLanguage\":\"fr-FR\",\"potentialAction\":[{\"@type\":\"ReadAction\",\"target\":[\"https:\\\/\\\/www.immobilierlocal.ch\\\/c\\\/estimation-immobiliere-canton-vaud\\\/estimation-immobiliere-a-pully\\\/\"]}]},{\"@type\":\"ImageObject\",\"inLanguage\":\"fr-FR\",\"@id\":\"https:\\\/\\\/www.immobilierlocal.ch\\\/c\\\/estimation-immobiliere-canton-vaud\\\/estimation-immobiliere-a-pully\\\/#primaryimage\",\"url\":\"https:\\\/\\\/www.immobilierlocal.ch\\\/c\\\/wp-content\\\/uploads\\\/2023\\\/10\\\/estimation-immobiliere-a-pully-scaled.jpg\",\"contentUrl\":\"https:\\\/\\\/www.immobilierlocal.ch\\\/c\\\/wp-content\\\/uploads\\\/2023\\\/10\\\/estimation-immobiliere-a-pully-scaled.jpg\",\"width\":2560,\"height\":817,\"caption\":\"Estimation immobili\u00e8re \u00e0 Pully\"},{\"@type\":\"BreadcrumbList\",\"@id\":\"https:\\\/\\\/www.immobilierlocal.ch\\\/c\\\/estimation-immobiliere-canton-vaud\\\/estimation-immobiliere-a-pully\\\/#breadcrumb\",\"itemListElement\":[{\"@type\":\"ListItem\",\"position\":1,\"name\":\"Accueil\",\"item\":\"https:\\\/\\\/www.immobilierlocal.ch\\\/c\\\/\"},{\"@type\":\"ListItem\",\"position\":2,\"name\":\"Estimation immobili\u00e8re dans le canton de Vaud\",\"item\":\"https:\\\/\\\/www.immobilierlocal.ch\\\/c\\\/estimation-immobiliere-canton-vaud\\\/\"},{\"@type\":\"ListItem\",\"position\":3,\"name\":\"Estimation immobili\u00e8re \u00e0 Pully\"}]},{\"@type\":\"WebSite\",\"@id\":\"https:\\\/\\\/www.immobilierlocal.ch\\\/c\\\/#website\",\"url\":\"https:\\\/\\\/www.immobilierlocal.ch\\\/c\\\/\",\"name\":\"Immobilierlocal\",\"description\":\"\",\"publisher\":{\"@id\":\"https:\\\/\\\/www.immobilierlocal.ch\\\/c\\\/#organization\"},\"potentialAction\":[{\"@type\":\"SearchAction\",\"target\":{\"@type\":\"EntryPoint\",\"urlTemplate\":\"https:\\\/\\\/www.immobilierlocal.ch\\\/c\\\/?s={search_term_string}\"},\"query-input\":{\"@type\":\"PropertyValueSpecification\",\"valueRequired\":true,\"valueName\":\"search_term_string\"}}],\"inLanguage\":\"fr-FR\"},{\"@type\":\"Organization\",\"@id\":\"https:\\\/\\\/www.immobilierlocal.ch\\\/c\\\/#organization\",\"name\":\"Immobilierlocal\",\"url\":\"https:\\\/\\\/www.immobilierlocal.ch\\\/c\\\/\",\"logo\":{\"@type\":\"ImageObject\",\"inLanguage\":\"fr-FR\",\"@id\":\"https:\\\/\\\/www.immobilierlocal.ch\\\/c\\\/#\\\/schema\\\/logo\\\/image\\\/\",\"url\":\"https:\\\/\\\/www.immobilierlocal.ch\\\/c\\\/wp-content\\\/uploads\\\/2023\\\/10\\\/logo-immobilierlocal-h.svg\",\"contentUrl\":\"https:\\\/\\\/www.immobilierlocal.ch\\\/c\\\/wp-content\\\/uploads\\\/2023\\\/10\\\/logo-immobilierlocal-h.svg\",\"caption\":\"Immobilierlocal\"},\"image\":{\"@id\":\"https:\\\/\\\/www.immobilierlocal.ch\\\/c\\\/#\\\/schema\\\/logo\\\/image\\\/\"}}]}<\/script>\n<!-- \/ Yoast SEO Premium plugin. -->","yoast_head_json":{"title":"Estimation immobili\u00e8re \u00e0 Pully avril 2026 gratuite & rapide - Immobilierlocal","description":"D\u00e9couvrez le Prix moyen au m\u00b2 \u00e0 Pully en avril 2026 \u2705 Estimation gratuite de votre bien \u2705 Derni\u00e8res \u00e9volutions du march\u00e9.","robots":{"index":"index","follow":"follow","max-snippet":"max-snippet:-1","max-image-preview":"max-image-preview:large","max-video-preview":"max-video-preview:-1"},"canonical":"https:\/\/www.immobilierlocal.ch\/c\/estimation-immobiliere-canton-vaud\/estimation-immobiliere-a-pully\/","og_locale":"fr_FR","og_type":"article","og_title":"Estimation immobili\u00e8re \u00e0 Pully avril 2026 gratuite & rapide","og_description":"D\u00e9couvrez le Prix moyen au m\u00b2 \u00e0 Pully en avril 2026 \u2705 Estimation gratuite de votre bien \u2705 Derni\u00e8res \u00e9volutions du march\u00e9.","og_url":"https:\/\/www.immobilierlocal.ch\/c\/estimation-immobiliere-canton-vaud\/estimation-immobiliere-a-pully\/","og_site_name":"Immobilierlocal","article_modified_time":"2024-08-05T18:28:32+00:00","og_image":[{"width":2560,"height":817,"url":"https:\/\/www.immobilierlocal.ch\/c\/wp-content\/uploads\/2023\/10\/estimation-immobiliere-a-pully-scaled.jpg","type":"image\/jpeg"}],"twitter_card":"summary_large_image","twitter_misc":{"Dur\u00e9e de lecture estim\u00e9e":"7 minutes"},"schema":{"@context":"https:\/\/schema.org","@graph":[{"@type":"WebPage","@id":"https:\/\/www.immobilierlocal.ch\/c\/estimation-immobiliere-canton-vaud\/estimation-immobiliere-a-pully\/","url":"https:\/\/www.immobilierlocal.ch\/c\/estimation-immobiliere-canton-vaud\/estimation-immobiliere-a-pully\/","name":"Estimation immobili\u00e8re \u00e0 Pully - Immobilierlocal","isPartOf":{"@id":"https:\/\/www.immobilierlocal.ch\/c\/#website"},"primaryImageOfPage":{"@id":"https:\/\/www.immobilierlocal.ch\/c\/estimation-immobiliere-canton-vaud\/estimation-immobiliere-a-pully\/#primaryimage"},"image":{"@id":"https:\/\/www.immobilierlocal.ch\/c\/estimation-immobiliere-canton-vaud\/estimation-immobiliere-a-pully\/#primaryimage"},"thumbnailUrl":"https:\/\/www.immobilierlocal.ch\/c\/wp-content\/uploads\/2023\/10\/estimation-immobiliere-a-pully-scaled.jpg","datePublished":"2023-10-19T08:33:49+00:00","dateModified":"2024-08-05T18:28:32+00:00","description":"Estimer le prix de votre appartement ou de votre maison \u00e0 Pully avec notre logiciel d'estimation en ligne gratuit.","breadcrumb":{"@id":"https:\/\/www.immobilierlocal.ch\/c\/estimation-immobiliere-canton-vaud\/estimation-immobiliere-a-pully\/#breadcrumb"},"inLanguage":"fr-FR","potentialAction":[{"@type":"ReadAction","target":["https:\/\/www.immobilierlocal.ch\/c\/estimation-immobiliere-canton-vaud\/estimation-immobiliere-a-pully\/"]}]},{"@type":"ImageObject","inLanguage":"fr-FR","@id":"https:\/\/www.immobilierlocal.ch\/c\/estimation-immobiliere-canton-vaud\/estimation-immobiliere-a-pully\/#primaryimage","url":"https:\/\/www.immobilierlocal.ch\/c\/wp-content\/uploads\/2023\/10\/estimation-immobiliere-a-pully-scaled.jpg","contentUrl":"https:\/\/www.immobilierlocal.ch\/c\/wp-content\/uploads\/2023\/10\/estimation-immobiliere-a-pully-scaled.jpg","width":2560,"height":817,"caption":"Estimation immobili\u00e8re \u00e0 Pully"},{"@type":"BreadcrumbList","@id":"https:\/\/www.immobilierlocal.ch\/c\/estimation-immobiliere-canton-vaud\/estimation-immobiliere-a-pully\/#breadcrumb","itemListElement":[{"@type":"ListItem","position":1,"name":"Accueil","item":"https:\/\/www.immobilierlocal.ch\/c\/"},{"@type":"ListItem","position":2,"name":"Estimation immobili\u00e8re dans le canton de Vaud","item":"https:\/\/www.immobilierlocal.ch\/c\/estimation-immobiliere-canton-vaud\/"},{"@type":"ListItem","position":3,"name":"Estimation immobili\u00e8re \u00e0 Pully"}]},{"@type":"WebSite","@id":"https:\/\/www.immobilierlocal.ch\/c\/#website","url":"https:\/\/www.immobilierlocal.ch\/c\/","name":"Immobilierlocal","description":"","publisher":{"@id":"https:\/\/www.immobilierlocal.ch\/c\/#organization"},"potentialAction":[{"@type":"SearchAction","target":{"@type":"EntryPoint","urlTemplate":"https:\/\/www.immobilierlocal.ch\/c\/?s={search_term_string}"},"query-input":{"@type":"PropertyValueSpecification","valueRequired":true,"valueName":"search_term_string"}}],"inLanguage":"fr-FR"},{"@type":"Organization","@id":"https:\/\/www.immobilierlocal.ch\/c\/#organization","name":"Immobilierlocal","url":"https:\/\/www.immobilierlocal.ch\/c\/","logo":{"@type":"ImageObject","inLanguage":"fr-FR","@id":"https:\/\/www.immobilierlocal.ch\/c\/#\/schema\/logo\/image\/","url":"https:\/\/www.immobilierlocal.ch\/c\/wp-content\/uploads\/2023\/10\/logo-immobilierlocal-h.svg","contentUrl":"https:\/\/www.immobilierlocal.ch\/c\/wp-content\/uploads\/2023\/10\/logo-immobilierlocal-h.svg","caption":"Immobilierlocal"},"image":{"@id":"https:\/\/www.immobilierlocal.ch\/c\/#\/schema\/logo\/image\/"}}]}},"_links":{"self":[{"href":"https:\/\/www.immobilierlocal.ch\/c\/wp-json\/wp\/v2\/pages\/217","targetHints":{"allow":["GET"]}}],"collection":[{"href":"https:\/\/www.immobilierlocal.ch\/c\/wp-json\/wp\/v2\/pages"}],"about":[{"href":"https:\/\/www.immobilierlocal.ch\/c\/wp-json\/wp\/v2\/types\/page"}],"author":[{"embeddable":true,"href":"https:\/\/www.immobilierlocal.ch\/c\/wp-json\/wp\/v2\/users\/3"}],"replies":[{"embeddable":true,"href":"https:\/\/www.immobilierlocal.ch\/c\/wp-json\/wp\/v2\/comments?post=217"}],"version-history":[{"count":0,"href":"https:\/\/www.immobilierlocal.ch\/c\/wp-json\/wp\/v2\/pages\/217\/revisions"}],"up":[{"embeddable":true,"href":"https:\/\/www.immobilierlocal.ch\/c\/wp-json\/wp\/v2\/pages\/149"}],"wp:featuredmedia":[{"embeddable":true,"href":"https:\/\/www.immobilierlocal.ch\/c\/wp-json\/wp\/v2\/media\/389"}],"wp:attachment":[{"href":"https:\/\/www.immobilierlocal.ch\/c\/wp-json\/wp\/v2\/media?parent=217"}],"wp:term":[{"taxonomy":"category","embeddable":true,"href":"https:\/\/www.immobilierlocal.ch\/c\/wp-json\/wp\/v2\/categories?post=217"},{"taxonomy":"profession","embeddable":true,"href":"https:\/\/www.immobilierlocal.ch\/c\/wp-json\/wp\/v2\/profession?post=217"},{"taxonomy":"location","embeddable":true,"href":"https:\/\/www.immobilierlocal.ch\/c\/wp-json\/wp\/v2\/location?post=217"},{"taxonomy":"canton","embeddable":true,"href":"https:\/\/www.immobilierlocal.ch\/c\/wp-json\/wp\/v2\/canton?post=217"}],"curies":[{"name":"wp","href":"https:\/\/api.w.org\/{rel}","templated":true}]}}