
{"id":216,"date":"2023-10-19T10:33:49","date_gmt":"2023-10-19T08:33:49","guid":{"rendered":"https:\/\/immobilierlocal.ch\/c\/216-2\/"},"modified":"2024-08-05T20:21:28","modified_gmt":"2024-08-05T18:21:28","slug":"estimation-immobiliere-a-epalinges","status":"publish","type":"page","link":"https:\/\/www.immobilierlocal.ch\/c\/estimation-immobiliere-canton-vaud\/estimation-immobiliere-a-epalinges\/","title":{"rendered":"Estimation immobili\u00e8re \u00e0 Epalinges"},"content":{"rendered":"<p>\u00c9valuez facilement le prix de votre bien immobilier \u00e0 Epalinges gr\u00e2ce \u00e0 Immobilierlocal. Nous avons \u00e9galement \u00e0 disposition des agents immobiliers qui peuvent se rendre chez vous afin de vous procurer une estimation plus d\u00e9taill\u00e9e de votre bien. Vendre sa maison ou sa propri\u00e9t\u00e9 avec Immobilierlocal, c&rsquo;est la garantie de vendre son bien \u00e0 un tr\u00e8s bon prix et en toute tranquillit\u00e9.<\/p>\n\n<h2>Derni\u00e8res estimations \u00e0 Epalinges par secteur<\/h2>\n<div class=\"estimates-lastest\"><ul><li>Pour un appartement 4.5 pi\u00e8ces \u00e0 Epalinges, surface pond\u00e9r\u00e9e (m\u00b2) : 95, orientation Sud-Est\/Ouest, avec balcon, transports fr\u00e9quence limit\u00e9e, avec parking, commodit\u00e9s et \u00e9coles limit\u00e9es, situation ordinaire, CHF 11'553 \/ m\u00b2<\/li><li>Pour un appartement 5.5 pi\u00e8ces \u00e0 Epalinges, surface pond\u00e9r\u00e9e (m\u00b2) : 120, orientation Sud-Est\/Ouest, sans balcon, transports fr\u00e9quence limit\u00e9e, avec parking, commodit\u00e9s et \u00e9coles limit\u00e9es, situation ordinaire, CHF 10'388 \/ m\u00b2<\/li><li>Pour un appartement 6.5 pi\u00e8ces \u00e0 Epalinges, surface pond\u00e9r\u00e9e (m\u00b2) : 105, orientation Sud-Est\/Ouest, sans balcon, transports fr\u00e9quence soutenue, avec parking, commodit\u00e9s et \u00e9coles nombreuses, situation ordinaire, CHF 11'981 \/ m\u00b2<\/li><\/ul><\/div>\n<h2>Evaluation de la valeur des maisons \u00e0 Epalinges selon le nombre de pi\u00e8ces<\/h2>\n<div class=\"estimates-room\"><ul><li>Pour une maison 5.5 pi\u00e8ces \u00e0 Epalinges, volume (m\u00b3) : 832.5 et terrain (m\u00b2) : 950, transports fr\u00e9quence r\u00e9guli\u00e8re, commodit\u00e9s et \u00e9coles nombreuses, situation ordinaire, CHF 11'624 \/ m\u00b2<\/li><li>Pour une maison 4.5 pi\u00e8ces \u00e0 Epalinges, volume (m\u00b3) : 1057.5 et terrain (m\u00b2) : 650, transports fr\u00e9quence limit\u00e9e, commodit\u00e9s et \u00e9coles limit\u00e9es, situation ordinaire, CHF 6'931 \/ m\u00b2<\/li><li>Pour une maison 4.5 pi\u00e8ces \u00e0 Epalinges, volume (m\u00b3) : 1057.5 et terrain (m\u00b2) : 1100, transports fr\u00e9quence r\u00e9guli\u00e8re, commodit\u00e9s et \u00e9coles nombreuses, situation ordinaire, CHF 10'780 \/ m\u00b2<\/li><\/ul><\/div><div class=\"iframe-text\">Estimer maintenant votre bien immobilier<\/div><iframe id=\"estimer\" src=\"https:\/\/www.immobilierlocal.ch\/estimer?iframe=1\" frameborder=\"0\" loading=\"lazy\" width=\"100%\" height=\"1000\" style=\"overflow-x:hidden;\" referrerpolicy=\"no-referrer-when-downgrade\" title=\"Estimation immobili\u00e8re\"><\/iframe>\n<h2>Comment faire estimer la valeur d&rsquo;un bien immobilier \u00e0 Epalinges ?<\/h2>\n<h3>1. Estimation gratuite de votre maison \u00e0 Epalinges en ligne avec notre agence Immobilierlocal<\/h3>\n<p>Utilisez notre outil d&rsquo;estimation en ligne afin de savoir la valeur de votre maison en moins de 3 minutes.<\/p>\n<p>Pour une estimation conforme, nous devrons aussi conna\u00eetre les caract\u00e9ristiques suivantes :<\/p>\n<ul>\n<li>L&rsquo;environnement de la propri\u00e9t\u00e9 (acc\u00e8s aux services de transport, vis \u00e0 vis, pr\u00e9sence d&rsquo;\u00e9coles et de commerces&#8230;).<\/li>\n<li>L&rsquo;orientation et l&rsquo;exposition de la maison.<\/li>\n<li>Le nombre de pi\u00e8ces.<\/li>\n<li>La surface habitable ou le volume.<\/li>\n<li>La surface du terrain.<\/li>\n<li>L\u2019ann\u00e9e de construction.<\/li>\n<li>L\u2019\u00e9tat g\u00e9n\u00e9ral de votre maison.<\/li>\n<li>L\u2019ann\u00e9e et le co\u00fbt des derni\u00e8res r\u00e9novations, des plus-values et\/ou des am\u00e9nagements.<\/li>\n<\/ul>\n<h3>2. \u00c9valuation gratuite de votre appartement \u00e0 Epalinges sur internet avec Immobilierlocal<\/h3>\n<p>Obtenez la valeur immobili\u00e8re de votre bien en 3 minutes gr\u00e2ce \u00e0 notre logiciel d&rsquo;estimation en ligne gratuit. Recevez une estimation rapide de votre appartement \u00e0 Epalinges en quelques clics.<\/p>\n<p>Afin de recevoir une estimation pr\u00e9cise, vous devrez nous procurer les d\u00e9tails de votre logement, apr\u00e8s avoir ins\u00e9r\u00e9 votre adresse, comme :<\/p>\n<ul>\n<li>L&rsquo;environnement de votre appartement.<\/li>\n<li>L\u2019orientation.<\/li>\n<li>Le nombre de pi\u00e8ces.<\/li>\n<li>Les surfaces (habitable, balcon et cave).<\/li>\n<li>Parking int\u00e9rieur et\/ou ext\u00e9rieur.<\/li>\n<li>Date de construction.<\/li>\n<li>L\u2019\u00e9tat g\u00e9n\u00e9ral.<\/li>\n<li>L\u2019ann\u00e9e et le co\u00fbt des derni\u00e8res r\u00e9novations.<\/li>\n<li>Le montant du \u00abfonds de r\u00e9novation PPE\u00bb.<\/li>\n<\/ul>\n<h3>3. R\u00e9aliser une \u00e9valuation immobili\u00e8re de sa maison par un agent immobilier \u00e0 Epalinges<\/h3>\n<p>Nous disposons de nombreux agents immobiliers \u00e0 Epalinges qui viennent \u00e0 votre domicile pour examiner votre maison avant d&rsquo;\u00e9tablir une estimation de votre bien. Il \u00e9tudiera aussi certains documents tels que les plans d&rsquo;architecte ou le registre foncier afin de vous donner une estimation la plus d\u00e9taill\u00e9e possible.<\/p>\n<p>Pour r\u00e9aliser notre estimation, nous consid\u00e9rons aussi l&rsquo;\u00e9tat du march\u00e9 immobilier actuel \u00e0 Epalinges. Nous serons \u00e0 vos c\u00f4t\u00e9s afin de vous donner certains conseils afin de valoriser au maximum votre propri\u00e9t\u00e9 \u00e0 Epalinges.<\/p>\n<p>Faites confiance \u00e0 Immobilierlocal et recevez tout de suite une appr\u00e9ciation de la valeur de votre bien.<\/p>\n<h3>4. Comparer son bien avec les autres biens similaires \u00e0 Epalinges, est-ce n\u00e9cessaire ?<\/h3>\n<p>Oui, il est pertinent d&rsquo;\u00e9tudier les biens semblables, comparer votre bien avec les annonces immobili\u00e8res \u00e0 Epalinges vous permet d\u2019obtenir une fourchette rapide de la valorisation de votre maison ou appartement.<\/p>\n<h2>Comment vendre son bien immobilier au meilleur prix \u00e0 Epalinges ?<\/h2>\n<p>Pour vendre rapidement votre bien immobilier, faites confiance \u00e0 Immobilierlocal !<\/p>\n<h3>1. Pourquoi faire appel \u00e0 un sp\u00e9cialiste comme Immobilierlocal ?<\/h3>\n<p>Immobilierlocal vous met en relation avec un agent immobilier situ\u00e9 dans la ville de Epalinges.<\/p>\n<h3>2. Obtenez une \u00e9valuation pr\u00e9cise et qui prend en compte le march\u00e9 immobilier actuel<\/h3>\n<p>Immobilierlocal et ses collaborateurs examinent le march\u00e9 actuel en tenant compte des annonces et des biens r\u00e9cemment vendus, dans le but de vous proposer le prix de vente le plus \u00e9lev\u00e9 possible tout en restant concurrentiels.<\/p>\n<h3>3. Mettez en valeur votre propri\u00e9t\u00e9<\/h3>\n<p>Afin de mettre en lumi\u00e8re votre bien, nous effectuons des s\u00e9ances photo avec des professionnels de votre appartement ou de votre maison \u00e0 Epalinges.<\/p>\n<h3>4. Assurez-vous que votre annonce immobili\u00e8re soit visible sur internet<\/h3>\n<p>Immobilierlocal et ses collaborateurs vous permettent de diffuser votre annonce sur nos nombreux sites web sp\u00e9cialis\u00e9s dans l\u2019immobilier pour la pr\u00e9senter \u00e0 un maximum de personnes.<\/p>\n<h3>5. S\u00e9lectionnez la meilleure offre<\/h3>\n<p>Nous trions la totalit\u00e9 des offres qui nous parviennent afin de vous pr\u00e9senter seulement celles qui peuvent vous int\u00e9resser.<\/p>\n<h3>6. N\u00e9gociez le meilleur prix<\/h3>\n<p>Notre sp\u00e9cialiste recense tous les documents et les informations possibles pour vous mettre en position de force afin de le vendre au meilleur prix, voici les documents et les informations n\u00e9cessaires :<\/p>\n<ul>\n<li>Les factures de r\u00e9novations,<\/li>\n<li>les plans architecturaux,<\/li>\n<li>les avantages environnementaux,<\/li>\n<li>le d\u00e9veloppement \u00e9conomique \u00e0 Epalinges et de sa r\u00e9gion.<\/li>\n<\/ul>\n<h2>Quel est l&rsquo;\u00e9tat du march\u00e9 immobilier \u00e0 Epalinges ?<\/h2>\n<h3>Estimation du prix de vente des maisons \u00e0 Epalinges<\/h3>\n<p class=\"estimates-house-range\">Les prix des maisons \u00e0 Epalinges varient de CHF 1'628'854 \u00e0 CHF 2'533'247 en moyenne.<\/p>\n<h3>\u00c9valuation du prix de vente des appartements \u00e0 Epalinges<\/h3>\n<p class=\"estimates-house-range\">Les prix des appartements \u00e0 Epalinges varient de CHF 1'152'986 \u00e0 CHF 1'258'016 en moyenne.<\/p>\n<h3>\u00c9valuation du prix de vente des terrains \u00e0 Epalinges<\/h3>\n<p class=\"estimates-land\">Les prix moyens des terrains \u00e0 Epalinges sont de CHF 1'207 \/ m\u00b2 (prix par m\u00e8tre carr\u00e9).<\/p>\n<h2>Questions fr\u00e9quentes sur l&rsquo;\u00e9valuation immobili\u00e8re<\/h2>\n<h3>Quel est le tarif d&rsquo;une \u00e9valuation immobili\u00e8re \u00e0 Epalinges ?<\/h3>\n<p>A Epalinges, cela peut varier entre CHF 150 et CHF 1500. Cela va d\u00e9pendre de la nature de votre bien et de sa taille.<\/p>\n<p>N\u00e9anmoins, avec notre simulateur d&rsquo;estimation en ligne de notre soci\u00e9t\u00e9 Immobilierlocal, vous n&rsquo;aurez rien \u00e0 payer ! Notre outil a \u00e9t\u00e9 confectionn\u00e9 durant de longues ann\u00e9es pour qu&rsquo;il soit le plus fiable et pr\u00e9cis possible. Il prend en compte l&rsquo;\u00e9tat du march\u00e9 actuel et des caract\u00e9ristiques de votre bien.<\/p>\n<h3>Qui peut estimer une propri\u00e9taire immobili\u00e8re \u00e0 Epalinges ?<\/h3>\n<p>Pour une estimation immobili\u00e8re pr\u00e9cise, vous avez plusieurs solutions, vous pouvez contacter un expert dans les estimations immobili\u00e8res, un architecte, un courtier en immobilier ou encore une banque.<\/p>\n<h3>Comment un agent immobilier estime une propri\u00e9t\u00e9 \u00e0 Epalinges ?<\/h3>\n<ol>\n<li>Pour commencer : l&rsquo;expert se rend \u00e0 votre domicile pour effectuer une visite compl\u00e8te de votre demeure.<\/li>\n<li>Apr\u00e8s cela : il analyse les documents en lien avec l&rsquo;achat et l&rsquo;entretien de votre propri\u00e9t\u00e9.<\/li>\n<li>Il proc\u00e8de \u00e0 une \u00e9tude approfondie de la situation immobili\u00e8re en confrontant votre bien aux propri\u00e9t\u00e9s actuellement disponibles et en \u00e9tudiant les prix des ventes pass\u00e9es \u00e0 Epalinges.<\/li>\n<li>Enfin, il vous remettra un rapport complet ainsi qu&rsquo;une estimation fiable de la valeur de votre propri\u00e9t\u00e9.<\/li>\n<\/ol>\n<h3>Comment b\u00e9n\u00e9ficier d&rsquo;une \u00e9valuation de propri\u00e9t\u00e9 gratuitement \u00e0 Epalinges<\/h3>\n<p>Utilisez l&rsquo;outil d&rsquo;\u00e9valuation 100% gratuit de notre entreprise Immobilierlocal ! Vous pouvez aussi faire appel \u00e0 nos sp\u00e9cialistes de l&rsquo;immobilier pour une estimation.<\/p>\n<h3>Quels sont les diff\u00e9rents facteurs qui peuvent faire \u00e9voluer le prix de vente de mon bien \u00e0 Epalinges ?<\/h3>\n<p>La valeur de vente d&rsquo;une propri\u00e9t\u00e9 immobili\u00e8re d\u00e9coule forc\u00e9ment de diff\u00e9rents crit\u00e8res, qui peuvent varier selon les p\u00e9riodes. Voici une liste des principaux param\u00e8tres pouvant faire \u00e9voluer le march\u00e9 immobilier \u00e0 Epalinges :<\/p>\n<ul>\n<li>L&rsquo;activit\u00e9 touristique,<\/li>\n<li>l&rsquo;activit\u00e9 \u00e9conomique du secteur,<\/li>\n<li>le rapport entre le nombre de vendeurs et d&rsquo;acqu\u00e9reurs,<\/li>\n<li>la pr\u00e9sence de commodit\u00e9s (commerces, \u00e9coles, pharmacies&#8230;).<\/li>\n<\/ul>\n<h3>De quelle fa\u00e7on augmenter le prix de vente de ma maison et de mon appartement ?<\/h3>\n<p>Pour faire \u00e9voluer la valeur de votre bien, voici quelques conseils \u00e0 ne pas n\u00e9gliger :<\/p>\n<ul>\n<li>Assurez-vous que votre bien soit impeccable.<\/li>\n<li>Rangez et organisez toutes vos affaires de fa\u00e7on \u00e0 ce que les potentiels acqu\u00e9reurs se projettent facilement dans le bien.<\/li>\n<li>Assurez-vous de mettre en lumi\u00e8re les forces de votre bien.<\/li>\n<li>Si vous avez une maison, mettez en valeur votre terrain.<\/li>\n<\/ul>\n<h3>Comment se comporter face \u00e0 un potentiel acheteur ?<\/h3>\n<ul>\n<li>Stipulez les atouts de votre propri\u00e9t\u00e9.<\/li>\n<li>R\u00e9pondez aux interrogations sans divulguer de fausses informations.<\/li>\n<li>\u00c9coutez les propos de l\u2019acheteur et allez dans son sens sans le contredire.<\/li>\n<\/ul>\n<h3>Quels sont les dossiers \u00e0 avoir afin d&rsquo;\u00e9valuer ma propri\u00e9t\u00e9 immobili\u00e8re ?<\/h3>\n<ul>\n<li>Police assurance incendie compl\u00e8te<\/li>\n<li>Plan de niveau (si disponible)<\/li>\n<li>factures des diff\u00e9rents travaux effectu\u00e9s (si disponible)<\/li>\n<li>Registre foncier (si disponible)<\/li>\n<li>Cadastre (si disponible)<\/li>\n<li>Descriptif de construction (si disponible)<\/li>\n<li>\u00c9ventuellement : plan d\u2019affectation et le r\u00e8glement de construction<\/li>\n<\/ul>\n<p>Pour les objets en PPE :<\/p>\n<ul>\n<li>Police assurance incendie compl\u00e8te de l\u2019immeuble (\u00e0 demander \u00e0 l\u2019administrateur)<\/li>\n<li>R\u00e8glement PPE<\/li>\n<li>Comptes PPE (3 derni\u00e8res ann\u00e9es)<\/li>\n<\/ul>\n<p>Estimation similaire dans les villes proches, comme : <br \/> Romanel-sur-Lausanne, Cheseaux-sur-Lausanne, Le Mont-sur-Lausanne, Bretigny-sur-Morrens, Cugy VD, Morrens VD, Froideville.<\/p>\n","protected":false},"excerpt":{"rendered":"<p>\u00c9valuez facilement le prix de votre bien immobilier \u00e0 Epalinges gr\u00e2ce \u00e0 Immobilierlocal. Nous avons \u00e9galement \u00e0 disposition des agents immobiliers qui peuvent se rendre chez vous afin de vous procurer une estimation plus d\u00e9taill\u00e9e de votre bien. Vendre sa maison ou sa propri\u00e9t\u00e9 avec Immobilierlocal, c&rsquo;est la garantie de vendre son bien \u00e0 un [&hellip;]<\/p>\n","protected":false},"author":3,"featured_media":388,"parent":149,"menu_order":0,"comment_status":"closed","ping_status":"closed","template":"","meta":{"footnotes":""},"categories":[6],"profession":[],"location":[43],"canton":[],"class_list":["post-216","page","type-page","status-publish","has-post-thumbnail","hentry","category-estimation"],"yoast_head":"<!-- This site is optimized with the Yoast SEO Premium plugin v23.0 (Yoast SEO v27.3) - https:\/\/yoast.com\/product\/yoast-seo-premium-wordpress\/ -->\n<title>Estimation immobili\u00e8re \u00e0 Epalinges avril 2026 gratuite &amp; rapide - Immobilierlocal<\/title>\n<meta name=\"description\" content=\"D\u00e9couvrez le Prix moyen au m\u00b2 \u00e0 Epalinges en avril 2026 \u2705 Estimation gratuite de votre bien \u2705 Derni\u00e8res \u00e9volutions du march\u00e9.\" \/>\n<meta name=\"robots\" content=\"index, follow, max-snippet:-1, max-image-preview:large, max-video-preview:-1\" \/>\n<link rel=\"canonical\" href=\"https:\/\/www.immobilierlocal.ch\/c\/estimation-immobiliere-canton-vaud\/estimation-immobiliere-a-epalinges\/\" \/>\n<meta property=\"og:locale\" content=\"fr_FR\" \/>\n<meta property=\"og:type\" content=\"article\" \/>\n<meta property=\"og:title\" content=\"Estimation immobili\u00e8re \u00e0 Epalinges avril 2026 gratuite &amp; rapide\" \/>\n<meta property=\"og:description\" content=\"D\u00e9couvrez le Prix moyen au m\u00b2 \u00e0 Epalinges en avril 2026 \u2705 Estimation gratuite de votre bien \u2705 Derni\u00e8res \u00e9volutions du march\u00e9.\" \/>\n<meta property=\"og:url\" content=\"https:\/\/www.immobilierlocal.ch\/c\/estimation-immobiliere-canton-vaud\/estimation-immobiliere-a-epalinges\/\" \/>\n<meta property=\"og:site_name\" content=\"Immobilierlocal\" \/>\n<meta property=\"article:modified_time\" content=\"2024-08-05T18:21:28+00:00\" \/>\n<meta property=\"og:image\" content=\"https:\/\/www.immobilierlocal.ch\/c\/wp-content\/uploads\/2023\/10\/estimation-immobiliere-a-epalinges-scaled.jpg\" \/>\n\t<meta property=\"og:image:width\" content=\"2560\" \/>\n\t<meta property=\"og:image:height\" content=\"817\" \/>\n\t<meta property=\"og:image:type\" content=\"image\/jpeg\" \/>\n<meta name=\"twitter:card\" content=\"summary_large_image\" \/>\n<meta name=\"twitter:label1\" content=\"Dur\u00e9e de lecture estim\u00e9e\" \/>\n\t<meta name=\"twitter:data1\" content=\"7 minutes\" \/>\n<script type=\"application\/ld+json\" class=\"yoast-schema-graph\">{\"@context\":\"https:\\\/\\\/schema.org\",\"@graph\":[{\"@type\":\"WebPage\",\"@id\":\"https:\\\/\\\/www.immobilierlocal.ch\\\/c\\\/estimation-immobiliere-canton-vaud\\\/estimation-immobiliere-a-epalinges\\\/\",\"url\":\"https:\\\/\\\/www.immobilierlocal.ch\\\/c\\\/estimation-immobiliere-canton-vaud\\\/estimation-immobiliere-a-epalinges\\\/\",\"name\":\"Estimation immobili\u00e8re \u00e0 Epalinges - Immobilierlocal\",\"isPartOf\":{\"@id\":\"https:\\\/\\\/www.immobilierlocal.ch\\\/c\\\/#website\"},\"primaryImageOfPage\":{\"@id\":\"https:\\\/\\\/www.immobilierlocal.ch\\\/c\\\/estimation-immobiliere-canton-vaud\\\/estimation-immobiliere-a-epalinges\\\/#primaryimage\"},\"image\":{\"@id\":\"https:\\\/\\\/www.immobilierlocal.ch\\\/c\\\/estimation-immobiliere-canton-vaud\\\/estimation-immobiliere-a-epalinges\\\/#primaryimage\"},\"thumbnailUrl\":\"https:\\\/\\\/www.immobilierlocal.ch\\\/c\\\/wp-content\\\/uploads\\\/2023\\\/10\\\/estimation-immobiliere-a-epalinges-scaled.jpg\",\"datePublished\":\"2023-10-19T08:33:49+00:00\",\"dateModified\":\"2024-08-05T18:21:28+00:00\",\"breadcrumb\":{\"@id\":\"https:\\\/\\\/www.immobilierlocal.ch\\\/c\\\/estimation-immobiliere-canton-vaud\\\/estimation-immobiliere-a-epalinges\\\/#breadcrumb\"},\"inLanguage\":\"fr-FR\",\"potentialAction\":[{\"@type\":\"ReadAction\",\"target\":[\"https:\\\/\\\/www.immobilierlocal.ch\\\/c\\\/estimation-immobiliere-canton-vaud\\\/estimation-immobiliere-a-epalinges\\\/\"]}]},{\"@type\":\"ImageObject\",\"inLanguage\":\"fr-FR\",\"@id\":\"https:\\\/\\\/www.immobilierlocal.ch\\\/c\\\/estimation-immobiliere-canton-vaud\\\/estimation-immobiliere-a-epalinges\\\/#primaryimage\",\"url\":\"https:\\\/\\\/www.immobilierlocal.ch\\\/c\\\/wp-content\\\/uploads\\\/2023\\\/10\\\/estimation-immobiliere-a-epalinges-scaled.jpg\",\"contentUrl\":\"https:\\\/\\\/www.immobilierlocal.ch\\\/c\\\/wp-content\\\/uploads\\\/2023\\\/10\\\/estimation-immobiliere-a-epalinges-scaled.jpg\",\"width\":2560,\"height\":817,\"caption\":\"Estimation immobili\u00e8re \u00e0 Epalinges\"},{\"@type\":\"BreadcrumbList\",\"@id\":\"https:\\\/\\\/www.immobilierlocal.ch\\\/c\\\/estimation-immobiliere-canton-vaud\\\/estimation-immobiliere-a-epalinges\\\/#breadcrumb\",\"itemListElement\":[{\"@type\":\"ListItem\",\"position\":1,\"name\":\"Accueil\",\"item\":\"https:\\\/\\\/www.immobilierlocal.ch\\\/c\\\/\"},{\"@type\":\"ListItem\",\"position\":2,\"name\":\"Estimation immobili\u00e8re dans le canton de Vaud\",\"item\":\"https:\\\/\\\/www.immobilierlocal.ch\\\/c\\\/estimation-immobiliere-canton-vaud\\\/\"},{\"@type\":\"ListItem\",\"position\":3,\"name\":\"Estimation immobili\u00e8re \u00e0 Epalinges\"}]},{\"@type\":\"WebSite\",\"@id\":\"https:\\\/\\\/www.immobilierlocal.ch\\\/c\\\/#website\",\"url\":\"https:\\\/\\\/www.immobilierlocal.ch\\\/c\\\/\",\"name\":\"Immobilierlocal\",\"description\":\"\",\"publisher\":{\"@id\":\"https:\\\/\\\/www.immobilierlocal.ch\\\/c\\\/#organization\"},\"potentialAction\":[{\"@type\":\"SearchAction\",\"target\":{\"@type\":\"EntryPoint\",\"urlTemplate\":\"https:\\\/\\\/www.immobilierlocal.ch\\\/c\\\/?s={search_term_string}\"},\"query-input\":{\"@type\":\"PropertyValueSpecification\",\"valueRequired\":true,\"valueName\":\"search_term_string\"}}],\"inLanguage\":\"fr-FR\"},{\"@type\":\"Organization\",\"@id\":\"https:\\\/\\\/www.immobilierlocal.ch\\\/c\\\/#organization\",\"name\":\"Immobilierlocal\",\"url\":\"https:\\\/\\\/www.immobilierlocal.ch\\\/c\\\/\",\"logo\":{\"@type\":\"ImageObject\",\"inLanguage\":\"fr-FR\",\"@id\":\"https:\\\/\\\/www.immobilierlocal.ch\\\/c\\\/#\\\/schema\\\/logo\\\/image\\\/\",\"url\":\"https:\\\/\\\/www.immobilierlocal.ch\\\/c\\\/wp-content\\\/uploads\\\/2023\\\/10\\\/logo-immobilierlocal-h.svg\",\"contentUrl\":\"https:\\\/\\\/www.immobilierlocal.ch\\\/c\\\/wp-content\\\/uploads\\\/2023\\\/10\\\/logo-immobilierlocal-h.svg\",\"caption\":\"Immobilierlocal\"},\"image\":{\"@id\":\"https:\\\/\\\/www.immobilierlocal.ch\\\/c\\\/#\\\/schema\\\/logo\\\/image\\\/\"}}]}<\/script>\n<!-- \/ Yoast SEO Premium plugin. -->","yoast_head_json":{"title":"Estimation immobili\u00e8re \u00e0 Epalinges avril 2026 gratuite & rapide - Immobilierlocal","description":"D\u00e9couvrez le Prix moyen au m\u00b2 \u00e0 Epalinges en avril 2026 \u2705 Estimation gratuite de votre bien \u2705 Derni\u00e8res \u00e9volutions du march\u00e9.","robots":{"index":"index","follow":"follow","max-snippet":"max-snippet:-1","max-image-preview":"max-image-preview:large","max-video-preview":"max-video-preview:-1"},"canonical":"https:\/\/www.immobilierlocal.ch\/c\/estimation-immobiliere-canton-vaud\/estimation-immobiliere-a-epalinges\/","og_locale":"fr_FR","og_type":"article","og_title":"Estimation immobili\u00e8re \u00e0 Epalinges avril 2026 gratuite & rapide","og_description":"D\u00e9couvrez le Prix moyen au m\u00b2 \u00e0 Epalinges en avril 2026 \u2705 Estimation gratuite de votre bien \u2705 Derni\u00e8res \u00e9volutions du march\u00e9.","og_url":"https:\/\/www.immobilierlocal.ch\/c\/estimation-immobiliere-canton-vaud\/estimation-immobiliere-a-epalinges\/","og_site_name":"Immobilierlocal","article_modified_time":"2024-08-05T18:21:28+00:00","og_image":[{"width":2560,"height":817,"url":"https:\/\/www.immobilierlocal.ch\/c\/wp-content\/uploads\/2023\/10\/estimation-immobiliere-a-epalinges-scaled.jpg","type":"image\/jpeg"}],"twitter_card":"summary_large_image","twitter_misc":{"Dur\u00e9e de lecture estim\u00e9e":"7 minutes"},"schema":{"@context":"https:\/\/schema.org","@graph":[{"@type":"WebPage","@id":"https:\/\/www.immobilierlocal.ch\/c\/estimation-immobiliere-canton-vaud\/estimation-immobiliere-a-epalinges\/","url":"https:\/\/www.immobilierlocal.ch\/c\/estimation-immobiliere-canton-vaud\/estimation-immobiliere-a-epalinges\/","name":"Estimation immobili\u00e8re \u00e0 Epalinges - Immobilierlocal","isPartOf":{"@id":"https:\/\/www.immobilierlocal.ch\/c\/#website"},"primaryImageOfPage":{"@id":"https:\/\/www.immobilierlocal.ch\/c\/estimation-immobiliere-canton-vaud\/estimation-immobiliere-a-epalinges\/#primaryimage"},"image":{"@id":"https:\/\/www.immobilierlocal.ch\/c\/estimation-immobiliere-canton-vaud\/estimation-immobiliere-a-epalinges\/#primaryimage"},"thumbnailUrl":"https:\/\/www.immobilierlocal.ch\/c\/wp-content\/uploads\/2023\/10\/estimation-immobiliere-a-epalinges-scaled.jpg","datePublished":"2023-10-19T08:33:49+00:00","dateModified":"2024-08-05T18:21:28+00:00","breadcrumb":{"@id":"https:\/\/www.immobilierlocal.ch\/c\/estimation-immobiliere-canton-vaud\/estimation-immobiliere-a-epalinges\/#breadcrumb"},"inLanguage":"fr-FR","potentialAction":[{"@type":"ReadAction","target":["https:\/\/www.immobilierlocal.ch\/c\/estimation-immobiliere-canton-vaud\/estimation-immobiliere-a-epalinges\/"]}]},{"@type":"ImageObject","inLanguage":"fr-FR","@id":"https:\/\/www.immobilierlocal.ch\/c\/estimation-immobiliere-canton-vaud\/estimation-immobiliere-a-epalinges\/#primaryimage","url":"https:\/\/www.immobilierlocal.ch\/c\/wp-content\/uploads\/2023\/10\/estimation-immobiliere-a-epalinges-scaled.jpg","contentUrl":"https:\/\/www.immobilierlocal.ch\/c\/wp-content\/uploads\/2023\/10\/estimation-immobiliere-a-epalinges-scaled.jpg","width":2560,"height":817,"caption":"Estimation immobili\u00e8re \u00e0 Epalinges"},{"@type":"BreadcrumbList","@id":"https:\/\/www.immobilierlocal.ch\/c\/estimation-immobiliere-canton-vaud\/estimation-immobiliere-a-epalinges\/#breadcrumb","itemListElement":[{"@type":"ListItem","position":1,"name":"Accueil","item":"https:\/\/www.immobilierlocal.ch\/c\/"},{"@type":"ListItem","position":2,"name":"Estimation immobili\u00e8re dans le canton de Vaud","item":"https:\/\/www.immobilierlocal.ch\/c\/estimation-immobiliere-canton-vaud\/"},{"@type":"ListItem","position":3,"name":"Estimation immobili\u00e8re \u00e0 Epalinges"}]},{"@type":"WebSite","@id":"https:\/\/www.immobilierlocal.ch\/c\/#website","url":"https:\/\/www.immobilierlocal.ch\/c\/","name":"Immobilierlocal","description":"","publisher":{"@id":"https:\/\/www.immobilierlocal.ch\/c\/#organization"},"potentialAction":[{"@type":"SearchAction","target":{"@type":"EntryPoint","urlTemplate":"https:\/\/www.immobilierlocal.ch\/c\/?s={search_term_string}"},"query-input":{"@type":"PropertyValueSpecification","valueRequired":true,"valueName":"search_term_string"}}],"inLanguage":"fr-FR"},{"@type":"Organization","@id":"https:\/\/www.immobilierlocal.ch\/c\/#organization","name":"Immobilierlocal","url":"https:\/\/www.immobilierlocal.ch\/c\/","logo":{"@type":"ImageObject","inLanguage":"fr-FR","@id":"https:\/\/www.immobilierlocal.ch\/c\/#\/schema\/logo\/image\/","url":"https:\/\/www.immobilierlocal.ch\/c\/wp-content\/uploads\/2023\/10\/logo-immobilierlocal-h.svg","contentUrl":"https:\/\/www.immobilierlocal.ch\/c\/wp-content\/uploads\/2023\/10\/logo-immobilierlocal-h.svg","caption":"Immobilierlocal"},"image":{"@id":"https:\/\/www.immobilierlocal.ch\/c\/#\/schema\/logo\/image\/"}}]}},"_links":{"self":[{"href":"https:\/\/www.immobilierlocal.ch\/c\/wp-json\/wp\/v2\/pages\/216","targetHints":{"allow":["GET"]}}],"collection":[{"href":"https:\/\/www.immobilierlocal.ch\/c\/wp-json\/wp\/v2\/pages"}],"about":[{"href":"https:\/\/www.immobilierlocal.ch\/c\/wp-json\/wp\/v2\/types\/page"}],"author":[{"embeddable":true,"href":"https:\/\/www.immobilierlocal.ch\/c\/wp-json\/wp\/v2\/users\/3"}],"replies":[{"embeddable":true,"href":"https:\/\/www.immobilierlocal.ch\/c\/wp-json\/wp\/v2\/comments?post=216"}],"version-history":[{"count":0,"href":"https:\/\/www.immobilierlocal.ch\/c\/wp-json\/wp\/v2\/pages\/216\/revisions"}],"up":[{"embeddable":true,"href":"https:\/\/www.immobilierlocal.ch\/c\/wp-json\/wp\/v2\/pages\/149"}],"wp:featuredmedia":[{"embeddable":true,"href":"https:\/\/www.immobilierlocal.ch\/c\/wp-json\/wp\/v2\/media\/388"}],"wp:attachment":[{"href":"https:\/\/www.immobilierlocal.ch\/c\/wp-json\/wp\/v2\/media?parent=216"}],"wp:term":[{"taxonomy":"category","embeddable":true,"href":"https:\/\/www.immobilierlocal.ch\/c\/wp-json\/wp\/v2\/categories?post=216"},{"taxonomy":"profession","embeddable":true,"href":"https:\/\/www.immobilierlocal.ch\/c\/wp-json\/wp\/v2\/profession?post=216"},{"taxonomy":"location","embeddable":true,"href":"https:\/\/www.immobilierlocal.ch\/c\/wp-json\/wp\/v2\/location?post=216"},{"taxonomy":"canton","embeddable":true,"href":"https:\/\/www.immobilierlocal.ch\/c\/wp-json\/wp\/v2\/canton?post=216"}],"curies":[{"name":"wp","href":"https:\/\/api.w.org\/{rel}","templated":true}]}}