
{"id":214,"date":"2023-10-19T10:33:49","date_gmt":"2023-10-19T08:33:49","guid":{"rendered":"https:\/\/immobilierlocal.ch\/c\/214-2\/"},"modified":"2024-08-05T20:28:30","modified_gmt":"2024-08-05T18:28:30","slug":"estimation-immobiliere-a-penthalaz","status":"publish","type":"page","link":"https:\/\/www.immobilierlocal.ch\/c\/estimation-immobiliere-canton-vaud\/estimation-immobiliere-a-penthalaz\/","title":{"rendered":"Estimation immobili\u00e8re \u00e0 Penthalaz"},"content":{"rendered":"<p>Utilisez Immobilierlocal pour b\u00e9n\u00e9ficier d&rsquo;une \u00e9valuation rapide et pr\u00e9cise de la valeur de votre propri\u00e9t\u00e9 \u00e0 Penthalaz. Si n\u00e9cessaire, un sp\u00e9cialiste se rendra sur place pour proc\u00e9der \u00e0 une \u00e9valuation plus pr\u00e9cise de votre domicile. Vendre son bien avec Immobilierlocal, c&rsquo;est l&rsquo;assurance de vendre son bien au meilleur prix et en toute simplicit\u00e9.<\/p>\n\n<h2>Derni\u00e8res estimations \u00e0 Penthalaz par secteur<\/h2>\n<div class=\"estimates-lastest\"><ul><li>Pour un appartement 4.5 pi\u00e8ces \u00e0 Penthalaz, surface pond\u00e9r\u00e9e (m\u00b2) : 115, orientation Sud-Est\/Ouest, avec balcon, transports fr\u00e9quence limit\u00e9e, avec parking, commodit\u00e9s et \u00e9coles limit\u00e9es, situation ordinaire, CHF 7'059 \/ m\u00b2<\/li><li>Pour un appartement 6.5 pi\u00e8ces \u00e0 Penthalaz, surface pond\u00e9r\u00e9e (m\u00b2) : 120, orientation Ouest, avec balcon, transports fr\u00e9quence limit\u00e9e, avec parking, commodit\u00e9s et \u00e9coles limit\u00e9es, situation ordinaire, CHF 6'654 \/ m\u00b2<\/li><li>Pour un appartement 5.5 pi\u00e8ces \u00e0 Penthalaz, surface pond\u00e9r\u00e9e (m\u00b2) : 110, orientation Sud-Est\/Ouest, avec balcon, transports fr\u00e9quence limit\u00e9e, avec parking, commodit\u00e9s et \u00e9coles limit\u00e9es, situation ordinaire, CHF 6'497 \/ m\u00b2<\/li><\/ul><\/div>\n<h2>Estimation des prix des maisons \u00e0 Penthalaz par nombre de pi\u00e8ces<\/h2>\n<div class=\"estimates-room\"><ul><li>Pour une maison 4.5 pi\u00e8ces \u00e0 Penthalaz, volume (m\u00b3) : 1170 et terrain (m\u00b2) : 950, transports fr\u00e9quence limit\u00e9e, commodit\u00e9s et \u00e9coles limit\u00e9es, situation ordinaire, CHF 6'256 \/ m\u00b2<\/li><li>Pour une maison 5 pi\u00e8ces \u00e0 Penthalaz, volume (m\u00b3) : 945 et terrain (m\u00b2) : 350, transports fr\u00e9quence limit\u00e9e, commodit\u00e9s et \u00e9coles limit\u00e9es, situation ordinaire, CHF 5'519 \/ m\u00b2<\/li><li>Pour une maison 4.5 pi\u00e8ces \u00e0 Penthalaz, volume (m\u00b3) : 1057.5 et terrain (m\u00b2) : 650, transports fr\u00e9quence limit\u00e9e, commodit\u00e9s et \u00e9coles limit\u00e9es, situation ordinaire, CHF 5'906 \/ m\u00b2<\/li><\/ul><\/div><div class=\"iframe-text\">Estimer maintenant votre bien immobilier<\/div><iframe id=\"estimer\" src=\"https:\/\/www.immobilierlocal.ch\/estimer?iframe=1\" frameborder=\"0\" loading=\"lazy\" width=\"100%\" height=\"1000\" style=\"overflow-x:hidden;\" referrerpolicy=\"no-referrer-when-downgrade\" title=\"Estimation immobili\u00e8re\"><\/iframe>\n<h2>Comment faire estimer la valeur d&rsquo;un bien immobilier \u00e0 Penthalaz ?<\/h2>\n<h3>1. Estimation offerte de votre maison \u00e0 Penthalaz en ligne avec Immobilierlocal<\/h3>\n<p>Profitez de notre logiciel d&rsquo;estimation en ligne afin de conna\u00eetre la valeur de votre propri\u00e9t\u00e9 en moins de 3 minutes.<\/p>\n<p>Pour une \u00e9valuation conforme, nous aurons \u00e9galement besoin des caract\u00e9ristiques suivantes :<\/p>\n<ul>\n<li>L&rsquo;environnement de la maison (acc\u00e8s aux services de transport, vis \u00e0 vis, pr\u00e9sence des commerces&#8230;).<\/li>\n<li>L&rsquo;orientation et l&rsquo;exposition de la maison.<\/li>\n<li>Le nombre de pi\u00e8ces.<\/li>\n<li>La surface habitable ou le volume.<\/li>\n<li>La surface du terrain.<\/li>\n<li>L&rsquo;ann\u00e9e de construction de la maison.<\/li>\n<li>L\u2019\u00e9tat g\u00e9n\u00e9ral de votre bien.<\/li>\n<li>Les travaux effectu\u00e9s dans votre maison et leur ann\u00e9e.<\/li>\n<\/ul>\n<h3>2. \u00c9valuation offerte de votre appartement \u00e0 Penthalaz en ligne avec Immobilierlocal<\/h3>\n<p>Pour obtenir la valeur sur le march\u00e9 de l&rsquo;immobilier de votre appartement \u00e0 Penthalaz, utilisez notre instrument en ligne d&rsquo;\u00e9valuation immobili\u00e8re. En un instant vous aurez connaissance de la valeur de votre bien.<\/p>\n<p>Afin d&rsquo;obtenir la meilleure estimation, vous devrez fournir les d\u00e9tails de votre propri\u00e9t\u00e9, apr\u00e8s avoir ins\u00e9r\u00e9 votre adresse, comme :<\/p>\n<ul>\n<li>L&rsquo;environnement de votre appartement.<\/li>\n<li>L\u2019orientation.<\/li>\n<li>Le nombre de pi\u00e8ces.<\/li>\n<li>Les diff\u00e9rentes surfaces (habitable, garage, balcon&#8230;).<\/li>\n<li>La pr\u00e9sence d&rsquo;un ou plusieurs parkings.<\/li>\n<li>Date de construction.<\/li>\n<li>L\u2019\u00e9tat g\u00e9n\u00e9ral.<\/li>\n<li>L\u2019ann\u00e9e et le co\u00fbt des derni\u00e8res r\u00e9novations.<\/li>\n<li>Le montant du \u00abfonds de r\u00e9novation PPE\u00bb.<\/li>\n<\/ul>\n<h3>3. Proc\u00e9der \u00e0 une estimation immobili\u00e8re de sa maison par un agent immobilier \u00e0 Penthalaz<\/h3>\n<p>Nous disposons plusieurs agents immobiliers \u00e0 Penthalaz qui se rendent \u00e0 votre domicile pour examiner votre maison avant de r\u00e9aliser une \u00e9valuation de votre maison. Il \u00e9tudiera \u00e9galement certains documents tels que les plans cadastraux ou le registre foncier pour vous donner une estimation la plus pr\u00e9cise possible.<\/p>\n<p>L\u2019estimation prend en compte aussi la demande, et le march\u00e9 immobilier de Penthalaz afin de vous donner la valeur r\u00e9elle de votre bien. Une fois l\u2019expertise termin\u00e9e, des astuces vous seront donn\u00e9es pour valoriser votre propri\u00e9t\u00e9.<\/p>\n<p>Faites appel \u00e0 Immobilierlocal et obtenez tout de suite une estimation de la valeur de votre bien.<\/p>\n<h3>4. Comparer son bien avec les autres biens similaires \u00e0 Penthalaz, est-ce utile ?<\/h3>\n<p>Oui, il est pertinent d&rsquo;inspecter les autres biens mis en vente, comparer votre propri\u00e9t\u00e9 avec les annonces immobili\u00e8res \u00e0 Penthalaz vous permet d\u2019obtenir une fourchette rapide de la valorisation de votre propri\u00e9t\u00e9.<\/p>\n<h2>Comment vendre son bien immobilier au meilleur prix \u00e0 Penthalaz ?<\/h2>\n<p>Pour vendre rapidement votre bien immobilier, faites appel \u00e0 Immobilierlocal !<\/p>\n<h3>1. Pourquoi contacter un sp\u00e9cialiste comme Immobilierlocal ?<\/h3>\n<p>Immobilierlocal permet de vous mettre en contact avec un sp\u00e9cialiste situ\u00e9 dans la ville de Penthalaz.<\/p>\n<h3>2. B\u00e9n\u00e9ficiez d&rsquo;une \u00e9valuation pr\u00e9cise et adapt\u00e9e au march\u00e9 immobilier actuel<\/h3>\n<p>Notre soci\u00e9t\u00e9 Immobilierlocal recense toutes les annonces \u00e0 Penthalaz ainsi que la totalit\u00e9 des biens qui ont r\u00e9cemment trouv\u00e9 un acqu\u00e9reur. Cela nous permet d&rsquo;obtenir une analyse tr\u00e8s fine du march\u00e9 immobilier, et de vous proposer le meilleur prix de vente.<\/p>\n<h3>3. Mettez en valeur votre propri\u00e9t\u00e9<\/h3>\n<p>Afin de faire valoir votre bien, nous organisons des shooting photo avec des professionnels de votre bien \u00e0 Penthalaz.<\/p>\n<h3>4. Augmenter la visibilit\u00e9 de votre maison ou appartement et le nombre de potentiels acqu\u00e9reurs sur internet<\/h3>\n<p>Immobilierlocal et ses partenaires vous permettent de diffuser votre annonce sur l&rsquo;ensemble de nos sites web sp\u00e9cialis\u00e9s dans l\u2019immobilier afin de la montrer au maximum d&rsquo;acqu\u00e9reurs potentiels.<\/p>\n<h3>5. Choisissez l&rsquo;offre la plus int\u00e9ressante<\/h3>\n<p>Nos \u00e9quipes re\u00e7oivent les offres et \u00e9tudient les propositions pour vous proposer la meilleure offre.<\/p>\n<h3>6. \u00catre en position de force lors des n\u00e9gociations<\/h3>\n<p>Notre sp\u00e9cialiste rassemble l&rsquo;ensemble des documents et informations possibles pour vous mettre en position de force afin de le vendre au meilleur prix, voici la liste des documents n\u00e9cessaires :<\/p>\n<ul>\n<li>Les factures de r\u00e9novations,<\/li>\n<li>les plans architecturaux,<\/li>\n<li>les avantages environnementaux,<\/li>\n<li>le d\u00e9veloppement \u00e9conomique \u00e0 Penthalaz et de sa r\u00e9gion.<\/li>\n<\/ul>\n<h2>Quelles sont les tendances du march\u00e9 immobilier \u00e0 Penthalaz ?<\/h2>\n<h3>Estimation de la valeur des maisons \u00e0 Penthalaz<\/h3>\n<p class=\"estimates-house-range\">Les prix des maisons \u00e0 Penthalaz varient de CHF 1'159'007 \u00e0 CHF 1'626'666 en moyenne.<\/p>\n<h3>\u00c9valuation du prix de vente des appartements \u00e0 Penthalaz<\/h3>\n<p class=\"estimates-house-range\">Les prix des appartements \u00e0 Penthalaz varient de CHF 747'135 \u00e0 CHF 829'382 en moyenne.<\/p>\n<h3>\u00c9valuation du prix de vente des terrains \u00e0 Penthalaz<\/h3>\n<p class=\"estimates-land\">Les prix moyens des terrains \u00e0 Penthalaz sont de CHF 694 \/ m\u00b2 (prix par m\u00e8tre carr\u00e9).<\/p>\n<h2>Questions fr\u00e9quentes sur l&rsquo;\u00e9valuation immobili\u00e8re<\/h2>\n<h3>Quel est le co\u00fbt d&rsquo;une estimation immobili\u00e8re \u00e0 Penthalaz ?<\/h3>\n<p>A Penthalaz, cela peut fluctuer entre CHF 150 et CHF 1500. Cela va d\u00e9pendre de la nature de votre bien et de ses dimensions.<\/p>\n<p>Maintenant, si vous contactez l\u2019entreprise Immobilierlocal, nous vous proposons une \u00e9valuation gratuite en ligne de votre propri\u00e9t\u00e9, sans engagement de votre part. De plus, notre logiciel d&rsquo;estimation en ligne est totalement gratuit et vous assure une des meilleures estimations en ligne du march\u00e9. Notre r\u00e9sultat tient compte des caract\u00e9ristiques \u00e9conomiques du moment, ainsi que du la situation conjoncturelle suisse.<\/p>\n<h3>Qui peut estimer une propri\u00e9taire immobili\u00e8re \u00e0 Penthalaz ?<\/h3>\n<p>Pour une \u00e9valuation immobili\u00e8re plus pr\u00e9cise, vous avez plusieurs options, vous pouvez contacter un professionnel dans les estimations immobili\u00e8res, un architecte, un courtier en immobilier ou encore une banque.<\/p>\n<h3>Comment un agent immobilier \u00e9value une propri\u00e9t\u00e9 \u00e0 Penthalaz ?<\/h3>\n<ol>\n<li>Tout d&rsquo;abord : l&rsquo;expert se rend \u00e0 votre domicile pour r\u00e9aliser une inspection d\u00e9taill\u00e9e de votre bien immobilier.<\/li>\n<li>Apr\u00e8s cela : il \u00e9tudie les documents en lien avec l&rsquo;achat et l&rsquo;entretien de votre propri\u00e9t\u00e9.<\/li>\n<li>Il r\u00e9alise une \u00e9tude compl\u00e8te du march\u00e9 immobilier en confrontant votre propri\u00e9t\u00e9 aux propri\u00e9t\u00e9s actuellement en vente et en \u00e9tudiant les prix des ventes r\u00e9alis\u00e9es r\u00e9cemment \u00e0 Penthalaz.<\/li>\n<li>Et pour terminer, il vous remettra un rapport complet et une estimation pr\u00e9cise du prix de vente de votre propri\u00e9t\u00e9 immobili\u00e8re.<\/li>\n<\/ol>\n<h3>Comment profiter d&rsquo;une \u00e9valuation de son bien gratuitement \u00e0 Penthalaz<\/h3>\n<p>Utilisez le logiciel d&rsquo;estimation 100% gratuit de notre soci\u00e9t\u00e9 Immobilierlocal ! Vous pouvez aussi faire appel \u00e0 nos sp\u00e9cialistes de l&rsquo;immobilier pour une \u00e9valuation.<\/p>\n<h3>Quels sont les divers param\u00e8tres qui peuvent faire varier la valeur de mon bien \u00e0 Penthalaz ?<\/h3>\n<p>Il existe de nombreux facteurs qui font \u00e9voluer le prix de vente d&rsquo;une propri\u00e9t\u00e9 immobili\u00e8re \u00e0 Penthalaz. Voici les facteurs les plus consid\u00e9rables :<\/p>\n<ul>\n<li>L&rsquo;activit\u00e9 touristique,<\/li>\n<li>l&rsquo;activit\u00e9 \u00e9conomique du secteur,<\/li>\n<li>l\u2019offre et demande,<\/li>\n<li>la pr\u00e9sence de commodit\u00e9s (commerces, \u00e9tablissements scolaires, pharmacies&#8230;).<\/li>\n<\/ul>\n<h3>De quelle fa\u00e7on augmenter la valeur de mon bien immobilier ?<\/h3>\n<p>Pour augmenter le prix de vente de votre bien, voici quelques recommandations \u00e0 ne pas n\u00e9gliger :<\/p>\n<ul>\n<li>Votre bien doit toujours \u00eatre propre pour les s\u00e9ances photo et au moment des visites.<\/li>\n<li>Assurez-vous de ranger la totalit\u00e9 de vos pi\u00e8ces et organisez l&rsquo;espace afin de permettre aux acqu\u00e9reurs de se projeter facilement.<\/li>\n<li>Assurez-vous de mettre en lumi\u00e8re les forces de votre propri\u00e9t\u00e9.<\/li>\n<li>Assurez-vous de valoriser le terrain si vous avez une maison.<\/li>\n<\/ul>\n<h3>Quelle attitude \u00e0 avoir vis-\u00e0-vis d\u2019un potentiel acqu\u00e9reur ?<\/h3>\n<ul>\n<li>Stipulez les atouts de votre propri\u00e9t\u00e9.<\/li>\n<li>R\u00e9pondez aux interrogations sans divulguer de fausses indications.<\/li>\n<li>Soyez \u00e0 l&rsquo;\u00e9coute de l&rsquo;acheteur et ne cherchez pas \u00e0 le contredire.<\/li>\n<\/ul>\n<h3>Quels sont les dossiers \u00e0 poss\u00e9der pour estimer mon bien immobilier ?<\/h3>\n<ul>\n<li>Police assurance incendie compl\u00e8te<\/li>\n<li>Plan de niveau (si disponible)<\/li>\n<li>Travaux, factures (si disponible)<\/li>\n<li>Registre foncier (si disponible)<\/li>\n<li>Plan cadastral (si disponible)<\/li>\n<li>Descriptif de construction (si disponible)<\/li>\n<li>\u00c9ventuellement : plan d\u2019affectation et le r\u00e8glement de construction<\/li>\n<\/ul>\n<p>Pour les objets en PPE :<\/p>\n<ul>\n<li>Police assurance incendie compl\u00e8te de l\u2019immeuble (\u00e0 demander \u00e0 l\u2019administrateur)<\/li>\n<li>R\u00e8glement PPE<\/li>\n<li>Comptes PPE (3 derni\u00e8res ann\u00e9es)<\/li>\n<\/ul>\n<p>Estimation similaire dans les villes proches, comme : <br \/> Mex VD, Boussens, Bournens, Sullens, Bettens, Cottens VD, Grancy, Gollion, S\u00e9very, Pampigny, Montricher, Chavannes-le-Veyron, Cuarnens, L'Isle, La Coudre, Villars-Bozon, Mauraz, Moiry VD, Mont-la-Ville, Vufflens-la-Ville, Penthaz, Allens, Cossonay-Ville, Dizy, Senarclens, Daillens, Lussery-Villars, La Chaux (Cossonay), Ecl\u00e9pens, Ferreyres, La Sarraz, Chevilly, Orny, Pompaples.<\/p>\n","protected":false},"excerpt":{"rendered":"<p>Utilisez Immobilierlocal pour b\u00e9n\u00e9ficier d&rsquo;une \u00e9valuation rapide et pr\u00e9cise de la valeur de votre propri\u00e9t\u00e9 \u00e0 Penthalaz. Si n\u00e9cessaire, un sp\u00e9cialiste se rendra sur place pour proc\u00e9der \u00e0 une \u00e9valuation plus pr\u00e9cise de votre domicile. Vendre son bien avec Immobilierlocal, c&rsquo;est l&rsquo;assurance de vendre son bien au meilleur prix et en toute simplicit\u00e9. Derni\u00e8res estimations [&hellip;]<\/p>\n","protected":false},"author":3,"featured_media":386,"parent":149,"menu_order":0,"comment_status":"closed","ping_status":"closed","template":"","meta":{"footnotes":""},"categories":[6],"profession":[],"location":[41],"canton":[],"class_list":["post-214","page","type-page","status-publish","has-post-thumbnail","hentry","category-estimation"],"yoast_head":"<!-- This site is optimized with the Yoast SEO Premium plugin v23.0 (Yoast SEO v27.3) - https:\/\/yoast.com\/product\/yoast-seo-premium-wordpress\/ -->\n<title>Estimation immobili\u00e8re \u00e0 Penthalaz avril 2026 gratuite &amp; rapide - Immobilierlocal<\/title>\n<meta name=\"description\" content=\"D\u00e9couvrez le Prix moyen au m\u00b2 \u00e0 Penthalaz en avril 2026 \u2705 Estimation gratuite de votre bien \u2705 Derni\u00e8res \u00e9volutions du march\u00e9.\" \/>\n<meta name=\"robots\" content=\"index, follow, max-snippet:-1, max-image-preview:large, max-video-preview:-1\" \/>\n<link rel=\"canonical\" href=\"https:\/\/www.immobilierlocal.ch\/c\/estimation-immobiliere-canton-vaud\/estimation-immobiliere-a-penthalaz\/\" \/>\n<meta property=\"og:locale\" content=\"fr_FR\" \/>\n<meta property=\"og:type\" content=\"article\" \/>\n<meta property=\"og:title\" content=\"Estimation immobili\u00e8re \u00e0 Penthalaz avril 2026 gratuite &amp; rapide\" \/>\n<meta property=\"og:description\" content=\"D\u00e9couvrez le Prix moyen au m\u00b2 \u00e0 Penthalaz en avril 2026 \u2705 Estimation gratuite de votre bien \u2705 Derni\u00e8res \u00e9volutions du march\u00e9.\" \/>\n<meta property=\"og:url\" content=\"https:\/\/www.immobilierlocal.ch\/c\/estimation-immobiliere-canton-vaud\/estimation-immobiliere-a-penthalaz\/\" \/>\n<meta property=\"og:site_name\" content=\"Immobilierlocal\" \/>\n<meta property=\"article:modified_time\" content=\"2024-08-05T18:28:30+00:00\" \/>\n<meta property=\"og:image\" content=\"https:\/\/www.immobilierlocal.ch\/c\/wp-content\/uploads\/2023\/10\/estimation-immobiliere-a-penthalaz-scaled.jpg\" \/>\n\t<meta property=\"og:image:width\" content=\"2560\" \/>\n\t<meta property=\"og:image:height\" content=\"817\" \/>\n\t<meta property=\"og:image:type\" content=\"image\/jpeg\" \/>\n<meta name=\"twitter:card\" content=\"summary_large_image\" \/>\n<meta name=\"twitter:label1\" content=\"Dur\u00e9e de lecture estim\u00e9e\" \/>\n\t<meta name=\"twitter:data1\" content=\"7 minutes\" \/>\n<script type=\"application\/ld+json\" class=\"yoast-schema-graph\">{\"@context\":\"https:\\\/\\\/schema.org\",\"@graph\":[{\"@type\":\"WebPage\",\"@id\":\"https:\\\/\\\/www.immobilierlocal.ch\\\/c\\\/estimation-immobiliere-canton-vaud\\\/estimation-immobiliere-a-penthalaz\\\/\",\"url\":\"https:\\\/\\\/www.immobilierlocal.ch\\\/c\\\/estimation-immobiliere-canton-vaud\\\/estimation-immobiliere-a-penthalaz\\\/\",\"name\":\"Estimation immobili\u00e8re \u00e0 Penthalaz - Immobilierlocal\",\"isPartOf\":{\"@id\":\"https:\\\/\\\/www.immobilierlocal.ch\\\/c\\\/#website\"},\"primaryImageOfPage\":{\"@id\":\"https:\\\/\\\/www.immobilierlocal.ch\\\/c\\\/estimation-immobiliere-canton-vaud\\\/estimation-immobiliere-a-penthalaz\\\/#primaryimage\"},\"image\":{\"@id\":\"https:\\\/\\\/www.immobilierlocal.ch\\\/c\\\/estimation-immobiliere-canton-vaud\\\/estimation-immobiliere-a-penthalaz\\\/#primaryimage\"},\"thumbnailUrl\":\"https:\\\/\\\/www.immobilierlocal.ch\\\/c\\\/wp-content\\\/uploads\\\/2023\\\/10\\\/estimation-immobiliere-a-penthalaz-scaled.jpg\",\"datePublished\":\"2023-10-19T08:33:49+00:00\",\"dateModified\":\"2024-08-05T18:28:30+00:00\",\"breadcrumb\":{\"@id\":\"https:\\\/\\\/www.immobilierlocal.ch\\\/c\\\/estimation-immobiliere-canton-vaud\\\/estimation-immobiliere-a-penthalaz\\\/#breadcrumb\"},\"inLanguage\":\"fr-FR\",\"potentialAction\":[{\"@type\":\"ReadAction\",\"target\":[\"https:\\\/\\\/www.immobilierlocal.ch\\\/c\\\/estimation-immobiliere-canton-vaud\\\/estimation-immobiliere-a-penthalaz\\\/\"]}]},{\"@type\":\"ImageObject\",\"inLanguage\":\"fr-FR\",\"@id\":\"https:\\\/\\\/www.immobilierlocal.ch\\\/c\\\/estimation-immobiliere-canton-vaud\\\/estimation-immobiliere-a-penthalaz\\\/#primaryimage\",\"url\":\"https:\\\/\\\/www.immobilierlocal.ch\\\/c\\\/wp-content\\\/uploads\\\/2023\\\/10\\\/estimation-immobiliere-a-penthalaz-scaled.jpg\",\"contentUrl\":\"https:\\\/\\\/www.immobilierlocal.ch\\\/c\\\/wp-content\\\/uploads\\\/2023\\\/10\\\/estimation-immobiliere-a-penthalaz-scaled.jpg\",\"width\":2560,\"height\":817,\"caption\":\"Estimation immobili\u00e8re \u00e0 Penthalaz\"},{\"@type\":\"BreadcrumbList\",\"@id\":\"https:\\\/\\\/www.immobilierlocal.ch\\\/c\\\/estimation-immobiliere-canton-vaud\\\/estimation-immobiliere-a-penthalaz\\\/#breadcrumb\",\"itemListElement\":[{\"@type\":\"ListItem\",\"position\":1,\"name\":\"Accueil\",\"item\":\"https:\\\/\\\/www.immobilierlocal.ch\\\/c\\\/\"},{\"@type\":\"ListItem\",\"position\":2,\"name\":\"Estimation immobili\u00e8re dans le canton de Vaud\",\"item\":\"https:\\\/\\\/www.immobilierlocal.ch\\\/c\\\/estimation-immobiliere-canton-vaud\\\/\"},{\"@type\":\"ListItem\",\"position\":3,\"name\":\"Estimation immobili\u00e8re \u00e0 Penthalaz\"}]},{\"@type\":\"WebSite\",\"@id\":\"https:\\\/\\\/www.immobilierlocal.ch\\\/c\\\/#website\",\"url\":\"https:\\\/\\\/www.immobilierlocal.ch\\\/c\\\/\",\"name\":\"Immobilierlocal\",\"description\":\"\",\"publisher\":{\"@id\":\"https:\\\/\\\/www.immobilierlocal.ch\\\/c\\\/#organization\"},\"potentialAction\":[{\"@type\":\"SearchAction\",\"target\":{\"@type\":\"EntryPoint\",\"urlTemplate\":\"https:\\\/\\\/www.immobilierlocal.ch\\\/c\\\/?s={search_term_string}\"},\"query-input\":{\"@type\":\"PropertyValueSpecification\",\"valueRequired\":true,\"valueName\":\"search_term_string\"}}],\"inLanguage\":\"fr-FR\"},{\"@type\":\"Organization\",\"@id\":\"https:\\\/\\\/www.immobilierlocal.ch\\\/c\\\/#organization\",\"name\":\"Immobilierlocal\",\"url\":\"https:\\\/\\\/www.immobilierlocal.ch\\\/c\\\/\",\"logo\":{\"@type\":\"ImageObject\",\"inLanguage\":\"fr-FR\",\"@id\":\"https:\\\/\\\/www.immobilierlocal.ch\\\/c\\\/#\\\/schema\\\/logo\\\/image\\\/\",\"url\":\"https:\\\/\\\/www.immobilierlocal.ch\\\/c\\\/wp-content\\\/uploads\\\/2023\\\/10\\\/logo-immobilierlocal-h.svg\",\"contentUrl\":\"https:\\\/\\\/www.immobilierlocal.ch\\\/c\\\/wp-content\\\/uploads\\\/2023\\\/10\\\/logo-immobilierlocal-h.svg\",\"caption\":\"Immobilierlocal\"},\"image\":{\"@id\":\"https:\\\/\\\/www.immobilierlocal.ch\\\/c\\\/#\\\/schema\\\/logo\\\/image\\\/\"}}]}<\/script>\n<!-- \/ Yoast SEO Premium plugin. -->","yoast_head_json":{"title":"Estimation immobili\u00e8re \u00e0 Penthalaz avril 2026 gratuite & rapide - Immobilierlocal","description":"D\u00e9couvrez le Prix moyen au m\u00b2 \u00e0 Penthalaz en avril 2026 \u2705 Estimation gratuite de votre bien \u2705 Derni\u00e8res \u00e9volutions du march\u00e9.","robots":{"index":"index","follow":"follow","max-snippet":"max-snippet:-1","max-image-preview":"max-image-preview:large","max-video-preview":"max-video-preview:-1"},"canonical":"https:\/\/www.immobilierlocal.ch\/c\/estimation-immobiliere-canton-vaud\/estimation-immobiliere-a-penthalaz\/","og_locale":"fr_FR","og_type":"article","og_title":"Estimation immobili\u00e8re \u00e0 Penthalaz avril 2026 gratuite & rapide","og_description":"D\u00e9couvrez le Prix moyen au m\u00b2 \u00e0 Penthalaz en avril 2026 \u2705 Estimation gratuite de votre bien \u2705 Derni\u00e8res \u00e9volutions du march\u00e9.","og_url":"https:\/\/www.immobilierlocal.ch\/c\/estimation-immobiliere-canton-vaud\/estimation-immobiliere-a-penthalaz\/","og_site_name":"Immobilierlocal","article_modified_time":"2024-08-05T18:28:30+00:00","og_image":[{"width":2560,"height":817,"url":"https:\/\/www.immobilierlocal.ch\/c\/wp-content\/uploads\/2023\/10\/estimation-immobiliere-a-penthalaz-scaled.jpg","type":"image\/jpeg"}],"twitter_card":"summary_large_image","twitter_misc":{"Dur\u00e9e de lecture estim\u00e9e":"7 minutes"},"schema":{"@context":"https:\/\/schema.org","@graph":[{"@type":"WebPage","@id":"https:\/\/www.immobilierlocal.ch\/c\/estimation-immobiliere-canton-vaud\/estimation-immobiliere-a-penthalaz\/","url":"https:\/\/www.immobilierlocal.ch\/c\/estimation-immobiliere-canton-vaud\/estimation-immobiliere-a-penthalaz\/","name":"Estimation immobili\u00e8re \u00e0 Penthalaz - Immobilierlocal","isPartOf":{"@id":"https:\/\/www.immobilierlocal.ch\/c\/#website"},"primaryImageOfPage":{"@id":"https:\/\/www.immobilierlocal.ch\/c\/estimation-immobiliere-canton-vaud\/estimation-immobiliere-a-penthalaz\/#primaryimage"},"image":{"@id":"https:\/\/www.immobilierlocal.ch\/c\/estimation-immobiliere-canton-vaud\/estimation-immobiliere-a-penthalaz\/#primaryimage"},"thumbnailUrl":"https:\/\/www.immobilierlocal.ch\/c\/wp-content\/uploads\/2023\/10\/estimation-immobiliere-a-penthalaz-scaled.jpg","datePublished":"2023-10-19T08:33:49+00:00","dateModified":"2024-08-05T18:28:30+00:00","breadcrumb":{"@id":"https:\/\/www.immobilierlocal.ch\/c\/estimation-immobiliere-canton-vaud\/estimation-immobiliere-a-penthalaz\/#breadcrumb"},"inLanguage":"fr-FR","potentialAction":[{"@type":"ReadAction","target":["https:\/\/www.immobilierlocal.ch\/c\/estimation-immobiliere-canton-vaud\/estimation-immobiliere-a-penthalaz\/"]}]},{"@type":"ImageObject","inLanguage":"fr-FR","@id":"https:\/\/www.immobilierlocal.ch\/c\/estimation-immobiliere-canton-vaud\/estimation-immobiliere-a-penthalaz\/#primaryimage","url":"https:\/\/www.immobilierlocal.ch\/c\/wp-content\/uploads\/2023\/10\/estimation-immobiliere-a-penthalaz-scaled.jpg","contentUrl":"https:\/\/www.immobilierlocal.ch\/c\/wp-content\/uploads\/2023\/10\/estimation-immobiliere-a-penthalaz-scaled.jpg","width":2560,"height":817,"caption":"Estimation immobili\u00e8re \u00e0 Penthalaz"},{"@type":"BreadcrumbList","@id":"https:\/\/www.immobilierlocal.ch\/c\/estimation-immobiliere-canton-vaud\/estimation-immobiliere-a-penthalaz\/#breadcrumb","itemListElement":[{"@type":"ListItem","position":1,"name":"Accueil","item":"https:\/\/www.immobilierlocal.ch\/c\/"},{"@type":"ListItem","position":2,"name":"Estimation immobili\u00e8re dans le canton de Vaud","item":"https:\/\/www.immobilierlocal.ch\/c\/estimation-immobiliere-canton-vaud\/"},{"@type":"ListItem","position":3,"name":"Estimation immobili\u00e8re \u00e0 Penthalaz"}]},{"@type":"WebSite","@id":"https:\/\/www.immobilierlocal.ch\/c\/#website","url":"https:\/\/www.immobilierlocal.ch\/c\/","name":"Immobilierlocal","description":"","publisher":{"@id":"https:\/\/www.immobilierlocal.ch\/c\/#organization"},"potentialAction":[{"@type":"SearchAction","target":{"@type":"EntryPoint","urlTemplate":"https:\/\/www.immobilierlocal.ch\/c\/?s={search_term_string}"},"query-input":{"@type":"PropertyValueSpecification","valueRequired":true,"valueName":"search_term_string"}}],"inLanguage":"fr-FR"},{"@type":"Organization","@id":"https:\/\/www.immobilierlocal.ch\/c\/#organization","name":"Immobilierlocal","url":"https:\/\/www.immobilierlocal.ch\/c\/","logo":{"@type":"ImageObject","inLanguage":"fr-FR","@id":"https:\/\/www.immobilierlocal.ch\/c\/#\/schema\/logo\/image\/","url":"https:\/\/www.immobilierlocal.ch\/c\/wp-content\/uploads\/2023\/10\/logo-immobilierlocal-h.svg","contentUrl":"https:\/\/www.immobilierlocal.ch\/c\/wp-content\/uploads\/2023\/10\/logo-immobilierlocal-h.svg","caption":"Immobilierlocal"},"image":{"@id":"https:\/\/www.immobilierlocal.ch\/c\/#\/schema\/logo\/image\/"}}]}},"_links":{"self":[{"href":"https:\/\/www.immobilierlocal.ch\/c\/wp-json\/wp\/v2\/pages\/214","targetHints":{"allow":["GET"]}}],"collection":[{"href":"https:\/\/www.immobilierlocal.ch\/c\/wp-json\/wp\/v2\/pages"}],"about":[{"href":"https:\/\/www.immobilierlocal.ch\/c\/wp-json\/wp\/v2\/types\/page"}],"author":[{"embeddable":true,"href":"https:\/\/www.immobilierlocal.ch\/c\/wp-json\/wp\/v2\/users\/3"}],"replies":[{"embeddable":true,"href":"https:\/\/www.immobilierlocal.ch\/c\/wp-json\/wp\/v2\/comments?post=214"}],"version-history":[{"count":0,"href":"https:\/\/www.immobilierlocal.ch\/c\/wp-json\/wp\/v2\/pages\/214\/revisions"}],"up":[{"embeddable":true,"href":"https:\/\/www.immobilierlocal.ch\/c\/wp-json\/wp\/v2\/pages\/149"}],"wp:featuredmedia":[{"embeddable":true,"href":"https:\/\/www.immobilierlocal.ch\/c\/wp-json\/wp\/v2\/media\/386"}],"wp:attachment":[{"href":"https:\/\/www.immobilierlocal.ch\/c\/wp-json\/wp\/v2\/media?parent=214"}],"wp:term":[{"taxonomy":"category","embeddable":true,"href":"https:\/\/www.immobilierlocal.ch\/c\/wp-json\/wp\/v2\/categories?post=214"},{"taxonomy":"profession","embeddable":true,"href":"https:\/\/www.immobilierlocal.ch\/c\/wp-json\/wp\/v2\/profession?post=214"},{"taxonomy":"location","embeddable":true,"href":"https:\/\/www.immobilierlocal.ch\/c\/wp-json\/wp\/v2\/location?post=214"},{"taxonomy":"canton","embeddable":true,"href":"https:\/\/www.immobilierlocal.ch\/c\/wp-json\/wp\/v2\/canton?post=214"}],"curies":[{"name":"wp","href":"https:\/\/api.w.org\/{rel}","templated":true}]}}