
{"id":213,"date":"2023-10-19T10:33:49","date_gmt":"2023-10-19T08:33:49","guid":{"rendered":"https:\/\/immobilierlocal.ch\/c\/213-2\/"},"modified":"2024-08-05T20:21:15","modified_gmt":"2024-08-05T18:21:15","slug":"estimation-immobiliere-a-apples","status":"publish","type":"page","link":"https:\/\/www.immobilierlocal.ch\/c\/estimation-immobiliere-canton-vaud\/estimation-immobiliere-a-apples\/","title":{"rendered":"Estimation immobili\u00e8re \u00e0 Apples"},"content":{"rendered":"<p>Profitez d&rsquo;une appr\u00e9ciation en ligne gratuite et fiable \u00e0 Apples. Nous avons \u00e9galement \u00e0 disposition des agents immobiliers qui se rendent chez vous afin de vous donner une \u00e9valuation plus d\u00e9taill\u00e9e de votre bien. Vendez ou acqu\u00e9rez votre bien immobilier au meilleur prix, en toute simplicit\u00e9 avec Immobilierlocal.<\/p>\n\n<h2>Derni\u00e8res estimations \u00e0 Apples par secteur<\/h2>\n<div class=\"estimates-lastest\"><ul><li>Pour un appartement 4.5 pi\u00e8ces \u00e0 Apples, surface pond\u00e9r\u00e9e (m\u00b2) : 120, orientation Sud-Est\/Ouest, avec balcon, transports fr\u00e9quence limit\u00e9e, sans parking, commodit\u00e9s et \u00e9coles limit\u00e9es, situation ordinaire, CHF 7'404 \/ m\u00b2<\/li><li>Pour un appartement 6.5 pi\u00e8ces \u00e0 Apples, surface pond\u00e9r\u00e9e (m\u00b2) : 105, orientation Sud-Est\/Ouest, avec balcon, transports fr\u00e9quence limit\u00e9e, avec parking, commodit\u00e9s et \u00e9coles limit\u00e9es, situation ordinaire, CHF 8'307 \/ m\u00b2<\/li><li>Pour un appartement 6.5 pi\u00e8ces \u00e0 Apples, surface pond\u00e9r\u00e9e (m\u00b2) : 110, orientation Sud-Est\/Ouest, sans balcon, transports fr\u00e9quence limit\u00e9e, avec parking, commodit\u00e9s et \u00e9coles limit\u00e9es, situation ordinaire, CHF 7'239 \/ m\u00b2<\/li><\/ul><\/div>\n<h2>Estimation des prix des maisons \u00e0 Apples par nombre de pi\u00e8ces<\/h2>\n<div class=\"estimates-room\"><ul><li>Pour une maison 6 pi\u00e8ces \u00e0 Apples, volume (m\u00b3) : 1057.5 et terrain (m\u00b2) : 1100, transports fr\u00e9quence limit\u00e9e, commodit\u00e9s et \u00e9coles limit\u00e9es, situation ordinaire, CHF 6'945 \/ m\u00b2<\/li><li>Pour une maison 5 pi\u00e8ces \u00e0 Apples, volume (m\u00b3) : 720 et terrain (m\u00b2) : 350, transports fr\u00e9quence limit\u00e9e, commodit\u00e9s et \u00e9coles limit\u00e9es, situation ordinaire, CHF 6'329 \/ m\u00b2<\/li><li>Pour une maison 6.5 pi\u00e8ces \u00e0 Apples, volume (m\u00b3) : 1170 et terrain (m\u00b2) : 500, transports fr\u00e9quence limit\u00e9e, commodit\u00e9s et \u00e9coles limit\u00e9es, situation ordinaire, CHF 5'117 \/ m\u00b2<\/li><\/ul><\/div><div class=\"iframe-text\">Estimer maintenant votre bien immobilier<\/div><iframe id=\"estimer\" src=\"https:\/\/www.immobilierlocal.ch\/estimer?iframe=1\" frameborder=\"0\" loading=\"lazy\" width=\"100%\" height=\"1000\" style=\"overflow-x:hidden;\" referrerpolicy=\"no-referrer-when-downgrade\" title=\"Estimation immobili\u00e8re\"><\/iframe>\n<h2>Comment faire estimer la valeur d&rsquo;un bien immobilier \u00e0 Apples ?<\/h2>\n<h3>1. \u00c9valuation offerte de votre maison \u00e0 Apples en ligne avec notre agence Immobilierlocal<\/h3>\n<p>Gagnez un temps pr\u00e9cieux et r\u00e9alisez une \u00e9valuation de la valeur de votre bien immobilier avec notre outil d&rsquo;estimation.<\/p>\n<p>Vous devez nous fournir votre adresse et les \u00e9l\u00e9ments de votre maison, comme :<\/p>\n<ul>\n<li>La situation (environnement, vue et transports).<\/li>\n<li>L\u2019orientation.<\/li>\n<li>Le nombre de pi\u00e8ces.<\/li>\n<li>La surface habitable.<\/li>\n<li>La surface du terrain.<\/li>\n<li>L&rsquo;ann\u00e9e de construction de la maison.<\/li>\n<li>L&rsquo;\u00e9tat global de votre maison.<\/li>\n<li>Les travaux effectu\u00e9s dans votre maison et leur ann\u00e9e.<\/li>\n<\/ul>\n<h3>2. \u00c9valuation offerte de votre appartement \u00e0 Apples sur internet avec Immobilierlocal<\/h3>\n<p>D\u00e9couvrez la valeur immobili\u00e8re de votre appartement en quelques clics gr\u00e2ce \u00e0 notre outil d&rsquo;\u00e9valuation en ligne gratuit. Obtenez une estimation rapide de votre appartement \u00e0 Apples en quelques clics.<\/p>\n<p>Afin d&rsquo;\u00eatre plus fiable dans l&rsquo;\u00e9valuation de la valeur de votre appartement, nous devrons avoir connaissance de certains documents ou certaines informations :<\/p>\n<ul>\n<li>La situation (environnement, vue et transports).<\/li>\n<li>L&rsquo;exposition de l&rsquo;appartement.<\/li>\n<li>Le nombre de pi\u00e8ces.<\/li>\n<li>Les diff\u00e9rentes surfaces (habitable, garage, balcon&#8230;).<\/li>\n<li>Parking int\u00e9rieur et\/ou ext\u00e9rieur.<\/li>\n<li>L\u2019ann\u00e9e de construction.<\/li>\n<li>L\u2019\u00e9tat g\u00e9n\u00e9ral.<\/li>\n<li>Les diff\u00e9rentes r\u00e9novations effectu\u00e9es.<\/li>\n<li>Le montant du \u00abfonds de r\u00e9novation PPE\u00bb.<\/li>\n<\/ul>\n<h3>3. Faire estimer sa maison ou son appartement par un agent immobilier \u00e0 Apples<\/h3>\n<p>Nous poss\u00e9dons plusieurs agents immobiliers \u00e0 Apples qui se d\u00e9placent chez vous pour visiter votre maison avant d&rsquo;effectuer une \u00e9valuation de votre maison. Il \u00e9tudiera aussi certains documents comme les plans cadastraux ou le registre foncier afin de vous donner une estimation la plus pr\u00e9cise possible.<\/p>\n<p>Pour effectuer notre estimation, nous consid\u00e9rons \u00e9galement l&rsquo;\u00e9tat du march\u00e9 immobilier actuel \u00e0 Apples. Nous serons \u00e0 vos c\u00f4t\u00e9s afin de vous donner quelques conseils afin de valoriser au maximum votre bien \u00e0 Apples.<\/p>\n<p>Faites confiance \u00e0 Immobilierlocal et recevez d\u00e8s maintenant une appr\u00e9ciation de la valeur de votre bien immobilier.<\/p>\n<h3>4. Est-il pertinent d\u2019analyser les biens similaires en vente \u00e0 Apples ?<\/h3>\n<p>Oui, il est pertinent d\u2019analyser les biens semblables, comparer votre propri\u00e9t\u00e9 avec les annonces immobili\u00e8res \u00e0 Apples vous permet d\u2019obtenir une fourchette rapide de la valeur de votre propri\u00e9t\u00e9.<\/p>\n<h2>Comment vendre son bien immobilier au meilleur prix \u00e0 Apples ?<\/h2>\n<p>Avec Immobilierlocal, vous confiez la vente de votre bien \u00e0 des professionnels de l&rsquo;immobilier ! Vous avez l&rsquo;assurance d&rsquo;une vente rapide au meilleur prix.<\/p>\n<h3>1. Pourquoi contacter un expert comme Immobilierlocal ?<\/h3>\n<p>Immobilierlocal permet de vous mettre en relation avec un agent immobilier situ\u00e9 dans la ville de Apples.<\/p>\n<h3>2. Profitez d&rsquo;une estimation pr\u00e9cise et qui prend en compte la situation immobili\u00e8re actuelle<\/h3>\n<p>Notre soci\u00e9t\u00e9 Immobilierlocal r\u00e9pertorie toutes les annonces \u00e0 Apples ainsi que tous les biens qui ont r\u00e9cemment \u00e9t\u00e9 vendus. Cela nous permet d&rsquo;obtenir une analyse tr\u00e8s pr\u00e9cise du march\u00e9 immobilier, et de vous proposer le bon prix de vente.<\/p>\n<h3>3. Sublimer votre propri\u00e9t\u00e9 avec Immobilierlocal<\/h3>\n<p>Immobilierlocal et ses collaborateurs r\u00e9alisent des s\u00e9ances photo pour sublimer votre propri\u00e9t\u00e9.<\/p>\n<h3>4. Augmenter la visibilit\u00e9 de votre maison ou appartement et le nombre de potentiels acheteurs sur internet<\/h3>\n<p>Afin qu&rsquo;un maximum de personnes puisse observer votre bien, nous diffusons votre annonce sur tous nos sites internet et ceux de nos partenaires.<\/p>\n<h3>5. Choisissez l&rsquo;offre la plus int\u00e9ressante<\/h3>\n<p>Nous trions toutes les offres que nous recevons dans le but de vous pr\u00e9senter uniquement celles qui peuvent vous int\u00e9resser.<\/p>\n<h3>6. N\u00e9gociez le meilleur prix<\/h3>\n<p>Notre sp\u00e9cialiste r\u00e9pertorie l&rsquo;ensemble des documents et informations possibles pour vous mettre en position de force afin de le vendre le plus cher possible, voici les documents et les informations n\u00e9cessaires :<\/p>\n<ul>\n<li>Les factures de r\u00e9novations,<\/li>\n<li>les plans architecturaux,<\/li>\n<li>les avantages environnementaux,<\/li>\n<li>Le d\u00e9veloppement \u00e9conomique r\u00e9gional.<\/li>\n<\/ul>\n<h2>Quelles sont les tendances du march\u00e9 immobilier \u00e0 Apples ?<\/h2>\n<h3>\u00c9valuation de la valeur des maisons \u00e0 Apples<\/h3>\n<p class=\"estimates-house-range\">Les prix des maisons \u00e0 Apples varient de CHF 1'012'719 \u00e0 CHF 1'632'146 en moyenne.<\/p>\n<h3>Estimation de la valeur des appartements \u00e0 Apples<\/h3>\n<p class=\"estimates-house-range\">Les prix des appartements \u00e0 Apples varient de CHF 796'260 \u00e0 CHF 913'719 en moyenne.<\/p>\n<h3>\u00c9valuation de la valeur des terrains \u00e0 Apples<\/h3>\n<p class=\"estimates-land\">Les prix moyens des terrains \u00e0 Apples sont de CHF 746 \/ m\u00b2 (prix par m\u00e8tre carr\u00e9).<\/p>\n<h2>Questions fr\u00e9quentes sur l&rsquo;\u00e9valuation immobili\u00e8re<\/h2>\n<h3>Combien co\u00fbte une \u00e9valuation immobili\u00e8re \u00e0 Apples ?<\/h3>\n<p>Le tarif d&rsquo;une \u00e9valuation immobili\u00e8re \u00e0 Apples \u00e9volue en fonction de la nature du bien. Que vous ayez une demeure de luxe ou une maison plus classique, les co\u00fbts peuvent osciller entre CHF 150 \u00e0 CHF 1&rsquo;500.<\/p>\n<p>Toutefois, avec notre simulateur d&rsquo;estimation en ligne de notre soci\u00e9t\u00e9 Immobilierlocal, vous n&rsquo;aurez rien \u00e0 d\u00e9bourser ! Notre outil a \u00e9t\u00e9 confectionn\u00e9 pendant de longues ann\u00e9es pour qu&rsquo;il soit le plus fiable et pr\u00e9cis possible. Il prend en compte la situation immobili\u00e8re actuelle et des particularit\u00e9s de votre bien.<\/p>\n<h3>Qui peut estimer un bien immobilier \u00e0 Apples ?<\/h3>\n<p>Si vous souhaitez obtenir une estimation plus pr\u00e9cise, il faudra faire appel \u00e0 un sp\u00e9cialiste qui se d\u00e9place \u00e0 votre domicile pour \u00e9tudier votre bien. Cette personne peut \u00eatre un agent immobilier, un architecte ou vous pouvez \u00e9galement regarder avec votre banque.<\/p>\n<h3>Comment se d\u00e9roule l&rsquo;\u00e9valuation d&rsquo;un bien \u00e0 Apples ?<\/h3>\n<ol>\n<li>Tout d&rsquo;abord : l&rsquo;expert se rend chez vous pour effectuer une visite approfondie de votre demeure.<\/li>\n<li>Ensuite : il regarde les dossiers en lien avec l&rsquo;achat et l&rsquo;entretien de votre bien.<\/li>\n<li>Il effectue une analyse approfondie du march\u00e9 immobilier en comparant votre bien aux propri\u00e9t\u00e9s actuellement en vente et en examinant les prix des ventes pass\u00e9es \u00e0 Apples.<\/li>\n<li>Enfin, il vous remettra un bilan d\u00e9taill\u00e9 ainsi qu&rsquo;une \u00e9valuation pr\u00e9cise du prix de vente de votre bien.<\/li>\n<\/ol>\n<h3>Comment faire \u00e9valuer un bien immobilier gratuitement \u00e0 Apples ?<\/h3>\n<p>Profitez d&rsquo;une estimation gratuite et d\u00e9taill\u00e9e en quelques minutes gr\u00e2ce \u00e0 l&rsquo;outil d&rsquo;\u00e9valuation Immobilierlocal, ou faites appel \u00e0 l&rsquo;un de nos agents immobiliers pour obtenir une estimation offerte de votre propri\u00e9t\u00e9, sans aucun engagement.<\/p>\n<h3>Quels crit\u00e8res influencent la valeur de ma propri\u00e9t\u00e9 \u00e0 Apples ?<\/h3>\n<p>La valeur de vente d&rsquo;une propri\u00e9t\u00e9 immobili\u00e8re d\u00e9pend forc\u00e9ment de multiples facteurs, qui peuvent varier dans le temps. Voici une liste des principaux facteurs pouvant faire \u00e9voluer le march\u00e9 immobilier \u00e0 Apples :<\/p>\n<ul>\n<li>l&rsquo;attrait touristique de la ville,<\/li>\n<li>l&rsquo;activit\u00e9 \u00e9conomique de la r\u00e9gion,<\/li>\n<li>le rapport entre le nombre de vendeurs et d&rsquo;acqu\u00e9reurs,<\/li>\n<li>les commodit\u00e9s.<\/li>\n<\/ul>\n<h3>De quelle fa\u00e7on augmenter le prix de vente de ma maison et de mon appartement ?<\/h3>\n<p>Pour augmenter la valeur de votre bien immobilier, voici plusieurs recommandations \u00e0 ne pas n\u00e9gliger :<\/p>\n<ul>\n<li>Assurez-vous que votre bien soit impeccable.<\/li>\n<li>Assurez-vous de ranger l&rsquo;ensemble de vos pi\u00e8ces et organisez l&rsquo;espace pour permettre aux acqu\u00e9reurs de se projeter facilement.<\/li>\n<li>Accentuez les atouts de votre logement.<\/li>\n<li>Si vous poss\u00e9dez une maison, valoriser le terrain.<\/li>\n<\/ul>\n<h3>Quelle conduite \u00e0 avoir vis-\u00e0-vis d\u2019un futur acqu\u00e9reur ?<\/h3>\n<ul>\n<li>Parlez-lui des diff\u00e9rents atouts de votre bien.<\/li>\n<li>R\u00e9pondez \u00e0 ses questions pr\u00e9cis\u00e9ment et honn\u00eatement.<\/li>\n<li>Soyez \u00e0 l&rsquo;\u00e9coute de l&rsquo;acheteur et ne cherchez pas \u00e0 le contredire.<\/li>\n<\/ul>\n<h3>Quels sont les dossiers \u00e0 avoir afin d&rsquo;\u00e9valuer ma propri\u00e9t\u00e9 immobili\u00e8re ?<\/h3>\n<ul>\n<li>Police assurance incendie compl\u00e8te<\/li>\n<li>Plan de niveau (si disponible)<\/li>\n<li>factures des diff\u00e9rents travaux effectu\u00e9s (si disponible)<\/li>\n<li>Registre foncier (si disponible)<\/li>\n<li>Cadastre (si disponible)<\/li>\n<li>Descriptif de construction (si disponible)<\/li>\n<li>\u00c9ventuellement : plan d\u2019affectation et le r\u00e8glement de construction<\/li>\n<\/ul>\n<p>Pour les objets en PPE :<\/p>\n<ul>\n<li>Police assurance incendie compl\u00e8te de l\u2019immeuble (\u00e0 demander \u00e0 l\u2019administrateur)<\/li>\n<li>R\u00e8glement PPE<\/li>\n<li>Comptes PPE (3 derni\u00e8res ann\u00e9es)<\/li>\n<\/ul>\n<p>Estimation similaire dans les villes proches, comme : <br \/> Ballens, Bi\u00e8re, Mollens VD, Berolle, Etoy, Buchillon, Allaman, Perroy, Villars-sous-Yens, Yens, Aubonne, Bougy-Villars, F\u00e9chy, Pizy, Montherod, Lavigny, St-Livres, Saubraz.<\/p>\n","protected":false},"excerpt":{"rendered":"<p>Profitez d&rsquo;une appr\u00e9ciation en ligne gratuite et fiable \u00e0 Apples. Nous avons \u00e9galement \u00e0 disposition des agents immobiliers qui se rendent chez vous afin de vous donner une \u00e9valuation plus d\u00e9taill\u00e9e de votre bien. Vendez ou acqu\u00e9rez votre bien immobilier au meilleur prix, en toute simplicit\u00e9 avec Immobilierlocal. Derni\u00e8res estimations \u00e0 Apples par secteur Estimation [&hellip;]<\/p>\n","protected":false},"author":3,"featured_media":385,"parent":149,"menu_order":0,"comment_status":"closed","ping_status":"closed","template":"","meta":{"footnotes":""},"categories":[6],"profession":[],"location":[40],"canton":[],"class_list":["post-213","page","type-page","status-publish","has-post-thumbnail","hentry","category-estimation"],"yoast_head":"<!-- This site is optimized with the Yoast SEO Premium plugin v23.0 (Yoast SEO v27.4) - https:\/\/yoast.com\/product\/yoast-seo-premium-wordpress\/ -->\n<title>Estimation immobili\u00e8re \u00e0 Apples avril 2026 gratuite &amp; rapide - Immobilierlocal<\/title>\n<meta name=\"description\" content=\"D\u00e9couvrez le Prix moyen au m\u00b2 \u00e0 Apples en avril 2026 \u2705 Estimation gratuite de votre bien \u2705 Derni\u00e8res \u00e9volutions du march\u00e9.\" \/>\n<meta name=\"robots\" content=\"index, follow, max-snippet:-1, max-image-preview:large, max-video-preview:-1\" \/>\n<link rel=\"canonical\" href=\"https:\/\/www.immobilierlocal.ch\/c\/estimation-immobiliere-canton-vaud\/estimation-immobiliere-a-apples\/\" \/>\n<meta property=\"og:locale\" content=\"fr_FR\" \/>\n<meta property=\"og:type\" content=\"article\" \/>\n<meta property=\"og:title\" content=\"Estimation immobili\u00e8re \u00e0 Apples avril 2026 gratuite &amp; rapide\" \/>\n<meta property=\"og:description\" content=\"D\u00e9couvrez le Prix moyen au m\u00b2 \u00e0 Apples en avril 2026 \u2705 Estimation gratuite de votre bien \u2705 Derni\u00e8res \u00e9volutions du march\u00e9.\" \/>\n<meta property=\"og:url\" content=\"https:\/\/www.immobilierlocal.ch\/c\/estimation-immobiliere-canton-vaud\/estimation-immobiliere-a-apples\/\" \/>\n<meta property=\"og:site_name\" content=\"Immobilierlocal\" \/>\n<meta property=\"article:modified_time\" content=\"2024-08-05T18:21:15+00:00\" \/>\n<meta property=\"og:image\" content=\"https:\/\/www.immobilierlocal.ch\/c\/wp-content\/uploads\/2023\/10\/estimation-immobiliere-a-apples-scaled.jpg\" \/>\n\t<meta property=\"og:image:width\" content=\"2560\" \/>\n\t<meta property=\"og:image:height\" content=\"817\" \/>\n\t<meta property=\"og:image:type\" content=\"image\/jpeg\" \/>\n<meta name=\"twitter:card\" content=\"summary_large_image\" \/>\n<meta name=\"twitter:label1\" content=\"Dur\u00e9e de lecture estim\u00e9e\" \/>\n\t<meta name=\"twitter:data1\" content=\"7 minutes\" \/>\n<script type=\"application\/ld+json\" class=\"yoast-schema-graph\">{\"@context\":\"https:\\\/\\\/schema.org\",\"@graph\":[{\"@type\":\"WebPage\",\"@id\":\"https:\\\/\\\/www.immobilierlocal.ch\\\/c\\\/estimation-immobiliere-canton-vaud\\\/estimation-immobiliere-a-apples\\\/\",\"url\":\"https:\\\/\\\/www.immobilierlocal.ch\\\/c\\\/estimation-immobiliere-canton-vaud\\\/estimation-immobiliere-a-apples\\\/\",\"name\":\"Estimation immobili\u00e8re \u00e0 Apples - Immobilierlocal\",\"isPartOf\":{\"@id\":\"https:\\\/\\\/www.immobilierlocal.ch\\\/c\\\/#website\"},\"primaryImageOfPage\":{\"@id\":\"https:\\\/\\\/www.immobilierlocal.ch\\\/c\\\/estimation-immobiliere-canton-vaud\\\/estimation-immobiliere-a-apples\\\/#primaryimage\"},\"image\":{\"@id\":\"https:\\\/\\\/www.immobilierlocal.ch\\\/c\\\/estimation-immobiliere-canton-vaud\\\/estimation-immobiliere-a-apples\\\/#primaryimage\"},\"thumbnailUrl\":\"https:\\\/\\\/www.immobilierlocal.ch\\\/c\\\/wp-content\\\/uploads\\\/2023\\\/10\\\/estimation-immobiliere-a-apples-scaled.jpg\",\"datePublished\":\"2023-10-19T08:33:49+00:00\",\"dateModified\":\"2024-08-05T18:21:15+00:00\",\"breadcrumb\":{\"@id\":\"https:\\\/\\\/www.immobilierlocal.ch\\\/c\\\/estimation-immobiliere-canton-vaud\\\/estimation-immobiliere-a-apples\\\/#breadcrumb\"},\"inLanguage\":\"fr-FR\",\"potentialAction\":[{\"@type\":\"ReadAction\",\"target\":[\"https:\\\/\\\/www.immobilierlocal.ch\\\/c\\\/estimation-immobiliere-canton-vaud\\\/estimation-immobiliere-a-apples\\\/\"]}]},{\"@type\":\"ImageObject\",\"inLanguage\":\"fr-FR\",\"@id\":\"https:\\\/\\\/www.immobilierlocal.ch\\\/c\\\/estimation-immobiliere-canton-vaud\\\/estimation-immobiliere-a-apples\\\/#primaryimage\",\"url\":\"https:\\\/\\\/www.immobilierlocal.ch\\\/c\\\/wp-content\\\/uploads\\\/2023\\\/10\\\/estimation-immobiliere-a-apples-scaled.jpg\",\"contentUrl\":\"https:\\\/\\\/www.immobilierlocal.ch\\\/c\\\/wp-content\\\/uploads\\\/2023\\\/10\\\/estimation-immobiliere-a-apples-scaled.jpg\",\"width\":2560,\"height\":817,\"caption\":\"Estimation immobili\u00e8re \u00e0 Apples\"},{\"@type\":\"BreadcrumbList\",\"@id\":\"https:\\\/\\\/www.immobilierlocal.ch\\\/c\\\/estimation-immobiliere-canton-vaud\\\/estimation-immobiliere-a-apples\\\/#breadcrumb\",\"itemListElement\":[{\"@type\":\"ListItem\",\"position\":1,\"name\":\"Accueil\",\"item\":\"https:\\\/\\\/www.immobilierlocal.ch\\\/c\\\/\"},{\"@type\":\"ListItem\",\"position\":2,\"name\":\"Estimation immobili\u00e8re dans le canton de Vaud\",\"item\":\"https:\\\/\\\/www.immobilierlocal.ch\\\/c\\\/estimation-immobiliere-canton-vaud\\\/\"},{\"@type\":\"ListItem\",\"position\":3,\"name\":\"Estimation immobili\u00e8re \u00e0 Apples\"}]},{\"@type\":\"WebSite\",\"@id\":\"https:\\\/\\\/www.immobilierlocal.ch\\\/c\\\/#website\",\"url\":\"https:\\\/\\\/www.immobilierlocal.ch\\\/c\\\/\",\"name\":\"Immobilierlocal\",\"description\":\"\",\"publisher\":{\"@id\":\"https:\\\/\\\/www.immobilierlocal.ch\\\/c\\\/#organization\"},\"potentialAction\":[{\"@type\":\"SearchAction\",\"target\":{\"@type\":\"EntryPoint\",\"urlTemplate\":\"https:\\\/\\\/www.immobilierlocal.ch\\\/c\\\/?s={search_term_string}\"},\"query-input\":{\"@type\":\"PropertyValueSpecification\",\"valueRequired\":true,\"valueName\":\"search_term_string\"}}],\"inLanguage\":\"fr-FR\"},{\"@type\":\"Organization\",\"@id\":\"https:\\\/\\\/www.immobilierlocal.ch\\\/c\\\/#organization\",\"name\":\"Immobilierlocal\",\"url\":\"https:\\\/\\\/www.immobilierlocal.ch\\\/c\\\/\",\"logo\":{\"@type\":\"ImageObject\",\"inLanguage\":\"fr-FR\",\"@id\":\"https:\\\/\\\/www.immobilierlocal.ch\\\/c\\\/#\\\/schema\\\/logo\\\/image\\\/\",\"url\":\"https:\\\/\\\/www.immobilierlocal.ch\\\/c\\\/wp-content\\\/uploads\\\/2023\\\/10\\\/logo-immobilierlocal-h.svg\",\"contentUrl\":\"https:\\\/\\\/www.immobilierlocal.ch\\\/c\\\/wp-content\\\/uploads\\\/2023\\\/10\\\/logo-immobilierlocal-h.svg\",\"caption\":\"Immobilierlocal\"},\"image\":{\"@id\":\"https:\\\/\\\/www.immobilierlocal.ch\\\/c\\\/#\\\/schema\\\/logo\\\/image\\\/\"}}]}<\/script>\n<!-- \/ Yoast SEO Premium plugin. -->","yoast_head_json":{"title":"Estimation immobili\u00e8re \u00e0 Apples avril 2026 gratuite & rapide - Immobilierlocal","description":"D\u00e9couvrez le Prix moyen au m\u00b2 \u00e0 Apples en avril 2026 \u2705 Estimation gratuite de votre bien \u2705 Derni\u00e8res \u00e9volutions du march\u00e9.","robots":{"index":"index","follow":"follow","max-snippet":"max-snippet:-1","max-image-preview":"max-image-preview:large","max-video-preview":"max-video-preview:-1"},"canonical":"https:\/\/www.immobilierlocal.ch\/c\/estimation-immobiliere-canton-vaud\/estimation-immobiliere-a-apples\/","og_locale":"fr_FR","og_type":"article","og_title":"Estimation immobili\u00e8re \u00e0 Apples avril 2026 gratuite & rapide","og_description":"D\u00e9couvrez le Prix moyen au m\u00b2 \u00e0 Apples en avril 2026 \u2705 Estimation gratuite de votre bien \u2705 Derni\u00e8res \u00e9volutions du march\u00e9.","og_url":"https:\/\/www.immobilierlocal.ch\/c\/estimation-immobiliere-canton-vaud\/estimation-immobiliere-a-apples\/","og_site_name":"Immobilierlocal","article_modified_time":"2024-08-05T18:21:15+00:00","og_image":[{"width":2560,"height":817,"url":"https:\/\/www.immobilierlocal.ch\/c\/wp-content\/uploads\/2023\/10\/estimation-immobiliere-a-apples-scaled.jpg","type":"image\/jpeg"}],"twitter_card":"summary_large_image","twitter_misc":{"Dur\u00e9e de lecture estim\u00e9e":"7 minutes"},"schema":{"@context":"https:\/\/schema.org","@graph":[{"@type":"WebPage","@id":"https:\/\/www.immobilierlocal.ch\/c\/estimation-immobiliere-canton-vaud\/estimation-immobiliere-a-apples\/","url":"https:\/\/www.immobilierlocal.ch\/c\/estimation-immobiliere-canton-vaud\/estimation-immobiliere-a-apples\/","name":"Estimation immobili\u00e8re \u00e0 Apples - Immobilierlocal","isPartOf":{"@id":"https:\/\/www.immobilierlocal.ch\/c\/#website"},"primaryImageOfPage":{"@id":"https:\/\/www.immobilierlocal.ch\/c\/estimation-immobiliere-canton-vaud\/estimation-immobiliere-a-apples\/#primaryimage"},"image":{"@id":"https:\/\/www.immobilierlocal.ch\/c\/estimation-immobiliere-canton-vaud\/estimation-immobiliere-a-apples\/#primaryimage"},"thumbnailUrl":"https:\/\/www.immobilierlocal.ch\/c\/wp-content\/uploads\/2023\/10\/estimation-immobiliere-a-apples-scaled.jpg","datePublished":"2023-10-19T08:33:49+00:00","dateModified":"2024-08-05T18:21:15+00:00","breadcrumb":{"@id":"https:\/\/www.immobilierlocal.ch\/c\/estimation-immobiliere-canton-vaud\/estimation-immobiliere-a-apples\/#breadcrumb"},"inLanguage":"fr-FR","potentialAction":[{"@type":"ReadAction","target":["https:\/\/www.immobilierlocal.ch\/c\/estimation-immobiliere-canton-vaud\/estimation-immobiliere-a-apples\/"]}]},{"@type":"ImageObject","inLanguage":"fr-FR","@id":"https:\/\/www.immobilierlocal.ch\/c\/estimation-immobiliere-canton-vaud\/estimation-immobiliere-a-apples\/#primaryimage","url":"https:\/\/www.immobilierlocal.ch\/c\/wp-content\/uploads\/2023\/10\/estimation-immobiliere-a-apples-scaled.jpg","contentUrl":"https:\/\/www.immobilierlocal.ch\/c\/wp-content\/uploads\/2023\/10\/estimation-immobiliere-a-apples-scaled.jpg","width":2560,"height":817,"caption":"Estimation immobili\u00e8re \u00e0 Apples"},{"@type":"BreadcrumbList","@id":"https:\/\/www.immobilierlocal.ch\/c\/estimation-immobiliere-canton-vaud\/estimation-immobiliere-a-apples\/#breadcrumb","itemListElement":[{"@type":"ListItem","position":1,"name":"Accueil","item":"https:\/\/www.immobilierlocal.ch\/c\/"},{"@type":"ListItem","position":2,"name":"Estimation immobili\u00e8re dans le canton de Vaud","item":"https:\/\/www.immobilierlocal.ch\/c\/estimation-immobiliere-canton-vaud\/"},{"@type":"ListItem","position":3,"name":"Estimation immobili\u00e8re \u00e0 Apples"}]},{"@type":"WebSite","@id":"https:\/\/www.immobilierlocal.ch\/c\/#website","url":"https:\/\/www.immobilierlocal.ch\/c\/","name":"Immobilierlocal","description":"","publisher":{"@id":"https:\/\/www.immobilierlocal.ch\/c\/#organization"},"potentialAction":[{"@type":"SearchAction","target":{"@type":"EntryPoint","urlTemplate":"https:\/\/www.immobilierlocal.ch\/c\/?s={search_term_string}"},"query-input":{"@type":"PropertyValueSpecification","valueRequired":true,"valueName":"search_term_string"}}],"inLanguage":"fr-FR"},{"@type":"Organization","@id":"https:\/\/www.immobilierlocal.ch\/c\/#organization","name":"Immobilierlocal","url":"https:\/\/www.immobilierlocal.ch\/c\/","logo":{"@type":"ImageObject","inLanguage":"fr-FR","@id":"https:\/\/www.immobilierlocal.ch\/c\/#\/schema\/logo\/image\/","url":"https:\/\/www.immobilierlocal.ch\/c\/wp-content\/uploads\/2023\/10\/logo-immobilierlocal-h.svg","contentUrl":"https:\/\/www.immobilierlocal.ch\/c\/wp-content\/uploads\/2023\/10\/logo-immobilierlocal-h.svg","caption":"Immobilierlocal"},"image":{"@id":"https:\/\/www.immobilierlocal.ch\/c\/#\/schema\/logo\/image\/"}}]}},"_links":{"self":[{"href":"https:\/\/www.immobilierlocal.ch\/c\/wp-json\/wp\/v2\/pages\/213","targetHints":{"allow":["GET"]}}],"collection":[{"href":"https:\/\/www.immobilierlocal.ch\/c\/wp-json\/wp\/v2\/pages"}],"about":[{"href":"https:\/\/www.immobilierlocal.ch\/c\/wp-json\/wp\/v2\/types\/page"}],"author":[{"embeddable":true,"href":"https:\/\/www.immobilierlocal.ch\/c\/wp-json\/wp\/v2\/users\/3"}],"replies":[{"embeddable":true,"href":"https:\/\/www.immobilierlocal.ch\/c\/wp-json\/wp\/v2\/comments?post=213"}],"version-history":[{"count":0,"href":"https:\/\/www.immobilierlocal.ch\/c\/wp-json\/wp\/v2\/pages\/213\/revisions"}],"up":[{"embeddable":true,"href":"https:\/\/www.immobilierlocal.ch\/c\/wp-json\/wp\/v2\/pages\/149"}],"wp:featuredmedia":[{"embeddable":true,"href":"https:\/\/www.immobilierlocal.ch\/c\/wp-json\/wp\/v2\/media\/385"}],"wp:attachment":[{"href":"https:\/\/www.immobilierlocal.ch\/c\/wp-json\/wp\/v2\/media?parent=213"}],"wp:term":[{"taxonomy":"category","embeddable":true,"href":"https:\/\/www.immobilierlocal.ch\/c\/wp-json\/wp\/v2\/categories?post=213"},{"taxonomy":"profession","embeddable":true,"href":"https:\/\/www.immobilierlocal.ch\/c\/wp-json\/wp\/v2\/profession?post=213"},{"taxonomy":"location","embeddable":true,"href":"https:\/\/www.immobilierlocal.ch\/c\/wp-json\/wp\/v2\/location?post=213"},{"taxonomy":"canton","embeddable":true,"href":"https:\/\/www.immobilierlocal.ch\/c\/wp-json\/wp\/v2\/canton?post=213"}],"curies":[{"name":"wp","href":"https:\/\/api.w.org\/{rel}","templated":true}]}}