
{"id":212,"date":"2023-10-19T10:33:49","date_gmt":"2023-10-19T08:33:49","guid":{"rendered":"https:\/\/immobilierlocal.ch\/c\/212-2\/"},"modified":"2024-08-05T20:28:59","modified_gmt":"2024-08-05T18:28:59","slug":"estimation-immobiliere-a-villeneuve","status":"publish","type":"page","link":"https:\/\/www.immobilierlocal.ch\/c\/estimation-immobiliere-canton-vaud\/estimation-immobiliere-a-villeneuve\/","title":{"rendered":"Estimation immobili\u00e8re \u00e0 Villeneuve VD"},"content":{"rendered":"<p>Obtenez une appr\u00e9ciation en ligne gratuite et fiable \u00e0 Villeneuve VD. En cas de besoin, un sp\u00e9cialiste viendra sur place pour r\u00e9aliser une \u00e9valuation plus pr\u00e9cise de votre bien. Vendez ou achetez votre propri\u00e9t\u00e9 immobili\u00e8re au meilleur prix, en toute simplicit\u00e9 avec Immobilierlocal.<\/p>\n\n<h2>Derni\u00e8res estimations \u00e0 Villeneuve VD par secteur<\/h2>\n<div class=\"estimates-lastest\"><ul><li>Pour un appartement 5.5 pi\u00e8ces \u00e0 Villeneuve VD, surface pond\u00e9r\u00e9e (m\u00b2) : 110, orientation Sud-Est\/Ouest, sans balcon, transports fr\u00e9quence r\u00e9guli\u00e8re, sans parking, commodit\u00e9s et \u00e9coles nombreuses, situation privil\u00e9gi\u00e9e, CHF 10'581 \/ m\u00b2<\/li><li>Pour un appartement 5.5 pi\u00e8ces \u00e0 Villeneuve VD, surface pond\u00e9r\u00e9e (m\u00b2) : 115, orientation Sud-Est\/Ouest, avec balcon, transports fr\u00e9quence r\u00e9guli\u00e8re, avec parking, commodit\u00e9s et \u00e9coles nombreuses, situation privil\u00e9gi\u00e9e, CHF 10'927 \/ m\u00b2<\/li><li>Pour un appartement 5.5 pi\u00e8ces \u00e0 Villeneuve VD, surface pond\u00e9r\u00e9e (m\u00b2) : 105, orientation Sud-Est\/Ouest, avec balcon, transports fr\u00e9quence soutenue, avec parking, commodit\u00e9s et \u00e9coles nombreuses, situation ordinaire, CHF 10'957 \/ m\u00b2<\/li><\/ul><\/div>\n<h2>Evaluation des prix des maisons \u00e0 Villeneuve VD selon le nombre de pi\u00e8ces<\/h2>\n<div class=\"estimates-room\"><ul><li>Pour une maison 6.5 pi\u00e8ces \u00e0 Villeneuve VD, volume (m\u00b3) : 1057.5 et terrain (m\u00b2) : 950, transports fr\u00e9quence soutenue, commodit\u00e9s et \u00e9coles nombreuses, situation ordinaire, CHF 8'554 \/ m\u00b2<\/li><li>Pour une maison 6 pi\u00e8ces \u00e0 Villeneuve VD, volume (m\u00b3) : 945 et terrain (m\u00b2) : 350, transports fr\u00e9quence soutenue, commodit\u00e9s et \u00e9coles nombreuses, situation ordinaire, CHF 6'134 \/ m\u00b2<\/li><li>Pour une maison 4.5 pi\u00e8ces \u00e0 Villeneuve VD, volume (m\u00b3) : 720 et terrain (m\u00b2) : 950, transports fr\u00e9quence r\u00e9guli\u00e8re, commodit\u00e9s et \u00e9coles nombreuses, situation ordinaire, CHF 10'976 \/ m\u00b2<\/li><\/ul><\/div><div class=\"iframe-text\">Estimer maintenant votre bien immobilier<\/div><iframe id=\"estimer\" src=\"https:\/\/www.immobilierlocal.ch\/estimer?iframe=1\" frameborder=\"0\" loading=\"lazy\" width=\"100%\" height=\"1000\" style=\"overflow-x:hidden;\" referrerpolicy=\"no-referrer-when-downgrade\" title=\"Estimation immobili\u00e8re\"><\/iframe>\n<h2>Comment conna\u00eetre la valeur de son bien immobilier \u00e0 Villeneuve VD ?<\/h2>\n<h3>1. \u00c9valuation offerte de votre maison \u00e0 Villeneuve VD en ligne avec Immobilierlocal<\/h3>\n<p>Gagnez un temps pr\u00e9cieux et r\u00e9alisez une \u00e9valuation du prix de vente de votre propri\u00e9t\u00e9 immobili\u00e8re gr\u00e2ce \u00e0 notre outil d&rsquo;estimation.<\/p>\n<p>Pour une estimation pr\u00e9cise, nous aurons \u00e9galement besoin des caract\u00e9ristiques suivantes :<\/p>\n<ul>\n<li>La situation (environnement, vue et transports).<\/li>\n<li>L&rsquo;orientation.<\/li>\n<li>Le nombre de pi\u00e8ces.<\/li>\n<li>La surface habitable ou le volume.<\/li>\n<li>La surface du terrain.<\/li>\n<li>L&rsquo;ann\u00e9e de construction de la maison.<\/li>\n<li>L\u2019\u00e9tat g\u00e9n\u00e9ral de votre bien.<\/li>\n<li>Les travaux effectu\u00e9s dans votre maison et leur ann\u00e9e.<\/li>\n<\/ul>\n<h3>2. Estimation gratuite de votre appartement \u00e0 Villeneuve VD sur internet avec Immobilierlocal<\/h3>\n<p>D\u00e9couvrez la valeur immobili\u00e8re de votre bien en 3 minutes gr\u00e2ce \u00e0 notre logiciel d&rsquo;estimation en ligne gratuit. Obtenez une estimation rapide de votre logement \u00e0 Villeneuve VD en quelques clics.<\/p>\n<p>Afin de recevoir la meilleure estimation, vous devrez nous indiquer les caract\u00e9ristiques de votre propri\u00e9t\u00e9, apr\u00e8s avoir indiqu\u00e9 votre adresse, comme :<\/p>\n<ul>\n<li>L&rsquo;environnement de votre appartement.<\/li>\n<li>L&rsquo;exposition de l&rsquo;appartement.<\/li>\n<li>Le nombre de pi\u00e8ces.<\/li>\n<li>Les diff\u00e9rentes surfaces (habitable, garage, balcon&#8230;).<\/li>\n<li>Parking int\u00e9rieur et\/ou ext\u00e9rieur.<\/li>\n<li>L\u2019ann\u00e9e de construction.<\/li>\n<li>L\u2019\u00e9tat g\u00e9n\u00e9ral.<\/li>\n<li>L\u2019ann\u00e9e et le co\u00fbt des derni\u00e8res r\u00e9novations.<\/li>\n<li>Le montant du \u00abfonds de r\u00e9novation PPE\u00bb.<\/li>\n<\/ul>\n<h3>3. R\u00e9aliser une \u00e9valuation immobili\u00e8re de sa demeure par un agent immobilier \u00e0 Villeneuve VD<\/h3>\n<p>Nos sp\u00e9cialistes situ\u00e9s \u00e0 Villeneuve VD se rendent chez vous pour effectuer une \u00e9valuation de votre maison ou de votre appartement. En \u00e9tudiant les dossiers tels que le registre foncier, les plans d&rsquo;architecte et le plan cadastral, ils vous fournissent une estimation pr\u00e9cise et compl\u00e8te.<\/p>\n<p>L&rsquo;\u00e9valuation prend en compte aussi la demande, et le march\u00e9 immobilier de Villeneuve VD afin de vous fournir la valeur r\u00e9elle de votre bien. Une fois l\u2019expertise accomplie, des conseils vous seront donn\u00e9s pour valoriser votre propri\u00e9t\u00e9.<\/p>\n<p>B\u00e9n\u00e9ficiez d\u00e8s \u00e0 pr\u00e9sent d&rsquo;une \u00e9valuation pr\u00e9cise et sans engagement de votre bien avec Immobilierlocal.<\/p>\n<h3>4. Comparer son bien avec les autres biens similaires \u00e0 Villeneuve VD, est-ce n\u00e9cessaire ?<\/h3>\n<p>Oui, il est recommand\u00e9 d\u2019analyser les biens semblables, comparer votre propri\u00e9t\u00e9 avec les annonces immobili\u00e8res \u00e0 Villeneuve VD vous permet d\u2019obtenir une fourchette rapide de la valorisation de votre propri\u00e9t\u00e9.<\/p>\n<h2>Comment vendre son bien immobilier au meilleur prix \u00e0 Villeneuve VD ?<\/h2>\n<p>Avec Immobilierlocal, vous confiez la vente de votre bien \u00e0 des professionnels de l&rsquo;immobilier ! Vous avez l&rsquo;assurance d&rsquo;une vente rapide au meilleur prix.<\/p>\n<h3>1. Pourquoi faire confiance \u00e0 un expert comme Immobilierlocal ?<\/h3>\n<p>Immobilierlocal vous met en relation avec un agent immobilier qui s&rsquo;occupe de la ville de Villeneuve VD.<\/p>\n<h3>2. Obtenez une \u00e9valuation pr\u00e9cise et adapt\u00e9e \u00e0 la situation immobili\u00e8re actuelle<\/h3>\n<p>Notre soci\u00e9t\u00e9 Immobilierlocal recense l&rsquo;ensemble des biens en vente \u00e0 Villeneuve VD ainsi que la totalit\u00e9 des biens qui ont r\u00e9cemment \u00e9t\u00e9 vendus. Cela nous permet d&rsquo;obtenir une analyse tr\u00e8s pr\u00e9cise du march\u00e9 immobilier, et de vous proposer le bon prix de vente.<\/p>\n<h3>3. Sublimer votre bien avec Immobilierlocal<\/h3>\n<p>L&rsquo;agence Immobilierlocal et ses partenaires organisent des s\u00e9ances photo pour sublimer votre propri\u00e9t\u00e9.<\/p>\n<h3>4. Assurez-vous que votre annonce immobili\u00e8re soit visible sur internet<\/h3>\n<p>Immobilierlocal et ses partenaires vous permettent de diffuser votre annonce sur l&rsquo;ensemble de nos sites web sp\u00e9cialis\u00e9s dans l\u2019immobilier pour la pr\u00e9senter au maximum d&rsquo;acqu\u00e9reurs potentiels.<\/p>\n<h3>5. S\u00e9lectionnez la meilleure offre<\/h3>\n<p>Nos experts re\u00e7oivent les offres, analysent les propositions et vous proposent la meilleure offre.<\/p>\n<h3>6. N\u00e9gociez le meilleur prix<\/h3>\n<p>Afin d&rsquo;\u00eatre en position de force au moment de n\u00e9gocier le prix avec un possible acheteur, notre sp\u00e9cialiste aura besoin de mettre en valeur les forces de votre bien. Pour cela, il doit avoir connaissance des informations suivantes :<\/p>\n<ul>\n<li>Les factures de r\u00e9novations,<\/li>\n<li>les plans architecturaux,<\/li>\n<li>la liste des avantages environnementaux (commerces, \u00e9coles de proximit\u00e9&#8230;),<\/li>\n<li>le d\u00e9veloppement \u00e9conomique \u00e0 Villeneuve VD et de sa r\u00e9gion.<\/li>\n<\/ul>\n<h2>Quelles sont les tendances du march\u00e9 immobilier \u00e0 Villeneuve VD ?<\/h2>\n<h3>Estimation du prix de vente des maisons \u00e0 Villeneuve VD<\/h3>\n<p class=\"estimates-house-range\">Les prix des maisons \u00e0 Villeneuve VD varient de CHF 1'288'204 \u00e0 CHF 2'010'200 en moyenne.<\/p>\n<h3>Estimation de la valeur des appartements \u00e0 Villeneuve VD<\/h3>\n<p class=\"estimates-house-range\">Les prix des appartements \u00e0 Villeneuve VD varient de CHF 1'163'963 \u00e0 CHF 1'311'292 en moyenne.<\/p>\n<h3>Estimation du prix de vente des terrains \u00e0 Villeneuve VD<\/h3>\n<p class=\"estimates-land\">Les prix moyens des terrains \u00e0 Villeneuve VD sont de CHF 1'065 \/ m\u00b2 (prix par m\u00e8tre carr\u00e9).<\/p>\n<h2>Questions r\u00e9guli\u00e8rement pos\u00e9es sur l&rsquo;estimation immobili\u00e8re<\/h2>\n<h3>Quel est le tarif d&rsquo;une estimation immobili\u00e8re \u00e0 Villeneuve VD ?<\/h3>\n<p>Le co\u00fbt d&rsquo;une \u00e9valuation immobili\u00e8re \u00e0 Villeneuve VD fluctue en fonction de la nature du bien. Que vous ayez un logement de luxe ou une maison plus classique, les co\u00fbts peuvent osciller entre CHF 150 \u00e0 CHF 1&rsquo;500.<\/p>\n<p>N\u00e9anmoins, gr\u00e2ce \u00e0 notre simulateur d&rsquo;\u00e9valuation en ligne de notre soci\u00e9t\u00e9 Immobilierlocal, vous n&rsquo;aurez rien \u00e0 payer ! Notre outil a \u00e9t\u00e9 confectionn\u00e9 pendant plusieurs ann\u00e9es pour qu&rsquo;il soit le plus pr\u00e9cis possible. Il prend en compte l&rsquo;\u00e9tat du march\u00e9 actuel et des particularit\u00e9s de votre bien.<\/p>\n<h3>Qui peut estimer un bien immobilier \u00e0 Villeneuve VD ?<\/h3>\n<p>Pour une \u00e9valuation immobili\u00e8re plus pr\u00e9cise, vous avez plusieurs possibilit\u00e9s, vous pouvez faire appel \u00e0 un expert des \u00e9valuations immobili\u00e8res, \u00e0 un architecte, \u00e0 un courtier en immobilier ou encore \u00e0 une banque.<\/p>\n<h3>Comment un agent immobilier estime une propri\u00e9t\u00e9 \u00e0 Villeneuve VD ?<\/h3>\n<ol>\n<li>Pour la premi\u00e8re \u00e9tape, un agent immobilier se rend chez vous afin de r\u00e9aliser une visite compl\u00e8te du bien en vente.<\/li>\n<li>Par la suite : il analyse les documents en lien avec l&rsquo;achat et l&rsquo;entretien de votre propri\u00e9t\u00e9.<\/li>\n<li>Il effectue une analyse compl\u00e8te du march\u00e9 immobilier en confrontant votre propri\u00e9t\u00e9 aux propri\u00e9t\u00e9s actuellement disponibles et en examinant les prix des ventes effectu\u00e9es r\u00e9cemment \u00e0 Villeneuve VD.<\/li>\n<li>Derni\u00e8rement, il vous donnera un bilan complet ainsi qu&rsquo;une estimation fiable du prix de vente de votre bien immobilier.<\/li>\n<\/ol>\n<h3>Comment faire \u00e9valuer une propri\u00e9t\u00e9 immobili\u00e8re gratuitement \u00e0 Villeneuve VD ?<\/h3>\n<p>Utilisez le logiciel d&rsquo;\u00e9valuation 100% gratuit de notre soci\u00e9t\u00e9 Immobilierlocal ! Vous pouvez \u00e9galement contacter nos sp\u00e9cialistes de l&rsquo;immobilier pour une estimation.<\/p>\n<h3>Quels crit\u00e8res influencent la valeur de ma propri\u00e9t\u00e9 \u00e0 Villeneuve VD ?<\/h3>\n<p>Il existe diff\u00e9rents param\u00e8tres qui font varier le prix de vente d\u2019un bien immobilier \u00e0 Villeneuve VD. Voici une liste des crit\u00e8res les plus consid\u00e9rables :<\/p>\n<ul>\n<li>L&rsquo;activit\u00e9 touristique,<\/li>\n<li>l&rsquo;activit\u00e9 \u00e9conomique du secteur,<\/li>\n<li>Le nombre d&rsquo;offres et de demandes,<\/li>\n<li>les commodit\u00e9s.<\/li>\n<\/ul>\n<h3>De quelle fa\u00e7on accro\u00eetre la valeur de ma maison et de mon appartement ?<\/h3>\n<p>Pour faire \u00e9voluer la valeur de votre bien, suivez ces conseils :<\/p>\n<ul>\n<li>Votre bien doit toujours \u00eatre propre pour les photos et au moment des visites.<\/li>\n<li>Rangez l&rsquo;ensemble de vos affaires de fa\u00e7on \u00e0 ce que les visiteurs puissent facilement se projeter dans le bien.<\/li>\n<li>Assurez-vous de mettre en avant les forces de votre bien.<\/li>\n<li>Assurez-vous de mettre en avant le terrain si vous poss\u00e9dez une maison.<\/li>\n<\/ul>\n<h3>Comment se comporter face \u00e0 un potentiel acheteur ?<\/h3>\n<ul>\n<li>Mentionnez les atouts de votre bien.<\/li>\n<li>R\u00e9pondez \u00e0 ses questions pr\u00e9cis\u00e9ment et honn\u00eatement.<\/li>\n<li>\u00c9coutez les propos de l\u2019acheteur et allez dans son sens sans le contredire.<\/li>\n<\/ul>\n<h3>Quels sont les documents \u00e0 poss\u00e9der pour estimer ma propri\u00e9t\u00e9 immobili\u00e8re ?<\/h3>\n<ul>\n<li>Police assurance incendie compl\u00e8te<\/li>\n<li>Plan de niveau (si disponible)<\/li>\n<li>factures des diff\u00e9rents travaux r\u00e9alis\u00e9s (si disponible)<\/li>\n<li>Registre foncier (si disponible)<\/li>\n<li>Plan cadastral (si disponible)<\/li>\n<li>Descriptif de construction (si disponible)<\/li>\n<li>\u00c9ventuellement : plan d\u2019affectation et le r\u00e8glement de construction<\/li>\n<\/ul>\n<p>Pour les objets en PPE :<\/p>\n<ul>\n<li>Police assurance incendie compl\u00e8te de l\u2019immeuble (\u00e0 demander \u00e0 l\u2019administrateur)<\/li>\n<li>R\u00e8glement PPE<\/li>\n<li>Comptes PPE (3 derni\u00e8res ann\u00e9es)<\/li>\n<\/ul>\n<p>Estimation similaire dans les villes proches, comme : <br \/> La Tine, Rossini\u00e8re, Flendruz, Rougemont, Ch\u00e2teau-d'Oex, L'Etivaz, La L\u00e9cherette, Les Moulins, Noville, Chessel, Rennaz, Roche VD, Yvorne, Leysin, Corbeyrier, Aigle, La Comballaz, Les Mosses, Le S\u00e9pey, Vers-l'Eglise, Les Diablerets, La Forclaz VD, Ollon VD, Panex, St-Triphon, Bex, Fenalet-sur-Bex, Freni\u00e8res-sur-Bex, Les Plans-sur-Bex, Gryon, Les Posses-sur-Bex, Arveyes, Hu\u00e9moz, Villars-sur-Ollon, Chesi\u00e8res, Lavey-les-Bains, Lavey-Village.<\/p>\n","protected":false},"excerpt":{"rendered":"<p>Obtenez une appr\u00e9ciation en ligne gratuite et fiable \u00e0 Villeneuve VD. En cas de besoin, un sp\u00e9cialiste viendra sur place pour r\u00e9aliser une \u00e9valuation plus pr\u00e9cise de votre bien. Vendez ou achetez votre propri\u00e9t\u00e9 immobili\u00e8re au meilleur prix, en toute simplicit\u00e9 avec Immobilierlocal. Derni\u00e8res estimations \u00e0 Villeneuve VD par secteur Evaluation des prix des maisons [&hellip;]<\/p>\n","protected":false},"author":3,"featured_media":384,"parent":149,"menu_order":0,"comment_status":"closed","ping_status":"closed","template":"","meta":{"footnotes":""},"categories":[6],"profession":[],"location":[39],"canton":[],"class_list":["post-212","page","type-page","status-publish","has-post-thumbnail","hentry","category-estimation"],"yoast_head":"<!-- This site is optimized with the Yoast SEO Premium plugin v23.0 (Yoast SEO v27.3) - https:\/\/yoast.com\/product\/yoast-seo-premium-wordpress\/ -->\n<title>Estimation immobili\u00e8re \u00e0 Villeneuve VD avril 2026 gratuite &amp; rapide - Immobilierlocal<\/title>\n<meta name=\"description\" content=\"D\u00e9couvrez le Prix moyen au m\u00b2 \u00e0 Villeneuve VD en avril 2026 \u2705 Estimation gratuite de votre bien \u2705 Derni\u00e8res \u00e9volutions du march\u00e9.\" \/>\n<meta name=\"robots\" content=\"index, follow, max-snippet:-1, max-image-preview:large, max-video-preview:-1\" \/>\n<link rel=\"canonical\" href=\"https:\/\/www.immobilierlocal.ch\/c\/estimation-immobiliere-canton-vaud\/estimation-immobiliere-a-villeneuve\/\" \/>\n<meta property=\"og:locale\" content=\"fr_FR\" \/>\n<meta property=\"og:type\" content=\"article\" \/>\n<meta property=\"og:title\" content=\"Estimation immobili\u00e8re \u00e0 Villeneuve VD avril 2026 gratuite &amp; rapide\" \/>\n<meta property=\"og:description\" content=\"D\u00e9couvrez le Prix moyen au m\u00b2 \u00e0 Villeneuve VD en avril 2026 \u2705 Estimation gratuite de votre bien \u2705 Derni\u00e8res \u00e9volutions du march\u00e9.\" \/>\n<meta property=\"og:url\" content=\"https:\/\/www.immobilierlocal.ch\/c\/estimation-immobiliere-canton-vaud\/estimation-immobiliere-a-villeneuve\/\" \/>\n<meta property=\"og:site_name\" content=\"Immobilierlocal\" \/>\n<meta property=\"article:modified_time\" content=\"2024-08-05T18:28:59+00:00\" \/>\n<meta property=\"og:image\" content=\"https:\/\/www.immobilierlocal.ch\/c\/wp-content\/uploads\/2023\/10\/estimation-immobiliere-a-villeneuve-scaled.jpg\" \/>\n\t<meta property=\"og:image:width\" content=\"2560\" \/>\n\t<meta property=\"og:image:height\" content=\"817\" \/>\n\t<meta property=\"og:image:type\" content=\"image\/jpeg\" \/>\n<meta name=\"twitter:card\" content=\"summary_large_image\" \/>\n<meta name=\"twitter:label1\" content=\"Dur\u00e9e de lecture estim\u00e9e\" \/>\n\t<meta name=\"twitter:data1\" content=\"7 minutes\" \/>\n<script type=\"application\/ld+json\" class=\"yoast-schema-graph\">{\"@context\":\"https:\\\/\\\/schema.org\",\"@graph\":[{\"@type\":\"WebPage\",\"@id\":\"https:\\\/\\\/www.immobilierlocal.ch\\\/c\\\/estimation-immobiliere-canton-vaud\\\/estimation-immobiliere-a-villeneuve\\\/\",\"url\":\"https:\\\/\\\/www.immobilierlocal.ch\\\/c\\\/estimation-immobiliere-canton-vaud\\\/estimation-immobiliere-a-villeneuve\\\/\",\"name\":\"Estimation immobili\u00e8re \u00e0 Villeneuve VD - Immobilierlocal\",\"isPartOf\":{\"@id\":\"https:\\\/\\\/www.immobilierlocal.ch\\\/c\\\/#website\"},\"primaryImageOfPage\":{\"@id\":\"https:\\\/\\\/www.immobilierlocal.ch\\\/c\\\/estimation-immobiliere-canton-vaud\\\/estimation-immobiliere-a-villeneuve\\\/#primaryimage\"},\"image\":{\"@id\":\"https:\\\/\\\/www.immobilierlocal.ch\\\/c\\\/estimation-immobiliere-canton-vaud\\\/estimation-immobiliere-a-villeneuve\\\/#primaryimage\"},\"thumbnailUrl\":\"https:\\\/\\\/www.immobilierlocal.ch\\\/c\\\/wp-content\\\/uploads\\\/2023\\\/10\\\/estimation-immobiliere-a-villeneuve-scaled.jpg\",\"datePublished\":\"2023-10-19T08:33:49+00:00\",\"dateModified\":\"2024-08-05T18:28:59+00:00\",\"breadcrumb\":{\"@id\":\"https:\\\/\\\/www.immobilierlocal.ch\\\/c\\\/estimation-immobiliere-canton-vaud\\\/estimation-immobiliere-a-villeneuve\\\/#breadcrumb\"},\"inLanguage\":\"fr-FR\",\"potentialAction\":[{\"@type\":\"ReadAction\",\"target\":[\"https:\\\/\\\/www.immobilierlocal.ch\\\/c\\\/estimation-immobiliere-canton-vaud\\\/estimation-immobiliere-a-villeneuve\\\/\"]}]},{\"@type\":\"ImageObject\",\"inLanguage\":\"fr-FR\",\"@id\":\"https:\\\/\\\/www.immobilierlocal.ch\\\/c\\\/estimation-immobiliere-canton-vaud\\\/estimation-immobiliere-a-villeneuve\\\/#primaryimage\",\"url\":\"https:\\\/\\\/www.immobilierlocal.ch\\\/c\\\/wp-content\\\/uploads\\\/2023\\\/10\\\/estimation-immobiliere-a-villeneuve-scaled.jpg\",\"contentUrl\":\"https:\\\/\\\/www.immobilierlocal.ch\\\/c\\\/wp-content\\\/uploads\\\/2023\\\/10\\\/estimation-immobiliere-a-villeneuve-scaled.jpg\",\"width\":2560,\"height\":817,\"caption\":\"Estimation immobili\u00e8re \u00e0 Villeneuve VD\"},{\"@type\":\"BreadcrumbList\",\"@id\":\"https:\\\/\\\/www.immobilierlocal.ch\\\/c\\\/estimation-immobiliere-canton-vaud\\\/estimation-immobiliere-a-villeneuve\\\/#breadcrumb\",\"itemListElement\":[{\"@type\":\"ListItem\",\"position\":1,\"name\":\"Accueil\",\"item\":\"https:\\\/\\\/www.immobilierlocal.ch\\\/c\\\/\"},{\"@type\":\"ListItem\",\"position\":2,\"name\":\"Estimation immobili\u00e8re dans le canton de Vaud\",\"item\":\"https:\\\/\\\/www.immobilierlocal.ch\\\/c\\\/estimation-immobiliere-canton-vaud\\\/\"},{\"@type\":\"ListItem\",\"position\":3,\"name\":\"Estimation immobili\u00e8re \u00e0 Villeneuve\"}]},{\"@type\":\"WebSite\",\"@id\":\"https:\\\/\\\/www.immobilierlocal.ch\\\/c\\\/#website\",\"url\":\"https:\\\/\\\/www.immobilierlocal.ch\\\/c\\\/\",\"name\":\"Immobilierlocal\",\"description\":\"\",\"publisher\":{\"@id\":\"https:\\\/\\\/www.immobilierlocal.ch\\\/c\\\/#organization\"},\"potentialAction\":[{\"@type\":\"SearchAction\",\"target\":{\"@type\":\"EntryPoint\",\"urlTemplate\":\"https:\\\/\\\/www.immobilierlocal.ch\\\/c\\\/?s={search_term_string}\"},\"query-input\":{\"@type\":\"PropertyValueSpecification\",\"valueRequired\":true,\"valueName\":\"search_term_string\"}}],\"inLanguage\":\"fr-FR\"},{\"@type\":\"Organization\",\"@id\":\"https:\\\/\\\/www.immobilierlocal.ch\\\/c\\\/#organization\",\"name\":\"Immobilierlocal\",\"url\":\"https:\\\/\\\/www.immobilierlocal.ch\\\/c\\\/\",\"logo\":{\"@type\":\"ImageObject\",\"inLanguage\":\"fr-FR\",\"@id\":\"https:\\\/\\\/www.immobilierlocal.ch\\\/c\\\/#\\\/schema\\\/logo\\\/image\\\/\",\"url\":\"https:\\\/\\\/www.immobilierlocal.ch\\\/c\\\/wp-content\\\/uploads\\\/2023\\\/10\\\/logo-immobilierlocal-h.svg\",\"contentUrl\":\"https:\\\/\\\/www.immobilierlocal.ch\\\/c\\\/wp-content\\\/uploads\\\/2023\\\/10\\\/logo-immobilierlocal-h.svg\",\"caption\":\"Immobilierlocal\"},\"image\":{\"@id\":\"https:\\\/\\\/www.immobilierlocal.ch\\\/c\\\/#\\\/schema\\\/logo\\\/image\\\/\"}}]}<\/script>\n<!-- \/ Yoast SEO Premium plugin. -->","yoast_head_json":{"title":"Estimation immobili\u00e8re \u00e0 Villeneuve VD avril 2026 gratuite & rapide - Immobilierlocal","description":"D\u00e9couvrez le Prix moyen au m\u00b2 \u00e0 Villeneuve VD en avril 2026 \u2705 Estimation gratuite de votre bien \u2705 Derni\u00e8res \u00e9volutions du march\u00e9.","robots":{"index":"index","follow":"follow","max-snippet":"max-snippet:-1","max-image-preview":"max-image-preview:large","max-video-preview":"max-video-preview:-1"},"canonical":"https:\/\/www.immobilierlocal.ch\/c\/estimation-immobiliere-canton-vaud\/estimation-immobiliere-a-villeneuve\/","og_locale":"fr_FR","og_type":"article","og_title":"Estimation immobili\u00e8re \u00e0 Villeneuve VD avril 2026 gratuite & rapide","og_description":"D\u00e9couvrez le Prix moyen au m\u00b2 \u00e0 Villeneuve VD en avril 2026 \u2705 Estimation gratuite de votre bien \u2705 Derni\u00e8res \u00e9volutions du march\u00e9.","og_url":"https:\/\/www.immobilierlocal.ch\/c\/estimation-immobiliere-canton-vaud\/estimation-immobiliere-a-villeneuve\/","og_site_name":"Immobilierlocal","article_modified_time":"2024-08-05T18:28:59+00:00","og_image":[{"width":2560,"height":817,"url":"https:\/\/www.immobilierlocal.ch\/c\/wp-content\/uploads\/2023\/10\/estimation-immobiliere-a-villeneuve-scaled.jpg","type":"image\/jpeg"}],"twitter_card":"summary_large_image","twitter_misc":{"Dur\u00e9e de lecture estim\u00e9e":"7 minutes"},"schema":{"@context":"https:\/\/schema.org","@graph":[{"@type":"WebPage","@id":"https:\/\/www.immobilierlocal.ch\/c\/estimation-immobiliere-canton-vaud\/estimation-immobiliere-a-villeneuve\/","url":"https:\/\/www.immobilierlocal.ch\/c\/estimation-immobiliere-canton-vaud\/estimation-immobiliere-a-villeneuve\/","name":"Estimation immobili\u00e8re \u00e0 Villeneuve VD - Immobilierlocal","isPartOf":{"@id":"https:\/\/www.immobilierlocal.ch\/c\/#website"},"primaryImageOfPage":{"@id":"https:\/\/www.immobilierlocal.ch\/c\/estimation-immobiliere-canton-vaud\/estimation-immobiliere-a-villeneuve\/#primaryimage"},"image":{"@id":"https:\/\/www.immobilierlocal.ch\/c\/estimation-immobiliere-canton-vaud\/estimation-immobiliere-a-villeneuve\/#primaryimage"},"thumbnailUrl":"https:\/\/www.immobilierlocal.ch\/c\/wp-content\/uploads\/2023\/10\/estimation-immobiliere-a-villeneuve-scaled.jpg","datePublished":"2023-10-19T08:33:49+00:00","dateModified":"2024-08-05T18:28:59+00:00","breadcrumb":{"@id":"https:\/\/www.immobilierlocal.ch\/c\/estimation-immobiliere-canton-vaud\/estimation-immobiliere-a-villeneuve\/#breadcrumb"},"inLanguage":"fr-FR","potentialAction":[{"@type":"ReadAction","target":["https:\/\/www.immobilierlocal.ch\/c\/estimation-immobiliere-canton-vaud\/estimation-immobiliere-a-villeneuve\/"]}]},{"@type":"ImageObject","inLanguage":"fr-FR","@id":"https:\/\/www.immobilierlocal.ch\/c\/estimation-immobiliere-canton-vaud\/estimation-immobiliere-a-villeneuve\/#primaryimage","url":"https:\/\/www.immobilierlocal.ch\/c\/wp-content\/uploads\/2023\/10\/estimation-immobiliere-a-villeneuve-scaled.jpg","contentUrl":"https:\/\/www.immobilierlocal.ch\/c\/wp-content\/uploads\/2023\/10\/estimation-immobiliere-a-villeneuve-scaled.jpg","width":2560,"height":817,"caption":"Estimation immobili\u00e8re \u00e0 Villeneuve VD"},{"@type":"BreadcrumbList","@id":"https:\/\/www.immobilierlocal.ch\/c\/estimation-immobiliere-canton-vaud\/estimation-immobiliere-a-villeneuve\/#breadcrumb","itemListElement":[{"@type":"ListItem","position":1,"name":"Accueil","item":"https:\/\/www.immobilierlocal.ch\/c\/"},{"@type":"ListItem","position":2,"name":"Estimation immobili\u00e8re dans le canton de Vaud","item":"https:\/\/www.immobilierlocal.ch\/c\/estimation-immobiliere-canton-vaud\/"},{"@type":"ListItem","position":3,"name":"Estimation immobili\u00e8re \u00e0 Villeneuve"}]},{"@type":"WebSite","@id":"https:\/\/www.immobilierlocal.ch\/c\/#website","url":"https:\/\/www.immobilierlocal.ch\/c\/","name":"Immobilierlocal","description":"","publisher":{"@id":"https:\/\/www.immobilierlocal.ch\/c\/#organization"},"potentialAction":[{"@type":"SearchAction","target":{"@type":"EntryPoint","urlTemplate":"https:\/\/www.immobilierlocal.ch\/c\/?s={search_term_string}"},"query-input":{"@type":"PropertyValueSpecification","valueRequired":true,"valueName":"search_term_string"}}],"inLanguage":"fr-FR"},{"@type":"Organization","@id":"https:\/\/www.immobilierlocal.ch\/c\/#organization","name":"Immobilierlocal","url":"https:\/\/www.immobilierlocal.ch\/c\/","logo":{"@type":"ImageObject","inLanguage":"fr-FR","@id":"https:\/\/www.immobilierlocal.ch\/c\/#\/schema\/logo\/image\/","url":"https:\/\/www.immobilierlocal.ch\/c\/wp-content\/uploads\/2023\/10\/logo-immobilierlocal-h.svg","contentUrl":"https:\/\/www.immobilierlocal.ch\/c\/wp-content\/uploads\/2023\/10\/logo-immobilierlocal-h.svg","caption":"Immobilierlocal"},"image":{"@id":"https:\/\/www.immobilierlocal.ch\/c\/#\/schema\/logo\/image\/"}}]}},"_links":{"self":[{"href":"https:\/\/www.immobilierlocal.ch\/c\/wp-json\/wp\/v2\/pages\/212","targetHints":{"allow":["GET"]}}],"collection":[{"href":"https:\/\/www.immobilierlocal.ch\/c\/wp-json\/wp\/v2\/pages"}],"about":[{"href":"https:\/\/www.immobilierlocal.ch\/c\/wp-json\/wp\/v2\/types\/page"}],"author":[{"embeddable":true,"href":"https:\/\/www.immobilierlocal.ch\/c\/wp-json\/wp\/v2\/users\/3"}],"replies":[{"embeddable":true,"href":"https:\/\/www.immobilierlocal.ch\/c\/wp-json\/wp\/v2\/comments?post=212"}],"version-history":[{"count":0,"href":"https:\/\/www.immobilierlocal.ch\/c\/wp-json\/wp\/v2\/pages\/212\/revisions"}],"up":[{"embeddable":true,"href":"https:\/\/www.immobilierlocal.ch\/c\/wp-json\/wp\/v2\/pages\/149"}],"wp:featuredmedia":[{"embeddable":true,"href":"https:\/\/www.immobilierlocal.ch\/c\/wp-json\/wp\/v2\/media\/384"}],"wp:attachment":[{"href":"https:\/\/www.immobilierlocal.ch\/c\/wp-json\/wp\/v2\/media?parent=212"}],"wp:term":[{"taxonomy":"category","embeddable":true,"href":"https:\/\/www.immobilierlocal.ch\/c\/wp-json\/wp\/v2\/categories?post=212"},{"taxonomy":"profession","embeddable":true,"href":"https:\/\/www.immobilierlocal.ch\/c\/wp-json\/wp\/v2\/profession?post=212"},{"taxonomy":"location","embeddable":true,"href":"https:\/\/www.immobilierlocal.ch\/c\/wp-json\/wp\/v2\/location?post=212"},{"taxonomy":"canton","embeddable":true,"href":"https:\/\/www.immobilierlocal.ch\/c\/wp-json\/wp\/v2\/canton?post=212"}],"curies":[{"name":"wp","href":"https:\/\/api.w.org\/{rel}","templated":true}]}}