
{"id":210,"date":"2023-10-19T10:33:49","date_gmt":"2023-10-19T08:33:49","guid":{"rendered":"https:\/\/immobilierlocal.ch\/c\/210-2\/"},"modified":"2025-06-03T23:03:30","modified_gmt":"2025-06-03T21:03:30","slug":"estimation-immobiliere-a-meyrin","status":"publish","type":"page","link":"https:\/\/www.immobilierlocal.ch\/c\/estimation-immobiliere-canton-geneve\/estimation-immobiliere-a-meyrin\/","title":{"rendered":"Estimation immobili\u00e8re \u00e0 Meyrin"},"content":{"rendered":"<p>Estimez facilement la valeur de votre bien immobilier \u00e0 Meyrin avec Immobilierlocal. Si n\u00e9cessaire, un expert se rendra chez vous pour proc\u00e9der \u00e0 une estimation plus pr\u00e9cise de votre bien. Vendre sa maison ou sa propri\u00e9t\u00e9 avec Immobilierlocal, c&rsquo;est l&rsquo;assurance de vendre son bien au meilleur prix et en toute simplicit\u00e9.<\/p>\n\n<h2>Derni\u00e8res estimations \u00e0 Meyrin par secteur<\/h2>\n<div class=\"estimates-lastest\"><ul><li>Pour un appartement 4.5 pi\u00e8ces \u00e0 Meyrin, surface pond\u00e9r\u00e9e (m\u00b2) : 120, orientation Sud-Est\/Ouest, avec balcon, transports fr\u00e9quence r\u00e9guli\u00e8re, avec parking, commodit\u00e9s et \u00e9coles nombreuses, situation ordinaire, CHF 14'931 \/ m\u00b2<\/li><li>Pour un appartement 5.5 pi\u00e8ces \u00e0 Meyrin, surface pond\u00e9r\u00e9e (m\u00b2) : 95, orientation Sud-Est\/Ouest, sans balcon, transports fr\u00e9quence soutenue, avec parking, commodit\u00e9s et \u00e9coles nombreuses, situation privil\u00e9gi\u00e9e, CHF 19'134 \/ m\u00b2<\/li><li>Pour un appartement 6 pi\u00e8ces \u00e0 Meyrin, surface pond\u00e9r\u00e9e (m\u00b2) : 95, orientation Sud-Est\/Ouest, avec balcon, transports fr\u00e9quence r\u00e9guli\u00e8re, avec parking, commodit\u00e9s et \u00e9coles nombreuses, situation ordinaire, CHF 15'030 \/ m\u00b2<\/li><\/ul><\/div>\n<h2>Evaluation de la valeur des maisons \u00e0 Meyrin selon le nombre de pi\u00e8ces<\/h2>\n<div class=\"estimates-room\"><ul><li>Pour une maison 6.5 pi\u00e8ces \u00e0 Meyrin, volume (m\u00b3) : 1057.5 et terrain (m\u00b2) : 800, transports fr\u00e9quence soutenue, commodit\u00e9s et \u00e9coles nombreuses, situation privil\u00e9gi\u00e9e, CHF 14'380 \/ m\u00b2<\/li><li>Pour une maison 4.5 pi\u00e8ces \u00e0 Meyrin, volume (m\u00b3) : 720 et terrain (m\u00b2) : 350, transports fr\u00e9quence r\u00e9guli\u00e8re, commodit\u00e9s et \u00e9coles nombreuses, situation ordinaire, CHF 11'846 \/ m\u00b2<\/li><li>Pour une maison 6.5 pi\u00e8ces \u00e0 Meyrin, volume (m\u00b3) : 607.5 et terrain (m\u00b2) : 500, transports fr\u00e9quence soutenue, commodit\u00e9s et \u00e9coles nombreuses, situation ordinaire, CHF 17'690 \/ m\u00b2<\/li><\/ul><\/div><div class=\"iframe-text\">Estimer maintenant votre bien immobilier<\/div><iframe id=\"estimer\" src=\"https:\/\/www.immobilierlocal.ch\/estimer?iframe=1\" frameborder=\"0\" loading=\"lazy\" width=\"100%\" height=\"1000\" style=\"overflow-x:hidden;\" referrerpolicy=\"no-referrer-when-downgrade\" title=\"Estimation immobili\u00e8re\"><\/iframe>\n<h2>Comment savoir la valeur de son bien immobilier \u00e0 Meyrin ?<\/h2>\n<h3>1. \u00c9valuation gratuite de votre maison \u00e0 Meyrin en ligne avec notre agence Immobilierlocal<\/h3>\n<p>D\u00e9couvrez la valeur r\u00e9elle de votre propri\u00e9t\u00e9 en moins de 5 minutes avec notre instrument d&rsquo;\u00e9valuation en ligne gratuit.<\/p>\n<p>Vous devez nous fournir votre adresse et les \u00e9l\u00e9ments de votre maison, comme :<\/p>\n<ul>\n<li>La situation (environnement, vue et transports).<\/li>\n<li>L&rsquo;orientation.<\/li>\n<li>Le nombre de pi\u00e8ces.<\/li>\n<li>La surface habitable.<\/li>\n<li>La surface du terrain.<\/li>\n<li>L\u2019ann\u00e9e de construction.<\/li>\n<li>L\u2019\u00e9tat g\u00e9n\u00e9ral de votre bien.<\/li>\n<li>Les travaux effectu\u00e9s dans votre maison et leur ann\u00e9e.<\/li>\n<\/ul>\n<h3>2. Estimation offerte de votre appartement \u00e0 Meyrin en ligne avec Immobilierlocal<\/h3>\n<p>Pour d\u00e9couvrir la valeur immobili\u00e8re de votre appartement \u00e0 Meyrin, utilisez notre outil en ligne d&rsquo;\u00e9valuation immobili\u00e8re. En quelques minutes vous aurez connaissance de la valeur de votre appartement.<\/p>\n<p>Dans le but d&rsquo;\u00eatre plus fiable dans l&rsquo;\u00e9valuation de la valeur de votre appartement, nous aurons besoin de certains documents ou certaines informations :<\/p>\n<ul>\n<li>L&rsquo;environnement de votre appartement.<\/li>\n<li>L\u2019orientation.<\/li>\n<li>Le nombre de pi\u00e8ces.<\/li>\n<li>Les surfaces (habitable, balcon et cave).<\/li>\n<li>La pr\u00e9sence d&rsquo;un ou plusieurs parkings.<\/li>\n<li>Date de construction.<\/li>\n<li>L\u2019\u00e9tat g\u00e9n\u00e9ral.<\/li>\n<li>L\u2019ann\u00e9e et le co\u00fbt des derni\u00e8res r\u00e9novations.<\/li>\n<li>Le montant du \u00abfonds de r\u00e9novation PPE\u00bb.<\/li>\n<\/ul>\n<h3>3. Proc\u00e9der \u00e0 une \u00e9valuation immobili\u00e8re de sa demeure par un agent immobilier \u00e0 Meyrin<\/h3>\n<p>Nos sp\u00e9cialistes install\u00e9s \u00e0 Meyrin se d\u00e9placent \u00e0 votre domicile pour effectuer une \u00e9valuation de votre demeure ou de votre appartement. En examinant les dossiers tels que le registre foncier, les plans d&rsquo;architecte et le plan cadastral, ils vous fournissent un rapport d&rsquo;estimation complet.<\/p>\n<p>L&rsquo;\u00e9valuation tient aussi compte de la situation de l&rsquo;immobilier de Meyrin pour vous donner la valeur de votre propri\u00e9t\u00e9. Une fois l\u2019expertise r\u00e9alis\u00e9e, des conseils vous seront donn\u00e9s pour valoriser votre propri\u00e9t\u00e9.<\/p>\n<p>Faites appel \u00e0 Immobilierlocal et obtenez d\u00e8s maintenant une \u00e9valuation de votre bien immobilier.<\/p>\n<h3>4. Comparer son bien avec les autres biens similaires \u00e0 Meyrin, est-ce important ?<\/h3>\n<p>Il est toujours int\u00e9ressant de regarder les autres biens en vente \u00e0 Meyrin. Cela permet d&rsquo;avoir une id\u00e9e du prix auquel vous pourrez vendre votre propri\u00e9t\u00e9. Il faudra bien s\u00fbr consid\u00e9rer les particularit\u00e9s de votre bien pour une estimation plus pr\u00e9cise (r\u00e9novations effectu\u00e9es, nombre de pi\u00e8ces&#8230;).<\/p>\n<h2>Comment vendre son bien immobilier au meilleur prix \u00e0 Meyrin ?<\/h2>\n<p>Pour vendre facilement votre bien immobilier, faites appel \u00e0 Immobilierlocal !<\/p>\n<h3>1. Pourquoi contacter un sp\u00e9cialiste comme Immobilierlocal ?<\/h3>\n<p>Immobilierlocal permet de vous mettre en relation avec un sp\u00e9cialiste dans le secteur de Meyrin.<\/p>\n<h3>2. Profitez d&rsquo;une \u00e9valuation pr\u00e9cise et qui prend en compte le march\u00e9 immobilier actuel<\/h3>\n<p>Immobilierlocal et ses collaborateurs recensent le march\u00e9 actuel en consid\u00e9rant les annonces et les biens r\u00e9cemment vendus, dans le but de vous proposer le prix de vente le meilleur prix de vente.<\/p>\n<h3>3. Mettez en valeur votre propri\u00e9t\u00e9<\/h3>\n<p>Immobilierlocal et ses partenaires r\u00e9alisent des s\u00e9ances photo pour sublimer votre bien.<\/p>\n<h3>4. Augmenter la visibilit\u00e9 de votre maison ou appartement et le nombre de potentiels acheteurs sur internet<\/h3>\n<p>Immobilierlocal et ses partenaires vous permettent de diffuser votre annonce sur l&rsquo;ensemble de nos sites web sp\u00e9cialis\u00e9s dans l\u2019immobilier afin de la montrer au maximum d\u2019acheteurs potentiels.<\/p>\n<h3>5. S\u00e9lectionnez l&rsquo;offre la plus int\u00e9ressante<\/h3>\n<p>Nous trions toutes les offres qui nous parviennent afin de vous pr\u00e9senter seulement celles qui pourraient vous int\u00e9resser.<\/p>\n<h3>6. N\u00e9gociez le meilleur prix<\/h3>\n<p>Afin d&rsquo;\u00eatre en position de force au moment de n\u00e9gocier le prix avec un possible acheteur, notre agent aura besoin de mettre en valeur les atouts de votre bien. Pour cela, il aura besoin des \u00e9l\u00e9ments suivants :<\/p>\n<ul>\n<li>Les r\u00e9novations effectu\u00e9es et les factures associ\u00e9es,<\/li>\n<li>les plans architecturaux,<\/li>\n<li>la liste des avantages environnementaux (commerces, \u00e9coles de proximit\u00e9&#8230;),<\/li>\n<li>Le d\u00e9veloppement \u00e9conomique r\u00e9gional.<\/li>\n<\/ul>\n<h2>Quel est l&rsquo;\u00e9tat du march\u00e9 immobilier \u00e0 Meyrin ?<\/h2>\n<h3>\u00c9valuation du prix de vente des maisons \u00e0 Meyrin<\/h3>\n<p class=\"estimates-house-range\">Les prix des maisons \u00e0 Meyrin varient de CHF 1'895'299 \u00e0 CHF 3'379'262 en moyenne.<\/p>\n<h3>\u00c9valuation du prix de vente des appartements \u00e0 Meyrin<\/h3>\n<p class=\"estimates-house-range\">Les prix des appartements \u00e0 Meyrin varient de CHF 1'499'971 \u00e0 CHF 1'866'366 en moyenne.<\/p>\n<h3>Estimation de la valeur des terrains \u00e0 Meyrin<\/h3>\n<p class=\"estimates-land\">Les prix moyens des terrains \u00e0 Meyrin sont de CHF 2'564 \/ m\u00b2 (prix par m\u00e8tre carr\u00e9).<\/p>\n<h2>Questions fr\u00e9quentes sur l&rsquo;estimation immobili\u00e8re<\/h2>\n<h3>Quel est le tarif d&rsquo;une estimation immobili\u00e8re \u00e0 Meyrin ?<\/h3>\n<p>A Meyrin, cela peut fluctuer entre CHF 150 et CHF 1500. Cela va d\u00e9pendre de la nature de votre bien et de ses dimensions.<\/p>\n<p>En revanche, gr\u00e2ce \u00e0 notre simulateur d&rsquo;estimation en ligne de notre agence Immobilierlocal, vous n&rsquo;avez rien \u00e0 payer ! Notre outil a \u00e9t\u00e9 \u00e9labor\u00e9 durant plusieurs ann\u00e9es afin qu&rsquo;il soit le plus fiable et pr\u00e9cis possible. Il prend en compte la situation immobili\u00e8re actuelle et des particularit\u00e9s de votre propri\u00e9t\u00e9.<\/p>\n<h3>Qui peut estimer un bien immobilier \u00e0 Meyrin ?<\/h3>\n<p>Si vous souhaitez obtenir une estimation plus pr\u00e9cise, il faudra contacter un expert qui se rend \u00e0 votre domicile pour \u00e9tudier votre logement. Cette personne peut \u00eatre un agent immobilier, un architecte ou vous pouvez \u00e9galement regarder avec votre banque.<\/p>\n<h3>Comment se d\u00e9roule l&rsquo;estimation d&rsquo;un bien \u00e0 Meyrin ?<\/h3>\n<ol>\n<li>Dans un premier temps : l&rsquo;agent immobilier se rend chez vous pour effectuer une inspection d\u00e9taill\u00e9e de votre bien immobilier.<\/li>\n<li>Apr\u00e8s cela : il analyse les dossiers en lien avec l&rsquo;achat et l&rsquo;entretien de votre propri\u00e9t\u00e9.<\/li>\n<li>Il proc\u00e8de \u00e0 une \u00e9tude approfondie du march\u00e9 immobilier en confrontant votre propri\u00e9t\u00e9 aux propri\u00e9t\u00e9s actuellement disponibles et en examinant les prix des ventes effectu\u00e9es r\u00e9cemment \u00e0 Meyrin.<\/li>\n<li>Pour finir, il vous donnera un examen d\u00e9taill\u00e9 et une \u00e9valuation fiable de la valeur de votre bien.<\/li>\n<\/ol>\n<h3>Comment obtenir une \u00e9valuation de propri\u00e9t\u00e9 gratuitement \u00e0 Meyrin<\/h3>\n<p>Utilisez l&rsquo;outil d&rsquo;estimation 100% gratuit de notre entreprise Immobilierlocal ! Vous pouvez aussi faire appel \u00e0 nos sp\u00e9cialistes de l&rsquo;immobilier pour une \u00e9valuation.<\/p>\n<h3>Quels facteurs influencent la valeur de ma propri\u00e9t\u00e9 \u00e0 Meyrin ?<\/h3>\n<p>La valeur de vente d&rsquo;une propri\u00e9t\u00e9 immobili\u00e8re d\u00e9coule logiquement de multiples crit\u00e8res, qui peuvent varier selon les p\u00e9riodes. Voici une liste des principaux crit\u00e8res pouvant faire \u00e9voluer le march\u00e9 immobilier \u00e0 Meyrin :<\/p>\n<ul>\n<li>l&rsquo;attrait touristique de la ville,<\/li>\n<li>l&rsquo;activit\u00e9 \u00e9conomique du secteur,<\/li>\n<li>Le nombre d&rsquo;offres et de demandes,<\/li>\n<li>la proximit\u00e9 des commodit\u00e9s.<\/li>\n<\/ul>\n<h3>Comment accro\u00eetre le prix de vente de mon bien immobilier ?<\/h3>\n<p>Pour faire \u00e9voluer la valeur de votre bien, voici plusieurs conseils \u00e0 ne pas n\u00e9gliger :<\/p>\n<ul>\n<li>Votre bien doit toujours \u00eatre impeccable pour les photos et au moment des visites.<\/li>\n<li>Rangez l&rsquo;ensemble de vos affaires de fa\u00e7on \u00e0 ce que les potentiels acheteurs puissent facilement se projeter dans le bien.<\/li>\n<li>Assurez-vous de mettre en avant les atouts de votre propri\u00e9t\u00e9.<\/li>\n<li>Assurez-vous de valoriser le terrain si vous poss\u00e9dez une maison.<\/li>\n<\/ul>\n<h3>Quelle conduite \u00e0 avoir vis-\u00e0-vis d\u2019un futur acheteur ?<\/h3>\n<ul>\n<li>Parlez-lui des diff\u00e9rentes forces de votre bien.<\/li>\n<li>R\u00e9pondez aux interrogations sans divulguer de fausses indications.<\/li>\n<li>\u00c9coutez les propos de l&rsquo;acqu\u00e9reur et allez dans son sens sans le contredire.<\/li>\n<\/ul>\n<h3>Quels sont les documents \u00e0 avoir pour estimer mon bien immobilier ?<\/h3>\n<ul>\n<li>Police assurance incendie compl\u00e8te<\/li>\n<li>Plan de niveau (si disponible)<\/li>\n<li>Travaux, factures (si disponible)<\/li>\n<li>Registre foncier (si disponible)<\/li>\n<li>Cadastre (si disponible)<\/li>\n<li>Descriptif de construction (si disponible)<\/li>\n<li>\u00c9ventuellement : plan d\u2019affectation et le r\u00e8glement de construction<\/li>\n<\/ul>\n<p>Pour les objets en PPE :<\/p>\n<ul>\n<li>Police assurance incendie compl\u00e8te de l\u2019immeuble (\u00e0 demander \u00e0 l\u2019administrateur)<\/li>\n<li>R\u00e8glement PPE<\/li>\n<li>Comptes PPE (3 derni\u00e8res ann\u00e9es)<\/li>\n<\/ul>\n<p>Estimation similaire dans les villes proches, comme :<br \/>\nGen\u00e8ve, Vernier, Cointrin, Le Grand-Saconnex, Ch\u00e2telaine, Le Lignon, Les Avanchets, Collex, Satigny, Russin, Dardagny, La Plaine, Chamb\u00e9sy.<\/p>\n","protected":false},"excerpt":{"rendered":"<p>Estimez facilement la valeur de votre bien immobilier \u00e0 Meyrin avec Immobilierlocal. Si n\u00e9cessaire, un expert se rendra chez vous pour proc\u00e9der \u00e0 une estimation plus pr\u00e9cise de votre bien. Vendre sa maison ou sa propri\u00e9t\u00e9 avec Immobilierlocal, c&rsquo;est l&rsquo;assurance de vendre son bien au meilleur prix et en toute simplicit\u00e9. Derni\u00e8res estimations \u00e0 Meyrin [&hellip;]<\/p>\n","protected":false},"author":3,"featured_media":382,"parent":148,"menu_order":0,"comment_status":"closed","ping_status":"closed","template":"","meta":{"footnotes":""},"categories":[6],"profession":[],"location":[37],"canton":[],"class_list":["post-210","page","type-page","status-publish","has-post-thumbnail","hentry","category-estimation"],"yoast_head":"<!-- This site is optimized with the Yoast SEO Premium plugin v23.0 (Yoast SEO v27.4) - https:\/\/yoast.com\/product\/yoast-seo-premium-wordpress\/ -->\n<title>Estimation immobili\u00e8re \u00e0 Meyrin avril 2026 gratuite &amp; rapide - Immobilierlocal<\/title>\n<meta name=\"description\" content=\"D\u00e9couvrez le Prix moyen au m\u00b2 \u00e0 Meyrin en avril 2026 \u2705 Estimation gratuite de votre bien \u2705 Derni\u00e8res \u00e9volutions du march\u00e9.\" \/>\n<meta name=\"robots\" content=\"index, follow, max-snippet:-1, max-image-preview:large, max-video-preview:-1\" \/>\n<link rel=\"canonical\" href=\"https:\/\/www.immobilierlocal.ch\/c\/estimation-immobiliere-canton-geneve\/estimation-immobiliere-a-meyrin\/\" \/>\n<meta property=\"og:locale\" content=\"fr_FR\" \/>\n<meta property=\"og:type\" content=\"article\" \/>\n<meta property=\"og:title\" content=\"Estimation immobili\u00e8re \u00e0 Meyrin avril 2026 gratuite &amp; rapide\" \/>\n<meta property=\"og:description\" content=\"D\u00e9couvrez le Prix moyen au m\u00b2 \u00e0 Meyrin en avril 2026 \u2705 Estimation gratuite de votre bien \u2705 Derni\u00e8res \u00e9volutions du march\u00e9.\" \/>\n<meta property=\"og:url\" content=\"https:\/\/www.immobilierlocal.ch\/c\/estimation-immobiliere-canton-geneve\/estimation-immobiliere-a-meyrin\/\" \/>\n<meta property=\"og:site_name\" content=\"Immobilierlocal\" \/>\n<meta property=\"article:modified_time\" content=\"2025-06-03T21:03:30+00:00\" \/>\n<meta property=\"og:image\" content=\"https:\/\/www.immobilierlocal.ch\/c\/wp-content\/uploads\/2023\/10\/estimation-immobiliere-a-meyrin-scaled.jpg\" \/>\n\t<meta property=\"og:image:width\" content=\"2560\" \/>\n\t<meta property=\"og:image:height\" content=\"817\" \/>\n\t<meta property=\"og:image:type\" content=\"image\/jpeg\" \/>\n<meta name=\"twitter:card\" content=\"summary_large_image\" \/>\n<meta name=\"twitter:label1\" content=\"Dur\u00e9e de lecture estim\u00e9e\" \/>\n\t<meta name=\"twitter:data1\" content=\"7 minutes\" \/>\n<script type=\"application\/ld+json\" class=\"yoast-schema-graph\">{\"@context\":\"https:\\\/\\\/schema.org\",\"@graph\":[{\"@type\":\"WebPage\",\"@id\":\"https:\\\/\\\/www.immobilierlocal.ch\\\/c\\\/estimation-immobiliere-canton-geneve\\\/estimation-immobiliere-a-meyrin\\\/\",\"url\":\"https:\\\/\\\/www.immobilierlocal.ch\\\/c\\\/estimation-immobiliere-canton-geneve\\\/estimation-immobiliere-a-meyrin\\\/\",\"name\":\"Estimation immobili\u00e8re \u00e0 Meyrin - Immobilierlocal\",\"isPartOf\":{\"@id\":\"https:\\\/\\\/www.immobilierlocal.ch\\\/c\\\/#website\"},\"primaryImageOfPage\":{\"@id\":\"https:\\\/\\\/www.immobilierlocal.ch\\\/c\\\/estimation-immobiliere-canton-geneve\\\/estimation-immobiliere-a-meyrin\\\/#primaryimage\"},\"image\":{\"@id\":\"https:\\\/\\\/www.immobilierlocal.ch\\\/c\\\/estimation-immobiliere-canton-geneve\\\/estimation-immobiliere-a-meyrin\\\/#primaryimage\"},\"thumbnailUrl\":\"https:\\\/\\\/www.immobilierlocal.ch\\\/c\\\/wp-content\\\/uploads\\\/2023\\\/10\\\/estimation-immobiliere-a-meyrin-scaled.jpg\",\"datePublished\":\"2023-10-19T08:33:49+00:00\",\"dateModified\":\"2025-06-03T21:03:30+00:00\",\"breadcrumb\":{\"@id\":\"https:\\\/\\\/www.immobilierlocal.ch\\\/c\\\/estimation-immobiliere-canton-geneve\\\/estimation-immobiliere-a-meyrin\\\/#breadcrumb\"},\"inLanguage\":\"fr-FR\",\"potentialAction\":[{\"@type\":\"ReadAction\",\"target\":[\"https:\\\/\\\/www.immobilierlocal.ch\\\/c\\\/estimation-immobiliere-canton-geneve\\\/estimation-immobiliere-a-meyrin\\\/\"]}]},{\"@type\":\"ImageObject\",\"inLanguage\":\"fr-FR\",\"@id\":\"https:\\\/\\\/www.immobilierlocal.ch\\\/c\\\/estimation-immobiliere-canton-geneve\\\/estimation-immobiliere-a-meyrin\\\/#primaryimage\",\"url\":\"https:\\\/\\\/www.immobilierlocal.ch\\\/c\\\/wp-content\\\/uploads\\\/2023\\\/10\\\/estimation-immobiliere-a-meyrin-scaled.jpg\",\"contentUrl\":\"https:\\\/\\\/www.immobilierlocal.ch\\\/c\\\/wp-content\\\/uploads\\\/2023\\\/10\\\/estimation-immobiliere-a-meyrin-scaled.jpg\",\"width\":2560,\"height\":817,\"caption\":\"Estimation immobili\u00e8re \u00e0 Meyrin\"},{\"@type\":\"BreadcrumbList\",\"@id\":\"https:\\\/\\\/www.immobilierlocal.ch\\\/c\\\/estimation-immobiliere-canton-geneve\\\/estimation-immobiliere-a-meyrin\\\/#breadcrumb\",\"itemListElement\":[{\"@type\":\"ListItem\",\"position\":1,\"name\":\"Accueil\",\"item\":\"https:\\\/\\\/www.immobilierlocal.ch\\\/c\\\/\"},{\"@type\":\"ListItem\",\"position\":2,\"name\":\"Estimation immobili\u00e8re dans le canton de Gen\u00e8ve\",\"item\":\"https:\\\/\\\/www.immobilierlocal.ch\\\/c\\\/estimation-immobiliere-canton-geneve\\\/\"},{\"@type\":\"ListItem\",\"position\":3,\"name\":\"Estimation immobili\u00e8re \u00e0 Meyrin\"}]},{\"@type\":\"WebSite\",\"@id\":\"https:\\\/\\\/www.immobilierlocal.ch\\\/c\\\/#website\",\"url\":\"https:\\\/\\\/www.immobilierlocal.ch\\\/c\\\/\",\"name\":\"Immobilierlocal\",\"description\":\"\",\"publisher\":{\"@id\":\"https:\\\/\\\/www.immobilierlocal.ch\\\/c\\\/#organization\"},\"potentialAction\":[{\"@type\":\"SearchAction\",\"target\":{\"@type\":\"EntryPoint\",\"urlTemplate\":\"https:\\\/\\\/www.immobilierlocal.ch\\\/c\\\/?s={search_term_string}\"},\"query-input\":{\"@type\":\"PropertyValueSpecification\",\"valueRequired\":true,\"valueName\":\"search_term_string\"}}],\"inLanguage\":\"fr-FR\"},{\"@type\":\"Organization\",\"@id\":\"https:\\\/\\\/www.immobilierlocal.ch\\\/c\\\/#organization\",\"name\":\"Immobilierlocal\",\"url\":\"https:\\\/\\\/www.immobilierlocal.ch\\\/c\\\/\",\"logo\":{\"@type\":\"ImageObject\",\"inLanguage\":\"fr-FR\",\"@id\":\"https:\\\/\\\/www.immobilierlocal.ch\\\/c\\\/#\\\/schema\\\/logo\\\/image\\\/\",\"url\":\"https:\\\/\\\/www.immobilierlocal.ch\\\/c\\\/wp-content\\\/uploads\\\/2023\\\/10\\\/logo-immobilierlocal-h.svg\",\"contentUrl\":\"https:\\\/\\\/www.immobilierlocal.ch\\\/c\\\/wp-content\\\/uploads\\\/2023\\\/10\\\/logo-immobilierlocal-h.svg\",\"caption\":\"Immobilierlocal\"},\"image\":{\"@id\":\"https:\\\/\\\/www.immobilierlocal.ch\\\/c\\\/#\\\/schema\\\/logo\\\/image\\\/\"}}]}<\/script>\n<!-- \/ Yoast SEO Premium plugin. -->","yoast_head_json":{"title":"Estimation immobili\u00e8re \u00e0 Meyrin avril 2026 gratuite & rapide - Immobilierlocal","description":"D\u00e9couvrez le Prix moyen au m\u00b2 \u00e0 Meyrin en avril 2026 \u2705 Estimation gratuite de votre bien \u2705 Derni\u00e8res \u00e9volutions du march\u00e9.","robots":{"index":"index","follow":"follow","max-snippet":"max-snippet:-1","max-image-preview":"max-image-preview:large","max-video-preview":"max-video-preview:-1"},"canonical":"https:\/\/www.immobilierlocal.ch\/c\/estimation-immobiliere-canton-geneve\/estimation-immobiliere-a-meyrin\/","og_locale":"fr_FR","og_type":"article","og_title":"Estimation immobili\u00e8re \u00e0 Meyrin avril 2026 gratuite & rapide","og_description":"D\u00e9couvrez le Prix moyen au m\u00b2 \u00e0 Meyrin en avril 2026 \u2705 Estimation gratuite de votre bien \u2705 Derni\u00e8res \u00e9volutions du march\u00e9.","og_url":"https:\/\/www.immobilierlocal.ch\/c\/estimation-immobiliere-canton-geneve\/estimation-immobiliere-a-meyrin\/","og_site_name":"Immobilierlocal","article_modified_time":"2025-06-03T21:03:30+00:00","og_image":[{"width":2560,"height":817,"url":"https:\/\/www.immobilierlocal.ch\/c\/wp-content\/uploads\/2023\/10\/estimation-immobiliere-a-meyrin-scaled.jpg","type":"image\/jpeg"}],"twitter_card":"summary_large_image","twitter_misc":{"Dur\u00e9e de lecture estim\u00e9e":"7 minutes"},"schema":{"@context":"https:\/\/schema.org","@graph":[{"@type":"WebPage","@id":"https:\/\/www.immobilierlocal.ch\/c\/estimation-immobiliere-canton-geneve\/estimation-immobiliere-a-meyrin\/","url":"https:\/\/www.immobilierlocal.ch\/c\/estimation-immobiliere-canton-geneve\/estimation-immobiliere-a-meyrin\/","name":"Estimation immobili\u00e8re \u00e0 Meyrin - Immobilierlocal","isPartOf":{"@id":"https:\/\/www.immobilierlocal.ch\/c\/#website"},"primaryImageOfPage":{"@id":"https:\/\/www.immobilierlocal.ch\/c\/estimation-immobiliere-canton-geneve\/estimation-immobiliere-a-meyrin\/#primaryimage"},"image":{"@id":"https:\/\/www.immobilierlocal.ch\/c\/estimation-immobiliere-canton-geneve\/estimation-immobiliere-a-meyrin\/#primaryimage"},"thumbnailUrl":"https:\/\/www.immobilierlocal.ch\/c\/wp-content\/uploads\/2023\/10\/estimation-immobiliere-a-meyrin-scaled.jpg","datePublished":"2023-10-19T08:33:49+00:00","dateModified":"2025-06-03T21:03:30+00:00","breadcrumb":{"@id":"https:\/\/www.immobilierlocal.ch\/c\/estimation-immobiliere-canton-geneve\/estimation-immobiliere-a-meyrin\/#breadcrumb"},"inLanguage":"fr-FR","potentialAction":[{"@type":"ReadAction","target":["https:\/\/www.immobilierlocal.ch\/c\/estimation-immobiliere-canton-geneve\/estimation-immobiliere-a-meyrin\/"]}]},{"@type":"ImageObject","inLanguage":"fr-FR","@id":"https:\/\/www.immobilierlocal.ch\/c\/estimation-immobiliere-canton-geneve\/estimation-immobiliere-a-meyrin\/#primaryimage","url":"https:\/\/www.immobilierlocal.ch\/c\/wp-content\/uploads\/2023\/10\/estimation-immobiliere-a-meyrin-scaled.jpg","contentUrl":"https:\/\/www.immobilierlocal.ch\/c\/wp-content\/uploads\/2023\/10\/estimation-immobiliere-a-meyrin-scaled.jpg","width":2560,"height":817,"caption":"Estimation immobili\u00e8re \u00e0 Meyrin"},{"@type":"BreadcrumbList","@id":"https:\/\/www.immobilierlocal.ch\/c\/estimation-immobiliere-canton-geneve\/estimation-immobiliere-a-meyrin\/#breadcrumb","itemListElement":[{"@type":"ListItem","position":1,"name":"Accueil","item":"https:\/\/www.immobilierlocal.ch\/c\/"},{"@type":"ListItem","position":2,"name":"Estimation immobili\u00e8re dans le canton de Gen\u00e8ve","item":"https:\/\/www.immobilierlocal.ch\/c\/estimation-immobiliere-canton-geneve\/"},{"@type":"ListItem","position":3,"name":"Estimation immobili\u00e8re \u00e0 Meyrin"}]},{"@type":"WebSite","@id":"https:\/\/www.immobilierlocal.ch\/c\/#website","url":"https:\/\/www.immobilierlocal.ch\/c\/","name":"Immobilierlocal","description":"","publisher":{"@id":"https:\/\/www.immobilierlocal.ch\/c\/#organization"},"potentialAction":[{"@type":"SearchAction","target":{"@type":"EntryPoint","urlTemplate":"https:\/\/www.immobilierlocal.ch\/c\/?s={search_term_string}"},"query-input":{"@type":"PropertyValueSpecification","valueRequired":true,"valueName":"search_term_string"}}],"inLanguage":"fr-FR"},{"@type":"Organization","@id":"https:\/\/www.immobilierlocal.ch\/c\/#organization","name":"Immobilierlocal","url":"https:\/\/www.immobilierlocal.ch\/c\/","logo":{"@type":"ImageObject","inLanguage":"fr-FR","@id":"https:\/\/www.immobilierlocal.ch\/c\/#\/schema\/logo\/image\/","url":"https:\/\/www.immobilierlocal.ch\/c\/wp-content\/uploads\/2023\/10\/logo-immobilierlocal-h.svg","contentUrl":"https:\/\/www.immobilierlocal.ch\/c\/wp-content\/uploads\/2023\/10\/logo-immobilierlocal-h.svg","caption":"Immobilierlocal"},"image":{"@id":"https:\/\/www.immobilierlocal.ch\/c\/#\/schema\/logo\/image\/"}}]}},"_links":{"self":[{"href":"https:\/\/www.immobilierlocal.ch\/c\/wp-json\/wp\/v2\/pages\/210","targetHints":{"allow":["GET"]}}],"collection":[{"href":"https:\/\/www.immobilierlocal.ch\/c\/wp-json\/wp\/v2\/pages"}],"about":[{"href":"https:\/\/www.immobilierlocal.ch\/c\/wp-json\/wp\/v2\/types\/page"}],"author":[{"embeddable":true,"href":"https:\/\/www.immobilierlocal.ch\/c\/wp-json\/wp\/v2\/users\/3"}],"replies":[{"embeddable":true,"href":"https:\/\/www.immobilierlocal.ch\/c\/wp-json\/wp\/v2\/comments?post=210"}],"version-history":[{"count":0,"href":"https:\/\/www.immobilierlocal.ch\/c\/wp-json\/wp\/v2\/pages\/210\/revisions"}],"up":[{"embeddable":true,"href":"https:\/\/www.immobilierlocal.ch\/c\/wp-json\/wp\/v2\/pages\/148"}],"wp:featuredmedia":[{"embeddable":true,"href":"https:\/\/www.immobilierlocal.ch\/c\/wp-json\/wp\/v2\/media\/382"}],"wp:attachment":[{"href":"https:\/\/www.immobilierlocal.ch\/c\/wp-json\/wp\/v2\/media?parent=210"}],"wp:term":[{"taxonomy":"category","embeddable":true,"href":"https:\/\/www.immobilierlocal.ch\/c\/wp-json\/wp\/v2\/categories?post=210"},{"taxonomy":"profession","embeddable":true,"href":"https:\/\/www.immobilierlocal.ch\/c\/wp-json\/wp\/v2\/profession?post=210"},{"taxonomy":"location","embeddable":true,"href":"https:\/\/www.immobilierlocal.ch\/c\/wp-json\/wp\/v2\/location?post=210"},{"taxonomy":"canton","embeddable":true,"href":"https:\/\/www.immobilierlocal.ch\/c\/wp-json\/wp\/v2\/canton?post=210"}],"curies":[{"name":"wp","href":"https:\/\/api.w.org\/{rel}","templated":true}]}}