
{"id":209,"date":"2023-10-19T10:33:49","date_gmt":"2023-10-19T08:33:49","guid":{"rendered":"https:\/\/immobilierlocal.ch\/c\/209-2\/"},"modified":"2024-08-05T20:19:40","modified_gmt":"2024-08-05T18:19:40","slug":"estimation-immobiliere-a-attalens","status":"publish","type":"page","link":"https:\/\/www.immobilierlocal.ch\/c\/estimation-immobiliere-canton-fribourg\/estimation-immobiliere-a-attalens\/","title":{"rendered":"Estimation immobili\u00e8re \u00e0 Attalens"},"content":{"rendered":"<p>B\u00e9n\u00e9ficiez d&rsquo;une appr\u00e9ciation en ligne gratuite et fiable \u00e0 Attalens. En cas de besoin, un expert se d\u00e9placera chez vous pour r\u00e9aliser une estimation plus pr\u00e9cise de votre propri\u00e9t\u00e9. Vendez ou achetez votre bien immobilier au meilleur prix, en toute simplicit\u00e9 avec Immobilierlocal.<\/p>\n\n<h2>Derni\u00e8res estimations \u00e0 Attalens par secteur<\/h2>\n<div class=\"estimates-lastest\"><ul><li>Pour un appartement 5 pi\u00e8ces \u00e0 Attalens, surface pond\u00e9r\u00e9e (m\u00b2) : 100, orientation Sud-Est\/Ouest, avec balcon, transports fr\u00e9quence limit\u00e9e, sans parking, commodit\u00e9s et \u00e9coles limit\u00e9es, situation ordinaire, CHF 8'056 \/ m\u00b2<\/li><li>Pour un appartement 6 pi\u00e8ces \u00e0 Attalens, surface pond\u00e9r\u00e9e (m\u00b2) : 95, orientation Sud-Est\/Ouest, sans balcon, transports fr\u00e9quence limit\u00e9e, avec parking, commodit\u00e9s et \u00e9coles limit\u00e9es, situation ordinaire, CHF 8'882 \/ m\u00b2<\/li><li>Pour un appartement 6 pi\u00e8ces \u00e0 Attalens, surface pond\u00e9r\u00e9e (m\u00b2) : 105, orientation Ouest, sans balcon, transports fr\u00e9quence limit\u00e9e, sans parking, commodit\u00e9s et \u00e9coles limit\u00e9es, situation ordinaire, CHF 7'260 \/ m\u00b2<\/li><\/ul><\/div>\n<h2>Estimation des prix des maisons \u00e0 Attalens par nombre de pi\u00e8ces<\/h2>\n<div class=\"estimates-room\"><ul><li>Pour une maison 4.5 pi\u00e8ces \u00e0 Attalens, volume (m\u00b3) : 1170 et terrain (m\u00b2) : 500, transports fr\u00e9quence limit\u00e9e, commodit\u00e9s et \u00e9coles limit\u00e9es, situation ordinaire, CHF 5'774 \/ m\u00b2<\/li><li>Pour une maison 5 pi\u00e8ces \u00e0 Attalens, volume (m\u00b3) : 1170 et terrain (m\u00b2) : 800, transports fr\u00e9quence limit\u00e9e, commodit\u00e9s et \u00e9coles limit\u00e9es, situation ordinaire, CHF 6'263 \/ m\u00b2<\/li><li>Pour une maison 5.5 pi\u00e8ces \u00e0 Attalens, volume (m\u00b3) : 945 et terrain (m\u00b2) : 650, transports fr\u00e9quence limit\u00e9e, commodit\u00e9s et \u00e9coles limit\u00e9es, situation ordinaire, CHF 6'328 \/ m\u00b2<\/li><\/ul><\/div><div class=\"iframe-text\">Estimer maintenant votre bien immobilier<\/div><iframe id=\"estimer\" src=\"https:\/\/www.immobilierlocal.ch\/estimer?iframe=1\" frameborder=\"0\" loading=\"lazy\" width=\"100%\" height=\"1000\" style=\"overflow-x:hidden;\" referrerpolicy=\"no-referrer-when-downgrade\" title=\"Estimation immobili\u00e8re\"><\/iframe>\n<h2>Comment savoir le prix de son bien immobilier \u00e0 Attalens ?<\/h2>\n<h3>1. \u00c9valuation offerte de votre maison \u00e0 Attalens en ligne avec notre soci\u00e9t\u00e9 Immobilierlocal<\/h3>\n<p>Obtenez la valeur immobili\u00e8re de votre maison en moins de 5 minutes gr\u00e2ce \u00e0 notre outil d&rsquo;estimation en ligne gratuit.<\/p>\n<p>Pour une \u00e9valuation conforme, nous devrons aussi conna\u00eetre les \u00e9l\u00e9ments suivants :<\/p>\n<ul>\n<li>L&rsquo;environnement de la propri\u00e9t\u00e9 (acc\u00e8s aux services de transport, vis \u00e0 vis, pr\u00e9sence des commerces&#8230;).<\/li>\n<li>L&rsquo;orientation et l&rsquo;exposition de la maison.<\/li>\n<li>Le nombre de pi\u00e8ces.<\/li>\n<li>La surface habitable ou le volume.<\/li>\n<li>Les dimensions du terrain.<\/li>\n<li>L&rsquo;ann\u00e9e de construction.<\/li>\n<li>L&rsquo;\u00e9tat global de votre bien.<\/li>\n<li>Les travaux effectu\u00e9s dans votre maison et leur ann\u00e9e.<\/li>\n<\/ul>\n<h3>2. \u00c9valuation gratuite de votre appartement \u00e0 Attalens en ligne avec Immobilierlocal<\/h3>\n<p>Profitez d&rsquo;une estimation pr\u00e9cise de votre logement \u00e0 Attalens en 5 clics.<\/p>\n<p>Afin d&rsquo;\u00eatre plus fiable dans l&rsquo;\u00e9valuation de la valeur de votre bien, nous devrons avoir connaissance de certains documents ou certaines indications :<\/p>\n<ul>\n<li>L&rsquo;environnement de votre appartement.<\/li>\n<li>L\u2019orientation.<\/li>\n<li>Le nombre de pi\u00e8ces.<\/li>\n<li>Les diff\u00e9rentes surfaces (habitable, garage, balcon&#8230;).<\/li>\n<li>La pr\u00e9sence d&rsquo;un ou plusieurs parkings.<\/li>\n<li>Date de construction.<\/li>\n<li>L\u2019\u00e9tat g\u00e9n\u00e9ral.<\/li>\n<li>L\u2019ann\u00e9e et le co\u00fbt des derni\u00e8res r\u00e9novations.<\/li>\n<li>Le montant du \u00abfonds de r\u00e9novation PPE\u00bb.<\/li>\n<\/ul>\n<h3>3. Faire estimer sa maison ou son appartement par un expert \u00e0 Attalens<\/h3>\n<p>Nos sp\u00e9cialistes install\u00e9s \u00e0 Attalens se d\u00e9placent \u00e0 votre domicile pour accomplir une \u00e9valuation de votre demeure ou de votre appartement. En examinant certains dossiers tels que le registre foncier, les plans d&rsquo;architecte et le plan cadastral, ils vous apportent un rapport d&rsquo;estimation complet.<\/p>\n<p>L\u2019estimation prend en compte aussi la demande, et le march\u00e9 immobilier de Attalens pour vous fournir la valeur de votre domicile. Une fois l\u2019expertise r\u00e9alis\u00e9e, des conseils vous seront donn\u00e9s pour valoriser votre propri\u00e9t\u00e9.<\/p>\n<p>Recevez d\u00e8s maintenant une estimation r\u00e9elle et sans engagement de votre propri\u00e9t\u00e9 avec Immobilierlocal.<\/p>\n<h3>4. Est-il int\u00e9ressant de comparer son bien avec les biens semblables en vente \u00e0 Attalens ?<\/h3>\n<p>Il est toujours n\u00e9cessaire d&rsquo;inspecter les autres biens en vente \u00e0 Attalens. Cela permet d&rsquo;avoir une id\u00e9e du prix auquel vous pourrez vendre votre propri\u00e9t\u00e9. Il faudra bien s\u00fbr prendre en compte les caract\u00e9ristiques de votre propri\u00e9t\u00e9 pour une estimation plus pr\u00e9cise (r\u00e9novations effectu\u00e9es, nombre de pi\u00e8ces&#8230;).<\/p>\n<h2>Comment vendre son bien immobilier au meilleur prix \u00e0 Attalens ?<\/h2>\n<p>Pour vendre facilement votre bien immobilier, faites appel \u00e0 Immobilierlocal !<\/p>\n<h3>1. Pourquoi contacter un expert comme Immobilierlocal ?<\/h3>\n<p>Immobilierlocal permet de vous mettre en contact avec un agent immobilier dans le secteur de Attalens.<\/p>\n<h3>2. Obtenez une estimation pr\u00e9cise et adapt\u00e9e au march\u00e9 immobilier actuel<\/h3>\n<p>Immobilierlocal et ses collaborateurs analysent les prix des biens similaires pr\u00e9sents actuellement sur le march\u00e9 ainsi que ceux qui ont \u00e9t\u00e9 r\u00e9cemment vendus, dans le but de vous proposer le prix de vente le meilleur prix de vente.<\/p>\n<h3>3. Mettez en valeur votre propri\u00e9t\u00e9<\/h3>\n<p>L&rsquo;agence Immobilierlocal et ses partenaires organisent des s\u00e9ances photo pour sublimer votre bien.<\/p>\n<h3>4. Assurez-vous que votre annonce immobili\u00e8re soit visible sur internet<\/h3>\n<p>Afin que le plus de personnes puisse voir votre propri\u00e9t\u00e9, nous diffusons votre annonce sur tous nos sites internet ainsi que ceux de nos partenaires.<\/p>\n<h3>5. S\u00e9lectionnez la meilleure offre<\/h3>\n<p>Nous trions la totalit\u00e9 des offres que nous recevons afin de vous pr\u00e9senter uniquement celles qui peuvent vous int\u00e9resser.<\/p>\n<h3>6. N\u00e9gociez le meilleur prix<\/h3>\n<p>Notre sp\u00e9cialiste rassemble tous les documents et les informations possibles pour vous mettre en position de force afin de le vendre le plus cher possible, voici les documents et les informations n\u00e9cessaires :<\/p>\n<ul>\n<li>Les r\u00e9novations effectu\u00e9es et les factures associ\u00e9es,<\/li>\n<li>les plans architecturaux,<\/li>\n<li>la liste des avantages environnementaux (commerces, \u00e9coles de proximit\u00e9&#8230;),<\/li>\n<li>Le d\u00e9veloppement \u00e9conomique r\u00e9gional.<\/li>\n<\/ul>\n<h2>Quelles sont les tendances du march\u00e9 immobilier \u00e0 Attalens ?<\/h2>\n<h3>\u00c9valuation du prix de vente des maisons \u00e0 Attalens<\/h3>\n<p class=\"estimates-house-range\">Les prix des maisons \u00e0 Attalens varient de CHF 1'328'887 \u00e0 CHF 1'628'453 en moyenne.<\/p>\n<h3>\u00c9valuation du prix de vente des appartements \u00e0 Attalens<\/h3>\n<p class=\"estimates-house-range\">Les prix des appartements \u00e0 Attalens varient de CHF 762'327 \u00e0 CHF 845'932 en moyenne.<\/p>\n<h3>Estimation du prix des terrains \u00e0 Attalens<\/h3>\n<p class=\"estimates-land\">Les prix moyens des terrains \u00e0 Attalens sont de CHF 813 \/ m\u00b2 (prix par m\u00e8tre carr\u00e9).<\/p>\n<h2>Questions fr\u00e9quentes sur l&rsquo;estimation immobili\u00e8re<\/h2>\n<h3>Quel est le tarif d&rsquo;une estimation immobili\u00e8re \u00e0 Attalens ?<\/h3>\n<p>A Attalens, cela peut fluctuer entre CHF 150 et CHF 1500. Cela va d\u00e9pendre de la nature de votre propri\u00e9t\u00e9 et de ses dimensions.<\/p>\n<p>Toutefois, avec notre outil d&rsquo;\u00e9valuation en ligne de notre soci\u00e9t\u00e9 Immobilierlocal, vous n&rsquo;aurez rien \u00e0 payer ! Notre instrument a \u00e9t\u00e9 \u00e9labor\u00e9 pendant de longues ann\u00e9es afin qu&rsquo;il soit le plus fiable et pr\u00e9cis possible. Il prend en compte l&rsquo;\u00e9tat du march\u00e9 actuel et des caract\u00e9ristiques de votre propri\u00e9t\u00e9.<\/p>\n<h3>Qui peut \u00e9valuer une propri\u00e9taire immobili\u00e8re \u00e0 Attalens ?<\/h3>\n<p>Pour une estimation immobili\u00e8re pr\u00e9cise, vous avez plusieurs options, vous pouvez faire appel \u00e0 un expert dans les estimations immobili\u00e8res, \u00e0 un architecte, \u00e0 un courtier en immobilier ou encore \u00e0 une banque.<\/p>\n<h3>Comment se d\u00e9roule l&rsquo;estimation d&rsquo;un bien \u00e0 Attalens ?<\/h3>\n<ol>\n<li>Dans un premier temps : l&rsquo;expert se rend chez vous pour r\u00e9aliser une visite compl\u00e8te de votre bien immobilier.<\/li>\n<li>Apr\u00e8s cela : il \u00e9tudie les textes en lien avec l&rsquo;achat et l&rsquo;entretien de votre demeure.<\/li>\n<li>Il proc\u00e8de \u00e0 une analyse compl\u00e8te de la situation immobili\u00e8re en confrontant votre bien aux autres biens actuellement disponibles et en \u00e9tudiant les prix des ventes effectu\u00e9es r\u00e9cemment \u00e0 Attalens.<\/li>\n<li>Et pour terminer, il vous donnera un rapport complet et une estimation fiable de la valeur de votre bien.<\/li>\n<\/ol>\n<h3>Comment faire \u00e9valuer un bien immobilier gratuitement \u00e0 Attalens ?<\/h3>\n<p>Utilisez le logiciel d&rsquo;\u00e9valuation totalement gratuit de notre soci\u00e9t\u00e9 Immobilierlocal ! Vous pouvez aussi faire appel \u00e0 nos sp\u00e9cialistes de l&rsquo;immobilier pour une estimation.<\/p>\n<h3>Quels crit\u00e8res influencent la valeur de mon bien \u00e0 Attalens ?<\/h3>\n<p>Il y a plusieurs crit\u00e8res qui influencent la valeur d&rsquo;une propri\u00e9t\u00e9 immobili\u00e8re \u00e0 Attalens. Voici une liste des crit\u00e8res les plus importants :<\/p>\n<ul>\n<li>Le tourisme,<\/li>\n<li>le d\u00e9veloppement \u00e9conomique de la ville,<\/li>\n<li>l\u2019offre et demande,<\/li>\n<li>la proximit\u00e9 des commodit\u00e9s.<\/li>\n<\/ul>\n<h3>De quelle fa\u00e7on augmenter la valeur de mon bien immobilier ?<\/h3>\n<p>Pour augmenter le prix de vente de votre bien immobilier, suivez ces conseils :<\/p>\n<ul>\n<li>Assurez-vous que votre bien soit impeccable.<\/li>\n<li>Assurez-vous de ranger la totalit\u00e9 de vos pi\u00e8ces et agencez l&rsquo;espace afin de permettre aux acqu\u00e9reurs de pouvoir se projeter.<\/li>\n<li>Accentuez les points forts de votre bien.<\/li>\n<li>Assurez-vous de valoriser le terrain si vous avez une maison.<\/li>\n<\/ul>\n<h3>Quelle attitude \u00e0 avoir vis-\u00e0-vis d\u2019un futur acheteur ?<\/h3>\n<ul>\n<li>Parlez-lui des diff\u00e9rents atouts de votre bien.<\/li>\n<li>R\u00e9pondez \u00e0 ses questions pr\u00e9cis\u00e9ment et honn\u00eatement.<\/li>\n<li>Soyez \u00e0 l&rsquo;\u00e9coute de l&rsquo;acheteur et ne cherchez pas \u00e0 le contredire.<\/li>\n<\/ul>\n<h3>Quels sont les documents \u00e0 avoir pour \u00e9valuer mon bien immobilier ?<\/h3>\n<ul>\n<li>Police assurance incendie compl\u00e8te<\/li>\n<li>Plan de niveau (si disponible)<\/li>\n<li>Travaux, factures (si disponible)<\/li>\n<li>Registre foncier (si disponible)<\/li>\n<li>Cadastre (si disponible)<\/li>\n<li>Descriptif de construction (si disponible)<\/li>\n<li>\u00c9ventuellement : plan d\u2019affectation et le r\u00e8glement de construction<\/li>\n<\/ul>\n<p>Pour les objets en PPE :<\/p>\n<ul>\n<li>Police assurance incendie compl\u00e8te de l\u2019immeuble (\u00e0 demander \u00e0 l\u2019administrateur)<\/li>\n<li>R\u00e8glement PPE<\/li>\n<li>Comptes PPE (3 derni\u00e8res ann\u00e9es)<\/li>\n<\/ul>\n<p>Estimation similaire dans les villes proches, comme : <br \/> Besencens, Fiaug\u00e8res, St-Martin FR, Granges (Veveyse), Bossonnens, Tatroz, Remaufens, Ch\u00e2tel-St-Denis, Les Paccots, Semsales, Grattavache, La Verrerie, Progens, Bouloz, Pont (Veveyse), Porsel.<\/p>\n","protected":false},"excerpt":{"rendered":"<p>B\u00e9n\u00e9ficiez d&rsquo;une appr\u00e9ciation en ligne gratuite et fiable \u00e0 Attalens. En cas de besoin, un expert se d\u00e9placera chez vous pour r\u00e9aliser une estimation plus pr\u00e9cise de votre propri\u00e9t\u00e9. Vendez ou achetez votre bien immobilier au meilleur prix, en toute simplicit\u00e9 avec Immobilierlocal. Derni\u00e8res estimations \u00e0 Attalens par secteur Estimation des prix des maisons \u00e0 [&hellip;]<\/p>\n","protected":false},"author":3,"featured_media":381,"parent":157,"menu_order":0,"comment_status":"closed","ping_status":"closed","template":"","meta":{"footnotes":""},"categories":[6],"profession":[],"location":[36],"canton":[],"class_list":["post-209","page","type-page","status-publish","has-post-thumbnail","hentry","category-estimation"],"yoast_head":"<!-- This site is optimized with the Yoast SEO Premium plugin v23.0 (Yoast SEO v27.4) - https:\/\/yoast.com\/product\/yoast-seo-premium-wordpress\/ -->\n<title>Estimation immobili\u00e8re \u00e0 Attalens avril 2026 gratuite &amp; rapide - Immobilierlocal<\/title>\n<meta name=\"description\" content=\"D\u00e9couvrez le Prix moyen au m\u00b2 \u00e0 Attalens en avril 2026 \u2705 Estimation gratuite de votre bien \u2705 Derni\u00e8res \u00e9volutions du march\u00e9.\" \/>\n<meta name=\"robots\" content=\"index, follow, max-snippet:-1, max-image-preview:large, max-video-preview:-1\" \/>\n<link rel=\"canonical\" href=\"https:\/\/www.immobilierlocal.ch\/c\/estimation-immobiliere-canton-fribourg\/estimation-immobiliere-a-attalens\/\" \/>\n<meta property=\"og:locale\" content=\"fr_FR\" \/>\n<meta property=\"og:type\" content=\"article\" \/>\n<meta property=\"og:title\" content=\"Estimation immobili\u00e8re \u00e0 Attalens avril 2026 gratuite &amp; rapide\" \/>\n<meta property=\"og:description\" content=\"D\u00e9couvrez le Prix moyen au m\u00b2 \u00e0 Attalens en avril 2026 \u2705 Estimation gratuite de votre bien \u2705 Derni\u00e8res \u00e9volutions du march\u00e9.\" \/>\n<meta property=\"og:url\" content=\"https:\/\/www.immobilierlocal.ch\/c\/estimation-immobiliere-canton-fribourg\/estimation-immobiliere-a-attalens\/\" \/>\n<meta property=\"og:site_name\" content=\"Immobilierlocal\" \/>\n<meta property=\"article:modified_time\" content=\"2024-08-05T18:19:40+00:00\" \/>\n<meta property=\"og:image\" content=\"https:\/\/www.immobilierlocal.ch\/c\/wp-content\/uploads\/2023\/10\/estimation-immobiliere-a-attalens-1-scaled.jpg\" \/>\n\t<meta property=\"og:image:width\" content=\"2560\" \/>\n\t<meta property=\"og:image:height\" content=\"817\" \/>\n\t<meta property=\"og:image:type\" content=\"image\/jpeg\" \/>\n<meta name=\"twitter:card\" content=\"summary_large_image\" \/>\n<meta name=\"twitter:label1\" content=\"Dur\u00e9e de lecture estim\u00e9e\" \/>\n\t<meta name=\"twitter:data1\" content=\"7 minutes\" \/>\n<script type=\"application\/ld+json\" class=\"yoast-schema-graph\">{\"@context\":\"https:\\\/\\\/schema.org\",\"@graph\":[{\"@type\":\"WebPage\",\"@id\":\"https:\\\/\\\/www.immobilierlocal.ch\\\/c\\\/estimation-immobiliere-canton-fribourg\\\/estimation-immobiliere-a-attalens\\\/\",\"url\":\"https:\\\/\\\/www.immobilierlocal.ch\\\/c\\\/estimation-immobiliere-canton-fribourg\\\/estimation-immobiliere-a-attalens\\\/\",\"name\":\"Estimation immobili\u00e8re \u00e0 Attalens - Immobilierlocal\",\"isPartOf\":{\"@id\":\"https:\\\/\\\/www.immobilierlocal.ch\\\/c\\\/#website\"},\"primaryImageOfPage\":{\"@id\":\"https:\\\/\\\/www.immobilierlocal.ch\\\/c\\\/estimation-immobiliere-canton-fribourg\\\/estimation-immobiliere-a-attalens\\\/#primaryimage\"},\"image\":{\"@id\":\"https:\\\/\\\/www.immobilierlocal.ch\\\/c\\\/estimation-immobiliere-canton-fribourg\\\/estimation-immobiliere-a-attalens\\\/#primaryimage\"},\"thumbnailUrl\":\"https:\\\/\\\/www.immobilierlocal.ch\\\/c\\\/wp-content\\\/uploads\\\/2023\\\/10\\\/estimation-immobiliere-a-attalens-1-scaled.jpg\",\"datePublished\":\"2023-10-19T08:33:49+00:00\",\"dateModified\":\"2024-08-05T18:19:40+00:00\",\"breadcrumb\":{\"@id\":\"https:\\\/\\\/www.immobilierlocal.ch\\\/c\\\/estimation-immobiliere-canton-fribourg\\\/estimation-immobiliere-a-attalens\\\/#breadcrumb\"},\"inLanguage\":\"fr-FR\",\"potentialAction\":[{\"@type\":\"ReadAction\",\"target\":[\"https:\\\/\\\/www.immobilierlocal.ch\\\/c\\\/estimation-immobiliere-canton-fribourg\\\/estimation-immobiliere-a-attalens\\\/\"]}]},{\"@type\":\"ImageObject\",\"inLanguage\":\"fr-FR\",\"@id\":\"https:\\\/\\\/www.immobilierlocal.ch\\\/c\\\/estimation-immobiliere-canton-fribourg\\\/estimation-immobiliere-a-attalens\\\/#primaryimage\",\"url\":\"https:\\\/\\\/www.immobilierlocal.ch\\\/c\\\/wp-content\\\/uploads\\\/2023\\\/10\\\/estimation-immobiliere-a-attalens-1-scaled.jpg\",\"contentUrl\":\"https:\\\/\\\/www.immobilierlocal.ch\\\/c\\\/wp-content\\\/uploads\\\/2023\\\/10\\\/estimation-immobiliere-a-attalens-1-scaled.jpg\",\"width\":2560,\"height\":817,\"caption\":\"Estimation immobili\u00e8re \u00e0 Attalens\"},{\"@type\":\"BreadcrumbList\",\"@id\":\"https:\\\/\\\/www.immobilierlocal.ch\\\/c\\\/estimation-immobiliere-canton-fribourg\\\/estimation-immobiliere-a-attalens\\\/#breadcrumb\",\"itemListElement\":[{\"@type\":\"ListItem\",\"position\":1,\"name\":\"Accueil\",\"item\":\"https:\\\/\\\/www.immobilierlocal.ch\\\/c\\\/\"},{\"@type\":\"ListItem\",\"position\":2,\"name\":\"Estimation immobili\u00e8re dans le canton de Fribourg\",\"item\":\"https:\\\/\\\/www.immobilierlocal.ch\\\/c\\\/estimation-immobiliere-canton-fribourg\\\/\"},{\"@type\":\"ListItem\",\"position\":3,\"name\":\"Estimation immobili\u00e8re \u00e0 Attalens\"}]},{\"@type\":\"WebSite\",\"@id\":\"https:\\\/\\\/www.immobilierlocal.ch\\\/c\\\/#website\",\"url\":\"https:\\\/\\\/www.immobilierlocal.ch\\\/c\\\/\",\"name\":\"Immobilierlocal\",\"description\":\"\",\"publisher\":{\"@id\":\"https:\\\/\\\/www.immobilierlocal.ch\\\/c\\\/#organization\"},\"potentialAction\":[{\"@type\":\"SearchAction\",\"target\":{\"@type\":\"EntryPoint\",\"urlTemplate\":\"https:\\\/\\\/www.immobilierlocal.ch\\\/c\\\/?s={search_term_string}\"},\"query-input\":{\"@type\":\"PropertyValueSpecification\",\"valueRequired\":true,\"valueName\":\"search_term_string\"}}],\"inLanguage\":\"fr-FR\"},{\"@type\":\"Organization\",\"@id\":\"https:\\\/\\\/www.immobilierlocal.ch\\\/c\\\/#organization\",\"name\":\"Immobilierlocal\",\"url\":\"https:\\\/\\\/www.immobilierlocal.ch\\\/c\\\/\",\"logo\":{\"@type\":\"ImageObject\",\"inLanguage\":\"fr-FR\",\"@id\":\"https:\\\/\\\/www.immobilierlocal.ch\\\/c\\\/#\\\/schema\\\/logo\\\/image\\\/\",\"url\":\"https:\\\/\\\/www.immobilierlocal.ch\\\/c\\\/wp-content\\\/uploads\\\/2023\\\/10\\\/logo-immobilierlocal-h.svg\",\"contentUrl\":\"https:\\\/\\\/www.immobilierlocal.ch\\\/c\\\/wp-content\\\/uploads\\\/2023\\\/10\\\/logo-immobilierlocal-h.svg\",\"caption\":\"Immobilierlocal\"},\"image\":{\"@id\":\"https:\\\/\\\/www.immobilierlocal.ch\\\/c\\\/#\\\/schema\\\/logo\\\/image\\\/\"}}]}<\/script>\n<!-- \/ Yoast SEO Premium plugin. -->","yoast_head_json":{"title":"Estimation immobili\u00e8re \u00e0 Attalens avril 2026 gratuite & rapide - Immobilierlocal","description":"D\u00e9couvrez le Prix moyen au m\u00b2 \u00e0 Attalens en avril 2026 \u2705 Estimation gratuite de votre bien \u2705 Derni\u00e8res \u00e9volutions du march\u00e9.","robots":{"index":"index","follow":"follow","max-snippet":"max-snippet:-1","max-image-preview":"max-image-preview:large","max-video-preview":"max-video-preview:-1"},"canonical":"https:\/\/www.immobilierlocal.ch\/c\/estimation-immobiliere-canton-fribourg\/estimation-immobiliere-a-attalens\/","og_locale":"fr_FR","og_type":"article","og_title":"Estimation immobili\u00e8re \u00e0 Attalens avril 2026 gratuite & rapide","og_description":"D\u00e9couvrez le Prix moyen au m\u00b2 \u00e0 Attalens en avril 2026 \u2705 Estimation gratuite de votre bien \u2705 Derni\u00e8res \u00e9volutions du march\u00e9.","og_url":"https:\/\/www.immobilierlocal.ch\/c\/estimation-immobiliere-canton-fribourg\/estimation-immobiliere-a-attalens\/","og_site_name":"Immobilierlocal","article_modified_time":"2024-08-05T18:19:40+00:00","og_image":[{"width":2560,"height":817,"url":"https:\/\/www.immobilierlocal.ch\/c\/wp-content\/uploads\/2023\/10\/estimation-immobiliere-a-attalens-1-scaled.jpg","type":"image\/jpeg"}],"twitter_card":"summary_large_image","twitter_misc":{"Dur\u00e9e de lecture estim\u00e9e":"7 minutes"},"schema":{"@context":"https:\/\/schema.org","@graph":[{"@type":"WebPage","@id":"https:\/\/www.immobilierlocal.ch\/c\/estimation-immobiliere-canton-fribourg\/estimation-immobiliere-a-attalens\/","url":"https:\/\/www.immobilierlocal.ch\/c\/estimation-immobiliere-canton-fribourg\/estimation-immobiliere-a-attalens\/","name":"Estimation immobili\u00e8re \u00e0 Attalens - Immobilierlocal","isPartOf":{"@id":"https:\/\/www.immobilierlocal.ch\/c\/#website"},"primaryImageOfPage":{"@id":"https:\/\/www.immobilierlocal.ch\/c\/estimation-immobiliere-canton-fribourg\/estimation-immobiliere-a-attalens\/#primaryimage"},"image":{"@id":"https:\/\/www.immobilierlocal.ch\/c\/estimation-immobiliere-canton-fribourg\/estimation-immobiliere-a-attalens\/#primaryimage"},"thumbnailUrl":"https:\/\/www.immobilierlocal.ch\/c\/wp-content\/uploads\/2023\/10\/estimation-immobiliere-a-attalens-1-scaled.jpg","datePublished":"2023-10-19T08:33:49+00:00","dateModified":"2024-08-05T18:19:40+00:00","breadcrumb":{"@id":"https:\/\/www.immobilierlocal.ch\/c\/estimation-immobiliere-canton-fribourg\/estimation-immobiliere-a-attalens\/#breadcrumb"},"inLanguage":"fr-FR","potentialAction":[{"@type":"ReadAction","target":["https:\/\/www.immobilierlocal.ch\/c\/estimation-immobiliere-canton-fribourg\/estimation-immobiliere-a-attalens\/"]}]},{"@type":"ImageObject","inLanguage":"fr-FR","@id":"https:\/\/www.immobilierlocal.ch\/c\/estimation-immobiliere-canton-fribourg\/estimation-immobiliere-a-attalens\/#primaryimage","url":"https:\/\/www.immobilierlocal.ch\/c\/wp-content\/uploads\/2023\/10\/estimation-immobiliere-a-attalens-1-scaled.jpg","contentUrl":"https:\/\/www.immobilierlocal.ch\/c\/wp-content\/uploads\/2023\/10\/estimation-immobiliere-a-attalens-1-scaled.jpg","width":2560,"height":817,"caption":"Estimation immobili\u00e8re \u00e0 Attalens"},{"@type":"BreadcrumbList","@id":"https:\/\/www.immobilierlocal.ch\/c\/estimation-immobiliere-canton-fribourg\/estimation-immobiliere-a-attalens\/#breadcrumb","itemListElement":[{"@type":"ListItem","position":1,"name":"Accueil","item":"https:\/\/www.immobilierlocal.ch\/c\/"},{"@type":"ListItem","position":2,"name":"Estimation immobili\u00e8re dans le canton de Fribourg","item":"https:\/\/www.immobilierlocal.ch\/c\/estimation-immobiliere-canton-fribourg\/"},{"@type":"ListItem","position":3,"name":"Estimation immobili\u00e8re \u00e0 Attalens"}]},{"@type":"WebSite","@id":"https:\/\/www.immobilierlocal.ch\/c\/#website","url":"https:\/\/www.immobilierlocal.ch\/c\/","name":"Immobilierlocal","description":"","publisher":{"@id":"https:\/\/www.immobilierlocal.ch\/c\/#organization"},"potentialAction":[{"@type":"SearchAction","target":{"@type":"EntryPoint","urlTemplate":"https:\/\/www.immobilierlocal.ch\/c\/?s={search_term_string}"},"query-input":{"@type":"PropertyValueSpecification","valueRequired":true,"valueName":"search_term_string"}}],"inLanguage":"fr-FR"},{"@type":"Organization","@id":"https:\/\/www.immobilierlocal.ch\/c\/#organization","name":"Immobilierlocal","url":"https:\/\/www.immobilierlocal.ch\/c\/","logo":{"@type":"ImageObject","inLanguage":"fr-FR","@id":"https:\/\/www.immobilierlocal.ch\/c\/#\/schema\/logo\/image\/","url":"https:\/\/www.immobilierlocal.ch\/c\/wp-content\/uploads\/2023\/10\/logo-immobilierlocal-h.svg","contentUrl":"https:\/\/www.immobilierlocal.ch\/c\/wp-content\/uploads\/2023\/10\/logo-immobilierlocal-h.svg","caption":"Immobilierlocal"},"image":{"@id":"https:\/\/www.immobilierlocal.ch\/c\/#\/schema\/logo\/image\/"}}]}},"_links":{"self":[{"href":"https:\/\/www.immobilierlocal.ch\/c\/wp-json\/wp\/v2\/pages\/209","targetHints":{"allow":["GET"]}}],"collection":[{"href":"https:\/\/www.immobilierlocal.ch\/c\/wp-json\/wp\/v2\/pages"}],"about":[{"href":"https:\/\/www.immobilierlocal.ch\/c\/wp-json\/wp\/v2\/types\/page"}],"author":[{"embeddable":true,"href":"https:\/\/www.immobilierlocal.ch\/c\/wp-json\/wp\/v2\/users\/3"}],"replies":[{"embeddable":true,"href":"https:\/\/www.immobilierlocal.ch\/c\/wp-json\/wp\/v2\/comments?post=209"}],"version-history":[{"count":0,"href":"https:\/\/www.immobilierlocal.ch\/c\/wp-json\/wp\/v2\/pages\/209\/revisions"}],"up":[{"embeddable":true,"href":"https:\/\/www.immobilierlocal.ch\/c\/wp-json\/wp\/v2\/pages\/157"}],"wp:featuredmedia":[{"embeddable":true,"href":"https:\/\/www.immobilierlocal.ch\/c\/wp-json\/wp\/v2\/media\/381"}],"wp:attachment":[{"href":"https:\/\/www.immobilierlocal.ch\/c\/wp-json\/wp\/v2\/media?parent=209"}],"wp:term":[{"taxonomy":"category","embeddable":true,"href":"https:\/\/www.immobilierlocal.ch\/c\/wp-json\/wp\/v2\/categories?post=209"},{"taxonomy":"profession","embeddable":true,"href":"https:\/\/www.immobilierlocal.ch\/c\/wp-json\/wp\/v2\/profession?post=209"},{"taxonomy":"location","embeddable":true,"href":"https:\/\/www.immobilierlocal.ch\/c\/wp-json\/wp\/v2\/location?post=209"},{"taxonomy":"canton","embeddable":true,"href":"https:\/\/www.immobilierlocal.ch\/c\/wp-json\/wp\/v2\/canton?post=209"}],"curies":[{"name":"wp","href":"https:\/\/api.w.org\/{rel}","templated":true}]}}