
{"id":201,"date":"2023-10-19T10:33:49","date_gmt":"2023-10-19T08:33:49","guid":{"rendered":"https:\/\/immobilierlocal.ch\/c\/201-2\/"},"modified":"2024-08-05T20:28:28","modified_gmt":"2024-08-05T18:28:28","slug":"estimation-immobiliere-a-oron","status":"publish","type":"page","link":"https:\/\/www.immobilierlocal.ch\/c\/estimation-immobiliere-canton-vaud\/estimation-immobiliere-a-oron\/","title":{"rendered":"Estimation immobili\u00e8re \u00e0 Oron-la-Ville"},"content":{"rendered":"<p>Profitez d&rsquo;une \u00e9valuation en ligne gratuite et fiable \u00e0 Oron-la-Ville. Si n\u00e9cessaire, un sp\u00e9cialiste viendra sur place pour effectuer une \u00e9valuation plus pr\u00e9cise de votre bien. Mettez en vente ou acqu\u00e9rez votre bien immobilier \u00e0 un tarif imbattable, en toute confiance avec Immobilierlocal.<\/p>\n\n<h2>Derni\u00e8res estimations \u00e0 Oron-la-Ville par secteur<\/h2>\n<div class=\"estimates-lastest\"><ul><li>Pour un appartement 5 pi\u00e8ces \u00e0 Oron-la-Ville, surface pond\u00e9r\u00e9e (m\u00b2) : 95, orientation Sud-Est\/Ouest, avec balcon, transports fr\u00e9quence limit\u00e9e, sans parking, commodit\u00e9s et \u00e9coles limit\u00e9es, situation ordinaire, CHF 5'848 \/ m\u00b2<\/li><li>Pour un appartement 5 pi\u00e8ces \u00e0 Oron-la-Ville, surface pond\u00e9r\u00e9e (m\u00b2) : 105, orientation Ouest, avec balcon, transports fr\u00e9quence limit\u00e9e, avec parking, commodit\u00e9s et \u00e9coles limit\u00e9es, situation ordinaire, CHF 6'571 \/ m\u00b2<\/li><li>Pour un appartement 5.5 pi\u00e8ces \u00e0 Oron-la-Ville, surface pond\u00e9r\u00e9e (m\u00b2) : 95, orientation Sud-Est\/Ouest, avec balcon, transports fr\u00e9quence limit\u00e9e, avec parking, commodit\u00e9s et \u00e9coles limit\u00e9es, situation ordinaire, CHF 6'181 \/ m\u00b2<\/li><\/ul><\/div>\n<h2>Evaluation des prix des maisons \u00e0 Oron-la-Ville selon le nombre de pi\u00e8ces<\/h2>\n<div class=\"estimates-room\"><ul><li>Pour une maison 6 pi\u00e8ces \u00e0 Oron-la-Ville, volume (m\u00b3) : 1057.5 et terrain (m\u00b2) : 1100, transports fr\u00e9quence limit\u00e9e, commodit\u00e9s et \u00e9coles limit\u00e9es, situation ordinaire, CHF 7'551 \/ m\u00b2<\/li><li>Pour une maison 5.5 pi\u00e8ces \u00e0 Oron-la-Ville, volume (m\u00b3) : 720 et terrain (m\u00b2) : 650, transports fr\u00e9quence limit\u00e9e, commodit\u00e9s et \u00e9coles limit\u00e9es, situation ordinaire, CHF 7'004 \/ m\u00b2<\/li><li>Pour une maison 5.5 pi\u00e8ces \u00e0 Oron-la-Ville, volume (m\u00b3) : 720 et terrain (m\u00b2) : 350, transports fr\u00e9quence limit\u00e9e, commodit\u00e9s et \u00e9coles limit\u00e9es, situation ordinaire, CHF 5'948 \/ m\u00b2<\/li><\/ul><\/div><div class=\"iframe-text\">Estimer maintenant votre bien immobilier<\/div><iframe id=\"estimer\" src=\"https:\/\/www.immobilierlocal.ch\/estimer?iframe=1\" frameborder=\"0\" loading=\"lazy\" width=\"100%\" height=\"1000\" style=\"overflow-x:hidden;\" referrerpolicy=\"no-referrer-when-downgrade\" title=\"Estimation immobili\u00e8re\"><\/iframe>\n<h2>Comment savoir la valeur de son bien immobilier \u00e0 Oron-la-Ville ?<\/h2>\n<h3>1. \u00c9valuation gratuite de votre maison \u00e0 Oron-la-Ville en ligne avec notre agence Immobilierlocal<\/h3>\n<p>Profitez de notre outil d&rsquo;estimation en ligne afin de savoir la valeur de votre propri\u00e9t\u00e9 en moins de 5 minutes.<\/p>\n<p>Vous devez nous fournir votre adresse et les d\u00e9tails de votre propri\u00e9t\u00e9, comme :<\/p>\n<ul>\n<li>La situation (environnement, vue et transports).<\/li>\n<li>L&rsquo;orientation.<\/li>\n<li>Le nombre de pi\u00e8ces.<\/li>\n<li>La surface habitable ou le volume.<\/li>\n<li>La surface du terrain.<\/li>\n<li>L\u2019ann\u00e9e de construction.<\/li>\n<li>L&rsquo;\u00e9tat global de votre bien.<\/li>\n<li>L\u2019ann\u00e9e et le co\u00fbt des derni\u00e8res r\u00e9novations, des plus-values et\/ou des am\u00e9nagements.<\/li>\n<\/ul>\n<h3>2. Estimation gratuite de votre appartement \u00e0 Oron-la-Ville sur internet avec Immobilierlocal<\/h3>\n<p>Pour obtenir la valeur immobili\u00e8re de votre logement \u00e0 Oron-la-Ville, utilisez notre outil en ligne d&rsquo;estimation immobili\u00e8re. En quelques minutes vous aurez connaissance du prix de vente de votre bien.<\/p>\n<p>Pour obtenir la meilleure \u00e9valuation, vous devez fournir les \u00e9l\u00e9ments de votre appartement, apr\u00e8s avoir indiqu\u00e9 votre adresse, comme :<\/p>\n<ul>\n<li>L&rsquo;environnement de votre appartement.<\/li>\n<li>L\u2019orientation.<\/li>\n<li>Le nombre de pi\u00e8ces.<\/li>\n<li>Les surfaces (habitable, balcon et cave).<\/li>\n<li>Parking int\u00e9rieur et\/ou ext\u00e9rieur.<\/li>\n<li>Date de construction.<\/li>\n<li>L\u2019\u00e9tat g\u00e9n\u00e9ral.<\/li>\n<li>Les diff\u00e9rentes r\u00e9novations effectu\u00e9es.<\/li>\n<li>Le montant du \u00abfonds de r\u00e9novation PPE\u00bb.<\/li>\n<\/ul>\n<h3>3. Faire \u00e9valuer sa maison ou son appartement par un agent immobilier \u00e0 Oron-la-Ville<\/h3>\n<p>Nous poss\u00e9dons diff\u00e9rents agents immobiliers \u00e0 Oron-la-Ville qui se d\u00e9placent \u00e0 votre domicile pour visiter votre maison avant de r\u00e9aliser une estimation de votre maison. Il \u00e9tudiera aussi certains documents tels que les plans d&rsquo;architecte ou le registre foncier afin de vous donner une \u00e9valuation la plus compl\u00e8te possible.<\/p>\n<p>Pour r\u00e9aliser notre estimation, nous prenons \u00e9galement en compte le march\u00e9 immobilier actuel \u00e0 Oron-la-Ville. Nous vous procurerons certains conseils int\u00e9ressants afin de valoriser au mieux votre bien \u00e0 Oron-la-Ville.<\/p>\n<p>Faites confiance \u00e0 Immobilierlocal et obtenez tout de suite une estimation de la valeur de votre bien immobilier.<\/p>\n<h3>4. Comparer son bien avec les autres biens similaires \u00e0 Oron-la-Ville, est-ce important ?<\/h3>\n<p>Oui, il est int\u00e9ressant d\u2019analyser les biens semblables, comparer votre bien avec les annonces immobili\u00e8res \u00e0 Oron-la-Ville vous apporte des donn\u00e9es sur la valorisation de votre maison ou appartement.<\/p>\n<h2>Comment vendre son bien immobilier au meilleur prix \u00e0 Oron-la-Ville ?<\/h2>\n<p>Pour vendre facilement votre bien immobilier, faites confiance \u00e0 Immobilierlocal !<\/p>\n<h3>1. Pourquoi contacter un sp\u00e9cialiste comme Immobilierlocal ?<\/h3>\n<p>Immobilierlocal vous met en relation avec un expert dans le secteur de Oron-la-Ville.<\/p>\n<h3>2. Obtenez une \u00e9valuation pr\u00e9cise et qui prend en compte la situation immobili\u00e8re actuelle<\/h3>\n<p>Immobilierlocal et ses partenaires recensent les prix des biens similaires pr\u00e9sents actuellement sur le march\u00e9 ainsi que ceux qui ont \u00e9t\u00e9 r\u00e9cemment vendus, afin de vous proposer le prix de vente le meilleur prix de vente.<\/p>\n<h3>3. Mettez en valeur votre propri\u00e9t\u00e9<\/h3>\n<p>L&rsquo;agence Immobilierlocal et ses collaborateurs effectuent des s\u00e9ances photo pour sublimer votre propri\u00e9t\u00e9.<\/p>\n<h3>4. Augmenter la visibilit\u00e9 de votre bien et le nombre de potentiels acqu\u00e9reurs sur internet<\/h3>\n<p>Afin que le plus d&rsquo;acqu\u00e9reurs potentiels puisse observer votre bien, nous diffusons votre annonce sur l&rsquo;ensemble de nos sites internet ainsi que ceux de nos partenaires.<\/p>\n<h3>5. Choisissez la meilleure offre<\/h3>\n<p>Nous trions l&rsquo;ensemble des offres qui nous parviennent dans le but de vous pr\u00e9senter uniquement celles qui pourraient vous int\u00e9resser.<\/p>\n<h3>6. \u00catre en position de force lors des n\u00e9gociations<\/h3>\n<p>Notre sp\u00e9cialiste recense l&rsquo;ensemble des documents et informations possibles pour mettre votre bien en avant afin de le vendre au meilleur prix, voici la liste des documents n\u00e9cessaires :<\/p>\n<ul>\n<li>Les r\u00e9novations effectu\u00e9es et les factures associ\u00e9es,<\/li>\n<li>les plans architecturaux,<\/li>\n<li>les avantages environnementaux,<\/li>\n<li>Le d\u00e9veloppement \u00e9conomique r\u00e9gional.<\/li>\n<\/ul>\n<h2>Quelles sont les tendances du march\u00e9 immobilier \u00e0 Oron-la-Ville ?<\/h2>\n<h3>\u00c9valuation du prix de vente des maisons \u00e0 Oron-la-Ville<\/h3>\n<p class=\"estimates-house-range\">Les prix des maisons \u00e0 Oron-la-Ville varient de CHF 951'607 \u00e0 CHF 1'774'535 en moyenne.<\/p>\n<h3>\u00c9valuation du prix des appartements \u00e0 Oron-la-Ville<\/h3>\n<p class=\"estimates-house-range\">Les prix des appartements \u00e0 Oron-la-Ville varient de CHF 583'656 \u00e0 CHF 722'760 en moyenne.<\/p>\n<h3>\u00c9valuation du prix de vente des terrains \u00e0 Oron-la-Ville<\/h3>\n<p class=\"estimates-land\">Les prix moyens des terrains \u00e0 Oron-la-Ville sont de CHF 662 \/ m\u00b2 (prix par m\u00e8tre carr\u00e9).<\/p>\n<h2>Questions fr\u00e9quentes sur l&rsquo;estimation immobili\u00e8re<\/h2>\n<h3>Combien co\u00fbte une \u00e9valuation immobili\u00e8re \u00e0 Oron-la-Ville ?<\/h3>\n<p>Le tarif d&rsquo;une estimation immobili\u00e8re \u00e0 Oron-la-Ville varie selon la nature du bien. Que vous vendiez un logement de luxe ou une maison plus classique, les co\u00fbts peuvent osciller entre CHF 150 \u00e0 CHF 1&rsquo;500.<\/p>\n<p>Toutefois, avec notre outil d&rsquo;estimation en ligne de notre soci\u00e9t\u00e9 Immobilierlocal, vous n&rsquo;avez rien \u00e0 d\u00e9bourser ! Notre instrument a \u00e9t\u00e9 confectionn\u00e9 durant de longues ann\u00e9es pour qu&rsquo;il soit le plus fiable et pr\u00e9cis possible. Il prend en compte l&rsquo;\u00e9tat du march\u00e9 actuel et des caract\u00e9ristiques de votre propri\u00e9t\u00e9.<\/p>\n<h3>Qui peut estimer un bien immobilier \u00e0 Oron-la-Ville ?<\/h3>\n<p>Si vous voulez avoir une estimation plus pr\u00e9cise, il faudra faire appel \u00e0 un sp\u00e9cialiste qui se d\u00e9place chez vous pour examiner votre logement. Cette personne peut \u00eatre un agent immobilier, un architecte ou vous pouvez aussi en discuter avec votre banque.<\/p>\n<h3>Comment un agent immobilier estime un bien \u00e0 Oron-la-Ville ?<\/h3>\n<ol>\n<li>Pour la premi\u00e8re \u00e9tape, un agent se rend \u00e0 votre domicile afin d&rsquo;effectuer une visite approfondie du bien en vente.<\/li>\n<li>Ensuite : il regarde les textes en lien avec l&rsquo;achat et l&rsquo;entretien de votre bien.<\/li>\n<li>Il proc\u00e8de \u00e0 une analyse compl\u00e8te du march\u00e9 immobilier en confrontant votre propri\u00e9t\u00e9 aux autres biens actuellement en vente et en \u00e9tudiant les prix des ventes pass\u00e9es \u00e0 Oron-la-Ville.<\/li>\n<li>Derni\u00e8rement, il vous donnera un rapport complet et une \u00e9valuation fiable de la valeur de votre propri\u00e9t\u00e9 immobili\u00e8re.<\/li>\n<\/ol>\n<h3>Comment faire \u00e9valuer une propri\u00e9t\u00e9 immobili\u00e8re gratuitement \u00e0 Oron-la-Ville ?<\/h3>\n<p>B\u00e9n\u00e9ficiez d&rsquo;une \u00e9valuation gratuite et d\u00e9taill\u00e9e en quelques minutes gr\u00e2ce \u00e0 l&rsquo;outil d&rsquo;estimation Immobilierlocal, ou prenez contact avec l&rsquo;un de nos agents immobiliers pour avoir une \u00e9valuation gratuite de votre propri\u00e9t\u00e9, sans aucun engagement.<\/p>\n<h3>Quels sont les divers crit\u00e8res qui peuvent faire \u00e9voluer le prix de vente de ma propri\u00e9t\u00e9 \u00e0 Oron-la-Ville ?<\/h3>\n<p>La valeur de vente d&rsquo;un bien immobilier d\u00e9pend forc\u00e9ment de plusieurs param\u00e8tres, qui peuvent fluctuer dans le temps. Voici une liste des principaux param\u00e8tres pouvant faire \u00e9voluer le march\u00e9 immobilier \u00e0 Oron-la-Ville :<\/p>\n<ul>\n<li>l&rsquo;attrait touristique de la ville,<\/li>\n<li>le d\u00e9veloppement \u00e9conomique de la ville,<\/li>\n<li>Le nombre d&rsquo;offres et de demandes,<\/li>\n<li>la proximit\u00e9 des commodit\u00e9s.<\/li>\n<\/ul>\n<h3>Comment accro\u00eetre la valeur de ma maison et de mon appartement ?<\/h3>\n<p>Pour faire \u00e9voluer le prix de vente de votre bien immobilier, suivez ces conseils :<\/p>\n<ul>\n<li>Assurez-vous que votre bien soit impeccable.<\/li>\n<li>Assurez-vous de ranger l&rsquo;ensemble de vos pi\u00e8ces et agencez l&rsquo;espace pour permettre aux acheteurs de se projeter facilement.<\/li>\n<li>Mettez en avant les atouts de votre habitation.<\/li>\n<li>Si vous poss\u00e9dez une maison, valoriser le terrain.<\/li>\n<\/ul>\n<h3>Quelle conduite \u00e0 avoir vis-\u00e0-vis d\u2019un potentiel acqu\u00e9reur ?<\/h3>\n<ul>\n<li>Parlez-lui des diff\u00e9rentes forces de votre bien.<\/li>\n<li>R\u00e9pondez aux interrogations sans divulguer de fausses indications.<\/li>\n<li>Soyez \u00e0 l&rsquo;\u00e9coute de l&rsquo;acheteur et ne cherchez pas \u00e0 le contredire.<\/li>\n<\/ul>\n<h3>Quels sont les documents \u00e0 poss\u00e9der pour estimer ma propri\u00e9t\u00e9 immobili\u00e8re ?<\/h3>\n<ul>\n<li>Police assurance incendie compl\u00e8te<\/li>\n<li>Plan de niveau (si disponible)<\/li>\n<li>Travaux, factures (si disponible)<\/li>\n<li>Registre foncier (si disponible)<\/li>\n<li>Cadastre (si disponible)<\/li>\n<li>Descriptif de construction (si disponible)<\/li>\n<li>\u00c9ventuellement : plan d\u2019affectation et le r\u00e8glement de construction<\/li>\n<\/ul>\n<p>Pour les objets en PPE :<\/p>\n<ul>\n<li>Police assurance incendie compl\u00e8te de l\u2019immeuble (\u00e0 demander \u00e0 l\u2019administrateur)<\/li>\n<li>R\u00e8glement PPE<\/li>\n<li>Comptes PPE (3 derni\u00e8res ann\u00e9es)<\/li>\n<\/ul>\n<p>Estimation similaire dans les villes proches, comme : <br \/> Peney-le-Jorat, Forel (Lavaux), Mollie-Margot, Savigny, Ferlens VD, Servion, Essertes, Les Cullayes, Montpreveyres, Corcelles-le-Jorat, M\u00e9zi\u00e8res VD, Carrouge VD, Vulliens, Ropraz, Les Tavernes, Les Thioleyres, Pal\u00e9zieux, Pal\u00e9zieux-Village, Oron-le-Ch\u00e2tel, Chapelle (Gl\u00e2ne), Bussigny-sur-Oron, Chesalles-sur-Oron, Ch\u00e2tillens, Vuibroye, Le Cr\u00eat-pr\u00e8s-Semsales, Ecoteaux, Maracon.<\/p>\n","protected":false},"excerpt":{"rendered":"<p>Profitez d&rsquo;une \u00e9valuation en ligne gratuite et fiable \u00e0 Oron-la-Ville. Si n\u00e9cessaire, un sp\u00e9cialiste viendra sur place pour effectuer une \u00e9valuation plus pr\u00e9cise de votre bien. Mettez en vente ou acqu\u00e9rez votre bien immobilier \u00e0 un tarif imbattable, en toute confiance avec Immobilierlocal. Derni\u00e8res estimations \u00e0 Oron-la-Ville par secteur Evaluation des prix des maisons \u00e0 [&hellip;]<\/p>\n","protected":false},"author":3,"featured_media":374,"parent":149,"menu_order":0,"comment_status":"closed","ping_status":"open","template":"","meta":{"footnotes":""},"categories":[6],"profession":[],"location":[29],"canton":[],"class_list":["post-201","page","type-page","status-publish","has-post-thumbnail","hentry","category-estimation"],"yoast_head":"<!-- This site is optimized with the Yoast SEO Premium plugin v23.0 (Yoast SEO v27.3) - https:\/\/yoast.com\/product\/yoast-seo-premium-wordpress\/ -->\n<title>Estimation immobili\u00e8re \u00e0 Oron-la-Ville avril 2026 gratuite &amp; rapide - Immobilierlocal<\/title>\n<meta name=\"description\" content=\"D\u00e9couvrez le Prix moyen au m\u00b2 \u00e0 Oron-la-Ville en avril 2026 \u2705 Estimation gratuite de votre bien \u2705 Derni\u00e8res \u00e9volutions du march\u00e9.\" \/>\n<meta name=\"robots\" content=\"index, follow, max-snippet:-1, max-image-preview:large, max-video-preview:-1\" \/>\n<link rel=\"canonical\" href=\"https:\/\/www.immobilierlocal.ch\/c\/estimation-immobiliere-canton-vaud\/estimation-immobiliere-a-oron\/\" \/>\n<meta property=\"og:locale\" content=\"fr_FR\" \/>\n<meta property=\"og:type\" content=\"article\" \/>\n<meta property=\"og:title\" content=\"Estimation immobili\u00e8re \u00e0 Oron-la-Ville avril 2026 gratuite &amp; rapide\" \/>\n<meta property=\"og:description\" content=\"D\u00e9couvrez le Prix moyen au m\u00b2 \u00e0 Oron-la-Ville en avril 2026 \u2705 Estimation gratuite de votre bien \u2705 Derni\u00e8res \u00e9volutions du march\u00e9.\" \/>\n<meta property=\"og:url\" content=\"https:\/\/www.immobilierlocal.ch\/c\/estimation-immobiliere-canton-vaud\/estimation-immobiliere-a-oron\/\" \/>\n<meta property=\"og:site_name\" content=\"Immobilierlocal\" \/>\n<meta property=\"article:modified_time\" content=\"2024-08-05T18:28:28+00:00\" \/>\n<meta property=\"og:image\" content=\"https:\/\/www.immobilierlocal.ch\/c\/wp-content\/uploads\/2023\/10\/estimation-immobiliere-a-oron-1-scaled.jpg\" \/>\n\t<meta property=\"og:image:width\" content=\"2560\" \/>\n\t<meta property=\"og:image:height\" content=\"817\" \/>\n\t<meta property=\"og:image:type\" content=\"image\/jpeg\" \/>\n<meta name=\"twitter:card\" content=\"summary_large_image\" \/>\n<meta name=\"twitter:label1\" content=\"Dur\u00e9e de lecture estim\u00e9e\" \/>\n\t<meta name=\"twitter:data1\" content=\"7 minutes\" \/>\n<script type=\"application\/ld+json\" class=\"yoast-schema-graph\">{\"@context\":\"https:\\\/\\\/schema.org\",\"@graph\":[{\"@type\":\"WebPage\",\"@id\":\"https:\\\/\\\/www.immobilierlocal.ch\\\/c\\\/estimation-immobiliere-canton-vaud\\\/estimation-immobiliere-a-oron\\\/\",\"url\":\"https:\\\/\\\/www.immobilierlocal.ch\\\/c\\\/estimation-immobiliere-canton-vaud\\\/estimation-immobiliere-a-oron\\\/\",\"name\":\"Estimation immobili\u00e8re \u00e0 Oron-la-Ville - Immobilierlocal\",\"isPartOf\":{\"@id\":\"https:\\\/\\\/www.immobilierlocal.ch\\\/c\\\/#website\"},\"primaryImageOfPage\":{\"@id\":\"https:\\\/\\\/www.immobilierlocal.ch\\\/c\\\/estimation-immobiliere-canton-vaud\\\/estimation-immobiliere-a-oron\\\/#primaryimage\"},\"image\":{\"@id\":\"https:\\\/\\\/www.immobilierlocal.ch\\\/c\\\/estimation-immobiliere-canton-vaud\\\/estimation-immobiliere-a-oron\\\/#primaryimage\"},\"thumbnailUrl\":\"https:\\\/\\\/www.immobilierlocal.ch\\\/c\\\/wp-content\\\/uploads\\\/2023\\\/10\\\/estimation-immobiliere-a-oron-1-scaled.jpg\",\"datePublished\":\"2023-10-19T08:33:49+00:00\",\"dateModified\":\"2024-08-05T18:28:28+00:00\",\"breadcrumb\":{\"@id\":\"https:\\\/\\\/www.immobilierlocal.ch\\\/c\\\/estimation-immobiliere-canton-vaud\\\/estimation-immobiliere-a-oron\\\/#breadcrumb\"},\"inLanguage\":\"fr-FR\",\"potentialAction\":[{\"@type\":\"ReadAction\",\"target\":[\"https:\\\/\\\/www.immobilierlocal.ch\\\/c\\\/estimation-immobiliere-canton-vaud\\\/estimation-immobiliere-a-oron\\\/\"]}]},{\"@type\":\"ImageObject\",\"inLanguage\":\"fr-FR\",\"@id\":\"https:\\\/\\\/www.immobilierlocal.ch\\\/c\\\/estimation-immobiliere-canton-vaud\\\/estimation-immobiliere-a-oron\\\/#primaryimage\",\"url\":\"https:\\\/\\\/www.immobilierlocal.ch\\\/c\\\/wp-content\\\/uploads\\\/2023\\\/10\\\/estimation-immobiliere-a-oron-1-scaled.jpg\",\"contentUrl\":\"https:\\\/\\\/www.immobilierlocal.ch\\\/c\\\/wp-content\\\/uploads\\\/2023\\\/10\\\/estimation-immobiliere-a-oron-1-scaled.jpg\",\"width\":2560,\"height\":817,\"caption\":\"Estimation immobili\u00e8re \u00e0 Oron\"},{\"@type\":\"BreadcrumbList\",\"@id\":\"https:\\\/\\\/www.immobilierlocal.ch\\\/c\\\/estimation-immobiliere-canton-vaud\\\/estimation-immobiliere-a-oron\\\/#breadcrumb\",\"itemListElement\":[{\"@type\":\"ListItem\",\"position\":1,\"name\":\"Accueil\",\"item\":\"https:\\\/\\\/www.immobilierlocal.ch\\\/c\\\/\"},{\"@type\":\"ListItem\",\"position\":2,\"name\":\"Estimation immobili\u00e8re dans le canton de Vaud\",\"item\":\"https:\\\/\\\/www.immobilierlocal.ch\\\/c\\\/estimation-immobiliere-canton-vaud\\\/\"},{\"@type\":\"ListItem\",\"position\":3,\"name\":\"Estimation immobili\u00e8re \u00e0 Oron-la-Ville\"}]},{\"@type\":\"WebSite\",\"@id\":\"https:\\\/\\\/www.immobilierlocal.ch\\\/c\\\/#website\",\"url\":\"https:\\\/\\\/www.immobilierlocal.ch\\\/c\\\/\",\"name\":\"Immobilierlocal\",\"description\":\"\",\"publisher\":{\"@id\":\"https:\\\/\\\/www.immobilierlocal.ch\\\/c\\\/#organization\"},\"potentialAction\":[{\"@type\":\"SearchAction\",\"target\":{\"@type\":\"EntryPoint\",\"urlTemplate\":\"https:\\\/\\\/www.immobilierlocal.ch\\\/c\\\/?s={search_term_string}\"},\"query-input\":{\"@type\":\"PropertyValueSpecification\",\"valueRequired\":true,\"valueName\":\"search_term_string\"}}],\"inLanguage\":\"fr-FR\"},{\"@type\":\"Organization\",\"@id\":\"https:\\\/\\\/www.immobilierlocal.ch\\\/c\\\/#organization\",\"name\":\"Immobilierlocal\",\"url\":\"https:\\\/\\\/www.immobilierlocal.ch\\\/c\\\/\",\"logo\":{\"@type\":\"ImageObject\",\"inLanguage\":\"fr-FR\",\"@id\":\"https:\\\/\\\/www.immobilierlocal.ch\\\/c\\\/#\\\/schema\\\/logo\\\/image\\\/\",\"url\":\"https:\\\/\\\/www.immobilierlocal.ch\\\/c\\\/wp-content\\\/uploads\\\/2023\\\/10\\\/logo-immobilierlocal-h.svg\",\"contentUrl\":\"https:\\\/\\\/www.immobilierlocal.ch\\\/c\\\/wp-content\\\/uploads\\\/2023\\\/10\\\/logo-immobilierlocal-h.svg\",\"caption\":\"Immobilierlocal\"},\"image\":{\"@id\":\"https:\\\/\\\/www.immobilierlocal.ch\\\/c\\\/#\\\/schema\\\/logo\\\/image\\\/\"}}]}<\/script>\n<!-- \/ Yoast SEO Premium plugin. -->","yoast_head_json":{"title":"Estimation immobili\u00e8re \u00e0 Oron-la-Ville avril 2026 gratuite & rapide - Immobilierlocal","description":"D\u00e9couvrez le Prix moyen au m\u00b2 \u00e0 Oron-la-Ville en avril 2026 \u2705 Estimation gratuite de votre bien \u2705 Derni\u00e8res \u00e9volutions du march\u00e9.","robots":{"index":"index","follow":"follow","max-snippet":"max-snippet:-1","max-image-preview":"max-image-preview:large","max-video-preview":"max-video-preview:-1"},"canonical":"https:\/\/www.immobilierlocal.ch\/c\/estimation-immobiliere-canton-vaud\/estimation-immobiliere-a-oron\/","og_locale":"fr_FR","og_type":"article","og_title":"Estimation immobili\u00e8re \u00e0 Oron-la-Ville avril 2026 gratuite & rapide","og_description":"D\u00e9couvrez le Prix moyen au m\u00b2 \u00e0 Oron-la-Ville en avril 2026 \u2705 Estimation gratuite de votre bien \u2705 Derni\u00e8res \u00e9volutions du march\u00e9.","og_url":"https:\/\/www.immobilierlocal.ch\/c\/estimation-immobiliere-canton-vaud\/estimation-immobiliere-a-oron\/","og_site_name":"Immobilierlocal","article_modified_time":"2024-08-05T18:28:28+00:00","og_image":[{"width":2560,"height":817,"url":"https:\/\/www.immobilierlocal.ch\/c\/wp-content\/uploads\/2023\/10\/estimation-immobiliere-a-oron-1-scaled.jpg","type":"image\/jpeg"}],"twitter_card":"summary_large_image","twitter_misc":{"Dur\u00e9e de lecture estim\u00e9e":"7 minutes"},"schema":{"@context":"https:\/\/schema.org","@graph":[{"@type":"WebPage","@id":"https:\/\/www.immobilierlocal.ch\/c\/estimation-immobiliere-canton-vaud\/estimation-immobiliere-a-oron\/","url":"https:\/\/www.immobilierlocal.ch\/c\/estimation-immobiliere-canton-vaud\/estimation-immobiliere-a-oron\/","name":"Estimation immobili\u00e8re \u00e0 Oron-la-Ville - Immobilierlocal","isPartOf":{"@id":"https:\/\/www.immobilierlocal.ch\/c\/#website"},"primaryImageOfPage":{"@id":"https:\/\/www.immobilierlocal.ch\/c\/estimation-immobiliere-canton-vaud\/estimation-immobiliere-a-oron\/#primaryimage"},"image":{"@id":"https:\/\/www.immobilierlocal.ch\/c\/estimation-immobiliere-canton-vaud\/estimation-immobiliere-a-oron\/#primaryimage"},"thumbnailUrl":"https:\/\/www.immobilierlocal.ch\/c\/wp-content\/uploads\/2023\/10\/estimation-immobiliere-a-oron-1-scaled.jpg","datePublished":"2023-10-19T08:33:49+00:00","dateModified":"2024-08-05T18:28:28+00:00","breadcrumb":{"@id":"https:\/\/www.immobilierlocal.ch\/c\/estimation-immobiliere-canton-vaud\/estimation-immobiliere-a-oron\/#breadcrumb"},"inLanguage":"fr-FR","potentialAction":[{"@type":"ReadAction","target":["https:\/\/www.immobilierlocal.ch\/c\/estimation-immobiliere-canton-vaud\/estimation-immobiliere-a-oron\/"]}]},{"@type":"ImageObject","inLanguage":"fr-FR","@id":"https:\/\/www.immobilierlocal.ch\/c\/estimation-immobiliere-canton-vaud\/estimation-immobiliere-a-oron\/#primaryimage","url":"https:\/\/www.immobilierlocal.ch\/c\/wp-content\/uploads\/2023\/10\/estimation-immobiliere-a-oron-1-scaled.jpg","contentUrl":"https:\/\/www.immobilierlocal.ch\/c\/wp-content\/uploads\/2023\/10\/estimation-immobiliere-a-oron-1-scaled.jpg","width":2560,"height":817,"caption":"Estimation immobili\u00e8re \u00e0 Oron"},{"@type":"BreadcrumbList","@id":"https:\/\/www.immobilierlocal.ch\/c\/estimation-immobiliere-canton-vaud\/estimation-immobiliere-a-oron\/#breadcrumb","itemListElement":[{"@type":"ListItem","position":1,"name":"Accueil","item":"https:\/\/www.immobilierlocal.ch\/c\/"},{"@type":"ListItem","position":2,"name":"Estimation immobili\u00e8re dans le canton de Vaud","item":"https:\/\/www.immobilierlocal.ch\/c\/estimation-immobiliere-canton-vaud\/"},{"@type":"ListItem","position":3,"name":"Estimation immobili\u00e8re \u00e0 Oron-la-Ville"}]},{"@type":"WebSite","@id":"https:\/\/www.immobilierlocal.ch\/c\/#website","url":"https:\/\/www.immobilierlocal.ch\/c\/","name":"Immobilierlocal","description":"","publisher":{"@id":"https:\/\/www.immobilierlocal.ch\/c\/#organization"},"potentialAction":[{"@type":"SearchAction","target":{"@type":"EntryPoint","urlTemplate":"https:\/\/www.immobilierlocal.ch\/c\/?s={search_term_string}"},"query-input":{"@type":"PropertyValueSpecification","valueRequired":true,"valueName":"search_term_string"}}],"inLanguage":"fr-FR"},{"@type":"Organization","@id":"https:\/\/www.immobilierlocal.ch\/c\/#organization","name":"Immobilierlocal","url":"https:\/\/www.immobilierlocal.ch\/c\/","logo":{"@type":"ImageObject","inLanguage":"fr-FR","@id":"https:\/\/www.immobilierlocal.ch\/c\/#\/schema\/logo\/image\/","url":"https:\/\/www.immobilierlocal.ch\/c\/wp-content\/uploads\/2023\/10\/logo-immobilierlocal-h.svg","contentUrl":"https:\/\/www.immobilierlocal.ch\/c\/wp-content\/uploads\/2023\/10\/logo-immobilierlocal-h.svg","caption":"Immobilierlocal"},"image":{"@id":"https:\/\/www.immobilierlocal.ch\/c\/#\/schema\/logo\/image\/"}}]}},"_links":{"self":[{"href":"https:\/\/www.immobilierlocal.ch\/c\/wp-json\/wp\/v2\/pages\/201","targetHints":{"allow":["GET"]}}],"collection":[{"href":"https:\/\/www.immobilierlocal.ch\/c\/wp-json\/wp\/v2\/pages"}],"about":[{"href":"https:\/\/www.immobilierlocal.ch\/c\/wp-json\/wp\/v2\/types\/page"}],"author":[{"embeddable":true,"href":"https:\/\/www.immobilierlocal.ch\/c\/wp-json\/wp\/v2\/users\/3"}],"replies":[{"embeddable":true,"href":"https:\/\/www.immobilierlocal.ch\/c\/wp-json\/wp\/v2\/comments?post=201"}],"version-history":[{"count":0,"href":"https:\/\/www.immobilierlocal.ch\/c\/wp-json\/wp\/v2\/pages\/201\/revisions"}],"up":[{"embeddable":true,"href":"https:\/\/www.immobilierlocal.ch\/c\/wp-json\/wp\/v2\/pages\/149"}],"wp:featuredmedia":[{"embeddable":true,"href":"https:\/\/www.immobilierlocal.ch\/c\/wp-json\/wp\/v2\/media\/374"}],"wp:attachment":[{"href":"https:\/\/www.immobilierlocal.ch\/c\/wp-json\/wp\/v2\/media?parent=201"}],"wp:term":[{"taxonomy":"category","embeddable":true,"href":"https:\/\/www.immobilierlocal.ch\/c\/wp-json\/wp\/v2\/categories?post=201"},{"taxonomy":"profession","embeddable":true,"href":"https:\/\/www.immobilierlocal.ch\/c\/wp-json\/wp\/v2\/profession?post=201"},{"taxonomy":"location","embeddable":true,"href":"https:\/\/www.immobilierlocal.ch\/c\/wp-json\/wp\/v2\/location?post=201"},{"taxonomy":"canton","embeddable":true,"href":"https:\/\/www.immobilierlocal.ch\/c\/wp-json\/wp\/v2\/canton?post=201"}],"curies":[{"name":"wp","href":"https:\/\/api.w.org\/{rel}","templated":true}]}}