
{"id":200,"date":"2023-10-19T10:33:49","date_gmt":"2023-10-19T08:33:49","guid":{"rendered":"https:\/\/immobilierlocal.ch\/c\/200-2\/"},"modified":"2024-08-05T20:28:27","modified_gmt":"2024-08-05T18:28:27","slug":"estimation-immobiliere-a-orbe","status":"publish","type":"page","link":"https:\/\/www.immobilierlocal.ch\/c\/estimation-immobiliere-canton-vaud\/estimation-immobiliere-a-orbe\/","title":{"rendered":"Estimation immobili\u00e8re \u00e0 Orbe"},"content":{"rendered":"<p>B\u00e9n\u00e9ficiez d&rsquo;une \u00e9valuation en ligne gratuite et pr\u00e9cise \u00e0 Orbe. Nous disposons \u00e9galement d&rsquo;agents immobiliers qui se d\u00e9placent chez vous afin de vous donner une estimation plus pr\u00e9cise de votre bien. Mettez en vente ou acqu\u00e9rez votre propri\u00e9t\u00e9 immobili\u00e8re \u00e0 un tarif imbattable, en toute confiance avec Immobilierlocal.<\/p>\n\n<h2>Derni\u00e8res estimations \u00e0 Orbe par secteur<\/h2>\n<div class=\"estimates-lastest\"><ul><li>Pour un appartement 4.5 pi\u00e8ces \u00e0 Orbe, surface pond\u00e9r\u00e9e (m\u00b2) : 120, orientation Sud-Est\/Ouest, avec balcon, transports fr\u00e9quence r\u00e9guli\u00e8re, sans parking, commodit\u00e9s et \u00e9coles nombreuses, situation ordinaire, CHF 6'219 \/ m\u00b2<\/li><li>Pour un appartement 5.5 pi\u00e8ces \u00e0 Orbe, surface pond\u00e9r\u00e9e (m\u00b2) : 120, orientation Ouest, sans balcon, transports fr\u00e9quence limit\u00e9e, avec parking, commodit\u00e9s et \u00e9coles limit\u00e9es, situation ordinaire, CHF 6'517 \/ m\u00b2<\/li><li>Pour un appartement 6.5 pi\u00e8ces \u00e0 Orbe, surface pond\u00e9r\u00e9e (m\u00b2) : 110, orientation Sud-Est\/Ouest, avec balcon, transports fr\u00e9quence r\u00e9guli\u00e8re, sans parking, commodit\u00e9s et \u00e9coles nombreuses, situation ordinaire, CHF 7'351 \/ m\u00b2<\/li><\/ul><\/div>\n<h2>Evaluation de la valeur des maisons \u00e0 Orbe selon le nombre de pi\u00e8ces<\/h2>\n<div class=\"estimates-room\"><ul><li>Pour une maison 6.5 pi\u00e8ces \u00e0 Orbe, volume (m\u00b3) : 1057.5 et terrain (m\u00b2) : 350, transports fr\u00e9quence limit\u00e9e, commodit\u00e9s et \u00e9coles limit\u00e9es, situation ordinaire, CHF 4'922 \/ m\u00b2<\/li><li>Pour une maison 5.5 pi\u00e8ces \u00e0 Orbe, volume (m\u00b3) : 1057.5 et terrain (m\u00b2) : 650, transports fr\u00e9quence limit\u00e9e, commodit\u00e9s et \u00e9coles limit\u00e9es, situation ordinaire, CHF 5'393 \/ m\u00b2<\/li><li>Pour une maison 6 pi\u00e8ces \u00e0 Orbe, volume (m\u00b3) : 945 et terrain (m\u00b2) : 1100, transports fr\u00e9quence limit\u00e9e, commodit\u00e9s et \u00e9coles limit\u00e9es, situation ordinaire, CHF 7'582 \/ m\u00b2<\/li><\/ul><\/div><div class=\"iframe-text\">Estimer maintenant votre bien immobilier<\/div><iframe id=\"estimer\" src=\"https:\/\/www.immobilierlocal.ch\/estimer?iframe=1\" frameborder=\"0\" loading=\"lazy\" width=\"100%\" height=\"1000\" style=\"overflow-x:hidden;\" referrerpolicy=\"no-referrer-when-downgrade\" title=\"Estimation immobili\u00e8re\"><\/iframe>\n<h2>Comment savoir le prix de son bien immobilier \u00e0 Orbe ?<\/h2>\n<h3>1. \u00c9valuation offerte de votre maison \u00e0 Orbe en ligne avec Immobilierlocal<\/h3>\n<p>Gagnez un temps pr\u00e9cieux et effectuez une estimation du prix de vente de votre propri\u00e9t\u00e9 immobili\u00e8re gr\u00e2ce \u00e0 notre outil d&rsquo;estimation.<\/p>\n<p>Pour une \u00e9valuation conforme, nous devrons \u00e9galement conna\u00eetre les caract\u00e9ristiques suivantes :<\/p>\n<ul>\n<li>La situation (environnement, vue et transports).<\/li>\n<li>L&rsquo;orientation et l&rsquo;exposition de la maison.<\/li>\n<li>Le nombre de pi\u00e8ces.<\/li>\n<li>La surface habitable.<\/li>\n<li>Les dimensions du terrain.<\/li>\n<li>L&rsquo;ann\u00e9e de construction.<\/li>\n<li>L\u2019\u00e9tat g\u00e9n\u00e9ral de votre bien.<\/li>\n<li>Les travaux effectu\u00e9s dans votre maison et leur ann\u00e9e.<\/li>\n<\/ul>\n<h3>2. \u00c9valuation offerte de votre appartement \u00e0 Orbe sur internet avec Immobilierlocal<\/h3>\n<p>Profitez d&rsquo;une estimation rapide de votre appartement \u00e0 Orbe en quelques clics.<\/p>\n<p>Afin d&rsquo;\u00eatre plus pr\u00e9cis dans l&rsquo;estimation de la valeur de votre bien, nous devrons avoir connaissance de certains documents ou certaines informations :<\/p>\n<ul>\n<li>L&rsquo;environnement de votre appartement.<\/li>\n<li>L\u2019orientation.<\/li>\n<li>Le nombre de pi\u00e8ces.<\/li>\n<li>Les diff\u00e9rentes surfaces (habitable, garage, balcon&#8230;).<\/li>\n<li>La pr\u00e9sence d&rsquo;un ou plusieurs parkings.<\/li>\n<li>L\u2019ann\u00e9e de construction.<\/li>\n<li>L\u2019\u00e9tat g\u00e9n\u00e9ral.<\/li>\n<li>Les diff\u00e9rentes r\u00e9novations effectu\u00e9es.<\/li>\n<li>Le montant du \u00abfonds de r\u00e9novation PPE\u00bb.<\/li>\n<\/ul>\n<h3>3. Faire \u00e9valuer sa maison ou son appartement par un expert \u00e0 Orbe<\/h3>\n<p>Nous disposons diff\u00e9rents agents immobiliers \u00e0 Orbe qui se d\u00e9placent \u00e0 votre domicile pour visiter votre maison avant de r\u00e9aliser une estimation de votre maison. Il examinera \u00e9galement certains documents tels que les plans cadastraux ou le registre foncier afin de vous procurer une estimation la plus d\u00e9taill\u00e9e possible.<\/p>\n<p>Pour r\u00e9aliser notre \u00e9valuation, nous prenons \u00e9galement en compte le march\u00e9 immobilier \u00e0 Orbe. Nous vous procurerons quelques conseils int\u00e9ressants afin d&rsquo;augmenter la valeur de votre bien \u00e0 Orbe.<\/p>\n<p>Faites confiance \u00e0 Immobilierlocal et recevez d\u00e8s \u00e0 pr\u00e9sent une estimation de la valeur de votre bien.<\/p>\n<h3>4. Est-il pertinent de comparer son bien avec les biens similaires en vente \u00e0 Orbe ?<\/h3>\n<p>Oui, il est int\u00e9ressant d\u2019analyser les biens semblables, comparer votre bien avec les annonces immobili\u00e8res similaires \u00e0 Orbe vous permet d\u2019obtenir une fourchette rapide de la valorisation de votre bien.<\/p>\n<h2>Comment vendre son bien immobilier au meilleur prix \u00e0 Orbe ?<\/h2>\n<p>Pour vendre rapidement votre bien immobilier, faites confiance \u00e0 Immobilierlocal !<\/p>\n<h3>1. Pourquoi contacter un expert comme Immobilierlocal ?<\/h3>\n<p>Immobilierlocal vous met en contact avec un sp\u00e9cialiste situ\u00e9 dans la ville de Orbe.<\/p>\n<h3>2. Obtenez une \u00e9valuation pr\u00e9cise et adapt\u00e9e au march\u00e9 immobilier actuel<\/h3>\n<p>Notre soci\u00e9t\u00e9 Immobilierlocal r\u00e9pertorie toutes les annonces \u00e0 Orbe ainsi que la totalit\u00e9 des biens qui ont derni\u00e8rement \u00e9t\u00e9 vendus. Cela nous permet d&rsquo;obtenir une analyse tr\u00e8s fine du march\u00e9 immobilier, et de vous pr\u00e9senter le meilleur prix de vente.<\/p>\n<h3>3. Mettez en valeur votre propri\u00e9t\u00e9<\/h3>\n<p>Afin de faire valoir votre bien, nous r\u00e9alisons des shooting photo avec des professionnels de votre appartement ou de votre maison \u00e0 Orbe.<\/p>\n<h3>4. Augmenter la visibilit\u00e9 de votre bien et le nombre de potentiels acheteurs sur internet<\/h3>\n<p>Afin qu&rsquo;un maximum de personnes puisse voir votre bien, nous diffusons votre annonce sur tous nos sites internet ainsi que ceux de nos partenaires.<\/p>\n<h3>5. S\u00e9lectionnez la meilleure offre<\/h3>\n<p>Nos experts re\u00e7oivent les offres et \u00e9tudient les propositions pour vous proposer la meilleure offre.<\/p>\n<h3>6. \u00catre en position de force lors des n\u00e9gociations<\/h3>\n<p>Afin d&rsquo;\u00eatre en position de force au moment de n\u00e9gocier le prix avec un acqu\u00e9reur potentiel, notre agent aura besoin de pr\u00e9senter les atouts de votre propri\u00e9t\u00e9. Pour cela, il doit conna\u00eetre les informations suivantes :<\/p>\n<ul>\n<li>Les factures de r\u00e9novations,<\/li>\n<li>les plans architecturaux,<\/li>\n<li>les avantages environnementaux,<\/li>\n<li>Le d\u00e9veloppement \u00e9conomique r\u00e9gional.<\/li>\n<\/ul>\n<h2>Quelles sont les tendances du march\u00e9 immobilier \u00e0 Orbe ?<\/h2>\n<h3>\u00c9valuation de la valeur des maisons \u00e0 Orbe<\/h3>\n<p class=\"estimates-house-range\">Les prix des maisons \u00e0 Orbe varient de CHF 1'156'609 \u00e0 CHF 1'592'195 en moyenne.<\/p>\n<h3>\u00c9valuation du prix des appartements \u00e0 Orbe<\/h3>\n<p class=\"estimates-house-range\">Les prix des appartements \u00e0 Orbe varient de CHF 761'880 \u00e0 CHF 826'972 en moyenne.<\/p>\n<h3>Estimation du prix de vente des terrains \u00e0 Orbe<\/h3>\n<p class=\"estimates-land\">Les prix moyens des terrains \u00e0 Orbe sont de CHF 645 \/ m\u00b2 (prix par m\u00e8tre carr\u00e9).<\/p>\n<h2>Questions fr\u00e9quentes sur l&rsquo;estimation immobili\u00e8re<\/h2>\n<h3>Combien co\u00fbte une estimation immobili\u00e8re \u00e0 Orbe ?<\/h3>\n<p>Le tarif d&rsquo;une \u00e9valuation immobili\u00e8re \u00e0 Orbe fluctue selon la complexit\u00e9 du bien. Que vous ayez un logement de luxe ou une maison standard, les frais peuvent aller de CHF 150 \u00e0 CHF 1&rsquo;500.<\/p>\n<p>Toutefois, avec notre outil d&rsquo;\u00e9valuation en ligne de notre agence Immobilierlocal, vous n&rsquo;avez rien \u00e0 payer ! Notre outil a \u00e9t\u00e9 \u00e9labor\u00e9 pendant de longues ann\u00e9es pour qu&rsquo;il soit le plus fiable possible. Il prend en compte l&rsquo;\u00e9tat du march\u00e9 actuel et des particularit\u00e9s de votre bien.<\/p>\n<h3>Qui peut estimer une propri\u00e9taire immobili\u00e8re \u00e0 Orbe ?<\/h3>\n<p>Si vous voulez obtenir une \u00e9valuation plus pr\u00e9cise, il faudra contacter un expert qui se d\u00e9place \u00e0 votre domicile pour \u00e9tudier votre bien. Cette personne peut \u00eatre un agent immobilier, un architecte ou vous pouvez \u00e9galement en discuter avec votre banque.<\/p>\n<h3>Comment un agent immobilier estime une propri\u00e9t\u00e9 \u00e0 Orbe ?<\/h3>\n<ol>\n<li>Pour la premi\u00e8re \u00e9tape, un expert immobilier se d\u00e9place chez vous afin d&rsquo;effectuer une visite approfondie du bien en vente.<\/li>\n<li>Ensuite : il examine les textes en lien avec l&rsquo;achat et l&rsquo;entretien de votre propri\u00e9t\u00e9.<\/li>\n<li>Il r\u00e9alise une analyse approfondie du march\u00e9 immobilier en comparant votre propri\u00e9t\u00e9 aux autres biens actuellement disponibles et en \u00e9tudiant les prix des ventes r\u00e9alis\u00e9es r\u00e9cemment \u00e0 Orbe.<\/li>\n<li>Enfin, il vous donnera un rapport complet ainsi qu&rsquo;une estimation fiable du prix de vente de votre propri\u00e9t\u00e9 immobili\u00e8re.<\/li>\n<\/ol>\n<h3>Comment faire estimer une propri\u00e9t\u00e9 immobili\u00e8re gratuitement \u00e0 Orbe ?<\/h3>\n<p>B\u00e9n\u00e9ficiez d&rsquo;une estimation gratuite et d\u00e9taill\u00e9e en moins de 3 minutes avec l&rsquo;outil d&rsquo;\u00e9valuation Immobilierlocal, ou prenez contact avec l&rsquo;un de nos experts pour avoir une \u00e9valuation offerte de votre propri\u00e9t\u00e9, sans aucun engagement.<\/p>\n<h3>Quels sont les diff\u00e9rents facteurs qui peuvent faire varier le prix de vente de ma propri\u00e9t\u00e9 \u00e0 Orbe ?<\/h3>\n<p>Il existe de nombreux crit\u00e8res qui font \u00e9voluer la valeur d&rsquo;une propri\u00e9t\u00e9 immobili\u00e8re \u00e0 Orbe. Voici les facteurs les plus importants :<\/p>\n<ul>\n<li>l&rsquo;attrait touristique de la ville,<\/li>\n<li>l&rsquo;activit\u00e9 \u00e9conomique de la ville,<\/li>\n<li>le rapport entre le nombre de vendeurs et d&rsquo;acqu\u00e9reurs,<\/li>\n<li>la pr\u00e9sence de commodit\u00e9s (commerces, \u00e9tablissements scolaires, pharmacies&#8230;).<\/li>\n<\/ul>\n<h3>Comment augmenter la valeur de ma maison et de mon appartement ?<\/h3>\n<p>Pour augmenter le prix de vente de votre bien, suivez ces conseils :<\/p>\n<ul>\n<li>Votre bien doit toujours \u00eatre impeccable pour les s\u00e9ances photo et au moment des visites.<\/li>\n<li>Rangez et organisez toutes vos affaires de fa\u00e7on \u00e0 ce que les potentiels acheteurs se projettent facilement dans le bien.<\/li>\n<li>Accentuez les forces de votre habitation.<\/li>\n<li>Si vous avez une maison, valoriser votre terrain.<\/li>\n<\/ul>\n<h3>De quelle fa\u00e7on agir face \u00e0 un potentiel acqu\u00e9reur ?<\/h3>\n<ul>\n<li>Stipulez les forces de votre bien.<\/li>\n<li>R\u00e9pondez aux questions sans divulguer de fausses informations.<\/li>\n<li>\u00c9coutez les propos de l&rsquo;acqu\u00e9reur et allez dans son sens sans le contredire.<\/li>\n<\/ul>\n<h3>Quels sont les documents \u00e0 poss\u00e9der afin d&rsquo;estimer ma propri\u00e9t\u00e9 immobili\u00e8re ?<\/h3>\n<ul>\n<li>Police assurance incendie compl\u00e8te<\/li>\n<li>Plan de niveau (si disponible)<\/li>\n<li>Travaux, factures (si disponible)<\/li>\n<li>Registre foncier (si disponible)<\/li>\n<li>Cadastre (si disponible)<\/li>\n<li>Descriptif de construction (si disponible)<\/li>\n<li>\u00c9ventuellement : plan d\u2019affectation et le r\u00e8glement de construction<\/li>\n<\/ul>\n<p>Pour les objets en PPE :<\/p>\n<ul>\n<li>Police assurance incendie compl\u00e8te de l\u2019immeuble (\u00e0 demander \u00e0 l\u2019administrateur)<\/li>\n<li>R\u00e8glement PPE<\/li>\n<li>Comptes PPE (3 derni\u00e8res ann\u00e9es)<\/li>\n<\/ul>\n<p>Estimation similaire dans les villes proches, comme : <br \/> La Praz, Arnex-sur-Orbe, Croy, Romainm\u00f4tier, Premier, Vaulion, Juriens, Bretonni\u00e8res, Vallorbe, Ballaigues, Agiez, Bofflens, Montcherand, L'Abergement, Sergey, La Russille, Les Cl\u00e9es, Lignerolle, Valeyres-sous-Rances, Bavois, Chavornay, Corcelles-sur-Chavornay, Rances, Baulmes.<\/p>\n","protected":false},"excerpt":{"rendered":"<p>B\u00e9n\u00e9ficiez d&rsquo;une \u00e9valuation en ligne gratuite et pr\u00e9cise \u00e0 Orbe. Nous disposons \u00e9galement d&rsquo;agents immobiliers qui se d\u00e9placent chez vous afin de vous donner une estimation plus pr\u00e9cise de votre bien. Mettez en vente ou acqu\u00e9rez votre propri\u00e9t\u00e9 immobili\u00e8re \u00e0 un tarif imbattable, en toute confiance avec Immobilierlocal. Derni\u00e8res estimations \u00e0 Orbe par secteur Evaluation [&hellip;]<\/p>\n","protected":false},"author":3,"featured_media":373,"parent":149,"menu_order":0,"comment_status":"closed","ping_status":"open","template":"","meta":{"footnotes":""},"categories":[6],"profession":[],"location":[28],"canton":[],"class_list":["post-200","page","type-page","status-publish","has-post-thumbnail","hentry","category-estimation"],"yoast_head":"<!-- This site is optimized with the Yoast SEO Premium plugin v23.0 (Yoast SEO v27.3) - https:\/\/yoast.com\/product\/yoast-seo-premium-wordpress\/ -->\n<title>Estimation immobili\u00e8re \u00e0 Orbe avril 2026 gratuite &amp; rapide - Immobilierlocal<\/title>\n<meta name=\"description\" content=\"D\u00e9couvrez le Prix moyen au m\u00b2 \u00e0 Orbe en avril 2026 \u2705 Estimation gratuite de votre bien \u2705 Derni\u00e8res \u00e9volutions du march\u00e9.\" \/>\n<meta name=\"robots\" content=\"index, follow, max-snippet:-1, max-image-preview:large, max-video-preview:-1\" \/>\n<link rel=\"canonical\" href=\"https:\/\/www.immobilierlocal.ch\/c\/estimation-immobiliere-canton-vaud\/estimation-immobiliere-a-orbe\/\" \/>\n<meta property=\"og:locale\" content=\"fr_FR\" \/>\n<meta property=\"og:type\" content=\"article\" \/>\n<meta property=\"og:title\" content=\"Estimation immobili\u00e8re \u00e0 Orbe avril 2026 gratuite &amp; rapide\" \/>\n<meta property=\"og:description\" content=\"D\u00e9couvrez le Prix moyen au m\u00b2 \u00e0 Orbe en avril 2026 \u2705 Estimation gratuite de votre bien \u2705 Derni\u00e8res \u00e9volutions du march\u00e9.\" \/>\n<meta property=\"og:url\" content=\"https:\/\/www.immobilierlocal.ch\/c\/estimation-immobiliere-canton-vaud\/estimation-immobiliere-a-orbe\/\" \/>\n<meta property=\"og:site_name\" content=\"Immobilierlocal\" \/>\n<meta property=\"article:modified_time\" content=\"2024-08-05T18:28:27+00:00\" \/>\n<meta property=\"og:image\" content=\"https:\/\/www.immobilierlocal.ch\/c\/wp-content\/uploads\/2023\/10\/estimation-immobiliere-a-orbe-1-scaled.jpg\" \/>\n\t<meta property=\"og:image:width\" content=\"2560\" \/>\n\t<meta property=\"og:image:height\" content=\"817\" \/>\n\t<meta property=\"og:image:type\" content=\"image\/jpeg\" \/>\n<meta name=\"twitter:card\" content=\"summary_large_image\" \/>\n<meta name=\"twitter:label1\" content=\"Dur\u00e9e de lecture estim\u00e9e\" \/>\n\t<meta name=\"twitter:data1\" content=\"7 minutes\" \/>\n<script type=\"application\/ld+json\" class=\"yoast-schema-graph\">{\"@context\":\"https:\\\/\\\/schema.org\",\"@graph\":[{\"@type\":\"WebPage\",\"@id\":\"https:\\\/\\\/www.immobilierlocal.ch\\\/c\\\/estimation-immobiliere-canton-vaud\\\/estimation-immobiliere-a-orbe\\\/\",\"url\":\"https:\\\/\\\/www.immobilierlocal.ch\\\/c\\\/estimation-immobiliere-canton-vaud\\\/estimation-immobiliere-a-orbe\\\/\",\"name\":\"Estimation immobili\u00e8re \u00e0 Orbe - Immobilierlocal\",\"isPartOf\":{\"@id\":\"https:\\\/\\\/www.immobilierlocal.ch\\\/c\\\/#website\"},\"primaryImageOfPage\":{\"@id\":\"https:\\\/\\\/www.immobilierlocal.ch\\\/c\\\/estimation-immobiliere-canton-vaud\\\/estimation-immobiliere-a-orbe\\\/#primaryimage\"},\"image\":{\"@id\":\"https:\\\/\\\/www.immobilierlocal.ch\\\/c\\\/estimation-immobiliere-canton-vaud\\\/estimation-immobiliere-a-orbe\\\/#primaryimage\"},\"thumbnailUrl\":\"https:\\\/\\\/www.immobilierlocal.ch\\\/c\\\/wp-content\\\/uploads\\\/2023\\\/10\\\/estimation-immobiliere-a-orbe-1-scaled.jpg\",\"datePublished\":\"2023-10-19T08:33:49+00:00\",\"dateModified\":\"2024-08-05T18:28:27+00:00\",\"breadcrumb\":{\"@id\":\"https:\\\/\\\/www.immobilierlocal.ch\\\/c\\\/estimation-immobiliere-canton-vaud\\\/estimation-immobiliere-a-orbe\\\/#breadcrumb\"},\"inLanguage\":\"fr-FR\",\"potentialAction\":[{\"@type\":\"ReadAction\",\"target\":[\"https:\\\/\\\/www.immobilierlocal.ch\\\/c\\\/estimation-immobiliere-canton-vaud\\\/estimation-immobiliere-a-orbe\\\/\"]}]},{\"@type\":\"ImageObject\",\"inLanguage\":\"fr-FR\",\"@id\":\"https:\\\/\\\/www.immobilierlocal.ch\\\/c\\\/estimation-immobiliere-canton-vaud\\\/estimation-immobiliere-a-orbe\\\/#primaryimage\",\"url\":\"https:\\\/\\\/www.immobilierlocal.ch\\\/c\\\/wp-content\\\/uploads\\\/2023\\\/10\\\/estimation-immobiliere-a-orbe-1-scaled.jpg\",\"contentUrl\":\"https:\\\/\\\/www.immobilierlocal.ch\\\/c\\\/wp-content\\\/uploads\\\/2023\\\/10\\\/estimation-immobiliere-a-orbe-1-scaled.jpg\",\"width\":2560,\"height\":817,\"caption\":\"Estimation immobili\u00e8re \u00e0 Orbe\"},{\"@type\":\"BreadcrumbList\",\"@id\":\"https:\\\/\\\/www.immobilierlocal.ch\\\/c\\\/estimation-immobiliere-canton-vaud\\\/estimation-immobiliere-a-orbe\\\/#breadcrumb\",\"itemListElement\":[{\"@type\":\"ListItem\",\"position\":1,\"name\":\"Accueil\",\"item\":\"https:\\\/\\\/www.immobilierlocal.ch\\\/c\\\/\"},{\"@type\":\"ListItem\",\"position\":2,\"name\":\"Estimation immobili\u00e8re dans le canton de Vaud\",\"item\":\"https:\\\/\\\/www.immobilierlocal.ch\\\/c\\\/estimation-immobiliere-canton-vaud\\\/\"},{\"@type\":\"ListItem\",\"position\":3,\"name\":\"Estimation immobili\u00e8re \u00e0 Orbe\"}]},{\"@type\":\"WebSite\",\"@id\":\"https:\\\/\\\/www.immobilierlocal.ch\\\/c\\\/#website\",\"url\":\"https:\\\/\\\/www.immobilierlocal.ch\\\/c\\\/\",\"name\":\"Immobilierlocal\",\"description\":\"\",\"publisher\":{\"@id\":\"https:\\\/\\\/www.immobilierlocal.ch\\\/c\\\/#organization\"},\"potentialAction\":[{\"@type\":\"SearchAction\",\"target\":{\"@type\":\"EntryPoint\",\"urlTemplate\":\"https:\\\/\\\/www.immobilierlocal.ch\\\/c\\\/?s={search_term_string}\"},\"query-input\":{\"@type\":\"PropertyValueSpecification\",\"valueRequired\":true,\"valueName\":\"search_term_string\"}}],\"inLanguage\":\"fr-FR\"},{\"@type\":\"Organization\",\"@id\":\"https:\\\/\\\/www.immobilierlocal.ch\\\/c\\\/#organization\",\"name\":\"Immobilierlocal\",\"url\":\"https:\\\/\\\/www.immobilierlocal.ch\\\/c\\\/\",\"logo\":{\"@type\":\"ImageObject\",\"inLanguage\":\"fr-FR\",\"@id\":\"https:\\\/\\\/www.immobilierlocal.ch\\\/c\\\/#\\\/schema\\\/logo\\\/image\\\/\",\"url\":\"https:\\\/\\\/www.immobilierlocal.ch\\\/c\\\/wp-content\\\/uploads\\\/2023\\\/10\\\/logo-immobilierlocal-h.svg\",\"contentUrl\":\"https:\\\/\\\/www.immobilierlocal.ch\\\/c\\\/wp-content\\\/uploads\\\/2023\\\/10\\\/logo-immobilierlocal-h.svg\",\"caption\":\"Immobilierlocal\"},\"image\":{\"@id\":\"https:\\\/\\\/www.immobilierlocal.ch\\\/c\\\/#\\\/schema\\\/logo\\\/image\\\/\"}}]}<\/script>\n<!-- \/ Yoast SEO Premium plugin. -->","yoast_head_json":{"title":"Estimation immobili\u00e8re \u00e0 Orbe avril 2026 gratuite & rapide - Immobilierlocal","description":"D\u00e9couvrez le Prix moyen au m\u00b2 \u00e0 Orbe en avril 2026 \u2705 Estimation gratuite de votre bien \u2705 Derni\u00e8res \u00e9volutions du march\u00e9.","robots":{"index":"index","follow":"follow","max-snippet":"max-snippet:-1","max-image-preview":"max-image-preview:large","max-video-preview":"max-video-preview:-1"},"canonical":"https:\/\/www.immobilierlocal.ch\/c\/estimation-immobiliere-canton-vaud\/estimation-immobiliere-a-orbe\/","og_locale":"fr_FR","og_type":"article","og_title":"Estimation immobili\u00e8re \u00e0 Orbe avril 2026 gratuite & rapide","og_description":"D\u00e9couvrez le Prix moyen au m\u00b2 \u00e0 Orbe en avril 2026 \u2705 Estimation gratuite de votre bien \u2705 Derni\u00e8res \u00e9volutions du march\u00e9.","og_url":"https:\/\/www.immobilierlocal.ch\/c\/estimation-immobiliere-canton-vaud\/estimation-immobiliere-a-orbe\/","og_site_name":"Immobilierlocal","article_modified_time":"2024-08-05T18:28:27+00:00","og_image":[{"width":2560,"height":817,"url":"https:\/\/www.immobilierlocal.ch\/c\/wp-content\/uploads\/2023\/10\/estimation-immobiliere-a-orbe-1-scaled.jpg","type":"image\/jpeg"}],"twitter_card":"summary_large_image","twitter_misc":{"Dur\u00e9e de lecture estim\u00e9e":"7 minutes"},"schema":{"@context":"https:\/\/schema.org","@graph":[{"@type":"WebPage","@id":"https:\/\/www.immobilierlocal.ch\/c\/estimation-immobiliere-canton-vaud\/estimation-immobiliere-a-orbe\/","url":"https:\/\/www.immobilierlocal.ch\/c\/estimation-immobiliere-canton-vaud\/estimation-immobiliere-a-orbe\/","name":"Estimation immobili\u00e8re \u00e0 Orbe - Immobilierlocal","isPartOf":{"@id":"https:\/\/www.immobilierlocal.ch\/c\/#website"},"primaryImageOfPage":{"@id":"https:\/\/www.immobilierlocal.ch\/c\/estimation-immobiliere-canton-vaud\/estimation-immobiliere-a-orbe\/#primaryimage"},"image":{"@id":"https:\/\/www.immobilierlocal.ch\/c\/estimation-immobiliere-canton-vaud\/estimation-immobiliere-a-orbe\/#primaryimage"},"thumbnailUrl":"https:\/\/www.immobilierlocal.ch\/c\/wp-content\/uploads\/2023\/10\/estimation-immobiliere-a-orbe-1-scaled.jpg","datePublished":"2023-10-19T08:33:49+00:00","dateModified":"2024-08-05T18:28:27+00:00","breadcrumb":{"@id":"https:\/\/www.immobilierlocal.ch\/c\/estimation-immobiliere-canton-vaud\/estimation-immobiliere-a-orbe\/#breadcrumb"},"inLanguage":"fr-FR","potentialAction":[{"@type":"ReadAction","target":["https:\/\/www.immobilierlocal.ch\/c\/estimation-immobiliere-canton-vaud\/estimation-immobiliere-a-orbe\/"]}]},{"@type":"ImageObject","inLanguage":"fr-FR","@id":"https:\/\/www.immobilierlocal.ch\/c\/estimation-immobiliere-canton-vaud\/estimation-immobiliere-a-orbe\/#primaryimage","url":"https:\/\/www.immobilierlocal.ch\/c\/wp-content\/uploads\/2023\/10\/estimation-immobiliere-a-orbe-1-scaled.jpg","contentUrl":"https:\/\/www.immobilierlocal.ch\/c\/wp-content\/uploads\/2023\/10\/estimation-immobiliere-a-orbe-1-scaled.jpg","width":2560,"height":817,"caption":"Estimation immobili\u00e8re \u00e0 Orbe"},{"@type":"BreadcrumbList","@id":"https:\/\/www.immobilierlocal.ch\/c\/estimation-immobiliere-canton-vaud\/estimation-immobiliere-a-orbe\/#breadcrumb","itemListElement":[{"@type":"ListItem","position":1,"name":"Accueil","item":"https:\/\/www.immobilierlocal.ch\/c\/"},{"@type":"ListItem","position":2,"name":"Estimation immobili\u00e8re dans le canton de Vaud","item":"https:\/\/www.immobilierlocal.ch\/c\/estimation-immobiliere-canton-vaud\/"},{"@type":"ListItem","position":3,"name":"Estimation immobili\u00e8re \u00e0 Orbe"}]},{"@type":"WebSite","@id":"https:\/\/www.immobilierlocal.ch\/c\/#website","url":"https:\/\/www.immobilierlocal.ch\/c\/","name":"Immobilierlocal","description":"","publisher":{"@id":"https:\/\/www.immobilierlocal.ch\/c\/#organization"},"potentialAction":[{"@type":"SearchAction","target":{"@type":"EntryPoint","urlTemplate":"https:\/\/www.immobilierlocal.ch\/c\/?s={search_term_string}"},"query-input":{"@type":"PropertyValueSpecification","valueRequired":true,"valueName":"search_term_string"}}],"inLanguage":"fr-FR"},{"@type":"Organization","@id":"https:\/\/www.immobilierlocal.ch\/c\/#organization","name":"Immobilierlocal","url":"https:\/\/www.immobilierlocal.ch\/c\/","logo":{"@type":"ImageObject","inLanguage":"fr-FR","@id":"https:\/\/www.immobilierlocal.ch\/c\/#\/schema\/logo\/image\/","url":"https:\/\/www.immobilierlocal.ch\/c\/wp-content\/uploads\/2023\/10\/logo-immobilierlocal-h.svg","contentUrl":"https:\/\/www.immobilierlocal.ch\/c\/wp-content\/uploads\/2023\/10\/logo-immobilierlocal-h.svg","caption":"Immobilierlocal"},"image":{"@id":"https:\/\/www.immobilierlocal.ch\/c\/#\/schema\/logo\/image\/"}}]}},"_links":{"self":[{"href":"https:\/\/www.immobilierlocal.ch\/c\/wp-json\/wp\/v2\/pages\/200","targetHints":{"allow":["GET"]}}],"collection":[{"href":"https:\/\/www.immobilierlocal.ch\/c\/wp-json\/wp\/v2\/pages"}],"about":[{"href":"https:\/\/www.immobilierlocal.ch\/c\/wp-json\/wp\/v2\/types\/page"}],"author":[{"embeddable":true,"href":"https:\/\/www.immobilierlocal.ch\/c\/wp-json\/wp\/v2\/users\/3"}],"replies":[{"embeddable":true,"href":"https:\/\/www.immobilierlocal.ch\/c\/wp-json\/wp\/v2\/comments?post=200"}],"version-history":[{"count":0,"href":"https:\/\/www.immobilierlocal.ch\/c\/wp-json\/wp\/v2\/pages\/200\/revisions"}],"up":[{"embeddable":true,"href":"https:\/\/www.immobilierlocal.ch\/c\/wp-json\/wp\/v2\/pages\/149"}],"wp:featuredmedia":[{"embeddable":true,"href":"https:\/\/www.immobilierlocal.ch\/c\/wp-json\/wp\/v2\/media\/373"}],"wp:attachment":[{"href":"https:\/\/www.immobilierlocal.ch\/c\/wp-json\/wp\/v2\/media?parent=200"}],"wp:term":[{"taxonomy":"category","embeddable":true,"href":"https:\/\/www.immobilierlocal.ch\/c\/wp-json\/wp\/v2\/categories?post=200"},{"taxonomy":"profession","embeddable":true,"href":"https:\/\/www.immobilierlocal.ch\/c\/wp-json\/wp\/v2\/profession?post=200"},{"taxonomy":"location","embeddable":true,"href":"https:\/\/www.immobilierlocal.ch\/c\/wp-json\/wp\/v2\/location?post=200"},{"taxonomy":"canton","embeddable":true,"href":"https:\/\/www.immobilierlocal.ch\/c\/wp-json\/wp\/v2\/canton?post=200"}],"curies":[{"name":"wp","href":"https:\/\/api.w.org\/{rel}","templated":true}]}}