
{"id":199,"date":"2023-10-19T10:33:49","date_gmt":"2023-10-19T08:33:49","guid":{"rendered":"https:\/\/immobilierlocal.ch\/c\/199-2\/"},"modified":"2024-08-05T20:28:26","modified_gmt":"2024-08-05T18:28:26","slug":"estimation-immobiliere-a-nyon","status":"publish","type":"page","link":"https:\/\/www.immobilierlocal.ch\/c\/estimation-immobiliere-canton-vaud\/estimation-immobiliere-a-nyon\/","title":{"rendered":"Estimation immobili\u00e8re \u00e0 Nyon"},"content":{"rendered":"<p>\u00c9valuez simplement le prix de votre maison \u00e0 Nyon avec Immobilierlocal. Nous avons \u00e9galement \u00e0 disposition des agents immobiliers qui se d\u00e9placent chez vous afin de vous donner une estimation plus pr\u00e9cise de votre bien. Mettez en vente ou acqu\u00e9rez votre propri\u00e9t\u00e9 immobili\u00e8re \u00e0 un tarif imbattable, en toute simplicit\u00e9 avec Immobilierlocal.<\/p>\n\n<h2>Derni\u00e8res estimations \u00e0 Nyon par secteur<\/h2>\n<div class=\"estimates-lastest\"><ul><li>Pour un appartement 4.5 pi\u00e8ces \u00e0 Nyon, surface pond\u00e9r\u00e9e (m\u00b2) : 100, orientation Ouest, sans balcon, transports fr\u00e9quence r\u00e9guli\u00e8re, avec parking, commodit\u00e9s et \u00e9coles nombreuses, situation ordinaire, CHF 11'802 \/ m\u00b2<\/li><li>Pour un appartement 6 pi\u00e8ces \u00e0 Nyon, surface pond\u00e9r\u00e9e (m\u00b2) : 95, orientation Sud-Est\/Ouest, avec balcon, transports fr\u00e9quence r\u00e9guli\u00e8re, avec parking, commodit\u00e9s et \u00e9coles nombreuses, situation privil\u00e9gi\u00e9e, CHF 13'432 \/ m\u00b2<\/li><li>Pour un appartement 6.5 pi\u00e8ces \u00e0 Nyon, surface pond\u00e9r\u00e9e (m\u00b2) : 110, orientation Ouest, avec balcon, transports fr\u00e9quence soutenue, avec parking, commodit\u00e9s et \u00e9coles nombreuses, situation ordinaire, CHF 13'779 \/ m\u00b2<\/li><\/ul><\/div>\n<h2>Evaluation des prix des maisons \u00e0 Nyon selon le nombre de pi\u00e8ces<\/h2>\n<div class=\"estimates-room\"><ul><li>Pour une maison 5 pi\u00e8ces \u00e0 Nyon, volume (m\u00b3) : 1057.5 et terrain (m\u00b2) : 350, transports fr\u00e9quence r\u00e9guli\u00e8re, commodit\u00e9s et \u00e9coles nombreuses, situation ordinaire, CHF 8'447 \/ m\u00b2<\/li><li>Pour une maison 5 pi\u00e8ces \u00e0 Nyon, volume (m\u00b3) : 1170 et terrain (m\u00b2) : 1100, transports fr\u00e9quence soutenue, commodit\u00e9s et \u00e9coles nombreuses, situation ordinaire, CHF 13'037 \/ m\u00b2<\/li><li>Pour une maison 6 pi\u00e8ces \u00e0 Nyon, volume (m\u00b3) : 720 et terrain (m\u00b2) : 950, transports fr\u00e9quence r\u00e9guli\u00e8re, commodit\u00e9s et \u00e9coles nombreuses, situation ordinaire, CHF 16'425 \/ m\u00b2<\/li><\/ul><\/div><div class=\"iframe-text\">Estimer maintenant votre bien immobilier<\/div><iframe id=\"estimer\" src=\"https:\/\/www.immobilierlocal.ch\/estimer?iframe=1\" frameborder=\"0\" loading=\"lazy\" width=\"100%\" height=\"1000\" style=\"overflow-x:hidden;\" referrerpolicy=\"no-referrer-when-downgrade\" title=\"Estimation immobili\u00e8re\"><\/iframe>\n<h2>Comment savoir le prix de son bien immobilier \u00e0 Nyon ?<\/h2>\n<h3>1. Estimation offerte de votre maison \u00e0 Nyon en ligne avec notre soci\u00e9t\u00e9 Immobilierlocal<\/h3>\n<p>D\u00e9couvrez la valeur r\u00e9elle de votre maison en seulement 3 minutes gr\u00e2ce \u00e0 notre outil d&rsquo;estimation en ligne gratuit.<\/p>\n<p>Pour une estimation conforme, nous aurons \u00e9galement besoin des d\u00e9tails suivants :<\/p>\n<ul>\n<li>L&rsquo;environnement de la propri\u00e9t\u00e9 (acc\u00e8s aux transports, vis \u00e0 vis, commodit\u00e9s proches&#8230;).<\/li>\n<li>L&rsquo;orientation.<\/li>\n<li>Le nombre de pi\u00e8ces.<\/li>\n<li>La surface habitable ou le volume.<\/li>\n<li>La surface du terrain.<\/li>\n<li>L\u2019ann\u00e9e de construction.<\/li>\n<li>L&rsquo;\u00e9tat global de votre maison.<\/li>\n<li>L\u2019ann\u00e9e et le co\u00fbt des derni\u00e8res r\u00e9novations, des plus-values et\/ou des am\u00e9nagements.<\/li>\n<\/ul>\n<h3>2. Estimation offerte de votre appartement \u00e0 Nyon en ligne avec Immobilierlocal<\/h3>\n<p>B\u00e9n\u00e9ficiez d&rsquo;une \u00e9valuation pr\u00e9cise de votre logement \u00e0 Nyon en 5 clics.<\/p>\n<p>Pour recevoir la meilleure \u00e9valuation, vous devez fournir les d\u00e9tails de votre propri\u00e9t\u00e9, apr\u00e8s avoir indiqu\u00e9 votre adresse, comme :<\/p>\n<ul>\n<li>La situation (environnement, vue et transports).<\/li>\n<li>L&rsquo;exposition de l&rsquo;appartement.<\/li>\n<li>Le nombre de pi\u00e8ces.<\/li>\n<li>Les diff\u00e9rentes surfaces (habitable, garage, balcon&#8230;).<\/li>\n<li>La pr\u00e9sence d&rsquo;un ou plusieurs parkings.<\/li>\n<li>Date de construction.<\/li>\n<li>L\u2019\u00e9tat g\u00e9n\u00e9ral.<\/li>\n<li>L\u2019ann\u00e9e et le co\u00fbt des derni\u00e8res r\u00e9novations.<\/li>\n<li>Le montant du \u00abfonds de r\u00e9novation PPE\u00bb.<\/li>\n<\/ul>\n<h3>3. R\u00e9aliser une \u00e9valuation immobili\u00e8re de sa maison par un agent immobilier \u00e0 Nyon<\/h3>\n<p>Nous disposons de nombreux agents immobiliers \u00e0 Nyon qui viennent chez vous pour inspecter votre maison avant de r\u00e9aliser une \u00e9valuation de votre bien. Il \u00e9tudiera \u00e9galement certains documents tels que les plans d&rsquo;architecte ou le registre foncier afin de vous fournir une \u00e9valuation la plus pr\u00e9cise possible.<\/p>\n<p>L&rsquo;\u00e9valuation prend en compte aussi la demande, et le march\u00e9 immobilier de Nyon pour vous donner la valeur r\u00e9elle de votre bien. Une fois l\u2019expertise r\u00e9alis\u00e9e, des astuces vous seront donn\u00e9es pour valoriser votre bien immobilier.<\/p>\n<p>Profitez d\u00e8s \u00e0 pr\u00e9sent d&rsquo;une \u00e9valuation r\u00e9elle et sans engagement de votre propri\u00e9t\u00e9 avec Immobilierlocal.<\/p>\n<h3>4. Comparer son bien avec les autres biens similaires \u00e0 Nyon, est-ce utile ?<\/h3>\n<p>Il est toujours n\u00e9cessaire d&rsquo;inspecter les biens en vente \u00e0 Nyon. Cela permet d&rsquo;avoir une id\u00e9e de la valeur \u00e0 laquelle vous pourrez vendre votre bien. Il faudra bien s\u00fbr consid\u00e9rer les caract\u00e9ristiques de votre propri\u00e9t\u00e9 pour une \u00e9valuation plus pr\u00e9cise (r\u00e9novations effectu\u00e9es, localisation&#8230;).<\/p>\n<h2>Comment vendre son bien immobilier au meilleur prix \u00e0 Nyon ?<\/h2>\n<p>Pour vendre facilement votre bien immobilier, contactez Immobilierlocal !<\/p>\n<h3>1. Pourquoi faire appel \u00e0 un sp\u00e9cialiste comme Immobilierlocal ?<\/h3>\n<p>Immobilierlocal permet de vous mettre en contact avec un expert situ\u00e9 dans la ville de Nyon.<\/p>\n<h3>2. B\u00e9n\u00e9ficiez d&rsquo;une \u00e9valuation pr\u00e9cise et adapt\u00e9e au march\u00e9 immobilier actuel<\/h3>\n<p>Notre agence Immobilierlocal r\u00e9f\u00e9rence toutes les annonces \u00e0 Nyon ainsi que la totalit\u00e9 des biens qui ont derni\u00e8rement trouv\u00e9 un acqu\u00e9reur. Cela nous permet d&rsquo;avoir une analyse tr\u00e8s fine du march\u00e9 immobilier, et de vous pr\u00e9senter le bon prix de vente.<\/p>\n<h3>3. Mettez en valeur votre propri\u00e9t\u00e9<\/h3>\n<p>Immobilierlocal et ses collaborateurs r\u00e9alisent des s\u00e9ances photo pour mettre en avant les atouts de votre propri\u00e9t\u00e9.<\/p>\n<h3>4. Augmenter la visibilit\u00e9 de votre bien et le nombre de potentiels acqu\u00e9reurs sur internet<\/h3>\n<p>Afin que le plus de personnes puisse voir votre propri\u00e9t\u00e9, nous mettons en ligne votre annonce sur l&rsquo;ensemble de nos sites internet ainsi que ceux de nos collaborateurs.<\/p>\n<h3>5. Choisissez la meilleure offre<\/h3>\n<p>Nous trions l&rsquo;ensemble des offres qui nous parviennent dans le but de vous pr\u00e9senter seulement celles qui peuvent vous int\u00e9resser.<\/p>\n<h3>6. N\u00e9gociez le meilleur prix<\/h3>\n<p>Notre expert recense l&rsquo;ensemble des documents et informations possibles pour vous mettre en position de force afin de le vendre le plus cher possible, voici la liste des documents n\u00e9cessaires :<\/p>\n<ul>\n<li>Les factures de r\u00e9novations,<\/li>\n<li>les plans architecturaux,<\/li>\n<li>les avantages environnementaux,<\/li>\n<li>le d\u00e9veloppement \u00e9conomique \u00e0 Nyon et de sa r\u00e9gion.<\/li>\n<\/ul>\n<h2>Quel est l&rsquo;\u00e9tat du march\u00e9 immobilier \u00e0 Nyon ?<\/h2>\n<h3>Estimation du prix des maisons \u00e0 Nyon<\/h3>\n<p class=\"estimates-house-range\">Les prix des maisons \u00e0 Nyon varient de CHF 1'985'034 \u00e0 CHF 3'389'670 en moyenne.<\/p>\n<h3>\u00c9valuation du prix des appartements \u00e0 Nyon<\/h3>\n<p class=\"estimates-house-range\">Les prix des appartements \u00e0 Nyon varient de CHF 1'180'223 \u00e0 CHF 1'550'100 en moyenne.<\/p>\n<h3>Estimation de la valeur des terrains \u00e0 Nyon<\/h3>\n<p class=\"estimates-land\">Les prix moyens des terrains \u00e0 Nyon sont de CHF 1'910 \/ m\u00b2 (prix par m\u00e8tre carr\u00e9).<\/p>\n<h2>Questions souvent pos\u00e9es sur l&rsquo;estimation immobili\u00e8re<\/h2>\n<h3>Quel est le tarif d&rsquo;une estimation immobili\u00e8re \u00e0 Nyon ?<\/h3>\n<p>Le tarif d&rsquo;une \u00e9valuation immobili\u00e8re \u00e0 Nyon fluctue en fonction de la complexit\u00e9 du bien. Que vous ayez un logement de luxe ou une maison plus classique, les frais peuvent aller de CHF 150 \u00e0 CHF 1&rsquo;500.<\/p>\n<p>En revanche, gr\u00e2ce \u00e0 notre simulateur d&rsquo;estimation en ligne de notre soci\u00e9t\u00e9 Immobilierlocal, vous n&rsquo;aurez rien \u00e0 payer ! Notre outil a \u00e9t\u00e9 confectionn\u00e9 durant de longues ann\u00e9es afin qu&rsquo;il soit le plus fiable possible. Il prend en compte l&rsquo;\u00e9tat du march\u00e9 actuel et des caract\u00e9ristiques de votre bien.<\/p>\n<h3>Qui peut \u00e9valuer une propri\u00e9taire immobili\u00e8re \u00e0 Nyon ?<\/h3>\n<p>Si vous d\u00e9sirez obtenir une estimation plus pr\u00e9cise, il faudra contacter un expert qui se rend \u00e0 votre domicile pour analyser votre bien. Cette personne peut \u00eatre un agent immobilier, un architecte ou vous pouvez aussi en discuter avec votre banque.<\/p>\n<h3>Comment se d\u00e9roule l&rsquo;estimation d&rsquo;un bien \u00e0 Nyon ?<\/h3>\n<ol>\n<li>Pour la premi\u00e8re \u00e9tape, un agent immobilier se rend \u00e0 votre domicile afin d&rsquo;effectuer une visite approfondie du bien en vente.<\/li>\n<li>Par la suite : il regarde les documents en lien avec l&rsquo;achat et l&rsquo;entretien de votre propri\u00e9t\u00e9.<\/li>\n<li>Il r\u00e9alise une \u00e9tude compl\u00e8te du march\u00e9 immobilier en comparant votre propri\u00e9t\u00e9 aux autres biens actuellement en vente et en examinant les prix des ventes r\u00e9alis\u00e9es r\u00e9cemment \u00e0 Nyon.<\/li>\n<li>Pour finir, il vous remettra un examen d\u00e9taill\u00e9 et une \u00e9valuation pr\u00e9cise de la valeur de votre propri\u00e9t\u00e9 immobili\u00e8re.<\/li>\n<\/ol>\n<h3>Comment profiter d&rsquo;une estimation de son bien gratuitement \u00e0 Nyon<\/h3>\n<p>Utilisez l&rsquo;outil d&rsquo;\u00e9valuation totalement gratuit de notre agence Immobilierlocal ! Vous pouvez aussi contacter nos experts de l&rsquo;immobilier pour une \u00e9valuation.<\/p>\n<h3>Quels sont les diff\u00e9rents param\u00e8tres qui peuvent faire \u00e9voluer la valeur de mon bien \u00e0 Nyon ?<\/h3>\n<p>Il y a plusieurs crit\u00e8res qui font varier la valeur d&rsquo;une propri\u00e9t\u00e9 immobili\u00e8re \u00e0 Nyon. Voici une liste des facteurs les plus consid\u00e9rables :<\/p>\n<ul>\n<li>Le tourisme,<\/li>\n<li>l&rsquo;activit\u00e9 \u00e9conomique de la r\u00e9gion,<\/li>\n<li>le rapport entre le nombre de vendeurs et d&rsquo;acqu\u00e9reurs,<\/li>\n<li>la proximit\u00e9 des commodit\u00e9s.<\/li>\n<\/ul>\n<h3>De quelle fa\u00e7on augmenter le prix de vente de ma maison et de mon appartement ?<\/h3>\n<p>Pour faire \u00e9voluer le prix de vente de votre bien, suivez ces conseils :<\/p>\n<ul>\n<li>Votre bien doit toujours \u00eatre propre pour les photos et au moment des visites.<\/li>\n<li>Rangez toutes vos affaires de fa\u00e7on \u00e0 ce que les visiteurs se projettent facilement dans le bien.<\/li>\n<li>Accentuez les points forts de votre logement.<\/li>\n<li>Si vous avez une maison, mettez en valeur le terrain.<\/li>\n<\/ul>\n<h3>Quelle conduite \u00e0 avoir vis-\u00e0-vis d\u2019un potentiel acqu\u00e9reur ?<\/h3>\n<ul>\n<li>Stipulez les forces de votre bien.<\/li>\n<li>R\u00e9pondez \u00e0 ses interrogations clairement et honn\u00eatement.<\/li>\n<li>Soyez \u00e0 l&rsquo;\u00e9coute de l&rsquo;acqu\u00e9reur et ne cherchez pas \u00e0 le contredire.<\/li>\n<\/ul>\n<h3>Quels sont les documents \u00e0 avoir pour estimer ma propri\u00e9t\u00e9 immobili\u00e8re ?<\/h3>\n<ul>\n<li>Police assurance incendie compl\u00e8te<\/li>\n<li>Plan de niveau (si disponible)<\/li>\n<li>factures des diff\u00e9rents travaux r\u00e9alis\u00e9s (si disponible)<\/li>\n<li>Registre foncier (si disponible)<\/li>\n<li>Plan cadastral (si disponible)<\/li>\n<li>Descriptif de construction (si disponible)<\/li>\n<li>\u00c9ventuellement : plan d\u2019affectation et le r\u00e8glement de construction<\/li>\n<\/ul>\n<p>Pour les objets en PPE :<\/p>\n<ul>\n<li>Police assurance incendie compl\u00e8te de l\u2019immeuble (\u00e0 demander \u00e0 l\u2019administrateur)<\/li>\n<li>R\u00e8glement PPE<\/li>\n<li>Comptes PPE (3 derni\u00e8res ann\u00e9es)<\/li>\n<\/ul>\n<p>Estimation similaire dans les villes proches, comme : <br \/> Gland, Prangins, Le Vaud, Eysins, Crassier, St-Cergue, La Cure, Duillier, Coinsins, Vich, Begnins, Bassins, Tr\u00e9lex, Givrins, Genolier, Arzier-Le Muids, Grens, Signy, Ch\u00e9serex, Gingins, Arnex-sur-Nyon, Borex, La Rippe, Crans VD.<\/p>\n","protected":false},"excerpt":{"rendered":"<p>\u00c9valuez simplement le prix de votre maison \u00e0 Nyon avec Immobilierlocal. Nous avons \u00e9galement \u00e0 disposition des agents immobiliers qui se d\u00e9placent chez vous afin de vous donner une estimation plus pr\u00e9cise de votre bien. Mettez en vente ou acqu\u00e9rez votre propri\u00e9t\u00e9 immobili\u00e8re \u00e0 un tarif imbattable, en toute simplicit\u00e9 avec Immobilierlocal. Derni\u00e8res estimations \u00e0 [&hellip;]<\/p>\n","protected":false},"author":3,"featured_media":372,"parent":149,"menu_order":0,"comment_status":"closed","ping_status":"closed","template":"","meta":{"footnotes":""},"categories":[6],"profession":[],"location":[27],"canton":[],"class_list":["post-199","page","type-page","status-publish","has-post-thumbnail","hentry","category-estimation"],"yoast_head":"<!-- This site is optimized with the Yoast SEO Premium plugin v23.0 (Yoast SEO v27.3) - https:\/\/yoast.com\/product\/yoast-seo-premium-wordpress\/ -->\n<title>Estimation immobili\u00e8re \u00e0 Nyon avril 2026 gratuite &amp; rapide - Immobilierlocal<\/title>\n<meta name=\"description\" content=\"D\u00e9couvrez le Prix moyen au m\u00b2 \u00e0 Nyon en avril 2026 \u2705 Estimation gratuite de votre bien \u2705 Derni\u00e8res \u00e9volutions du march\u00e9.\" \/>\n<meta name=\"robots\" content=\"index, follow, max-snippet:-1, max-image-preview:large, max-video-preview:-1\" \/>\n<link rel=\"canonical\" href=\"https:\/\/www.immobilierlocal.ch\/c\/estimation-immobiliere-canton-vaud\/estimation-immobiliere-a-nyon\/\" \/>\n<meta property=\"og:locale\" content=\"fr_FR\" \/>\n<meta property=\"og:type\" content=\"article\" \/>\n<meta property=\"og:title\" content=\"Estimation immobili\u00e8re \u00e0 Nyon avril 2026 gratuite &amp; rapide\" \/>\n<meta property=\"og:description\" content=\"D\u00e9couvrez le Prix moyen au m\u00b2 \u00e0 Nyon en avril 2026 \u2705 Estimation gratuite de votre bien \u2705 Derni\u00e8res \u00e9volutions du march\u00e9.\" \/>\n<meta property=\"og:url\" content=\"https:\/\/www.immobilierlocal.ch\/c\/estimation-immobiliere-canton-vaud\/estimation-immobiliere-a-nyon\/\" \/>\n<meta property=\"og:site_name\" content=\"Immobilierlocal\" \/>\n<meta property=\"article:modified_time\" content=\"2024-08-05T18:28:26+00:00\" \/>\n<meta property=\"og:image\" content=\"https:\/\/www.immobilierlocal.ch\/c\/wp-content\/uploads\/2023\/10\/estimation-immobiliere-a-nyon-1-scaled.jpg\" \/>\n\t<meta property=\"og:image:width\" content=\"2560\" \/>\n\t<meta property=\"og:image:height\" content=\"817\" \/>\n\t<meta property=\"og:image:type\" content=\"image\/jpeg\" \/>\n<meta name=\"twitter:card\" content=\"summary_large_image\" \/>\n<meta name=\"twitter:label1\" content=\"Dur\u00e9e de lecture estim\u00e9e\" \/>\n\t<meta name=\"twitter:data1\" content=\"7 minutes\" \/>\n<script type=\"application\/ld+json\" class=\"yoast-schema-graph\">{\"@context\":\"https:\\\/\\\/schema.org\",\"@graph\":[{\"@type\":\"WebPage\",\"@id\":\"https:\\\/\\\/www.immobilierlocal.ch\\\/c\\\/estimation-immobiliere-canton-vaud\\\/estimation-immobiliere-a-nyon\\\/\",\"url\":\"https:\\\/\\\/www.immobilierlocal.ch\\\/c\\\/estimation-immobiliere-canton-vaud\\\/estimation-immobiliere-a-nyon\\\/\",\"name\":\"Estimation immobili\u00e8re \u00e0 Nyon - Immobilierlocal\",\"isPartOf\":{\"@id\":\"https:\\\/\\\/www.immobilierlocal.ch\\\/c\\\/#website\"},\"primaryImageOfPage\":{\"@id\":\"https:\\\/\\\/www.immobilierlocal.ch\\\/c\\\/estimation-immobiliere-canton-vaud\\\/estimation-immobiliere-a-nyon\\\/#primaryimage\"},\"image\":{\"@id\":\"https:\\\/\\\/www.immobilierlocal.ch\\\/c\\\/estimation-immobiliere-canton-vaud\\\/estimation-immobiliere-a-nyon\\\/#primaryimage\"},\"thumbnailUrl\":\"https:\\\/\\\/www.immobilierlocal.ch\\\/c\\\/wp-content\\\/uploads\\\/2023\\\/10\\\/estimation-immobiliere-a-nyon-1-scaled.jpg\",\"datePublished\":\"2023-10-19T08:33:49+00:00\",\"dateModified\":\"2024-08-05T18:28:26+00:00\",\"breadcrumb\":{\"@id\":\"https:\\\/\\\/www.immobilierlocal.ch\\\/c\\\/estimation-immobiliere-canton-vaud\\\/estimation-immobiliere-a-nyon\\\/#breadcrumb\"},\"inLanguage\":\"fr-FR\",\"potentialAction\":[{\"@type\":\"ReadAction\",\"target\":[\"https:\\\/\\\/www.immobilierlocal.ch\\\/c\\\/estimation-immobiliere-canton-vaud\\\/estimation-immobiliere-a-nyon\\\/\"]}]},{\"@type\":\"ImageObject\",\"inLanguage\":\"fr-FR\",\"@id\":\"https:\\\/\\\/www.immobilierlocal.ch\\\/c\\\/estimation-immobiliere-canton-vaud\\\/estimation-immobiliere-a-nyon\\\/#primaryimage\",\"url\":\"https:\\\/\\\/www.immobilierlocal.ch\\\/c\\\/wp-content\\\/uploads\\\/2023\\\/10\\\/estimation-immobiliere-a-nyon-1-scaled.jpg\",\"contentUrl\":\"https:\\\/\\\/www.immobilierlocal.ch\\\/c\\\/wp-content\\\/uploads\\\/2023\\\/10\\\/estimation-immobiliere-a-nyon-1-scaled.jpg\",\"width\":2560,\"height\":817,\"caption\":\"Estimation immobili\u00e8re \u00e0 Nyon\"},{\"@type\":\"BreadcrumbList\",\"@id\":\"https:\\\/\\\/www.immobilierlocal.ch\\\/c\\\/estimation-immobiliere-canton-vaud\\\/estimation-immobiliere-a-nyon\\\/#breadcrumb\",\"itemListElement\":[{\"@type\":\"ListItem\",\"position\":1,\"name\":\"Accueil\",\"item\":\"https:\\\/\\\/www.immobilierlocal.ch\\\/c\\\/\"},{\"@type\":\"ListItem\",\"position\":2,\"name\":\"Estimation immobili\u00e8re dans le canton de Vaud\",\"item\":\"https:\\\/\\\/www.immobilierlocal.ch\\\/c\\\/estimation-immobiliere-canton-vaud\\\/\"},{\"@type\":\"ListItem\",\"position\":3,\"name\":\"Estimation immobili\u00e8re \u00e0 Nyon\"}]},{\"@type\":\"WebSite\",\"@id\":\"https:\\\/\\\/www.immobilierlocal.ch\\\/c\\\/#website\",\"url\":\"https:\\\/\\\/www.immobilierlocal.ch\\\/c\\\/\",\"name\":\"Immobilierlocal\",\"description\":\"\",\"publisher\":{\"@id\":\"https:\\\/\\\/www.immobilierlocal.ch\\\/c\\\/#organization\"},\"potentialAction\":[{\"@type\":\"SearchAction\",\"target\":{\"@type\":\"EntryPoint\",\"urlTemplate\":\"https:\\\/\\\/www.immobilierlocal.ch\\\/c\\\/?s={search_term_string}\"},\"query-input\":{\"@type\":\"PropertyValueSpecification\",\"valueRequired\":true,\"valueName\":\"search_term_string\"}}],\"inLanguage\":\"fr-FR\"},{\"@type\":\"Organization\",\"@id\":\"https:\\\/\\\/www.immobilierlocal.ch\\\/c\\\/#organization\",\"name\":\"Immobilierlocal\",\"url\":\"https:\\\/\\\/www.immobilierlocal.ch\\\/c\\\/\",\"logo\":{\"@type\":\"ImageObject\",\"inLanguage\":\"fr-FR\",\"@id\":\"https:\\\/\\\/www.immobilierlocal.ch\\\/c\\\/#\\\/schema\\\/logo\\\/image\\\/\",\"url\":\"https:\\\/\\\/www.immobilierlocal.ch\\\/c\\\/wp-content\\\/uploads\\\/2023\\\/10\\\/logo-immobilierlocal-h.svg\",\"contentUrl\":\"https:\\\/\\\/www.immobilierlocal.ch\\\/c\\\/wp-content\\\/uploads\\\/2023\\\/10\\\/logo-immobilierlocal-h.svg\",\"caption\":\"Immobilierlocal\"},\"image\":{\"@id\":\"https:\\\/\\\/www.immobilierlocal.ch\\\/c\\\/#\\\/schema\\\/logo\\\/image\\\/\"}}]}<\/script>\n<!-- \/ Yoast SEO Premium plugin. -->","yoast_head_json":{"title":"Estimation immobili\u00e8re \u00e0 Nyon avril 2026 gratuite & rapide - Immobilierlocal","description":"D\u00e9couvrez le Prix moyen au m\u00b2 \u00e0 Nyon en avril 2026 \u2705 Estimation gratuite de votre bien \u2705 Derni\u00e8res \u00e9volutions du march\u00e9.","robots":{"index":"index","follow":"follow","max-snippet":"max-snippet:-1","max-image-preview":"max-image-preview:large","max-video-preview":"max-video-preview:-1"},"canonical":"https:\/\/www.immobilierlocal.ch\/c\/estimation-immobiliere-canton-vaud\/estimation-immobiliere-a-nyon\/","og_locale":"fr_FR","og_type":"article","og_title":"Estimation immobili\u00e8re \u00e0 Nyon avril 2026 gratuite & rapide","og_description":"D\u00e9couvrez le Prix moyen au m\u00b2 \u00e0 Nyon en avril 2026 \u2705 Estimation gratuite de votre bien \u2705 Derni\u00e8res \u00e9volutions du march\u00e9.","og_url":"https:\/\/www.immobilierlocal.ch\/c\/estimation-immobiliere-canton-vaud\/estimation-immobiliere-a-nyon\/","og_site_name":"Immobilierlocal","article_modified_time":"2024-08-05T18:28:26+00:00","og_image":[{"width":2560,"height":817,"url":"https:\/\/www.immobilierlocal.ch\/c\/wp-content\/uploads\/2023\/10\/estimation-immobiliere-a-nyon-1-scaled.jpg","type":"image\/jpeg"}],"twitter_card":"summary_large_image","twitter_misc":{"Dur\u00e9e de lecture estim\u00e9e":"7 minutes"},"schema":{"@context":"https:\/\/schema.org","@graph":[{"@type":"WebPage","@id":"https:\/\/www.immobilierlocal.ch\/c\/estimation-immobiliere-canton-vaud\/estimation-immobiliere-a-nyon\/","url":"https:\/\/www.immobilierlocal.ch\/c\/estimation-immobiliere-canton-vaud\/estimation-immobiliere-a-nyon\/","name":"Estimation immobili\u00e8re \u00e0 Nyon - Immobilierlocal","isPartOf":{"@id":"https:\/\/www.immobilierlocal.ch\/c\/#website"},"primaryImageOfPage":{"@id":"https:\/\/www.immobilierlocal.ch\/c\/estimation-immobiliere-canton-vaud\/estimation-immobiliere-a-nyon\/#primaryimage"},"image":{"@id":"https:\/\/www.immobilierlocal.ch\/c\/estimation-immobiliere-canton-vaud\/estimation-immobiliere-a-nyon\/#primaryimage"},"thumbnailUrl":"https:\/\/www.immobilierlocal.ch\/c\/wp-content\/uploads\/2023\/10\/estimation-immobiliere-a-nyon-1-scaled.jpg","datePublished":"2023-10-19T08:33:49+00:00","dateModified":"2024-08-05T18:28:26+00:00","breadcrumb":{"@id":"https:\/\/www.immobilierlocal.ch\/c\/estimation-immobiliere-canton-vaud\/estimation-immobiliere-a-nyon\/#breadcrumb"},"inLanguage":"fr-FR","potentialAction":[{"@type":"ReadAction","target":["https:\/\/www.immobilierlocal.ch\/c\/estimation-immobiliere-canton-vaud\/estimation-immobiliere-a-nyon\/"]}]},{"@type":"ImageObject","inLanguage":"fr-FR","@id":"https:\/\/www.immobilierlocal.ch\/c\/estimation-immobiliere-canton-vaud\/estimation-immobiliere-a-nyon\/#primaryimage","url":"https:\/\/www.immobilierlocal.ch\/c\/wp-content\/uploads\/2023\/10\/estimation-immobiliere-a-nyon-1-scaled.jpg","contentUrl":"https:\/\/www.immobilierlocal.ch\/c\/wp-content\/uploads\/2023\/10\/estimation-immobiliere-a-nyon-1-scaled.jpg","width":2560,"height":817,"caption":"Estimation immobili\u00e8re \u00e0 Nyon"},{"@type":"BreadcrumbList","@id":"https:\/\/www.immobilierlocal.ch\/c\/estimation-immobiliere-canton-vaud\/estimation-immobiliere-a-nyon\/#breadcrumb","itemListElement":[{"@type":"ListItem","position":1,"name":"Accueil","item":"https:\/\/www.immobilierlocal.ch\/c\/"},{"@type":"ListItem","position":2,"name":"Estimation immobili\u00e8re dans le canton de Vaud","item":"https:\/\/www.immobilierlocal.ch\/c\/estimation-immobiliere-canton-vaud\/"},{"@type":"ListItem","position":3,"name":"Estimation immobili\u00e8re \u00e0 Nyon"}]},{"@type":"WebSite","@id":"https:\/\/www.immobilierlocal.ch\/c\/#website","url":"https:\/\/www.immobilierlocal.ch\/c\/","name":"Immobilierlocal","description":"","publisher":{"@id":"https:\/\/www.immobilierlocal.ch\/c\/#organization"},"potentialAction":[{"@type":"SearchAction","target":{"@type":"EntryPoint","urlTemplate":"https:\/\/www.immobilierlocal.ch\/c\/?s={search_term_string}"},"query-input":{"@type":"PropertyValueSpecification","valueRequired":true,"valueName":"search_term_string"}}],"inLanguage":"fr-FR"},{"@type":"Organization","@id":"https:\/\/www.immobilierlocal.ch\/c\/#organization","name":"Immobilierlocal","url":"https:\/\/www.immobilierlocal.ch\/c\/","logo":{"@type":"ImageObject","inLanguage":"fr-FR","@id":"https:\/\/www.immobilierlocal.ch\/c\/#\/schema\/logo\/image\/","url":"https:\/\/www.immobilierlocal.ch\/c\/wp-content\/uploads\/2023\/10\/logo-immobilierlocal-h.svg","contentUrl":"https:\/\/www.immobilierlocal.ch\/c\/wp-content\/uploads\/2023\/10\/logo-immobilierlocal-h.svg","caption":"Immobilierlocal"},"image":{"@id":"https:\/\/www.immobilierlocal.ch\/c\/#\/schema\/logo\/image\/"}}]}},"_links":{"self":[{"href":"https:\/\/www.immobilierlocal.ch\/c\/wp-json\/wp\/v2\/pages\/199","targetHints":{"allow":["GET"]}}],"collection":[{"href":"https:\/\/www.immobilierlocal.ch\/c\/wp-json\/wp\/v2\/pages"}],"about":[{"href":"https:\/\/www.immobilierlocal.ch\/c\/wp-json\/wp\/v2\/types\/page"}],"author":[{"embeddable":true,"href":"https:\/\/www.immobilierlocal.ch\/c\/wp-json\/wp\/v2\/users\/3"}],"replies":[{"embeddable":true,"href":"https:\/\/www.immobilierlocal.ch\/c\/wp-json\/wp\/v2\/comments?post=199"}],"version-history":[{"count":0,"href":"https:\/\/www.immobilierlocal.ch\/c\/wp-json\/wp\/v2\/pages\/199\/revisions"}],"up":[{"embeddable":true,"href":"https:\/\/www.immobilierlocal.ch\/c\/wp-json\/wp\/v2\/pages\/149"}],"wp:featuredmedia":[{"embeddable":true,"href":"https:\/\/www.immobilierlocal.ch\/c\/wp-json\/wp\/v2\/media\/372"}],"wp:attachment":[{"href":"https:\/\/www.immobilierlocal.ch\/c\/wp-json\/wp\/v2\/media?parent=199"}],"wp:term":[{"taxonomy":"category","embeddable":true,"href":"https:\/\/www.immobilierlocal.ch\/c\/wp-json\/wp\/v2\/categories?post=199"},{"taxonomy":"profession","embeddable":true,"href":"https:\/\/www.immobilierlocal.ch\/c\/wp-json\/wp\/v2\/profession?post=199"},{"taxonomy":"location","embeddable":true,"href":"https:\/\/www.immobilierlocal.ch\/c\/wp-json\/wp\/v2\/location?post=199"},{"taxonomy":"canton","embeddable":true,"href":"https:\/\/www.immobilierlocal.ch\/c\/wp-json\/wp\/v2\/canton?post=199"}],"curies":[{"name":"wp","href":"https:\/\/api.w.org\/{rel}","templated":true}]}}