
{"id":197,"date":"2023-10-19T10:33:48","date_gmt":"2023-10-19T08:33:48","guid":{"rendered":"https:\/\/immobilierlocal.ch\/c\/197-2\/"},"modified":"2024-08-05T20:28:24","modified_gmt":"2024-08-05T18:28:24","slug":"estimation-immobiliere-a-morges","status":"publish","type":"page","link":"https:\/\/www.immobilierlocal.ch\/c\/estimation-immobiliere-canton-vaud\/estimation-immobiliere-a-morges\/","title":{"rendered":"Estimation immobili\u00e8re \u00e0 Morges"},"content":{"rendered":"<p>Obtenez une appr&eacute;ciation en ligne gratuite et fiable &agrave; Morges. Si n&eacute;cessaire, un expert viendra sur place pour proc&eacute;der &agrave; une &eacute;valuation plus pr&eacute;cise de votre bien. Vendez ou achetez votre bien immobilier au meilleur prix, en toute confiance avec Immobilierlocal.<\/p>\n\n<h2>Derni&egrave;res estimations &agrave; Morges par secteur<\/h2>\n<div class=\"estimates-lastest\"><ul><li>Pour un appartement 6 pi\u00e8ces \u00e0 Morges, surface pond\u00e9r\u00e9e (m\u00b2) : 100, orientation Sud-Est\/Ouest, sans balcon, transports fr\u00e9quence soutenue, avec parking, commodit\u00e9s et \u00e9coles nombreuses, situation ordinaire, CHF 10'603 \/ m\u00b2<\/li><li>Pour un appartement 4.5 pi\u00e8ces \u00e0 Morges, surface pond\u00e9r\u00e9e (m\u00b2) : 120, orientation Ouest, avec balcon, transports fr\u00e9quence soutenue, avec parking, commodit\u00e9s et \u00e9coles nombreuses, situation ordinaire, CHF 10'181 \/ m\u00b2<\/li><li>Pour un appartement 6 pi\u00e8ces \u00e0 Morges, surface pond\u00e9r\u00e9e (m\u00b2) : 95, orientation Ouest, avec balcon, transports fr\u00e9quence soutenue, avec parking, commodit\u00e9s et \u00e9coles nombreuses, situation ordinaire, CHF 11'106 \/ m\u00b2<\/li><\/ul><\/div>\n<h2>Estimation de la valeur des maisons &agrave; Morges selon le nombre de pi&egrave;ces<\/h2>\n<div class=\"estimates-room\"><ul><li>Pour une maison 6 pi\u00e8ces \u00e0 Morges, volume (m\u00b3) : 832.5 et terrain (m\u00b2) : 800, transports fr\u00e9quence soutenue, commodit\u00e9s et \u00e9coles nombreuses, situation privil\u00e9gi\u00e9e, CHF 11'171 \/ m\u00b2<\/li><li>Pour une maison 5 pi\u00e8ces \u00e0 Morges, volume (m\u00b3) : 945 et terrain (m\u00b2) : 800, transports fr\u00e9quence r\u00e9guli\u00e8re, commodit\u00e9s et \u00e9coles nombreuses, situation ordinaire, CHF 8'854 \/ m\u00b2<\/li><li>Pour une maison 4.5 pi\u00e8ces \u00e0 Morges, volume (m\u00b3) : 945 et terrain (m\u00b2) : 350, transports fr\u00e9quence soutenue, commodit\u00e9s et \u00e9coles nombreuses, situation ordinaire, CHF 7'349 \/ m\u00b2<\/li><\/ul><\/div><div class=\"iframe-text\">Estimer maintenant votre bien immobilier<\/div><iframe id=\"estimer\" src=\"https:\/\/www.immobilierlocal.ch\/estimer?iframe=1\" frameborder=\"0\" loading=\"lazy\" width=\"100%\" height=\"1000\" style=\"overflow-x:hidden;\" referrerpolicy=\"no-referrer-when-downgrade\" title=\"Estimation immobili\u00e8re\"><\/iframe>\n<h2>Comment conna&icirc;tre la valeur de son bien immobilier &agrave; Morges ?<\/h2>\n<h3>1. &Eacute;valuation offerte de votre maison &agrave; Morges en ligne avec Immobilierlocal<\/h3>\n<p>\nGagnez un temps pr&eacute;cieux et effectuez une &eacute;valuation de la valeur de votre bien immobilier avec notre outil d&rsquo;estimation.<\/p>\n<p>Pour une &eacute;valuation conforme, nous devrons aussi conna&icirc;tre les d&eacute;tails suivants :\n<\/p>\n<ul>\n<li>L&rsquo;environnement de la propri&eacute;t&eacute; (acc&egrave;s aux services de transport, vis &agrave; vis, pr&eacute;sence des commerces&#8230;).<\/li>\n<li>L&rsquo;orientation et l&rsquo;exposition de la maison.<\/li>\n<li>Le nombre de pi&egrave;ces.<\/li>\n<li>La surface habitable ou le volume.<\/li>\n<li>La surface du terrain.<\/li>\n<li>L&rsquo;ann&eacute;e de construction.<\/li>\n<li>L&rsquo;&eacute;tat global de votre maison.<\/li>\n<li>L&rsquo;ann&eacute;e et le co&ucirc;t des derni&egrave;res r&eacute;novations, des plus-values et\/ou des am&eacute;nagements.<\/li>\n<\/ul>\n<h3>2. &Eacute;valuation offerte de votre appartement &agrave; Morges en ligne avec Immobilierlocal<\/h3>\n<p>\nObtenez la valeur immobili&egrave;re de votre appartement en 3 minutes gr&acirc;ce &agrave; notre logiciel d&rsquo;estimation en ligne gratuit. Obtenez une estimation pr&eacute;cise de votre appartement &agrave; Morges en 5 clics.<\/p>\n<p>Afin de recevoir la meilleure estimation, vous devrez nous indiquer les &eacute;l&eacute;ments de votre appartement, apr&egrave;s avoir ins&eacute;r&eacute; votre adresse, comme :\n<\/p>\n<ul>\n<li>La situation (environnement, vue et transports).<\/li>\n<li>L&rsquo;exposition de l&rsquo;appartement.<\/li>\n<li>Le nombre de pi&egrave;ces.<\/li>\n<li>Les diff&eacute;rentes surfaces (habitable, garage, balcon&#8230;).<\/li>\n<li>Parking int&eacute;rieur et\/ou ext&eacute;rieur.<\/li>\n<li>Date de construction.<\/li>\n<li>L&rsquo;&eacute;tat g&eacute;n&eacute;ral.<\/li>\n<li>L&rsquo;ann&eacute;e et le co&ucirc;t des derni&egrave;res r&eacute;novations.<\/li>\n<li>Le montant du &laquo;fonds de r&eacute;novation PPE&raquo;.<\/li>\n<\/ul>\n<h3>3. Faire &eacute;valuer sa maison ou son appartement par un sp&eacute;cialiste &agrave; Morges<\/h3>\n<p>\nNous avons diff&eacute;rents agents immobiliers &agrave; Morges qui se rendent &agrave; votre domicile pour visiter votre maison avant de r&eacute;aliser une &eacute;valuation de votre maison. Il examinera &eacute;galement certains documents comme les plans cadastraux ou le registre foncier afin de vous procurer une &eacute;valuation la plus pr&eacute;cise possible.<\/p>\n<p>Pour effectuer notre estimation, nous consid&eacute;rons aussi l&rsquo;&eacute;tat du march&eacute; immobilier &agrave; Morges. Nous vous procurerons certains conseils int&eacute;ressants afin de valoriser au maximum votre bien &agrave; Morges.<\/p>\n<p>Faites appel &agrave; Immobilierlocal et obtenez tout de suite une appr&eacute;ciation de la valeur de votre bien immobilier.\n<\/p>\n<h3>4. Est-il pertinent de comparer son bien avec les biens similaires en vente &agrave; Morges ?<\/h3>\n<p>\nOui, il est pertinent d&rsquo;inspecter les autres biens mis en vente, comparer votre bien avec les annonces immobili&egrave;res similaires &agrave; Morges vous permet d&rsquo;obtenir une fourchette rapide de la valeur de votre bien.\n<\/p>\n<h2>Comment vendre son bien immobilier au meilleur prix &agrave; Morges ?<\/h2>\n<p>\nAvec Immobilierlocal, vous confiez la vente de votre bien &agrave; des professionnels de l&rsquo;immobilier ! Vous avez la garantie d&rsquo;une vente rapide au meilleur prix.\n<\/p>\n<h3>1. Pourquoi faire appel &agrave; un expert comme Immobilierlocal ?<\/h3>\n<p>\nImmobilierlocal vous met en relation avec un expert dans le secteur de Morges.\n<\/p>\n<h3>2. Obtenez une estimation pr&eacute;cise et adapt&eacute;e &agrave; la situation immobili&egrave;re actuelle<\/h3>\n<p>\nNotre agence Immobilierlocal r&eacute;pertorie toutes les annonces &agrave; Morges ainsi que tous les biens qui ont derni&egrave;rement &eacute;t&eacute; vendus. Cela nous permet d&rsquo;avoir une analyse tr&egrave;s fine du march&eacute; immobilier, et de vous pr&eacute;senter le bon prix de vente.\n<\/p>\n<h3>3. Sublimer votre propri&eacute;t&eacute; avec Immobilierlocal<\/h3>\n<p>\nL&rsquo;agence Immobilierlocal et ses collaborateurs r&eacute;alisent des s&eacute;ances photo pour sublimer votre bien.\n<\/p>\n<h3>4. Augmenter la visibilit&eacute; de votre maison ou appartement et le nombre de potentiels acqu&eacute;reurs sur internet<\/h3>\n<p>\nImmobilierlocal et ses partenaires vous permettent de diffuser votre annonce sur nos nombreux sites web sp&eacute;cialis&eacute;s dans l&rsquo;immobilier afin de la pr&eacute;senter au maximum d&rsquo;acqu&eacute;reurs potentiels.\n<\/p>\n<h3>5. S&eacute;lectionnez l&rsquo;offre la plus int&eacute;ressante<\/h3>\n<p>\nNous trions toutes les offres que nous recevons afin de vous pr&eacute;senter seulement celles qui peuvent vous int&eacute;resser.\n<\/p>\n<h3>6. N&eacute;gociez le meilleur prix<\/h3>\n<p>\nNotre sp&eacute;cialiste r&eacute;pertorie tous les documents et les informations possibles pour mettre votre bien en valeur afin de le vendre au meilleur prix, voici la liste des documents n&eacute;cessaires :\n<\/p>\n<ul>\n<li>Les r&eacute;novations effectu&eacute;es et les factures associ&eacute;es,<\/li>\n<li>les plans architecturaux,<\/li>\n<li>les avantages environnementaux,<\/li>\n<li>Le d&eacute;veloppement &eacute;conomique r&eacute;gional.<\/li>\n<\/ul>\n<h2>Quel est l&rsquo;&eacute;tat du march&eacute; immobilier &agrave; Morges ?<\/h2>\n<h3>Estimation du prix de vente des maisons &agrave; Morges<\/h3>\n<p class=\"estimates-house-range\">Les prix des maisons \u00e0 Morges varient de CHF 1'543'294 \u00e0 CHF 2'066'723 en moyenne.<\/p>\n<h3>Estimation du prix de vente des appartements &agrave; Morges<\/h3>\n<p class=\"estimates-house-range\">Les prix des appartements \u00e0 Morges varient de CHF 1'060'270 \u00e0 CHF 1'272'633 en moyenne.<\/p>\n<h3>Estimation du prix des terrains &agrave; Morges<\/h3>\n<p class=\"estimates-land\">Les prix moyens des terrains \u00e0 Morges sont de CHF 1'389 \/ m\u00b2 (prix par m\u00e8tre carr\u00e9).<\/p>\n<h2>Questions souvent pos&eacute;es sur l&rsquo;&eacute;valuation immobili&egrave;re<\/h2>\n<h3>Combien co&ucirc;te une estimation immobili&egrave;re &agrave; Morges ?<\/h3>\n<p>\nLe prix d&rsquo;une estimation immobili&egrave;re &agrave; Morges &eacute;volue en fonction de la complexit&eacute; du bien. Que vous ayez une demeure de luxe ou une maison standard, les frais peuvent aller de CHF 150 &agrave; CHF 1&rsquo;500.<\/p>\n<p>Cependant, avec notre simulateur d&rsquo;estimation en ligne de notre soci&eacute;t&eacute; Immobilierlocal, vous n&rsquo;aurez rien &agrave; payer ! Notre instrument a &eacute;t&eacute; confectionn&eacute; durant de longues ann&eacute;es afin qu&rsquo;il soit le plus fiable et pr&eacute;cis possible. Il prend en compte l&rsquo;&eacute;tat du march&eacute; actuel et des sp&eacute;cificit&eacute;s de votre bien.\n<\/p>\n<h3>Qui peut &eacute;valuer un bien immobilier &agrave; Morges ?<\/h3>\n<p>\nSi vous d&eacute;sirez avoir une &eacute;valuation plus pr&eacute;cise, il faudra contacter un expert qui se rend chez vous pour analyser votre bien. Cette personne peut &ecirc;tre un agent immobilier, un architecte ou vous pouvez &eacute;galement regarder avec votre banque.\n<\/p>\n<h3>Comment se d&eacute;roule l&rsquo;estimation d&rsquo;un bien &agrave; Morges ?<\/h3>\n<ol>\n<li>Pour la premi&egrave;re &eacute;tape, un agent immobilier se d&eacute;place &agrave; votre domicile afin d&rsquo;effectuer une visite compl&egrave;te du bien en vente.<\/li>\n<li>Par la suite : il &eacute;tudie les textes en lien avec l&rsquo;achat et l&rsquo;entretien de votre bien.<\/li>\n<li>Il r&eacute;alise une analyse compl&egrave;te du march&eacute; immobilier en comparant votre propri&eacute;t&eacute; aux autres biens actuellement disponibles et en examinant les prix des ventes pass&eacute;es &agrave; Morges.<\/li>\n<li>Pour finir, il vous remettra un bilan complet ainsi qu&rsquo;une estimation fiable du prix de vente de votre bien.<\/li>\n<\/ol>\n<h3>Comment b&eacute;n&eacute;ficier d&rsquo;une estimation de son bien gratuitement &agrave; Morges<\/h3>\n<p>\nUtilisez le logiciel d&rsquo;estimation totalement gratuit de notre soci&eacute;t&eacute; Immobilierlocal ! Vous pouvez aussi faire appel &agrave; nos professionnels de l&rsquo;immobilier pour une estimation.\n<\/p>\n<h3>Quels sont les diff&eacute;rents param&egrave;tres qui peuvent faire &eacute;voluer le prix de vente de ma propri&eacute;t&eacute; &agrave; Morges ?<\/h3>\n<p>\nIl existe plusieurs param&egrave;tres qui font &eacute;voluer le prix de vente d&rsquo;une propri&eacute;t&eacute; immobili&egrave;re &agrave; Morges. Voici une liste des crit&egrave;res les plus importants :\n<\/p>\n<ul>\n<li>Le tourisme,<\/li>\n<li>le d&eacute;veloppement &eacute;conomique de la r&eacute;gion,<\/li>\n<li>le rapport entre le nombre de vendeurs et d&rsquo;acqu&eacute;reurs,<\/li>\n<li>la pr&eacute;sence de commodit&eacute;s (commerces, &eacute;coles, cabinet m&eacute;dical&#8230;).<\/li>\n<\/ul>\n<h3>Comment accro&icirc;tre le prix de vente de mon bien immobilier ?<\/h3>\n<p>\nPour faire &eacute;voluer le prix de vente de votre bien immobilier, voici quelques conseils &agrave; ne pas n&eacute;gliger :\n<\/p>\n<ul>\n<li>Assurez-vous que votre bien soit impeccable.<\/li>\n<li>Rangez et organisez l&rsquo;ensemble de vos affaires de fa&ccedil;on &agrave; ce que les visiteurs se projettent facilement dans le bien.<\/li>\n<li>Assurez-vous de mettre en avant les atouts de votre propri&eacute;t&eacute;.<\/li>\n<li>Si vous poss&eacute;dez une maison, mettez en valeur le terrain.<\/li>\n<\/ul>\n<h3>Quelle conduite &agrave; avoir vis-&agrave;-vis d&rsquo;un potentiel acqu&eacute;reur ?<\/h3>\n<ul>\n<li>Stipulez les forces de votre bien.<\/li>\n<li>R&eacute;pondez aux questions sans divulguer de fausses indications.<\/li>\n<li>&Eacute;coutez les propos de l&rsquo;acheteur et allez dans son sens sans le contredire.<\/li>\n<\/ul>\n<h3>Quels sont les documents &agrave; poss&eacute;der pour &eacute;valuer ma propri&eacute;t&eacute; immobili&egrave;re ?<\/h3>\n<ul>\n<li>Police assurance incendie compl&egrave;te<\/li>\n<li>Plan de niveau (si disponible)<\/li>\n<li>factures des diff&eacute;rents travaux r&eacute;alis&eacute;s (si disponible)<\/li>\n<li>Registre foncier (si disponible)<\/li>\n<li>Cadastre (si disponible)<\/li>\n<li>Descriptif de construction (si disponible)<\/li>\n<li>&Eacute;ventuellement : plan d&rsquo;affectation et le r&egrave;glement de construction<\/li>\n<\/ul>\n<p>\nPour les objets en PPE :\n<\/p>\n<ul>\n<li>Police assurance incendie compl&egrave;te de l&rsquo;immeuble (&agrave; demander &agrave; l&rsquo;administrateur)<\/li>\n<li>R&egrave;glement PPE<\/li>\n<li>Comptes PPE (3 derni&egrave;res ann&eacute;es)<\/li>\n<\/ul>\n<p>Estimation similaire dans les villes proches, comme : <br \/> Chavannes-pr\u00e8s-Renens, Ecublens VD, St-Sulpice VD, Denges, Echandens, Lonay, Pr\u00e9verenges, Villars-Ste-Croix, Bussigny, Echichens, St-Saphorin-sur-Morges, Colombier VD, Vullierens, Bremblens, Romanel-sur-Morges, Aclens, Monnaz, Vaux-sur-Morges, Clarmont, Reverolle, Tolochenaz, Lully VD, Chigny, Vufflens-le-Ch\u00e2teau, Denens, Bussy-Chardonney, St-Prex, Lussy-sur-Morges.<\/p>\n","protected":false},"excerpt":{"rendered":"<p>Obtenez une appr&eacute;ciation en ligne gratuite et fiable &agrave; Morges. Si n&eacute;cessaire, un expert viendra sur place pour proc&eacute;der &agrave; une &eacute;valuation plus pr&eacute;cise de votre bien. Vendez ou achetez votre bien immobilier au meilleur prix, en toute confiance avec Immobilierlocal. Derni&egrave;res estimations &agrave; Morges par secteur Estimation de la valeur des maisons &agrave; Morges [&hellip;]<\/p>\n","protected":false},"author":3,"featured_media":411,"parent":149,"menu_order":0,"comment_status":"closed","ping_status":"closed","template":"","meta":{"footnotes":""},"categories":[6],"profession":[],"location":[60],"canton":[],"class_list":["post-197","page","type-page","status-publish","has-post-thumbnail","hentry","category-estimation"],"yoast_head":"<!-- This site is optimized with the Yoast SEO Premium plugin v23.0 (Yoast SEO v27.3) - https:\/\/yoast.com\/product\/yoast-seo-premium-wordpress\/ -->\n<title>Estimation immobili\u00e8re \u00e0 Morges avril 2026 gratuite &amp; rapide - Immobilierlocal<\/title>\n<meta name=\"description\" content=\"D\u00e9couvrez le Prix moyen au m\u00b2 \u00e0 Morges en avril 2026 \u2705 Estimation gratuite de votre bien \u2705 Derni\u00e8res \u00e9volutions du march\u00e9.\" \/>\n<meta name=\"robots\" content=\"index, follow, max-snippet:-1, max-image-preview:large, max-video-preview:-1\" \/>\n<link rel=\"canonical\" href=\"https:\/\/www.immobilierlocal.ch\/c\/estimation-immobiliere-canton-vaud\/estimation-immobiliere-a-morges\/\" \/>\n<meta property=\"og:locale\" content=\"fr_FR\" \/>\n<meta property=\"og:type\" content=\"article\" \/>\n<meta property=\"og:title\" content=\"Estimation immobili\u00e8re \u00e0 Morges avril 2026 gratuite &amp; rapide\" \/>\n<meta property=\"og:description\" content=\"D\u00e9couvrez le Prix moyen au m\u00b2 \u00e0 Morges en avril 2026 \u2705 Estimation gratuite de votre bien \u2705 Derni\u00e8res \u00e9volutions du march\u00e9.\" \/>\n<meta property=\"og:url\" content=\"https:\/\/www.immobilierlocal.ch\/c\/estimation-immobiliere-canton-vaud\/estimation-immobiliere-a-morges\/\" \/>\n<meta property=\"og:site_name\" content=\"Immobilierlocal\" \/>\n<meta property=\"article:modified_time\" content=\"2024-08-05T18:28:24+00:00\" \/>\n<meta property=\"og:image\" content=\"https:\/\/www.immobilierlocal.ch\/c\/wp-content\/uploads\/2023\/10\/estimation-immobiliere-a-morges-1-scaled.jpg\" \/>\n\t<meta property=\"og:image:width\" content=\"2560\" \/>\n\t<meta property=\"og:image:height\" content=\"817\" \/>\n\t<meta property=\"og:image:type\" content=\"image\/jpeg\" \/>\n<meta name=\"twitter:card\" content=\"summary_large_image\" \/>\n<meta name=\"twitter:label1\" content=\"Dur\u00e9e de lecture estim\u00e9e\" \/>\n\t<meta name=\"twitter:data1\" content=\"7 minutes\" \/>\n<script type=\"application\/ld+json\" class=\"yoast-schema-graph\">{\"@context\":\"https:\\\/\\\/schema.org\",\"@graph\":[{\"@type\":\"WebPage\",\"@id\":\"https:\\\/\\\/www.immobilierlocal.ch\\\/c\\\/estimation-immobiliere-canton-vaud\\\/estimation-immobiliere-a-morges\\\/\",\"url\":\"https:\\\/\\\/www.immobilierlocal.ch\\\/c\\\/estimation-immobiliere-canton-vaud\\\/estimation-immobiliere-a-morges\\\/\",\"name\":\"Estimation immobili\u00e8re \u00e0 Morges - Immobilierlocal\",\"isPartOf\":{\"@id\":\"https:\\\/\\\/www.immobilierlocal.ch\\\/c\\\/#website\"},\"primaryImageOfPage\":{\"@id\":\"https:\\\/\\\/www.immobilierlocal.ch\\\/c\\\/estimation-immobiliere-canton-vaud\\\/estimation-immobiliere-a-morges\\\/#primaryimage\"},\"image\":{\"@id\":\"https:\\\/\\\/www.immobilierlocal.ch\\\/c\\\/estimation-immobiliere-canton-vaud\\\/estimation-immobiliere-a-morges\\\/#primaryimage\"},\"thumbnailUrl\":\"https:\\\/\\\/www.immobilierlocal.ch\\\/c\\\/wp-content\\\/uploads\\\/2023\\\/10\\\/estimation-immobiliere-a-morges-1-scaled.jpg\",\"datePublished\":\"2023-10-19T08:33:48+00:00\",\"dateModified\":\"2024-08-05T18:28:24+00:00\",\"breadcrumb\":{\"@id\":\"https:\\\/\\\/www.immobilierlocal.ch\\\/c\\\/estimation-immobiliere-canton-vaud\\\/estimation-immobiliere-a-morges\\\/#breadcrumb\"},\"inLanguage\":\"fr-FR\",\"potentialAction\":[{\"@type\":\"ReadAction\",\"target\":[\"https:\\\/\\\/www.immobilierlocal.ch\\\/c\\\/estimation-immobiliere-canton-vaud\\\/estimation-immobiliere-a-morges\\\/\"]}]},{\"@type\":\"ImageObject\",\"inLanguage\":\"fr-FR\",\"@id\":\"https:\\\/\\\/www.immobilierlocal.ch\\\/c\\\/estimation-immobiliere-canton-vaud\\\/estimation-immobiliere-a-morges\\\/#primaryimage\",\"url\":\"https:\\\/\\\/www.immobilierlocal.ch\\\/c\\\/wp-content\\\/uploads\\\/2023\\\/10\\\/estimation-immobiliere-a-morges-1-scaled.jpg\",\"contentUrl\":\"https:\\\/\\\/www.immobilierlocal.ch\\\/c\\\/wp-content\\\/uploads\\\/2023\\\/10\\\/estimation-immobiliere-a-morges-1-scaled.jpg\",\"width\":2560,\"height\":817,\"caption\":\"Estimation immobili\u00e8re \u00e0 Morges\"},{\"@type\":\"BreadcrumbList\",\"@id\":\"https:\\\/\\\/www.immobilierlocal.ch\\\/c\\\/estimation-immobiliere-canton-vaud\\\/estimation-immobiliere-a-morges\\\/#breadcrumb\",\"itemListElement\":[{\"@type\":\"ListItem\",\"position\":1,\"name\":\"Accueil\",\"item\":\"https:\\\/\\\/www.immobilierlocal.ch\\\/c\\\/\"},{\"@type\":\"ListItem\",\"position\":2,\"name\":\"Estimation immobili\u00e8re dans le canton de Vaud\",\"item\":\"https:\\\/\\\/www.immobilierlocal.ch\\\/c\\\/estimation-immobiliere-canton-vaud\\\/\"},{\"@type\":\"ListItem\",\"position\":3,\"name\":\"Estimation immobili\u00e8re \u00e0 Morges\"}]},{\"@type\":\"WebSite\",\"@id\":\"https:\\\/\\\/www.immobilierlocal.ch\\\/c\\\/#website\",\"url\":\"https:\\\/\\\/www.immobilierlocal.ch\\\/c\\\/\",\"name\":\"Immobilierlocal\",\"description\":\"\",\"publisher\":{\"@id\":\"https:\\\/\\\/www.immobilierlocal.ch\\\/c\\\/#organization\"},\"potentialAction\":[{\"@type\":\"SearchAction\",\"target\":{\"@type\":\"EntryPoint\",\"urlTemplate\":\"https:\\\/\\\/www.immobilierlocal.ch\\\/c\\\/?s={search_term_string}\"},\"query-input\":{\"@type\":\"PropertyValueSpecification\",\"valueRequired\":true,\"valueName\":\"search_term_string\"}}],\"inLanguage\":\"fr-FR\"},{\"@type\":\"Organization\",\"@id\":\"https:\\\/\\\/www.immobilierlocal.ch\\\/c\\\/#organization\",\"name\":\"Immobilierlocal\",\"url\":\"https:\\\/\\\/www.immobilierlocal.ch\\\/c\\\/\",\"logo\":{\"@type\":\"ImageObject\",\"inLanguage\":\"fr-FR\",\"@id\":\"https:\\\/\\\/www.immobilierlocal.ch\\\/c\\\/#\\\/schema\\\/logo\\\/image\\\/\",\"url\":\"https:\\\/\\\/www.immobilierlocal.ch\\\/c\\\/wp-content\\\/uploads\\\/2023\\\/10\\\/logo-immobilierlocal-h.svg\",\"contentUrl\":\"https:\\\/\\\/www.immobilierlocal.ch\\\/c\\\/wp-content\\\/uploads\\\/2023\\\/10\\\/logo-immobilierlocal-h.svg\",\"caption\":\"Immobilierlocal\"},\"image\":{\"@id\":\"https:\\\/\\\/www.immobilierlocal.ch\\\/c\\\/#\\\/schema\\\/logo\\\/image\\\/\"}}]}<\/script>\n<!-- \/ Yoast SEO Premium plugin. -->","yoast_head_json":{"title":"Estimation immobili\u00e8re \u00e0 Morges avril 2026 gratuite & rapide - Immobilierlocal","description":"D\u00e9couvrez le Prix moyen au m\u00b2 \u00e0 Morges en avril 2026 \u2705 Estimation gratuite de votre bien \u2705 Derni\u00e8res \u00e9volutions du march\u00e9.","robots":{"index":"index","follow":"follow","max-snippet":"max-snippet:-1","max-image-preview":"max-image-preview:large","max-video-preview":"max-video-preview:-1"},"canonical":"https:\/\/www.immobilierlocal.ch\/c\/estimation-immobiliere-canton-vaud\/estimation-immobiliere-a-morges\/","og_locale":"fr_FR","og_type":"article","og_title":"Estimation immobili\u00e8re \u00e0 Morges avril 2026 gratuite & rapide","og_description":"D\u00e9couvrez le Prix moyen au m\u00b2 \u00e0 Morges en avril 2026 \u2705 Estimation gratuite de votre bien \u2705 Derni\u00e8res \u00e9volutions du march\u00e9.","og_url":"https:\/\/www.immobilierlocal.ch\/c\/estimation-immobiliere-canton-vaud\/estimation-immobiliere-a-morges\/","og_site_name":"Immobilierlocal","article_modified_time":"2024-08-05T18:28:24+00:00","og_image":[{"width":2560,"height":817,"url":"https:\/\/www.immobilierlocal.ch\/c\/wp-content\/uploads\/2023\/10\/estimation-immobiliere-a-morges-1-scaled.jpg","type":"image\/jpeg"}],"twitter_card":"summary_large_image","twitter_misc":{"Dur\u00e9e de lecture estim\u00e9e":"7 minutes"},"schema":{"@context":"https:\/\/schema.org","@graph":[{"@type":"WebPage","@id":"https:\/\/www.immobilierlocal.ch\/c\/estimation-immobiliere-canton-vaud\/estimation-immobiliere-a-morges\/","url":"https:\/\/www.immobilierlocal.ch\/c\/estimation-immobiliere-canton-vaud\/estimation-immobiliere-a-morges\/","name":"Estimation immobili\u00e8re \u00e0 Morges - Immobilierlocal","isPartOf":{"@id":"https:\/\/www.immobilierlocal.ch\/c\/#website"},"primaryImageOfPage":{"@id":"https:\/\/www.immobilierlocal.ch\/c\/estimation-immobiliere-canton-vaud\/estimation-immobiliere-a-morges\/#primaryimage"},"image":{"@id":"https:\/\/www.immobilierlocal.ch\/c\/estimation-immobiliere-canton-vaud\/estimation-immobiliere-a-morges\/#primaryimage"},"thumbnailUrl":"https:\/\/www.immobilierlocal.ch\/c\/wp-content\/uploads\/2023\/10\/estimation-immobiliere-a-morges-1-scaled.jpg","datePublished":"2023-10-19T08:33:48+00:00","dateModified":"2024-08-05T18:28:24+00:00","breadcrumb":{"@id":"https:\/\/www.immobilierlocal.ch\/c\/estimation-immobiliere-canton-vaud\/estimation-immobiliere-a-morges\/#breadcrumb"},"inLanguage":"fr-FR","potentialAction":[{"@type":"ReadAction","target":["https:\/\/www.immobilierlocal.ch\/c\/estimation-immobiliere-canton-vaud\/estimation-immobiliere-a-morges\/"]}]},{"@type":"ImageObject","inLanguage":"fr-FR","@id":"https:\/\/www.immobilierlocal.ch\/c\/estimation-immobiliere-canton-vaud\/estimation-immobiliere-a-morges\/#primaryimage","url":"https:\/\/www.immobilierlocal.ch\/c\/wp-content\/uploads\/2023\/10\/estimation-immobiliere-a-morges-1-scaled.jpg","contentUrl":"https:\/\/www.immobilierlocal.ch\/c\/wp-content\/uploads\/2023\/10\/estimation-immobiliere-a-morges-1-scaled.jpg","width":2560,"height":817,"caption":"Estimation immobili\u00e8re \u00e0 Morges"},{"@type":"BreadcrumbList","@id":"https:\/\/www.immobilierlocal.ch\/c\/estimation-immobiliere-canton-vaud\/estimation-immobiliere-a-morges\/#breadcrumb","itemListElement":[{"@type":"ListItem","position":1,"name":"Accueil","item":"https:\/\/www.immobilierlocal.ch\/c\/"},{"@type":"ListItem","position":2,"name":"Estimation immobili\u00e8re dans le canton de Vaud","item":"https:\/\/www.immobilierlocal.ch\/c\/estimation-immobiliere-canton-vaud\/"},{"@type":"ListItem","position":3,"name":"Estimation immobili\u00e8re \u00e0 Morges"}]},{"@type":"WebSite","@id":"https:\/\/www.immobilierlocal.ch\/c\/#website","url":"https:\/\/www.immobilierlocal.ch\/c\/","name":"Immobilierlocal","description":"","publisher":{"@id":"https:\/\/www.immobilierlocal.ch\/c\/#organization"},"potentialAction":[{"@type":"SearchAction","target":{"@type":"EntryPoint","urlTemplate":"https:\/\/www.immobilierlocal.ch\/c\/?s={search_term_string}"},"query-input":{"@type":"PropertyValueSpecification","valueRequired":true,"valueName":"search_term_string"}}],"inLanguage":"fr-FR"},{"@type":"Organization","@id":"https:\/\/www.immobilierlocal.ch\/c\/#organization","name":"Immobilierlocal","url":"https:\/\/www.immobilierlocal.ch\/c\/","logo":{"@type":"ImageObject","inLanguage":"fr-FR","@id":"https:\/\/www.immobilierlocal.ch\/c\/#\/schema\/logo\/image\/","url":"https:\/\/www.immobilierlocal.ch\/c\/wp-content\/uploads\/2023\/10\/logo-immobilierlocal-h.svg","contentUrl":"https:\/\/www.immobilierlocal.ch\/c\/wp-content\/uploads\/2023\/10\/logo-immobilierlocal-h.svg","caption":"Immobilierlocal"},"image":{"@id":"https:\/\/www.immobilierlocal.ch\/c\/#\/schema\/logo\/image\/"}}]}},"_links":{"self":[{"href":"https:\/\/www.immobilierlocal.ch\/c\/wp-json\/wp\/v2\/pages\/197","targetHints":{"allow":["GET"]}}],"collection":[{"href":"https:\/\/www.immobilierlocal.ch\/c\/wp-json\/wp\/v2\/pages"}],"about":[{"href":"https:\/\/www.immobilierlocal.ch\/c\/wp-json\/wp\/v2\/types\/page"}],"author":[{"embeddable":true,"href":"https:\/\/www.immobilierlocal.ch\/c\/wp-json\/wp\/v2\/users\/3"}],"replies":[{"embeddable":true,"href":"https:\/\/www.immobilierlocal.ch\/c\/wp-json\/wp\/v2\/comments?post=197"}],"version-history":[{"count":0,"href":"https:\/\/www.immobilierlocal.ch\/c\/wp-json\/wp\/v2\/pages\/197\/revisions"}],"up":[{"embeddable":true,"href":"https:\/\/www.immobilierlocal.ch\/c\/wp-json\/wp\/v2\/pages\/149"}],"wp:featuredmedia":[{"embeddable":true,"href":"https:\/\/www.immobilierlocal.ch\/c\/wp-json\/wp\/v2\/media\/411"}],"wp:attachment":[{"href":"https:\/\/www.immobilierlocal.ch\/c\/wp-json\/wp\/v2\/media?parent=197"}],"wp:term":[{"taxonomy":"category","embeddable":true,"href":"https:\/\/www.immobilierlocal.ch\/c\/wp-json\/wp\/v2\/categories?post=197"},{"taxonomy":"profession","embeddable":true,"href":"https:\/\/www.immobilierlocal.ch\/c\/wp-json\/wp\/v2\/profession?post=197"},{"taxonomy":"location","embeddable":true,"href":"https:\/\/www.immobilierlocal.ch\/c\/wp-json\/wp\/v2\/location?post=197"},{"taxonomy":"canton","embeddable":true,"href":"https:\/\/www.immobilierlocal.ch\/c\/wp-json\/wp\/v2\/canton?post=197"}],"curies":[{"name":"wp","href":"https:\/\/api.w.org\/{rel}","templated":true}]}}