
{"id":193,"date":"2023-10-19T10:33:48","date_gmt":"2023-10-19T08:33:48","guid":{"rendered":"https:\/\/immobilierlocal.ch\/c\/193-2\/"},"modified":"2024-08-05T20:21:23","modified_gmt":"2024-08-05T18:21:23","slug":"estimation-immobiliere-a-coppet","status":"publish","type":"page","link":"https:\/\/www.immobilierlocal.ch\/c\/estimation-immobiliere-canton-vaud\/estimation-immobiliere-a-coppet\/","title":{"rendered":"Estimation immobili\u00e8re \u00e0 Coppet"},"content":{"rendered":"<p>Profitez d&rsquo;une &eacute;valuation en ligne gratuite et pr&eacute;cise &agrave; Coppet. Nous disposons &eacute;galement d&rsquo;agents immobiliers qui se d&eacute;placent chez vous afin de vous procurer une estimation plus pr&eacute;cise de votre bien. Vendre sa maison ou sa propri&eacute;t&eacute; avec Immobilierlocal, c&rsquo;est la garantie de vendre son bien au meilleur prix et en toute tranquillit&eacute;.<\/p>\n\n<h2>Derni&egrave;res estimations &agrave; Coppet par secteur<\/h2>\n<div class=\"estimates-lastest\"><ul><li>Pour un appartement 4.5 pi\u00e8ces \u00e0 Coppet, surface pond\u00e9r\u00e9e (m\u00b2) : 100, orientation Sud-Est\/Ouest, sans balcon, transports fr\u00e9quence soutenue, sans parking, commodit\u00e9s et \u00e9coles nombreuses, situation privil\u00e9gi\u00e9e, CHF 14'596 \/ m\u00b2<\/li><li>Pour un appartement 6.5 pi\u00e8ces \u00e0 Coppet, surface pond\u00e9r\u00e9e (m\u00b2) : 105, orientation Ouest, avec balcon, transports fr\u00e9quence r\u00e9guli\u00e8re, avec parking, commodit\u00e9s et \u00e9coles nombreuses, situation ordinaire, CHF 13'202 \/ m\u00b2<\/li><li>Pour un appartement 6.5 pi\u00e8ces \u00e0 Coppet, surface pond\u00e9r\u00e9e (m\u00b2) : 115, orientation Ouest, sans balcon, transports fr\u00e9quence r\u00e9guli\u00e8re, avec parking, commodit\u00e9s et \u00e9coles nombreuses, situation ordinaire, CHF 12'406 \/ m\u00b2<\/li><\/ul><\/div>\n<h2>Evaluation des prix des maisons &agrave; Coppet par nombre de pi&egrave;ces<\/h2>\n<div class=\"estimates-room\"><ul><li>Pour une maison 5 pi\u00e8ces \u00e0 Coppet, volume (m\u00b3) : 1057.5 et terrain (m\u00b2) : 650, transports fr\u00e9quence soutenue, commodit\u00e9s et \u00e9coles nombreuses, situation ordinaire, CHF 10'237 \/ m\u00b2<\/li><li>Pour une maison 5 pi\u00e8ces \u00e0 Coppet, volume (m\u00b3) : 1170 et terrain (m\u00b2) : 1100, transports fr\u00e9quence soutenue, commodit\u00e9s et \u00e9coles nombreuses, situation ordinaire, CHF 12'860 \/ m\u00b2<\/li><li>Pour une maison 5 pi\u00e8ces \u00e0 Coppet, volume (m\u00b3) : 720 et terrain (m\u00b2) : 350, transports fr\u00e9quence r\u00e9guli\u00e8re, commodit\u00e9s et \u00e9coles nombreuses, situation privil\u00e9gi\u00e9e, CHF 10'649 \/ m\u00b2<\/li><\/ul><\/div><div class=\"iframe-text\">Estimer maintenant votre bien immobilier<\/div><iframe id=\"estimer\" src=\"https:\/\/www.immobilierlocal.ch\/estimer?iframe=1\" frameborder=\"0\" loading=\"lazy\" width=\"100%\" height=\"1000\" style=\"overflow-x:hidden;\" referrerpolicy=\"no-referrer-when-downgrade\" title=\"Estimation immobili\u00e8re\"><\/iframe>\n<h2>Comment faire &eacute;valuer la valeur d&rsquo;un bien immobilier &agrave; Coppet ?<\/h2>\n<h3>1. Estimation gratuite de votre maison &agrave; Coppet en ligne avec notre soci&eacute;t&eacute; Immobilierlocal<\/h3>\n<p>\nD&eacute;couvrez la valeur r&eacute;elle de votre bien en moins de 5 minutes gr&acirc;ce &agrave; notre instrument d&rsquo;&eacute;valuation en ligne gratuit.<\/p>\n<p>Vous devez nous fournir votre adresse et les d&eacute;tails de votre maison, comme :\n<\/p>\n<ul>\n<li>La situation (environnement, vue et transports).<\/li>\n<li>L&rsquo;orientation et l&rsquo;exposition de la maison.<\/li>\n<li>Le nombre de pi&egrave;ces.<\/li>\n<li>La surface habitable.<\/li>\n<li>Les dimensions du terrain.<\/li>\n<li>L&rsquo;ann&eacute;e de construction.<\/li>\n<li>L&rsquo;&eacute;tat global de votre maison.<\/li>\n<li>Les travaux effectu&eacute;s dans votre maison et leur ann&eacute;e.<\/li>\n<\/ul>\n<h3>2. &Eacute;valuation offerte de votre appartement &agrave; Coppet sur internet avec Immobilierlocal<\/h3>\n<p>\nPour conna&icirc;tre la valeur sur le march&eacute; de l&rsquo;immobilier de votre logement &agrave; Coppet, utilisez notre instrument en ligne d&rsquo;estimation immobili&egrave;re. En un instant vous aurez connaissance du prix de vente de votre appartement.<\/p>\n<p>Pour obtenir la meilleure &eacute;valuation, vous devrez nous procurer les caract&eacute;ristiques de votre appartement, apr&egrave;s avoir indiqu&eacute; votre adresse, comme :\n<\/p>\n<ul>\n<li>L&rsquo;environnement de votre appartement.<\/li>\n<li>L&rsquo;orientation.<\/li>\n<li>Le nombre de pi&egrave;ces.<\/li>\n<li>Les diff&eacute;rentes surfaces (habitable, garage, balcon&#8230;).<\/li>\n<li>Parking int&eacute;rieur et\/ou ext&eacute;rieur.<\/li>\n<li>L&rsquo;ann&eacute;e de construction.<\/li>\n<li>L&rsquo;&eacute;tat g&eacute;n&eacute;ral.<\/li>\n<li>Les diff&eacute;rentes r&eacute;novations effectu&eacute;es.<\/li>\n<li>Le montant du &laquo;fonds de r&eacute;novation PPE&raquo;.<\/li>\n<\/ul>\n<h3>3. Faire &eacute;valuer sa maison ou son appartement par un sp&eacute;cialiste &agrave; Coppet<\/h3>\n<p>\nNous poss&eacute;dons de nombreux agents immobiliers &agrave; Coppet qui se d&eacute;placent &agrave; votre domicile pour examiner votre maison avant d&rsquo;effectuer une &eacute;valuation de votre maison. Il examinera &eacute;galement certains documents tels que les plans cadastraux ou le registre foncier pour vous fournir une estimation la plus compl&egrave;te possible.<\/p>\n<p>Pour effectuer notre estimation, nous consid&eacute;rons &eacute;galement l&rsquo;&eacute;tat du march&eacute; immobilier actuel &agrave; Coppet. Nous serons &agrave; vos c&ocirc;t&eacute;s afin de vous donner quelques conseils afin d&rsquo;augmenter la valeur de votre bien &agrave; Coppet.<\/p>\n<p>Faites confiance &agrave; Immobilierlocal et recevez tout de suite une estimation de la valeur de votre bien.\n<\/p>\n<h3>4. Est-il int&eacute;ressant de comparer son bien avec les biens semblables en vente &agrave; Coppet ?<\/h3>\n<p>\nOui, il est pertinent d&rsquo;&eacute;tudier les autres biens mis en vente, comparer votre propri&eacute;t&eacute; avec les annonces immobili&egrave;res &agrave; Coppet vous permet d&rsquo;obtenir une fourchette rapide de la valorisation de votre maison ou appartement.\n<\/p>\n<h2>Comment vendre son bien immobilier au meilleur prix &agrave; Coppet ?<\/h2>\n<p>\nPour vendre rapidement votre bien immobilier, contactez Immobilierlocal !\n<\/p>\n<h3>1. Pourquoi contacter un sp&eacute;cialiste comme Immobilierlocal ?<\/h3>\n<p>\nImmobilierlocal vous met en relation avec un sp&eacute;cialiste situ&eacute; dans la ville de Coppet.\n<\/p>\n<h3>2. B&eacute;n&eacute;ficiez d&rsquo;une &eacute;valuation pr&eacute;cise et adapt&eacute;e &agrave; la situation immobili&egrave;re actuelle<\/h3>\n<p>\nImmobilierlocal et ses collaborateurs analysent les prix des biens similaires pr&eacute;sents actuellement sur le march&eacute; ainsi que ceux qui ont &eacute;t&eacute; r&eacute;cemment vendus, dans le but de vous proposer le prix de vente le plus &eacute;lev&eacute; possible tout en restant concurrentiels.\n<\/p>\n<h3>3. Sublimer votre bien avec Immobilierlocal<\/h3>\n<p>\nImmobilierlocal et ses collaborateurs effectuent des s&eacute;ances photo pour sublimer votre bien.\n<\/p>\n<h3>4. Augmenter la visibilit&eacute; de votre maison ou appartement et le nombre de potentiels acheteurs sur internet<\/h3>\n<p>\nImmobilierlocal et ses collaborateurs vous permettent de diffuser votre annonce sur de nombreux portails web sp&eacute;cialis&eacute;s dans l&rsquo;immobilier afin de la pr&eacute;senter au maximum d&rsquo;acqu&eacute;reurs potentiels.\n<\/p>\n<h3>5. S&eacute;lectionnez la meilleure offre<\/h3>\n<p>\nNous trions l&rsquo;ensemble des offres que nous recevons afin de vous pr&eacute;senter uniquement celles qui peuvent vous int&eacute;resser.\n<\/p>\n<h3>6. N&eacute;gociez le meilleur prix<\/h3>\n<p>\nNotre expert r&eacute;pertorie tous les documents et les informations possibles pour vous mettre en position de force afin de le vendre au meilleur prix, voici la liste des documents n&eacute;cessaires :\n<\/p>\n<ul>\n<li>Les factures de r&eacute;novations,<\/li>\n<li>les plans architecturaux,<\/li>\n<li>la liste des avantages environnementaux (commerces, &eacute;coles de proximit&eacute;&#8230;),<\/li>\n<li>le d&eacute;veloppement &eacute;conomique &agrave; Coppet et de sa r&eacute;gion.<\/li>\n<\/ul>\n<h2>Quel est l&rsquo;&eacute;tat du march&eacute; immobilier &agrave; Coppet ?<\/h2>\n<h3>&Eacute;valuation de la valeur des maisons &agrave; Coppet<\/h3>\n<p class=\"estimates-house-range\">Les prix des maisons \u00e0 Coppet varient de CHF 1'703'805 \u00e0 CHF 3'343'560 en moyenne.<\/p>\n<h3>&Eacute;valuation de la valeur des appartements &agrave; Coppet<\/h3>\n<p class=\"estimates-house-range\">Les prix des appartements \u00e0 Coppet varient de CHF 1'419'203 \u00e0 CHF 1'459'620 en moyenne.<\/p>\n<h3>&Eacute;valuation du prix des terrains &agrave; Coppet<\/h3>\n<p class=\"estimates-land\">Les prix moyens des terrains \u00e0 Coppet sont de CHF 1'979 \/ m\u00b2 (prix par m\u00e8tre carr\u00e9).<\/p>\n<h2>Questions souvent pos&eacute;es sur l&rsquo;estimation immobili&egrave;re<\/h2>\n<h3>Quel est le co&ucirc;t d&rsquo;une &eacute;valuation immobili&egrave;re &agrave; Coppet ?<\/h3>\n<p>\nLe prix d&rsquo;une &eacute;valuation immobili&egrave;re &agrave; Coppet fluctue selon la nature du bien. Que vous ayez une demeure de luxe ou une maison plus classique, les frais peuvent aller de CHF 150 &agrave; CHF 1&rsquo;500.<\/p>\n<p>Cependant, si vous faites appel &agrave; l&rsquo;entreprise Immobilierlocal, vous b&eacute;n&eacute;ficiez d&rsquo;une &eacute;valuation gratuite en ligne de votre propri&eacute;t&eacute;, sans engagement de votre c&ocirc;t&eacute;. De plus, notre logiciel d&rsquo;estimation en ligne est totalement gratuit et vous certifie une des &eacute;valuations les plus pr&eacute;cises en ligne du march&eacute;. Notre r&eacute;sultat tient compte des indicateurs &eacute;conomiques du moment, ainsi que du la situation conjoncturelle suisse.\n<\/p>\n<h3>Qui peut &eacute;valuer un bien immobilier &agrave; Coppet ?<\/h3>\n<p>\nSi vous souhaitez obtenir une estimation plus pr&eacute;cise, il faudra contacter un sp&eacute;cialiste qui se rend chez vous pour examiner votre bien. Cette personne peut &ecirc;tre un agent immobilier, un architecte ou vous pouvez &eacute;galement regarder avec votre banque.\n<\/p>\n<h3>Comment un agent immobilier &eacute;value un bien &agrave; Coppet ?<\/h3>\n<ol>\n<li>Pour commencer : l&rsquo;expert se rend sur place pour proc&eacute;der &agrave; une visite d&eacute;taill&eacute;e de votre demeure.<\/li>\n<li>Ensuite : il examine les textes en lien avec l&rsquo;achat et l&rsquo;entretien de votre demeure.<\/li>\n<li>Il r&eacute;alise une &eacute;tude approfondie de la situation immobili&egrave;re en comparant votre propri&eacute;t&eacute; aux autres biens actuellement en vente et en &eacute;tudiant les prix des ventes pass&eacute;es &agrave; Coppet.<\/li>\n<li>Pour finir, il vous donnera un rapport complet et une estimation fiable de la valeur de votre bien.<\/li>\n<\/ol>\n<h3>Comment faire &eacute;valuer une propri&eacute;t&eacute; immobili&egrave;re gratuitement &agrave; Coppet ?<\/h3>\n<p>\nUtilisez l&rsquo;outil d&rsquo;&eacute;valuation 100% gratuit de notre soci&eacute;t&eacute; Immobilierlocal ! Vous pouvez &eacute;galement faire appel &agrave; nos experts de l&rsquo;immobilier pour une &eacute;valuation.\n<\/p>\n<h3>Quels facteurs influencent la valeur de ma propri&eacute;t&eacute; &agrave; Coppet ?<\/h3>\n<p>\nIl y a diff&eacute;rents param&egrave;tres qui influencent le prix de vente d&rsquo;un bien immobilier &agrave; Coppet. Voici une liste des facteurs les plus consid&eacute;rables :\n<\/p>\n<ul>\n<li>l&rsquo;attrait touristique de la ville,<\/li>\n<li>l&rsquo;activit&eacute; &eacute;conomique du secteur,<\/li>\n<li>l&rsquo;offre et demande,<\/li>\n<li>la pr&eacute;sence de commodit&eacute;s (commerces, &eacute;coles, cabinet m&eacute;dical&#8230;).<\/li>\n<\/ul>\n<h3>Comment accro&icirc;tre le prix de vente de mon bien immobilier ?<\/h3>\n<p>\nPour augmenter la valeur de votre bien immobilier, suivez ces conseils :\n<\/p>\n<ul>\n<li>Assurez-vous que votre bien soit irr&eacute;prochable.<\/li>\n<li>Rangez toutes vos affaires de fa&ccedil;on &agrave; ce que les visiteurs se projettent facilement dans le bien.<\/li>\n<li>Assurez-vous de mettre en avant les forces de votre propri&eacute;t&eacute;.<\/li>\n<li>Si vous poss&eacute;dez une maison, valoriser le terrain.<\/li>\n<\/ul>\n<h3>Comment se comporter face &agrave; un potentiel acqu&eacute;reur ?<\/h3>\n<ul>\n<li>Mentionnez les points forts de votre propri&eacute;t&eacute;.<\/li>\n<li>R&eacute;pondez &agrave; ses interrogations pr&eacute;cis&eacute;ment et honn&ecirc;tement.<\/li>\n<li>Soyez &agrave; l&rsquo;&eacute;coute de l&rsquo;acqu&eacute;reur et ne cherchez pas &agrave; le contredire.<\/li>\n<\/ul>\n<h3>Quels sont les documents &agrave; poss&eacute;der afin d&rsquo;estimer mon bien immobilier ?<\/h3>\n<ul>\n<li>Police assurance incendie compl&egrave;te<\/li>\n<li>Plan de niveau (si disponible)<\/li>\n<li>factures des diff&eacute;rents travaux r&eacute;alis&eacute;s (si disponible)<\/li>\n<li>Registre foncier (si disponible)<\/li>\n<li>Plan cadastral (si disponible)<\/li>\n<li>Descriptif de construction (si disponible)<\/li>\n<li>&Eacute;ventuellement : plan d&rsquo;affectation et le r&egrave;glement de construction<\/li>\n<\/ul>\n<p>\nPour les objets en PPE :\n<\/p>\n<ul>\n<li>Police assurance incendie compl&egrave;te de l&rsquo;immeuble (&agrave; demander &agrave; l&rsquo;administrateur)<\/li>\n<li>R&egrave;glement PPE<\/li>\n<li>Comptes PPE (3 derni&egrave;res ann&eacute;es)<\/li>\n<\/ul>\n<p>Estimation similaire dans les villes proches, comme : <br \/> Bogis-Bossey, Chavannes-de-Bogis, Chavannes-des-Bois, Versoix, Commugny, Bellevue, Genthod, Mies, Tannay, Founex, C\u00e9ligny.<\/p>\n","protected":false},"excerpt":{"rendered":"<p>Profitez d&rsquo;une &eacute;valuation en ligne gratuite et pr&eacute;cise &agrave; Coppet. Nous disposons &eacute;galement d&rsquo;agents immobiliers qui se d&eacute;placent chez vous afin de vous procurer une estimation plus pr&eacute;cise de votre bien. Vendre sa maison ou sa propri&eacute;t&eacute; avec Immobilierlocal, c&rsquo;est la garantie de vendre son bien au meilleur prix et en toute tranquillit&eacute;. Derni&egrave;res estimations [&hellip;]<\/p>\n","protected":false},"author":3,"featured_media":407,"parent":149,"menu_order":0,"comment_status":"closed","ping_status":"closed","template":"","meta":{"footnotes":""},"categories":[6],"profession":[],"location":[56],"canton":[],"class_list":["post-193","page","type-page","status-publish","has-post-thumbnail","hentry","category-estimation"],"yoast_head":"<!-- This site is optimized with the Yoast SEO Premium plugin v23.0 (Yoast SEO v27.3) - https:\/\/yoast.com\/product\/yoast-seo-premium-wordpress\/ -->\n<title>Estimation immobili\u00e8re \u00e0 Coppet avril 2026 gratuite &amp; rapide - Immobilierlocal<\/title>\n<meta name=\"description\" content=\"D\u00e9couvrez le Prix moyen au m\u00b2 \u00e0 Coppet en avril 2026 \u2705 Estimation gratuite de votre bien \u2705 Derni\u00e8res \u00e9volutions du march\u00e9.\" \/>\n<meta name=\"robots\" content=\"index, follow, max-snippet:-1, max-image-preview:large, max-video-preview:-1\" \/>\n<link rel=\"canonical\" href=\"https:\/\/www.immobilierlocal.ch\/c\/estimation-immobiliere-canton-vaud\/estimation-immobiliere-a-coppet\/\" \/>\n<meta property=\"og:locale\" content=\"fr_FR\" \/>\n<meta property=\"og:type\" content=\"article\" \/>\n<meta property=\"og:title\" content=\"Estimation immobili\u00e8re \u00e0 Coppet avril 2026 gratuite &amp; rapide\" \/>\n<meta property=\"og:description\" content=\"D\u00e9couvrez le Prix moyen au m\u00b2 \u00e0 Coppet en avril 2026 \u2705 Estimation gratuite de votre bien \u2705 Derni\u00e8res \u00e9volutions du march\u00e9.\" \/>\n<meta property=\"og:url\" content=\"https:\/\/www.immobilierlocal.ch\/c\/estimation-immobiliere-canton-vaud\/estimation-immobiliere-a-coppet\/\" \/>\n<meta property=\"og:site_name\" content=\"Immobilierlocal\" \/>\n<meta property=\"article:modified_time\" content=\"2024-08-05T18:21:23+00:00\" \/>\n<meta property=\"og:image\" content=\"https:\/\/www.immobilierlocal.ch\/c\/wp-content\/uploads\/2023\/10\/estimation-immobiliere-a-coppet-1-scaled.jpg\" \/>\n\t<meta property=\"og:image:width\" content=\"2560\" \/>\n\t<meta property=\"og:image:height\" content=\"817\" \/>\n\t<meta property=\"og:image:type\" content=\"image\/jpeg\" \/>\n<meta name=\"twitter:card\" content=\"summary_large_image\" \/>\n<meta name=\"twitter:label1\" content=\"Dur\u00e9e de lecture estim\u00e9e\" \/>\n\t<meta name=\"twitter:data1\" content=\"7 minutes\" \/>\n<script type=\"application\/ld+json\" class=\"yoast-schema-graph\">{\"@context\":\"https:\\\/\\\/schema.org\",\"@graph\":[{\"@type\":\"WebPage\",\"@id\":\"https:\\\/\\\/www.immobilierlocal.ch\\\/c\\\/estimation-immobiliere-canton-vaud\\\/estimation-immobiliere-a-coppet\\\/\",\"url\":\"https:\\\/\\\/www.immobilierlocal.ch\\\/c\\\/estimation-immobiliere-canton-vaud\\\/estimation-immobiliere-a-coppet\\\/\",\"name\":\"Estimation immobili\u00e8re \u00e0 Coppet - Immobilierlocal\",\"isPartOf\":{\"@id\":\"https:\\\/\\\/www.immobilierlocal.ch\\\/c\\\/#website\"},\"primaryImageOfPage\":{\"@id\":\"https:\\\/\\\/www.immobilierlocal.ch\\\/c\\\/estimation-immobiliere-canton-vaud\\\/estimation-immobiliere-a-coppet\\\/#primaryimage\"},\"image\":{\"@id\":\"https:\\\/\\\/www.immobilierlocal.ch\\\/c\\\/estimation-immobiliere-canton-vaud\\\/estimation-immobiliere-a-coppet\\\/#primaryimage\"},\"thumbnailUrl\":\"https:\\\/\\\/www.immobilierlocal.ch\\\/c\\\/wp-content\\\/uploads\\\/2023\\\/10\\\/estimation-immobiliere-a-coppet-1-scaled.jpg\",\"datePublished\":\"2023-10-19T08:33:48+00:00\",\"dateModified\":\"2024-08-05T18:21:23+00:00\",\"breadcrumb\":{\"@id\":\"https:\\\/\\\/www.immobilierlocal.ch\\\/c\\\/estimation-immobiliere-canton-vaud\\\/estimation-immobiliere-a-coppet\\\/#breadcrumb\"},\"inLanguage\":\"fr-FR\",\"potentialAction\":[{\"@type\":\"ReadAction\",\"target\":[\"https:\\\/\\\/www.immobilierlocal.ch\\\/c\\\/estimation-immobiliere-canton-vaud\\\/estimation-immobiliere-a-coppet\\\/\"]}]},{\"@type\":\"ImageObject\",\"inLanguage\":\"fr-FR\",\"@id\":\"https:\\\/\\\/www.immobilierlocal.ch\\\/c\\\/estimation-immobiliere-canton-vaud\\\/estimation-immobiliere-a-coppet\\\/#primaryimage\",\"url\":\"https:\\\/\\\/www.immobilierlocal.ch\\\/c\\\/wp-content\\\/uploads\\\/2023\\\/10\\\/estimation-immobiliere-a-coppet-1-scaled.jpg\",\"contentUrl\":\"https:\\\/\\\/www.immobilierlocal.ch\\\/c\\\/wp-content\\\/uploads\\\/2023\\\/10\\\/estimation-immobiliere-a-coppet-1-scaled.jpg\",\"width\":2560,\"height\":817,\"caption\":\"Estimation immobili\u00e8re \u00e0 Coppet\"},{\"@type\":\"BreadcrumbList\",\"@id\":\"https:\\\/\\\/www.immobilierlocal.ch\\\/c\\\/estimation-immobiliere-canton-vaud\\\/estimation-immobiliere-a-coppet\\\/#breadcrumb\",\"itemListElement\":[{\"@type\":\"ListItem\",\"position\":1,\"name\":\"Accueil\",\"item\":\"https:\\\/\\\/www.immobilierlocal.ch\\\/c\\\/\"},{\"@type\":\"ListItem\",\"position\":2,\"name\":\"Estimation immobili\u00e8re dans le canton de Vaud\",\"item\":\"https:\\\/\\\/www.immobilierlocal.ch\\\/c\\\/estimation-immobiliere-canton-vaud\\\/\"},{\"@type\":\"ListItem\",\"position\":3,\"name\":\"Estimation immobili\u00e8re \u00e0 Coppet\"}]},{\"@type\":\"WebSite\",\"@id\":\"https:\\\/\\\/www.immobilierlocal.ch\\\/c\\\/#website\",\"url\":\"https:\\\/\\\/www.immobilierlocal.ch\\\/c\\\/\",\"name\":\"Immobilierlocal\",\"description\":\"\",\"publisher\":{\"@id\":\"https:\\\/\\\/www.immobilierlocal.ch\\\/c\\\/#organization\"},\"potentialAction\":[{\"@type\":\"SearchAction\",\"target\":{\"@type\":\"EntryPoint\",\"urlTemplate\":\"https:\\\/\\\/www.immobilierlocal.ch\\\/c\\\/?s={search_term_string}\"},\"query-input\":{\"@type\":\"PropertyValueSpecification\",\"valueRequired\":true,\"valueName\":\"search_term_string\"}}],\"inLanguage\":\"fr-FR\"},{\"@type\":\"Organization\",\"@id\":\"https:\\\/\\\/www.immobilierlocal.ch\\\/c\\\/#organization\",\"name\":\"Immobilierlocal\",\"url\":\"https:\\\/\\\/www.immobilierlocal.ch\\\/c\\\/\",\"logo\":{\"@type\":\"ImageObject\",\"inLanguage\":\"fr-FR\",\"@id\":\"https:\\\/\\\/www.immobilierlocal.ch\\\/c\\\/#\\\/schema\\\/logo\\\/image\\\/\",\"url\":\"https:\\\/\\\/www.immobilierlocal.ch\\\/c\\\/wp-content\\\/uploads\\\/2023\\\/10\\\/logo-immobilierlocal-h.svg\",\"contentUrl\":\"https:\\\/\\\/www.immobilierlocal.ch\\\/c\\\/wp-content\\\/uploads\\\/2023\\\/10\\\/logo-immobilierlocal-h.svg\",\"caption\":\"Immobilierlocal\"},\"image\":{\"@id\":\"https:\\\/\\\/www.immobilierlocal.ch\\\/c\\\/#\\\/schema\\\/logo\\\/image\\\/\"}}]}<\/script>\n<!-- \/ Yoast SEO Premium plugin. -->","yoast_head_json":{"title":"Estimation immobili\u00e8re \u00e0 Coppet avril 2026 gratuite & rapide - Immobilierlocal","description":"D\u00e9couvrez le Prix moyen au m\u00b2 \u00e0 Coppet en avril 2026 \u2705 Estimation gratuite de votre bien \u2705 Derni\u00e8res \u00e9volutions du march\u00e9.","robots":{"index":"index","follow":"follow","max-snippet":"max-snippet:-1","max-image-preview":"max-image-preview:large","max-video-preview":"max-video-preview:-1"},"canonical":"https:\/\/www.immobilierlocal.ch\/c\/estimation-immobiliere-canton-vaud\/estimation-immobiliere-a-coppet\/","og_locale":"fr_FR","og_type":"article","og_title":"Estimation immobili\u00e8re \u00e0 Coppet avril 2026 gratuite & rapide","og_description":"D\u00e9couvrez le Prix moyen au m\u00b2 \u00e0 Coppet en avril 2026 \u2705 Estimation gratuite de votre bien \u2705 Derni\u00e8res \u00e9volutions du march\u00e9.","og_url":"https:\/\/www.immobilierlocal.ch\/c\/estimation-immobiliere-canton-vaud\/estimation-immobiliere-a-coppet\/","og_site_name":"Immobilierlocal","article_modified_time":"2024-08-05T18:21:23+00:00","og_image":[{"width":2560,"height":817,"url":"https:\/\/www.immobilierlocal.ch\/c\/wp-content\/uploads\/2023\/10\/estimation-immobiliere-a-coppet-1-scaled.jpg","type":"image\/jpeg"}],"twitter_card":"summary_large_image","twitter_misc":{"Dur\u00e9e de lecture estim\u00e9e":"7 minutes"},"schema":{"@context":"https:\/\/schema.org","@graph":[{"@type":"WebPage","@id":"https:\/\/www.immobilierlocal.ch\/c\/estimation-immobiliere-canton-vaud\/estimation-immobiliere-a-coppet\/","url":"https:\/\/www.immobilierlocal.ch\/c\/estimation-immobiliere-canton-vaud\/estimation-immobiliere-a-coppet\/","name":"Estimation immobili\u00e8re \u00e0 Coppet - Immobilierlocal","isPartOf":{"@id":"https:\/\/www.immobilierlocal.ch\/c\/#website"},"primaryImageOfPage":{"@id":"https:\/\/www.immobilierlocal.ch\/c\/estimation-immobiliere-canton-vaud\/estimation-immobiliere-a-coppet\/#primaryimage"},"image":{"@id":"https:\/\/www.immobilierlocal.ch\/c\/estimation-immobiliere-canton-vaud\/estimation-immobiliere-a-coppet\/#primaryimage"},"thumbnailUrl":"https:\/\/www.immobilierlocal.ch\/c\/wp-content\/uploads\/2023\/10\/estimation-immobiliere-a-coppet-1-scaled.jpg","datePublished":"2023-10-19T08:33:48+00:00","dateModified":"2024-08-05T18:21:23+00:00","breadcrumb":{"@id":"https:\/\/www.immobilierlocal.ch\/c\/estimation-immobiliere-canton-vaud\/estimation-immobiliere-a-coppet\/#breadcrumb"},"inLanguage":"fr-FR","potentialAction":[{"@type":"ReadAction","target":["https:\/\/www.immobilierlocal.ch\/c\/estimation-immobiliere-canton-vaud\/estimation-immobiliere-a-coppet\/"]}]},{"@type":"ImageObject","inLanguage":"fr-FR","@id":"https:\/\/www.immobilierlocal.ch\/c\/estimation-immobiliere-canton-vaud\/estimation-immobiliere-a-coppet\/#primaryimage","url":"https:\/\/www.immobilierlocal.ch\/c\/wp-content\/uploads\/2023\/10\/estimation-immobiliere-a-coppet-1-scaled.jpg","contentUrl":"https:\/\/www.immobilierlocal.ch\/c\/wp-content\/uploads\/2023\/10\/estimation-immobiliere-a-coppet-1-scaled.jpg","width":2560,"height":817,"caption":"Estimation immobili\u00e8re \u00e0 Coppet"},{"@type":"BreadcrumbList","@id":"https:\/\/www.immobilierlocal.ch\/c\/estimation-immobiliere-canton-vaud\/estimation-immobiliere-a-coppet\/#breadcrumb","itemListElement":[{"@type":"ListItem","position":1,"name":"Accueil","item":"https:\/\/www.immobilierlocal.ch\/c\/"},{"@type":"ListItem","position":2,"name":"Estimation immobili\u00e8re dans le canton de Vaud","item":"https:\/\/www.immobilierlocal.ch\/c\/estimation-immobiliere-canton-vaud\/"},{"@type":"ListItem","position":3,"name":"Estimation immobili\u00e8re \u00e0 Coppet"}]},{"@type":"WebSite","@id":"https:\/\/www.immobilierlocal.ch\/c\/#website","url":"https:\/\/www.immobilierlocal.ch\/c\/","name":"Immobilierlocal","description":"","publisher":{"@id":"https:\/\/www.immobilierlocal.ch\/c\/#organization"},"potentialAction":[{"@type":"SearchAction","target":{"@type":"EntryPoint","urlTemplate":"https:\/\/www.immobilierlocal.ch\/c\/?s={search_term_string}"},"query-input":{"@type":"PropertyValueSpecification","valueRequired":true,"valueName":"search_term_string"}}],"inLanguage":"fr-FR"},{"@type":"Organization","@id":"https:\/\/www.immobilierlocal.ch\/c\/#organization","name":"Immobilierlocal","url":"https:\/\/www.immobilierlocal.ch\/c\/","logo":{"@type":"ImageObject","inLanguage":"fr-FR","@id":"https:\/\/www.immobilierlocal.ch\/c\/#\/schema\/logo\/image\/","url":"https:\/\/www.immobilierlocal.ch\/c\/wp-content\/uploads\/2023\/10\/logo-immobilierlocal-h.svg","contentUrl":"https:\/\/www.immobilierlocal.ch\/c\/wp-content\/uploads\/2023\/10\/logo-immobilierlocal-h.svg","caption":"Immobilierlocal"},"image":{"@id":"https:\/\/www.immobilierlocal.ch\/c\/#\/schema\/logo\/image\/"}}]}},"_links":{"self":[{"href":"https:\/\/www.immobilierlocal.ch\/c\/wp-json\/wp\/v2\/pages\/193","targetHints":{"allow":["GET"]}}],"collection":[{"href":"https:\/\/www.immobilierlocal.ch\/c\/wp-json\/wp\/v2\/pages"}],"about":[{"href":"https:\/\/www.immobilierlocal.ch\/c\/wp-json\/wp\/v2\/types\/page"}],"author":[{"embeddable":true,"href":"https:\/\/www.immobilierlocal.ch\/c\/wp-json\/wp\/v2\/users\/3"}],"replies":[{"embeddable":true,"href":"https:\/\/www.immobilierlocal.ch\/c\/wp-json\/wp\/v2\/comments?post=193"}],"version-history":[{"count":0,"href":"https:\/\/www.immobilierlocal.ch\/c\/wp-json\/wp\/v2\/pages\/193\/revisions"}],"up":[{"embeddable":true,"href":"https:\/\/www.immobilierlocal.ch\/c\/wp-json\/wp\/v2\/pages\/149"}],"wp:featuredmedia":[{"embeddable":true,"href":"https:\/\/www.immobilierlocal.ch\/c\/wp-json\/wp\/v2\/media\/407"}],"wp:attachment":[{"href":"https:\/\/www.immobilierlocal.ch\/c\/wp-json\/wp\/v2\/media?parent=193"}],"wp:term":[{"taxonomy":"category","embeddable":true,"href":"https:\/\/www.immobilierlocal.ch\/c\/wp-json\/wp\/v2\/categories?post=193"},{"taxonomy":"profession","embeddable":true,"href":"https:\/\/www.immobilierlocal.ch\/c\/wp-json\/wp\/v2\/profession?post=193"},{"taxonomy":"location","embeddable":true,"href":"https:\/\/www.immobilierlocal.ch\/c\/wp-json\/wp\/v2\/location?post=193"},{"taxonomy":"canton","embeddable":true,"href":"https:\/\/www.immobilierlocal.ch\/c\/wp-json\/wp\/v2\/canton?post=193"}],"curies":[{"name":"wp","href":"https:\/\/api.w.org\/{rel}","templated":true}]}}