
{"id":191,"date":"2023-10-19T10:33:48","date_gmt":"2023-10-19T08:33:48","guid":{"rendered":"https:\/\/immobilierlocal.ch\/c\/191-2\/"},"modified":"2024-08-05T20:21:16","modified_gmt":"2024-08-05T18:21:16","slug":"estimation-immobiliere-a-aubonne","status":"publish","type":"page","link":"https:\/\/www.immobilierlocal.ch\/c\/estimation-immobiliere-canton-vaud\/estimation-immobiliere-a-aubonne\/","title":{"rendered":"Estimation immobili\u00e8re \u00e0 Aubonne"},"content":{"rendered":"<p>Estimez simplement la valeur de votre maison &agrave; Aubonne avec Immobilierlocal. Nous disposons &eacute;galement d&rsquo;agents immobiliers qui se rendent chez vous afin de vous procurer une &eacute;valuation plus d&eacute;taill&eacute;e de votre bien. Vendez ou acqu&eacute;rez votre bien immobilier &agrave; un tarif imbattable, en toute confiance avec Immobilierlocal.<\/p>\n\n<h2>Derni&egrave;res estimations &agrave; Aubonne par secteur<\/h2>\n<div class=\"estimates-lastest\"><ul><li>Pour un appartement 5 pi\u00e8ces \u00e0 Aubonne, surface pond\u00e9r\u00e9e (m\u00b2) : 115, orientation Ouest, avec balcon, transports fr\u00e9quence limit\u00e9e, sans parking, commodit\u00e9s et \u00e9coles limit\u00e9es, situation ordinaire, CHF 7'494 \/ m\u00b2<\/li><li>Pour un appartement 6 pi\u00e8ces \u00e0 Aubonne, surface pond\u00e9r\u00e9e (m\u00b2) : 115, orientation Ouest, avec balcon, transports fr\u00e9quence limit\u00e9e, avec parking, commodit\u00e9s et \u00e9coles limit\u00e9es, situation ordinaire, CHF 8'662 \/ m\u00b2<\/li><li>Pour un appartement 4.5 pi\u00e8ces \u00e0 Aubonne, surface pond\u00e9r\u00e9e (m\u00b2) : 120, orientation Ouest, avec balcon, transports fr\u00e9quence limit\u00e9e, avec parking, commodit\u00e9s et \u00e9coles limit\u00e9es, situation ordinaire, CHF 7'803 \/ m\u00b2<\/li><\/ul><\/div>\n<h2>Estimation des prix des maisons &agrave; Aubonne par nombre de pi&egrave;ces<\/h2>\n<div class=\"estimates-room\"><ul><li>Pour une maison 6.5 pi\u00e8ces \u00e0 Aubonne, volume (m\u00b3) : 720 et terrain (m\u00b2) : 500, transports fr\u00e9quence limit\u00e9e, commodit\u00e9s et \u00e9coles limit\u00e9es, situation ordinaire, CHF 8'254 \/ m\u00b2<\/li><li>Pour une maison 6 pi\u00e8ces \u00e0 Aubonne, volume (m\u00b3) : 1057.5 et terrain (m\u00b2) : 350, transports fr\u00e9quence limit\u00e9e, commodit\u00e9s et \u00e9coles limit\u00e9es, situation ordinaire, CHF 6'143 \/ m\u00b2<\/li><li>Pour une maison 6 pi\u00e8ces \u00e0 Aubonne, volume (m\u00b3) : 1170 et terrain (m\u00b2) : 1100, transports fr\u00e9quence limit\u00e9e, commodit\u00e9s et \u00e9coles limit\u00e9es, situation ordinaire, CHF 8'204 \/ m\u00b2<\/li><\/ul><\/div><div class=\"iframe-text\">Estimer maintenant votre bien immobilier<\/div><iframe id=\"estimer\" src=\"https:\/\/www.immobilierlocal.ch\/estimer?iframe=1\" frameborder=\"0\" loading=\"lazy\" width=\"100%\" height=\"1000\" style=\"overflow-x:hidden;\" referrerpolicy=\"no-referrer-when-downgrade\" title=\"Estimation immobili\u00e8re\"><\/iframe>\n<h2>Comment savoir la valeur de son bien immobilier &agrave; Aubonne ?<\/h2>\n<h3>1. &Eacute;valuation offerte de votre maison &agrave; Aubonne en ligne avec notre agence Immobilierlocal<\/h3>\n<p>\nUtilisez notre logiciel d&rsquo;estimation en ligne pour savoir la valeur de votre maison en quelques clics.<\/p>\n<p>Pour une &eacute;valuation conforme, nous aurons &eacute;galement besoin des caract&eacute;ristiques suivantes :\n<\/p>\n<ul>\n<li>L&rsquo;environnement de la propri&eacute;t&eacute; (acc&egrave;s aux transports, vis &agrave; vis, commodit&eacute;s proches&#8230;).<\/li>\n<li>L&rsquo;orientation et l&rsquo;exposition de la maison.<\/li>\n<li>Le nombre de pi&egrave;ces.<\/li>\n<li>La surface habitable ou le volume.<\/li>\n<li>La surface du terrain.<\/li>\n<li>L&rsquo;ann&eacute;e de construction.<\/li>\n<li>L&rsquo;&eacute;tat global de votre maison.<\/li>\n<li>L&rsquo;ann&eacute;e et le co&ucirc;t des derni&egrave;res r&eacute;novations, des plus-values et\/ou des am&eacute;nagements.<\/li>\n<\/ul>\n<h3>2. Estimation offerte de votre appartement &agrave; Aubonne sur internet avec Immobilierlocal<\/h3>\n<p>\nObtenez la valeur immobili&egrave;re de votre bien en 3 minutes gr&acirc;ce &agrave; notre outil d&rsquo;estimation en ligne gratuit. Obtenez une estimation pr&eacute;cise de votre appartement &agrave; Aubonne en 5 clics.<\/p>\n<p>Afin d&rsquo;obtenir une &eacute;valuation pr&eacute;cise, vous devrez nous indiquer les d&eacute;tails de votre propri&eacute;t&eacute;, apr&egrave;s avoir ins&eacute;r&eacute; votre adresse, comme :\n<\/p>\n<ul>\n<li>La situation (environnement, vue et transports).<\/li>\n<li>L&rsquo;orientation.<\/li>\n<li>Le nombre de pi&egrave;ces.<\/li>\n<li>Les diff&eacute;rentes surfaces (habitable, garage, balcon&#8230;).<\/li>\n<li>La pr&eacute;sence d&rsquo;un ou plusieurs parkings.<\/li>\n<li>L&rsquo;ann&eacute;e de construction.<\/li>\n<li>L&rsquo;&eacute;tat g&eacute;n&eacute;ral.<\/li>\n<li>Les diff&eacute;rentes r&eacute;novations effectu&eacute;es.<\/li>\n<li>Le montant du &laquo;fonds de r&eacute;novation PPE&raquo;.<\/li>\n<\/ul>\n<h3>3. Proc&eacute;der &agrave; une &eacute;valuation immobili&egrave;re de sa maison par un agent immobilier &agrave; Aubonne<\/h3>\n<p>\nNos experts situ&eacute;s &agrave; Aubonne se rendent chez vous pour r&eacute;aliser une appr&eacute;ciation de votre maison ou de votre appartement. En &eacute;tudiant les dossiers tels que le registre foncier, les plans d&rsquo;architecte et le plan cadastral, ils vous fournissent un rapport d&rsquo;estimation complet.<\/p>\n<p>L&rsquo;&eacute;valuation prend en compte aussi la demande, et le march&eacute; immobilier de Aubonne afin de vous donner la valeur de votre domicile. Une fois l&rsquo;expertise accomplie, des astuces vous seront donn&eacute;es pour valoriser votre propri&eacute;t&eacute;.<\/p>\n<p>Profitez d&egrave;s &agrave; pr&eacute;sent d&rsquo;une estimation r&eacute;elle et sans engagement de votre bien avec Immobilierlocal.\n<\/p>\n<h3>4. Est-il pertinent d&rsquo;analyser les biens semblables en vente &agrave; Aubonne ?<\/h3>\n<p>\nOui, il est pertinent d&rsquo;&eacute;tudier les autres biens mis en vente, comparer votre bien avec les annonces immobili&egrave;res &agrave; Aubonne vous permet d&rsquo;obtenir une fourchette rapide de la valeur de votre maison ou appartement.\n<\/p>\n<h2>Comment vendre son bien immobilier au meilleur prix &agrave; Aubonne ?<\/h2>\n<p>\nAvec Immobilierlocal, vous d&eacute;l&eacute;guez la vente de votre bien &agrave; des professionnels de l&rsquo;immobilier ! Vous avez l&rsquo;assurance d&rsquo;une vente rapide au meilleur prix.\n<\/p>\n<h3>1. Pourquoi contacter un expert comme Immobilierlocal ?<\/h3>\n<p>\nImmobilierlocal permet de vous mettre en contact avec un sp&eacute;cialiste situ&eacute; dans la ville de Aubonne.\n<\/p>\n<h3>2. Obtenez une &eacute;valuation pr&eacute;cise et adapt&eacute;e au march&eacute; immobilier actuel<\/h3>\n<p>\nNotre agence Immobilierlocal recense toutes les annonces &agrave; Aubonne ainsi que tous les biens qui ont derni&egrave;rement trouv&eacute; un acqu&eacute;reur. Cela nous permet d&rsquo;avoir une analyse tr&egrave;s fine du march&eacute; immobilier, et de vous proposer le bon prix de vente.\n<\/p>\n<h3>3. Sublimer votre propri&eacute;t&eacute; avec Immobilierlocal<\/h3>\n<p>\nImmobilierlocal et ses partenaires r&eacute;alisent des s&eacute;ances photo pour mettre en avant les atouts de votre propri&eacute;t&eacute;.\n<\/p>\n<h3>4. Assurez-vous que votre annonce immobili&egrave;re soit visible sur internet<\/h3>\n<p>\nAfin qu&rsquo;un maximum d&rsquo;acheteurs potentiels puisse voir votre bien, nous mettons en ligne votre annonce sur l&rsquo;ensemble de nos sites internet et ceux de nos collaborateurs.\n<\/p>\n<h3>5. Choisissez l&rsquo;offre la plus int&eacute;ressante<\/h3>\n<p>\nNous trions l&rsquo;ensemble des offres qui nous parviennent dans le but de vous pr&eacute;senter uniquement celles qui pourraient vous int&eacute;resser.\n<\/p>\n<h3>6. &Ecirc;tre en position de force lors des n&eacute;gociations<\/h3>\n<p>\nNotre sp&eacute;cialiste rassemble tous les documents et les informations possibles pour vous mettre en position de force afin de le vendre au meilleur prix, voici la liste des documents n&eacute;cessaires :\n<\/p>\n<ul>\n<li>Les factures de r&eacute;novations,<\/li>\n<li>les plans architecturaux,<\/li>\n<li>la liste des avantages environnementaux (commerces, &eacute;coles de proximit&eacute;&#8230;),<\/li>\n<li>le d&eacute;veloppement &eacute;conomique &agrave; Aubonne et de sa r&eacute;gion.<\/li>\n<\/ul>\n<h2>Quel est l&rsquo;&eacute;tat du march&eacute; immobilier &agrave; Aubonne ?<\/h2>\n<h3>&Eacute;valuation de la valeur des maisons &agrave; Aubonne<\/h3>\n<p class=\"estimates-house-range\">Les prix des maisons \u00e0 Aubonne varient de CHF 1'320'660 \u00e0 CHF 2'132'950 en moyenne.<\/p>\n<h3>&Eacute;valuation de la valeur des appartements &agrave; Aubonne<\/h3>\n<p class=\"estimates-house-range\">Les prix des appartements \u00e0 Aubonne varient de CHF 880'590 \u00e0 CHF 1'039'441 en moyenne.<\/p>\n<h3>Estimation de la valeur des terrains &agrave; Aubonne<\/h3>\n<p class=\"estimates-land\">Les prix moyens des terrains \u00e0 Aubonne sont de CHF 1'012 \/ m\u00b2 (prix par m\u00e8tre carr\u00e9).<\/p>\n<h2>Questions fr&eacute;quentes sur l&rsquo;&eacute;valuation immobili&egrave;re<\/h2>\n<h3>Combien co&ucirc;te une &eacute;valuation immobili&egrave;re &agrave; Aubonne ?<\/h3>\n<p>\nA Aubonne, cela peut fluctuer entre CHF 150 et CHF 1500. Cela va d&eacute;pendre de la nature de votre propri&eacute;t&eacute; et de ses dimensions.<\/p>\n<p>Cependant, avec notre outil d&rsquo;&eacute;valuation en ligne de notre soci&eacute;t&eacute; Immobilierlocal, vous n&rsquo;aurez rien &agrave; d&eacute;bourser ! Notre instrument a &eacute;t&eacute; &eacute;labor&eacute; pendant plusieurs ann&eacute;es afin qu&rsquo;il soit le plus fiable possible. Il prend en compte la situation immobili&egrave;re actuelle et des sp&eacute;cificit&eacute;s de votre bien.\n<\/p>\n<h3>Qui peut estimer une propri&eacute;taire immobili&egrave;re &agrave; Aubonne ?<\/h3>\n<p>\nPour une &eacute;valuation immobili&egrave;re pr&eacute;cise, vous avez plusieurs possibilit&eacute;s, vous pouvez faire appel &agrave; un professionnel des &eacute;valuations immobili&egrave;res, &agrave; un architecte, &agrave; un courtier en immobilier ou encore &agrave; une banque.\n<\/p>\n<h3>Comment se d&eacute;roule l&rsquo;estimation d&rsquo;un bien &agrave; Aubonne ?<\/h3>\n<ol>\n<li>Pour la premi&egrave;re &eacute;tape, un agent se rend &agrave; votre domicile afin d&rsquo;effectuer une visite approfondie du bien en vente.<\/li>\n<li>Par la suite : il analyse les documents en lien avec l&rsquo;achat et l&rsquo;entretien de votre demeure.<\/li>\n<li>Il effectue une analyse approfondie du march&eacute; immobilier en confrontant votre propri&eacute;t&eacute; aux propri&eacute;t&eacute;s actuellement en vente et en examinant les prix des ventes pass&eacute;es &agrave; Aubonne.<\/li>\n<li>Derni&egrave;rement, il vous donnera un rapport d&eacute;taill&eacute; ainsi qu&rsquo;une &eacute;valuation fiable du prix de vente de votre propri&eacute;t&eacute; immobili&egrave;re.<\/li>\n<\/ol>\n<h3>Comment faire &eacute;valuer une propri&eacute;t&eacute; immobili&egrave;re gratuitement &agrave; Aubonne ?<\/h3>\n<p>\nProfitez d&rsquo;une &eacute;valuation gratuite et pr&eacute;cise en moins de 3 minutes avec l&rsquo;outil d&rsquo;estimation Immobilierlocal, ou prenez contact avec l&rsquo;un de nos agents immobiliers pour obtenir une estimation offerte de votre bien, sans aucun engagement.\n<\/p>\n<h3>Quels crit&egrave;res influencent la valeur de mon bien &agrave; Aubonne ?<\/h3>\n<p>\nIl y a plusieurs crit&egrave;res qui influent sur le prix de vente d&rsquo;un bien immobilier &agrave; Aubonne. Voici une liste des crit&egrave;res les plus importants :\n<\/p>\n<ul>\n<li>L&rsquo;activit&eacute; touristique,<\/li>\n<li>le d&eacute;veloppement &eacute;conomique de la r&eacute;gion,<\/li>\n<li>l&rsquo;offre et demande,<\/li>\n<li>la pr&eacute;sence de commodit&eacute;s (commerces, &eacute;tablissements scolaires, pharmacies&#8230;).<\/li>\n<\/ul>\n<h3>Comment augmenter le prix de vente de mon bien immobilier ?<\/h3>\n<p>\nPour faire &eacute;voluer la valeur de votre bien immobilier, suivez ces conseils :\n<\/p>\n<ul>\n<li>Votre bien doit toujours &ecirc;tre impeccable pour les s&eacute;ances photo et lors des visites.<\/li>\n<li>Rangez toutes vos affaires de fa&ccedil;on &agrave; ce que les visiteurs se projettent facilement dans le bien.<\/li>\n<li>Accentuez les points forts de votre logement.<\/li>\n<li>Assurez-vous de valoriser le terrain si vous avez une maison.<\/li>\n<\/ul>\n<h3>Comment se comporter face &agrave; un potentiel acqu&eacute;reur ?<\/h3>\n<ul>\n<li>Parlez-lui des diff&eacute;rents atouts de votre bien.<\/li>\n<li>R&eacute;pondez aux questions sans divulguer de fausses indications.<\/li>\n<li>Soyez &agrave; l&rsquo;&eacute;coute de l&rsquo;acqu&eacute;reur et ne cherchez pas &agrave; le contredire.<\/li>\n<\/ul>\n<h3>Quels sont les dossiers &agrave; avoir afin d&rsquo;&eacute;valuer ma propri&eacute;t&eacute; immobili&egrave;re ?<\/h3>\n<ul>\n<li>Police assurance incendie compl&egrave;te<\/li>\n<li>Plan de niveau (si disponible)<\/li>\n<li>factures des diff&eacute;rents travaux r&eacute;alis&eacute;s (si disponible)<\/li>\n<li>Registre foncier (si disponible)<\/li>\n<li>Plan cadastral (si disponible)<\/li>\n<li>Descriptif de construction (si disponible)<\/li>\n<li>&Eacute;ventuellement : plan d&rsquo;affectation et le r&egrave;glement de construction<\/li>\n<\/ul>\n<p>\nPour les objets en PPE :\n<\/p>\n<ul>\n<li>Police assurance incendie compl&egrave;te de l&rsquo;immeuble (&agrave; demander &agrave; l&rsquo;administrateur)<\/li>\n<li>R&egrave;glement PPE<\/li>\n<li>Comptes PPE (3 derni&egrave;res ann&eacute;es)<\/li>\n<\/ul>\n<p>Estimation similaire dans les villes proches, comme : <br \/> Apples, Ballens, Bi\u00e8re, Mollens VD, Berolle, Etoy, Buchillon, Allaman, Perroy, Villars-sous-Yens, Yens, Bougy-Villars, F\u00e9chy, Pizy, Montherod, Lavigny, St-Livres, Saubraz.<\/p>\n","protected":false},"excerpt":{"rendered":"<p>Estimez simplement la valeur de votre maison &agrave; Aubonne avec Immobilierlocal. Nous disposons &eacute;galement d&rsquo;agents immobiliers qui se rendent chez vous afin de vous procurer une &eacute;valuation plus d&eacute;taill&eacute;e de votre bien. Vendez ou acqu&eacute;rez votre bien immobilier &agrave; un tarif imbattable, en toute confiance avec Immobilierlocal. Derni&egrave;res estimations &agrave; Aubonne par secteur Estimation des [&hellip;]<\/p>\n","protected":false},"author":3,"featured_media":405,"parent":149,"menu_order":0,"comment_status":"closed","ping_status":"closed","template":"","meta":{"footnotes":""},"categories":[6],"profession":[],"location":[54],"canton":[],"class_list":["post-191","page","type-page","status-publish","has-post-thumbnail","hentry","category-estimation"],"yoast_head":"<!-- This site is optimized with the Yoast SEO Premium plugin v23.0 (Yoast SEO v27.3) - https:\/\/yoast.com\/product\/yoast-seo-premium-wordpress\/ -->\n<title>Estimation immobili\u00e8re \u00e0 Aubonne avril 2026 gratuite &amp; rapide - Immobilierlocal<\/title>\n<meta name=\"description\" content=\"D\u00e9couvrez le Prix moyen au m\u00b2 \u00e0 Aubonne en avril 2026 \u2705 Estimation gratuite de votre bien \u2705 Derni\u00e8res \u00e9volutions du march\u00e9.\" \/>\n<meta name=\"robots\" content=\"index, follow, max-snippet:-1, max-image-preview:large, max-video-preview:-1\" \/>\n<link rel=\"canonical\" href=\"https:\/\/www.immobilierlocal.ch\/c\/estimation-immobiliere-canton-vaud\/estimation-immobiliere-a-aubonne\/\" \/>\n<meta property=\"og:locale\" content=\"fr_FR\" \/>\n<meta property=\"og:type\" content=\"article\" \/>\n<meta property=\"og:title\" content=\"Estimation immobili\u00e8re \u00e0 Aubonne avril 2026 gratuite &amp; rapide\" \/>\n<meta property=\"og:description\" content=\"D\u00e9couvrez le Prix moyen au m\u00b2 \u00e0 Aubonne en avril 2026 \u2705 Estimation gratuite de votre bien \u2705 Derni\u00e8res \u00e9volutions du march\u00e9.\" \/>\n<meta property=\"og:url\" content=\"https:\/\/www.immobilierlocal.ch\/c\/estimation-immobiliere-canton-vaud\/estimation-immobiliere-a-aubonne\/\" \/>\n<meta property=\"og:site_name\" content=\"Immobilierlocal\" \/>\n<meta property=\"article:modified_time\" content=\"2024-08-05T18:21:16+00:00\" \/>\n<meta property=\"og:image\" content=\"https:\/\/www.immobilierlocal.ch\/c\/wp-content\/uploads\/2023\/10\/estimation-immobiliere-a-aubonne-1-scaled.jpg\" \/>\n\t<meta property=\"og:image:width\" content=\"2560\" \/>\n\t<meta property=\"og:image:height\" content=\"817\" \/>\n\t<meta property=\"og:image:type\" content=\"image\/jpeg\" \/>\n<meta name=\"twitter:card\" content=\"summary_large_image\" \/>\n<meta name=\"twitter:label1\" content=\"Dur\u00e9e de lecture estim\u00e9e\" \/>\n\t<meta name=\"twitter:data1\" content=\"7 minutes\" \/>\n<script type=\"application\/ld+json\" class=\"yoast-schema-graph\">{\"@context\":\"https:\\\/\\\/schema.org\",\"@graph\":[{\"@type\":\"WebPage\",\"@id\":\"https:\\\/\\\/www.immobilierlocal.ch\\\/c\\\/estimation-immobiliere-canton-vaud\\\/estimation-immobiliere-a-aubonne\\\/\",\"url\":\"https:\\\/\\\/www.immobilierlocal.ch\\\/c\\\/estimation-immobiliere-canton-vaud\\\/estimation-immobiliere-a-aubonne\\\/\",\"name\":\"Estimation immobili\u00e8re \u00e0 Aubonne - Immobilierlocal\",\"isPartOf\":{\"@id\":\"https:\\\/\\\/www.immobilierlocal.ch\\\/c\\\/#website\"},\"primaryImageOfPage\":{\"@id\":\"https:\\\/\\\/www.immobilierlocal.ch\\\/c\\\/estimation-immobiliere-canton-vaud\\\/estimation-immobiliere-a-aubonne\\\/#primaryimage\"},\"image\":{\"@id\":\"https:\\\/\\\/www.immobilierlocal.ch\\\/c\\\/estimation-immobiliere-canton-vaud\\\/estimation-immobiliere-a-aubonne\\\/#primaryimage\"},\"thumbnailUrl\":\"https:\\\/\\\/www.immobilierlocal.ch\\\/c\\\/wp-content\\\/uploads\\\/2023\\\/10\\\/estimation-immobiliere-a-aubonne-1-scaled.jpg\",\"datePublished\":\"2023-10-19T08:33:48+00:00\",\"dateModified\":\"2024-08-05T18:21:16+00:00\",\"breadcrumb\":{\"@id\":\"https:\\\/\\\/www.immobilierlocal.ch\\\/c\\\/estimation-immobiliere-canton-vaud\\\/estimation-immobiliere-a-aubonne\\\/#breadcrumb\"},\"inLanguage\":\"fr-FR\",\"potentialAction\":[{\"@type\":\"ReadAction\",\"target\":[\"https:\\\/\\\/www.immobilierlocal.ch\\\/c\\\/estimation-immobiliere-canton-vaud\\\/estimation-immobiliere-a-aubonne\\\/\"]}]},{\"@type\":\"ImageObject\",\"inLanguage\":\"fr-FR\",\"@id\":\"https:\\\/\\\/www.immobilierlocal.ch\\\/c\\\/estimation-immobiliere-canton-vaud\\\/estimation-immobiliere-a-aubonne\\\/#primaryimage\",\"url\":\"https:\\\/\\\/www.immobilierlocal.ch\\\/c\\\/wp-content\\\/uploads\\\/2023\\\/10\\\/estimation-immobiliere-a-aubonne-1-scaled.jpg\",\"contentUrl\":\"https:\\\/\\\/www.immobilierlocal.ch\\\/c\\\/wp-content\\\/uploads\\\/2023\\\/10\\\/estimation-immobiliere-a-aubonne-1-scaled.jpg\",\"width\":2560,\"height\":817,\"caption\":\"Estimation immobili\u00e8re \u00e0 Aubonne\"},{\"@type\":\"BreadcrumbList\",\"@id\":\"https:\\\/\\\/www.immobilierlocal.ch\\\/c\\\/estimation-immobiliere-canton-vaud\\\/estimation-immobiliere-a-aubonne\\\/#breadcrumb\",\"itemListElement\":[{\"@type\":\"ListItem\",\"position\":1,\"name\":\"Accueil\",\"item\":\"https:\\\/\\\/www.immobilierlocal.ch\\\/c\\\/\"},{\"@type\":\"ListItem\",\"position\":2,\"name\":\"Estimation immobili\u00e8re dans le canton de Vaud\",\"item\":\"https:\\\/\\\/www.immobilierlocal.ch\\\/c\\\/estimation-immobiliere-canton-vaud\\\/\"},{\"@type\":\"ListItem\",\"position\":3,\"name\":\"Estimation immobili\u00e8re \u00e0 Aubonne\"}]},{\"@type\":\"WebSite\",\"@id\":\"https:\\\/\\\/www.immobilierlocal.ch\\\/c\\\/#website\",\"url\":\"https:\\\/\\\/www.immobilierlocal.ch\\\/c\\\/\",\"name\":\"Immobilierlocal\",\"description\":\"\",\"publisher\":{\"@id\":\"https:\\\/\\\/www.immobilierlocal.ch\\\/c\\\/#organization\"},\"potentialAction\":[{\"@type\":\"SearchAction\",\"target\":{\"@type\":\"EntryPoint\",\"urlTemplate\":\"https:\\\/\\\/www.immobilierlocal.ch\\\/c\\\/?s={search_term_string}\"},\"query-input\":{\"@type\":\"PropertyValueSpecification\",\"valueRequired\":true,\"valueName\":\"search_term_string\"}}],\"inLanguage\":\"fr-FR\"},{\"@type\":\"Organization\",\"@id\":\"https:\\\/\\\/www.immobilierlocal.ch\\\/c\\\/#organization\",\"name\":\"Immobilierlocal\",\"url\":\"https:\\\/\\\/www.immobilierlocal.ch\\\/c\\\/\",\"logo\":{\"@type\":\"ImageObject\",\"inLanguage\":\"fr-FR\",\"@id\":\"https:\\\/\\\/www.immobilierlocal.ch\\\/c\\\/#\\\/schema\\\/logo\\\/image\\\/\",\"url\":\"https:\\\/\\\/www.immobilierlocal.ch\\\/c\\\/wp-content\\\/uploads\\\/2023\\\/10\\\/logo-immobilierlocal-h.svg\",\"contentUrl\":\"https:\\\/\\\/www.immobilierlocal.ch\\\/c\\\/wp-content\\\/uploads\\\/2023\\\/10\\\/logo-immobilierlocal-h.svg\",\"caption\":\"Immobilierlocal\"},\"image\":{\"@id\":\"https:\\\/\\\/www.immobilierlocal.ch\\\/c\\\/#\\\/schema\\\/logo\\\/image\\\/\"}}]}<\/script>\n<!-- \/ Yoast SEO Premium plugin. -->","yoast_head_json":{"title":"Estimation immobili\u00e8re \u00e0 Aubonne avril 2026 gratuite & rapide - Immobilierlocal","description":"D\u00e9couvrez le Prix moyen au m\u00b2 \u00e0 Aubonne en avril 2026 \u2705 Estimation gratuite de votre bien \u2705 Derni\u00e8res \u00e9volutions du march\u00e9.","robots":{"index":"index","follow":"follow","max-snippet":"max-snippet:-1","max-image-preview":"max-image-preview:large","max-video-preview":"max-video-preview:-1"},"canonical":"https:\/\/www.immobilierlocal.ch\/c\/estimation-immobiliere-canton-vaud\/estimation-immobiliere-a-aubonne\/","og_locale":"fr_FR","og_type":"article","og_title":"Estimation immobili\u00e8re \u00e0 Aubonne avril 2026 gratuite & rapide","og_description":"D\u00e9couvrez le Prix moyen au m\u00b2 \u00e0 Aubonne en avril 2026 \u2705 Estimation gratuite de votre bien \u2705 Derni\u00e8res \u00e9volutions du march\u00e9.","og_url":"https:\/\/www.immobilierlocal.ch\/c\/estimation-immobiliere-canton-vaud\/estimation-immobiliere-a-aubonne\/","og_site_name":"Immobilierlocal","article_modified_time":"2024-08-05T18:21:16+00:00","og_image":[{"width":2560,"height":817,"url":"https:\/\/www.immobilierlocal.ch\/c\/wp-content\/uploads\/2023\/10\/estimation-immobiliere-a-aubonne-1-scaled.jpg","type":"image\/jpeg"}],"twitter_card":"summary_large_image","twitter_misc":{"Dur\u00e9e de lecture estim\u00e9e":"7 minutes"},"schema":{"@context":"https:\/\/schema.org","@graph":[{"@type":"WebPage","@id":"https:\/\/www.immobilierlocal.ch\/c\/estimation-immobiliere-canton-vaud\/estimation-immobiliere-a-aubonne\/","url":"https:\/\/www.immobilierlocal.ch\/c\/estimation-immobiliere-canton-vaud\/estimation-immobiliere-a-aubonne\/","name":"Estimation immobili\u00e8re \u00e0 Aubonne - Immobilierlocal","isPartOf":{"@id":"https:\/\/www.immobilierlocal.ch\/c\/#website"},"primaryImageOfPage":{"@id":"https:\/\/www.immobilierlocal.ch\/c\/estimation-immobiliere-canton-vaud\/estimation-immobiliere-a-aubonne\/#primaryimage"},"image":{"@id":"https:\/\/www.immobilierlocal.ch\/c\/estimation-immobiliere-canton-vaud\/estimation-immobiliere-a-aubonne\/#primaryimage"},"thumbnailUrl":"https:\/\/www.immobilierlocal.ch\/c\/wp-content\/uploads\/2023\/10\/estimation-immobiliere-a-aubonne-1-scaled.jpg","datePublished":"2023-10-19T08:33:48+00:00","dateModified":"2024-08-05T18:21:16+00:00","breadcrumb":{"@id":"https:\/\/www.immobilierlocal.ch\/c\/estimation-immobiliere-canton-vaud\/estimation-immobiliere-a-aubonne\/#breadcrumb"},"inLanguage":"fr-FR","potentialAction":[{"@type":"ReadAction","target":["https:\/\/www.immobilierlocal.ch\/c\/estimation-immobiliere-canton-vaud\/estimation-immobiliere-a-aubonne\/"]}]},{"@type":"ImageObject","inLanguage":"fr-FR","@id":"https:\/\/www.immobilierlocal.ch\/c\/estimation-immobiliere-canton-vaud\/estimation-immobiliere-a-aubonne\/#primaryimage","url":"https:\/\/www.immobilierlocal.ch\/c\/wp-content\/uploads\/2023\/10\/estimation-immobiliere-a-aubonne-1-scaled.jpg","contentUrl":"https:\/\/www.immobilierlocal.ch\/c\/wp-content\/uploads\/2023\/10\/estimation-immobiliere-a-aubonne-1-scaled.jpg","width":2560,"height":817,"caption":"Estimation immobili\u00e8re \u00e0 Aubonne"},{"@type":"BreadcrumbList","@id":"https:\/\/www.immobilierlocal.ch\/c\/estimation-immobiliere-canton-vaud\/estimation-immobiliere-a-aubonne\/#breadcrumb","itemListElement":[{"@type":"ListItem","position":1,"name":"Accueil","item":"https:\/\/www.immobilierlocal.ch\/c\/"},{"@type":"ListItem","position":2,"name":"Estimation immobili\u00e8re dans le canton de Vaud","item":"https:\/\/www.immobilierlocal.ch\/c\/estimation-immobiliere-canton-vaud\/"},{"@type":"ListItem","position":3,"name":"Estimation immobili\u00e8re \u00e0 Aubonne"}]},{"@type":"WebSite","@id":"https:\/\/www.immobilierlocal.ch\/c\/#website","url":"https:\/\/www.immobilierlocal.ch\/c\/","name":"Immobilierlocal","description":"","publisher":{"@id":"https:\/\/www.immobilierlocal.ch\/c\/#organization"},"potentialAction":[{"@type":"SearchAction","target":{"@type":"EntryPoint","urlTemplate":"https:\/\/www.immobilierlocal.ch\/c\/?s={search_term_string}"},"query-input":{"@type":"PropertyValueSpecification","valueRequired":true,"valueName":"search_term_string"}}],"inLanguage":"fr-FR"},{"@type":"Organization","@id":"https:\/\/www.immobilierlocal.ch\/c\/#organization","name":"Immobilierlocal","url":"https:\/\/www.immobilierlocal.ch\/c\/","logo":{"@type":"ImageObject","inLanguage":"fr-FR","@id":"https:\/\/www.immobilierlocal.ch\/c\/#\/schema\/logo\/image\/","url":"https:\/\/www.immobilierlocal.ch\/c\/wp-content\/uploads\/2023\/10\/logo-immobilierlocal-h.svg","contentUrl":"https:\/\/www.immobilierlocal.ch\/c\/wp-content\/uploads\/2023\/10\/logo-immobilierlocal-h.svg","caption":"Immobilierlocal"},"image":{"@id":"https:\/\/www.immobilierlocal.ch\/c\/#\/schema\/logo\/image\/"}}]}},"_links":{"self":[{"href":"https:\/\/www.immobilierlocal.ch\/c\/wp-json\/wp\/v2\/pages\/191","targetHints":{"allow":["GET"]}}],"collection":[{"href":"https:\/\/www.immobilierlocal.ch\/c\/wp-json\/wp\/v2\/pages"}],"about":[{"href":"https:\/\/www.immobilierlocal.ch\/c\/wp-json\/wp\/v2\/types\/page"}],"author":[{"embeddable":true,"href":"https:\/\/www.immobilierlocal.ch\/c\/wp-json\/wp\/v2\/users\/3"}],"replies":[{"embeddable":true,"href":"https:\/\/www.immobilierlocal.ch\/c\/wp-json\/wp\/v2\/comments?post=191"}],"version-history":[{"count":0,"href":"https:\/\/www.immobilierlocal.ch\/c\/wp-json\/wp\/v2\/pages\/191\/revisions"}],"up":[{"embeddable":true,"href":"https:\/\/www.immobilierlocal.ch\/c\/wp-json\/wp\/v2\/pages\/149"}],"wp:featuredmedia":[{"embeddable":true,"href":"https:\/\/www.immobilierlocal.ch\/c\/wp-json\/wp\/v2\/media\/405"}],"wp:attachment":[{"href":"https:\/\/www.immobilierlocal.ch\/c\/wp-json\/wp\/v2\/media?parent=191"}],"wp:term":[{"taxonomy":"category","embeddable":true,"href":"https:\/\/www.immobilierlocal.ch\/c\/wp-json\/wp\/v2\/categories?post=191"},{"taxonomy":"profession","embeddable":true,"href":"https:\/\/www.immobilierlocal.ch\/c\/wp-json\/wp\/v2\/profession?post=191"},{"taxonomy":"location","embeddable":true,"href":"https:\/\/www.immobilierlocal.ch\/c\/wp-json\/wp\/v2\/location?post=191"},{"taxonomy":"canton","embeddable":true,"href":"https:\/\/www.immobilierlocal.ch\/c\/wp-json\/wp\/v2\/canton?post=191"}],"curies":[{"name":"wp","href":"https:\/\/api.w.org\/{rel}","templated":true}]}}