
{"id":190,"date":"2023-10-19T10:33:48","date_gmt":"2023-10-19T08:33:48","guid":{"rendered":"https:\/\/immobilierlocal.ch\/c\/190-2\/"},"modified":"2024-08-05T20:21:14","modified_gmt":"2024-08-05T18:21:14","slug":"estimation-immobiliere-a-aigle","status":"publish","type":"page","link":"https:\/\/www.immobilierlocal.ch\/c\/estimation-immobiliere-canton-vaud\/estimation-immobiliere-a-aigle\/","title":{"rendered":"Estimation immobili\u00e8re \u00e0 Aigle"},"content":{"rendered":"<p>Estimez simplement le prix de votre maison &agrave; Aigle gr&acirc;ce &agrave; Immobilierlocal. Si n&eacute;cessaire, un sp&eacute;cialiste se d&eacute;placera chez vous pour r&eacute;aliser une &eacute;valuation plus pr&eacute;cise de votre bien. Vendre son bien avec Immobilierlocal, c&rsquo;est l&rsquo;assurance de vendre son bien &agrave; un tr&egrave;s bon prix et en toute simplicit&eacute;.<\/p>\n\n<h2>Derni&egrave;res estimations &agrave; Aigle par secteur<\/h2>\n<div class=\"estimates-lastest\"><ul><li>Pour un appartement 4.5 pi\u00e8ces \u00e0 Aigle, surface pond\u00e9r\u00e9e (m\u00b2) : 120, orientation Sud-Est\/Ouest, avec balcon, transports fr\u00e9quence soutenue, sans parking, commodit\u00e9s et \u00e9coles nombreuses, situation privil\u00e9gi\u00e9e, CHF 7'249 \/ m\u00b2<\/li><li>Pour un appartement 5 pi\u00e8ces \u00e0 Aigle, surface pond\u00e9r\u00e9e (m\u00b2) : 100, orientation Ouest, avec balcon, transports fr\u00e9quence soutenue, avec parking, commodit\u00e9s et \u00e9coles nombreuses, situation ordinaire, CHF 7'225 \/ m\u00b2<\/li><li>Pour un appartement 4.5 pi\u00e8ces \u00e0 Aigle, surface pond\u00e9r\u00e9e (m\u00b2) : 115, orientation Sud-Est\/Ouest, avec balcon, transports fr\u00e9quence r\u00e9guli\u00e8re, avec parking, commodit\u00e9s et \u00e9coles nombreuses, situation ordinaire, CHF 6'854 \/ m\u00b2<\/li><\/ul><\/div>\n<h2>Evaluation de la valeur des maisons &agrave; Aigle selon le nombre de pi&egrave;ces<\/h2>\n<div class=\"estimates-room\"><ul><li>Pour une maison 5.5 pi\u00e8ces \u00e0 Aigle, volume (m\u00b3) : 1170 et terrain (m\u00b2) : 800, transports fr\u00e9quence r\u00e9guli\u00e8re, commodit\u00e9s et \u00e9coles nombreuses, situation privil\u00e9gi\u00e9e, CHF 5'937 \/ m\u00b2<\/li><li>Pour une maison 6 pi\u00e8ces \u00e0 Aigle, volume (m\u00b3) : 1057.5 et terrain (m\u00b2) : 500, transports fr\u00e9quence r\u00e9guli\u00e8re, commodit\u00e9s et \u00e9coles nombreuses, situation ordinaire, CHF 5'557 \/ m\u00b2<\/li><li>Pour une maison 6 pi\u00e8ces \u00e0 Aigle, volume (m\u00b3) : 720 et terrain (m\u00b2) : 350, transports fr\u00e9quence r\u00e9guli\u00e8re, commodit\u00e9s et \u00e9coles nombreuses, situation privil\u00e9gi\u00e9e, CHF 6'397 \/ m\u00b2<\/li><\/ul><\/div><div class=\"iframe-text\">Estimer maintenant votre bien immobilier<\/div><iframe id=\"estimer\" src=\"https:\/\/www.immobilierlocal.ch\/estimer?iframe=1\" frameborder=\"0\" loading=\"lazy\" width=\"100%\" height=\"1000\" style=\"overflow-x:hidden;\" referrerpolicy=\"no-referrer-when-downgrade\" title=\"Estimation immobili\u00e8re\"><\/iframe>\n<h2>Comment faire &eacute;valuer la valeur d&rsquo;un bien immobilier &agrave; Aigle ?<\/h2>\n<h3>1. Estimation gratuite de votre maison &agrave; Aigle en ligne avec notre agence Immobilierlocal<\/h3>\n<p>\nObtenez la valeur financi&egrave;re de votre bien en moins de 5 minutes gr&acirc;ce &agrave; notre instrument d&rsquo;estimation en ligne gratuit.<\/p>\n<p>Vous devez nous procurer votre adresse et les &eacute;l&eacute;ments de votre maison, comme :\n<\/p>\n<ul>\n<li>L&rsquo;environnement de la maison (acc&egrave;s aux transports, vis &agrave; vis, pr&eacute;sence des commerces&#8230;).<\/li>\n<li>L&rsquo;orientation et l&rsquo;exposition de la maison.<\/li>\n<li>Le nombre de pi&egrave;ces.<\/li>\n<li>La surface habitable.<\/li>\n<li>Les dimensions du terrain.<\/li>\n<li>L&rsquo;ann&eacute;e de construction.<\/li>\n<li>L&rsquo;&eacute;tat global de votre bien.<\/li>\n<li>L&rsquo;ann&eacute;e et le co&ucirc;t des derni&egrave;res r&eacute;novations, des plus-values et\/ou des am&eacute;nagements.<\/li>\n<\/ul>\n<h3>2. Estimation gratuite de votre appartement &agrave; Aigle en ligne avec Immobilierlocal<\/h3>\n<p>\nPour obtenir la valeur sur le march&eacute; de l&rsquo;immobilier de votre appartement &agrave; Aigle, profitez de notre outil en ligne d&rsquo;estimation immobili&egrave;re. En quelques minutes vous aurez connaissance du prix de vente de votre bien.<\/p>\n<p>Pour obtenir la meilleure &eacute;valuation, vous devrez fournir les &eacute;l&eacute;ments de votre propri&eacute;t&eacute;, apr&egrave;s avoir ins&eacute;r&eacute; votre adresse, comme :\n<\/p>\n<ul>\n<li>La situation (environnement, vue et transports).<\/li>\n<li>L&rsquo;orientation.<\/li>\n<li>Le nombre de pi&egrave;ces.<\/li>\n<li>Les diff&eacute;rentes surfaces (habitable, garage, balcon&#8230;).<\/li>\n<li>Parking int&eacute;rieur et\/ou ext&eacute;rieur.<\/li>\n<li>Date de construction.<\/li>\n<li>L&rsquo;&eacute;tat g&eacute;n&eacute;ral.<\/li>\n<li>Les diff&eacute;rentes r&eacute;novations effectu&eacute;es.<\/li>\n<li>Le montant du &laquo;fonds de r&eacute;novation PPE&raquo;.<\/li>\n<\/ul>\n<h3>3. R&eacute;aliser une estimation immobili&egrave;re de sa maison par un agent immobilier &agrave; Aigle<\/h3>\n<p>\nNous disposons plusieurs agents immobiliers &agrave; Aigle qui viennent &agrave; votre domicile pour examiner votre maison avant d&rsquo;effectuer une estimation de votre maison. Il examinera aussi certains documents comme les plans d&rsquo;architecte ou le registre foncier afin de vous procurer une &eacute;valuation la plus pr&eacute;cise possible.<\/p>\n<p>L&rsquo;estimation tient aussi compte de la situation du march&eacute; immobilier de Aigle pour vous donner la valeur r&eacute;elle de votre bien. Une fois l&rsquo;expertise accomplie, des astuces vous seront donn&eacute;es pour valoriser votre bien immobilier.<\/p>\n<p>Faites confiance &agrave; Immobilierlocal et recevez d&egrave;s &agrave; pr&eacute;sent une &eacute;valuation de votre bien immobilier.\n<\/p>\n<h3>4. Comparer son bien avec les autres biens similaires &agrave; Aigle, est-ce important ?<\/h3>\n<p>\nOui, il est pertinent d&rsquo;inspecter les biens semblables, comparer votre bien avec les annonces immobili&egrave;res similaires &agrave; Aigle vous apporte des donn&eacute;es sur la valorisation de votre maison ou appartement.\n<\/p>\n<h2>Comment vendre son bien immobilier au meilleur prix &agrave; Aigle ?<\/h2>\n<p>\nPour vendre facilement votre bien immobilier, faites appel &agrave; Immobilierlocal !\n<\/p>\n<h3>1. Pourquoi faire appel &agrave; un sp&eacute;cialiste comme Immobilierlocal ?<\/h3>\n<p>\nImmobilierlocal vous met en relation avec un agent immobilier qui s&rsquo;occupe de la ville de Aigle.\n<\/p>\n<h3>2. B&eacute;n&eacute;ficiez d&rsquo;une &eacute;valuation pr&eacute;cise et qui prend en compte le march&eacute; immobilier actuel<\/h3>\n<p>\nNotre soci&eacute;t&eacute; Immobilierlocal r&eacute;pertorie toutes les annonces &agrave; Aigle ainsi que la totalit&eacute; des biens qui ont r&eacute;cemment trouv&eacute; un acqu&eacute;reur. Cela nous permet d&rsquo;obtenir une analyse tr&egrave;s fine du march&eacute; immobilier, et de vous proposer le meilleur prix de vente.\n<\/p>\n<h3>3. Mettez en valeur votre propri&eacute;t&eacute;<\/h3>\n<p>\nAfin de faire valoir votre bien, nous organisons des shooting photo avec nos collaborateurs de votre propri&eacute;t&eacute; &agrave; Aigle.\n<\/p>\n<h3>4. Augmenter la visibilit&eacute; de votre maison ou appartement et le nombre de potentiels acheteurs sur internet<\/h3>\n<p>\nAfin qu&rsquo;un maximum d&rsquo;acheteurs potentiels puisse observer votre propri&eacute;t&eacute;, nous diffusons votre annonce sur l&rsquo;ensemble de nos sites internet et ceux de nos partenaires.\n<\/p>\n<h3>5. Choisissez la meilleure offre<\/h3>\n<p>\nNos &eacute;quipes re&ccedil;oivent les offres, &eacute;tudient les propositions et vous proposent la meilleure offre.\n<\/p>\n<h3>6. &Ecirc;tre en position de force lors des n&eacute;gociations<\/h3>\n<p>\nNotre expert recense tous les documents et les informations possibles pour vous mettre en position de force afin de le vendre au meilleur prix, voici les documents et les informations n&eacute;cessaires :\n<\/p>\n<ul>\n<li>Les factures de r&eacute;novations,<\/li>\n<li>les plans architecturaux,<\/li>\n<li>la liste des avantages environnementaux (commerces, &eacute;coles de proximit&eacute;&#8230;),<\/li>\n<li>le d&eacute;veloppement &eacute;conomique &agrave; Aigle et de sa r&eacute;gion.<\/li>\n<\/ul>\n<h2>Quel est l&rsquo;&eacute;tat du march&eacute; immobilier &agrave; Aigle ?<\/h2>\n<h3>&Eacute;valuation de la valeur des maisons &agrave; Aigle<\/h3>\n<p class=\"estimates-house-range\">Les prix des maisons \u00e0 Aigle varient de CHF 1'023'519 \u00e0 CHF 1'543'646 en moyenne.<\/p>\n<h3>&Eacute;valuation du prix des appartements &agrave; Aigle<\/h3>\n<p class=\"estimates-house-range\">Les prix des appartements \u00e0 Aigle varient de CHF 740'522 \u00e0 CHF 887'978 en moyenne.<\/p>\n<h3>Estimation du prix des terrains &agrave; Aigle<\/h3>\n<p class=\"estimates-land\">Les prix moyens des terrains \u00e0 Aigle sont de CHF 705 \/ m\u00b2 (prix par m\u00e8tre carr\u00e9).<\/p>\n<h2>Questions r&eacute;guli&egrave;rement pos&eacute;es sur l&rsquo;&eacute;valuation immobili&egrave;re<\/h2>\n<h3>Combien co&ucirc;te une &eacute;valuation immobili&egrave;re &agrave; Aigle ?<\/h3>\n<p>\nLe prix d&rsquo;une &eacute;valuation immobili&egrave;re &agrave; Aigle varie en fonction de la complexit&eacute; du bien. Que vous ayez une demeure de luxe ou une maison plus classique, les frais peuvent osciller entre CHF 150 &agrave; CHF 1&rsquo;500.<\/p>\n<p>Cependant, gr&acirc;ce &agrave; notre outil d&rsquo;estimation en ligne de notre agence Immobilierlocal, vous n&rsquo;avez rien &agrave; d&eacute;bourser ! Notre instrument a &eacute;t&eacute; confectionn&eacute; durant plusieurs ann&eacute;es afin qu&rsquo;il soit le plus fiable et pr&eacute;cis possible. Il prend en compte l&rsquo;&eacute;tat du march&eacute; actuel et des sp&eacute;cificit&eacute;s de votre propri&eacute;t&eacute;.\n<\/p>\n<h3>Qui peut &eacute;valuer une propri&eacute;taire immobili&egrave;re &agrave; Aigle ?<\/h3>\n<p>\nPour une estimation immobili&egrave;re plus pr&eacute;cise, vous avez plusieurs options, vous pouvez faire appel &agrave; un expert des &eacute;valuations immobili&egrave;res, &agrave; un architecte, &agrave; un courtier en immobilier ou encore &agrave; une banque.\n<\/p>\n<h3>Comment un agent immobilier &eacute;value une propri&eacute;t&eacute; &agrave; Aigle ?<\/h3>\n<ol>\n<li>Tout d&rsquo;abord : l&rsquo;expert se d&eacute;place chez vous pour effectuer une inspection compl&egrave;te de votre bien immobilier.<\/li>\n<li>Apr&egrave;s cela : il analyse les textes en lien avec l&rsquo;achat et l&rsquo;entretien de votre propri&eacute;t&eacute;.<\/li>\n<li>Il r&eacute;alise une analyse compl&egrave;te du march&eacute; immobilier en confrontant votre bien aux autres biens actuellement disponibles et en &eacute;tudiant les prix des ventes pass&eacute;es &agrave; Aigle.<\/li>\n<li>Pour finir, il vous remettra un rapport complet ainsi qu&rsquo;une estimation pr&eacute;cise de la valeur de votre propri&eacute;t&eacute;.<\/li>\n<\/ol>\n<h3>Comment faire &eacute;valuer un bien immobilier gratuitement &agrave; Aigle ?<\/h3>\n<p>\nObtenez une &eacute;valuation gratuite et d&eacute;taill&eacute;e en quelques minutes avec l&rsquo;outil d&rsquo;&eacute;valuation Immobilierlocal, ou faites appel &agrave; l&rsquo;un de nos experts pour obtenir une estimation gratuite de votre bien, sans aucun engagement.\n<\/p>\n<h3>Quels sont les diff&eacute;rents crit&egrave;res qui peuvent faire &eacute;voluer le prix de vente de ma propri&eacute;t&eacute; &agrave; Aigle ?<\/h3>\n<p>\nLa valeur de vente d&rsquo;une propri&eacute;t&eacute; immobili&egrave;re d&eacute;coule logiquement de multiples crit&egrave;res, qui peuvent varier selon les p&eacute;riodes. Voici une liste des principaux crit&egrave;res pouvant faire &eacute;voluer le march&eacute; immobilier &agrave; Aigle :\n<\/p>\n<ul>\n<li>Le tourisme,<\/li>\n<li>le d&eacute;veloppement &eacute;conomique de la ville,<\/li>\n<li>l&rsquo;offre et demande,<\/li>\n<li>les commodit&eacute;s.<\/li>\n<\/ul>\n<h3>De quelle fa&ccedil;on accro&icirc;tre le prix de vente de mon bien immobilier ?<\/h3>\n<p>\nPour augmenter le prix de vente de votre bien, suivez ces conseils :\n<\/p>\n<ul>\n<li>Assurez-vous que votre bien soit impeccable.<\/li>\n<li>Rangez et organisez l&rsquo;ensemble de vos affaires de fa&ccedil;on &agrave; ce que les potentiels acqu&eacute;reurs puissent facilement se projeter dans le bien.<\/li>\n<li>Accentuez les forces de votre habitation.<\/li>\n<li>Si vous poss&eacute;dez une maison, mettez en valeur le terrain.<\/li>\n<\/ul>\n<h3>Comment se comporter face &agrave; un potentiel acqu&eacute;reur ?<\/h3>\n<ul>\n<li>Parlez-lui des diff&eacute;rents atouts de votre bien.<\/li>\n<li>R&eacute;pondez aux interrogations sans divulguer de fausses indications.<\/li>\n<li>&Eacute;coutez les propos de l&rsquo;acheteur et allez dans son sens sans le contredire.<\/li>\n<\/ul>\n<h3>Quels sont les dossiers &agrave; poss&eacute;der pour estimer ma propri&eacute;t&eacute; immobili&egrave;re ?<\/h3>\n<ul>\n<li>Police assurance incendie compl&egrave;te<\/li>\n<li>Plan de niveau (si disponible)<\/li>\n<li>Travaux, factures (si disponible)<\/li>\n<li>Registre foncier (si disponible)<\/li>\n<li>Cadastre (si disponible)<\/li>\n<li>Descriptif de construction (si disponible)<\/li>\n<li>&Eacute;ventuellement : plan d&rsquo;affectation et le r&egrave;glement de construction<\/li>\n<\/ul>\n<p>\nPour les objets en PPE :\n<\/p>\n<ul>\n<li>Police assurance incendie compl&egrave;te de l&rsquo;immeuble (&agrave; demander &agrave; l&rsquo;administrateur)<\/li>\n<li>R&egrave;glement PPE<\/li>\n<li>Comptes PPE (3 derni&egrave;res ann&eacute;es)<\/li>\n<\/ul>\n<p>Estimation similaire dans les villes proches, comme : <br \/> La Tine, Rossini\u00e8re, Flendruz, Rougemont, Ch\u00e2teau-d'Oex, L'Etivaz, La L\u00e9cherette, Les Moulins, Villeneuve VD, Noville, Chessel, Rennaz, Roche VD, Yvorne, Leysin, Corbeyrier, La Comballaz, Les Mosses, Le S\u00e9pey, Vers-l'Eglise, Les Diablerets, La Forclaz VD, Ollon VD, Panex, St-Triphon, Bex, Fenalet-sur-Bex, Freni\u00e8res-sur-Bex, Les Plans-sur-Bex, Gryon, Les Posses-sur-Bex, Arveyes, Hu\u00e9moz, Villars-sur-Ollon, Chesi\u00e8res, Lavey-les-Bains, Lavey-Village.<\/p>\n","protected":false},"excerpt":{"rendered":"<p>Estimez simplement le prix de votre maison &agrave; Aigle gr&acirc;ce &agrave; Immobilierlocal. Si n&eacute;cessaire, un sp&eacute;cialiste se d&eacute;placera chez vous pour r&eacute;aliser une &eacute;valuation plus pr&eacute;cise de votre bien. Vendre son bien avec Immobilierlocal, c&rsquo;est l&rsquo;assurance de vendre son bien &agrave; un tr&egrave;s bon prix et en toute simplicit&eacute;. Derni&egrave;res estimations &agrave; Aigle par secteur [&hellip;]<\/p>\n","protected":false},"author":3,"featured_media":404,"parent":149,"menu_order":0,"comment_status":"closed","ping_status":"open","template":"","meta":{"footnotes":""},"categories":[6],"profession":[],"location":[53],"canton":[],"class_list":["post-190","page","type-page","status-publish","has-post-thumbnail","hentry","category-estimation"],"yoast_head":"<!-- This site is optimized with the Yoast SEO Premium plugin v23.0 (Yoast SEO v27.3) - https:\/\/yoast.com\/product\/yoast-seo-premium-wordpress\/ -->\n<title>Estimation immobili\u00e8re \u00e0 Aigle avril 2026 gratuite &amp; rapide - Immobilierlocal<\/title>\n<meta name=\"description\" content=\"D\u00e9couvrez le Prix moyen au m\u00b2 \u00e0 Aigle en avril 2026 \u2705 Estimation gratuite de votre bien \u2705 Derni\u00e8res \u00e9volutions du march\u00e9.\" \/>\n<meta name=\"robots\" content=\"index, follow, max-snippet:-1, max-image-preview:large, max-video-preview:-1\" \/>\n<link rel=\"canonical\" href=\"https:\/\/www.immobilierlocal.ch\/c\/estimation-immobiliere-canton-vaud\/estimation-immobiliere-a-aigle\/\" \/>\n<meta property=\"og:locale\" content=\"fr_FR\" \/>\n<meta property=\"og:type\" content=\"article\" \/>\n<meta property=\"og:title\" content=\"Estimation immobili\u00e8re \u00e0 Aigle avril 2026 gratuite &amp; rapide\" \/>\n<meta property=\"og:description\" content=\"D\u00e9couvrez le Prix moyen au m\u00b2 \u00e0 Aigle en avril 2026 \u2705 Estimation gratuite de votre bien \u2705 Derni\u00e8res \u00e9volutions du march\u00e9.\" \/>\n<meta property=\"og:url\" content=\"https:\/\/www.immobilierlocal.ch\/c\/estimation-immobiliere-canton-vaud\/estimation-immobiliere-a-aigle\/\" \/>\n<meta property=\"og:site_name\" content=\"Immobilierlocal\" \/>\n<meta property=\"article:modified_time\" content=\"2024-08-05T18:21:14+00:00\" \/>\n<meta property=\"og:image\" content=\"https:\/\/www.immobilierlocal.ch\/c\/wp-content\/uploads\/2023\/10\/estimation-immobiliere-a-aigle-1-scaled.jpg\" \/>\n\t<meta property=\"og:image:width\" content=\"2560\" \/>\n\t<meta property=\"og:image:height\" content=\"817\" \/>\n\t<meta property=\"og:image:type\" content=\"image\/jpeg\" \/>\n<meta name=\"twitter:card\" content=\"summary_large_image\" \/>\n<meta name=\"twitter:label1\" content=\"Dur\u00e9e de lecture estim\u00e9e\" \/>\n\t<meta name=\"twitter:data1\" content=\"7 minutes\" \/>\n<script type=\"application\/ld+json\" class=\"yoast-schema-graph\">{\"@context\":\"https:\\\/\\\/schema.org\",\"@graph\":[{\"@type\":\"WebPage\",\"@id\":\"https:\\\/\\\/www.immobilierlocal.ch\\\/c\\\/estimation-immobiliere-canton-vaud\\\/estimation-immobiliere-a-aigle\\\/\",\"url\":\"https:\\\/\\\/www.immobilierlocal.ch\\\/c\\\/estimation-immobiliere-canton-vaud\\\/estimation-immobiliere-a-aigle\\\/\",\"name\":\"Estimation immobili\u00e8re \u00e0 Aigle - Immobilierlocal\",\"isPartOf\":{\"@id\":\"https:\\\/\\\/www.immobilierlocal.ch\\\/c\\\/#website\"},\"primaryImageOfPage\":{\"@id\":\"https:\\\/\\\/www.immobilierlocal.ch\\\/c\\\/estimation-immobiliere-canton-vaud\\\/estimation-immobiliere-a-aigle\\\/#primaryimage\"},\"image\":{\"@id\":\"https:\\\/\\\/www.immobilierlocal.ch\\\/c\\\/estimation-immobiliere-canton-vaud\\\/estimation-immobiliere-a-aigle\\\/#primaryimage\"},\"thumbnailUrl\":\"https:\\\/\\\/www.immobilierlocal.ch\\\/c\\\/wp-content\\\/uploads\\\/2023\\\/10\\\/estimation-immobiliere-a-aigle-1-scaled.jpg\",\"datePublished\":\"2023-10-19T08:33:48+00:00\",\"dateModified\":\"2024-08-05T18:21:14+00:00\",\"breadcrumb\":{\"@id\":\"https:\\\/\\\/www.immobilierlocal.ch\\\/c\\\/estimation-immobiliere-canton-vaud\\\/estimation-immobiliere-a-aigle\\\/#breadcrumb\"},\"inLanguage\":\"fr-FR\",\"potentialAction\":[{\"@type\":\"ReadAction\",\"target\":[\"https:\\\/\\\/www.immobilierlocal.ch\\\/c\\\/estimation-immobiliere-canton-vaud\\\/estimation-immobiliere-a-aigle\\\/\"]}]},{\"@type\":\"ImageObject\",\"inLanguage\":\"fr-FR\",\"@id\":\"https:\\\/\\\/www.immobilierlocal.ch\\\/c\\\/estimation-immobiliere-canton-vaud\\\/estimation-immobiliere-a-aigle\\\/#primaryimage\",\"url\":\"https:\\\/\\\/www.immobilierlocal.ch\\\/c\\\/wp-content\\\/uploads\\\/2023\\\/10\\\/estimation-immobiliere-a-aigle-1-scaled.jpg\",\"contentUrl\":\"https:\\\/\\\/www.immobilierlocal.ch\\\/c\\\/wp-content\\\/uploads\\\/2023\\\/10\\\/estimation-immobiliere-a-aigle-1-scaled.jpg\",\"width\":2560,\"height\":817,\"caption\":\"Estimation immobili\u00e8re \u00e0 Aigle\"},{\"@type\":\"BreadcrumbList\",\"@id\":\"https:\\\/\\\/www.immobilierlocal.ch\\\/c\\\/estimation-immobiliere-canton-vaud\\\/estimation-immobiliere-a-aigle\\\/#breadcrumb\",\"itemListElement\":[{\"@type\":\"ListItem\",\"position\":1,\"name\":\"Accueil\",\"item\":\"https:\\\/\\\/www.immobilierlocal.ch\\\/c\\\/\"},{\"@type\":\"ListItem\",\"position\":2,\"name\":\"Estimation immobili\u00e8re dans le canton de Vaud\",\"item\":\"https:\\\/\\\/www.immobilierlocal.ch\\\/c\\\/estimation-immobiliere-canton-vaud\\\/\"},{\"@type\":\"ListItem\",\"position\":3,\"name\":\"Estimation immobili\u00e8re \u00e0 Aigle\"}]},{\"@type\":\"WebSite\",\"@id\":\"https:\\\/\\\/www.immobilierlocal.ch\\\/c\\\/#website\",\"url\":\"https:\\\/\\\/www.immobilierlocal.ch\\\/c\\\/\",\"name\":\"Immobilierlocal\",\"description\":\"\",\"publisher\":{\"@id\":\"https:\\\/\\\/www.immobilierlocal.ch\\\/c\\\/#organization\"},\"potentialAction\":[{\"@type\":\"SearchAction\",\"target\":{\"@type\":\"EntryPoint\",\"urlTemplate\":\"https:\\\/\\\/www.immobilierlocal.ch\\\/c\\\/?s={search_term_string}\"},\"query-input\":{\"@type\":\"PropertyValueSpecification\",\"valueRequired\":true,\"valueName\":\"search_term_string\"}}],\"inLanguage\":\"fr-FR\"},{\"@type\":\"Organization\",\"@id\":\"https:\\\/\\\/www.immobilierlocal.ch\\\/c\\\/#organization\",\"name\":\"Immobilierlocal\",\"url\":\"https:\\\/\\\/www.immobilierlocal.ch\\\/c\\\/\",\"logo\":{\"@type\":\"ImageObject\",\"inLanguage\":\"fr-FR\",\"@id\":\"https:\\\/\\\/www.immobilierlocal.ch\\\/c\\\/#\\\/schema\\\/logo\\\/image\\\/\",\"url\":\"https:\\\/\\\/www.immobilierlocal.ch\\\/c\\\/wp-content\\\/uploads\\\/2023\\\/10\\\/logo-immobilierlocal-h.svg\",\"contentUrl\":\"https:\\\/\\\/www.immobilierlocal.ch\\\/c\\\/wp-content\\\/uploads\\\/2023\\\/10\\\/logo-immobilierlocal-h.svg\",\"caption\":\"Immobilierlocal\"},\"image\":{\"@id\":\"https:\\\/\\\/www.immobilierlocal.ch\\\/c\\\/#\\\/schema\\\/logo\\\/image\\\/\"}}]}<\/script>\n<!-- \/ Yoast SEO Premium plugin. -->","yoast_head_json":{"title":"Estimation immobili\u00e8re \u00e0 Aigle avril 2026 gratuite & rapide - Immobilierlocal","description":"D\u00e9couvrez le Prix moyen au m\u00b2 \u00e0 Aigle en avril 2026 \u2705 Estimation gratuite de votre bien \u2705 Derni\u00e8res \u00e9volutions du march\u00e9.","robots":{"index":"index","follow":"follow","max-snippet":"max-snippet:-1","max-image-preview":"max-image-preview:large","max-video-preview":"max-video-preview:-1"},"canonical":"https:\/\/www.immobilierlocal.ch\/c\/estimation-immobiliere-canton-vaud\/estimation-immobiliere-a-aigle\/","og_locale":"fr_FR","og_type":"article","og_title":"Estimation immobili\u00e8re \u00e0 Aigle avril 2026 gratuite & rapide","og_description":"D\u00e9couvrez le Prix moyen au m\u00b2 \u00e0 Aigle en avril 2026 \u2705 Estimation gratuite de votre bien \u2705 Derni\u00e8res \u00e9volutions du march\u00e9.","og_url":"https:\/\/www.immobilierlocal.ch\/c\/estimation-immobiliere-canton-vaud\/estimation-immobiliere-a-aigle\/","og_site_name":"Immobilierlocal","article_modified_time":"2024-08-05T18:21:14+00:00","og_image":[{"width":2560,"height":817,"url":"https:\/\/www.immobilierlocal.ch\/c\/wp-content\/uploads\/2023\/10\/estimation-immobiliere-a-aigle-1-scaled.jpg","type":"image\/jpeg"}],"twitter_card":"summary_large_image","twitter_misc":{"Dur\u00e9e de lecture estim\u00e9e":"7 minutes"},"schema":{"@context":"https:\/\/schema.org","@graph":[{"@type":"WebPage","@id":"https:\/\/www.immobilierlocal.ch\/c\/estimation-immobiliere-canton-vaud\/estimation-immobiliere-a-aigle\/","url":"https:\/\/www.immobilierlocal.ch\/c\/estimation-immobiliere-canton-vaud\/estimation-immobiliere-a-aigle\/","name":"Estimation immobili\u00e8re \u00e0 Aigle - Immobilierlocal","isPartOf":{"@id":"https:\/\/www.immobilierlocal.ch\/c\/#website"},"primaryImageOfPage":{"@id":"https:\/\/www.immobilierlocal.ch\/c\/estimation-immobiliere-canton-vaud\/estimation-immobiliere-a-aigle\/#primaryimage"},"image":{"@id":"https:\/\/www.immobilierlocal.ch\/c\/estimation-immobiliere-canton-vaud\/estimation-immobiliere-a-aigle\/#primaryimage"},"thumbnailUrl":"https:\/\/www.immobilierlocal.ch\/c\/wp-content\/uploads\/2023\/10\/estimation-immobiliere-a-aigle-1-scaled.jpg","datePublished":"2023-10-19T08:33:48+00:00","dateModified":"2024-08-05T18:21:14+00:00","breadcrumb":{"@id":"https:\/\/www.immobilierlocal.ch\/c\/estimation-immobiliere-canton-vaud\/estimation-immobiliere-a-aigle\/#breadcrumb"},"inLanguage":"fr-FR","potentialAction":[{"@type":"ReadAction","target":["https:\/\/www.immobilierlocal.ch\/c\/estimation-immobiliere-canton-vaud\/estimation-immobiliere-a-aigle\/"]}]},{"@type":"ImageObject","inLanguage":"fr-FR","@id":"https:\/\/www.immobilierlocal.ch\/c\/estimation-immobiliere-canton-vaud\/estimation-immobiliere-a-aigle\/#primaryimage","url":"https:\/\/www.immobilierlocal.ch\/c\/wp-content\/uploads\/2023\/10\/estimation-immobiliere-a-aigle-1-scaled.jpg","contentUrl":"https:\/\/www.immobilierlocal.ch\/c\/wp-content\/uploads\/2023\/10\/estimation-immobiliere-a-aigle-1-scaled.jpg","width":2560,"height":817,"caption":"Estimation immobili\u00e8re \u00e0 Aigle"},{"@type":"BreadcrumbList","@id":"https:\/\/www.immobilierlocal.ch\/c\/estimation-immobiliere-canton-vaud\/estimation-immobiliere-a-aigle\/#breadcrumb","itemListElement":[{"@type":"ListItem","position":1,"name":"Accueil","item":"https:\/\/www.immobilierlocal.ch\/c\/"},{"@type":"ListItem","position":2,"name":"Estimation immobili\u00e8re dans le canton de Vaud","item":"https:\/\/www.immobilierlocal.ch\/c\/estimation-immobiliere-canton-vaud\/"},{"@type":"ListItem","position":3,"name":"Estimation immobili\u00e8re \u00e0 Aigle"}]},{"@type":"WebSite","@id":"https:\/\/www.immobilierlocal.ch\/c\/#website","url":"https:\/\/www.immobilierlocal.ch\/c\/","name":"Immobilierlocal","description":"","publisher":{"@id":"https:\/\/www.immobilierlocal.ch\/c\/#organization"},"potentialAction":[{"@type":"SearchAction","target":{"@type":"EntryPoint","urlTemplate":"https:\/\/www.immobilierlocal.ch\/c\/?s={search_term_string}"},"query-input":{"@type":"PropertyValueSpecification","valueRequired":true,"valueName":"search_term_string"}}],"inLanguage":"fr-FR"},{"@type":"Organization","@id":"https:\/\/www.immobilierlocal.ch\/c\/#organization","name":"Immobilierlocal","url":"https:\/\/www.immobilierlocal.ch\/c\/","logo":{"@type":"ImageObject","inLanguage":"fr-FR","@id":"https:\/\/www.immobilierlocal.ch\/c\/#\/schema\/logo\/image\/","url":"https:\/\/www.immobilierlocal.ch\/c\/wp-content\/uploads\/2023\/10\/logo-immobilierlocal-h.svg","contentUrl":"https:\/\/www.immobilierlocal.ch\/c\/wp-content\/uploads\/2023\/10\/logo-immobilierlocal-h.svg","caption":"Immobilierlocal"},"image":{"@id":"https:\/\/www.immobilierlocal.ch\/c\/#\/schema\/logo\/image\/"}}]}},"_links":{"self":[{"href":"https:\/\/www.immobilierlocal.ch\/c\/wp-json\/wp\/v2\/pages\/190","targetHints":{"allow":["GET"]}}],"collection":[{"href":"https:\/\/www.immobilierlocal.ch\/c\/wp-json\/wp\/v2\/pages"}],"about":[{"href":"https:\/\/www.immobilierlocal.ch\/c\/wp-json\/wp\/v2\/types\/page"}],"author":[{"embeddable":true,"href":"https:\/\/www.immobilierlocal.ch\/c\/wp-json\/wp\/v2\/users\/3"}],"replies":[{"embeddable":true,"href":"https:\/\/www.immobilierlocal.ch\/c\/wp-json\/wp\/v2\/comments?post=190"}],"version-history":[{"count":0,"href":"https:\/\/www.immobilierlocal.ch\/c\/wp-json\/wp\/v2\/pages\/190\/revisions"}],"up":[{"embeddable":true,"href":"https:\/\/www.immobilierlocal.ch\/c\/wp-json\/wp\/v2\/pages\/149"}],"wp:featuredmedia":[{"embeddable":true,"href":"https:\/\/www.immobilierlocal.ch\/c\/wp-json\/wp\/v2\/media\/404"}],"wp:attachment":[{"href":"https:\/\/www.immobilierlocal.ch\/c\/wp-json\/wp\/v2\/media?parent=190"}],"wp:term":[{"taxonomy":"category","embeddable":true,"href":"https:\/\/www.immobilierlocal.ch\/c\/wp-json\/wp\/v2\/categories?post=190"},{"taxonomy":"profession","embeddable":true,"href":"https:\/\/www.immobilierlocal.ch\/c\/wp-json\/wp\/v2\/profession?post=190"},{"taxonomy":"location","embeddable":true,"href":"https:\/\/www.immobilierlocal.ch\/c\/wp-json\/wp\/v2\/location?post=190"},{"taxonomy":"canton","embeddable":true,"href":"https:\/\/www.immobilierlocal.ch\/c\/wp-json\/wp\/v2\/canton?post=190"}],"curies":[{"name":"wp","href":"https:\/\/api.w.org\/{rel}","templated":true}]}}