
{"id":187,"date":"2023-10-19T10:33:48","date_gmt":"2023-10-19T08:33:48","guid":{"rendered":"https:\/\/immobilierlocal.ch\/c\/187-2\/"},"modified":"2024-08-05T20:19:52","modified_gmt":"2024-08-05T18:19:52","slug":"estimation-immobiliere-a-boudry","status":"publish","type":"page","link":"https:\/\/www.immobilierlocal.ch\/c\/estimation-immobiliere-canton-neuchatel\/estimation-immobiliere-a-boudry\/","title":{"rendered":"Estimation immobili\u00e8re \u00e0 Boudry"},"content":{"rendered":"<p>Estimez rapidement le prix de votre maison &agrave; Boudry gr&acirc;ce &agrave; Immobilierlocal. En cas de besoin, un sp&eacute;cialiste se rendra sur place pour proc&eacute;der &agrave; une estimation plus pr&eacute;cise de votre propri&eacute;t&eacute;. Mettre en vente sa maison ou sa propri&eacute;t&eacute; avec Immobilierlocal, c&rsquo;est la garantie de vendre son bien &agrave; un tr&egrave;s bon prix et en toute tranquillit&eacute;.<\/p>\n\n<h2>Derni&egrave;res estimations &agrave; Boudry par secteur<\/h2>\n<div class=\"estimates-lastest\"><ul><li>Pour un appartement 5.5 pi\u00e8ces \u00e0 Boudry, surface pond\u00e9r\u00e9e (m\u00b2) : 95, orientation Ouest, avec balcon, transports fr\u00e9quence r\u00e9guli\u00e8re, avec parking, commodit\u00e9s et \u00e9coles nombreuses, situation ordinaire, CHF 5'893 \/ m\u00b2<\/li><li>Pour un appartement 4.5 pi\u00e8ces \u00e0 Boudry, surface pond\u00e9r\u00e9e (m\u00b2) : 115, orientation Ouest, avec balcon, transports fr\u00e9quence r\u00e9guli\u00e8re, avec parking, commodit\u00e9s et \u00e9coles nombreuses, situation ordinaire, CHF 5'739 \/ m\u00b2<\/li><li>Pour un appartement 5 pi\u00e8ces \u00e0 Boudry, surface pond\u00e9r\u00e9e (m\u00b2) : 120, orientation Ouest, avec balcon, transports fr\u00e9quence r\u00e9guli\u00e8re, avec parking, commodit\u00e9s et \u00e9coles nombreuses, situation ordinaire, CHF 7'320 \/ m\u00b2<\/li><\/ul><\/div>\n<h2>Estimation des prix des maisons &agrave; Boudry par nombre de pi&egrave;ces<\/h2>\n<div class=\"estimates-room\"><ul><li>Pour une maison 5 pi\u00e8ces \u00e0 Boudry, volume (m\u00b3) : 1170 et terrain (m\u00b2) : 950, transports fr\u00e9quence r\u00e9guli\u00e8re, commodit\u00e9s et \u00e9coles nombreuses, situation ordinaire, CHF 5'909 \/ m\u00b2<\/li><li>Pour une maison 6.5 pi\u00e8ces \u00e0 Boudry, volume (m\u00b3) : 945 et terrain (m\u00b2) : 350, transports fr\u00e9quence r\u00e9guli\u00e8re, commodit\u00e9s et \u00e9coles nombreuses, situation ordinaire, CHF 5'126 \/ m\u00b2<\/li><li>Pour une maison 5.5 pi\u00e8ces \u00e0 Boudry, volume (m\u00b3) : 607.5 et terrain (m\u00b2) : 800, transports fr\u00e9quence r\u00e9guli\u00e8re, commodit\u00e9s et \u00e9coles nombreuses, situation ordinaire, CHF 8'694 \/ m\u00b2<\/li><\/ul><\/div><div class=\"iframe-text\">Estimer maintenant votre bien immobilier<\/div><iframe id=\"estimer\" src=\"https:\/\/www.immobilierlocal.ch\/estimer?iframe=1\" frameborder=\"0\" loading=\"lazy\" width=\"100%\" height=\"1000\" style=\"overflow-x:hidden;\" referrerpolicy=\"no-referrer-when-downgrade\" title=\"Estimation immobili\u00e8re\"><\/iframe>\n<h2>Comment conna&icirc;tre la valeur de son bien immobilier &agrave; Boudry ?<\/h2>\n<h3>1. Estimation offerte de votre maison &agrave; Boudry en ligne avec notre agence Immobilierlocal<\/h3>\n<p>\nUtilisez notre outil d&rsquo;estimation en ligne pour savoir la valeur de votre maison en moins de 3 minutes.<\/p>\n<p>Vous devez nous fournir votre adresse et les d&eacute;tails de votre propri&eacute;t&eacute;, comme :\n<\/p>\n<ul>\n<li>L&rsquo;environnement de la propri&eacute;t&eacute; (acc&egrave;s aux transports, vis &agrave; vis, pr&eacute;sence des commerces&#8230;).<\/li>\n<li>L&rsquo;exposition de la maison.<\/li>\n<li>Le nombre de pi&egrave;ces.<\/li>\n<li>La surface habitable ou le volume.<\/li>\n<li>Les dimensions du terrain.<\/li>\n<li>L&rsquo;ann&eacute;e de construction.<\/li>\n<li>L&rsquo;&eacute;tat global de votre maison.<\/li>\n<li>L&rsquo;ann&eacute;e et le co&ucirc;t des derni&egrave;res r&eacute;novations, des plus-values et\/ou des am&eacute;nagements.<\/li>\n<\/ul>\n<h3>2. &Eacute;valuation gratuite de votre appartement &agrave; Boudry en ligne avec Immobilierlocal<\/h3>\n<p>\nB&eacute;n&eacute;ficiez d&rsquo;une estimation rapide de votre logement &agrave; Boudry en 5 clics.<\/p>\n<p>Dans le but d&rsquo;&ecirc;tre plus fiable dans l&rsquo;&eacute;valuation de la valeur de votre appartement, nous devrons avoir connaissance de certains &eacute;l&eacute;ments ou certaines indications :\n<\/p>\n<ul>\n<li>L&rsquo;environnement de votre appartement.<\/li>\n<li>L&rsquo;exposition de l&rsquo;appartement.<\/li>\n<li>Le nombre de pi&egrave;ces.<\/li>\n<li>Les surfaces (habitable, balcon et cave).<\/li>\n<li>La pr&eacute;sence d&rsquo;un ou plusieurs parkings.<\/li>\n<li>Date de construction.<\/li>\n<li>L&rsquo;&eacute;tat g&eacute;n&eacute;ral.<\/li>\n<li>Les diff&eacute;rentes r&eacute;novations effectu&eacute;es.<\/li>\n<li>Le montant du &laquo;fonds de r&eacute;novation PPE&raquo;.<\/li>\n<\/ul>\n<h3>3. R&eacute;aliser une &eacute;valuation immobili&egrave;re de sa maison par un agent immobilier &agrave; Boudry<\/h3>\n<p>\nNos experts install&eacute;s &agrave; Boudry se rendent &agrave; votre domicile afin de r&eacute;aliser une &eacute;valuation de votre appartement ou de votre maison. En &eacute;tudiant certains documents tels que le registre foncier, les plans d&rsquo;architecte et le plan cadastral, ils vous procurent une &eacute;valuation pr&eacute;cise et compl&egrave;te.<\/p>\n<p>Pour r&eacute;aliser notre estimation, nous prenons aussi en compte le march&eacute; immobilier &agrave; Boudry. Nous vous procurerons plusieurs conseils importants afin de valoriser au mieux votre bien &agrave; Boudry.<\/p>\n<p>Faites appel &agrave; Immobilierlocal et recevez d&egrave;s &agrave; pr&eacute;sent une appr&eacute;ciation de la valeur de votre bien.\n<\/p>\n<h3>4. Est-il int&eacute;ressant de comparer son bien avec les biens similaires en vente &agrave; Boudry ?<\/h3>\n<p>\nOui, il est pertinent d&rsquo;&eacute;tudier les biens semblables, comparer votre bien avec les annonces immobili&egrave;res similaires &agrave; Boudry vous apporte des donn&eacute;es sur la valorisation de votre maison ou appartement.\n<\/p>\n<h2>Comment vendre son bien immobilier au meilleur prix &agrave; Boudry ?<\/h2>\n<p>\nPour vendre facilement votre bien immobilier, faites confiance &agrave; Immobilierlocal !\n<\/p>\n<h3>1. Pourquoi contacter un sp&eacute;cialiste comme Immobilierlocal ?<\/h3>\n<p>\nImmobilierlocal vous met en contact avec un agent immobilier qui s&rsquo;occupe de la ville de Boudry.\n<\/p>\n<h3>2. Obtenez une estimation pr&eacute;cise et qui prend en compte la situation immobili&egrave;re actuelle<\/h3>\n<p>\nNotre agence Immobilierlocal r&eacute;f&eacute;rence toutes les propri&eacute;t&eacute;s en vente &agrave; Boudry ainsi que l&rsquo;ensemble des biens qui ont r&eacute;cemment &eacute;t&eacute; vendus. Cela nous permet d&rsquo;avoir une analyse tr&egrave;s pr&eacute;cise du march&eacute; immobilier, et de vous proposer le bon prix de vente.\n<\/p>\n<h3>3. Mettez en valeur votre propri&eacute;t&eacute;<\/h3>\n<p>\nImmobilierlocal et ses partenaires effectuent des s&eacute;ances photo pour sublimer votre propri&eacute;t&eacute;.\n<\/p>\n<h3>4. Augmenter la visibilit&eacute; de votre bien et le nombre de potentiels acheteurs sur internet<\/h3>\n<p>\nAfin qu&rsquo;un maximum d&rsquo;acheteurs potentiels puisse observer votre propri&eacute;t&eacute;, nous diffusons votre annonce sur l&rsquo;ensemble de nos sites internet ainsi que ceux de nos collaborateurs.\n<\/p>\n<h3>5. Choisissez la meilleure offre<\/h3>\n<p>\nNous trions l&rsquo;ensemble des offres qui nous parviennent dans le but de vous pr&eacute;senter uniquement celles qui peuvent vous int&eacute;resser.\n<\/p>\n<h3>6. N&eacute;gociez le meilleur prix<\/h3>\n<p>\nNotre sp&eacute;cialiste recense tous les documents et les informations possibles pour mettre votre bien en avant afin de le vendre au meilleur prix, voici les documents et les informations n&eacute;cessaires :\n<\/p>\n<ul>\n<li>Les factures de r&eacute;novations,<\/li>\n<li>les plans architecturaux,<\/li>\n<li>les avantages environnementaux,<\/li>\n<li>le d&eacute;veloppement &eacute;conomique &agrave; Boudry et de sa r&eacute;gion.<\/li>\n<\/ul>\n<h2>Quelles sont les tendances du march&eacute; immobilier &agrave; Boudry ?<\/h2>\n<h3>&Eacute;valuation du prix de vente des maisons &agrave; Boudry<\/h3>\n<p class=\"estimates-house-range\">Les prix des maisons \u00e0 Boudry varient de CHF 1'076'414 \u00e0 CHF 1'536'314 en moyenne.<\/p>\n<h3>&Eacute;valuation du prix de vente des appartements &agrave; Boudry<\/h3>\n<p class=\"estimates-house-range\">Les prix des appartements \u00e0 Boudry varient de CHF 588'105 \u00e0 CHF 914'960 en moyenne.<\/p>\n<h3>&Eacute;valuation de la valeur des terrains &agrave; Boudry<\/h3>\n<p class=\"estimates-land\">Les prix moyens des terrains \u00e0 Boudry sont de CHF 677 \/ m\u00b2 (prix par m\u00e8tre carr\u00e9).<\/p>\n<h2>Questions fr&eacute;quentes sur l&rsquo;estimation immobili&egrave;re<\/h2>\n<h3>Quel est le tarif d&rsquo;une estimation immobili&egrave;re &agrave; Boudry ?<\/h3>\n<p>\nA Boudry, cela peut varier entre CHF 150 et CHF 1500. Cela va d&eacute;pendre de la nature de votre bien et de sa taille.<\/p>\n<p>Cependant, si vous faites appel &agrave; l&rsquo;agence Immobilierlocal, vous b&eacute;n&eacute;ficiez d&rsquo;une &eacute;valuation offerte en ligne de votre maison ou appartement, sans engagement de votre part. De plus, notre outil d&rsquo;estimation en ligne est un outil gratuit qui vous certifie une des meilleures estimations en ligne du march&eacute;. Notre r&eacute;sultat tient compte des indicateurs &eacute;conomiques du moment, ainsi que du la situation conjoncturelle suisse.\n<\/p>\n<h3>Qui peut &eacute;valuer un bien immobilier &agrave; Boudry ?<\/h3>\n<p>\nPour une estimation immobili&egrave;re pr&eacute;cise, vous avez plusieurs solutions, vous pouvez contacter un professionnel dans les estimations immobili&egrave;res, un architecte, un courtier en immobilier ou encore une banque.\n<\/p>\n<h3>Comment se d&eacute;roule l&rsquo;estimation d&rsquo;un bien &agrave; Boudry ?<\/h3>\n<ol>\n<li>Pour commencer : l&rsquo;expert se rend &agrave; votre domicile pour r&eacute;aliser une visite d&eacute;taill&eacute;e de votre demeure.<\/li>\n<li>Par la suite : il regarde les textes en lien avec l&rsquo;achat et l&rsquo;entretien de votre bien.<\/li>\n<li>Il proc&egrave;de &agrave; une analyse approfondie du march&eacute; immobilier en comparant votre bien aux autres biens actuellement disponibles et en examinant les prix des ventes effectu&eacute;es r&eacute;cemment &agrave; Boudry.<\/li>\n<li>Derni&egrave;rement, il vous donnera un bilan d&eacute;taill&eacute; ainsi qu&rsquo;une &eacute;valuation fiable du prix de vente de votre propri&eacute;t&eacute; immobili&egrave;re.<\/li>\n<\/ol>\n<h3>Comment obtenir une estimation de son bien gratuitement &agrave; Boudry<\/h3>\n<p>\nObtenez une estimation gratuite et pr&eacute;cise en quelques minutes gr&acirc;ce &agrave; l&rsquo;outil d&rsquo;&eacute;valuation Immobilierlocal, ou prenez contact avec l&rsquo;un de nos agents immobiliers pour avoir une &eacute;valuation gratuite de votre propri&eacute;t&eacute;, sans aucun engagement.\n<\/p>\n<h3>Quels facteurs influencent la valeur de mon bien &agrave; Boudry ?<\/h3>\n<p>\nIl y a diff&eacute;rents facteurs qui font &eacute;voluer la valeur d&rsquo;une propri&eacute;t&eacute; immobili&egrave;re &agrave; Boudry. Voici une liste des facteurs les plus importants :\n<\/p>\n<ul>\n<li>L&rsquo;activit&eacute; touristique,<\/li>\n<li>le d&eacute;veloppement &eacute;conomique du secteur,<\/li>\n<li>le rapport entre le nombre de vendeurs et d&rsquo;acqu&eacute;reurs,<\/li>\n<li>la proximit&eacute; des commodit&eacute;s.<\/li>\n<\/ul>\n<h3>De quelle fa&ccedil;on augmenter le prix de vente de ma maison et de mon appartement ?<\/h3>\n<p>\nPour augmenter le prix de vente de votre bien immobilier, suivez ces conseils :\n<\/p>\n<ul>\n<li>Assurez-vous que votre bien soit irr&eacute;prochable.<\/li>\n<li>Assurez-vous de ranger toutes les pi&egrave;ces et agencez l&rsquo;espace pour permettre aux acheteurs de se projeter facilement.<\/li>\n<li>Accentuez les points forts de votre bien.<\/li>\n<li>Si vous poss&eacute;dez une maison, valoriser votre terrain.<\/li>\n<\/ul>\n<h3>Quelle attitude &agrave; avoir vis-&agrave;-vis d&rsquo;un potentiel acqu&eacute;reur ?<\/h3>\n<ul>\n<li>Parlez-lui des diff&eacute;rentes forces de votre bien.<\/li>\n<li>R&eacute;pondez &agrave; ses questions clairement et honn&ecirc;tement.<\/li>\n<li>&Eacute;coutez les propos de l&rsquo;acheteur et allez dans son sens sans le contredire.<\/li>\n<\/ul>\n<h3>Quels sont les documents &agrave; avoir afin d&rsquo;&eacute;valuer ma propri&eacute;t&eacute; immobili&egrave;re ?<\/h3>\n<ul>\n<li>Police assurance incendie compl&egrave;te<\/li>\n<li>Plan de niveau (si disponible)<\/li>\n<li>factures des diff&eacute;rents travaux r&eacute;alis&eacute;s (si disponible)<\/li>\n<li>Registre foncier (si disponible)<\/li>\n<li>Plan cadastral (si disponible)<\/li>\n<li>Descriptif de construction (si disponible)<\/li>\n<li>&Eacute;ventuellement : plan d&rsquo;affectation et le r&egrave;glement de construction<\/li>\n<\/ul>\n<p>\nPour les objets en PPE :\n<\/p>\n<ul>\n<li>Police assurance incendie compl&egrave;te de l&rsquo;immeuble (&agrave; demander &agrave; l&rsquo;administrateur)<\/li>\n<li>R&egrave;glement PPE<\/li>\n<li>Comptes PPE (3 derni&egrave;res ann&eacute;es)<\/li>\n<\/ul>\n<p>Estimation similaire dans les villes proches, comme : <br \/> Neuch\u00e2tel, Auvernier, Colombier NE, B\u00f4le, Areuse, Cortaillod, Chambrelien, Rochefort, Bevaix, Gorgier, St-Aubin-Sauges, Chez-le-Bart, Fresens, Montalchez, Vaumarcus, Peseux, Corcelles NE, Cormondr\u00e8che, Hauterive NE, St-Blaise, Enges, Marin-Epagnier, Thielle, Wavre, Cornaux NE, Cressier NE, Champ-du-Moulin.<\/p>\n","protected":false},"excerpt":{"rendered":"<p>Estimez rapidement le prix de votre maison &agrave; Boudry gr&acirc;ce &agrave; Immobilierlocal. En cas de besoin, un sp&eacute;cialiste se rendra sur place pour proc&eacute;der &agrave; une estimation plus pr&eacute;cise de votre propri&eacute;t&eacute;. Mettre en vente sa maison ou sa propri&eacute;t&eacute; avec Immobilierlocal, c&rsquo;est la garantie de vendre son bien &agrave; un tr&egrave;s bon prix et [&hellip;]<\/p>\n","protected":false},"author":3,"featured_media":400,"parent":152,"menu_order":0,"comment_status":"closed","ping_status":"closed","template":"","meta":{"footnotes":""},"categories":[6],"profession":[],"location":[52],"canton":[],"class_list":["post-187","page","type-page","status-publish","has-post-thumbnail","hentry","category-estimation"],"yoast_head":"<!-- This site is optimized with the Yoast SEO Premium plugin v23.0 (Yoast SEO v27.3) - https:\/\/yoast.com\/product\/yoast-seo-premium-wordpress\/ -->\n<title>Estimation immobili\u00e8re \u00e0 Boudry avril 2026 gratuite &amp; rapide - Immobilierlocal<\/title>\n<meta name=\"description\" content=\"D\u00e9couvrez le Prix moyen au m\u00b2 \u00e0 Boudry en avril 2026 \u2705 Estimation gratuite de votre bien \u2705 Derni\u00e8res \u00e9volutions du march\u00e9.\" \/>\n<meta name=\"robots\" content=\"index, follow, max-snippet:-1, max-image-preview:large, max-video-preview:-1\" \/>\n<link rel=\"canonical\" href=\"https:\/\/www.immobilierlocal.ch\/c\/estimation-immobiliere-canton-neuchatel\/estimation-immobiliere-a-boudry\/\" \/>\n<meta property=\"og:locale\" content=\"fr_FR\" \/>\n<meta property=\"og:type\" content=\"article\" \/>\n<meta property=\"og:title\" content=\"Estimation immobili\u00e8re \u00e0 Boudry avril 2026 gratuite &amp; rapide\" \/>\n<meta property=\"og:description\" content=\"D\u00e9couvrez le Prix moyen au m\u00b2 \u00e0 Boudry en avril 2026 \u2705 Estimation gratuite de votre bien \u2705 Derni\u00e8res \u00e9volutions du march\u00e9.\" \/>\n<meta property=\"og:url\" content=\"https:\/\/www.immobilierlocal.ch\/c\/estimation-immobiliere-canton-neuchatel\/estimation-immobiliere-a-boudry\/\" \/>\n<meta property=\"og:site_name\" content=\"Immobilierlocal\" \/>\n<meta property=\"article:modified_time\" content=\"2024-08-05T18:19:52+00:00\" \/>\n<meta property=\"og:image\" content=\"https:\/\/www.immobilierlocal.ch\/c\/wp-content\/uploads\/2023\/10\/estimation-immobiliere-a-boudry-1-scaled.jpg\" \/>\n\t<meta property=\"og:image:width\" content=\"2560\" \/>\n\t<meta property=\"og:image:height\" content=\"817\" \/>\n\t<meta property=\"og:image:type\" content=\"image\/jpeg\" \/>\n<meta name=\"twitter:card\" content=\"summary_large_image\" \/>\n<meta name=\"twitter:label1\" content=\"Dur\u00e9e de lecture estim\u00e9e\" \/>\n\t<meta name=\"twitter:data1\" content=\"7 minutes\" \/>\n<script type=\"application\/ld+json\" class=\"yoast-schema-graph\">{\"@context\":\"https:\\\/\\\/schema.org\",\"@graph\":[{\"@type\":\"WebPage\",\"@id\":\"https:\\\/\\\/www.immobilierlocal.ch\\\/c\\\/estimation-immobiliere-canton-neuchatel\\\/estimation-immobiliere-a-boudry\\\/\",\"url\":\"https:\\\/\\\/www.immobilierlocal.ch\\\/c\\\/estimation-immobiliere-canton-neuchatel\\\/estimation-immobiliere-a-boudry\\\/\",\"name\":\"Estimation immobili\u00e8re \u00e0 Boudry - Immobilierlocal\",\"isPartOf\":{\"@id\":\"https:\\\/\\\/www.immobilierlocal.ch\\\/c\\\/#website\"},\"primaryImageOfPage\":{\"@id\":\"https:\\\/\\\/www.immobilierlocal.ch\\\/c\\\/estimation-immobiliere-canton-neuchatel\\\/estimation-immobiliere-a-boudry\\\/#primaryimage\"},\"image\":{\"@id\":\"https:\\\/\\\/www.immobilierlocal.ch\\\/c\\\/estimation-immobiliere-canton-neuchatel\\\/estimation-immobiliere-a-boudry\\\/#primaryimage\"},\"thumbnailUrl\":\"https:\\\/\\\/www.immobilierlocal.ch\\\/c\\\/wp-content\\\/uploads\\\/2023\\\/10\\\/estimation-immobiliere-a-boudry-1-scaled.jpg\",\"datePublished\":\"2023-10-19T08:33:48+00:00\",\"dateModified\":\"2024-08-05T18:19:52+00:00\",\"breadcrumb\":{\"@id\":\"https:\\\/\\\/www.immobilierlocal.ch\\\/c\\\/estimation-immobiliere-canton-neuchatel\\\/estimation-immobiliere-a-boudry\\\/#breadcrumb\"},\"inLanguage\":\"fr-FR\",\"potentialAction\":[{\"@type\":\"ReadAction\",\"target\":[\"https:\\\/\\\/www.immobilierlocal.ch\\\/c\\\/estimation-immobiliere-canton-neuchatel\\\/estimation-immobiliere-a-boudry\\\/\"]}]},{\"@type\":\"ImageObject\",\"inLanguage\":\"fr-FR\",\"@id\":\"https:\\\/\\\/www.immobilierlocal.ch\\\/c\\\/estimation-immobiliere-canton-neuchatel\\\/estimation-immobiliere-a-boudry\\\/#primaryimage\",\"url\":\"https:\\\/\\\/www.immobilierlocal.ch\\\/c\\\/wp-content\\\/uploads\\\/2023\\\/10\\\/estimation-immobiliere-a-boudry-1-scaled.jpg\",\"contentUrl\":\"https:\\\/\\\/www.immobilierlocal.ch\\\/c\\\/wp-content\\\/uploads\\\/2023\\\/10\\\/estimation-immobiliere-a-boudry-1-scaled.jpg\",\"width\":2560,\"height\":817,\"caption\":\"Estimation immobili\u00e8re \u00e0 Boudry\"},{\"@type\":\"BreadcrumbList\",\"@id\":\"https:\\\/\\\/www.immobilierlocal.ch\\\/c\\\/estimation-immobiliere-canton-neuchatel\\\/estimation-immobiliere-a-boudry\\\/#breadcrumb\",\"itemListElement\":[{\"@type\":\"ListItem\",\"position\":1,\"name\":\"Accueil\",\"item\":\"https:\\\/\\\/www.immobilierlocal.ch\\\/c\\\/\"},{\"@type\":\"ListItem\",\"position\":2,\"name\":\"Estimation immobili\u00e8re dans le canton de Neuch\u00e2tel\",\"item\":\"https:\\\/\\\/www.immobilierlocal.ch\\\/c\\\/estimation-immobiliere-canton-neuchatel\\\/\"},{\"@type\":\"ListItem\",\"position\":3,\"name\":\"Estimation immobili\u00e8re \u00e0 Boudry\"}]},{\"@type\":\"WebSite\",\"@id\":\"https:\\\/\\\/www.immobilierlocal.ch\\\/c\\\/#website\",\"url\":\"https:\\\/\\\/www.immobilierlocal.ch\\\/c\\\/\",\"name\":\"Immobilierlocal\",\"description\":\"\",\"publisher\":{\"@id\":\"https:\\\/\\\/www.immobilierlocal.ch\\\/c\\\/#organization\"},\"potentialAction\":[{\"@type\":\"SearchAction\",\"target\":{\"@type\":\"EntryPoint\",\"urlTemplate\":\"https:\\\/\\\/www.immobilierlocal.ch\\\/c\\\/?s={search_term_string}\"},\"query-input\":{\"@type\":\"PropertyValueSpecification\",\"valueRequired\":true,\"valueName\":\"search_term_string\"}}],\"inLanguage\":\"fr-FR\"},{\"@type\":\"Organization\",\"@id\":\"https:\\\/\\\/www.immobilierlocal.ch\\\/c\\\/#organization\",\"name\":\"Immobilierlocal\",\"url\":\"https:\\\/\\\/www.immobilierlocal.ch\\\/c\\\/\",\"logo\":{\"@type\":\"ImageObject\",\"inLanguage\":\"fr-FR\",\"@id\":\"https:\\\/\\\/www.immobilierlocal.ch\\\/c\\\/#\\\/schema\\\/logo\\\/image\\\/\",\"url\":\"https:\\\/\\\/www.immobilierlocal.ch\\\/c\\\/wp-content\\\/uploads\\\/2023\\\/10\\\/logo-immobilierlocal-h.svg\",\"contentUrl\":\"https:\\\/\\\/www.immobilierlocal.ch\\\/c\\\/wp-content\\\/uploads\\\/2023\\\/10\\\/logo-immobilierlocal-h.svg\",\"caption\":\"Immobilierlocal\"},\"image\":{\"@id\":\"https:\\\/\\\/www.immobilierlocal.ch\\\/c\\\/#\\\/schema\\\/logo\\\/image\\\/\"}}]}<\/script>\n<!-- \/ Yoast SEO Premium plugin. -->","yoast_head_json":{"title":"Estimation immobili\u00e8re \u00e0 Boudry avril 2026 gratuite & rapide - Immobilierlocal","description":"D\u00e9couvrez le Prix moyen au m\u00b2 \u00e0 Boudry en avril 2026 \u2705 Estimation gratuite de votre bien \u2705 Derni\u00e8res \u00e9volutions du march\u00e9.","robots":{"index":"index","follow":"follow","max-snippet":"max-snippet:-1","max-image-preview":"max-image-preview:large","max-video-preview":"max-video-preview:-1"},"canonical":"https:\/\/www.immobilierlocal.ch\/c\/estimation-immobiliere-canton-neuchatel\/estimation-immobiliere-a-boudry\/","og_locale":"fr_FR","og_type":"article","og_title":"Estimation immobili\u00e8re \u00e0 Boudry avril 2026 gratuite & rapide","og_description":"D\u00e9couvrez le Prix moyen au m\u00b2 \u00e0 Boudry en avril 2026 \u2705 Estimation gratuite de votre bien \u2705 Derni\u00e8res \u00e9volutions du march\u00e9.","og_url":"https:\/\/www.immobilierlocal.ch\/c\/estimation-immobiliere-canton-neuchatel\/estimation-immobiliere-a-boudry\/","og_site_name":"Immobilierlocal","article_modified_time":"2024-08-05T18:19:52+00:00","og_image":[{"width":2560,"height":817,"url":"https:\/\/www.immobilierlocal.ch\/c\/wp-content\/uploads\/2023\/10\/estimation-immobiliere-a-boudry-1-scaled.jpg","type":"image\/jpeg"}],"twitter_card":"summary_large_image","twitter_misc":{"Dur\u00e9e de lecture estim\u00e9e":"7 minutes"},"schema":{"@context":"https:\/\/schema.org","@graph":[{"@type":"WebPage","@id":"https:\/\/www.immobilierlocal.ch\/c\/estimation-immobiliere-canton-neuchatel\/estimation-immobiliere-a-boudry\/","url":"https:\/\/www.immobilierlocal.ch\/c\/estimation-immobiliere-canton-neuchatel\/estimation-immobiliere-a-boudry\/","name":"Estimation immobili\u00e8re \u00e0 Boudry - Immobilierlocal","isPartOf":{"@id":"https:\/\/www.immobilierlocal.ch\/c\/#website"},"primaryImageOfPage":{"@id":"https:\/\/www.immobilierlocal.ch\/c\/estimation-immobiliere-canton-neuchatel\/estimation-immobiliere-a-boudry\/#primaryimage"},"image":{"@id":"https:\/\/www.immobilierlocal.ch\/c\/estimation-immobiliere-canton-neuchatel\/estimation-immobiliere-a-boudry\/#primaryimage"},"thumbnailUrl":"https:\/\/www.immobilierlocal.ch\/c\/wp-content\/uploads\/2023\/10\/estimation-immobiliere-a-boudry-1-scaled.jpg","datePublished":"2023-10-19T08:33:48+00:00","dateModified":"2024-08-05T18:19:52+00:00","breadcrumb":{"@id":"https:\/\/www.immobilierlocal.ch\/c\/estimation-immobiliere-canton-neuchatel\/estimation-immobiliere-a-boudry\/#breadcrumb"},"inLanguage":"fr-FR","potentialAction":[{"@type":"ReadAction","target":["https:\/\/www.immobilierlocal.ch\/c\/estimation-immobiliere-canton-neuchatel\/estimation-immobiliere-a-boudry\/"]}]},{"@type":"ImageObject","inLanguage":"fr-FR","@id":"https:\/\/www.immobilierlocal.ch\/c\/estimation-immobiliere-canton-neuchatel\/estimation-immobiliere-a-boudry\/#primaryimage","url":"https:\/\/www.immobilierlocal.ch\/c\/wp-content\/uploads\/2023\/10\/estimation-immobiliere-a-boudry-1-scaled.jpg","contentUrl":"https:\/\/www.immobilierlocal.ch\/c\/wp-content\/uploads\/2023\/10\/estimation-immobiliere-a-boudry-1-scaled.jpg","width":2560,"height":817,"caption":"Estimation immobili\u00e8re \u00e0 Boudry"},{"@type":"BreadcrumbList","@id":"https:\/\/www.immobilierlocal.ch\/c\/estimation-immobiliere-canton-neuchatel\/estimation-immobiliere-a-boudry\/#breadcrumb","itemListElement":[{"@type":"ListItem","position":1,"name":"Accueil","item":"https:\/\/www.immobilierlocal.ch\/c\/"},{"@type":"ListItem","position":2,"name":"Estimation immobili\u00e8re dans le canton de Neuch\u00e2tel","item":"https:\/\/www.immobilierlocal.ch\/c\/estimation-immobiliere-canton-neuchatel\/"},{"@type":"ListItem","position":3,"name":"Estimation immobili\u00e8re \u00e0 Boudry"}]},{"@type":"WebSite","@id":"https:\/\/www.immobilierlocal.ch\/c\/#website","url":"https:\/\/www.immobilierlocal.ch\/c\/","name":"Immobilierlocal","description":"","publisher":{"@id":"https:\/\/www.immobilierlocal.ch\/c\/#organization"},"potentialAction":[{"@type":"SearchAction","target":{"@type":"EntryPoint","urlTemplate":"https:\/\/www.immobilierlocal.ch\/c\/?s={search_term_string}"},"query-input":{"@type":"PropertyValueSpecification","valueRequired":true,"valueName":"search_term_string"}}],"inLanguage":"fr-FR"},{"@type":"Organization","@id":"https:\/\/www.immobilierlocal.ch\/c\/#organization","name":"Immobilierlocal","url":"https:\/\/www.immobilierlocal.ch\/c\/","logo":{"@type":"ImageObject","inLanguage":"fr-FR","@id":"https:\/\/www.immobilierlocal.ch\/c\/#\/schema\/logo\/image\/","url":"https:\/\/www.immobilierlocal.ch\/c\/wp-content\/uploads\/2023\/10\/logo-immobilierlocal-h.svg","contentUrl":"https:\/\/www.immobilierlocal.ch\/c\/wp-content\/uploads\/2023\/10\/logo-immobilierlocal-h.svg","caption":"Immobilierlocal"},"image":{"@id":"https:\/\/www.immobilierlocal.ch\/c\/#\/schema\/logo\/image\/"}}]}},"_links":{"self":[{"href":"https:\/\/www.immobilierlocal.ch\/c\/wp-json\/wp\/v2\/pages\/187","targetHints":{"allow":["GET"]}}],"collection":[{"href":"https:\/\/www.immobilierlocal.ch\/c\/wp-json\/wp\/v2\/pages"}],"about":[{"href":"https:\/\/www.immobilierlocal.ch\/c\/wp-json\/wp\/v2\/types\/page"}],"author":[{"embeddable":true,"href":"https:\/\/www.immobilierlocal.ch\/c\/wp-json\/wp\/v2\/users\/3"}],"replies":[{"embeddable":true,"href":"https:\/\/www.immobilierlocal.ch\/c\/wp-json\/wp\/v2\/comments?post=187"}],"version-history":[{"count":0,"href":"https:\/\/www.immobilierlocal.ch\/c\/wp-json\/wp\/v2\/pages\/187\/revisions"}],"up":[{"embeddable":true,"href":"https:\/\/www.immobilierlocal.ch\/c\/wp-json\/wp\/v2\/pages\/152"}],"wp:featuredmedia":[{"embeddable":true,"href":"https:\/\/www.immobilierlocal.ch\/c\/wp-json\/wp\/v2\/media\/400"}],"wp:attachment":[{"href":"https:\/\/www.immobilierlocal.ch\/c\/wp-json\/wp\/v2\/media?parent=187"}],"wp:term":[{"taxonomy":"category","embeddable":true,"href":"https:\/\/www.immobilierlocal.ch\/c\/wp-json\/wp\/v2\/categories?post=187"},{"taxonomy":"profession","embeddable":true,"href":"https:\/\/www.immobilierlocal.ch\/c\/wp-json\/wp\/v2\/profession?post=187"},{"taxonomy":"location","embeddable":true,"href":"https:\/\/www.immobilierlocal.ch\/c\/wp-json\/wp\/v2\/location?post=187"},{"taxonomy":"canton","embeddable":true,"href":"https:\/\/www.immobilierlocal.ch\/c\/wp-json\/wp\/v2\/canton?post=187"}],"curies":[{"name":"wp","href":"https:\/\/api.w.org\/{rel}","templated":true}]}}