
{"id":168,"date":"2023-10-19T10:33:47","date_gmt":"2023-10-19T08:33:47","guid":{"rendered":"https:\/\/immobilierlocal.ch\/c\/168-2\/"},"modified":"2024-08-05T20:28:25","modified_gmt":"2024-08-05T18:28:25","slug":"estimation-immobiliere-a-moudon","status":"publish","type":"page","link":"https:\/\/www.immobilierlocal.ch\/c\/estimation-immobiliere-canton-vaud\/estimation-immobiliere-a-moudon\/","title":{"rendered":"Estimation immobili\u00e8re \u00e0 Moudon"},"content":{"rendered":"<p>Utilisez Immobilierlocal pour avoir une &eacute;valuation rapide et pr&eacute;cise de la valeur immobili&egrave;re de votre bien &agrave; Moudon. Si n&eacute;cessaire, un expert se d&eacute;placera chez vous pour r&eacute;aliser une estimation plus pr&eacute;cise de votre propri&eacute;t&eacute;. Vendez ou achetez votre bien immobilier au meilleur prix, en toute simplicit&eacute; avec Immobilierlocal.<\/p>\n\n<h2>Derni&egrave;res estimations &agrave; Moudon par secteur<\/h2>\n<div class=\"estimates-lastest\"><ul><li>Pour un appartement 6.5 pi\u00e8ces \u00e0 Moudon, surface pond\u00e9r\u00e9e (m\u00b2) : 115, orientation Ouest, avec balcon, transports fr\u00e9quence limit\u00e9e, avec parking, commodit\u00e9s et \u00e9coles limit\u00e9es, situation ordinaire, CHF 5'922 \/ m\u00b2<\/li><li>Pour un appartement 5 pi\u00e8ces \u00e0 Moudon, surface pond\u00e9r\u00e9e (m\u00b2) : 115, orientation Sud-Est\/Ouest, sans balcon, transports fr\u00e9quence limit\u00e9e, avec parking, commodit\u00e9s et \u00e9coles limit\u00e9es, situation ordinaire, CHF 6'627 \/ m\u00b2<\/li><li>Pour un appartement 4.5 pi\u00e8ces \u00e0 Moudon, surface pond\u00e9r\u00e9e (m\u00b2) : 95, orientation Sud-Est\/Ouest, avec balcon, transports fr\u00e9quence r\u00e9guli\u00e8re, avec parking, commodit\u00e9s et \u00e9coles nombreuses, situation ordinaire, CHF 7'148 \/ m\u00b2<\/li><\/ul><\/div>\n<h2>Estimation de la valeur des maisons &agrave; Moudon selon le nombre de pi&egrave;ces<\/h2>\n<div class=\"estimates-room\"><ul><li>Pour une maison 5 pi\u00e8ces \u00e0 Moudon, volume (m\u00b3) : 720 et terrain (m\u00b2) : 650, transports fr\u00e9quence r\u00e9guli\u00e8re, commodit\u00e9s et \u00e9coles nombreuses, situation privil\u00e9gi\u00e9e, CHF 6'919 \/ m\u00b2<\/li><li>Pour une maison 6.5 pi\u00e8ces \u00e0 Moudon, volume (m\u00b3) : 1170 et terrain (m\u00b2) : 800, transports fr\u00e9quence r\u00e9guli\u00e8re, commodit\u00e9s et \u00e9coles nombreuses, situation ordinaire, CHF 5'426 \/ m\u00b2<\/li><li>Pour une maison 6 pi\u00e8ces \u00e0 Moudon, volume (m\u00b3) : 945 et terrain (m\u00b2) : 500, transports fr\u00e9quence limit\u00e9e, commodit\u00e9s et \u00e9coles limit\u00e9es, situation ordinaire, CHF 5'367 \/ m\u00b2<\/li><\/ul><\/div><div class=\"iframe-text\">Estimer maintenant votre bien immobilier<\/div><iframe id=\"estimer\" src=\"https:\/\/www.immobilierlocal.ch\/estimer?iframe=1\" frameborder=\"0\" loading=\"lazy\" width=\"100%\" height=\"1000\" style=\"overflow-x:hidden;\" referrerpolicy=\"no-referrer-when-downgrade\" title=\"Estimation immobili\u00e8re\"><\/iframe>\n<h2>Comment faire estimer la valeur d&rsquo;un bien immobilier &agrave; Moudon ?<\/h2>\n<h3>1. Estimation gratuite de votre maison &agrave; Moudon en ligne avec notre agence Immobilierlocal<\/h3>\n<p>\nProfitez de notre outil d&rsquo;estimation en ligne afin de conna&icirc;tre la valeur de votre maison en quelques clics.<\/p>\n<p>Pour une &eacute;valuation pr&eacute;cise, nous aurons aussi besoin des d&eacute;tails suivants :\n<\/p>\n<ul>\n<li>L&rsquo;environnement de la maison (acc&egrave;s aux transports, vis &agrave; vis, commodit&eacute;s proches&#8230;).<\/li>\n<li>L&rsquo;orientation.<\/li>\n<li>Le nombre de pi&egrave;ces.<\/li>\n<li>La surface habitable ou le volume.<\/li>\n<li>La surface du terrain.<\/li>\n<li>L&rsquo;ann&eacute;e de construction.<\/li>\n<li>L&rsquo;&eacute;tat global de votre bien.<\/li>\n<li>Les travaux effectu&eacute;s dans votre maison et leur ann&eacute;e.<\/li>\n<\/ul>\n<h3>2. Estimation offerte de votre appartement &agrave; Moudon en ligne avec Immobilierlocal<\/h3>\n<p>\nD&eacute;couvrez la vraie valeur de votre bien en quelques clics avec notre logiciel d&rsquo;estimation en ligne gratuit. Recevez une estimation pr&eacute;cise de votre appartement &agrave; Moudon en 5 clics.<\/p>\n<p>Pour recevoir une estimation pr&eacute;cise, vous devez fournir les caract&eacute;ristiques de votre propri&eacute;t&eacute;, apr&egrave;s avoir ins&eacute;r&eacute; votre adresse, comme :\n<\/p>\n<ul>\n<li>La situation (environnement, vue et transports).<\/li>\n<li>L&rsquo;exposition de l&rsquo;appartement.<\/li>\n<li>Le nombre de pi&egrave;ces.<\/li>\n<li>Les diff&eacute;rentes surfaces (habitable, garage, balcon&#8230;).<\/li>\n<li>Parking int&eacute;rieur et\/ou ext&eacute;rieur.<\/li>\n<li>Date de construction.<\/li>\n<li>L&rsquo;&eacute;tat g&eacute;n&eacute;ral.<\/li>\n<li>L&rsquo;ann&eacute;e et le co&ucirc;t des derni&egrave;res r&eacute;novations.<\/li>\n<li>Le montant du &laquo;fonds de r&eacute;novation PPE&raquo;.<\/li>\n<\/ul>\n<h3>3. Faire &eacute;valuer sa maison ou son appartement par un sp&eacute;cialiste &agrave; Moudon<\/h3>\n<p>\nNous poss&eacute;dons diff&eacute;rents agents immobiliers &agrave; Moudon qui se d&eacute;placent chez vous pour visiter votre maison avant d&rsquo;effectuer une estimation de votre maison. Il examinera &eacute;galement certains documents comme les plans d&rsquo;architecte ou le registre foncier afin de vous fournir une estimation la plus compl&egrave;te possible.<\/p>\n<p>L&rsquo;&eacute;valuation tient aussi compte de l&rsquo;&eacute;tat de l&rsquo;immobilier de Moudon pour vous fournir la valeur r&eacute;elle de votre bien. Une fois l&rsquo;expertise r&eacute;alis&eacute;e, des astuces vous seront donn&eacute;es pour valoriser votre bien immobilier.<\/p>\n<p>Faites confiance &agrave; Immobilierlocal et recevez d&egrave;s &agrave; pr&eacute;sent une estimation de la valeur de votre bien.\n<\/p>\n<h3>4. Est-il pertinent de comparer son bien avec les biens similaires en vente &agrave; Moudon ?<\/h3>\n<p>\nOui, il est pertinent d&rsquo;&eacute;tudier les autres biens mis en vente, comparer votre bien avec les annonces immobili&egrave;res similaires &agrave; Moudon vous apporte des donn&eacute;es sur la valeur de votre maison ou appartement.\n<\/p>\n<h2>Comment vendre son bien immobilier au meilleur prix &agrave; Moudon ?<\/h2>\n<p>\nPour vendre rapidement votre bien immobilier, faites confiance &agrave; Immobilierlocal !\n<\/p>\n<h3>1. Pourquoi faire confiance &agrave; un expert comme Immobilierlocal ?<\/h3>\n<p>\nImmobilierlocal permet de vous mettre en relation avec un sp&eacute;cialiste situ&eacute; dans la ville de Moudon.\n<\/p>\n<h3>2. B&eacute;n&eacute;ficiez d&rsquo;une estimation pr&eacute;cise et adapt&eacute;e &agrave; la situation immobili&egrave;re actuelle<\/h3>\n<p>\nImmobilierlocal et ses collaborateurs recensent les prix des biens similaires pr&eacute;sents actuellement sur le march&eacute; ainsi que ceux qui ont &eacute;t&eacute; r&eacute;cemment vendus, afin de vous soumettre le prix de vente le meilleur prix de vente.\n<\/p>\n<h3>3. Mettez en valeur votre propri&eacute;t&eacute;<\/h3>\n<p>\nPour faire valoir votre propri&eacute;t&eacute;, nous organisons des s&eacute;ances photo avec des professionnels de votre appartement ou de votre maison &agrave; Moudon.\n<\/p>\n<h3>4. Augmenter la visibilit&eacute; de votre maison ou appartement et le nombre de potentiels acqu&eacute;reurs sur internet<\/h3>\n<p>\nAfin qu&rsquo;un maximum d&rsquo;acqu&eacute;reurs potentiels puisse observer votre propri&eacute;t&eacute;, nous mettons en ligne votre annonce sur tous nos sites internet et ceux de nos partenaires.\n<\/p>\n<h3>5. Choisissez la meilleure offre<\/h3>\n<p>\nNous trions la totalit&eacute; des offres qui nous parviennent dans le but de vous pr&eacute;senter seulement celles qui pourraient vous int&eacute;resser.\n<\/p>\n<h3>6. &Ecirc;tre en position de force lors des n&eacute;gociations<\/h3>\n<p>\nNotre expert recense tous les documents et les informations possibles pour mettre votre bien en valeur afin de le vendre au meilleur prix, voici les documents et les informations n&eacute;cessaires :\n<\/p>\n<ul>\n<li>Les r&eacute;novations effectu&eacute;es et les factures associ&eacute;es,<\/li>\n<li>les plans architecturaux,<\/li>\n<li>la liste des avantages environnementaux (commerces, &eacute;coles de proximit&eacute;&#8230;),<\/li>\n<li>Le d&eacute;veloppement &eacute;conomique r&eacute;gional.<\/li>\n<\/ul>\n<h2>Quelles sont les tendances du march&eacute; immobilier &agrave; Moudon ?<\/h2>\n<h3>Estimation de la valeur des maisons &agrave; Moudon<\/h3>\n<p class=\"estimates-house-range\">Les prix des maisons \u00e0 Moudon varient de CHF 1'107'089 \u00e0 CHF 1'410'853 en moyenne.<\/p>\n<h3>&Eacute;valuation du prix des appartements &agrave; Moudon<\/h3>\n<p class=\"estimates-house-range\">Les prix des appartements \u00e0 Moudon varient de CHF 695'866 \u00e0 CHF 762'127 en moyenne.<\/p>\n<h3>Estimation du prix des terrains &agrave; Moudon<\/h3>\n<p class=\"estimates-land\">Les prix moyens des terrains \u00e0 Moudon sont de CHF 633 \/ m\u00b2 (prix par m\u00e8tre carr\u00e9).<\/p>\n<h2>Questions fr&eacute;quentes sur l&rsquo;&eacute;valuation immobili&egrave;re<\/h2>\n<h3>Combien co&ucirc;te une &eacute;valuation immobili&egrave;re &agrave; Moudon ?<\/h3>\n<p>\nA Moudon, cela peut varier entre CHF 150 et CHF 1500. Cela va d&eacute;pendre de la nature de votre propri&eacute;t&eacute; et de sa taille.<\/p>\n<p>Cependant, gr&acirc;ce &agrave; notre simulateur d&rsquo;estimation en ligne de notre agence Immobilierlocal, vous n&rsquo;aurez rien &agrave; payer ! Notre outil a &eacute;t&eacute; &eacute;labor&eacute; durant plusieurs ann&eacute;es pour qu&rsquo;il soit le plus fiable possible. Il prend en compte l&rsquo;&eacute;tat du march&eacute; actuel et des caract&eacute;ristiques de votre bien.\n<\/p>\n<h3>Qui peut &eacute;valuer un bien immobilier &agrave; Moudon ?<\/h3>\n<p>\nPour une estimation immobili&egrave;re plus pr&eacute;cise, vous avez plusieurs options, vous pouvez contacter un expert des &eacute;valuations immobili&egrave;res, un architecte, un courtier en immobilier ou encore une banque.\n<\/p>\n<h3>Comment un agent immobilier estime une propri&eacute;t&eacute; &agrave; Moudon ?<\/h3>\n<ol>\n<li>Pour la premi&egrave;re &eacute;tape, un agent immobilier se d&eacute;place chez vous afin d&rsquo;effectuer une visite approfondie du bien en vente.<\/li>\n<li>Par la suite : il examine les documents en lien avec l&rsquo;achat et l&rsquo;entretien de votre propri&eacute;t&eacute;.<\/li>\n<li>Il effectue une analyse approfondie de la situation immobili&egrave;re en confrontant votre bien aux autres biens actuellement disponibles et en &eacute;tudiant les prix des ventes effectu&eacute;es r&eacute;cemment &agrave; Moudon.<\/li>\n<li>Et pour terminer, il vous donnera un rapport d&eacute;taill&eacute; et une &eacute;valuation pr&eacute;cise du prix de vente de votre propri&eacute;t&eacute;.<\/li>\n<\/ol>\n<h3>Comment faire estimer un bien immobilier gratuitement &agrave; Moudon ?<\/h3>\n<p>\nUtilisez le logiciel d&rsquo;&eacute;valuation totalement gratuit de notre entreprise Immobilierlocal ! Vous pouvez &eacute;galement contacter nos sp&eacute;cialistes de l&rsquo;immobilier pour une &eacute;valuation.\n<\/p>\n<h3>Quels sont les divers facteurs qui peuvent faire varier la valeur de ma propri&eacute;t&eacute; &agrave; Moudon ?<\/h3>\n<p>\nIl y a de nombreux param&egrave;tres qui influencent le prix de vente d&rsquo;un bien immobilier &agrave; Moudon. Voici une liste des facteurs les plus importants :\n<\/p>\n<ul>\n<li>l&rsquo;attrait touristique de la ville,<\/li>\n<li>l&rsquo;activit&eacute; &eacute;conomique de la r&eacute;gion,<\/li>\n<li>l&rsquo;offre et demande,<\/li>\n<li>les commodit&eacute;s.<\/li>\n<\/ul>\n<h3>De quelle fa&ccedil;on accro&icirc;tre le prix de vente de ma maison et de mon appartement ?<\/h3>\n<p>\nPour augmenter la valeur de votre bien, suivez ces conseils :\n<\/p>\n<ul>\n<li>Votre bien doit toujours &ecirc;tre impeccable pour les photos et lors des visites.<\/li>\n<li>Assurez-vous de ranger la totalit&eacute; de vos pi&egrave;ces et agencez l&rsquo;espace pour permettre aux acheteurs de se projeter facilement.<\/li>\n<li>Accentuez les forces de votre bien.<\/li>\n<li>Assurez-vous de valoriser le terrain si vous avez une maison.<\/li>\n<\/ul>\n<h3>Comment se comporter face &agrave; un potentiel acqu&eacute;reur ?<\/h3>\n<ul>\n<li>Stipulez les atouts de votre propri&eacute;t&eacute;.<\/li>\n<li>R&eacute;pondez &agrave; ses interrogations clairement et honn&ecirc;tement.<\/li>\n<li>Soyez &agrave; l&rsquo;&eacute;coute de l&rsquo;acqu&eacute;reur et ne cherchez pas &agrave; le contredire.<\/li>\n<\/ul>\n<h3>Quels sont les documents &agrave; poss&eacute;der pour estimer mon bien immobilier ?<\/h3>\n<ul>\n<li>Police assurance incendie compl&egrave;te<\/li>\n<li>Plan de niveau (si disponible)<\/li>\n<li>factures des diff&eacute;rents travaux r&eacute;alis&eacute;s (si disponible)<\/li>\n<li>Registre foncier (si disponible)<\/li>\n<li>Plan cadastral (si disponible)<\/li>\n<li>Descriptif de construction (si disponible)<\/li>\n<li>&Eacute;ventuellement : plan d&rsquo;affectation et le r&egrave;glement de construction<\/li>\n<\/ul>\n<p>\nPour les objets en PPE :\n<\/p>\n<ul>\n<li>Police assurance incendie compl&egrave;te de l&rsquo;immeuble (&agrave; demander &agrave; l&rsquo;administrateur)<\/li>\n<li>R&egrave;glement PPE<\/li>\n<li>Comptes PPE (3 derni&egrave;res ann&eacute;es)<\/li>\n<\/ul>\n<p>Estimation similaire dans les villes proches, comme : <br \/> Ogens, Villars-Mendraz, Sottens, Boulens, Chapelle-sur-Moudon, Martherenges, Peyres-Possens, Chan\u00e9az, Pr\u00e9vondavaux, Correvon, Denezy, St-Cierges, Thierrens, Vuissens, Vucherens, Syens, Chavannes-sur-Moudon, Hermenches, Rossenges, Bussy-sur-Moudon, Neyruz-sur-Moudon, Villars-le-Comte, Curtilles, Lucens, Oulens-sur-Lucens, Granges-pr\u00e8s-Marnand, Marnand, Henniez, Seigneux, Cremin, Forel-sur-Lucens, Villeneuve FR, Praratoud, Surpierre, Cheiry, Chapelle (Broye), Sassel, Combremont-le-Grand, Combremont-le-Petit, Champtauroz, Rossens VD, S\u00e9deilles, Villarzel, Dompierre VD, Lovatens, Pr\u00e9vonloup, Cerniaz VD, Villars-Bramard, Brenles, Chesalles-sur-Moudon, Sarzens.<\/p>\n","protected":false},"excerpt":{"rendered":"<p>Utilisez Immobilierlocal pour avoir une &eacute;valuation rapide et pr&eacute;cise de la valeur immobili&egrave;re de votre bien &agrave; Moudon. Si n&eacute;cessaire, un expert se d&eacute;placera chez vous pour r&eacute;aliser une estimation plus pr&eacute;cise de votre propri&eacute;t&eacute;. Vendez ou achetez votre bien immobilier au meilleur prix, en toute simplicit&eacute; avec Immobilierlocal. Derni&egrave;res estimations &agrave; Moudon par secteur [&hellip;]<\/p>\n","protected":false},"author":3,"featured_media":423,"parent":149,"menu_order":0,"comment_status":"closed","ping_status":"closed","template":"","meta":{"footnotes":""},"categories":[6],"profession":[],"location":[67],"canton":[],"class_list":["post-168","page","type-page","status-publish","has-post-thumbnail","hentry","category-estimation"],"yoast_head":"<!-- This site is optimized with the Yoast SEO Premium plugin v23.0 (Yoast SEO v27.4) - https:\/\/yoast.com\/product\/yoast-seo-premium-wordpress\/ -->\n<title>Estimation immobili\u00e8re \u00e0 Moudon mai 2026 gratuite &amp; rapide - Immobilierlocal<\/title>\n<meta name=\"description\" content=\"D\u00e9couvrez le Prix moyen au m\u00b2 \u00e0 Moudon en mai 2026 \u2705 Estimation gratuite de votre bien \u2705 Derni\u00e8res \u00e9volutions du march\u00e9.\" \/>\n<meta name=\"robots\" content=\"index, follow, max-snippet:-1, max-image-preview:large, max-video-preview:-1\" \/>\n<link rel=\"canonical\" href=\"https:\/\/www.immobilierlocal.ch\/c\/estimation-immobiliere-canton-vaud\/estimation-immobiliere-a-moudon\/\" \/>\n<meta property=\"og:locale\" content=\"fr_FR\" \/>\n<meta property=\"og:type\" content=\"article\" \/>\n<meta property=\"og:title\" content=\"Estimation immobili\u00e8re \u00e0 Moudon mai 2026 gratuite &amp; rapide\" \/>\n<meta property=\"og:description\" content=\"D\u00e9couvrez le Prix moyen au m\u00b2 \u00e0 Moudon en mai 2026 \u2705 Estimation gratuite de votre bien \u2705 Derni\u00e8res \u00e9volutions du march\u00e9.\" \/>\n<meta property=\"og:url\" content=\"https:\/\/www.immobilierlocal.ch\/c\/estimation-immobiliere-canton-vaud\/estimation-immobiliere-a-moudon\/\" \/>\n<meta property=\"og:site_name\" content=\"Immobilierlocal\" \/>\n<meta property=\"article:modified_time\" content=\"2024-08-05T18:28:25+00:00\" \/>\n<meta property=\"og:image\" content=\"https:\/\/www.immobilierlocal.ch\/c\/wp-content\/uploads\/2023\/10\/estimation-immobiliere-a-moudon-scaled.jpg\" \/>\n\t<meta property=\"og:image:width\" content=\"2560\" \/>\n\t<meta property=\"og:image:height\" content=\"817\" \/>\n\t<meta property=\"og:image:type\" content=\"image\/jpeg\" \/>\n<meta name=\"twitter:card\" content=\"summary_large_image\" \/>\n<meta name=\"twitter:label1\" content=\"Dur\u00e9e de lecture estim\u00e9e\" \/>\n\t<meta name=\"twitter:data1\" content=\"7 minutes\" \/>\n<script type=\"application\/ld+json\" class=\"yoast-schema-graph\">{\"@context\":\"https:\\\/\\\/schema.org\",\"@graph\":[{\"@type\":\"WebPage\",\"@id\":\"https:\\\/\\\/www.immobilierlocal.ch\\\/c\\\/estimation-immobiliere-canton-vaud\\\/estimation-immobiliere-a-moudon\\\/\",\"url\":\"https:\\\/\\\/www.immobilierlocal.ch\\\/c\\\/estimation-immobiliere-canton-vaud\\\/estimation-immobiliere-a-moudon\\\/\",\"name\":\"Estimation immobili\u00e8re \u00e0 Moudon - Immobilierlocal\",\"isPartOf\":{\"@id\":\"https:\\\/\\\/www.immobilierlocal.ch\\\/c\\\/#website\"},\"primaryImageOfPage\":{\"@id\":\"https:\\\/\\\/www.immobilierlocal.ch\\\/c\\\/estimation-immobiliere-canton-vaud\\\/estimation-immobiliere-a-moudon\\\/#primaryimage\"},\"image\":{\"@id\":\"https:\\\/\\\/www.immobilierlocal.ch\\\/c\\\/estimation-immobiliere-canton-vaud\\\/estimation-immobiliere-a-moudon\\\/#primaryimage\"},\"thumbnailUrl\":\"https:\\\/\\\/www.immobilierlocal.ch\\\/c\\\/wp-content\\\/uploads\\\/2023\\\/10\\\/estimation-immobiliere-a-moudon-scaled.jpg\",\"datePublished\":\"2023-10-19T08:33:47+00:00\",\"dateModified\":\"2024-08-05T18:28:25+00:00\",\"breadcrumb\":{\"@id\":\"https:\\\/\\\/www.immobilierlocal.ch\\\/c\\\/estimation-immobiliere-canton-vaud\\\/estimation-immobiliere-a-moudon\\\/#breadcrumb\"},\"inLanguage\":\"fr-FR\",\"potentialAction\":[{\"@type\":\"ReadAction\",\"target\":[\"https:\\\/\\\/www.immobilierlocal.ch\\\/c\\\/estimation-immobiliere-canton-vaud\\\/estimation-immobiliere-a-moudon\\\/\"]}]},{\"@type\":\"ImageObject\",\"inLanguage\":\"fr-FR\",\"@id\":\"https:\\\/\\\/www.immobilierlocal.ch\\\/c\\\/estimation-immobiliere-canton-vaud\\\/estimation-immobiliere-a-moudon\\\/#primaryimage\",\"url\":\"https:\\\/\\\/www.immobilierlocal.ch\\\/c\\\/wp-content\\\/uploads\\\/2023\\\/10\\\/estimation-immobiliere-a-moudon-scaled.jpg\",\"contentUrl\":\"https:\\\/\\\/www.immobilierlocal.ch\\\/c\\\/wp-content\\\/uploads\\\/2023\\\/10\\\/estimation-immobiliere-a-moudon-scaled.jpg\",\"width\":2560,\"height\":817,\"caption\":\"Estimation immobili\u00e8re \u00e0 Moudon\"},{\"@type\":\"BreadcrumbList\",\"@id\":\"https:\\\/\\\/www.immobilierlocal.ch\\\/c\\\/estimation-immobiliere-canton-vaud\\\/estimation-immobiliere-a-moudon\\\/#breadcrumb\",\"itemListElement\":[{\"@type\":\"ListItem\",\"position\":1,\"name\":\"Accueil\",\"item\":\"https:\\\/\\\/www.immobilierlocal.ch\\\/c\\\/\"},{\"@type\":\"ListItem\",\"position\":2,\"name\":\"Estimation immobili\u00e8re dans le canton de Vaud\",\"item\":\"https:\\\/\\\/www.immobilierlocal.ch\\\/c\\\/estimation-immobiliere-canton-vaud\\\/\"},{\"@type\":\"ListItem\",\"position\":3,\"name\":\"Estimation immobili\u00e8re \u00e0 Moudon\"}]},{\"@type\":\"WebSite\",\"@id\":\"https:\\\/\\\/www.immobilierlocal.ch\\\/c\\\/#website\",\"url\":\"https:\\\/\\\/www.immobilierlocal.ch\\\/c\\\/\",\"name\":\"Immobilierlocal\",\"description\":\"\",\"publisher\":{\"@id\":\"https:\\\/\\\/www.immobilierlocal.ch\\\/c\\\/#organization\"},\"potentialAction\":[{\"@type\":\"SearchAction\",\"target\":{\"@type\":\"EntryPoint\",\"urlTemplate\":\"https:\\\/\\\/www.immobilierlocal.ch\\\/c\\\/?s={search_term_string}\"},\"query-input\":{\"@type\":\"PropertyValueSpecification\",\"valueRequired\":true,\"valueName\":\"search_term_string\"}}],\"inLanguage\":\"fr-FR\"},{\"@type\":\"Organization\",\"@id\":\"https:\\\/\\\/www.immobilierlocal.ch\\\/c\\\/#organization\",\"name\":\"Immobilierlocal\",\"url\":\"https:\\\/\\\/www.immobilierlocal.ch\\\/c\\\/\",\"logo\":{\"@type\":\"ImageObject\",\"inLanguage\":\"fr-FR\",\"@id\":\"https:\\\/\\\/www.immobilierlocal.ch\\\/c\\\/#\\\/schema\\\/logo\\\/image\\\/\",\"url\":\"https:\\\/\\\/www.immobilierlocal.ch\\\/c\\\/wp-content\\\/uploads\\\/2023\\\/10\\\/logo-immobilierlocal-h.svg\",\"contentUrl\":\"https:\\\/\\\/www.immobilierlocal.ch\\\/c\\\/wp-content\\\/uploads\\\/2023\\\/10\\\/logo-immobilierlocal-h.svg\",\"caption\":\"Immobilierlocal\"},\"image\":{\"@id\":\"https:\\\/\\\/www.immobilierlocal.ch\\\/c\\\/#\\\/schema\\\/logo\\\/image\\\/\"}}]}<\/script>\n<!-- \/ Yoast SEO Premium plugin. -->","yoast_head_json":{"title":"Estimation immobili\u00e8re \u00e0 Moudon mai 2026 gratuite & rapide - Immobilierlocal","description":"D\u00e9couvrez le Prix moyen au m\u00b2 \u00e0 Moudon en mai 2026 \u2705 Estimation gratuite de votre bien \u2705 Derni\u00e8res \u00e9volutions du march\u00e9.","robots":{"index":"index","follow":"follow","max-snippet":"max-snippet:-1","max-image-preview":"max-image-preview:large","max-video-preview":"max-video-preview:-1"},"canonical":"https:\/\/www.immobilierlocal.ch\/c\/estimation-immobiliere-canton-vaud\/estimation-immobiliere-a-moudon\/","og_locale":"fr_FR","og_type":"article","og_title":"Estimation immobili\u00e8re \u00e0 Moudon mai 2026 gratuite & rapide","og_description":"D\u00e9couvrez le Prix moyen au m\u00b2 \u00e0 Moudon en mai 2026 \u2705 Estimation gratuite de votre bien \u2705 Derni\u00e8res \u00e9volutions du march\u00e9.","og_url":"https:\/\/www.immobilierlocal.ch\/c\/estimation-immobiliere-canton-vaud\/estimation-immobiliere-a-moudon\/","og_site_name":"Immobilierlocal","article_modified_time":"2024-08-05T18:28:25+00:00","og_image":[{"width":2560,"height":817,"url":"https:\/\/www.immobilierlocal.ch\/c\/wp-content\/uploads\/2023\/10\/estimation-immobiliere-a-moudon-scaled.jpg","type":"image\/jpeg"}],"twitter_card":"summary_large_image","twitter_misc":{"Dur\u00e9e de lecture estim\u00e9e":"7 minutes"},"schema":{"@context":"https:\/\/schema.org","@graph":[{"@type":"WebPage","@id":"https:\/\/www.immobilierlocal.ch\/c\/estimation-immobiliere-canton-vaud\/estimation-immobiliere-a-moudon\/","url":"https:\/\/www.immobilierlocal.ch\/c\/estimation-immobiliere-canton-vaud\/estimation-immobiliere-a-moudon\/","name":"Estimation immobili\u00e8re \u00e0 Moudon - Immobilierlocal","isPartOf":{"@id":"https:\/\/www.immobilierlocal.ch\/c\/#website"},"primaryImageOfPage":{"@id":"https:\/\/www.immobilierlocal.ch\/c\/estimation-immobiliere-canton-vaud\/estimation-immobiliere-a-moudon\/#primaryimage"},"image":{"@id":"https:\/\/www.immobilierlocal.ch\/c\/estimation-immobiliere-canton-vaud\/estimation-immobiliere-a-moudon\/#primaryimage"},"thumbnailUrl":"https:\/\/www.immobilierlocal.ch\/c\/wp-content\/uploads\/2023\/10\/estimation-immobiliere-a-moudon-scaled.jpg","datePublished":"2023-10-19T08:33:47+00:00","dateModified":"2024-08-05T18:28:25+00:00","breadcrumb":{"@id":"https:\/\/www.immobilierlocal.ch\/c\/estimation-immobiliere-canton-vaud\/estimation-immobiliere-a-moudon\/#breadcrumb"},"inLanguage":"fr-FR","potentialAction":[{"@type":"ReadAction","target":["https:\/\/www.immobilierlocal.ch\/c\/estimation-immobiliere-canton-vaud\/estimation-immobiliere-a-moudon\/"]}]},{"@type":"ImageObject","inLanguage":"fr-FR","@id":"https:\/\/www.immobilierlocal.ch\/c\/estimation-immobiliere-canton-vaud\/estimation-immobiliere-a-moudon\/#primaryimage","url":"https:\/\/www.immobilierlocal.ch\/c\/wp-content\/uploads\/2023\/10\/estimation-immobiliere-a-moudon-scaled.jpg","contentUrl":"https:\/\/www.immobilierlocal.ch\/c\/wp-content\/uploads\/2023\/10\/estimation-immobiliere-a-moudon-scaled.jpg","width":2560,"height":817,"caption":"Estimation immobili\u00e8re \u00e0 Moudon"},{"@type":"BreadcrumbList","@id":"https:\/\/www.immobilierlocal.ch\/c\/estimation-immobiliere-canton-vaud\/estimation-immobiliere-a-moudon\/#breadcrumb","itemListElement":[{"@type":"ListItem","position":1,"name":"Accueil","item":"https:\/\/www.immobilierlocal.ch\/c\/"},{"@type":"ListItem","position":2,"name":"Estimation immobili\u00e8re dans le canton de Vaud","item":"https:\/\/www.immobilierlocal.ch\/c\/estimation-immobiliere-canton-vaud\/"},{"@type":"ListItem","position":3,"name":"Estimation immobili\u00e8re \u00e0 Moudon"}]},{"@type":"WebSite","@id":"https:\/\/www.immobilierlocal.ch\/c\/#website","url":"https:\/\/www.immobilierlocal.ch\/c\/","name":"Immobilierlocal","description":"","publisher":{"@id":"https:\/\/www.immobilierlocal.ch\/c\/#organization"},"potentialAction":[{"@type":"SearchAction","target":{"@type":"EntryPoint","urlTemplate":"https:\/\/www.immobilierlocal.ch\/c\/?s={search_term_string}"},"query-input":{"@type":"PropertyValueSpecification","valueRequired":true,"valueName":"search_term_string"}}],"inLanguage":"fr-FR"},{"@type":"Organization","@id":"https:\/\/www.immobilierlocal.ch\/c\/#organization","name":"Immobilierlocal","url":"https:\/\/www.immobilierlocal.ch\/c\/","logo":{"@type":"ImageObject","inLanguage":"fr-FR","@id":"https:\/\/www.immobilierlocal.ch\/c\/#\/schema\/logo\/image\/","url":"https:\/\/www.immobilierlocal.ch\/c\/wp-content\/uploads\/2023\/10\/logo-immobilierlocal-h.svg","contentUrl":"https:\/\/www.immobilierlocal.ch\/c\/wp-content\/uploads\/2023\/10\/logo-immobilierlocal-h.svg","caption":"Immobilierlocal"},"image":{"@id":"https:\/\/www.immobilierlocal.ch\/c\/#\/schema\/logo\/image\/"}}]}},"_links":{"self":[{"href":"https:\/\/www.immobilierlocal.ch\/c\/wp-json\/wp\/v2\/pages\/168","targetHints":{"allow":["GET"]}}],"collection":[{"href":"https:\/\/www.immobilierlocal.ch\/c\/wp-json\/wp\/v2\/pages"}],"about":[{"href":"https:\/\/www.immobilierlocal.ch\/c\/wp-json\/wp\/v2\/types\/page"}],"author":[{"embeddable":true,"href":"https:\/\/www.immobilierlocal.ch\/c\/wp-json\/wp\/v2\/users\/3"}],"replies":[{"embeddable":true,"href":"https:\/\/www.immobilierlocal.ch\/c\/wp-json\/wp\/v2\/comments?post=168"}],"version-history":[{"count":0,"href":"https:\/\/www.immobilierlocal.ch\/c\/wp-json\/wp\/v2\/pages\/168\/revisions"}],"up":[{"embeddable":true,"href":"https:\/\/www.immobilierlocal.ch\/c\/wp-json\/wp\/v2\/pages\/149"}],"wp:featuredmedia":[{"embeddable":true,"href":"https:\/\/www.immobilierlocal.ch\/c\/wp-json\/wp\/v2\/media\/423"}],"wp:attachment":[{"href":"https:\/\/www.immobilierlocal.ch\/c\/wp-json\/wp\/v2\/media?parent=168"}],"wp:term":[{"taxonomy":"category","embeddable":true,"href":"https:\/\/www.immobilierlocal.ch\/c\/wp-json\/wp\/v2\/categories?post=168"},{"taxonomy":"profession","embeddable":true,"href":"https:\/\/www.immobilierlocal.ch\/c\/wp-json\/wp\/v2\/profession?post=168"},{"taxonomy":"location","embeddable":true,"href":"https:\/\/www.immobilierlocal.ch\/c\/wp-json\/wp\/v2\/location?post=168"},{"taxonomy":"canton","embeddable":true,"href":"https:\/\/www.immobilierlocal.ch\/c\/wp-json\/wp\/v2\/canton?post=168"}],"curies":[{"name":"wp","href":"https:\/\/api.w.org\/{rel}","templated":true}]}}