
{"id":166,"date":"2023-10-19T10:33:47","date_gmt":"2023-10-19T08:33:47","guid":{"rendered":"https:\/\/immobilierlocal.ch\/c\/166-2\/"},"modified":"2024-08-05T20:29:04","modified_gmt":"2024-08-05T18:29:04","slug":"estimation-immobiliere-canton-valais","status":"publish","type":"page","link":"https:\/\/www.immobilierlocal.ch\/c\/estimation-immobiliere-canton-valais\/","title":{"rendered":"Estimation immobili\u00e8re dans le canton du Valais"},"content":{"rendered":"<p>Obtenez une appr\u00e9ciation en ligne gratuite et fiable dans le canton du Valais. Nous disposons \u00e9galement d&rsquo;agents immobiliers qui se d\u00e9placent chez vous afin de vous donner une \u00e9valuation plus pr\u00e9cise de votre bien. Vendre son bien avec Immobilierlocal, c&rsquo;est l&rsquo;assurance de vendre son bien \u00e0 un tr\u00e8s bon prix et en toute simplicit\u00e9.<\/p>\n\n<h2>Derni\u00e8res estimations dans le canton du Valais par secteur<\/h2>\n<div class=\"estimates-lastest\"><ul><li>Pour un appartement 6.5 pi\u00e8ces \u00e0 Saxon, surface pond\u00e9r\u00e9e (m\u00b2) : 95, orientation Ouest, avec balcon, transports fr\u00e9quence limit\u00e9e, avec parking, commodit\u00e9s et \u00e9coles limit\u00e9es, situation ordinaire, CHF 5'388 \/ m\u00b2<\/li><li>Pour un appartement 6 pi\u00e8ces \u00e0 Conthey, surface pond\u00e9r\u00e9e (m\u00b2) : 110, orientation Ouest, avec balcon, transports fr\u00e9quence limit\u00e9e, avec parking, commodit\u00e9s et \u00e9coles limit\u00e9es, situation ordinaire, CHF 5'159 \/ m\u00b2<\/li><li>Pour un appartement 6.5 pi\u00e8ces \u00e0 Martigny, surface pond\u00e9r\u00e9e (m\u00b2) : 95, orientation Sud-Est\/Ouest, avec balcon, transports fr\u00e9quence r\u00e9guli\u00e8re, avec parking, commodit\u00e9s et \u00e9coles nombreuses, situation privil\u00e9gi\u00e9e, CHF 7'012 \/ m\u00b2<\/li><\/ul><\/div>\n<h2>Evaluation de la valeur des maisons dans le canton du Valais selon le nombre de pi\u00e8ces<\/h2>\n<div class=\"estimates-room\"><ul><li>Pour une maison 6.5 pi\u00e8ces \u00e0 Martigny, volume (m\u00b3) : 945 et terrain (m\u00b2) : 1100, transports fr\u00e9quence limit\u00e9e, commodit\u00e9s et \u00e9coles limit\u00e9es, situation ordinaire, CHF 7'315 \/ m\u00b2<\/li><li>Pour une maison 6.5 pi\u00e8ces \u00e0 Martigny, volume (m\u00b3) : 1057.5 et terrain (m\u00b2) : 1100, transports fr\u00e9quence limit\u00e9e, commodit\u00e9s et \u00e9coles limit\u00e9es, situation ordinaire, CHF 3'977 \/ m\u00b2<\/li><li>Pour une maison 6.5 pi\u00e8ces \u00e0 Sion, volume (m\u00b3) : 607.5 et terrain (m\u00b2) : 350, transports fr\u00e9quence soutenue, commodit\u00e9s et \u00e9coles nombreuses, situation ordinaire, CHF 7'046 \/ m\u00b2<\/li><\/ul><\/div><div class=\"iframe-text\">Estimer maintenant votre bien immobilier<\/div><iframe id=\"estimer\" src=\"https:\/\/www.immobilierlocal.ch\/estimer?iframe=1\" frameborder=\"0\" loading=\"lazy\" width=\"100%\" height=\"1000\" style=\"overflow-x:hidden;\" referrerpolicy=\"no-referrer-when-downgrade\" title=\"Estimation immobili\u00e8re\"><\/iframe>\n<h2>Comment savoir le prix de son bien immobilier dans le canton du Valais ?<\/h2>\n<h3>1. \u00c9valuation offerte de votre maison dans le canton du Valais en ligne avec Immobilierlocal<\/h3>\n<p>Gagnez un temps pr\u00e9cieux et r\u00e9alisez une \u00e9valuation du prix de vente de votre propri\u00e9t\u00e9 immobili\u00e8re avec notre outil d&rsquo;estimation.<\/p>\n<p>Vous devez nous procurer votre adresse et les d\u00e9tails de votre maison, comme :<\/p>\n<ul>\n<li>L&rsquo;environnement de la propri\u00e9t\u00e9 (acc\u00e8s aux services de transport, vis \u00e0 vis, pr\u00e9sence des commerces&#8230;).<\/li>\n<li>L&rsquo;orientation et l&rsquo;exposition de la maison.<\/li>\n<li>Le nombre de pi\u00e8ces.<\/li>\n<li>La surface habitable ou le volume.<\/li>\n<li>La surface du terrain.<\/li>\n<li>L&rsquo;ann\u00e9e de construction de la maison.<\/li>\n<li>L&rsquo;\u00e9tat g\u00e9n\u00e9ral de votre bien.<\/li>\n<li>Les travaux effectu\u00e9s dans votre maison et leur ann\u00e9e.<\/li>\n<\/ul>\n<h3>2. Estimation gratuite de votre appartement dans le canton du Valais sur internet avec Immobilierlocal<\/h3>\n<p>Profitez d&rsquo;une \u00e9valuation pr\u00e9cise de votre appartement dans le canton du Valais en quelques clics.<\/p>\n<p>Afin d&rsquo;obtenir la meilleure estimation, vous devrez nous procurer les caract\u00e9ristiques de votre appartement, apr\u00e8s avoir ins\u00e9r\u00e9 votre adresse, comme :<\/p>\n<ul>\n<li>L&rsquo;environnement de votre appartement.<\/li>\n<li>L\u2019orientation.<\/li>\n<li>Le nombre de pi\u00e8ces.<\/li>\n<li>Les diff\u00e9rentes surfaces (habitable, garage, balcon&#8230;).<\/li>\n<li>Parking int\u00e9rieur et\/ou ext\u00e9rieur.<\/li>\n<li>L\u2019ann\u00e9e de construction.<\/li>\n<li>L\u2019\u00e9tat g\u00e9n\u00e9ral.<\/li>\n<li>L\u2019ann\u00e9e et le co\u00fbt des derni\u00e8res r\u00e9novations.<\/li>\n<li>Le montant du \u00abfonds de r\u00e9novation PPE\u00bb.<\/li>\n<\/ul>\n<h3>3. Proc\u00e9der \u00e0 une \u00e9valuation immobili\u00e8re de sa demeure par un expert dans le canton du Valais<\/h3>\n<p>Nous poss\u00e9dons diff\u00e9rents agents immobiliers dans le canton du Valais qui se rendent chez vous pour inspecter votre maison avant de r\u00e9aliser une estimation de votre bien. Il examinera aussi certains documents tels que les plans d&rsquo;architecte ou le registre foncier afin de vous procurer une estimation la plus compl\u00e8te possible.<\/p>\n<p>L\u2019estimation prend en compte aussi la demande, et le march\u00e9 immobilier dans le canton du Valais pour vous donner la valeur de votre domicile. Une fois l\u2019expertise termin\u00e9e, des astuces vous seront donn\u00e9es pour valoriser votre propri\u00e9t\u00e9.<\/p>\n<p>Obtenez d\u00e8s maintenant une estimation pr\u00e9cise et sans engagement de votre bien immobilier avec Immobilierlocal.<\/p>\n<h3>4. Est-il int\u00e9ressant d\u2019analyser les biens semblables en vente dans le canton du Valais ?<\/h3>\n<p>Il est toujours int\u00e9ressant de regarder les biens en vente dans le canton du Valais. Cela permet d&rsquo;avoir une id\u00e9e de combien pourrait vous rapporter votre propri\u00e9t\u00e9. Il faudra bien s\u00fbr consid\u00e9rer les particularit\u00e9s de votre propri\u00e9t\u00e9 pour une estimation plus pr\u00e9cise (travaux, nombre de pi\u00e8ces&#8230;).<\/p>\n<h2>Comment vendre son bien immobilier au meilleur prix dans le canton du Valais ?<\/h2>\n<p>Pour vendre rapidement votre bien immobilier, contactez Immobilierlocal !<\/p>\n<h3>1. Pourquoi contacter un expert comme Immobilierlocal ?<\/h3>\n<p>Immobilierlocal vous met en contact avec un agent immobilier situ\u00e9 dans le canton du Valais.<\/p>\n<h3>2. B\u00e9n\u00e9ficiez d&rsquo;une estimation pr\u00e9cise et adapt\u00e9e au march\u00e9 immobilier actuel<\/h3>\n<p>Immobilierlocal et ses partenaires analysent le march\u00e9 actuel en consid\u00e9rant les annonces et les biens r\u00e9cemment vendus, afin de vous proposer le prix de vente le plus \u00e9lev\u00e9 possible tout en restant concurrentiels.<\/p>\n<h3>3. Sublimer votre propri\u00e9t\u00e9 avec Immobilierlocal<\/h3>\n<p>Afin de mettre en valeur votre bien, nous r\u00e9alisons des shooting photo avec nos collaborateurs de votre propri\u00e9t\u00e9 dans le canton du Valais.<\/p>\n<h3>4. Assurez-vous que votre annonce immobili\u00e8re soit visible sur internet<\/h3>\n<p>Immobilierlocal et ses partenaires vous offrent la possibilit\u00e9 de diffuser votre annonce sur nos nombreux sites web sp\u00e9cialis\u00e9s dans l\u2019immobilier afin de la montrer au maximum d&rsquo;acqu\u00e9reurs potentiels.<\/p>\n<h3>5. Choisissez l&rsquo;offre la plus int\u00e9ressante<\/h3>\n<p>Nous trions la totalit\u00e9 des offres qui nous parviennent afin de vous pr\u00e9senter uniquement celles qui pourraient vous int\u00e9resser.<\/p>\n<h3>6. \u00catre en position de force lors des n\u00e9gociations<\/h3>\n<p>Notre expert r\u00e9pertorie tous les documents et les informations possibles pour vous mettre en position de force afin de le vendre le plus cher possible, voici les documents et les informations n\u00e9cessaires :<\/p>\n<ul>\n<li>Les r\u00e9novations effectu\u00e9es et les factures associ\u00e9es,<\/li>\n<li>les plans architecturaux,<\/li>\n<li>la liste des avantages environnementaux (commerces, \u00e9coles de proximit\u00e9&#8230;),<\/li>\n<li>Le d\u00e9veloppement \u00e9conomique r\u00e9gional.<\/li>\n<\/ul>\n<h2>Quelles sont les tendances du march\u00e9 immobilier dans le canton du Valais ?<\/h2>\n<h3>Estimation du prix des maisons dans le canton du Valais<\/h3>\n<p class=\"estimates-house-range\">Les prix des maisons dans le canton du Valais varient de CHF 934'674 \u00e0 CHF 1'536'162 en moyenne.<\/p>\n<h3>Estimation du prix des appartements dans le canton du Valais<\/h3>\n<p class=\"estimates-house-range\">Les prix des appartements dans le canton du Valais varient de CHF 525'338 \u00e0 CHF 699'781 en moyenne.<\/p>\n<h3>Estimation de la valeur des terrains dans le canton du Valais<\/h3>\n<p class=\"estimates-land\">Les prix moyens des terrains dans le canton du Valais sont de CHF 627 \/ m\u00b2 (prix par m\u00e8tre carr\u00e9).<\/p>\n<h2>Questions souvent pos\u00e9es sur l&rsquo;estimation immobili\u00e8re<\/h2>\n<h3>Combien co\u00fbte une \u00e9valuation immobili\u00e8re dans le canton du Valais ?<\/h3>\n<p>Dans le canton du Valais, cela peut varier entre CHF 150 et CHF 1500. Cela va d\u00e9pendre du type de votre bien et de sa taille.<\/p>\n<p>Cependant, si vous contactez la soci\u00e9t\u00e9 Immobilierlocal, nous vous proposons une estimation gratuite en ligne de votre bien, sans engagement de votre c\u00f4t\u00e9. De plus, notre outil d&rsquo;estimation en ligne est un outil gratuit qui vous garantit une des meilleures estimations en ligne du march\u00e9. Notre r\u00e9sultat tient compte des indicateurs \u00e9conomiques du moment, ainsi que du climat conjoncturel suisse.<\/p>\n<h3>Qui peut \u00e9valuer un bien immobilier dans le canton du Valais ?<\/h3>\n<p>Si vous souhaitez obtenir une estimation plus pr\u00e9cise, il faudra contacter un expert qui se d\u00e9place chez vous pour \u00e9tudier votre bien. Cette personne peut \u00eatre un agent immobilier, un architecte ou vous pouvez aussi regarder avec votre banque.<\/p>\n<h3>Comment se d\u00e9roule l&rsquo;\u00e9valuation d&rsquo;un bien dans le canton du Valais ?<\/h3>\n<ol>\n<li>Tout d&rsquo;abord : l&rsquo;expert se d\u00e9place chez vous pour effectuer une inspection compl\u00e8te de votre demeure.<\/li>\n<li>Par la suite : il analyse les textes en lien avec l&rsquo;achat et l&rsquo;entretien de votre demeure.<\/li>\n<li>Il r\u00e9alise une analyse approfondie du march\u00e9 immobilier en confrontant votre bien aux autres biens actuellement disponibles et en \u00e9tudiant les prix des ventes pass\u00e9es dans le canton de Valais.<\/li>\n<li>Enfin, il vous remettra un bilan complet ainsi qu&rsquo;une estimation fiable de la valeur de votre bien.<\/li>\n<\/ol>\n<h3>Comment b\u00e9n\u00e9ficier d&rsquo;une \u00e9valuation de propri\u00e9t\u00e9 gratuitement dans le canton du Valais<\/h3>\n<p>Utilisez l&rsquo;outil d&rsquo;estimation 100% gratuit de notre agence Immobilierlocal ! Vous pouvez aussi faire appel \u00e0 nos professionnels de l&rsquo;immobilier pour une estimation.<\/p>\n<h3>Quels sont les diff\u00e9rents facteurs qui peuvent faire \u00e9voluer la valeur de mon bien dans le canton du Valais ?<\/h3>\n<p>La valeur de vente d&rsquo;une propri\u00e9t\u00e9 immobili\u00e8re r\u00e9sulte logiquement de plusieurs facteurs, qui peuvent fluctuer selon les p\u00e9riodes. Voici une liste des principaux param\u00e8tres pouvant faire \u00e9voluer le march\u00e9 immobilier dans le canton du Valais :<\/p>\n<ul>\n<li>Le tourisme,<\/li>\n<li>le d\u00e9veloppement \u00e9conomique du secteur,<\/li>\n<li>le rapport entre le nombre de vendeurs et d&rsquo;acqu\u00e9reurs,<\/li>\n<li>les commodit\u00e9s.<\/li>\n<\/ul>\n<h3>Comment accro\u00eetre le prix de vente de mon bien immobilier ?<\/h3>\n<p>Pour augmenter la valeur de votre bien immobilier, voici plusieurs conseils \u00e0 ne pas n\u00e9gliger :<\/p>\n<ul>\n<li>Assurez-vous que votre bien soit impeccable.<\/li>\n<li>Assurez-vous de ranger l&rsquo;ensemble de vos pi\u00e8ces et arrangez l&rsquo;espace afin de permettre aux acqu\u00e9reurs de pouvoir se projeter.<\/li>\n<li>Assurez-vous de mettre en lumi\u00e8re les forces de votre bien.<\/li>\n<li>Si vous avez une maison, mettez en valeur le terrain.<\/li>\n<\/ul>\n<h3>Quelle conduite avoir vis-\u00e0-vis d\u2019un futur acheteur ?<\/h3>\n<ul>\n<li>Parlez-lui des diff\u00e9rents atouts de votre bien.<\/li>\n<li>R\u00e9pondez \u00e0 ses interrogations clairement et honn\u00eatement.<\/li>\n<li>Soyez \u00e0 l&rsquo;\u00e9coute de l&rsquo;acheteur et ne cherchez pas \u00e0 le contredire.<\/li>\n<\/ul>\n<h3>Quels sont les dossiers \u00e0 avoir afin d&rsquo;\u00e9valuer ma propri\u00e9t\u00e9 immobili\u00e8re ?<\/h3>\n<ul>\n<li>Police assurance incendie compl\u00e8te<\/li>\n<li>Plan de niveau (si disponible)<\/li>\n<li>Travaux, factures (si disponible)<\/li>\n<li>Registre foncier (si disponible)<\/li>\n<li>Cadastre (si disponible)<\/li>\n<li>Descriptif de construction (si disponible)<\/li>\n<li>\u00c9ventuellement : plan d\u2019affectation et le r\u00e8glement de construction<\/li>\n<\/ul>\n<p>Pour les objets en PPE :<\/p>\n<ul>\n<li>Police assurance incendie compl\u00e8te de l\u2019immeuble (\u00e0 demander \u00e0 l\u2019administrateur)<\/li>\n<li>R\u00e8glement PPE<\/li>\n<li>Comptes PPE (3 derni\u00e8res ann\u00e9es)<\/li>\n<\/ul>\n<p>Estimation similaire dans les villes proches, comme : <br \/> .<\/p>\n","protected":false},"excerpt":{"rendered":"<p>Obtenez une appr\u00e9ciation en ligne gratuite et fiable dans le canton du Valais. Nous disposons \u00e9galement d&rsquo;agents immobiliers qui se d\u00e9placent chez vous afin de vous donner une \u00e9valuation plus pr\u00e9cise de votre bien. Vendre son bien avec Immobilierlocal, c&rsquo;est l&rsquo;assurance de vendre son bien \u00e0 un tr\u00e8s bon prix et en toute simplicit\u00e9. Derni\u00e8res [&hellip;]<\/p>\n","protected":false},"author":3,"featured_media":420,"parent":0,"menu_order":0,"comment_status":"closed","ping_status":"closed","template":"","meta":{"footnotes":""},"categories":[6],"profession":[],"location":[],"canton":[81],"class_list":["post-166","page","type-page","status-publish","has-post-thumbnail","hentry","category-estimation"],"yoast_head":"<!-- This site is optimized with the Yoast SEO Premium plugin v23.0 (Yoast SEO v27.3) - https:\/\/yoast.com\/product\/yoast-seo-premium-wordpress\/ -->\n<title>Estimation immobili\u00e8re dans le canton du Valais avril 2026 gratuite &amp; rapide - Immobilierlocal<\/title>\n<meta name=\"description\" content=\"D\u00e9couvrez le Prix moyen au m\u00b2 dans le canton du Valais en avril 2026 \u2705 Estimation gratuite de votre bien \u2705 Derni\u00e8res \u00e9volutions du march\u00e9.\" \/>\n<meta name=\"robots\" content=\"index, follow, max-snippet:-1, max-image-preview:large, max-video-preview:-1\" \/>\n<link rel=\"canonical\" href=\"https:\/\/www.immobilierlocal.ch\/c\/estimation-immobiliere-canton-valais\/\" \/>\n<meta property=\"og:locale\" content=\"fr_FR\" \/>\n<meta property=\"og:type\" content=\"article\" \/>\n<meta property=\"og:title\" content=\"Estimation immobili\u00e8re dans le canton du Valais avril 2026 gratuite &amp; rapide\" \/>\n<meta property=\"og:description\" content=\"D\u00e9couvrez le Prix moyen au m\u00b2 dans le canton du Valais en avril 2026 \u2705 Estimation gratuite de votre bien \u2705 Derni\u00e8res \u00e9volutions du march\u00e9.\" \/>\n<meta property=\"og:url\" content=\"https:\/\/www.immobilierlocal.ch\/c\/estimation-immobiliere-canton-valais\/\" \/>\n<meta property=\"og:site_name\" content=\"Immobilierlocal\" \/>\n<meta property=\"article:modified_time\" content=\"2024-08-05T18:29:04+00:00\" \/>\n<meta property=\"og:image\" content=\"https:\/\/www.immobilierlocal.ch\/c\/wp-content\/uploads\/2023\/10\/estimation-immobiliere-a-lausanne-ouest-scaled.jpg\" \/>\n\t<meta property=\"og:image:width\" content=\"2560\" \/>\n\t<meta property=\"og:image:height\" content=\"817\" \/>\n\t<meta property=\"og:image:type\" content=\"image\/jpeg\" \/>\n<meta name=\"twitter:card\" content=\"summary_large_image\" \/>\n<meta name=\"twitter:label1\" content=\"Dur\u00e9e de lecture estim\u00e9e\" \/>\n\t<meta name=\"twitter:data1\" content=\"7 minutes\" \/>\n<script type=\"application\/ld+json\" class=\"yoast-schema-graph\">{\"@context\":\"https:\\\/\\\/schema.org\",\"@graph\":[{\"@type\":\"WebPage\",\"@id\":\"https:\\\/\\\/www.immobilierlocal.ch\\\/c\\\/estimation-immobiliere-canton-valais\\\/\",\"url\":\"https:\\\/\\\/www.immobilierlocal.ch\\\/c\\\/estimation-immobiliere-canton-valais\\\/\",\"name\":\"Estimation immobili\u00e8re dans le canton du Valais - Immobilierlocal\",\"isPartOf\":{\"@id\":\"https:\\\/\\\/www.immobilierlocal.ch\\\/c\\\/#website\"},\"primaryImageOfPage\":{\"@id\":\"https:\\\/\\\/www.immobilierlocal.ch\\\/c\\\/estimation-immobiliere-canton-valais\\\/#primaryimage\"},\"image\":{\"@id\":\"https:\\\/\\\/www.immobilierlocal.ch\\\/c\\\/estimation-immobiliere-canton-valais\\\/#primaryimage\"},\"thumbnailUrl\":\"https:\\\/\\\/www.immobilierlocal.ch\\\/c\\\/wp-content\\\/uploads\\\/2023\\\/10\\\/estimation-immobiliere-a-lausanne-ouest-scaled.jpg\",\"datePublished\":\"2023-10-19T08:33:47+00:00\",\"dateModified\":\"2024-08-05T18:29:04+00:00\",\"breadcrumb\":{\"@id\":\"https:\\\/\\\/www.immobilierlocal.ch\\\/c\\\/estimation-immobiliere-canton-valais\\\/#breadcrumb\"},\"inLanguage\":\"fr-FR\",\"potentialAction\":[{\"@type\":\"ReadAction\",\"target\":[\"https:\\\/\\\/www.immobilierlocal.ch\\\/c\\\/estimation-immobiliere-canton-valais\\\/\"]}]},{\"@type\":\"ImageObject\",\"inLanguage\":\"fr-FR\",\"@id\":\"https:\\\/\\\/www.immobilierlocal.ch\\\/c\\\/estimation-immobiliere-canton-valais\\\/#primaryimage\",\"url\":\"https:\\\/\\\/www.immobilierlocal.ch\\\/c\\\/wp-content\\\/uploads\\\/2023\\\/10\\\/estimation-immobiliere-a-lausanne-ouest-scaled.jpg\",\"contentUrl\":\"https:\\\/\\\/www.immobilierlocal.ch\\\/c\\\/wp-content\\\/uploads\\\/2023\\\/10\\\/estimation-immobiliere-a-lausanne-ouest-scaled.jpg\",\"width\":2560,\"height\":817,\"caption\":\"Estimation immobili\u00e8re \u00e0 Lausanne \\\/ Ouest\"},{\"@type\":\"BreadcrumbList\",\"@id\":\"https:\\\/\\\/www.immobilierlocal.ch\\\/c\\\/estimation-immobiliere-canton-valais\\\/#breadcrumb\",\"itemListElement\":[{\"@type\":\"ListItem\",\"position\":1,\"name\":\"Accueil\",\"item\":\"https:\\\/\\\/www.immobilierlocal.ch\\\/c\\\/\"},{\"@type\":\"ListItem\",\"position\":2,\"name\":\"Estimation immobili\u00e8re dans le canton du Valais\"}]},{\"@type\":\"WebSite\",\"@id\":\"https:\\\/\\\/www.immobilierlocal.ch\\\/c\\\/#website\",\"url\":\"https:\\\/\\\/www.immobilierlocal.ch\\\/c\\\/\",\"name\":\"Immobilierlocal\",\"description\":\"\",\"publisher\":{\"@id\":\"https:\\\/\\\/www.immobilierlocal.ch\\\/c\\\/#organization\"},\"potentialAction\":[{\"@type\":\"SearchAction\",\"target\":{\"@type\":\"EntryPoint\",\"urlTemplate\":\"https:\\\/\\\/www.immobilierlocal.ch\\\/c\\\/?s={search_term_string}\"},\"query-input\":{\"@type\":\"PropertyValueSpecification\",\"valueRequired\":true,\"valueName\":\"search_term_string\"}}],\"inLanguage\":\"fr-FR\"},{\"@type\":\"Organization\",\"@id\":\"https:\\\/\\\/www.immobilierlocal.ch\\\/c\\\/#organization\",\"name\":\"Immobilierlocal\",\"url\":\"https:\\\/\\\/www.immobilierlocal.ch\\\/c\\\/\",\"logo\":{\"@type\":\"ImageObject\",\"inLanguage\":\"fr-FR\",\"@id\":\"https:\\\/\\\/www.immobilierlocal.ch\\\/c\\\/#\\\/schema\\\/logo\\\/image\\\/\",\"url\":\"https:\\\/\\\/www.immobilierlocal.ch\\\/c\\\/wp-content\\\/uploads\\\/2023\\\/10\\\/logo-immobilierlocal-h.svg\",\"contentUrl\":\"https:\\\/\\\/www.immobilierlocal.ch\\\/c\\\/wp-content\\\/uploads\\\/2023\\\/10\\\/logo-immobilierlocal-h.svg\",\"caption\":\"Immobilierlocal\"},\"image\":{\"@id\":\"https:\\\/\\\/www.immobilierlocal.ch\\\/c\\\/#\\\/schema\\\/logo\\\/image\\\/\"}}]}<\/script>\n<!-- \/ Yoast SEO Premium plugin. -->","yoast_head_json":{"title":"Estimation immobili\u00e8re dans le canton du Valais avril 2026 gratuite & rapide - Immobilierlocal","description":"D\u00e9couvrez le Prix moyen au m\u00b2 dans le canton du Valais en avril 2026 \u2705 Estimation gratuite de votre bien \u2705 Derni\u00e8res \u00e9volutions du march\u00e9.","robots":{"index":"index","follow":"follow","max-snippet":"max-snippet:-1","max-image-preview":"max-image-preview:large","max-video-preview":"max-video-preview:-1"},"canonical":"https:\/\/www.immobilierlocal.ch\/c\/estimation-immobiliere-canton-valais\/","og_locale":"fr_FR","og_type":"article","og_title":"Estimation immobili\u00e8re dans le canton du Valais avril 2026 gratuite & rapide","og_description":"D\u00e9couvrez le Prix moyen au m\u00b2 dans le canton du Valais en avril 2026 \u2705 Estimation gratuite de votre bien \u2705 Derni\u00e8res \u00e9volutions du march\u00e9.","og_url":"https:\/\/www.immobilierlocal.ch\/c\/estimation-immobiliere-canton-valais\/","og_site_name":"Immobilierlocal","article_modified_time":"2024-08-05T18:29:04+00:00","og_image":[{"width":2560,"height":817,"url":"https:\/\/www.immobilierlocal.ch\/c\/wp-content\/uploads\/2023\/10\/estimation-immobiliere-a-lausanne-ouest-scaled.jpg","type":"image\/jpeg"}],"twitter_card":"summary_large_image","twitter_misc":{"Dur\u00e9e de lecture estim\u00e9e":"7 minutes"},"schema":{"@context":"https:\/\/schema.org","@graph":[{"@type":"WebPage","@id":"https:\/\/www.immobilierlocal.ch\/c\/estimation-immobiliere-canton-valais\/","url":"https:\/\/www.immobilierlocal.ch\/c\/estimation-immobiliere-canton-valais\/","name":"Estimation immobili\u00e8re dans le canton du Valais - Immobilierlocal","isPartOf":{"@id":"https:\/\/www.immobilierlocal.ch\/c\/#website"},"primaryImageOfPage":{"@id":"https:\/\/www.immobilierlocal.ch\/c\/estimation-immobiliere-canton-valais\/#primaryimage"},"image":{"@id":"https:\/\/www.immobilierlocal.ch\/c\/estimation-immobiliere-canton-valais\/#primaryimage"},"thumbnailUrl":"https:\/\/www.immobilierlocal.ch\/c\/wp-content\/uploads\/2023\/10\/estimation-immobiliere-a-lausanne-ouest-scaled.jpg","datePublished":"2023-10-19T08:33:47+00:00","dateModified":"2024-08-05T18:29:04+00:00","breadcrumb":{"@id":"https:\/\/www.immobilierlocal.ch\/c\/estimation-immobiliere-canton-valais\/#breadcrumb"},"inLanguage":"fr-FR","potentialAction":[{"@type":"ReadAction","target":["https:\/\/www.immobilierlocal.ch\/c\/estimation-immobiliere-canton-valais\/"]}]},{"@type":"ImageObject","inLanguage":"fr-FR","@id":"https:\/\/www.immobilierlocal.ch\/c\/estimation-immobiliere-canton-valais\/#primaryimage","url":"https:\/\/www.immobilierlocal.ch\/c\/wp-content\/uploads\/2023\/10\/estimation-immobiliere-a-lausanne-ouest-scaled.jpg","contentUrl":"https:\/\/www.immobilierlocal.ch\/c\/wp-content\/uploads\/2023\/10\/estimation-immobiliere-a-lausanne-ouest-scaled.jpg","width":2560,"height":817,"caption":"Estimation immobili\u00e8re \u00e0 Lausanne \/ Ouest"},{"@type":"BreadcrumbList","@id":"https:\/\/www.immobilierlocal.ch\/c\/estimation-immobiliere-canton-valais\/#breadcrumb","itemListElement":[{"@type":"ListItem","position":1,"name":"Accueil","item":"https:\/\/www.immobilierlocal.ch\/c\/"},{"@type":"ListItem","position":2,"name":"Estimation immobili\u00e8re dans le canton du Valais"}]},{"@type":"WebSite","@id":"https:\/\/www.immobilierlocal.ch\/c\/#website","url":"https:\/\/www.immobilierlocal.ch\/c\/","name":"Immobilierlocal","description":"","publisher":{"@id":"https:\/\/www.immobilierlocal.ch\/c\/#organization"},"potentialAction":[{"@type":"SearchAction","target":{"@type":"EntryPoint","urlTemplate":"https:\/\/www.immobilierlocal.ch\/c\/?s={search_term_string}"},"query-input":{"@type":"PropertyValueSpecification","valueRequired":true,"valueName":"search_term_string"}}],"inLanguage":"fr-FR"},{"@type":"Organization","@id":"https:\/\/www.immobilierlocal.ch\/c\/#organization","name":"Immobilierlocal","url":"https:\/\/www.immobilierlocal.ch\/c\/","logo":{"@type":"ImageObject","inLanguage":"fr-FR","@id":"https:\/\/www.immobilierlocal.ch\/c\/#\/schema\/logo\/image\/","url":"https:\/\/www.immobilierlocal.ch\/c\/wp-content\/uploads\/2023\/10\/logo-immobilierlocal-h.svg","contentUrl":"https:\/\/www.immobilierlocal.ch\/c\/wp-content\/uploads\/2023\/10\/logo-immobilierlocal-h.svg","caption":"Immobilierlocal"},"image":{"@id":"https:\/\/www.immobilierlocal.ch\/c\/#\/schema\/logo\/image\/"}}]}},"_links":{"self":[{"href":"https:\/\/www.immobilierlocal.ch\/c\/wp-json\/wp\/v2\/pages\/166","targetHints":{"allow":["GET"]}}],"collection":[{"href":"https:\/\/www.immobilierlocal.ch\/c\/wp-json\/wp\/v2\/pages"}],"about":[{"href":"https:\/\/www.immobilierlocal.ch\/c\/wp-json\/wp\/v2\/types\/page"}],"author":[{"embeddable":true,"href":"https:\/\/www.immobilierlocal.ch\/c\/wp-json\/wp\/v2\/users\/3"}],"replies":[{"embeddable":true,"href":"https:\/\/www.immobilierlocal.ch\/c\/wp-json\/wp\/v2\/comments?post=166"}],"version-history":[{"count":0,"href":"https:\/\/www.immobilierlocal.ch\/c\/wp-json\/wp\/v2\/pages\/166\/revisions"}],"wp:featuredmedia":[{"embeddable":true,"href":"https:\/\/www.immobilierlocal.ch\/c\/wp-json\/wp\/v2\/media\/420"}],"wp:attachment":[{"href":"https:\/\/www.immobilierlocal.ch\/c\/wp-json\/wp\/v2\/media?parent=166"}],"wp:term":[{"taxonomy":"category","embeddable":true,"href":"https:\/\/www.immobilierlocal.ch\/c\/wp-json\/wp\/v2\/categories?post=166"},{"taxonomy":"profession","embeddable":true,"href":"https:\/\/www.immobilierlocal.ch\/c\/wp-json\/wp\/v2\/profession?post=166"},{"taxonomy":"location","embeddable":true,"href":"https:\/\/www.immobilierlocal.ch\/c\/wp-json\/wp\/v2\/location?post=166"},{"taxonomy":"canton","embeddable":true,"href":"https:\/\/www.immobilierlocal.ch\/c\/wp-json\/wp\/v2\/canton?post=166"}],"curies":[{"name":"wp","href":"https:\/\/api.w.org\/{rel}","templated":true}]}}