
{"id":164,"date":"2023-10-19T10:33:47","date_gmt":"2023-10-19T08:33:47","guid":{"rendered":"https:\/\/immobilierlocal.ch\/c\/164-2\/"},"modified":"2024-08-24T16:36:42","modified_gmt":"2024-08-24T14:36:42","slug":"estimation-immobiliere-canton-jura","status":"publish","type":"page","link":"https:\/\/www.immobilierlocal.ch\/c\/estimation-immobiliere-canton-jura\/","title":{"rendered":"Estimation immobili\u00e8re dans le canton du Jura"},"content":{"rendered":"<p>\u00c9valuez rapidement le prix de votre bien immobilier dans le canton du Jura gr\u00e2ce \u00e0 Immobilierlocal. Nous avons \u00e9galement \u00e0 disposition des agents immobiliers qui peuvent se rendre chez vous afin de vous procurer une estimation plus d\u00e9taill\u00e9e de votre bien. Mettre en vente sa maison ou sa propri\u00e9t\u00e9 avec Immobilierlocal, c&rsquo;est l&rsquo;assurance de vendre son bien au meilleur prix et en toute simplicit\u00e9.<\/p>\n\n<h2>Derni\u00e8res estimations dans le canton du Jura par secteur<\/h2>\n<div class=\"estimates-lastest\"><ul><li>Pour un appartement 6 pi\u00e8ces \u00e0 Porrentruy, surface pond\u00e9r\u00e9e (m\u00b2) : 95, orientation Sud-Est\/Ouest, avec balcon, transports fr\u00e9quence r\u00e9guli\u00e8re, avec parking, commodit\u00e9s et \u00e9coles nombreuses, situation ordinaire, CHF 4'728 \/ m\u00b2<\/li><li>Pour un appartement 4.5 pi\u00e8ces \u00e0 Saignel\u00e9gier, surface pond\u00e9r\u00e9e (m\u00b2) : 105, orientation Ouest, avec balcon, transports fr\u00e9quence limit\u00e9e, sans parking, commodit\u00e9s et \u00e9coles limit\u00e9es, situation ordinaire, CHF 4'147 \/ m\u00b2<\/li><li>Pour un appartement 6.5 pi\u00e8ces \u00e0 Del\u00e9mont, surface pond\u00e9r\u00e9e (m\u00b2) : 105, orientation Ouest, avec balcon, transports fr\u00e9quence r\u00e9guli\u00e8re, avec parking, commodit\u00e9s et \u00e9coles nombreuses, situation ordinaire, CHF 5'724 \/ m\u00b2<\/li><\/ul><\/div>\n<h2>Estimation de la valeur des maisons dans le canton du Jura par nombre de pi\u00e8ces<\/h2>\n<div class=\"estimates-room\"><ul><li>Pour une maison 5 pi\u00e8ces \u00e0 Porrentruy, volume (m\u00b3) : 720 et terrain (m\u00b2) : 500, transports fr\u00e9quence limit\u00e9e, commodit\u00e9s et \u00e9coles limit\u00e9es, situation ordinaire, CHF 5'459 \/ m\u00b2<\/li><li>Pour une maison 5.5 pi\u00e8ces \u00e0 Del\u00e9mont, volume (m\u00b3) : 1057.5 et terrain (m\u00b2) : 800, transports fr\u00e9quence r\u00e9guli\u00e8re, commodit\u00e9s et \u00e9coles nombreuses, situation ordinaire, CHF 5'079 \/ m\u00b2<\/li><li>Pour une maison 6.5 pi\u00e8ces \u00e0 Saignel\u00e9gier, volume (m\u00b3) : 832.5 et terrain (m\u00b2) : 350, transports fr\u00e9quence limit\u00e9e, commodit\u00e9s et \u00e9coles limit\u00e9es, situation ordinaire, CHF 5'112 \/ m\u00b2<\/li><\/ul><\/div><div class=\"iframe-text\">Estimer maintenant votre bien immobilier<\/div><iframe id=\"estimer\" src=\"https:\/\/www.immobilierlocal.ch\/estimer?iframe=1\" frameborder=\"0\" loading=\"lazy\" width=\"100%\" height=\"1000\" style=\"overflow-x:hidden;\" referrerpolicy=\"no-referrer-when-downgrade\" title=\"Estimation immobili\u00e8re\"><\/iframe>\n<h2>Comment faire \u00e9valuer la valeur d&rsquo;un bien immobilier dans le canton du Jura ?<\/h2>\n<h3>1. Estimation gratuite de votre maison dans le canton du Jura en ligne avec notre soci\u00e9t\u00e9 Immobilierlocal<\/h3>\n<p>Profitez de notre outil d&rsquo;estimation en ligne pour savoir la valeur de votre maison en quelques clics.<\/p>\n<p>Vous devez nous fournir votre adresse et les \u00e9l\u00e9ments de votre maison, comme :<\/p>\n<ul>\n<li>L&rsquo;environnement de la maison (acc\u00e8s aux transports, vis \u00e0 vis, commodit\u00e9s proches&#8230;).<\/li>\n<li>L&rsquo;orientation et l&rsquo;exposition de la maison.<\/li>\n<li>Le nombre de pi\u00e8ces.<\/li>\n<li>La surface habitable.<\/li>\n<li>Les dimensions du terrain.<\/li>\n<li>L&rsquo;ann\u00e9e de construction de la maison.<\/li>\n<li>L\u2019\u00e9tat g\u00e9n\u00e9ral de votre bien.<\/li>\n<li>Les travaux effectu\u00e9s dans votre maison et leur ann\u00e9e.<\/li>\n<\/ul>\n<h3>2. \u00c9valuation offerte de votre appartement dans le canton du Jura en ligne avec Immobilierlocal<\/h3>\n<p>Profitez d&rsquo;une estimation rapide de votre appartement dans le canton du Jura en 5 clics.<\/p>\n<p>Afin de recevoir la meilleure estimation, vous devrez nous procurer les \u00e9l\u00e9ments de votre appartement, apr\u00e8s avoir ins\u00e9r\u00e9 votre adresse, comme :<\/p>\n<ul>\n<li>La situation (environnement, vue et transports).<\/li>\n<li>L\u2019orientation.<\/li>\n<li>Le nombre de pi\u00e8ces.<\/li>\n<li>Les surfaces (habitable, balcon et cave).<\/li>\n<li>La pr\u00e9sence d&rsquo;un ou plusieurs parkings.<\/li>\n<li>Date de construction.<\/li>\n<li>L\u2019\u00e9tat g\u00e9n\u00e9ral.<\/li>\n<li>Les diff\u00e9rentes r\u00e9novations effectu\u00e9es.<\/li>\n<li>Le montant du \u00abfonds de r\u00e9novation PPE\u00bb.<\/li>\n<\/ul>\n<h3>3. Proc\u00e9der \u00e0 une \u00e9valuation immobili\u00e8re de sa maison par un expert dans le canton du Jura<\/h3>\n<p>Nous avons diff\u00e9rents agents immobiliers dans le canton du Jura qui viennent \u00e0 votre domicile pour examiner votre maison avant d&rsquo;\u00e9tablir une estimation de votre maison. Il examinera \u00e9galement certains documents comme les plans cadastraux ou le registre foncier afin de vous procurer une \u00e9valuation la plus pr\u00e9cise possible.<\/p>\n<p>L&rsquo;\u00e9valuation tient aussi compte de l&rsquo;\u00e9tat de l&rsquo;immobilier dans le canton du Jura pour vous fournir la valeur de votre propri\u00e9t\u00e9. Une fois l\u2019expertise accomplie, des conseils vous seront donn\u00e9s pour augmenter la valeur de votre bien immobilier.<\/p>\n<p>B\u00e9n\u00e9ficiez d\u00e8s \u00e0 pr\u00e9sent d&rsquo;une \u00e9valuation pr\u00e9cise et sans engagement de votre propri\u00e9t\u00e9 avec Immobilierlocal.<\/p>\n<h3>4. Est-il int\u00e9ressant de comparer son bien avec les biens similaires en vente dans le canton du Jura ?<\/h3>\n<p>Il est toujours int\u00e9ressant d&rsquo;inspecter les biens en vente dans le canton du Jura. Cela permet d&rsquo;avoir une id\u00e9e de la valeur \u00e0 laquelle vous pourrez vendre votre bien. Il faudra bien s\u00fbr prendre en compte les particularit\u00e9s de votre bien pour une \u00e9valuation plus pr\u00e9cise (travaux, nombre de pi\u00e8ces&#8230;).<\/p>\n<h2>Comment vendre son bien immobilier au meilleur prix dans le canton du Jura ?<\/h2>\n<p>Avec Immobilierlocal, vous d\u00e9l\u00e9guez la vente de votre propri\u00e9t\u00e9 \u00e0 une \u00e9quipe d&rsquo;experts ! Vous avez la garantie d&rsquo;une vente rapide au meilleur prix.<\/p>\n<h3>1. Pourquoi faire confiance \u00e0 un sp\u00e9cialiste comme Immobilierlocal ?<\/h3>\n<p>Immobilierlocal permet de vous mettre en contact avec un expert situ\u00e9 dans le canton du Jura.<\/p>\n<h3>2. Profitez d&rsquo;une estimation pr\u00e9cise et qui prend en compte la situation immobili\u00e8re actuelle<\/h3>\n<p>Immobilierlocal et ses partenaires recensent le march\u00e9 actuel en tenant compte des annonces et des biens r\u00e9cemment vendus, dans le but de vous proposer le prix de vente le meilleur prix de vente.<\/p>\n<h3>3. Mettez en valeur votre propri\u00e9t\u00e9<\/h3>\n<p>L&rsquo;agence Immobilierlocal et ses collaborateurs r\u00e9alisent des s\u00e9ances photo pour sublimer votre bien.<\/p>\n<h3>4. Assurez-vous que votre annonce immobili\u00e8re soit visible sur internet<\/h3>\n<p>Afin qu&rsquo;un maximum de personnes puisse observer votre propri\u00e9t\u00e9, nous diffusons votre annonce sur l&rsquo;ensemble de nos sites internet et ceux de nos partenaires.<\/p>\n<h3>5. S\u00e9lectionnez l&rsquo;offre la plus int\u00e9ressante<\/h3>\n<p>Nous trions toutes les offres qui nous parviennent dans le but de vous pr\u00e9senter seulement celles qui peuvent vous int\u00e9resser.<\/p>\n<h3>6. N\u00e9gociez le meilleur prix<\/h3>\n<p>Notre sp\u00e9cialiste rassemble l&rsquo;ensemble des documents et informations possibles pour mettre votre bien en valeur afin de le vendre au meilleur prix, voici les documents et les informations n\u00e9cessaires :<\/p>\n<ul>\n<li>Les factures de r\u00e9novations,<\/li>\n<li>les plans architecturaux,<\/li>\n<li>les avantages environnementaux,<\/li>\n<li>Le d\u00e9veloppement \u00e9conomique r\u00e9gional.<\/li>\n<\/ul>\n<h2>Quel est l&rsquo;\u00e9tat du march\u00e9 immobilier dans le canton du Jura ?<\/h2>\n<h3>\u00c9valuation de la valeur des maisons dans le canton du Jura<\/h3>\n<p class=\"estimates-house-range\">Les prix des maisons dans le canton du Jura varient de CHF 873'361 \u00e0 CHF 1'193'527 en moyenne.<\/p>\n<h3>\u00c9valuation du prix de vente des appartements dans le canton du Jura<\/h3>\n<p class=\"estimates-house-range\">Les prix des appartements dans le canton du Jura varient de CHF 456'220 \u00e0 CHF 629'654 en moyenne.<\/p>\n<h3>\u00c9valuation du prix de vente des terrains dans le canton du Jura<\/h3>\n<p class=\"estimates-land\">Les prix moyens des terrains dans le canton du Jura sont de CHF 396 \/ m\u00b2 (prix par m\u00e8tre carr\u00e9).<\/p>\n<h2>Questions fr\u00e9quentes sur l&rsquo;estimation immobili\u00e8re<\/h2>\n<h3>Combien co\u00fbte une estimation immobili\u00e8re dans le canton du Jura ?<\/h3>\n<p>Dans le canton du Jura, cela peut fluctuer entre CHF 150 et CHF 1500. Cela va d\u00e9pendre de la nature de votre propri\u00e9t\u00e9 et de ses dimensions.<\/p>\n<p>Maintenant, si vous contactez l&rsquo;agence Immobilierlocal, vous b\u00e9n\u00e9ficiez d&rsquo;une estimation offerte en ligne de votre propri\u00e9t\u00e9, sans engagement de votre c\u00f4t\u00e9. De plus, notre outil d&rsquo;estimation en ligne est un outil gratuit qui vous assure une des meilleures estimations en ligne du march\u00e9. Notre r\u00e9sultat tient compte des caract\u00e9ristiques \u00e9conomiques du moment, ainsi que du climat conjoncturel suisse.<\/p>\n<h3>Qui peut \u00e9valuer une propri\u00e9taire immobili\u00e8re dans le canton du Jura ?<\/h3>\n<p>Pour une \u00e9valuation immobili\u00e8re pr\u00e9cise, vous avez plusieurs possibilit\u00e9s, vous pouvez faire appel \u00e0 un professionnel dans les estimations immobili\u00e8res, \u00e0 un architecte, \u00e0 un courtier en immobilier ou encore \u00e0 une banque.<\/p>\n<h3>Comment se d\u00e9roule l&rsquo;estimation d&rsquo;un bien dans le canton du Jura ?<\/h3>\n<ol>\n<li>Dans un premier temps : l&rsquo;expert se d\u00e9place sur place pour r\u00e9aliser une visite approfondie de votre demeure.<\/li>\n<li>Apr\u00e8s cela : il examine les documents en lien avec l&rsquo;achat et l&rsquo;entretien de votre propri\u00e9t\u00e9.<\/li>\n<li>Il proc\u00e8de \u00e0 une \u00e9tude approfondie du march\u00e9 immobilier en confrontant votre bien aux autres biens actuellement en vente et en examinant les prix des ventes r\u00e9alis\u00e9es r\u00e9cemment dans le canton de Jura.<\/li>\n<li>Pour finir, il vous donnera un examen complet ainsi qu&rsquo;une estimation fiable de la valeur de votre propri\u00e9t\u00e9.<\/li>\n<\/ol>\n<h3>Comment faire estimer une propri\u00e9t\u00e9 immobili\u00e8re gratuitement dans le canton du Jura ?<\/h3>\n<p>Utilisez le logiciel d&rsquo;\u00e9valuation totalement gratuit de notre agence Immobilierlocal ! Vous pouvez \u00e9galement faire appel \u00e0 nos professionnels de l&rsquo;immobilier pour une estimation.<\/p>\n<h3>Quels sont les divers facteurs qui peuvent faire \u00e9voluer le prix de vente de mon bien dans le canton du Jura ?<\/h3>\n<p>Il y a diff\u00e9rents param\u00e8tres qui font varier le prix de vente d\u2019un bien immobilier dans le canton du Jura. Voici les crit\u00e8res les plus consid\u00e9rables :<\/p>\n<ul>\n<li>L&rsquo;activit\u00e9 touristique,<\/li>\n<li>le d\u00e9veloppement \u00e9conomique du secteur,<\/li>\n<li>le rapport entre le nombre de vendeurs et d&rsquo;acqu\u00e9reurs,<\/li>\n<li>les commodit\u00e9s.<\/li>\n<\/ul>\n<h3>De quelle fa\u00e7on accro\u00eetre le prix de vente de ma maison et de mon appartement ?<\/h3>\n<p>Pour augmenter la valeur de votre bien immobilier, voici plusieurs conseils \u00e0 ne pas n\u00e9gliger :<\/p>\n<ul>\n<li>Votre bien doit toujours \u00eatre impeccable pour les photos et lors des visites.<\/li>\n<li>Assurez-vous de ranger toutes les pi\u00e8ces et organisez l&rsquo;espace pour permettre aux acheteurs de pouvoir se projeter.<\/li>\n<li>Assurez-vous de mettre en avant les atouts de votre propri\u00e9t\u00e9.<\/li>\n<li>Assurez-vous de mettre en avant le terrain si vous avez une maison.<\/li>\n<\/ul>\n<h3>Quelle attitude avoir vis-\u00e0-vis d\u2019un potentiel acqu\u00e9reur ?<\/h3>\n<ul>\n<li>Parlez-lui des diff\u00e9rents atouts de votre bien.<\/li>\n<li>R\u00e9pondez \u00e0 ses questions clairement et honn\u00eatement.<\/li>\n<li>\u00c9coutez les propos de l&rsquo;acqu\u00e9reur et allez dans son sens sans le contredire.<\/li>\n<\/ul>\n<h3>Quels sont les documents \u00e0 poss\u00e9der afin d&rsquo;\u00e9valuer ma propri\u00e9t\u00e9 immobili\u00e8re ?<\/h3>\n<ul>\n<li>Police assurance incendie compl\u00e8te<\/li>\n<li>Plan de niveau (si disponible)<\/li>\n<li>factures des diff\u00e9rents travaux r\u00e9alis\u00e9s (si disponible)<\/li>\n<li>Registre foncier (si disponible)<\/li>\n<li>Plan cadastral (si disponible)<\/li>\n<li>Descriptif de construction (si disponible)<\/li>\n<li>\u00c9ventuellement : plan d\u2019affectation et le r\u00e8glement de construction<\/li>\n<\/ul>\n<p>Pour les objets en PPE :<\/p>\n<ul>\n<li>Police assurance incendie compl\u00e8te de l\u2019immeuble (\u00e0 demander \u00e0 l\u2019administrateur)<\/li>\n<li>R\u00e8glement PPE<\/li>\n<li>Comptes PPE (3 derni\u00e8res ann\u00e9es)<\/li>\n<\/ul>\n<p>Estimation similaire dans les villes proches, comme :<br \/>\nSt-Ursanne, Montmelon, Montenol, Epauvillers, Epiquerez, Seleute, Ocourt, Porrentruy, Fontenais, Villars-sur-Fontenais, Bressaucourt, Courtedoux, Chevenez, Rocourt, Grandfontaine, R\u00e9cl\u00e8re, Roche-d'Or, Damvant, Bure, Fahy, Courchavon, Courtema\u00eeche, Montignez, Buix, Boncourt, Coeuve, Damphreux, Lugnez, Beurnev\u00e9sin, Alle, Vendlincourt, Bonfol, Mi\u00e9court, Charmoille, Courgenay, Courtemautruy, Cornol, Fregi\u00e9court, Pleujouse, Asuel, Del\u00e9mont, Develier, Bourrignon, Soyhi\u00e8res, Mettembert, Pleigne, Lucelle, Movelier, Ederswiler, Roggenburg, Courroux, Courcelon, Vicques, Courchapoix, Corban, Mervelier, Montsevelier, Vermes, Courrendlin, Vellerat, Rebeuvelier, Rossemaison, Ch\u00e2tillon JU, Court\u00e9telle, Courfaivre, Bassecourt, Glovelier, Bo\u00e9court, Montavon, Undervelier, Soulce, Saulcy, Les Bois, Muriaux, Le Noirmont, Les Breuleux, La Chaux-des-Breuleux, Saignel\u00e9gier, Le B\u00e9mont JU, Montfaucon, Les Enfers, St-Brais, Le Pr\u00e9dame, Les Genevez JU, Fornet-Dessus, Lajoux JU, Soubey.<\/p>\n","protected":false},"excerpt":{"rendered":"<p>\u00c9valuez rapidement le prix de votre bien immobilier dans le canton du Jura gr\u00e2ce \u00e0 Immobilierlocal. Nous avons \u00e9galement \u00e0 disposition des agents immobiliers qui peuvent se rendre chez vous afin de vous procurer une estimation plus d\u00e9taill\u00e9e de votre bien. Mettre en vente sa maison ou sa propri\u00e9t\u00e9 avec Immobilierlocal, c&rsquo;est l&rsquo;assurance de vendre [&hellip;]<\/p>\n","protected":false},"author":3,"featured_media":418,"parent":0,"menu_order":0,"comment_status":"closed","ping_status":"closed","template":"","meta":{"footnotes":""},"categories":[6],"profession":[],"location":[],"canton":[80],"class_list":["post-164","page","type-page","status-publish","has-post-thumbnail","hentry","category-estimation"],"yoast_head":"<!-- This site is optimized with the Yoast SEO Premium plugin v23.0 (Yoast SEO v27.3) - https:\/\/yoast.com\/product\/yoast-seo-premium-wordpress\/ -->\n<title>Estimation immobili\u00e8re dans le canton du Jura avril 2026 gratuite &amp; rapide - Immobilierlocal<\/title>\n<meta name=\"description\" content=\"D\u00e9couvrez le Prix moyen au m\u00b2 dans le canton du Jura en avril 2026 \u2705 Estimation gratuite de votre bien \u2705 Derni\u00e8res \u00e9volutions du march\u00e9.\" \/>\n<meta name=\"robots\" content=\"index, follow, max-snippet:-1, max-image-preview:large, max-video-preview:-1\" \/>\n<link rel=\"canonical\" href=\"https:\/\/www.immobilierlocal.ch\/c\/estimation-immobiliere-canton-jura\/\" \/>\n<meta property=\"og:locale\" content=\"fr_FR\" \/>\n<meta property=\"og:type\" content=\"article\" \/>\n<meta property=\"og:title\" content=\"Estimation immobili\u00e8re dans le canton du Jura avril 2026 gratuite &amp; rapide\" \/>\n<meta property=\"og:description\" content=\"D\u00e9couvrez le Prix moyen au m\u00b2 dans le canton du Jura en avril 2026 \u2705 Estimation gratuite de votre bien \u2705 Derni\u00e8res \u00e9volutions du march\u00e9.\" \/>\n<meta property=\"og:url\" content=\"https:\/\/www.immobilierlocal.ch\/c\/estimation-immobiliere-canton-jura\/\" \/>\n<meta property=\"og:site_name\" content=\"Immobilierlocal\" \/>\n<meta property=\"article:modified_time\" content=\"2024-08-24T14:36:42+00:00\" \/>\n<meta property=\"og:image\" content=\"https:\/\/www.immobilierlocal.ch\/c\/wp-content\/uploads\/2023\/10\/estimation-immobiliere-a-lausanne-nord-scaled.jpg\" \/>\n\t<meta property=\"og:image:width\" content=\"2560\" \/>\n\t<meta property=\"og:image:height\" content=\"817\" \/>\n\t<meta property=\"og:image:type\" content=\"image\/jpeg\" \/>\n<meta name=\"twitter:card\" content=\"summary_large_image\" \/>\n<meta name=\"twitter:label1\" content=\"Dur\u00e9e de lecture estim\u00e9e\" \/>\n\t<meta name=\"twitter:data1\" content=\"7 minutes\" \/>\n<script type=\"application\/ld+json\" class=\"yoast-schema-graph\">{\"@context\":\"https:\\\/\\\/schema.org\",\"@graph\":[{\"@type\":\"WebPage\",\"@id\":\"https:\\\/\\\/www.immobilierlocal.ch\\\/c\\\/estimation-immobiliere-canton-jura\\\/\",\"url\":\"https:\\\/\\\/www.immobilierlocal.ch\\\/c\\\/estimation-immobiliere-canton-jura\\\/\",\"name\":\"Estimation immobili\u00e8re dans le canton du Jura - Immobilierlocal\",\"isPartOf\":{\"@id\":\"https:\\\/\\\/www.immobilierlocal.ch\\\/c\\\/#website\"},\"primaryImageOfPage\":{\"@id\":\"https:\\\/\\\/www.immobilierlocal.ch\\\/c\\\/estimation-immobiliere-canton-jura\\\/#primaryimage\"},\"image\":{\"@id\":\"https:\\\/\\\/www.immobilierlocal.ch\\\/c\\\/estimation-immobiliere-canton-jura\\\/#primaryimage\"},\"thumbnailUrl\":\"https:\\\/\\\/www.immobilierlocal.ch\\\/c\\\/wp-content\\\/uploads\\\/2023\\\/10\\\/estimation-immobiliere-a-lausanne-nord-scaled.jpg\",\"datePublished\":\"2023-10-19T08:33:47+00:00\",\"dateModified\":\"2024-08-24T14:36:42+00:00\",\"breadcrumb\":{\"@id\":\"https:\\\/\\\/www.immobilierlocal.ch\\\/c\\\/estimation-immobiliere-canton-jura\\\/#breadcrumb\"},\"inLanguage\":\"fr-FR\",\"potentialAction\":[{\"@type\":\"ReadAction\",\"target\":[\"https:\\\/\\\/www.immobilierlocal.ch\\\/c\\\/estimation-immobiliere-canton-jura\\\/\"]}]},{\"@type\":\"ImageObject\",\"inLanguage\":\"fr-FR\",\"@id\":\"https:\\\/\\\/www.immobilierlocal.ch\\\/c\\\/estimation-immobiliere-canton-jura\\\/#primaryimage\",\"url\":\"https:\\\/\\\/www.immobilierlocal.ch\\\/c\\\/wp-content\\\/uploads\\\/2023\\\/10\\\/estimation-immobiliere-a-lausanne-nord-scaled.jpg\",\"contentUrl\":\"https:\\\/\\\/www.immobilierlocal.ch\\\/c\\\/wp-content\\\/uploads\\\/2023\\\/10\\\/estimation-immobiliere-a-lausanne-nord-scaled.jpg\",\"width\":2560,\"height\":817,\"caption\":\"Estimation immobili\u00e8re \u00e0 Lausanne \\\/ Nord\"},{\"@type\":\"BreadcrumbList\",\"@id\":\"https:\\\/\\\/www.immobilierlocal.ch\\\/c\\\/estimation-immobiliere-canton-jura\\\/#breadcrumb\",\"itemListElement\":[{\"@type\":\"ListItem\",\"position\":1,\"name\":\"Accueil\",\"item\":\"https:\\\/\\\/www.immobilierlocal.ch\\\/c\\\/\"},{\"@type\":\"ListItem\",\"position\":2,\"name\":\"Estimation immobili\u00e8re dans le canton du Jura\"}]},{\"@type\":\"WebSite\",\"@id\":\"https:\\\/\\\/www.immobilierlocal.ch\\\/c\\\/#website\",\"url\":\"https:\\\/\\\/www.immobilierlocal.ch\\\/c\\\/\",\"name\":\"Immobilierlocal\",\"description\":\"\",\"publisher\":{\"@id\":\"https:\\\/\\\/www.immobilierlocal.ch\\\/c\\\/#organization\"},\"potentialAction\":[{\"@type\":\"SearchAction\",\"target\":{\"@type\":\"EntryPoint\",\"urlTemplate\":\"https:\\\/\\\/www.immobilierlocal.ch\\\/c\\\/?s={search_term_string}\"},\"query-input\":{\"@type\":\"PropertyValueSpecification\",\"valueRequired\":true,\"valueName\":\"search_term_string\"}}],\"inLanguage\":\"fr-FR\"},{\"@type\":\"Organization\",\"@id\":\"https:\\\/\\\/www.immobilierlocal.ch\\\/c\\\/#organization\",\"name\":\"Immobilierlocal\",\"url\":\"https:\\\/\\\/www.immobilierlocal.ch\\\/c\\\/\",\"logo\":{\"@type\":\"ImageObject\",\"inLanguage\":\"fr-FR\",\"@id\":\"https:\\\/\\\/www.immobilierlocal.ch\\\/c\\\/#\\\/schema\\\/logo\\\/image\\\/\",\"url\":\"https:\\\/\\\/www.immobilierlocal.ch\\\/c\\\/wp-content\\\/uploads\\\/2023\\\/10\\\/logo-immobilierlocal-h.svg\",\"contentUrl\":\"https:\\\/\\\/www.immobilierlocal.ch\\\/c\\\/wp-content\\\/uploads\\\/2023\\\/10\\\/logo-immobilierlocal-h.svg\",\"caption\":\"Immobilierlocal\"},\"image\":{\"@id\":\"https:\\\/\\\/www.immobilierlocal.ch\\\/c\\\/#\\\/schema\\\/logo\\\/image\\\/\"}}]}<\/script>\n<!-- \/ Yoast SEO Premium plugin. -->","yoast_head_json":{"title":"Estimation immobili\u00e8re dans le canton du Jura avril 2026 gratuite & rapide - Immobilierlocal","description":"D\u00e9couvrez le Prix moyen au m\u00b2 dans le canton du Jura en avril 2026 \u2705 Estimation gratuite de votre bien \u2705 Derni\u00e8res \u00e9volutions du march\u00e9.","robots":{"index":"index","follow":"follow","max-snippet":"max-snippet:-1","max-image-preview":"max-image-preview:large","max-video-preview":"max-video-preview:-1"},"canonical":"https:\/\/www.immobilierlocal.ch\/c\/estimation-immobiliere-canton-jura\/","og_locale":"fr_FR","og_type":"article","og_title":"Estimation immobili\u00e8re dans le canton du Jura avril 2026 gratuite & rapide","og_description":"D\u00e9couvrez le Prix moyen au m\u00b2 dans le canton du Jura en avril 2026 \u2705 Estimation gratuite de votre bien \u2705 Derni\u00e8res \u00e9volutions du march\u00e9.","og_url":"https:\/\/www.immobilierlocal.ch\/c\/estimation-immobiliere-canton-jura\/","og_site_name":"Immobilierlocal","article_modified_time":"2024-08-24T14:36:42+00:00","og_image":[{"width":2560,"height":817,"url":"https:\/\/www.immobilierlocal.ch\/c\/wp-content\/uploads\/2023\/10\/estimation-immobiliere-a-lausanne-nord-scaled.jpg","type":"image\/jpeg"}],"twitter_card":"summary_large_image","twitter_misc":{"Dur\u00e9e de lecture estim\u00e9e":"7 minutes"},"schema":{"@context":"https:\/\/schema.org","@graph":[{"@type":"WebPage","@id":"https:\/\/www.immobilierlocal.ch\/c\/estimation-immobiliere-canton-jura\/","url":"https:\/\/www.immobilierlocal.ch\/c\/estimation-immobiliere-canton-jura\/","name":"Estimation immobili\u00e8re dans le canton du Jura - Immobilierlocal","isPartOf":{"@id":"https:\/\/www.immobilierlocal.ch\/c\/#website"},"primaryImageOfPage":{"@id":"https:\/\/www.immobilierlocal.ch\/c\/estimation-immobiliere-canton-jura\/#primaryimage"},"image":{"@id":"https:\/\/www.immobilierlocal.ch\/c\/estimation-immobiliere-canton-jura\/#primaryimage"},"thumbnailUrl":"https:\/\/www.immobilierlocal.ch\/c\/wp-content\/uploads\/2023\/10\/estimation-immobiliere-a-lausanne-nord-scaled.jpg","datePublished":"2023-10-19T08:33:47+00:00","dateModified":"2024-08-24T14:36:42+00:00","breadcrumb":{"@id":"https:\/\/www.immobilierlocal.ch\/c\/estimation-immobiliere-canton-jura\/#breadcrumb"},"inLanguage":"fr-FR","potentialAction":[{"@type":"ReadAction","target":["https:\/\/www.immobilierlocal.ch\/c\/estimation-immobiliere-canton-jura\/"]}]},{"@type":"ImageObject","inLanguage":"fr-FR","@id":"https:\/\/www.immobilierlocal.ch\/c\/estimation-immobiliere-canton-jura\/#primaryimage","url":"https:\/\/www.immobilierlocal.ch\/c\/wp-content\/uploads\/2023\/10\/estimation-immobiliere-a-lausanne-nord-scaled.jpg","contentUrl":"https:\/\/www.immobilierlocal.ch\/c\/wp-content\/uploads\/2023\/10\/estimation-immobiliere-a-lausanne-nord-scaled.jpg","width":2560,"height":817,"caption":"Estimation immobili\u00e8re \u00e0 Lausanne \/ Nord"},{"@type":"BreadcrumbList","@id":"https:\/\/www.immobilierlocal.ch\/c\/estimation-immobiliere-canton-jura\/#breadcrumb","itemListElement":[{"@type":"ListItem","position":1,"name":"Accueil","item":"https:\/\/www.immobilierlocal.ch\/c\/"},{"@type":"ListItem","position":2,"name":"Estimation immobili\u00e8re dans le canton du Jura"}]},{"@type":"WebSite","@id":"https:\/\/www.immobilierlocal.ch\/c\/#website","url":"https:\/\/www.immobilierlocal.ch\/c\/","name":"Immobilierlocal","description":"","publisher":{"@id":"https:\/\/www.immobilierlocal.ch\/c\/#organization"},"potentialAction":[{"@type":"SearchAction","target":{"@type":"EntryPoint","urlTemplate":"https:\/\/www.immobilierlocal.ch\/c\/?s={search_term_string}"},"query-input":{"@type":"PropertyValueSpecification","valueRequired":true,"valueName":"search_term_string"}}],"inLanguage":"fr-FR"},{"@type":"Organization","@id":"https:\/\/www.immobilierlocal.ch\/c\/#organization","name":"Immobilierlocal","url":"https:\/\/www.immobilierlocal.ch\/c\/","logo":{"@type":"ImageObject","inLanguage":"fr-FR","@id":"https:\/\/www.immobilierlocal.ch\/c\/#\/schema\/logo\/image\/","url":"https:\/\/www.immobilierlocal.ch\/c\/wp-content\/uploads\/2023\/10\/logo-immobilierlocal-h.svg","contentUrl":"https:\/\/www.immobilierlocal.ch\/c\/wp-content\/uploads\/2023\/10\/logo-immobilierlocal-h.svg","caption":"Immobilierlocal"},"image":{"@id":"https:\/\/www.immobilierlocal.ch\/c\/#\/schema\/logo\/image\/"}}]}},"_links":{"self":[{"href":"https:\/\/www.immobilierlocal.ch\/c\/wp-json\/wp\/v2\/pages\/164","targetHints":{"allow":["GET"]}}],"collection":[{"href":"https:\/\/www.immobilierlocal.ch\/c\/wp-json\/wp\/v2\/pages"}],"about":[{"href":"https:\/\/www.immobilierlocal.ch\/c\/wp-json\/wp\/v2\/types\/page"}],"author":[{"embeddable":true,"href":"https:\/\/www.immobilierlocal.ch\/c\/wp-json\/wp\/v2\/users\/3"}],"replies":[{"embeddable":true,"href":"https:\/\/www.immobilierlocal.ch\/c\/wp-json\/wp\/v2\/comments?post=164"}],"version-history":[{"count":0,"href":"https:\/\/www.immobilierlocal.ch\/c\/wp-json\/wp\/v2\/pages\/164\/revisions"}],"wp:featuredmedia":[{"embeddable":true,"href":"https:\/\/www.immobilierlocal.ch\/c\/wp-json\/wp\/v2\/media\/418"}],"wp:attachment":[{"href":"https:\/\/www.immobilierlocal.ch\/c\/wp-json\/wp\/v2\/media?parent=164"}],"wp:term":[{"taxonomy":"category","embeddable":true,"href":"https:\/\/www.immobilierlocal.ch\/c\/wp-json\/wp\/v2\/categories?post=164"},{"taxonomy":"profession","embeddable":true,"href":"https:\/\/www.immobilierlocal.ch\/c\/wp-json\/wp\/v2\/profession?post=164"},{"taxonomy":"location","embeddable":true,"href":"https:\/\/www.immobilierlocal.ch\/c\/wp-json\/wp\/v2\/location?post=164"},{"taxonomy":"canton","embeddable":true,"href":"https:\/\/www.immobilierlocal.ch\/c\/wp-json\/wp\/v2\/canton?post=164"}],"curies":[{"name":"wp","href":"https:\/\/api.w.org\/{rel}","templated":true}]}}