
{"id":154,"date":"2023-10-19T10:33:45","date_gmt":"2023-10-19T08:33:45","guid":{"rendered":"https:\/\/immobilierlocal.ch\/c\/154-2\/"},"modified":"2024-08-05T20:21:12","modified_gmt":"2024-08-05T18:21:12","slug":"estimation-immobiliere-st-blaise","status":"publish","type":"page","link":"https:\/\/www.immobilierlocal.ch\/c\/estimation-immobiliere-canton-neuchatel\/estimation-immobiliere-st-blaise\/","title":{"rendered":"Estimation immobili\u00e8re \u00e0 St-Blaise"},"content":{"rendered":"<p>Profitez d&rsquo;une appr&eacute;ciation en ligne gratuite et fiable &agrave; St-Blaise. Nous avons &eacute;galement &agrave; disposition des agents immobiliers qui se d&eacute;placent chez vous afin de vous procurer une &eacute;valuation plus d&eacute;taill&eacute;e de votre bien. Mettez en vente ou acqu&eacute;rez votre propri&eacute;t&eacute; immobili&egrave;re &agrave; un tarif imbattable, en toute simplicit&eacute; avec Immobilierlocal.<\/p>\n\n<h2>Derni&egrave;res estimations &agrave; St-Blaise par secteur<\/h2>\n<div class=\"estimates-lastest\"><ul><li>Pour un appartement 5 pi\u00e8ces \u00e0 St-Blaise, surface pond\u00e9r\u00e9e (m\u00b2) : 100, orientation Sud-Est\/Ouest, sans balcon, transports fr\u00e9quence r\u00e9guli\u00e8re, avec parking, commodit\u00e9s et \u00e9coles nombreuses, situation ordinaire, CHF 6'770 \/ m\u00b2<\/li><li>Pour un appartement 6 pi\u00e8ces \u00e0 St-Blaise, surface pond\u00e9r\u00e9e (m\u00b2) : 105, orientation Ouest, avec balcon, transports fr\u00e9quence limit\u00e9e, avec parking, commodit\u00e9s et \u00e9coles limit\u00e9es, situation ordinaire, CHF 5'880 \/ m\u00b2<\/li><li>Pour un appartement 6.5 pi\u00e8ces \u00e0 St-Blaise, surface pond\u00e9r\u00e9e (m\u00b2) : 95, orientation Sud-Est\/Ouest, avec balcon, transports fr\u00e9quence limit\u00e9e, avec parking, commodit\u00e9s et \u00e9coles limit\u00e9es, situation ordinaire, CHF 6'794 \/ m\u00b2<\/li><\/ul><\/div>\n<h2>Estimation de la valeur des maisons &agrave; St-Blaise par nombre de pi&egrave;ces<\/h2>\n<div class=\"estimates-room\"><ul><li>Pour une maison 5 pi\u00e8ces \u00e0 St-Blaise, volume (m\u00b3) : 607.5 et terrain (m\u00b2) : 950, transports fr\u00e9quence limit\u00e9e, commodit\u00e9s et \u00e9coles limit\u00e9es, situation ordinaire, CHF 9'354 \/ m\u00b2<\/li><li>Pour une maison 5 pi\u00e8ces \u00e0 St-Blaise, volume (m\u00b3) : 945 et terrain (m\u00b2) : 500, transports fr\u00e9quence limit\u00e9e, commodit\u00e9s et \u00e9coles limit\u00e9es, situation ordinaire, CHF 5'869 \/ m\u00b2<\/li><li>Pour une maison 6.5 pi\u00e8ces \u00e0 St-Blaise, volume (m\u00b3) : 607.5 et terrain (m\u00b2) : 800, transports fr\u00e9quence limit\u00e9e, commodit\u00e9s et \u00e9coles limit\u00e9es, situation ordinaire, CHF 8'447 \/ m\u00b2<\/li><\/ul><\/div><div class=\"iframe-text\">Estimer maintenant votre bien immobilier<\/div><iframe id=\"estimer\" src=\"https:\/\/www.immobilierlocal.ch\/estimer?iframe=1\" frameborder=\"0\" loading=\"lazy\" width=\"100%\" height=\"1000\" style=\"overflow-x:hidden;\" referrerpolicy=\"no-referrer-when-downgrade\" title=\"Estimation immobili\u00e8re\"><\/iframe>\n<h2>Comment savoir le prix de son bien immobilier &agrave; St-Blaise ?<\/h2>\n<h3>1. &Eacute;valuation offerte de votre maison &agrave; St-Blaise en ligne avec Immobilierlocal<\/h3>\n<p>\nUtilisez notre outil d&rsquo;estimation en ligne afin de conna&icirc;tre la valeur de votre maison en moins de 3 minutes.<\/p>\n<p>Vous devez nous fournir votre adresse et les d&eacute;tails de votre propri&eacute;t&eacute;, comme :\n<\/p>\n<ul>\n<li>La situation (environnement, vue et transports).<\/li>\n<li>L&rsquo;orientation.<\/li>\n<li>Le nombre de pi&egrave;ces.<\/li>\n<li>La surface habitable ou le volume.<\/li>\n<li>Les dimensions du terrain.<\/li>\n<li>L&rsquo;ann&eacute;e de construction.<\/li>\n<li>L&rsquo;&eacute;tat g&eacute;n&eacute;ral de votre maison.<\/li>\n<li>Les travaux effectu&eacute;s dans votre maison et leur ann&eacute;e.<\/li>\n<\/ul>\n<h3>2. &Eacute;valuation offerte de votre appartement &agrave; St-Blaise en ligne avec Immobilierlocal<\/h3>\n<p>\nPour conna&icirc;tre la valeur immobili&egrave;re de votre appartement &agrave; St-Blaise, utilisez notre outil en ligne d&rsquo;estimation immobili&egrave;re. En un instant vous aurez connaissance de la valeur de votre bien.<\/p>\n<p>Pour obtenir la meilleure estimation, vous devrez nous indiquer les caract&eacute;ristiques de votre appartement, apr&egrave;s avoir indiqu&eacute; votre adresse, comme :\n<\/p>\n<ul>\n<li>L&rsquo;environnement de votre appartement.<\/li>\n<li>L&rsquo;orientation.<\/li>\n<li>Le nombre de pi&egrave;ces.<\/li>\n<li>Les diff&eacute;rentes surfaces (habitable, garage, balcon&#8230;).<\/li>\n<li>La pr&eacute;sence d&rsquo;un ou plusieurs parkings.<\/li>\n<li>Date de construction.<\/li>\n<li>L&rsquo;&eacute;tat g&eacute;n&eacute;ral.<\/li>\n<li>L&rsquo;ann&eacute;e et le co&ucirc;t des derni&egrave;res r&eacute;novations.<\/li>\n<li>Le montant du &laquo;fonds de r&eacute;novation PPE&raquo;.<\/li>\n<\/ul>\n<h3>3. Proc&eacute;der &agrave; une estimation immobili&egrave;re de sa maison par un agent immobilier &agrave; St-Blaise<\/h3>\n<p>\nNos experts install&eacute;s &agrave; St-Blaise se rendent &agrave; votre domicile pour accomplir une estimation de votre appartement ou de votre maison. En examinant certains dossiers tels que le registre foncier, les plans d&rsquo;architecte et le plan cadastral, ils vous fournissent un rapport d&rsquo;estimation complet.<\/p>\n<p>Pour proc&eacute;der &agrave; notre &eacute;valuation, nous prenons &eacute;galement en compte le march&eacute; immobilier &agrave; St-Blaise. Nous vous procurerons quelques conseils int&eacute;ressants afin de valoriser au maximum votre propri&eacute;t&eacute; &agrave; St-Blaise.<\/p>\n<p>Profitez d&egrave;s &agrave; pr&eacute;sent d&rsquo;une &eacute;valuation pr&eacute;cise et sans engagement de votre bien immobilier avec Immobilierlocal.\n<\/p>\n<h3>4. Comparer son bien avec les autres biens semblables &agrave; St-Blaise, est-ce utile ?<\/h3>\n<p>\nOui, il est pertinent d&rsquo;inspecter les biens semblables, comparer votre bien avec les annonces immobili&egrave;res &agrave; St-Blaise vous apporte des donn&eacute;es sur la valorisation de votre propri&eacute;t&eacute;.\n<\/p>\n<h2>Comment vendre son bien immobilier au meilleur prix &agrave; St-Blaise ?<\/h2>\n<p>\nPour vendre rapidement votre bien immobilier, faites confiance &agrave; Immobilierlocal !\n<\/p>\n<h3>1. Pourquoi faire appel &agrave; un sp&eacute;cialiste comme Immobilierlocal ?<\/h3>\n<p>\nImmobilierlocal vous met en contact avec un expert situ&eacute; dans la ville de St-Blaise.\n<\/p>\n<h3>2. Obtenez une estimation pr&eacute;cise et adapt&eacute;e &agrave; la situation immobili&egrave;re actuelle<\/h3>\n<p>\nImmobilierlocal et ses collaborateurs examinent le march&eacute; actuel en consid&eacute;rant les annonces et les biens r&eacute;cemment vendus, dans le but de vous proposer le prix de vente le meilleur prix de vente.\n<\/p>\n<h3>3. Sublimer votre bien avec Immobilierlocal<\/h3>\n<p>\nPour mettre en valeur votre propri&eacute;t&eacute;, nous r&eacute;alisons des shooting photo avec nos partenaires de votre bien &agrave; St-Blaise.\n<\/p>\n<h3>4. Assurez-vous que votre annonce immobili&egrave;re soit visible sur internet<\/h3>\n<p>\nImmobilierlocal et ses collaborateurs vous permettent de diffuser votre annonce sur nos nombreux sites web sp&eacute;cialis&eacute;s dans l&rsquo;immobilier afin de la pr&eacute;senter au maximum d&rsquo;acqu&eacute;reurs potentiels.\n<\/p>\n<h3>5. S&eacute;lectionnez la meilleure offre<\/h3>\n<p>\nNous trions la totalit&eacute; des offres que nous recevons dans le but de vous pr&eacute;senter seulement celles qui peuvent vous int&eacute;resser.\n<\/p>\n<h3>6. &Ecirc;tre en position de force lors des n&eacute;gociations<\/h3>\n<p>\nAfin d&rsquo;&ecirc;tre dans un rapport de force au moment de n&eacute;gocier le prix avec un acqu&eacute;reur potentiel, notre agent aura besoin de pr&eacute;senter les forces de votre bien. Pour cela, il doit avoir connaissance des &eacute;l&eacute;ments suivants :\n<\/p>\n<ul>\n<li>Les factures de r&eacute;novations,<\/li>\n<li>les plans architecturaux,<\/li>\n<li>les avantages environnementaux,<\/li>\n<li>Le d&eacute;veloppement &eacute;conomique r&eacute;gional.<\/li>\n<\/ul>\n<h2>Quelles sont les tendances du march&eacute; immobilier &agrave; St-Blaise ?<\/h2>\n<h3>&Eacute;valuation de la valeur des maisons &agrave; St-Blaise<\/h3>\n<p class=\"estimates-house-range\">Les prix des maisons \u00e0 St-Blaise varient de CHF 1'140'294 \u00e0 CHF 1'262'815 en moyenne.<\/p>\n<h3>Estimation de la valeur des appartements &agrave; St-Blaise<\/h3>\n<p class=\"estimates-house-range\">Les prix des appartements \u00e0 St-Blaise varient de CHF 646'834 \u00e0 CHF 678'016 en moyenne.<\/p>\n<h3>Estimation du prix de vente des terrains &agrave; St-Blaise<\/h3>\n<p class=\"estimates-land\">Les prix moyens des terrains \u00e0 St-Blaise sont de CHF 589 \/ m\u00b2 (prix par m\u00e8tre carr\u00e9).<\/p>\n<h2>Questions r&eacute;guli&egrave;rement pos&eacute;es sur l&rsquo;estimation immobili&egrave;re<\/h2>\n<h3>Quel est le co&ucirc;t d&rsquo;une &eacute;valuation immobili&egrave;re &agrave; St-Blaise ?<\/h3>\n<p>\nLe co&ucirc;t d&rsquo;une &eacute;valuation immobili&egrave;re &agrave; St-Blaise varie selon la nature du bien. Que vous ayez un logement de luxe ou une maison standard, les co&ucirc;ts peuvent aller de CHF 150 &agrave; CHF 1&rsquo;500.<\/p>\n<p>Maintenant, si vous faites appel &agrave; la soci&eacute;t&eacute; Immobilierlocal, vous b&eacute;n&eacute;ficiez d&rsquo;une &eacute;valuation gratuite en ligne de votre maison ou appartement, sans engagement de votre part. De plus, notre logiciel d&rsquo;estimation en ligne est un outil gratuit qui vous assure une des meilleures &eacute;valuations en ligne du march&eacute;. Notre r&eacute;sultat tient compte des caract&eacute;ristiques &eacute;conomiques du moment, ainsi que du climat conjoncturel suisse.\n<\/p>\n<h3>Qui peut estimer une propri&eacute;taire immobili&egrave;re &agrave; St-Blaise ?<\/h3>\n<p>\nPour une &eacute;valuation immobili&egrave;re plus pr&eacute;cise, vous avez plusieurs options, vous pouvez contacter un expert des &eacute;valuations immobili&egrave;res, un architecte, un courtier en immobilier ou encore une banque.\n<\/p>\n<h3>Comment se d&eacute;roule l&rsquo;&eacute;valuation d&rsquo;un bien &agrave; St-Blaise ?<\/h3>\n<ol>\n<li>Pour la premi&egrave;re &eacute;tape, un agent immobilier se rend &agrave; votre domicile afin d&rsquo;effectuer une visite compl&egrave;te du bien en vente.<\/li>\n<li>Ensuite : il &eacute;tudie les documents en lien avec l&rsquo;achat et l&rsquo;entretien de votre propri&eacute;t&eacute;.<\/li>\n<li>Il proc&egrave;de &agrave; une analyse compl&egrave;te du march&eacute; immobilier en confrontant votre bien aux propri&eacute;t&eacute;s actuellement disponibles et en &eacute;tudiant les prix des ventes r&eacute;alis&eacute;es r&eacute;cemment &agrave; St-Blaise.<\/li>\n<li>Et pour terminer, il vous remettra un examen complet ainsi qu&rsquo;une &eacute;valuation pr&eacute;cise du prix de vente de votre propri&eacute;t&eacute;.<\/li>\n<\/ol>\n<h3>Comment b&eacute;n&eacute;ficier d&rsquo;une estimation de propri&eacute;t&eacute; gratuitement &agrave; St-Blaise<\/h3>\n<p>\nObtenez une &eacute;valuation gratuite et pr&eacute;cise en moins de 3 minutes avec l&rsquo;outil d&rsquo;estimation Immobilierlocal, ou prenez contact avec l&rsquo;un de nos experts pour obtenir une estimation gratuite de votre bien, sans aucun engagement.\n<\/p>\n<h3>Quels sont les divers facteurs qui peuvent faire &eacute;voluer la valeur de ma propri&eacute;t&eacute; &agrave; St-Blaise ?<\/h3>\n<p>\nIl existe plusieurs crit&egrave;res qui font &eacute;voluer le prix de vente d&rsquo;un bien immobilier &agrave; St-Blaise. Voici les facteurs les plus consid&eacute;rables :\n<\/p>\n<ul>\n<li>L&rsquo;activit&eacute; touristique,<\/li>\n<li>le d&eacute;veloppement &eacute;conomique de la r&eacute;gion,<\/li>\n<li>l&rsquo;offre et demande,<\/li>\n<li>les commodit&eacute;s.<\/li>\n<\/ul>\n<h3>Comment accro&icirc;tre la valeur de mon bien immobilier ?<\/h3>\n<p>\nPour faire &eacute;voluer la valeur de votre bien, suivez ces conseils :\n<\/p>\n<ul>\n<li>Votre bien doit toujours &ecirc;tre propre pour les photos et au moment des visites.<\/li>\n<li>Rangez et organisez toutes vos affaires de fa&ccedil;on &agrave; ce que les potentiels acqu&eacute;reurs puissent facilement se projeter dans le bien.<\/li>\n<li>Mettez en lumi&egrave;re les points forts de votre logement.<\/li>\n<li>Assurez-vous de valoriser le terrain si vous poss&eacute;dez une maison.<\/li>\n<\/ul>\n<h3>Comment se comporter face &agrave; un potentiel acheteur ?<\/h3>\n<ul>\n<li>Parlez-lui des diff&eacute;rents atouts de votre bien.<\/li>\n<li>R&eacute;pondez aux interrogations sans divulguer de fausses informations.<\/li>\n<li>&Eacute;coutez les propos de l&rsquo;acqu&eacute;reur et allez dans son sens sans le contredire.<\/li>\n<\/ul>\n<h3>Quels sont les documents &agrave; avoir afin d&rsquo;estimer ma propri&eacute;t&eacute; immobili&egrave;re ?<\/h3>\n<ul>\n<li>Police assurance incendie compl&egrave;te<\/li>\n<li>Plan de niveau (si disponible)<\/li>\n<li>factures des diff&eacute;rents travaux effectu&eacute;s (si disponible)<\/li>\n<li>Registre foncier (si disponible)<\/li>\n<li>Cadastre (si disponible)<\/li>\n<li>Descriptif de construction (si disponible)<\/li>\n<li>&Eacute;ventuellement : plan d&rsquo;affectation et le r&egrave;glement de construction<\/li>\n<\/ul>\n<p>\nPour les objets en PPE :\n<\/p>\n<ul>\n<li>Police assurance incendie compl&egrave;te de l&rsquo;immeuble (&agrave; demander &agrave; l&rsquo;administrateur)<\/li>\n<li>R&egrave;glement PPE<\/li>\n<li>Comptes PPE (3 derni&egrave;res ann&eacute;es)<\/li>\n<\/ul>\n<p>Estimation similaire dans les villes proches, comme : <br \/> Neuch\u00e2tel, Auvernier, Colombier NE, B\u00f4le, Areuse, Cortaillod, Boudry, Chambrelien, Rochefort, Bevaix, Gorgier, St-Aubin-Sauges, Chez-le-Bart, Fresens, Montalchez, Vaumarcus, Peseux, Corcelles NE, Cormondr\u00e8che, Hauterive NE, Enges, Marin-Epagnier, Thielle, Wavre, Cornaux NE, Cressier NE, Champ-du-Moulin.<\/p>\n","protected":false},"excerpt":{"rendered":"<p>Profitez d&rsquo;une appr&eacute;ciation en ligne gratuite et fiable &agrave; St-Blaise. Nous avons &eacute;galement &agrave; disposition des agents immobiliers qui se d&eacute;placent chez vous afin de vous procurer une &eacute;valuation plus d&eacute;taill&eacute;e de votre bien. Mettez en vente ou acqu&eacute;rez votre propri&eacute;t&eacute; immobili&egrave;re &agrave; un tarif imbattable, en toute simplicit&eacute; avec Immobilierlocal. Derni&egrave;res estimations &agrave; St-Blaise [&hellip;]<\/p>\n","protected":false},"author":3,"featured_media":449,"parent":152,"menu_order":0,"comment_status":"closed","ping_status":"closed","template":"","meta":{"footnotes":""},"categories":[6],"profession":[],"location":[75],"canton":[],"class_list":["post-154","page","type-page","status-publish","has-post-thumbnail","hentry","category-estimation"],"yoast_head":"<!-- This site is optimized with the Yoast SEO Premium plugin v23.0 (Yoast SEO v27.4) - https:\/\/yoast.com\/product\/yoast-seo-premium-wordpress\/ -->\n<title>Estimation immobili\u00e8re \u00e0 St-Blaise avril 2026 gratuite &amp; rapide - Immobilierlocal<\/title>\n<meta name=\"description\" content=\"D\u00e9couvrez le Prix moyen au m\u00b2 \u00e0 St-Blaise en avril 2026 \u2705 Estimation gratuite de votre bien \u2705 Derni\u00e8res \u00e9volutions du march\u00e9.\" \/>\n<meta name=\"robots\" content=\"index, follow, max-snippet:-1, max-image-preview:large, max-video-preview:-1\" \/>\n<link rel=\"canonical\" href=\"https:\/\/www.immobilierlocal.ch\/c\/estimation-immobiliere-canton-neuchatel\/estimation-immobiliere-st-blaise\/\" \/>\n<meta property=\"og:locale\" content=\"fr_FR\" \/>\n<meta property=\"og:type\" content=\"article\" \/>\n<meta property=\"og:title\" content=\"Estimation immobili\u00e8re \u00e0 St-Blaise avril 2026 gratuite &amp; rapide\" \/>\n<meta property=\"og:description\" content=\"D\u00e9couvrez le Prix moyen au m\u00b2 \u00e0 St-Blaise en avril 2026 \u2705 Estimation gratuite de votre bien \u2705 Derni\u00e8res \u00e9volutions du march\u00e9.\" \/>\n<meta property=\"og:url\" content=\"https:\/\/www.immobilierlocal.ch\/c\/estimation-immobiliere-canton-neuchatel\/estimation-immobiliere-st-blaise\/\" \/>\n<meta property=\"og:site_name\" content=\"Immobilierlocal\" \/>\n<meta property=\"article:modified_time\" content=\"2024-08-05T18:21:12+00:00\" \/>\n<meta property=\"og:image\" content=\"https:\/\/www.immobilierlocal.ch\/c\/wp-content\/uploads\/2023\/10\/estimation-immobiliere-a-st-blaise-scaled.jpg\" \/>\n\t<meta property=\"og:image:width\" content=\"2560\" \/>\n\t<meta property=\"og:image:height\" content=\"817\" \/>\n\t<meta property=\"og:image:type\" content=\"image\/jpeg\" \/>\n<meta name=\"twitter:card\" content=\"summary_large_image\" \/>\n<meta name=\"twitter:label1\" content=\"Dur\u00e9e de lecture estim\u00e9e\" \/>\n\t<meta name=\"twitter:data1\" content=\"7 minutes\" \/>\n<script type=\"application\/ld+json\" class=\"yoast-schema-graph\">{\"@context\":\"https:\\\/\\\/schema.org\",\"@graph\":[{\"@type\":\"WebPage\",\"@id\":\"https:\\\/\\\/www.immobilierlocal.ch\\\/c\\\/estimation-immobiliere-canton-neuchatel\\\/estimation-immobiliere-st-blaise\\\/\",\"url\":\"https:\\\/\\\/www.immobilierlocal.ch\\\/c\\\/estimation-immobiliere-canton-neuchatel\\\/estimation-immobiliere-st-blaise\\\/\",\"name\":\"Estimation immobili\u00e8re \u00e0 St-Blaise - Immobilierlocal\",\"isPartOf\":{\"@id\":\"https:\\\/\\\/www.immobilierlocal.ch\\\/c\\\/#website\"},\"primaryImageOfPage\":{\"@id\":\"https:\\\/\\\/www.immobilierlocal.ch\\\/c\\\/estimation-immobiliere-canton-neuchatel\\\/estimation-immobiliere-st-blaise\\\/#primaryimage\"},\"image\":{\"@id\":\"https:\\\/\\\/www.immobilierlocal.ch\\\/c\\\/estimation-immobiliere-canton-neuchatel\\\/estimation-immobiliere-st-blaise\\\/#primaryimage\"},\"thumbnailUrl\":\"https:\\\/\\\/www.immobilierlocal.ch\\\/c\\\/wp-content\\\/uploads\\\/2023\\\/10\\\/estimation-immobiliere-a-st-blaise-scaled.jpg\",\"datePublished\":\"2023-10-19T08:33:45+00:00\",\"dateModified\":\"2024-08-05T18:21:12+00:00\",\"breadcrumb\":{\"@id\":\"https:\\\/\\\/www.immobilierlocal.ch\\\/c\\\/estimation-immobiliere-canton-neuchatel\\\/estimation-immobiliere-st-blaise\\\/#breadcrumb\"},\"inLanguage\":\"fr-FR\",\"potentialAction\":[{\"@type\":\"ReadAction\",\"target\":[\"https:\\\/\\\/www.immobilierlocal.ch\\\/c\\\/estimation-immobiliere-canton-neuchatel\\\/estimation-immobiliere-st-blaise\\\/\"]}]},{\"@type\":\"ImageObject\",\"inLanguage\":\"fr-FR\",\"@id\":\"https:\\\/\\\/www.immobilierlocal.ch\\\/c\\\/estimation-immobiliere-canton-neuchatel\\\/estimation-immobiliere-st-blaise\\\/#primaryimage\",\"url\":\"https:\\\/\\\/www.immobilierlocal.ch\\\/c\\\/wp-content\\\/uploads\\\/2023\\\/10\\\/estimation-immobiliere-a-st-blaise-scaled.jpg\",\"contentUrl\":\"https:\\\/\\\/www.immobilierlocal.ch\\\/c\\\/wp-content\\\/uploads\\\/2023\\\/10\\\/estimation-immobiliere-a-st-blaise-scaled.jpg\",\"width\":2560,\"height\":817,\"caption\":\"Estimation immobili\u00e8re \u00e0 St Blaise\"},{\"@type\":\"BreadcrumbList\",\"@id\":\"https:\\\/\\\/www.immobilierlocal.ch\\\/c\\\/estimation-immobiliere-canton-neuchatel\\\/estimation-immobiliere-st-blaise\\\/#breadcrumb\",\"itemListElement\":[{\"@type\":\"ListItem\",\"position\":1,\"name\":\"Accueil\",\"item\":\"https:\\\/\\\/www.immobilierlocal.ch\\\/c\\\/\"},{\"@type\":\"ListItem\",\"position\":2,\"name\":\"Estimation immobili\u00e8re dans le canton de Neuch\u00e2tel\",\"item\":\"https:\\\/\\\/www.immobilierlocal.ch\\\/c\\\/estimation-immobiliere-canton-neuchatel\\\/\"},{\"@type\":\"ListItem\",\"position\":3,\"name\":\"Estimation immobili\u00e8re \u00e0 St-Blaise\"}]},{\"@type\":\"WebSite\",\"@id\":\"https:\\\/\\\/www.immobilierlocal.ch\\\/c\\\/#website\",\"url\":\"https:\\\/\\\/www.immobilierlocal.ch\\\/c\\\/\",\"name\":\"Immobilierlocal\",\"description\":\"\",\"publisher\":{\"@id\":\"https:\\\/\\\/www.immobilierlocal.ch\\\/c\\\/#organization\"},\"potentialAction\":[{\"@type\":\"SearchAction\",\"target\":{\"@type\":\"EntryPoint\",\"urlTemplate\":\"https:\\\/\\\/www.immobilierlocal.ch\\\/c\\\/?s={search_term_string}\"},\"query-input\":{\"@type\":\"PropertyValueSpecification\",\"valueRequired\":true,\"valueName\":\"search_term_string\"}}],\"inLanguage\":\"fr-FR\"},{\"@type\":\"Organization\",\"@id\":\"https:\\\/\\\/www.immobilierlocal.ch\\\/c\\\/#organization\",\"name\":\"Immobilierlocal\",\"url\":\"https:\\\/\\\/www.immobilierlocal.ch\\\/c\\\/\",\"logo\":{\"@type\":\"ImageObject\",\"inLanguage\":\"fr-FR\",\"@id\":\"https:\\\/\\\/www.immobilierlocal.ch\\\/c\\\/#\\\/schema\\\/logo\\\/image\\\/\",\"url\":\"https:\\\/\\\/www.immobilierlocal.ch\\\/c\\\/wp-content\\\/uploads\\\/2023\\\/10\\\/logo-immobilierlocal-h.svg\",\"contentUrl\":\"https:\\\/\\\/www.immobilierlocal.ch\\\/c\\\/wp-content\\\/uploads\\\/2023\\\/10\\\/logo-immobilierlocal-h.svg\",\"caption\":\"Immobilierlocal\"},\"image\":{\"@id\":\"https:\\\/\\\/www.immobilierlocal.ch\\\/c\\\/#\\\/schema\\\/logo\\\/image\\\/\"}}]}<\/script>\n<!-- \/ Yoast SEO Premium plugin. -->","yoast_head_json":{"title":"Estimation immobili\u00e8re \u00e0 St-Blaise avril 2026 gratuite & rapide - Immobilierlocal","description":"D\u00e9couvrez le Prix moyen au m\u00b2 \u00e0 St-Blaise en avril 2026 \u2705 Estimation gratuite de votre bien \u2705 Derni\u00e8res \u00e9volutions du march\u00e9.","robots":{"index":"index","follow":"follow","max-snippet":"max-snippet:-1","max-image-preview":"max-image-preview:large","max-video-preview":"max-video-preview:-1"},"canonical":"https:\/\/www.immobilierlocal.ch\/c\/estimation-immobiliere-canton-neuchatel\/estimation-immobiliere-st-blaise\/","og_locale":"fr_FR","og_type":"article","og_title":"Estimation immobili\u00e8re \u00e0 St-Blaise avril 2026 gratuite & rapide","og_description":"D\u00e9couvrez le Prix moyen au m\u00b2 \u00e0 St-Blaise en avril 2026 \u2705 Estimation gratuite de votre bien \u2705 Derni\u00e8res \u00e9volutions du march\u00e9.","og_url":"https:\/\/www.immobilierlocal.ch\/c\/estimation-immobiliere-canton-neuchatel\/estimation-immobiliere-st-blaise\/","og_site_name":"Immobilierlocal","article_modified_time":"2024-08-05T18:21:12+00:00","og_image":[{"width":2560,"height":817,"url":"https:\/\/www.immobilierlocal.ch\/c\/wp-content\/uploads\/2023\/10\/estimation-immobiliere-a-st-blaise-scaled.jpg","type":"image\/jpeg"}],"twitter_card":"summary_large_image","twitter_misc":{"Dur\u00e9e de lecture estim\u00e9e":"7 minutes"},"schema":{"@context":"https:\/\/schema.org","@graph":[{"@type":"WebPage","@id":"https:\/\/www.immobilierlocal.ch\/c\/estimation-immobiliere-canton-neuchatel\/estimation-immobiliere-st-blaise\/","url":"https:\/\/www.immobilierlocal.ch\/c\/estimation-immobiliere-canton-neuchatel\/estimation-immobiliere-st-blaise\/","name":"Estimation immobili\u00e8re \u00e0 St-Blaise - Immobilierlocal","isPartOf":{"@id":"https:\/\/www.immobilierlocal.ch\/c\/#website"},"primaryImageOfPage":{"@id":"https:\/\/www.immobilierlocal.ch\/c\/estimation-immobiliere-canton-neuchatel\/estimation-immobiliere-st-blaise\/#primaryimage"},"image":{"@id":"https:\/\/www.immobilierlocal.ch\/c\/estimation-immobiliere-canton-neuchatel\/estimation-immobiliere-st-blaise\/#primaryimage"},"thumbnailUrl":"https:\/\/www.immobilierlocal.ch\/c\/wp-content\/uploads\/2023\/10\/estimation-immobiliere-a-st-blaise-scaled.jpg","datePublished":"2023-10-19T08:33:45+00:00","dateModified":"2024-08-05T18:21:12+00:00","breadcrumb":{"@id":"https:\/\/www.immobilierlocal.ch\/c\/estimation-immobiliere-canton-neuchatel\/estimation-immobiliere-st-blaise\/#breadcrumb"},"inLanguage":"fr-FR","potentialAction":[{"@type":"ReadAction","target":["https:\/\/www.immobilierlocal.ch\/c\/estimation-immobiliere-canton-neuchatel\/estimation-immobiliere-st-blaise\/"]}]},{"@type":"ImageObject","inLanguage":"fr-FR","@id":"https:\/\/www.immobilierlocal.ch\/c\/estimation-immobiliere-canton-neuchatel\/estimation-immobiliere-st-blaise\/#primaryimage","url":"https:\/\/www.immobilierlocal.ch\/c\/wp-content\/uploads\/2023\/10\/estimation-immobiliere-a-st-blaise-scaled.jpg","contentUrl":"https:\/\/www.immobilierlocal.ch\/c\/wp-content\/uploads\/2023\/10\/estimation-immobiliere-a-st-blaise-scaled.jpg","width":2560,"height":817,"caption":"Estimation immobili\u00e8re \u00e0 St Blaise"},{"@type":"BreadcrumbList","@id":"https:\/\/www.immobilierlocal.ch\/c\/estimation-immobiliere-canton-neuchatel\/estimation-immobiliere-st-blaise\/#breadcrumb","itemListElement":[{"@type":"ListItem","position":1,"name":"Accueil","item":"https:\/\/www.immobilierlocal.ch\/c\/"},{"@type":"ListItem","position":2,"name":"Estimation immobili\u00e8re dans le canton de Neuch\u00e2tel","item":"https:\/\/www.immobilierlocal.ch\/c\/estimation-immobiliere-canton-neuchatel\/"},{"@type":"ListItem","position":3,"name":"Estimation immobili\u00e8re \u00e0 St-Blaise"}]},{"@type":"WebSite","@id":"https:\/\/www.immobilierlocal.ch\/c\/#website","url":"https:\/\/www.immobilierlocal.ch\/c\/","name":"Immobilierlocal","description":"","publisher":{"@id":"https:\/\/www.immobilierlocal.ch\/c\/#organization"},"potentialAction":[{"@type":"SearchAction","target":{"@type":"EntryPoint","urlTemplate":"https:\/\/www.immobilierlocal.ch\/c\/?s={search_term_string}"},"query-input":{"@type":"PropertyValueSpecification","valueRequired":true,"valueName":"search_term_string"}}],"inLanguage":"fr-FR"},{"@type":"Organization","@id":"https:\/\/www.immobilierlocal.ch\/c\/#organization","name":"Immobilierlocal","url":"https:\/\/www.immobilierlocal.ch\/c\/","logo":{"@type":"ImageObject","inLanguage":"fr-FR","@id":"https:\/\/www.immobilierlocal.ch\/c\/#\/schema\/logo\/image\/","url":"https:\/\/www.immobilierlocal.ch\/c\/wp-content\/uploads\/2023\/10\/logo-immobilierlocal-h.svg","contentUrl":"https:\/\/www.immobilierlocal.ch\/c\/wp-content\/uploads\/2023\/10\/logo-immobilierlocal-h.svg","caption":"Immobilierlocal"},"image":{"@id":"https:\/\/www.immobilierlocal.ch\/c\/#\/schema\/logo\/image\/"}}]}},"_links":{"self":[{"href":"https:\/\/www.immobilierlocal.ch\/c\/wp-json\/wp\/v2\/pages\/154","targetHints":{"allow":["GET"]}}],"collection":[{"href":"https:\/\/www.immobilierlocal.ch\/c\/wp-json\/wp\/v2\/pages"}],"about":[{"href":"https:\/\/www.immobilierlocal.ch\/c\/wp-json\/wp\/v2\/types\/page"}],"author":[{"embeddable":true,"href":"https:\/\/www.immobilierlocal.ch\/c\/wp-json\/wp\/v2\/users\/3"}],"replies":[{"embeddable":true,"href":"https:\/\/www.immobilierlocal.ch\/c\/wp-json\/wp\/v2\/comments?post=154"}],"version-history":[{"count":0,"href":"https:\/\/www.immobilierlocal.ch\/c\/wp-json\/wp\/v2\/pages\/154\/revisions"}],"up":[{"embeddable":true,"href":"https:\/\/www.immobilierlocal.ch\/c\/wp-json\/wp\/v2\/pages\/152"}],"wp:featuredmedia":[{"embeddable":true,"href":"https:\/\/www.immobilierlocal.ch\/c\/wp-json\/wp\/v2\/media\/449"}],"wp:attachment":[{"href":"https:\/\/www.immobilierlocal.ch\/c\/wp-json\/wp\/v2\/media?parent=154"}],"wp:term":[{"taxonomy":"category","embeddable":true,"href":"https:\/\/www.immobilierlocal.ch\/c\/wp-json\/wp\/v2\/categories?post=154"},{"taxonomy":"profession","embeddable":true,"href":"https:\/\/www.immobilierlocal.ch\/c\/wp-json\/wp\/v2\/profession?post=154"},{"taxonomy":"location","embeddable":true,"href":"https:\/\/www.immobilierlocal.ch\/c\/wp-json\/wp\/v2\/location?post=154"},{"taxonomy":"canton","embeddable":true,"href":"https:\/\/www.immobilierlocal.ch\/c\/wp-json\/wp\/v2\/canton?post=154"}],"curies":[{"name":"wp","href":"https:\/\/api.w.org\/{rel}","templated":true}]}}