
{"id":149,"date":"2023-10-19T10:33:45","date_gmt":"2023-10-19T08:33:45","guid":{"rendered":"https:\/\/immobilierlocal.ch\/c\/149-2\/"},"modified":"2024-08-05T20:28:55","modified_gmt":"2024-08-05T18:28:55","slug":"estimation-immobiliere-canton-vaud","status":"publish","type":"page","link":"https:\/\/www.immobilierlocal.ch\/c\/estimation-immobiliere-canton-vaud\/","title":{"rendered":"Estimation immobili\u00e8re dans le canton de Vaud"},"content":{"rendered":"<p>Utilisez Immobilierlocal pour profiter d&rsquo;une estimation rapide et pr\u00e9cise de la valeur de votre propri\u00e9t\u00e9 dans le canton de Vaud. Nous disposons \u00e9galement d&rsquo;agents immobiliers qui se rendent chez vous afin de vous donner une estimation plus pr\u00e9cise de votre bien. Mettre en vente son bien avec Immobilierlocal, c&rsquo;est l&rsquo;assurance de vendre son bien \u00e0 un tr\u00e8s bon prix et en toute simplicit\u00e9.<\/p>\n\n<h2>Derni\u00e8res estimations dans le canton de Vaud par secteur<\/h2>\n<div class=\"estimates-lastest\"><ul><li>Pour un appartement 4.5 pi\u00e8ces \u00e0 Apples, surface pond\u00e9r\u00e9e (m\u00b2) : 100, orientation Ouest, avec balcon, transports fr\u00e9quence limit\u00e9e, avec parking, commodit\u00e9s et \u00e9coles limit\u00e9es, situation ordinaire, CHF 6'999 \/ m\u00b2<\/li><li>Pour un appartement 4.5 pi\u00e8ces \u00e0 Avenches, surface pond\u00e9r\u00e9e (m\u00b2) : 115, orientation Ouest, sans balcon, transports fr\u00e9quence r\u00e9guli\u00e8re, avec parking, commodit\u00e9s et \u00e9coles nombreuses, situation ordinaire, CHF 6'186 \/ m\u00b2<\/li><li>Pour un appartement 5 pi\u00e8ces \u00e0 Moudon, surface pond\u00e9r\u00e9e (m\u00b2) : 95, orientation Ouest, avec balcon, transports fr\u00e9quence r\u00e9guli\u00e8re, avec parking, commodit\u00e9s et \u00e9coles nombreuses, situation ordinaire, CHF 5'756 \/ m\u00b2<\/li><\/ul><\/div>\n<h2>Evaluation des prix des maisons dans le canton de Vaud par nombre de pi\u00e8ces<\/h2>\n<div class=\"estimates-room\"><ul><li>Pour une maison 5.5 pi\u00e8ces \u00e0 F\u00e9tigny, volume (m\u00b3) : 1170 et terrain (m\u00b2) : 350, transports fr\u00e9quence limit\u00e9e, commodit\u00e9s et \u00e9coles limit\u00e9es, situation ordinaire, CHF 4'035 \/ m\u00b2<\/li><li>Pour une maison 6.5 pi\u00e8ces \u00e0 Villeneuve VD, volume (m\u00b3) : 720 et terrain (m\u00b2) : 650, transports fr\u00e9quence soutenue, commodit\u00e9s et \u00e9coles nombreuses, situation privil\u00e9gi\u00e9e, CHF 9'569 \/ m\u00b2<\/li><li>Pour une maison 5 pi\u00e8ces \u00e0 Estavayer-le-Lac, volume (m\u00b3) : 1057.5 et terrain (m\u00b2) : 1100, transports fr\u00e9quence limit\u00e9e, commodit\u00e9s et \u00e9coles limit\u00e9es, situation ordinaire, CHF 7'180 \/ m\u00b2<\/li><\/ul><\/div><div class=\"iframe-text\">Estimer maintenant votre bien immobilier<\/div><iframe id=\"estimer\" src=\"https:\/\/www.immobilierlocal.ch\/estimer?iframe=1\" frameborder=\"0\" loading=\"lazy\" width=\"100%\" height=\"1000\" style=\"overflow-x:hidden;\" referrerpolicy=\"no-referrer-when-downgrade\" title=\"Estimation immobili\u00e8re\"><\/iframe>\n<h2>Comment faire estimer la valeur d&rsquo;un bien immobilier dans le canton de Vaud ?<\/h2>\n<h3>1. Estimation gratuite de votre maison dans le canton de Vaud en ligne avec Immobilierlocal<\/h3>\n<p>Utilisez notre outil d&rsquo;estimation en ligne pour savoir la valeur de votre maison en quelques clics.<\/p>\n<p>Vous devez nous procurer votre adresse et les \u00e9l\u00e9ments de votre maison, comme :<\/p>\n<ul>\n<li>L&rsquo;environnement de la propri\u00e9t\u00e9 (acc\u00e8s aux services de transport, vis \u00e0 vis, commodit\u00e9s proches&#8230;).<\/li>\n<li>L\u2019orientation.<\/li>\n<li>Le nombre de pi\u00e8ces.<\/li>\n<li>La surface habitable ou le volume.<\/li>\n<li>La surface du terrain.<\/li>\n<li>L&rsquo;ann\u00e9e de construction de la maison.<\/li>\n<li>L\u2019\u00e9tat g\u00e9n\u00e9ral de votre maison.<\/li>\n<li>L\u2019ann\u00e9e et le co\u00fbt des derni\u00e8res r\u00e9novations, des plus-values et\/ou des am\u00e9nagements.<\/li>\n<\/ul>\n<h3>2. \u00c9valuation offerte de votre appartement dans le canton de Vaud en ligne avec Immobilierlocal<\/h3>\n<p>Profitez d&rsquo;une estimation rapide de votre logement dans le canton de Vaud en 5 clics.<\/p>\n<p>Afin d&rsquo;obtenir la meilleure estimation, vous devrez nous indiquer les \u00e9l\u00e9ments de votre logement, apr\u00e8s avoir ins\u00e9r\u00e9 votre adresse, comme :<\/p>\n<ul>\n<li>La situation (environnement, vue et transports).<\/li>\n<li>L&rsquo;exposition de l&rsquo;appartement.<\/li>\n<li>Le nombre de pi\u00e8ces.<\/li>\n<li>Les diff\u00e9rentes surfaces (habitable, garage, balcon&#8230;).<\/li>\n<li>Parking int\u00e9rieur et\/ou ext\u00e9rieur.<\/li>\n<li>L\u2019ann\u00e9e de construction.<\/li>\n<li>L\u2019\u00e9tat g\u00e9n\u00e9ral.<\/li>\n<li>Les diff\u00e9rentes r\u00e9novations effectu\u00e9es.<\/li>\n<li>Le montant du \u00abfonds de r\u00e9novation PPE\u00bb.<\/li>\n<\/ul>\n<h3>3. Faire estimer sa maison ou son appartement par un sp\u00e9cialiste dans le canton de Vaud<\/h3>\n<p>Nous poss\u00e9dons diff\u00e9rents agents immobiliers dans le canton de Vaud qui se rendent chez vous pour inspecter votre maison avant d&rsquo;\u00e9tablir une estimation de votre bien. Il \u00e9tudiera aussi certains documents comme les plans d&rsquo;architecte ou le registre foncier pour vous donner une \u00e9valuation la plus compl\u00e8te possible.<\/p>\n<p>Pour r\u00e9aliser notre \u00e9valuation, nous consid\u00e9rons aussi l&rsquo;\u00e9tat du march\u00e9 immobilier dans le canton de Vaud. Nous serons \u00e0 vos c\u00f4t\u00e9s afin de vous donner certains conseils afin de valoriser au maximum votre bien dans le canton de Vaud.<\/p>\n<p>Recevez d\u00e8s maintenant une \u00e9valuation r\u00e9elle et sans engagement de votre bien avec Immobilierlocal.<\/p>\n<h3>4. Comparer son bien avec les autres biens semblables dans le canton de Vaud, est-ce utile ?<\/h3>\n<p>Oui, il est recommand\u00e9 d&rsquo;inspecter les biens semblables, comparer votre bien avec les annonces immobili\u00e8res similaires dans le canton de Vaud vous apporte des donn\u00e9es sur la valorisation de votre maison ou appartement.<\/p>\n<h2>Comment vendre son bien immobilier au meilleur prix dans le canton de Vaud ?<\/h2>\n<p>Avec Immobilierlocal, vous confiez la vente de votre propri\u00e9t\u00e9 \u00e0 une \u00e9quipe d&rsquo;experts ! Vous avez la garantie d&rsquo;une vente rapide au meilleur prix.<\/p>\n<h3>1. Pourquoi contacter un sp\u00e9cialiste comme Immobilierlocal ?<\/h3>\n<p>Immobilierlocal permet de vous mettre en contact avec un sp\u00e9cialiste dans le canton de Vaud.<\/p>\n<h3>2. Profitez d&rsquo;une \u00e9valuation pr\u00e9cise et adapt\u00e9e au march\u00e9 immobilier actuel<\/h3>\n<p>Notre agence Immobilierlocal recense toutes les propri\u00e9t\u00e9s en vente dans le canton de Vaud ainsi que tous les biens qui ont r\u00e9cemment \u00e9t\u00e9 vendus. Cela nous permet d&rsquo;avoir une analyse tr\u00e8s fine du march\u00e9 immobilier, et de vous proposer le bon prix de vente.<\/p>\n<h3>3. Sublimer votre propri\u00e9t\u00e9 avec Immobilierlocal<\/h3>\n<p>Immobilierlocal et ses partenaires organisent des s\u00e9ances photo pour sublimer votre propri\u00e9t\u00e9.<\/p>\n<h3>4. Assurez-vous que votre annonce immobili\u00e8re soit visible sur internet<\/h3>\n<p>Afin que le plus d&rsquo;acheteurs potentiels puisse voir votre propri\u00e9t\u00e9, nous diffusons votre annonce sur l&rsquo;ensemble de nos sites internet ainsi que ceux de nos collaborateurs.<\/p>\n<h3>5. Choisissez l&rsquo;offre la plus int\u00e9ressante<\/h3>\n<p>Nous trions la totalit\u00e9 des offres que nous recevons dans le but de vous pr\u00e9senter uniquement celles qui pourraient vous int\u00e9resser.<\/p>\n<h3>6. N\u00e9gociez le meilleur prix<\/h3>\n<p>Afin d&rsquo;\u00eatre dans un rapport de force au moment de n\u00e9gocier le prix avec un possible acheteur, notre sp\u00e9cialiste aura besoin de pr\u00e9senter les forces de votre bien. Pour cela, il aura besoin des informations suivantes :<\/p>\n<ul>\n<li>Les r\u00e9novations effectu\u00e9es et les factures associ\u00e9es,<\/li>\n<li>les plans architecturaux,<\/li>\n<li>la liste des avantages environnementaux (commerces, \u00e9coles de proximit\u00e9&#8230;),<\/li>\n<li>Le d\u00e9veloppement \u00e9conomique r\u00e9gional.<\/li>\n<\/ul>\n<h2>Quelles sont les tendances du march\u00e9 immobilier dans le canton de Vaud ?<\/h2>\n<h3>\u00c9valuation du prix des maisons dans le canton de Vaud<\/h3>\n<p class=\"estimates-house-range\">Les prix des maisons dans le canton de Vaud varient de CHF 1'049'158 \u00e0 CHF 1'687'404 en moyenne.<\/p>\n<h3>\u00c9valuation de la valeur des appartements dans le canton de Vaud<\/h3>\n<p class=\"estimates-house-range\">Les prix des appartements dans le canton de Vaud varient de CHF 574'464 \u00e0 CHF 717'390 en moyenne.<\/p>\n<h3>\u00c9valuation du prix des terrains dans le canton de Vaud<\/h3>\n<p class=\"estimates-land\">Les prix moyens des terrains dans le canton de Vaud sont de CHF 807 \/ m\u00b2 (prix par m\u00e8tre carr\u00e9).<\/p>\n<h2>Questions fr\u00e9quentes sur l&rsquo;estimation immobili\u00e8re<\/h2>\n<h3>Combien co\u00fbte une \u00e9valuation immobili\u00e8re dans le canton de Vaud ?<\/h3>\n<p>Le co\u00fbt d&rsquo;une estimation immobili\u00e8re dans le canton de Vaud \u00e9volue selon la nature du bien. Que vous vendiez un logement de luxe ou une maison plus classique, les frais peuvent osciller entre CHF 150 \u00e0 CHF 1&rsquo;500.<\/p>\n<p>En revanche, avec notre outil d&rsquo;estimation en ligne de notre soci\u00e9t\u00e9 Immobilierlocal, vous n&rsquo;aurez rien \u00e0 d\u00e9bourser ! Notre outil a \u00e9t\u00e9 confectionn\u00e9 durant plusieurs ann\u00e9es pour qu&rsquo;il soit le plus fiable et pr\u00e9cis possible. Il prend en compte la situation immobili\u00e8re actuelle et des sp\u00e9cificit\u00e9s de votre propri\u00e9t\u00e9.<\/p>\n<h3>Qui peut estimer une propri\u00e9taire immobili\u00e8re dans le canton de Vaud ?<\/h3>\n<p>Si vous souhaitez obtenir une \u00e9valuation plus pr\u00e9cise, il sera n\u00e9cessaire de faire appel \u00e0 un sp\u00e9cialiste qui se rend \u00e0 votre domicile pour examiner votre bien. Cette personne peut \u00eatre un agent immobilier, un architecte ou vous pouvez \u00e9galement en discuter avec votre banque.<\/p>\n<h3>Comment un agent immobilier estime une propri\u00e9t\u00e9 dans le canton de Vaud ?<\/h3>\n<ol>\n<li>Premi\u00e8rement : l&rsquo;expert se rend sur place pour proc\u00e9der \u00e0 une inspection approfondie de votre bien immobilier.<\/li>\n<li>Ensuite : il regarde les dossiers en lien avec l&rsquo;achat et l&rsquo;entretien de votre bien.<\/li>\n<li>Il effectue une analyse compl\u00e8te de la situation immobili\u00e8re en confrontant votre propri\u00e9t\u00e9 aux propri\u00e9t\u00e9s actuellement en vente et en examinant les prix des ventes pass\u00e9es dans le canton de Vaud.<\/li>\n<li>Derni\u00e8rement, il vous remettra un bilan d\u00e9taill\u00e9 et une estimation fiable du prix de vente de votre bien.<\/li>\n<\/ol>\n<h3>Comment profiter d&rsquo;une \u00e9valuation de propri\u00e9t\u00e9 gratuitement dans le canton de Vaud<\/h3>\n<p>Utilisez l&rsquo;outil d&rsquo;estimation totalement gratuit de notre entreprise Immobilierlocal ! Vous pouvez \u00e9galement contacter nos sp\u00e9cialistes de l&rsquo;immobilier pour une \u00e9valuation.<\/p>\n<h3>Quels facteurs influencent la valeur de mon bien dans le canton de Vaud ?<\/h3>\n<p>La valeur de vente d&rsquo;un bien immobilier r\u00e9sulte logiquement de multiples crit\u00e8res, qui peuvent \u00e9voluer selon les p\u00e9riodes. Voici une liste des principaux crit\u00e8res pouvant faire \u00e9voluer le march\u00e9 immobilier dans le canton de Vaud :<\/p>\n<ul>\n<li>L&rsquo;activit\u00e9 touristique,<\/li>\n<li>l&rsquo;activit\u00e9 \u00e9conomique de la ville,<\/li>\n<li>Le nombre d&rsquo;offres et de demandes,<\/li>\n<li>la pr\u00e9sence de commodit\u00e9s (commerces, \u00e9coles, pharmacies&#8230;).<\/li>\n<\/ul>\n<h3>Comment accro\u00eetre la valeur de ma maison et de mon appartement ?<\/h3>\n<p>Pour faire \u00e9voluer le prix de vente de votre bien immobilier, voici plusieurs conseils \u00e0 ne pas n\u00e9gliger :<\/p>\n<ul>\n<li>Assurez-vous que votre bien soit impeccable.<\/li>\n<li>Assurez-vous de ranger l&rsquo;ensemble de vos pi\u00e8ces et organisez l&rsquo;espace pour permettre aux acheteurs de pouvoir se projeter.<\/li>\n<li>Assurez-vous de mettre en avant les atouts de votre propri\u00e9t\u00e9.<\/li>\n<li>Assurez-vous de mettre en avant le terrain si vous avez une maison.<\/li>\n<\/ul>\n<h3>De quelle fa\u00e7on agir face \u00e0 un potentiel acqu\u00e9reur ?<\/h3>\n<ul>\n<li>Mentionnez les forces de votre propri\u00e9t\u00e9.<\/li>\n<li>R\u00e9pondez \u00e0 ses interrogations clairement et honn\u00eatement.<\/li>\n<li>Soyez \u00e0 l&rsquo;\u00e9coute de l&rsquo;acqu\u00e9reur et ne cherchez pas \u00e0 le contredire.<\/li>\n<\/ul>\n<h3>Quels sont les documents \u00e0 poss\u00e9der afin d&rsquo;\u00e9valuer mon bien immobilier ?<\/h3>\n<ul>\n<li>Police assurance incendie compl\u00e8te<\/li>\n<li>Plan de niveau (si disponible)<\/li>\n<li>Travaux, factures (si disponible)<\/li>\n<li>Registre foncier (si disponible)<\/li>\n<li>Plan cadastral (si disponible)<\/li>\n<li>Descriptif de construction (si disponible)<\/li>\n<li>\u00c9ventuellement : plan d\u2019affectation et le r\u00e8glement de construction<\/li>\n<\/ul>\n<p>Pour les objets en PPE :<\/p>\n<ul>\n<li>Police assurance incendie compl\u00e8te de l\u2019immeuble (\u00e0 demander \u00e0 l\u2019administrateur)<\/li>\n<li>R\u00e8glement PPE<\/li>\n<li>Comptes PPE (3 derni\u00e8res ann\u00e9es)<\/li>\n<\/ul>\n","protected":false},"excerpt":{"rendered":"<p>Utilisez Immobilierlocal pour profiter d&rsquo;une estimation rapide et pr\u00e9cise de la valeur de votre propri\u00e9t\u00e9 dans le canton de Vaud. Nous disposons \u00e9galement d&rsquo;agents immobiliers qui se rendent chez vous afin de vous donner une estimation plus pr\u00e9cise de votre bien. Mettre en vente son bien avec Immobilierlocal, c&rsquo;est l&rsquo;assurance de vendre son bien \u00e0 [&hellip;]<\/p>\n","protected":false},"author":3,"featured_media":444,"parent":0,"menu_order":0,"comment_status":"closed","ping_status":"closed","template":"","meta":{"footnotes":""},"categories":[6],"profession":[],"location":[],"canton":[79],"class_list":["post-149","page","type-page","status-publish","has-post-thumbnail","hentry","category-estimation"],"yoast_head":"<!-- This site is optimized with the Yoast SEO Premium plugin v23.0 (Yoast SEO v27.3) - https:\/\/yoast.com\/product\/yoast-seo-premium-wordpress\/ -->\n<title>Estimation immobili\u00e8re dans le canton de Vaud avril 2026 gratuite &amp; rapide - Immobilierlocal<\/title>\n<meta name=\"description\" content=\"D\u00e9couvrez le Prix moyen au m\u00b2 dans le canton de Vaud en avril 2026 \u2705 Estimation gratuite de votre bien \u2705 Derni\u00e8res \u00e9volutions du march\u00e9.\" \/>\n<meta name=\"robots\" content=\"index, follow, max-snippet:-1, max-image-preview:large, max-video-preview:-1\" \/>\n<link rel=\"canonical\" href=\"https:\/\/www.immobilierlocal.ch\/c\/estimation-immobiliere-canton-vaud\/\" \/>\n<meta property=\"og:locale\" content=\"fr_FR\" \/>\n<meta property=\"og:type\" content=\"article\" \/>\n<meta property=\"og:title\" content=\"Estimation immobili\u00e8re dans le canton de Vaud avril 2026 gratuite &amp; rapide\" \/>\n<meta property=\"og:description\" content=\"D\u00e9couvrez le Prix moyen au m\u00b2 dans le canton de Vaud en avril 2026 \u2705 Estimation gratuite de votre bien \u2705 Derni\u00e8res \u00e9volutions du march\u00e9.\" \/>\n<meta property=\"og:url\" content=\"https:\/\/www.immobilierlocal.ch\/c\/estimation-immobiliere-canton-vaud\/\" \/>\n<meta property=\"og:site_name\" content=\"Immobilierlocal\" \/>\n<meta property=\"article:modified_time\" content=\"2024-08-05T18:28:55+00:00\" \/>\n<meta property=\"og:image\" content=\"https:\/\/www.immobilierlocal.ch\/c\/wp-content\/uploads\/2023\/10\/estimation-immobiliere-a-geneve-rive-gauche-scaled.jpg\" \/>\n\t<meta property=\"og:image:width\" content=\"2560\" \/>\n\t<meta property=\"og:image:height\" content=\"817\" \/>\n\t<meta property=\"og:image:type\" content=\"image\/jpeg\" \/>\n<meta name=\"twitter:card\" content=\"summary_large_image\" \/>\n<meta name=\"twitter:label1\" content=\"Dur\u00e9e de lecture estim\u00e9e\" \/>\n\t<meta name=\"twitter:data1\" content=\"7 minutes\" \/>\n<script type=\"application\/ld+json\" class=\"yoast-schema-graph\">{\"@context\":\"https:\\\/\\\/schema.org\",\"@graph\":[{\"@type\":\"WebPage\",\"@id\":\"https:\\\/\\\/www.immobilierlocal.ch\\\/c\\\/estimation-immobiliere-canton-vaud\\\/\",\"url\":\"https:\\\/\\\/www.immobilierlocal.ch\\\/c\\\/estimation-immobiliere-canton-vaud\\\/\",\"name\":\"Estimation immobili\u00e8re dans le canton de Vaud - Immobilierlocal\",\"isPartOf\":{\"@id\":\"https:\\\/\\\/www.immobilierlocal.ch\\\/c\\\/#website\"},\"primaryImageOfPage\":{\"@id\":\"https:\\\/\\\/www.immobilierlocal.ch\\\/c\\\/estimation-immobiliere-canton-vaud\\\/#primaryimage\"},\"image\":{\"@id\":\"https:\\\/\\\/www.immobilierlocal.ch\\\/c\\\/estimation-immobiliere-canton-vaud\\\/#primaryimage\"},\"thumbnailUrl\":\"https:\\\/\\\/www.immobilierlocal.ch\\\/c\\\/wp-content\\\/uploads\\\/2023\\\/10\\\/estimation-immobiliere-a-geneve-rive-gauche-scaled.jpg\",\"datePublished\":\"2023-10-19T08:33:45+00:00\",\"dateModified\":\"2024-08-05T18:28:55+00:00\",\"breadcrumb\":{\"@id\":\"https:\\\/\\\/www.immobilierlocal.ch\\\/c\\\/estimation-immobiliere-canton-vaud\\\/#breadcrumb\"},\"inLanguage\":\"fr-FR\",\"potentialAction\":[{\"@type\":\"ReadAction\",\"target\":[\"https:\\\/\\\/www.immobilierlocal.ch\\\/c\\\/estimation-immobiliere-canton-vaud\\\/\"]}]},{\"@type\":\"ImageObject\",\"inLanguage\":\"fr-FR\",\"@id\":\"https:\\\/\\\/www.immobilierlocal.ch\\\/c\\\/estimation-immobiliere-canton-vaud\\\/#primaryimage\",\"url\":\"https:\\\/\\\/www.immobilierlocal.ch\\\/c\\\/wp-content\\\/uploads\\\/2023\\\/10\\\/estimation-immobiliere-a-geneve-rive-gauche-scaled.jpg\",\"contentUrl\":\"https:\\\/\\\/www.immobilierlocal.ch\\\/c\\\/wp-content\\\/uploads\\\/2023\\\/10\\\/estimation-immobiliere-a-geneve-rive-gauche-scaled.jpg\",\"width\":2560,\"height\":817,\"caption\":\"Estimation immobili\u00e8re \u00e0 Gen\u00e8ve Rive Gauche\"},{\"@type\":\"BreadcrumbList\",\"@id\":\"https:\\\/\\\/www.immobilierlocal.ch\\\/c\\\/estimation-immobiliere-canton-vaud\\\/#breadcrumb\",\"itemListElement\":[{\"@type\":\"ListItem\",\"position\":1,\"name\":\"Accueil\",\"item\":\"https:\\\/\\\/www.immobilierlocal.ch\\\/c\\\/\"},{\"@type\":\"ListItem\",\"position\":2,\"name\":\"Estimation immobili\u00e8re dans le canton de Vaud\"}]},{\"@type\":\"WebSite\",\"@id\":\"https:\\\/\\\/www.immobilierlocal.ch\\\/c\\\/#website\",\"url\":\"https:\\\/\\\/www.immobilierlocal.ch\\\/c\\\/\",\"name\":\"Immobilierlocal\",\"description\":\"\",\"publisher\":{\"@id\":\"https:\\\/\\\/www.immobilierlocal.ch\\\/c\\\/#organization\"},\"potentialAction\":[{\"@type\":\"SearchAction\",\"target\":{\"@type\":\"EntryPoint\",\"urlTemplate\":\"https:\\\/\\\/www.immobilierlocal.ch\\\/c\\\/?s={search_term_string}\"},\"query-input\":{\"@type\":\"PropertyValueSpecification\",\"valueRequired\":true,\"valueName\":\"search_term_string\"}}],\"inLanguage\":\"fr-FR\"},{\"@type\":\"Organization\",\"@id\":\"https:\\\/\\\/www.immobilierlocal.ch\\\/c\\\/#organization\",\"name\":\"Immobilierlocal\",\"url\":\"https:\\\/\\\/www.immobilierlocal.ch\\\/c\\\/\",\"logo\":{\"@type\":\"ImageObject\",\"inLanguage\":\"fr-FR\",\"@id\":\"https:\\\/\\\/www.immobilierlocal.ch\\\/c\\\/#\\\/schema\\\/logo\\\/image\\\/\",\"url\":\"https:\\\/\\\/www.immobilierlocal.ch\\\/c\\\/wp-content\\\/uploads\\\/2023\\\/10\\\/logo-immobilierlocal-h.svg\",\"contentUrl\":\"https:\\\/\\\/www.immobilierlocal.ch\\\/c\\\/wp-content\\\/uploads\\\/2023\\\/10\\\/logo-immobilierlocal-h.svg\",\"caption\":\"Immobilierlocal\"},\"image\":{\"@id\":\"https:\\\/\\\/www.immobilierlocal.ch\\\/c\\\/#\\\/schema\\\/logo\\\/image\\\/\"}}]}<\/script>\n<!-- \/ Yoast SEO Premium plugin. -->","yoast_head_json":{"title":"Estimation immobili\u00e8re dans le canton de Vaud avril 2026 gratuite & rapide - Immobilierlocal","description":"D\u00e9couvrez le Prix moyen au m\u00b2 dans le canton de Vaud en avril 2026 \u2705 Estimation gratuite de votre bien \u2705 Derni\u00e8res \u00e9volutions du march\u00e9.","robots":{"index":"index","follow":"follow","max-snippet":"max-snippet:-1","max-image-preview":"max-image-preview:large","max-video-preview":"max-video-preview:-1"},"canonical":"https:\/\/www.immobilierlocal.ch\/c\/estimation-immobiliere-canton-vaud\/","og_locale":"fr_FR","og_type":"article","og_title":"Estimation immobili\u00e8re dans le canton de Vaud avril 2026 gratuite & rapide","og_description":"D\u00e9couvrez le Prix moyen au m\u00b2 dans le canton de Vaud en avril 2026 \u2705 Estimation gratuite de votre bien \u2705 Derni\u00e8res \u00e9volutions du march\u00e9.","og_url":"https:\/\/www.immobilierlocal.ch\/c\/estimation-immobiliere-canton-vaud\/","og_site_name":"Immobilierlocal","article_modified_time":"2024-08-05T18:28:55+00:00","og_image":[{"width":2560,"height":817,"url":"https:\/\/www.immobilierlocal.ch\/c\/wp-content\/uploads\/2023\/10\/estimation-immobiliere-a-geneve-rive-gauche-scaled.jpg","type":"image\/jpeg"}],"twitter_card":"summary_large_image","twitter_misc":{"Dur\u00e9e de lecture estim\u00e9e":"7 minutes"},"schema":{"@context":"https:\/\/schema.org","@graph":[{"@type":"WebPage","@id":"https:\/\/www.immobilierlocal.ch\/c\/estimation-immobiliere-canton-vaud\/","url":"https:\/\/www.immobilierlocal.ch\/c\/estimation-immobiliere-canton-vaud\/","name":"Estimation immobili\u00e8re dans le canton de Vaud - Immobilierlocal","isPartOf":{"@id":"https:\/\/www.immobilierlocal.ch\/c\/#website"},"primaryImageOfPage":{"@id":"https:\/\/www.immobilierlocal.ch\/c\/estimation-immobiliere-canton-vaud\/#primaryimage"},"image":{"@id":"https:\/\/www.immobilierlocal.ch\/c\/estimation-immobiliere-canton-vaud\/#primaryimage"},"thumbnailUrl":"https:\/\/www.immobilierlocal.ch\/c\/wp-content\/uploads\/2023\/10\/estimation-immobiliere-a-geneve-rive-gauche-scaled.jpg","datePublished":"2023-10-19T08:33:45+00:00","dateModified":"2024-08-05T18:28:55+00:00","breadcrumb":{"@id":"https:\/\/www.immobilierlocal.ch\/c\/estimation-immobiliere-canton-vaud\/#breadcrumb"},"inLanguage":"fr-FR","potentialAction":[{"@type":"ReadAction","target":["https:\/\/www.immobilierlocal.ch\/c\/estimation-immobiliere-canton-vaud\/"]}]},{"@type":"ImageObject","inLanguage":"fr-FR","@id":"https:\/\/www.immobilierlocal.ch\/c\/estimation-immobiliere-canton-vaud\/#primaryimage","url":"https:\/\/www.immobilierlocal.ch\/c\/wp-content\/uploads\/2023\/10\/estimation-immobiliere-a-geneve-rive-gauche-scaled.jpg","contentUrl":"https:\/\/www.immobilierlocal.ch\/c\/wp-content\/uploads\/2023\/10\/estimation-immobiliere-a-geneve-rive-gauche-scaled.jpg","width":2560,"height":817,"caption":"Estimation immobili\u00e8re \u00e0 Gen\u00e8ve Rive Gauche"},{"@type":"BreadcrumbList","@id":"https:\/\/www.immobilierlocal.ch\/c\/estimation-immobiliere-canton-vaud\/#breadcrumb","itemListElement":[{"@type":"ListItem","position":1,"name":"Accueil","item":"https:\/\/www.immobilierlocal.ch\/c\/"},{"@type":"ListItem","position":2,"name":"Estimation immobili\u00e8re dans le canton de Vaud"}]},{"@type":"WebSite","@id":"https:\/\/www.immobilierlocal.ch\/c\/#website","url":"https:\/\/www.immobilierlocal.ch\/c\/","name":"Immobilierlocal","description":"","publisher":{"@id":"https:\/\/www.immobilierlocal.ch\/c\/#organization"},"potentialAction":[{"@type":"SearchAction","target":{"@type":"EntryPoint","urlTemplate":"https:\/\/www.immobilierlocal.ch\/c\/?s={search_term_string}"},"query-input":{"@type":"PropertyValueSpecification","valueRequired":true,"valueName":"search_term_string"}}],"inLanguage":"fr-FR"},{"@type":"Organization","@id":"https:\/\/www.immobilierlocal.ch\/c\/#organization","name":"Immobilierlocal","url":"https:\/\/www.immobilierlocal.ch\/c\/","logo":{"@type":"ImageObject","inLanguage":"fr-FR","@id":"https:\/\/www.immobilierlocal.ch\/c\/#\/schema\/logo\/image\/","url":"https:\/\/www.immobilierlocal.ch\/c\/wp-content\/uploads\/2023\/10\/logo-immobilierlocal-h.svg","contentUrl":"https:\/\/www.immobilierlocal.ch\/c\/wp-content\/uploads\/2023\/10\/logo-immobilierlocal-h.svg","caption":"Immobilierlocal"},"image":{"@id":"https:\/\/www.immobilierlocal.ch\/c\/#\/schema\/logo\/image\/"}}]}},"_links":{"self":[{"href":"https:\/\/www.immobilierlocal.ch\/c\/wp-json\/wp\/v2\/pages\/149","targetHints":{"allow":["GET"]}}],"collection":[{"href":"https:\/\/www.immobilierlocal.ch\/c\/wp-json\/wp\/v2\/pages"}],"about":[{"href":"https:\/\/www.immobilierlocal.ch\/c\/wp-json\/wp\/v2\/types\/page"}],"author":[{"embeddable":true,"href":"https:\/\/www.immobilierlocal.ch\/c\/wp-json\/wp\/v2\/users\/3"}],"replies":[{"embeddable":true,"href":"https:\/\/www.immobilierlocal.ch\/c\/wp-json\/wp\/v2\/comments?post=149"}],"version-history":[{"count":0,"href":"https:\/\/www.immobilierlocal.ch\/c\/wp-json\/wp\/v2\/pages\/149\/revisions"}],"wp:featuredmedia":[{"embeddable":true,"href":"https:\/\/www.immobilierlocal.ch\/c\/wp-json\/wp\/v2\/media\/444"}],"wp:attachment":[{"href":"https:\/\/www.immobilierlocal.ch\/c\/wp-json\/wp\/v2\/media?parent=149"}],"wp:term":[{"taxonomy":"category","embeddable":true,"href":"https:\/\/www.immobilierlocal.ch\/c\/wp-json\/wp\/v2\/categories?post=149"},{"taxonomy":"profession","embeddable":true,"href":"https:\/\/www.immobilierlocal.ch\/c\/wp-json\/wp\/v2\/profession?post=149"},{"taxonomy":"location","embeddable":true,"href":"https:\/\/www.immobilierlocal.ch\/c\/wp-json\/wp\/v2\/location?post=149"},{"taxonomy":"canton","embeddable":true,"href":"https:\/\/www.immobilierlocal.ch\/c\/wp-json\/wp\/v2\/canton?post=149"}],"curies":[{"name":"wp","href":"https:\/\/api.w.org\/{rel}","templated":true}]}}