
{"id":146,"date":"2023-10-19T10:33:45","date_gmt":"2023-10-19T08:33:45","guid":{"rendered":"https:\/\/immobilierlocal.ch\/c\/146-2\/"},"modified":"2026-02-09T18:09:04","modified_gmt":"2026-02-09T17:09:04","slug":"estimation-immobiliere-bienne","status":"publish","type":"page","link":"https:\/\/www.immobilierlocal.ch\/c\/estimation-immobiliere-bienne\/","title":{"rendered":"Estimation immobili\u00e8re \u00e0 Biel\/Bienne"},"content":{"rendered":"<p>\u00c9valuez simplement la valeur de votre bien immobilier \u00e0 Biel\/Bienne avec Immobilierlocal. Nous avons \u00e9galement \u00e0 disposition des agents immobiliers qui se rendent chez vous afin de vous donner une estimation plus d\u00e9taill\u00e9e de votre bien. Mettre en vente son bien avec Immobilierlocal, c&rsquo;est l&rsquo;assurance de vendre son bien \u00e0 un tr\u00e8s bon prix et en toute tranquillit\u00e9.<\/p>\n\n<h2>Derni\u00e8res estimations \u00e0 Biel\/Bienne par secteur<\/h2>\n<div class=\"estimates-lastest\"><ul><li>Pour un appartement 5 pi\u00e8ces \u00e0 Biel\/Bienne, surface pond\u00e9r\u00e9e (m\u00b2) : 115, orientation Ouest, avec balcon, transports fr\u00e9quence soutenue, avec parking, commodit\u00e9s et \u00e9coles nombreuses, situation ordinaire, CHF 6'380 \/ m\u00b2<\/li><li>Pour un appartement 6 pi\u00e8ces \u00e0 Biel\/Bienne, surface pond\u00e9r\u00e9e (m\u00b2) : 110, orientation Sud-Est\/Ouest, avec balcon, transports fr\u00e9quence soutenue, avec parking, commodit\u00e9s et \u00e9coles nombreuses, situation ordinaire, CHF 6'882 \/ m\u00b2<\/li><li>Pour un appartement 5 pi\u00e8ces \u00e0 Biel\/Bienne, surface pond\u00e9r\u00e9e (m\u00b2) : 115, orientation Ouest, avec balcon, transports fr\u00e9quence soutenue, avec parking, commodit\u00e9s et \u00e9coles nombreuses, situation ordinaire, CHF 7'163 \/ m\u00b2<\/li><\/ul><\/div>\n<h2>Estimation de la valeur des maisons \u00e0 Biel\/Bienne selon le nombre de pi\u00e8ces<\/h2>\n<div class=\"estimates-room\"><ul><li>Pour une maison 4.5 pi\u00e8ces \u00e0 Biel\/Bienne, volume (m\u00b3) : 1057.5 et terrain (m\u00b2) : 500, transports fr\u00e9quence soutenue, commodit\u00e9s et \u00e9coles nombreuses, situation ordinaire, CHF 5'758 \/ m\u00b2<\/li><li>Pour une maison 4.5 pi\u00e8ces \u00e0 Biel\/Bienne, volume (m\u00b3) : 1057.5 et terrain (m\u00b2) : 800, transports fr\u00e9quence soutenue, commodit\u00e9s et \u00e9coles nombreuses, situation ordinaire, CHF 6'239 \/ m\u00b2<\/li><li>Pour une maison 5.5 pi\u00e8ces \u00e0 Biel\/Bienne, volume (m\u00b3) : 1057.5 et terrain (m\u00b2) : 1100, transports fr\u00e9quence soutenue, commodit\u00e9s et \u00e9coles nombreuses, situation ordinaire, CHF 7'172 \/ m\u00b2<\/li><\/ul><\/div><div class=\"iframe-text\">Estimer maintenant votre bien immobilier<\/div><iframe id=\"estimer\" src=\"https:\/\/www.immobilierlocal.ch\/estimer?iframe=1\" frameborder=\"0\" loading=\"lazy\" width=\"100%\" height=\"1000\" style=\"overflow-x:hidden;\" referrerpolicy=\"no-referrer-when-downgrade\" title=\"Estimation immobili\u00e8re\"><\/iframe>\n<h2>Comment savoir la valeur de son bien immobilier \u00e0 Biel\/Bienne ?<\/h2>\n<h3>1. Estimation gratuite de votre maison \u00e0 Biel\/Bienne en ligne avec Immobilierlocal<\/h3>\n<p>Gagnez du temps et effectuez une estimation du prix de vente de votre propri\u00e9t\u00e9 immobili\u00e8re avec notre outil d&rsquo;estimation.<\/p>\n<p>Pour une \u00e9valuation conforme, nous devrons aussi conna\u00eetre les d\u00e9tails suivants :<\/p>\n<ul>\n<li>La situation (environnement, vue et transports).<\/li>\n<li>L&rsquo;exposition de la maison.<\/li>\n<li>Le nombre de pi\u00e8ces.<\/li>\n<li>La surface habitable ou le volume.<\/li>\n<li>Les dimensions du terrain.<\/li>\n<li>L&rsquo;ann\u00e9e de construction de la maison.<\/li>\n<li>L&rsquo;\u00e9tat global de votre maison.<\/li>\n<li>Les travaux effectu\u00e9s dans votre maison et leur ann\u00e9e.<\/li>\n<\/ul>\n<h3>2. Estimation gratuite de votre appartement \u00e0 Biel\/Bienne sur internet avec Immobilierlocal<\/h3>\n<p>Obtenez la valeur immobili\u00e8re de votre appartement en 3 minutes avec notre instrument d&rsquo;\u00e9valuation en ligne gratuit. Obtenez une \u00e9valuation rapide de votre appartement \u00e0 Biel\/Bienne en 5 clics.<\/p>\n<p>Afin de recevoir une \u00e9valuation pr\u00e9cise, vous devrez fournir les caract\u00e9ristiques de votre appartement, apr\u00e8s avoir indiqu\u00e9 votre adresse, comme :<\/p>\n<ul>\n<li>La situation (environnement, vue et transports).<\/li>\n<li>L&rsquo;exposition de l&rsquo;appartement.<\/li>\n<li>Le nombre de pi\u00e8ces.<\/li>\n<li>Les surfaces (habitable, balcon et cave).<\/li>\n<li>La pr\u00e9sence d&rsquo;un ou plusieurs parkings.<\/li>\n<li>L&rsquo;ann\u00e9e de construction.<\/li>\n<li>L\u2019\u00e9tat g\u00e9n\u00e9ral.<\/li>\n<li>L\u2019ann\u00e9e et le co\u00fbt des derni\u00e8res r\u00e9novations.<\/li>\n<li>Le montant du \u00abfonds de r\u00e9novation PPE\u00bb.<\/li>\n<\/ul>\n<h3>3. Faire estimer sa maison ou son appartement par un agent immobilier \u00e0 Biel\/Bienne<\/h3>\n<p>Nous avons diff\u00e9rents agents immobiliers \u00e0 Biel\/Bienne qui se d\u00e9placent \u00e0 votre domicile pour examiner votre maison avant d&rsquo;\u00e9tablir une estimation de votre bien. Il examinera \u00e9galement certains documents tels que les plans cadastraux ou le registre foncier pour vous donner une \u00e9valuation la plus pr\u00e9cise possible.<\/p>\n<p>L&rsquo;\u00e9valuation tient aussi compte de la situation du march\u00e9 immobilier de Biel\/Bienne afin de vous fournir la valeur de votre propri\u00e9t\u00e9. Une fois l\u2019expertise termin\u00e9e, des astuces vous seront donn\u00e9es pour augmenter la valeur de votre bien immobilier.<\/p>\n<p>Faites confiance \u00e0 Immobilierlocal et obtenez d\u00e8s \u00e0 pr\u00e9sent une appr\u00e9ciation de la valeur de votre bien.<\/p>\n<h3>4. Est-il int\u00e9ressant de comparer son bien avec les biens semblables en vente \u00e0 Biel\/Bienne ?<\/h3>\n<p>Il est toujours int\u00e9ressant de regarder les autres biens en vente \u00e0 Biel\/Bienne. Cela permet d&rsquo;avoir une id\u00e9e de combien pourrait vous rapporter votre propri\u00e9t\u00e9. Il faudra bien s\u00fbr consid\u00e9rer les particularit\u00e9s de votre bien pour une estimation plus pr\u00e9cise (travaux, exposition&#8230;).<\/p>\n<h2>Comment vendre son bien immobilier au meilleur prix \u00e0 Biel\/Bienne ?<\/h2>\n<p>Pour vendre rapidement votre bien immobilier, faites confiance \u00e0 Immobilierlocal !<\/p>\n<h3>1. Pourquoi faire appel \u00e0 un expert comme Immobilierlocal ?<\/h3>\n<p>Immobilierlocal vous met en relation avec un expert qui s&rsquo;occupe de la ville de Biel\/Bienne.<\/p>\n<h3>2. Profitez d&rsquo;une estimation pr\u00e9cise et adapt\u00e9e au march\u00e9 immobilier actuel<\/h3>\n<p>Immobilierlocal et ses partenaires analysent les prix des biens similaires pr\u00e9sents actuellement sur le march\u00e9 ainsi que ceux qui ont \u00e9t\u00e9 r\u00e9cemment vendus, afin de vous soumettre le prix de vente le plus \u00e9lev\u00e9 possible tout en restant concurrentiels.<\/p>\n<h3>3. Mettez en valeur votre propri\u00e9t\u00e9<\/h3>\n<p>Pour mettre en valeur votre bien, nous effectuons des s\u00e9ances photo avec des professionnels de votre appartement ou de votre maison \u00e0 Biel\/Bienne.<\/p>\n<h3>4. Augmenter la visibilit\u00e9 de votre maison ou appartement et le nombre de potentiels acheteurs sur internet<\/h3>\n<p>Afin qu&rsquo;un maximum d&rsquo;acqu\u00e9reurs potentiels puisse voir votre propri\u00e9t\u00e9, nous mettons en ligne votre annonce sur tous nos sites internet et ceux de nos partenaires.<\/p>\n<h3>5. S\u00e9lectionnez l&rsquo;offre la plus int\u00e9ressante<\/h3>\n<p>Nos experts re\u00e7oivent les offres, analysent les propositions et vous proposent la meilleure offre.<\/p>\n<h3>6. N\u00e9gociez le meilleur prix<\/h3>\n<p>Notre expert recense tous les documents et les informations possibles pour vous mettre en position de force afin de le vendre au meilleur prix, voici les documents et les informations n\u00e9cessaires :<\/p>\n<ul>\n<li>Les factures de r\u00e9novations,<\/li>\n<li>les plans architecturaux,<\/li>\n<li>les avantages environnementaux,<\/li>\n<li>le d\u00e9veloppement \u00e9conomique \u00e0 Biel\/Bienne et de sa r\u00e9gion.<\/li>\n<\/ul>\n<h2>Quelles sont les tendances du march\u00e9 immobilier \u00e0 Biel\/Bienne ?<\/h2>\n<h3>\u00c9valuation de la valeur des maisons \u00e0 Biel\/Bienne<\/h3>\n<p class=\"estimates-house-range\">Les prix des maisons \u00e0 Biel\/Bienne varient de CHF 1'353'034 \u00e0 CHF 1'685'428 en moyenne.<\/p>\n<h3>\u00c9valuation du prix des appartements \u00e0 Biel\/Bienne<\/h3>\n<p class=\"estimates-house-range\">Les prix des appartements \u00e0 Biel\/Bienne varient de CHF 749'647 \u00e0 CHF 841'683 en moyenne.<\/p>\n<h3>Estimation du prix de vente des terrains \u00e0 Biel\/Bienne<\/h3>\n<p class=\"estimates-land\">Les prix moyens des terrains \u00e0 Biel\/Bienne sont de CHF 771 \/ m\u00b2 (prix par m\u00e8tre carr\u00e9).<\/p>\n<h2>Questions fr\u00e9quentes sur l&rsquo;estimation immobili\u00e8re<\/h2>\n<h3>Combien co\u00fbte une estimation immobili\u00e8re \u00e0 Biel\/Bienne ?<\/h3>\n<p>Le co\u00fbt d&rsquo;une \u00e9valuation immobili\u00e8re \u00e0 Biel\/Bienne varie en fonction de la complexit\u00e9 du bien. Que vous ayez un logement de luxe ou une maison standard, les frais peuvent aller de CHF 150 \u00e0 CHF 1&rsquo;500.<\/p>\n<p>Maintenant, si vous contactez l&rsquo;agence Immobilierlocal, nous vous proposons une \u00e9valuation gratuite en ligne de votre maison ou appartement, sans engagement de votre part. De plus, notre outil d&rsquo;estimation en ligne est un outil gratuit qui vous assure une des \u00e9valuations les plus pr\u00e9cises en ligne du march\u00e9. Notre r\u00e9sultat tient compte des indicateurs \u00e9conomiques du moment, ainsi que du la situation conjoncturelle suisse.<\/p>\n<h3>Qui peut estimer une propri\u00e9taire immobili\u00e8re \u00e0 Biel\/Bienne ?<\/h3>\n<p>Pour une estimation immobili\u00e8re plus pr\u00e9cise, vous avez plusieurs options, vous pouvez faire appel \u00e0 un expert des \u00e9valuations immobili\u00e8res, \u00e0 un architecte, \u00e0 un courtier en immobilier ou encore \u00e0 une banque.<\/p>\n<h3>Comment un agent immobilier \u00e9value un bien \u00e0 Biel\/Bienne ?<\/h3>\n<ol>\n<li>Pour la premi\u00e8re \u00e9tape, un agent se rend \u00e0 votre domicile afin d&rsquo;effectuer une visite approfondie du bien en vente.<\/li>\n<li>Ensuite : il \u00e9tudie les documents en lien avec l&rsquo;achat et l&rsquo;entretien de votre propri\u00e9t\u00e9.<\/li>\n<li>Il r\u00e9alise une \u00e9tude compl\u00e8te de la situation immobili\u00e8re en comparant votre bien aux propri\u00e9t\u00e9s actuellement disponibles et en \u00e9tudiant les prix des ventes pass\u00e9es \u00e0 Biel\/Bienne.<\/li>\n<li>Enfin, il vous donnera un examen complet ainsi qu&rsquo;une \u00e9valuation fiable de la valeur de votre bien.<\/li>\n<\/ol>\n<h3>Comment faire \u00e9valuer un bien immobilier gratuitement \u00e0 Biel\/Bienne ?<\/h3>\n<p>Utilisez l&rsquo;outil d&rsquo;\u00e9valuation totalement gratuit de notre soci\u00e9t\u00e9 Immobilierlocal ! Vous pouvez aussi faire appel \u00e0 nos experts de l&rsquo;immobilier pour une estimation.<\/p>\n<h3>Quels sont les diff\u00e9rents crit\u00e8res qui peuvent faire varier la valeur de mon bien \u00e0 Biel\/Bienne ?<\/h3>\n<p>La valeur de vente d&rsquo;une propri\u00e9t\u00e9 immobili\u00e8re r\u00e9sulte logiquement de multiples crit\u00e8res, qui peuvent fluctuer dans le temps. Voici une liste des principaux facteurs pouvant faire \u00e9voluer le march\u00e9 immobilier \u00e0 Biel\/Bienne :<\/p>\n<ul>\n<li>l&rsquo;attrait touristique de la ville,<\/li>\n<li>l&rsquo;activit\u00e9 \u00e9conomique de la ville,<\/li>\n<li>le rapport entre le nombre de vendeurs et d&rsquo;acqu\u00e9reurs,<\/li>\n<li>les commodit\u00e9s.<\/li>\n<\/ul>\n<h3>Comment accro\u00eetre le prix de vente de ma maison et de mon appartement ?<\/h3>\n<p>Pour augmenter la valeur de votre bien, voici plusieurs conseils \u00e0 ne pas n\u00e9gliger :<\/p>\n<ul>\n<li>Votre bien doit toujours \u00eatre impeccable pour les photos et lors des visites.<\/li>\n<li>Assurez-vous de ranger toutes les pi\u00e8ces et arrangez l&rsquo;espace pour permettre aux acheteurs de se projeter facilement.<\/li>\n<li>Accentuez les points forts de votre logement.<\/li>\n<li>Assurez-vous de valoriser le terrain si vous avez une maison.<\/li>\n<\/ul>\n<h3>Quelle conduite avoir vis-\u00e0-vis d\u2019un futur acqu\u00e9reur ?<\/h3>\n<ul>\n<li>Parlez-lui des diff\u00e9rents atouts de votre bien.<\/li>\n<li>R\u00e9pondez aux interrogations sans divulguer de fausses informations.<\/li>\n<li>Soyez \u00e0 l&rsquo;\u00e9coute de l&rsquo;acheteur et ne cherchez pas \u00e0 le contredire.<\/li>\n<\/ul>\n<h3>Quels sont les dossiers \u00e0 poss\u00e9der afin d&rsquo;\u00e9valuer ma propri\u00e9t\u00e9 immobili\u00e8re ?<\/h3>\n<ul>\n<li>Police assurance incendie compl\u00e8te<\/li>\n<li>Plan de niveau (si disponible)<\/li>\n<li>factures des diff\u00e9rents travaux effectu\u00e9s (si disponible)<\/li>\n<li>Registre foncier (si disponible)<\/li>\n<li>Plan cadastral (si disponible)<\/li>\n<li>Descriptif de construction (si disponible)<\/li>\n<li>\u00c9ventuellement : plan d\u2019affectation et le r\u00e8glement de construction<\/li>\n<\/ul>\n<p>Pour les objets en PPE :<\/p>\n<ul>\n<li>Police assurance incendie compl\u00e8te de l\u2019immeuble (\u00e0 demander \u00e0 l\u2019administrateur)<\/li>\n<li>R\u00e8glement PPE<\/li>\n<li>Comptes PPE (3 derni\u00e8res ann\u00e9es)<\/li>\n<\/ul>\n<p>Estimation similaire dans les villes proches, comme :<br \/>\nT\u00fcscherz-Alferm\u00e9e, Twann, Ligerz, Ligni\u00e8res, Le Landeron, Magglingen\/Macolin, Evilard, Les Pr\u00e9s-d'Orvin.<\/p>\n","protected":false},"excerpt":{"rendered":"<p>\u00c9valuez simplement la valeur de votre bien immobilier \u00e0 Biel\/Bienne avec Immobilierlocal. Nous avons \u00e9galement \u00e0 disposition des agents immobiliers qui se rendent chez vous afin de vous donner une estimation plus d\u00e9taill\u00e9e de votre bien. Mettre en vente son bien avec Immobilierlocal, c&rsquo;est l&rsquo;assurance de vendre son bien \u00e0 un tr\u00e8s bon prix et [&hellip;]<\/p>\n","protected":false},"author":3,"featured_media":441,"parent":0,"menu_order":0,"comment_status":"closed","ping_status":"closed","template":"","meta":{"footnotes":""},"categories":[6],"profession":[],"location":[73],"canton":[],"class_list":["post-146","page","type-page","status-publish","has-post-thumbnail","hentry","category-estimation"],"yoast_head":"<!-- This site is optimized with the Yoast SEO Premium plugin v23.0 (Yoast SEO v27.3) - https:\/\/yoast.com\/product\/yoast-seo-premium-wordpress\/ -->\n<title>Estimation immobili\u00e8re \u00e0 Biel\/Bienne avril 2026 gratuite &amp; rapide - Immobilierlocal<\/title>\n<meta name=\"description\" content=\"D\u00e9couvrez le Prix moyen au m\u00b2 \u00e0 Biel\/Biel\/Bienne en avril 2026 \u2705 Estimation gratuite de votre bien \u2705 Derni\u00e8res \u00e9volutions du march\u00e9.\" \/>\n<meta name=\"robots\" content=\"index, follow, max-snippet:-1, max-image-preview:large, max-video-preview:-1\" \/>\n<link rel=\"canonical\" href=\"https:\/\/www.immobilierlocal.ch\/c\/estimation-immobiliere-bienne\/\" \/>\n<meta property=\"og:locale\" content=\"fr_FR\" \/>\n<meta property=\"og:type\" content=\"article\" \/>\n<meta property=\"og:title\" content=\"Estimation immobili\u00e8re \u00e0 Biel\/Bienne avril 2026 gratuite &amp; rapide\" \/>\n<meta property=\"og:description\" content=\"D\u00e9couvrez le Prix moyen au m\u00b2 \u00e0 Biel\/Biel\/Bienne en avril 2026 \u2705 Estimation gratuite de votre bien \u2705 Derni\u00e8res \u00e9volutions du march\u00e9.\" \/>\n<meta property=\"og:url\" content=\"https:\/\/www.immobilierlocal.ch\/c\/estimation-immobiliere-bienne\/\" \/>\n<meta property=\"og:site_name\" content=\"Immobilierlocal\" \/>\n<meta property=\"article:modified_time\" content=\"2026-02-09T17:09:04+00:00\" \/>\n<meta property=\"og:image\" content=\"https:\/\/www.immobilierlocal.ch\/c\/wp-content\/uploads\/2023\/10\/estimation-immobiliere-a-attalens-scaled.jpg\" \/>\n\t<meta property=\"og:image:width\" content=\"2560\" \/>\n\t<meta property=\"og:image:height\" content=\"817\" \/>\n\t<meta property=\"og:image:type\" content=\"image\/jpeg\" \/>\n<meta name=\"twitter:card\" content=\"summary_large_image\" \/>\n<meta name=\"twitter:label1\" content=\"Dur\u00e9e de lecture estim\u00e9e\" \/>\n\t<meta name=\"twitter:data1\" content=\"7 minutes\" \/>\n<script type=\"application\/ld+json\" class=\"yoast-schema-graph\">{\"@context\":\"https:\\\/\\\/schema.org\",\"@graph\":[{\"@type\":\"WebPage\",\"@id\":\"https:\\\/\\\/www.immobilierlocal.ch\\\/c\\\/estimation-immobiliere-bienne\\\/\",\"url\":\"https:\\\/\\\/www.immobilierlocal.ch\\\/c\\\/estimation-immobiliere-bienne\\\/\",\"name\":\"Estimation immobili\u00e8re \u00e0 Biel\\\/Bienne - Immobilierlocal\",\"isPartOf\":{\"@id\":\"https:\\\/\\\/www.immobilierlocal.ch\\\/c\\\/#website\"},\"primaryImageOfPage\":{\"@id\":\"https:\\\/\\\/www.immobilierlocal.ch\\\/c\\\/estimation-immobiliere-bienne\\\/#primaryimage\"},\"image\":{\"@id\":\"https:\\\/\\\/www.immobilierlocal.ch\\\/c\\\/estimation-immobiliere-bienne\\\/#primaryimage\"},\"thumbnailUrl\":\"https:\\\/\\\/www.immobilierlocal.ch\\\/c\\\/wp-content\\\/uploads\\\/2023\\\/10\\\/estimation-immobiliere-a-attalens-scaled.jpg\",\"datePublished\":\"2023-10-19T08:33:45+00:00\",\"dateModified\":\"2026-02-09T17:09:04+00:00\",\"breadcrumb\":{\"@id\":\"https:\\\/\\\/www.immobilierlocal.ch\\\/c\\\/estimation-immobiliere-bienne\\\/#breadcrumb\"},\"inLanguage\":\"fr-FR\",\"potentialAction\":[{\"@type\":\"ReadAction\",\"target\":[\"https:\\\/\\\/www.immobilierlocal.ch\\\/c\\\/estimation-immobiliere-bienne\\\/\"]}]},{\"@type\":\"ImageObject\",\"inLanguage\":\"fr-FR\",\"@id\":\"https:\\\/\\\/www.immobilierlocal.ch\\\/c\\\/estimation-immobiliere-bienne\\\/#primaryimage\",\"url\":\"https:\\\/\\\/www.immobilierlocal.ch\\\/c\\\/wp-content\\\/uploads\\\/2023\\\/10\\\/estimation-immobiliere-a-attalens-scaled.jpg\",\"contentUrl\":\"https:\\\/\\\/www.immobilierlocal.ch\\\/c\\\/wp-content\\\/uploads\\\/2023\\\/10\\\/estimation-immobiliere-a-attalens-scaled.jpg\",\"width\":2560,\"height\":817,\"caption\":\"Estimation immobili\u00e8re \u00e0 Attalens\"},{\"@type\":\"BreadcrumbList\",\"@id\":\"https:\\\/\\\/www.immobilierlocal.ch\\\/c\\\/estimation-immobiliere-bienne\\\/#breadcrumb\",\"itemListElement\":[{\"@type\":\"ListItem\",\"position\":1,\"name\":\"Accueil\",\"item\":\"https:\\\/\\\/www.immobilierlocal.ch\\\/c\\\/\"},{\"@type\":\"ListItem\",\"position\":2,\"name\":\"Estimation immobili\u00e8re \u00e0 Bienne\"}]},{\"@type\":\"WebSite\",\"@id\":\"https:\\\/\\\/www.immobilierlocal.ch\\\/c\\\/#website\",\"url\":\"https:\\\/\\\/www.immobilierlocal.ch\\\/c\\\/\",\"name\":\"Immobilierlocal\",\"description\":\"\",\"publisher\":{\"@id\":\"https:\\\/\\\/www.immobilierlocal.ch\\\/c\\\/#organization\"},\"potentialAction\":[{\"@type\":\"SearchAction\",\"target\":{\"@type\":\"EntryPoint\",\"urlTemplate\":\"https:\\\/\\\/www.immobilierlocal.ch\\\/c\\\/?s={search_term_string}\"},\"query-input\":{\"@type\":\"PropertyValueSpecification\",\"valueRequired\":true,\"valueName\":\"search_term_string\"}}],\"inLanguage\":\"fr-FR\"},{\"@type\":\"Organization\",\"@id\":\"https:\\\/\\\/www.immobilierlocal.ch\\\/c\\\/#organization\",\"name\":\"Immobilierlocal\",\"url\":\"https:\\\/\\\/www.immobilierlocal.ch\\\/c\\\/\",\"logo\":{\"@type\":\"ImageObject\",\"inLanguage\":\"fr-FR\",\"@id\":\"https:\\\/\\\/www.immobilierlocal.ch\\\/c\\\/#\\\/schema\\\/logo\\\/image\\\/\",\"url\":\"https:\\\/\\\/www.immobilierlocal.ch\\\/c\\\/wp-content\\\/uploads\\\/2023\\\/10\\\/logo-immobilierlocal-h.svg\",\"contentUrl\":\"https:\\\/\\\/www.immobilierlocal.ch\\\/c\\\/wp-content\\\/uploads\\\/2023\\\/10\\\/logo-immobilierlocal-h.svg\",\"caption\":\"Immobilierlocal\"},\"image\":{\"@id\":\"https:\\\/\\\/www.immobilierlocal.ch\\\/c\\\/#\\\/schema\\\/logo\\\/image\\\/\"}}]}<\/script>\n<!-- \/ Yoast SEO Premium plugin. -->","yoast_head_json":{"title":"Estimation immobili\u00e8re \u00e0 Biel\/Bienne avril 2026 gratuite & rapide - Immobilierlocal","description":"D\u00e9couvrez le Prix moyen au m\u00b2 \u00e0 Biel\/Biel\/Bienne en avril 2026 \u2705 Estimation gratuite de votre bien \u2705 Derni\u00e8res \u00e9volutions du march\u00e9.","robots":{"index":"index","follow":"follow","max-snippet":"max-snippet:-1","max-image-preview":"max-image-preview:large","max-video-preview":"max-video-preview:-1"},"canonical":"https:\/\/www.immobilierlocal.ch\/c\/estimation-immobiliere-bienne\/","og_locale":"fr_FR","og_type":"article","og_title":"Estimation immobili\u00e8re \u00e0 Biel\/Bienne avril 2026 gratuite & rapide","og_description":"D\u00e9couvrez le Prix moyen au m\u00b2 \u00e0 Biel\/Biel\/Bienne en avril 2026 \u2705 Estimation gratuite de votre bien \u2705 Derni\u00e8res \u00e9volutions du march\u00e9.","og_url":"https:\/\/www.immobilierlocal.ch\/c\/estimation-immobiliere-bienne\/","og_site_name":"Immobilierlocal","article_modified_time":"2026-02-09T17:09:04+00:00","og_image":[{"width":2560,"height":817,"url":"https:\/\/www.immobilierlocal.ch\/c\/wp-content\/uploads\/2023\/10\/estimation-immobiliere-a-attalens-scaled.jpg","type":"image\/jpeg"}],"twitter_card":"summary_large_image","twitter_misc":{"Dur\u00e9e de lecture estim\u00e9e":"7 minutes"},"schema":{"@context":"https:\/\/schema.org","@graph":[{"@type":"WebPage","@id":"https:\/\/www.immobilierlocal.ch\/c\/estimation-immobiliere-bienne\/","url":"https:\/\/www.immobilierlocal.ch\/c\/estimation-immobiliere-bienne\/","name":"Estimation immobili\u00e8re \u00e0 Biel\/Bienne - Immobilierlocal","isPartOf":{"@id":"https:\/\/www.immobilierlocal.ch\/c\/#website"},"primaryImageOfPage":{"@id":"https:\/\/www.immobilierlocal.ch\/c\/estimation-immobiliere-bienne\/#primaryimage"},"image":{"@id":"https:\/\/www.immobilierlocal.ch\/c\/estimation-immobiliere-bienne\/#primaryimage"},"thumbnailUrl":"https:\/\/www.immobilierlocal.ch\/c\/wp-content\/uploads\/2023\/10\/estimation-immobiliere-a-attalens-scaled.jpg","datePublished":"2023-10-19T08:33:45+00:00","dateModified":"2026-02-09T17:09:04+00:00","breadcrumb":{"@id":"https:\/\/www.immobilierlocal.ch\/c\/estimation-immobiliere-bienne\/#breadcrumb"},"inLanguage":"fr-FR","potentialAction":[{"@type":"ReadAction","target":["https:\/\/www.immobilierlocal.ch\/c\/estimation-immobiliere-bienne\/"]}]},{"@type":"ImageObject","inLanguage":"fr-FR","@id":"https:\/\/www.immobilierlocal.ch\/c\/estimation-immobiliere-bienne\/#primaryimage","url":"https:\/\/www.immobilierlocal.ch\/c\/wp-content\/uploads\/2023\/10\/estimation-immobiliere-a-attalens-scaled.jpg","contentUrl":"https:\/\/www.immobilierlocal.ch\/c\/wp-content\/uploads\/2023\/10\/estimation-immobiliere-a-attalens-scaled.jpg","width":2560,"height":817,"caption":"Estimation immobili\u00e8re \u00e0 Attalens"},{"@type":"BreadcrumbList","@id":"https:\/\/www.immobilierlocal.ch\/c\/estimation-immobiliere-bienne\/#breadcrumb","itemListElement":[{"@type":"ListItem","position":1,"name":"Accueil","item":"https:\/\/www.immobilierlocal.ch\/c\/"},{"@type":"ListItem","position":2,"name":"Estimation immobili\u00e8re \u00e0 Bienne"}]},{"@type":"WebSite","@id":"https:\/\/www.immobilierlocal.ch\/c\/#website","url":"https:\/\/www.immobilierlocal.ch\/c\/","name":"Immobilierlocal","description":"","publisher":{"@id":"https:\/\/www.immobilierlocal.ch\/c\/#organization"},"potentialAction":[{"@type":"SearchAction","target":{"@type":"EntryPoint","urlTemplate":"https:\/\/www.immobilierlocal.ch\/c\/?s={search_term_string}"},"query-input":{"@type":"PropertyValueSpecification","valueRequired":true,"valueName":"search_term_string"}}],"inLanguage":"fr-FR"},{"@type":"Organization","@id":"https:\/\/www.immobilierlocal.ch\/c\/#organization","name":"Immobilierlocal","url":"https:\/\/www.immobilierlocal.ch\/c\/","logo":{"@type":"ImageObject","inLanguage":"fr-FR","@id":"https:\/\/www.immobilierlocal.ch\/c\/#\/schema\/logo\/image\/","url":"https:\/\/www.immobilierlocal.ch\/c\/wp-content\/uploads\/2023\/10\/logo-immobilierlocal-h.svg","contentUrl":"https:\/\/www.immobilierlocal.ch\/c\/wp-content\/uploads\/2023\/10\/logo-immobilierlocal-h.svg","caption":"Immobilierlocal"},"image":{"@id":"https:\/\/www.immobilierlocal.ch\/c\/#\/schema\/logo\/image\/"}}]}},"_links":{"self":[{"href":"https:\/\/www.immobilierlocal.ch\/c\/wp-json\/wp\/v2\/pages\/146","targetHints":{"allow":["GET"]}}],"collection":[{"href":"https:\/\/www.immobilierlocal.ch\/c\/wp-json\/wp\/v2\/pages"}],"about":[{"href":"https:\/\/www.immobilierlocal.ch\/c\/wp-json\/wp\/v2\/types\/page"}],"author":[{"embeddable":true,"href":"https:\/\/www.immobilierlocal.ch\/c\/wp-json\/wp\/v2\/users\/3"}],"replies":[{"embeddable":true,"href":"https:\/\/www.immobilierlocal.ch\/c\/wp-json\/wp\/v2\/comments?post=146"}],"version-history":[{"count":0,"href":"https:\/\/www.immobilierlocal.ch\/c\/wp-json\/wp\/v2\/pages\/146\/revisions"}],"wp:featuredmedia":[{"embeddable":true,"href":"https:\/\/www.immobilierlocal.ch\/c\/wp-json\/wp\/v2\/media\/441"}],"wp:attachment":[{"href":"https:\/\/www.immobilierlocal.ch\/c\/wp-json\/wp\/v2\/media?parent=146"}],"wp:term":[{"taxonomy":"category","embeddable":true,"href":"https:\/\/www.immobilierlocal.ch\/c\/wp-json\/wp\/v2\/categories?post=146"},{"taxonomy":"profession","embeddable":true,"href":"https:\/\/www.immobilierlocal.ch\/c\/wp-json\/wp\/v2\/profession?post=146"},{"taxonomy":"location","embeddable":true,"href":"https:\/\/www.immobilierlocal.ch\/c\/wp-json\/wp\/v2\/location?post=146"},{"taxonomy":"canton","embeddable":true,"href":"https:\/\/www.immobilierlocal.ch\/c\/wp-json\/wp\/v2\/canton?post=146"}],"curies":[{"name":"wp","href":"https:\/\/api.w.org\/{rel}","templated":true}]}}