
{"id":139,"date":"2023-10-19T10:33:45","date_gmt":"2023-10-19T08:33:45","guid":{"rendered":"https:\/\/immobilierlocal.ch\/c\/139-2\/"},"modified":"2024-08-05T20:19:41","modified_gmt":"2024-08-05T18:19:41","slug":"estimation-immobiliere-a-bulle","status":"publish","type":"page","link":"https:\/\/www.immobilierlocal.ch\/c\/estimation-immobiliere-canton-fribourg\/estimation-immobiliere-a-bulle\/","title":{"rendered":"Estimation immobili\u00e8re \u00e0 Bulle"},"content":{"rendered":"<p>Utilisez Immobilierlocal pour obtenir une estimation rapide et pr\u00e9cise de la valeur immobili\u00e8re de votre bien \u00e0 Bulle. Nous avons \u00e9galement \u00e0 disposition des agents immobiliers qui se d\u00e9placent chez vous afin de vous donner une \u00e9valuation plus d\u00e9taill\u00e9e de votre bien. Mettre en vente sa maison ou sa propri\u00e9t\u00e9 avec Immobilierlocal, c&rsquo;est l&rsquo;assurance de vendre son bien \u00e0 un tr\u00e8s bon prix et en toute tranquillit\u00e9.<\/p>\n\n<h2>Derni\u00e8res estimations \u00e0 Bulle par secteur<\/h2>\n<div class=\"estimates-lastest\"><ul><li>Pour un appartement 5.5 pi\u00e8ces \u00e0 Bulle, surface pond\u00e9r\u00e9e (m\u00b2) : 105, orientation Ouest, avec balcon, transports fr\u00e9quence r\u00e9guli\u00e8re, avec parking, commodit\u00e9s et \u00e9coles nombreuses, situation ordinaire, CHF 8'239 \/ m\u00b2<\/li><li>Pour un appartement 6.5 pi\u00e8ces \u00e0 Bulle, surface pond\u00e9r\u00e9e (m\u00b2) : 110, orientation Ouest, avec balcon, transports fr\u00e9quence r\u00e9guli\u00e8re, avec parking, commodit\u00e9s et \u00e9coles nombreuses, situation ordinaire, CHF 7'375 \/ m\u00b2<\/li><li>Pour un appartement 4.5 pi\u00e8ces \u00e0 Bulle, surface pond\u00e9r\u00e9e (m\u00b2) : 110, orientation Ouest, avec balcon, transports fr\u00e9quence r\u00e9guli\u00e8re, avec parking, commodit\u00e9s et \u00e9coles nombreuses, situation ordinaire, CHF 7'632 \/ m\u00b2<\/li><\/ul><\/div>\n<h2>Estimation des prix des maisons \u00e0 Bulle par nombre de pi\u00e8ces<\/h2>\n<div class=\"estimates-room\"><ul><li>Pour une maison 6 pi\u00e8ces \u00e0 Bulle, volume (m\u00b3) : 1170 et terrain (m\u00b2) : 950, transports fr\u00e9quence r\u00e9guli\u00e8re, commodit\u00e9s et \u00e9coles nombreuses, situation ordinaire, CHF 6'412 \/ m\u00b2<\/li><li>Pour une maison 6.5 pi\u00e8ces \u00e0 Bulle, volume (m\u00b3) : 945 et terrain (m\u00b2) : 650, transports fr\u00e9quence limit\u00e9e, commodit\u00e9s et \u00e9coles limit\u00e9es, situation ordinaire, CHF 6'153 \/ m\u00b2<\/li><li>Pour une maison 5 pi\u00e8ces \u00e0 Bulle, volume (m\u00b3) : 1170 et terrain (m\u00b2) : 350, transports fr\u00e9quence r\u00e9guli\u00e8re, commodit\u00e9s et \u00e9coles nombreuses, situation privil\u00e9gi\u00e9e, CHF 4'217 \/ m\u00b2<\/li><\/ul><\/div><div class=\"iframe-text\">Estimer maintenant votre bien immobilier<\/div><iframe id=\"estimer\" src=\"https:\/\/www.immobilierlocal.ch\/estimer?iframe=1\" frameborder=\"0\" loading=\"lazy\" width=\"100%\" height=\"1000\" style=\"overflow-x:hidden;\" referrerpolicy=\"no-referrer-when-downgrade\" title=\"Estimation immobili\u00e8re\"><\/iframe>\n<h2>Comment conna\u00eetre la valeur de son bien immobilier \u00e0 Bulle ?<\/h2>\n<h3>1. \u00c9valuation gratuite de votre maison \u00e0 Bulle en ligne avec Immobilierlocal<\/h3>\n<p>Profitez de notre outil d&rsquo;estimation en ligne pour savoir la valeur de votre propri\u00e9t\u00e9 en quelques clics.<\/p>\n<p>Pour une estimation pr\u00e9cise, nous aurons \u00e9galement besoin des caract\u00e9ristiques suivantes :<\/p>\n<ul>\n<li>L&rsquo;environnement de la propri\u00e9t\u00e9 (acc\u00e8s aux transports, vis \u00e0 vis, commodit\u00e9s proches&#8230;).<\/li>\n<li>L&rsquo;orientation et l&rsquo;exposition de la maison.<\/li>\n<li>Le nombre de pi\u00e8ces.<\/li>\n<li>La surface habitable ou le volume.<\/li>\n<li>Les dimensions du terrain.<\/li>\n<li>L&rsquo;ann\u00e9e de construction de la maison.<\/li>\n<li>L&rsquo;\u00e9tat g\u00e9n\u00e9ral de votre maison.<\/li>\n<li>Les travaux effectu\u00e9s dans votre maison et leur ann\u00e9e.<\/li>\n<\/ul>\n<h3>2. Estimation gratuite de votre appartement \u00e0 Bulle sur internet avec Immobilierlocal<\/h3>\n<p>Pour conna\u00eetre la valeur immobili\u00e8re de votre logement \u00e0 Bulle, utilisez notre outil en ligne d&rsquo;estimation immobili\u00e8re. En quelques minutes vous aurez connaissance de la valeur de votre appartement.<\/p>\n<p>Afin d&rsquo;\u00eatre plus pr\u00e9cis dans l&rsquo;\u00e9valuation de la valeur de votre bien, nous devrons avoir connaissance de certains documents ou certaines informations :<\/p>\n<ul>\n<li>L&rsquo;environnement de votre appartement.<\/li>\n<li>L\u2019orientation.<\/li>\n<li>Le nombre de pi\u00e8ces.<\/li>\n<li>Les diff\u00e9rentes surfaces (habitable, garage, balcon&#8230;).<\/li>\n<li>Parking int\u00e9rieur et\/ou ext\u00e9rieur.<\/li>\n<li>L\u2019ann\u00e9e de construction.<\/li>\n<li>L\u2019\u00e9tat g\u00e9n\u00e9ral.<\/li>\n<li>Les diff\u00e9rentes r\u00e9novations effectu\u00e9es.<\/li>\n<li>Le montant du \u00abfonds de r\u00e9novation PPE\u00bb.<\/li>\n<\/ul>\n<h3>3. Faire estimer sa maison ou son appartement par un expert \u00e0 Bulle<\/h3>\n<p>Nous disposons plusieurs agents immobiliers \u00e0 Bulle qui viennent \u00e0 votre domicile pour visiter votre maison avant d&rsquo;\u00e9tablir une estimation de votre bien. Il examinera aussi certains documents comme les plans cadastraux ou le registre foncier afin de vous fournir une estimation la plus d\u00e9taill\u00e9e possible.<\/p>\n<p>Pour effectuer notre estimation, nous prenons \u00e9galement en compte le march\u00e9 immobilier actuel \u00e0 Bulle. Nous vous fournirons quelques conseils int\u00e9ressants afin d&rsquo;augmenter la valeur de votre propri\u00e9t\u00e9 \u00e0 Bulle.<\/p>\n<p>B\u00e9n\u00e9ficiez d\u00e8s \u00e0 pr\u00e9sent d&rsquo;une estimation r\u00e9elle et sans engagement de votre propri\u00e9t\u00e9 avec Immobilierlocal.<\/p>\n<h3>4. Est-il int\u00e9ressant d\u2019analyser les biens similaires en vente \u00e0 Bulle ?<\/h3>\n<p>Oui, il est int\u00e9ressant d&rsquo;\u00e9tudier les autres biens mis en vente, comparer votre bien avec les annonces immobili\u00e8res \u00e0 Bulle vous permet d\u2019obtenir une fourchette rapide de la valorisation de votre maison ou appartement.<\/p>\n<h2>Comment vendre son bien immobilier au meilleur prix \u00e0 Bulle ?<\/h2>\n<p>Pour vendre facilement votre bien immobilier, contactez Immobilierlocal !<\/p>\n<h3>1. Pourquoi contacter un expert comme Immobilierlocal ?<\/h3>\n<p>Immobilierlocal vous met en relation avec un expert qui s&rsquo;occupe de la ville de Bulle.<\/p>\n<h3>2. Profitez d&rsquo;une estimation pr\u00e9cise et qui prend en compte la situation immobili\u00e8re actuelle<\/h3>\n<p>Notre agence Immobilierlocal recense toutes les annonces \u00e0 Bulle ainsi que l&rsquo;ensemble des biens qui ont derni\u00e8rement trouv\u00e9 un acqu\u00e9reur. Cela nous permet d&rsquo;avoir une analyse tr\u00e8s fine du march\u00e9 immobilier, et de vous proposer le bon prix de vente.<\/p>\n<h3>3. Sublimer votre bien avec Immobilierlocal<\/h3>\n<p>Pour mettre en valeur votre bien, nous r\u00e9alisons des s\u00e9ances photo avec nos collaborateurs de votre bien \u00e0 Bulle.<\/p>\n<h3>4. Augmenter la visibilit\u00e9 de votre bien et le nombre de potentiels acqu\u00e9reurs sur internet<\/h3>\n<p>Afin qu&rsquo;un maximum de personnes puisse voir votre propri\u00e9t\u00e9, nous diffusons votre annonce sur l&rsquo;ensemble de nos sites internet et ceux de nos collaborateurs.<\/p>\n<h3>5. S\u00e9lectionnez l&rsquo;offre la plus int\u00e9ressante<\/h3>\n<p>Nous trions l&rsquo;ensemble des offres que nous recevons afin de vous pr\u00e9senter seulement celles qui pourraient vous int\u00e9resser.<\/p>\n<h3>6. N\u00e9gociez le meilleur prix<\/h3>\n<p>Notre expert recense l&rsquo;ensemble des documents et informations possibles pour mettre votre bien en valeur afin de le vendre au meilleur prix, voici les documents et les informations n\u00e9cessaires :<\/p>\n<ul>\n<li>Les r\u00e9novations effectu\u00e9es et les factures associ\u00e9es,<\/li>\n<li>les plans architecturaux,<\/li>\n<li>les avantages environnementaux,<\/li>\n<li>le d\u00e9veloppement \u00e9conomique \u00e0 Bulle et de sa r\u00e9gion.<\/li>\n<\/ul>\n<h2>Quelles sont les tendances du march\u00e9 immobilier \u00e0 Bulle ?<\/h2>\n<h3>Estimation du prix des maisons \u00e0 Bulle<\/h3>\n<p class=\"estimates-house-range\">Les prix des maisons \u00e0 Bulle varient de CHF 1'096'321 \u00e0 CHF 1'667'234 en moyenne.<\/p>\n<h3>\u00c9valuation du prix de vente des appartements \u00e0 Bulle<\/h3>\n<p class=\"estimates-house-range\">Les prix des appartements \u00e0 Bulle varient de CHF 848'180 \u00e0 CHF 885'694 en moyenne.<\/p>\n<h3>\u00c9valuation du prix de vente des terrains \u00e0 Bulle<\/h3>\n<p class=\"estimates-land\">Les prix moyens des terrains \u00e0 Bulle sont de CHF 684 \/ m\u00b2 (prix par m\u00e8tre carr\u00e9).<\/p>\n<h2>Questions fr\u00e9quentes sur l&rsquo;estimation immobili\u00e8re<\/h2>\n<h3>Quel est le co\u00fbt d&rsquo;une \u00e9valuation immobili\u00e8re \u00e0 Bulle ?<\/h3>\n<p>Le prix d&rsquo;une estimation immobili\u00e8re \u00e0 Bulle fluctue en fonction de la nature du bien. Que vous vendiez un logement de luxe ou une maison plus classique, les co\u00fbts peuvent osciller entre CHF 150 \u00e0 CHF 1&rsquo;500.<\/p>\n<p>Toutefois, avec notre simulateur d&rsquo;\u00e9valuation en ligne de notre agence Immobilierlocal, vous n&rsquo;aurez rien \u00e0 payer ! Notre instrument a \u00e9t\u00e9 confectionn\u00e9 durant de longues ann\u00e9es afin qu&rsquo;il soit le plus fiable et pr\u00e9cis possible. Il prend en compte l&rsquo;\u00e9tat du march\u00e9 actuel et des caract\u00e9ristiques de votre propri\u00e9t\u00e9.<\/p>\n<h3>Qui peut \u00e9valuer une propri\u00e9taire immobili\u00e8re \u00e0 Bulle ?<\/h3>\n<p>Si vous voulez avoir une \u00e9valuation plus pr\u00e9cise, il faudra faire appel \u00e0 un sp\u00e9cialiste qui se d\u00e9place chez vous pour examiner votre bien. Cette personne peut \u00eatre un agent immobilier, un architecte ou vous pouvez aussi en discuter avec votre banque.<\/p>\n<h3>Comment un agent immobilier estime un bien \u00e0 Bulle ?<\/h3>\n<ol>\n<li>Pour la premi\u00e8re \u00e9tape, un agent immobilier se rend chez vous afin d&rsquo;effectuer une visite approfondie du bien en vente.<\/li>\n<li>Apr\u00e8s cela : il regarde les textes en lien avec l&rsquo;achat et l&rsquo;entretien de votre bien.<\/li>\n<li>Il r\u00e9alise une analyse approfondie de la situation immobili\u00e8re en confrontant votre bien aux propri\u00e9t\u00e9s actuellement disponibles et en examinant les prix des ventes pass\u00e9es \u00e0 Bulle.<\/li>\n<li>Enfin, il vous remettra un examen d\u00e9taill\u00e9 ainsi qu&rsquo;une estimation fiable du prix de vente de votre propri\u00e9t\u00e9 immobili\u00e8re.<\/li>\n<\/ol>\n<h3>Comment b\u00e9n\u00e9ficier d&rsquo;une \u00e9valuation de son bien gratuitement \u00e0 Bulle<\/h3>\n<p>Utilisez le logiciel d&rsquo;estimation 100% gratuit de notre agence Immobilierlocal ! Vous pouvez aussi contacter nos sp\u00e9cialistes de l&rsquo;immobilier pour une estimation.<\/p>\n<h3>Quels sont les divers crit\u00e8res qui peuvent faire varier la valeur de mon bien \u00e0 Bulle ?<\/h3>\n<p>Il y a diff\u00e9rents crit\u00e8res qui influencent le prix de vente d\u2019un bien immobilier \u00e0 Bulle. Voici une liste des crit\u00e8res les plus importants :<\/p>\n<ul>\n<li>Le tourisme,<\/li>\n<li>l&rsquo;activit\u00e9 \u00e9conomique de la ville,<\/li>\n<li>le rapport entre le nombre de vendeurs et d&rsquo;acqu\u00e9reurs,<\/li>\n<li>les commodit\u00e9s.<\/li>\n<\/ul>\n<h3>De quelle fa\u00e7on accro\u00eetre le prix de vente de mon bien immobilier ?<\/h3>\n<p>Pour faire \u00e9voluer la valeur de votre bien, voici quelques conseils \u00e0 ne pas n\u00e9gliger :<\/p>\n<ul>\n<li>Assurez-vous que votre bien soit irr\u00e9prochable.<\/li>\n<li>Rangez et organisez l&rsquo;ensemble de vos affaires de fa\u00e7on \u00e0 ce que les potentiels acheteurs puissent facilement se projeter dans le bien.<\/li>\n<li>Assurez-vous de mettre en lumi\u00e8re les points forts de votre propri\u00e9t\u00e9.<\/li>\n<li>Assurez-vous de valoriser le terrain si vous avez une maison.<\/li>\n<\/ul>\n<h3>De quelle fa\u00e7on agir face \u00e0 un potentiel acheteur ?<\/h3>\n<ul>\n<li>Mentionnez les atouts de votre bien.<\/li>\n<li>R\u00e9pondez \u00e0 ses interrogations clairement et honn\u00eatement.<\/li>\n<li>Soyez \u00e0 l&rsquo;\u00e9coute de l&rsquo;acheteur et ne cherchez pas \u00e0 le contredire.<\/li>\n<\/ul>\n<h3>Quels sont les dossiers \u00e0 poss\u00e9der afin d&rsquo;estimer mon bien immobilier ?<\/h3>\n<ul>\n<li>Police assurance incendie compl\u00e8te<\/li>\n<li>Plan de niveau (si disponible)<\/li>\n<li>Travaux, factures (si disponible)<\/li>\n<li>Registre foncier (si disponible)<\/li>\n<li>Plan cadastral (si disponible)<\/li>\n<li>Descriptif de construction (si disponible)<\/li>\n<li>\u00c9ventuellement : plan d\u2019affectation et le r\u00e8glement de construction<\/li>\n<\/ul>\n<p>Pour les objets en PPE :<\/p>\n<ul>\n<li>Police assurance incendie compl\u00e8te de l\u2019immeuble (\u00e0 demander \u00e0 l\u2019administrateur)<\/li>\n<li>R\u00e8glement PPE<\/li>\n<li>Comptes PPE (3 derni\u00e8res ann\u00e9es)<\/li>\n<\/ul>\n<p>Estimation similaire dans les villes proches, comme : <br \/> Maules, S\u00e2les (Gruy\u00e8re), Romanens, Rueyres-Treyfayes, Treyfayes, Vaulruz, Vuadens, Riaz, Marsens, Vuippens, La Roche FR, La Tour-de-Tr\u00eame, Broc, Charmey (Gruy\u00e8re), Morlon, Sorens, Gumefens, Avry-devant-Pont, Le Bry, Echarlens, Corbi\u00e8res, Hauteville, Pont-la-Ville, Villarvolard, Botterens, Villarbeney, Ch\u00e2tel-sur-Montsalvens, Cr\u00e9suz, Im Fang, Jaun, Abl\u00e4ndschen, Le P\u00e2quier-Montbarry, Epagny, Gruy\u00e8res, Mol\u00e9son-sur-Gruy\u00e8res, Pringy, Estavannens, Grandvillard, Villars-sous-Mont, Enney, Albeuve, Lessoc, Montbovon, Neirivue, Les Sciernes-d'Albeuve.<\/p>\n","protected":false},"excerpt":{"rendered":"<p>Utilisez Immobilierlocal pour obtenir une estimation rapide et pr\u00e9cise de la valeur immobili\u00e8re de votre bien \u00e0 Bulle. Nous avons \u00e9galement \u00e0 disposition des agents immobiliers qui se d\u00e9placent chez vous afin de vous donner une \u00e9valuation plus d\u00e9taill\u00e9e de votre bien. Mettre en vente sa maison ou sa propri\u00e9t\u00e9 avec Immobilierlocal, c&rsquo;est l&rsquo;assurance de [&hellip;]<\/p>\n","protected":false},"author":3,"featured_media":434,"parent":157,"menu_order":0,"comment_status":"closed","ping_status":"closed","template":"","meta":{"footnotes":""},"categories":[6],"profession":[],"location":[70],"canton":[],"class_list":["post-139","page","type-page","status-publish","has-post-thumbnail","hentry","category-estimation"],"yoast_head":"<!-- This site is optimized with the Yoast SEO Premium plugin v23.0 (Yoast SEO v27.4) - https:\/\/yoast.com\/product\/yoast-seo-premium-wordpress\/ -->\n<title>Estimation immobili\u00e8re \u00e0 Bulle mai 2026 gratuite &amp; rapide - Immobilierlocal<\/title>\n<meta name=\"description\" content=\"D\u00e9couvrez le Prix moyen au m\u00b2 \u00e0 Bulle en mai 2026 \u2705 Estimation gratuite de votre bien \u2705 Derni\u00e8res \u00e9volutions du march\u00e9.\" \/>\n<meta name=\"robots\" content=\"index, follow, max-snippet:-1, max-image-preview:large, max-video-preview:-1\" \/>\n<link rel=\"canonical\" href=\"https:\/\/www.immobilierlocal.ch\/c\/estimation-immobiliere-canton-fribourg\/estimation-immobiliere-a-bulle\/\" \/>\n<meta property=\"og:locale\" content=\"fr_FR\" \/>\n<meta property=\"og:type\" content=\"article\" \/>\n<meta property=\"og:title\" content=\"Estimation immobili\u00e8re \u00e0 Bulle mai 2026 gratuite &amp; rapide\" \/>\n<meta property=\"og:description\" content=\"D\u00e9couvrez le Prix moyen au m\u00b2 \u00e0 Bulle en mai 2026 \u2705 Estimation gratuite de votre bien \u2705 Derni\u00e8res \u00e9volutions du march\u00e9.\" \/>\n<meta property=\"og:url\" content=\"https:\/\/www.immobilierlocal.ch\/c\/estimation-immobiliere-canton-fribourg\/estimation-immobiliere-a-bulle\/\" \/>\n<meta property=\"og:site_name\" content=\"Immobilierlocal\" \/>\n<meta property=\"article:modified_time\" content=\"2024-08-05T18:19:41+00:00\" \/>\n<meta property=\"og:image\" content=\"https:\/\/www.immobilierlocal.ch\/c\/wp-content\/uploads\/2023\/10\/estimation-immobiliere-a-bulle-scaled.jpg\" \/>\n\t<meta property=\"og:image:width\" content=\"2560\" \/>\n\t<meta property=\"og:image:height\" content=\"817\" \/>\n\t<meta property=\"og:image:type\" content=\"image\/jpeg\" \/>\n<meta name=\"twitter:card\" content=\"summary_large_image\" \/>\n<meta name=\"twitter:label1\" content=\"Dur\u00e9e de lecture estim\u00e9e\" \/>\n\t<meta name=\"twitter:data1\" content=\"7 minutes\" \/>\n<script type=\"application\/ld+json\" class=\"yoast-schema-graph\">{\"@context\":\"https:\\\/\\\/schema.org\",\"@graph\":[{\"@type\":\"WebPage\",\"@id\":\"https:\\\/\\\/www.immobilierlocal.ch\\\/c\\\/estimation-immobiliere-canton-fribourg\\\/estimation-immobiliere-a-bulle\\\/\",\"url\":\"https:\\\/\\\/www.immobilierlocal.ch\\\/c\\\/estimation-immobiliere-canton-fribourg\\\/estimation-immobiliere-a-bulle\\\/\",\"name\":\"Estimation immobili\u00e8re \u00e0 Bulle - Immobilierlocal\",\"isPartOf\":{\"@id\":\"https:\\\/\\\/www.immobilierlocal.ch\\\/c\\\/#website\"},\"primaryImageOfPage\":{\"@id\":\"https:\\\/\\\/www.immobilierlocal.ch\\\/c\\\/estimation-immobiliere-canton-fribourg\\\/estimation-immobiliere-a-bulle\\\/#primaryimage\"},\"image\":{\"@id\":\"https:\\\/\\\/www.immobilierlocal.ch\\\/c\\\/estimation-immobiliere-canton-fribourg\\\/estimation-immobiliere-a-bulle\\\/#primaryimage\"},\"thumbnailUrl\":\"https:\\\/\\\/www.immobilierlocal.ch\\\/c\\\/wp-content\\\/uploads\\\/2023\\\/10\\\/estimation-immobiliere-a-bulle-scaled.jpg\",\"datePublished\":\"2023-10-19T08:33:45+00:00\",\"dateModified\":\"2024-08-05T18:19:41+00:00\",\"breadcrumb\":{\"@id\":\"https:\\\/\\\/www.immobilierlocal.ch\\\/c\\\/estimation-immobiliere-canton-fribourg\\\/estimation-immobiliere-a-bulle\\\/#breadcrumb\"},\"inLanguage\":\"fr-FR\",\"potentialAction\":[{\"@type\":\"ReadAction\",\"target\":[\"https:\\\/\\\/www.immobilierlocal.ch\\\/c\\\/estimation-immobiliere-canton-fribourg\\\/estimation-immobiliere-a-bulle\\\/\"]}]},{\"@type\":\"ImageObject\",\"inLanguage\":\"fr-FR\",\"@id\":\"https:\\\/\\\/www.immobilierlocal.ch\\\/c\\\/estimation-immobiliere-canton-fribourg\\\/estimation-immobiliere-a-bulle\\\/#primaryimage\",\"url\":\"https:\\\/\\\/www.immobilierlocal.ch\\\/c\\\/wp-content\\\/uploads\\\/2023\\\/10\\\/estimation-immobiliere-a-bulle-scaled.jpg\",\"contentUrl\":\"https:\\\/\\\/www.immobilierlocal.ch\\\/c\\\/wp-content\\\/uploads\\\/2023\\\/10\\\/estimation-immobiliere-a-bulle-scaled.jpg\",\"width\":2560,\"height\":817,\"caption\":\"Estimation immobili\u00e8re \u00e0 Bulle\"},{\"@type\":\"BreadcrumbList\",\"@id\":\"https:\\\/\\\/www.immobilierlocal.ch\\\/c\\\/estimation-immobiliere-canton-fribourg\\\/estimation-immobiliere-a-bulle\\\/#breadcrumb\",\"itemListElement\":[{\"@type\":\"ListItem\",\"position\":1,\"name\":\"Accueil\",\"item\":\"https:\\\/\\\/www.immobilierlocal.ch\\\/c\\\/\"},{\"@type\":\"ListItem\",\"position\":2,\"name\":\"Estimation immobili\u00e8re dans le canton de Fribourg\",\"item\":\"https:\\\/\\\/www.immobilierlocal.ch\\\/c\\\/estimation-immobiliere-canton-fribourg\\\/\"},{\"@type\":\"ListItem\",\"position\":3,\"name\":\"Estimation immobili\u00e8re \u00e0 Bulle\"}]},{\"@type\":\"WebSite\",\"@id\":\"https:\\\/\\\/www.immobilierlocal.ch\\\/c\\\/#website\",\"url\":\"https:\\\/\\\/www.immobilierlocal.ch\\\/c\\\/\",\"name\":\"Immobilierlocal\",\"description\":\"\",\"publisher\":{\"@id\":\"https:\\\/\\\/www.immobilierlocal.ch\\\/c\\\/#organization\"},\"potentialAction\":[{\"@type\":\"SearchAction\",\"target\":{\"@type\":\"EntryPoint\",\"urlTemplate\":\"https:\\\/\\\/www.immobilierlocal.ch\\\/c\\\/?s={search_term_string}\"},\"query-input\":{\"@type\":\"PropertyValueSpecification\",\"valueRequired\":true,\"valueName\":\"search_term_string\"}}],\"inLanguage\":\"fr-FR\"},{\"@type\":\"Organization\",\"@id\":\"https:\\\/\\\/www.immobilierlocal.ch\\\/c\\\/#organization\",\"name\":\"Immobilierlocal\",\"url\":\"https:\\\/\\\/www.immobilierlocal.ch\\\/c\\\/\",\"logo\":{\"@type\":\"ImageObject\",\"inLanguage\":\"fr-FR\",\"@id\":\"https:\\\/\\\/www.immobilierlocal.ch\\\/c\\\/#\\\/schema\\\/logo\\\/image\\\/\",\"url\":\"https:\\\/\\\/www.immobilierlocal.ch\\\/c\\\/wp-content\\\/uploads\\\/2023\\\/10\\\/logo-immobilierlocal-h.svg\",\"contentUrl\":\"https:\\\/\\\/www.immobilierlocal.ch\\\/c\\\/wp-content\\\/uploads\\\/2023\\\/10\\\/logo-immobilierlocal-h.svg\",\"caption\":\"Immobilierlocal\"},\"image\":{\"@id\":\"https:\\\/\\\/www.immobilierlocal.ch\\\/c\\\/#\\\/schema\\\/logo\\\/image\\\/\"}}]}<\/script>\n<!-- \/ Yoast SEO Premium plugin. -->","yoast_head_json":{"title":"Estimation immobili\u00e8re \u00e0 Bulle mai 2026 gratuite & rapide - Immobilierlocal","description":"D\u00e9couvrez le Prix moyen au m\u00b2 \u00e0 Bulle en mai 2026 \u2705 Estimation gratuite de votre bien \u2705 Derni\u00e8res \u00e9volutions du march\u00e9.","robots":{"index":"index","follow":"follow","max-snippet":"max-snippet:-1","max-image-preview":"max-image-preview:large","max-video-preview":"max-video-preview:-1"},"canonical":"https:\/\/www.immobilierlocal.ch\/c\/estimation-immobiliere-canton-fribourg\/estimation-immobiliere-a-bulle\/","og_locale":"fr_FR","og_type":"article","og_title":"Estimation immobili\u00e8re \u00e0 Bulle mai 2026 gratuite & rapide","og_description":"D\u00e9couvrez le Prix moyen au m\u00b2 \u00e0 Bulle en mai 2026 \u2705 Estimation gratuite de votre bien \u2705 Derni\u00e8res \u00e9volutions du march\u00e9.","og_url":"https:\/\/www.immobilierlocal.ch\/c\/estimation-immobiliere-canton-fribourg\/estimation-immobiliere-a-bulle\/","og_site_name":"Immobilierlocal","article_modified_time":"2024-08-05T18:19:41+00:00","og_image":[{"width":2560,"height":817,"url":"https:\/\/www.immobilierlocal.ch\/c\/wp-content\/uploads\/2023\/10\/estimation-immobiliere-a-bulle-scaled.jpg","type":"image\/jpeg"}],"twitter_card":"summary_large_image","twitter_misc":{"Dur\u00e9e de lecture estim\u00e9e":"7 minutes"},"schema":{"@context":"https:\/\/schema.org","@graph":[{"@type":"WebPage","@id":"https:\/\/www.immobilierlocal.ch\/c\/estimation-immobiliere-canton-fribourg\/estimation-immobiliere-a-bulle\/","url":"https:\/\/www.immobilierlocal.ch\/c\/estimation-immobiliere-canton-fribourg\/estimation-immobiliere-a-bulle\/","name":"Estimation immobili\u00e8re \u00e0 Bulle - Immobilierlocal","isPartOf":{"@id":"https:\/\/www.immobilierlocal.ch\/c\/#website"},"primaryImageOfPage":{"@id":"https:\/\/www.immobilierlocal.ch\/c\/estimation-immobiliere-canton-fribourg\/estimation-immobiliere-a-bulle\/#primaryimage"},"image":{"@id":"https:\/\/www.immobilierlocal.ch\/c\/estimation-immobiliere-canton-fribourg\/estimation-immobiliere-a-bulle\/#primaryimage"},"thumbnailUrl":"https:\/\/www.immobilierlocal.ch\/c\/wp-content\/uploads\/2023\/10\/estimation-immobiliere-a-bulle-scaled.jpg","datePublished":"2023-10-19T08:33:45+00:00","dateModified":"2024-08-05T18:19:41+00:00","breadcrumb":{"@id":"https:\/\/www.immobilierlocal.ch\/c\/estimation-immobiliere-canton-fribourg\/estimation-immobiliere-a-bulle\/#breadcrumb"},"inLanguage":"fr-FR","potentialAction":[{"@type":"ReadAction","target":["https:\/\/www.immobilierlocal.ch\/c\/estimation-immobiliere-canton-fribourg\/estimation-immobiliere-a-bulle\/"]}]},{"@type":"ImageObject","inLanguage":"fr-FR","@id":"https:\/\/www.immobilierlocal.ch\/c\/estimation-immobiliere-canton-fribourg\/estimation-immobiliere-a-bulle\/#primaryimage","url":"https:\/\/www.immobilierlocal.ch\/c\/wp-content\/uploads\/2023\/10\/estimation-immobiliere-a-bulle-scaled.jpg","contentUrl":"https:\/\/www.immobilierlocal.ch\/c\/wp-content\/uploads\/2023\/10\/estimation-immobiliere-a-bulle-scaled.jpg","width":2560,"height":817,"caption":"Estimation immobili\u00e8re \u00e0 Bulle"},{"@type":"BreadcrumbList","@id":"https:\/\/www.immobilierlocal.ch\/c\/estimation-immobiliere-canton-fribourg\/estimation-immobiliere-a-bulle\/#breadcrumb","itemListElement":[{"@type":"ListItem","position":1,"name":"Accueil","item":"https:\/\/www.immobilierlocal.ch\/c\/"},{"@type":"ListItem","position":2,"name":"Estimation immobili\u00e8re dans le canton de Fribourg","item":"https:\/\/www.immobilierlocal.ch\/c\/estimation-immobiliere-canton-fribourg\/"},{"@type":"ListItem","position":3,"name":"Estimation immobili\u00e8re \u00e0 Bulle"}]},{"@type":"WebSite","@id":"https:\/\/www.immobilierlocal.ch\/c\/#website","url":"https:\/\/www.immobilierlocal.ch\/c\/","name":"Immobilierlocal","description":"","publisher":{"@id":"https:\/\/www.immobilierlocal.ch\/c\/#organization"},"potentialAction":[{"@type":"SearchAction","target":{"@type":"EntryPoint","urlTemplate":"https:\/\/www.immobilierlocal.ch\/c\/?s={search_term_string}"},"query-input":{"@type":"PropertyValueSpecification","valueRequired":true,"valueName":"search_term_string"}}],"inLanguage":"fr-FR"},{"@type":"Organization","@id":"https:\/\/www.immobilierlocal.ch\/c\/#organization","name":"Immobilierlocal","url":"https:\/\/www.immobilierlocal.ch\/c\/","logo":{"@type":"ImageObject","inLanguage":"fr-FR","@id":"https:\/\/www.immobilierlocal.ch\/c\/#\/schema\/logo\/image\/","url":"https:\/\/www.immobilierlocal.ch\/c\/wp-content\/uploads\/2023\/10\/logo-immobilierlocal-h.svg","contentUrl":"https:\/\/www.immobilierlocal.ch\/c\/wp-content\/uploads\/2023\/10\/logo-immobilierlocal-h.svg","caption":"Immobilierlocal"},"image":{"@id":"https:\/\/www.immobilierlocal.ch\/c\/#\/schema\/logo\/image\/"}}]}},"_links":{"self":[{"href":"https:\/\/www.immobilierlocal.ch\/c\/wp-json\/wp\/v2\/pages\/139","targetHints":{"allow":["GET"]}}],"collection":[{"href":"https:\/\/www.immobilierlocal.ch\/c\/wp-json\/wp\/v2\/pages"}],"about":[{"href":"https:\/\/www.immobilierlocal.ch\/c\/wp-json\/wp\/v2\/types\/page"}],"author":[{"embeddable":true,"href":"https:\/\/www.immobilierlocal.ch\/c\/wp-json\/wp\/v2\/users\/3"}],"replies":[{"embeddable":true,"href":"https:\/\/www.immobilierlocal.ch\/c\/wp-json\/wp\/v2\/comments?post=139"}],"version-history":[{"count":0,"href":"https:\/\/www.immobilierlocal.ch\/c\/wp-json\/wp\/v2\/pages\/139\/revisions"}],"up":[{"embeddable":true,"href":"https:\/\/www.immobilierlocal.ch\/c\/wp-json\/wp\/v2\/pages\/157"}],"wp:featuredmedia":[{"embeddable":true,"href":"https:\/\/www.immobilierlocal.ch\/c\/wp-json\/wp\/v2\/media\/434"}],"wp:attachment":[{"href":"https:\/\/www.immobilierlocal.ch\/c\/wp-json\/wp\/v2\/media?parent=139"}],"wp:term":[{"taxonomy":"category","embeddable":true,"href":"https:\/\/www.immobilierlocal.ch\/c\/wp-json\/wp\/v2\/categories?post=139"},{"taxonomy":"profession","embeddable":true,"href":"https:\/\/www.immobilierlocal.ch\/c\/wp-json\/wp\/v2\/profession?post=139"},{"taxonomy":"location","embeddable":true,"href":"https:\/\/www.immobilierlocal.ch\/c\/wp-json\/wp\/v2\/location?post=139"},{"taxonomy":"canton","embeddable":true,"href":"https:\/\/www.immobilierlocal.ch\/c\/wp-json\/wp\/v2\/canton?post=139"}],"curies":[{"name":"wp","href":"https:\/\/api.w.org\/{rel}","templated":true}]}}